{"id":18264,"date":"2023-08-10T11:14:40","date_gmt":"2023-08-14T13:29:03","guid":{"rendered":"https:\/\/www.consultingcheck.com\/ressource\/presentacion-de-un-concepto-de-reurbanizacion\/"},"modified":"2023-08-14T15:29:03","modified_gmt":"2023-08-14T13:29:03","slug":"presentacion-concepto-de-desarrollo","status":"publish","type":"product","link":"https:\/\/www.consultingcheck.com\/es\/ressource\/presentacion-concepto-de-desarrollo\/","title":{"rendered":"Presentaci\u00f3n de un concepto de reurbanizaci\u00f3n"},"content":{"rendered":"<h3>Contenido<\/h3>\n<p>Aqu\u00ed encontrar\u00e1 un archivo MS Word abierto con una estructura de contenidos para un concepto de reestructuraci\u00f3n con previsi\u00f3n de continuaci\u00f3n. T\u00fa mismo puedes llenar los cap\u00edtulos de contenido. El resultado es un concepto de reestructuraci\u00f3n completo y coherente que cubre todos los requisitos formales esenciales de los inversores institucionales y los bancos comerciales. La estructura se divide en doce cap\u00edtulos, que a su vez se desglosan en hasta cuatro subniveles. Puede adaptar la estructura a las necesidades espec\u00edficas de su sector o empresa, ampliarla, acortarla o detallarla m\u00e1s. El \u00edndice se actualiza autom\u00e1ticamente si el formato es coherente.<\/p>\n<p>Para la planificaci\u00f3n financiera, consulte la aplicaci\u00f3n de planificaci\u00f3n financiera Excel disponible en consultingcheck.<\/p>\n<p>&nbsp;<\/p>\n<h3>Ventajas<\/h3>\n<ul>\n<li>Esta plantilla le proporciona un concepto de reestructuraci\u00f3n profesional con una previsi\u00f3n de empresa en funcionamiento que cumple las expectativas formales de los inversores y las recomendaciones de la norma IDW S6.<\/li>\n<li>Esta plantilla contiene propuestas de texto formuladas para las declaraciones formales que deben hacerse en el concepto de rehabilitaci\u00f3n. Recomendaci\u00f3n: Haga revisar legalmente estos pasajes de su concepto acabado.<\/li>\n<li>Esta plantilla le ahorra el tiempo y el esfuerzo de formar y formatear una estructura usted mismo.<\/li>\n<li>Puede personalizar la estructura propuesta (abra el archivo MS Word).<\/li>\n<\/ul>\n<p>&nbsp;<\/p>\n<h3>Descarga digital<\/h3>\n<p>Tras el pedido, recibir\u00e1 un enlace de descarga de la plantilla, que podr\u00e1 utilizar inmediatamente.<\/p>\n<p>Tenga en cuenta que esta plantilla a la que est\u00e1 comprando acceso es s\u00f3lo para su uso personal. Queda prohibida la reventa del archivo en cualquier forma y de cualquier modo digital o f\u00edsico o su publicaci\u00f3n en cualquier publicaci\u00f3n f\u00edsica u online sin mi permiso. Soy el \u00fanico titular de los derechos de autor de este archivo.<\/p>\n<p>Enlace de descarga: Documento MS Word<\/p>\n<h3><\/h3>\n<p>&nbsp;<\/p>\n<h3>\u00bfQu\u00e9 es un concepto de reestructuraci\u00f3n con una previsi\u00f3n de empresa en funcionamiento?<\/h3>\n<p>Si una empresa atraviesa graves dificultades econ\u00f3micas, hay que tomar medidas dr\u00e1sticas de reestructuraci\u00f3n para salvarla.<\/p>\n<p>En tales situaciones, los bancos comerciales y otros proveedores de capital suelen exigir a la direcci\u00f3n un concepto de reestructuraci\u00f3n con una previsi\u00f3n de continuaci\u00f3n. Dicho informe de saneamiento debe cumplir los requisitos legales (sentencias pertinentes del BGH) y ajustarse a las recomendaciones de la norma IDW S6.<\/p>\n<p>El concepto de reestructuraci\u00f3n debe proporcionar en primer lugar informaci\u00f3n sobre la fase de crisis en la que se encuentra la empresa: Crisis de liquidez con riesgo de insolvencia o quiebra, crisis de beneficios, crisis de ventas, crisis de estrategia\/estructura, crisis de accionistas\/partes interesadas. A partir de esta secci\u00f3n, la necesidad de renovaci\u00f3n deber\u00eda resultar comprensible.<\/p>\n<p>El concepto tambi\u00e9n debe identificar claramente las causas de la crisis. Adem\u00e1s, el documento debe mostrar planteamientos conceptuales concretos con los que se pueda reestructurar la empresa, en caso necesario, y hacer una declaraci\u00f3n clara sobre la capacidad de reestructuraci\u00f3n (capacidad de continuar como empresa en funcionamiento). Se recomienda una gu\u00eda de aplicaci\u00f3n orientada a la acci\u00f3n.<\/p>\n<p>Por \u00faltimo, el concepto de reestructuraci\u00f3n debe identificar las condiciones esenciales para el \u00e9xito de la reestructuraci\u00f3n. Se trata, sobre todo, de las aportaciones de los accionistas, los bancos comerciales, los proveedores, los clientes y los empleados.<\/p>\n<p>&nbsp;<\/p>\n<h3>\u00bfQu\u00e9 es IDW S6?<\/h3>\n<p>El Instituto de Auditores P\u00fablicos de Alemania (IDW), con sede en D\u00fcsseldorf, promueve el trabajo de los auditores p\u00fablicos. Para ayudar a los auditores, la IDW publica los denominados pronunciamientos, que incluyen normas (S).<\/p>\n<p>Una de estas normas de la IDW es la \u00abS6\u00bb para la elaboraci\u00f3n de conceptos de reestructuraci\u00f3n. El IDW S6 se ha convertido en una recomendaci\u00f3n generalmente aceptada a la que deben orientarse los conceptos de reestructuraci\u00f3n.<\/p>\n","protected":false},"excerpt":{"rendered":"<p>Contenido Aqu\u00ed encontrar\u00e1 un archivo MS Word abierto con una estructura de contenidos para un concepto de reestructuraci\u00f3n con previsi\u00f3n de continuaci\u00f3n. T\u00fa mismo puedes llenar los cap\u00edtulos de contenido. El resultado es un concepto de reestructuraci\u00f3n completo y coherente que cubre todos los requisitos formales esenciales de los inversores institucionales y los bancos comerciales. <a href=\"https:\/\/www.consultingcheck.com\/es\/ressource\/presentacion-concepto-de-desarrollo\/\" class=\"more-link\">&#8230;<\/a><\/p>\n","protected":false},"featured_media":20119,"template":"","meta":{"_links_to":"","_links_to_target":""},"product_brand":[],"product_cat":[1287,1291,1250,1254],"product_tag":[],"jask_topic_categories":[1655,1656,1673,1674,1675,1272,1676,1684,1685],"class_list":{"0":"post-18264","1":"product","2":"type-product","3":"status-publish","4":"has-post-thumbnail","6":"product_cat-plantilla-de-documento","7":"product_cat-muestra","8":"product_cat-finanzas","9":"product_cat-gestion-de-empresa","10":"jask_topic_categories-finanzas","11":"jask_topic_categories-gestion","12":"jask_topic_categories-crisis-y-rehabilitacion","13":"jask_topic_categories-conceptos-de-renovacion-a-medida","14":"jask_topic_categories-concepto-de-reestructuracion-con-prevision-de-continuacion-segun-idw-s6","15":"jask_topic_categories-crisis-aguda","16":"jask_topic_categories-datos-sobre-insolvencia","17":"jask_topic_categories-procesos","18":"jask_topic_categories-gestion-de-recursos-humanos","20":"first","21":"instock","22":"taxable","23":"shipping-taxable","24":"purchasable","25":"product-type-variable"},"yoast_head":"<!-- This site is optimized with the Yoast SEO plugin v27.4 - https:\/\/yoast.com\/product\/yoast-seo-wordpress\/ -->\n<title>Presentaci\u00f3n de un concepto de reurbanizaci\u00f3n - consultingcheck<\/title>\n<meta name=\"robots\" content=\"index, follow, max-snippet:-1, max-image-preview:large, max-video-preview:-1\" \/>\n<link rel=\"canonical\" href=\"https:\/\/www.consultingcheck.com\/es\/ressource\/presentacion-concepto-de-desarrollo\/\" \/>\n<meta property=\"og:locale\" content=\"es_ES\" \/>\n<meta property=\"og:type\" content=\"article\" \/>\n<meta property=\"og:title\" content=\"Presentaci\u00f3n de un concepto de reurbanizaci\u00f3n - consultingcheck\" \/>\n<meta property=\"og:description\" content=\"Contenido Aqu\u00ed encontrar\u00e1 un archivo MS Word abierto con una estructura de contenidos para un concepto de reestructuraci\u00f3n con previsi\u00f3n de continuaci\u00f3n. T\u00fa mismo puedes llenar los cap\u00edtulos de contenido. El resultado es un concepto de reestructuraci\u00f3n completo y coherente que cubre todos los requisitos formales esenciales de los inversores institucionales y los bancos comerciales. ...\" \/>\n<meta property=\"og:url\" content=\"https:\/\/www.consultingcheck.com\/es\/ressource\/presentacion-concepto-de-desarrollo\/\" \/>\n<meta property=\"og:site_name\" content=\"consultingcheck\" \/>\n<meta name=\"twitter:card\" content=\"summary_large_image\" \/>\n<meta name=\"twitter:label1\" content=\"Tiempo de lectura\" \/>\n\t<meta name=\"twitter:data1\" content=\"3 minutos\" \/>\n<script type=\"application\/ld+json\" class=\"yoast-schema-graph\">{\"@context\":\"https:\\\/\\\/schema.org\",\"@graph\":[{\"@type\":\"WebPage\",\"@id\":\"https:\\\/\\\/www.consultingcheck.com\\\/es\\\/ressource\\\/presentacion-concepto-de-desarrollo\\\/\",\"url\":\"https:\\\/\\\/www.consultingcheck.com\\\/es\\\/ressource\\\/presentacion-concepto-de-desarrollo\\\/\",\"name\":\"Presentaci\u00f3n de un concepto de reurbanizaci\u00f3n - consultingcheck\",\"isPartOf\":{\"@id\":\"https:\\\/\\\/www.consultingcheck.com\\\/es\\\/#website\"},\"primaryImageOfPage\":{\"@id\":\"https:\\\/\\\/www.consultingcheck.com\\\/es\\\/ressource\\\/presentacion-concepto-de-desarrollo\\\/#primaryimage\"},\"image\":{\"@id\":\"https:\\\/\\\/www.consultingcheck.com\\\/es\\\/ressource\\\/presentacion-concepto-de-desarrollo\\\/#primaryimage\"},\"thumbnailUrl\":\"https:\\\/\\\/www.consultingcheck.com\\\/wp-content\\\/uploads\\\/2023\\\/08\\\/vorlage-sanierungskonzept.jpg\",\"datePublished\":\"2023-08-14T13:29:03+00:00\",\"breadcrumb\":{\"@id\":\"https:\\\/\\\/www.consultingcheck.com\\\/es\\\/ressource\\\/presentacion-concepto-de-desarrollo\\\/#breadcrumb\"},\"inLanguage\":\"es\",\"potentialAction\":[{\"@type\":\"ReadAction\",\"target\":[\"https:\\\/\\\/www.consultingcheck.com\\\/es\\\/ressource\\\/presentacion-concepto-de-desarrollo\\\/\"]}]},{\"@type\":\"ImageObject\",\"inLanguage\":\"es\",\"@id\":\"https:\\\/\\\/www.consultingcheck.com\\\/es\\\/ressource\\\/presentacion-concepto-de-desarrollo\\\/#primaryimage\",\"url\":\"https:\\\/\\\/www.consultingcheck.com\\\/wp-content\\\/uploads\\\/2023\\\/08\\\/vorlage-sanierungskonzept.jpg\",\"contentUrl\":\"https:\\\/\\\/www.consultingcheck.com\\\/wp-content\\\/uploads\\\/2023\\\/08\\\/vorlage-sanierungskonzept.jpg\",\"width\":1000,\"height\":679,\"caption\":\"Ein Screenshot der Vorlage f\u00fcr Sanierungskonzepte.\"},{\"@type\":\"BreadcrumbList\",\"@id\":\"https:\\\/\\\/www.consultingcheck.com\\\/es\\\/ressource\\\/presentacion-concepto-de-desarrollo\\\/#breadcrumb\",\"itemListElement\":[{\"@type\":\"ListItem\",\"position\":1,\"name\":\"Startseite\",\"item\":\"https:\\\/\\\/www.consultingcheck.com\\\/es\\\/\"},{\"@type\":\"ListItem\",\"position\":2,\"name\":\"Descargas, aplicaciones y productos\",\"item\":\"https:\\\/\\\/www.consultingcheck.com\\\/es\\\/herramientas\\\/descargas-aplicaciones-y-productos\\\/\"},{\"@type\":\"ListItem\",\"position\":3,\"name\":\"Presentaci\u00f3n de un concepto de reurbanizaci\u00f3n\"}]},{\"@type\":\"WebSite\",\"@id\":\"https:\\\/\\\/www.consultingcheck.com\\\/es\\\/#website\",\"url\":\"https:\\\/\\\/www.consultingcheck.com\\\/es\\\/\",\"name\":\"consultingcheck\",\"description\":\"Vernetzt gedacht. Entzaubert. Hands-on.\",\"potentialAction\":[{\"@type\":\"SearchAction\",\"target\":{\"@type\":\"EntryPoint\",\"urlTemplate\":\"https:\\\/\\\/www.consultingcheck.com\\\/es\\\/?s={search_term_string}\"},\"query-input\":{\"@type\":\"PropertyValueSpecification\",\"valueRequired\":true,\"valueName\":\"search_term_string\"}}],\"inLanguage\":\"es\"}]}<\/script>\n<!-- \/ Yoast SEO plugin. -->","yoast_head_json":{"title":"Presentaci\u00f3n de un concepto de reurbanizaci\u00f3n - consultingcheck","robots":{"index":"index","follow":"follow","max-snippet":"max-snippet:-1","max-image-preview":"max-image-preview:large","max-video-preview":"max-video-preview:-1"},"canonical":"https:\/\/www.consultingcheck.com\/es\/ressource\/presentacion-concepto-de-desarrollo\/","og_locale":"es_ES","og_type":"article","og_title":"Presentaci\u00f3n de un concepto de reurbanizaci\u00f3n - consultingcheck","og_description":"Contenido Aqu\u00ed encontrar\u00e1 un archivo MS Word abierto con una estructura de contenidos para un concepto de reestructuraci\u00f3n con previsi\u00f3n de continuaci\u00f3n. T\u00fa mismo puedes llenar los cap\u00edtulos de contenido. El resultado es un concepto de reestructuraci\u00f3n completo y coherente que cubre todos los requisitos formales esenciales de los inversores institucionales y los bancos comerciales. ...","og_url":"https:\/\/www.consultingcheck.com\/es\/ressource\/presentacion-concepto-de-desarrollo\/","og_site_name":"consultingcheck","twitter_card":"summary_large_image","twitter_misc":{"Tiempo de lectura":"3 minutos"},"schema":{"@context":"https:\/\/schema.org","@graph":[{"@type":"WebPage","@id":"https:\/\/www.consultingcheck.com\/es\/ressource\/presentacion-concepto-de-desarrollo\/","url":"https:\/\/www.consultingcheck.com\/es\/ressource\/presentacion-concepto-de-desarrollo\/","name":"Presentaci\u00f3n de un concepto de reurbanizaci\u00f3n - consultingcheck","isPartOf":{"@id":"https:\/\/www.consultingcheck.com\/es\/#website"},"primaryImageOfPage":{"@id":"https:\/\/www.consultingcheck.com\/es\/ressource\/presentacion-concepto-de-desarrollo\/#primaryimage"},"image":{"@id":"https:\/\/www.consultingcheck.com\/es\/ressource\/presentacion-concepto-de-desarrollo\/#primaryimage"},"thumbnailUrl":"https:\/\/www.consultingcheck.com\/wp-content\/uploads\/2023\/08\/vorlage-sanierungskonzept.jpg","datePublished":"2023-08-14T13:29:03+00:00","breadcrumb":{"@id":"https:\/\/www.consultingcheck.com\/es\/ressource\/presentacion-concepto-de-desarrollo\/#breadcrumb"},"inLanguage":"es","potentialAction":[{"@type":"ReadAction","target":["https:\/\/www.consultingcheck.com\/es\/ressource\/presentacion-concepto-de-desarrollo\/"]}]},{"@type":"ImageObject","inLanguage":"es","@id":"https:\/\/www.consultingcheck.com\/es\/ressource\/presentacion-concepto-de-desarrollo\/#primaryimage","url":"https:\/\/www.consultingcheck.com\/wp-content\/uploads\/2023\/08\/vorlage-sanierungskonzept.jpg","contentUrl":"https:\/\/www.consultingcheck.com\/wp-content\/uploads\/2023\/08\/vorlage-sanierungskonzept.jpg","width":1000,"height":679,"caption":"Ein Screenshot der Vorlage f\u00fcr Sanierungskonzepte."},{"@type":"BreadcrumbList","@id":"https:\/\/www.consultingcheck.com\/es\/ressource\/presentacion-concepto-de-desarrollo\/#breadcrumb","itemListElement":[{"@type":"ListItem","position":1,"name":"Startseite","item":"https:\/\/www.consultingcheck.com\/es\/"},{"@type":"ListItem","position":2,"name":"Descargas, aplicaciones y productos","item":"https:\/\/www.consultingcheck.com\/es\/herramientas\/descargas-aplicaciones-y-productos\/"},{"@type":"ListItem","position":3,"name":"Presentaci\u00f3n de un concepto de reurbanizaci\u00f3n"}]},{"@type":"WebSite","@id":"https:\/\/www.consultingcheck.com\/es\/#website","url":"https:\/\/www.consultingcheck.com\/es\/","name":"consultingcheck","description":"Vernetzt gedacht. Entzaubert. Hands-on.","potentialAction":[{"@type":"SearchAction","target":{"@type":"EntryPoint","urlTemplate":"https:\/\/www.consultingcheck.com\/es\/?s={search_term_string}"},"query-input":{"@type":"PropertyValueSpecification","valueRequired":true,"valueName":"search_term_string"}}],"inLanguage":"es"}]}},"_links":{"self":[{"href":"https:\/\/www.consultingcheck.com\/es\/wp-json\/wp\/v2\/product\/18264","targetHints":{"allow":["GET"]}}],"collection":[{"href":"https:\/\/www.consultingcheck.com\/es\/wp-json\/wp\/v2\/product"}],"about":[{"href":"https:\/\/www.consultingcheck.com\/es\/wp-json\/wp\/v2\/types\/product"}],"wp:featuredmedia":[{"embeddable":true,"href":"https:\/\/www.consultingcheck.com\/es\/wp-json\/wp\/v2\/media\/20119"}],"wp:attachment":[{"href":"https:\/\/www.consultingcheck.com\/es\/wp-json\/wp\/v2\/media?parent=18264"}],"wp:term":[{"taxonomy":"product_brand","embeddable":true,"href":"https:\/\/www.consultingcheck.com\/es\/wp-json\/wp\/v2\/product_brand?post=18264"},{"taxonomy":"product_cat","embeddable":true,"href":"https:\/\/www.consultingcheck.com\/es\/wp-json\/wp\/v2\/product_cat?post=18264"},{"taxonomy":"product_tag","embeddable":true,"href":"https:\/\/www.consultingcheck.com\/es\/wp-json\/wp\/v2\/product_tag?post=18264"},{"taxonomy":"jask_topic_categories","embeddable":true,"href":"https:\/\/www.consultingcheck.com\/es\/wp-json\/wp\/v2\/jask_topic_categories?post=18264"}],"curies":[{"name":"wp","href":"https:\/\/api.w.org\/{rel}","templated":true}]}}