{"id":17379,"date":"2023-05-23T10:08:15","date_gmt":"2023-05-23T13:39:57","guid":{"rendered":"https:\/\/www.consultingcheck.com\/?post_type=product&#038;p=17379"},"modified":"2023-05-23T15:39:58","modified_gmt":"2023-05-23T13:39:58","slug":"calculadora-oee","status":"publish","type":"product","link":"https:\/\/www.consultingcheck.com\/es\/ressource\/calculadora-oee\/","title":{"rendered":"Calculadora OEE para producci\u00f3n"},"content":{"rendered":"<h2><strong>Calculadora para determinar la eficacia del sistema<\/strong><\/h2>\n<h3><strong>Contenido<\/strong><\/h3>\n<p>Con esta calculadora web puede calcular la eficacia global de sus instalaciones de producci\u00f3n. En el c\u00e1lculo se combinan los tres par\u00e1metros esenciales para la evaluaci\u00f3n del rendimiento:<\/p>\n<ul>\n<li>la disponibilidad de la planta,<\/li>\n<li>la salida,<\/li>\n<li>la calidad del producto alcanzada.<\/li>\n<\/ul>\n<p>Introduce tus cifras de producci\u00f3n:<\/p>\n<ul>\n<li>Duraci\u00f3n del turno,<\/li>\n<li>Descanso,<\/li>\n<li>Tiempos de preparaci\u00f3n,<\/li>\n<li>Tiempos de inactividad,<\/li>\n<li>Tiempos de ciclo,<\/li>\n<li>N\u00famero de unidades conseguidas.<\/li>\n<\/ul>\n<p>La aplicaci\u00f3n calcula la disponibilidad seg\u00fan un m\u00e9todo reconocido y eval\u00faa el rendimiento y el nivel de calidad. A partir de ah\u00ed, la aplicaci\u00f3n calcula la eficacia global de los equipos (OEE). Esto le da una medida objetiva de la eficacia de su producci\u00f3n.<\/p>\n<p>Adem\u00e1s, recibir\u00e1 valiosos consejos sobre c\u00f3mo mejorar la OEE de forma selectiva.<\/p>\n<p>&nbsp;<\/p>\n<h3><strong>Ventajas<\/strong><\/h3>\n<ul>\n<li>Usted recibe una declaraci\u00f3n fiable sobre la eficacia de su planta.<\/li>\n<li>Obtendr\u00e1 resultados detallados sobre la disponibilidad, la producci\u00f3n y la calidad de los productos.<\/li>\n<li>T\u00fa mismo puedes introducir objetivos y ver lo lejos que est\u00e1s de tus metas o incluso lo lejos que las has superado.<\/li>\n<li>Puede utilizar la calculadora OEE regularmente para determinar y documentar un desarrollo.<\/li>\n<\/ul>\n<h3><\/h3>\n<p>&nbsp;<\/p>\n<h3><strong>Descarga digital<\/strong><\/h3>\n<p>Tras realizar el pedido, recibir\u00e1 acceso a la calculadora OEE basada en web, que podr\u00e1 utilizar inmediatamente.<\/p>\n<p>Tenga en cuenta que la aplicaci\u00f3n a la que adquiere acceso es exclusivamente para su uso personal. Queda prohibida la reventa de las plantillas en cualquier forma o medio digital o f\u00edsico, as\u00ed como su publicaci\u00f3n sin mi permiso. Soy el \u00fanico titular de los derechos de autor de esta aplicaci\u00f3n.<\/p>\n<p>Enlace a la aplicaci\u00f3n web<\/p>\n","protected":false},"excerpt":{"rendered":"<p>Calculadora para determinar la eficacia del sistema Contenido Con esta calculadora web puede calcular la eficacia global de sus instalaciones de producci\u00f3n. En el c\u00e1lculo se combinan los tres par\u00e1metros esenciales para la evaluaci\u00f3n del rendimiento: la disponibilidad de la planta, la salida, la calidad del producto alcanzada. Introduce tus cifras de producci\u00f3n: Duraci\u00f3n del <a href=\"https:\/\/www.consultingcheck.com\/es\/ressource\/calculadora-oee\/\" class=\"more-link\">&#8230;<\/a><\/p>\n","protected":false},"featured_media":20125,"template":"","meta":{"_links_to":"","_links_to_target":""},"product_brand":[],"product_cat":[1250,1255,1292],"product_tag":[],"jask_topic_categories":[1652,1653,1654,1655,1656,1673,1646,1690,1648,1691,1649,1692,1650,1651],"class_list":{"0":"post-17379","1":"product","2":"type-product","3":"status-publish","4":"has-post-thumbnail","6":"product_cat-finanzas","7":"product_cat-procesos","8":"product_cat-modulo-de-calculo","9":"jask_topic_categories-optimizacion-del-proceso-de-produccion","10":"jask_topic_categories-proceso-de-innovacion","11":"jask_topic_categories-decisiones","12":"jask_topic_categories-finanzas","13":"jask_topic_categories-gestion","14":"jask_topic_categories-crisis-y-rehabilitacion","15":"jask_topic_categories-kostensenkung-durch-qualitatssicherung-qs","16":"jask_topic_categories-planificacion-de-la-produccion","17":"jask_topic_categories-rendimiento","18":"jask_topic_categories-gestion-de-riesgos","19":"jask_topic_categories-optimizacion-del-proceso","20":"jask_topic_categories-reduccion-de-costes-de-fabricacion","21":"jask_topic_categories-optimizacion-de-costes-para-aumentar-los-beneficios","22":"jask_topic_categories-seleccion-de-procesos-de-fabricacion","24":"first","25":"instock","26":"taxable","27":"shipping-taxable","28":"purchasable","29":"product-type-simple"},"yoast_head":"<!-- This site is optimized with the Yoast SEO plugin v27.3 - https:\/\/yoast.com\/product\/yoast-seo-wordpress\/ -->\n<title>Calculadora OEE para producci\u00f3n - consultingcheck<\/title>\n<meta name=\"robots\" content=\"index, follow, max-snippet:-1, max-image-preview:large, max-video-preview:-1\" \/>\n<link rel=\"canonical\" href=\"https:\/\/www.consultingcheck.com\/es\/ressource\/calculadora-oee\/\" \/>\n<meta property=\"og:locale\" content=\"es_ES\" \/>\n<meta property=\"og:type\" content=\"article\" \/>\n<meta property=\"og:title\" content=\"Calculadora OEE para producci\u00f3n - consultingcheck\" \/>\n<meta property=\"og:description\" content=\"Calculadora para determinar la eficacia del sistema Contenido Con esta calculadora web puede calcular la eficacia global de sus instalaciones de producci\u00f3n. En el c\u00e1lculo se combinan los tres par\u00e1metros esenciales para la evaluaci\u00f3n del rendimiento: la disponibilidad de la planta, la salida, la calidad del producto alcanzada. Introduce tus cifras de producci\u00f3n: Duraci\u00f3n del ...\" \/>\n<meta property=\"og:url\" content=\"https:\/\/www.consultingcheck.com\/es\/ressource\/calculadora-oee\/\" \/>\n<meta property=\"og:site_name\" content=\"consultingcheck\" \/>\n<meta property=\"article:modified_time\" content=\"2023-05-23T13:39:58+00:00\" \/>\n<meta name=\"twitter:card\" content=\"summary_large_image\" \/>\n<meta name=\"twitter:label1\" content=\"Tiempo de lectura\" \/>\n\t<meta name=\"twitter:data1\" content=\"2 minutos\" \/>\n<script type=\"application\/ld+json\" class=\"yoast-schema-graph\">{\"@context\":\"https:\\\/\\\/schema.org\",\"@graph\":[{\"@type\":\"WebPage\",\"@id\":\"https:\\\/\\\/www.consultingcheck.com\\\/es\\\/ressource\\\/calculadora-oee\\\/\",\"url\":\"https:\\\/\\\/www.consultingcheck.com\\\/es\\\/ressource\\\/calculadora-oee\\\/\",\"name\":\"Calculadora OEE para producci\u00f3n - consultingcheck\",\"isPartOf\":{\"@id\":\"https:\\\/\\\/www.consultingcheck.com\\\/es\\\/#website\"},\"primaryImageOfPage\":{\"@id\":\"https:\\\/\\\/www.consultingcheck.com\\\/es\\\/ressource\\\/calculadora-oee\\\/#primaryimage\"},\"image\":{\"@id\":\"https:\\\/\\\/www.consultingcheck.com\\\/es\\\/ressource\\\/calculadora-oee\\\/#primaryimage\"},\"thumbnailUrl\":\"https:\\\/\\\/www.consultingcheck.com\\\/wp-content\\\/uploads\\\/2024\\\/06\\\/calculadora-oee.jpg\",\"datePublished\":\"2023-05-23T13:39:57+00:00\",\"dateModified\":\"2023-05-23T13:39:58+00:00\",\"breadcrumb\":{\"@id\":\"https:\\\/\\\/www.consultingcheck.com\\\/es\\\/ressource\\\/calculadora-oee\\\/#breadcrumb\"},\"inLanguage\":\"es\",\"potentialAction\":[{\"@type\":\"ReadAction\",\"target\":[\"https:\\\/\\\/www.consultingcheck.com\\\/es\\\/ressource\\\/calculadora-oee\\\/\"]}]},{\"@type\":\"ImageObject\",\"inLanguage\":\"es\",\"@id\":\"https:\\\/\\\/www.consultingcheck.com\\\/es\\\/ressource\\\/calculadora-oee\\\/#primaryimage\",\"url\":\"https:\\\/\\\/www.consultingcheck.com\\\/wp-content\\\/uploads\\\/2024\\\/06\\\/calculadora-oee.jpg\",\"contentUrl\":\"https:\\\/\\\/www.consultingcheck.com\\\/wp-content\\\/uploads\\\/2024\\\/06\\\/calculadora-oee.jpg\",\"width\":1000,\"height\":679,\"caption\":\"Ein Screenshot des OEE-Rechners f\u00fcr die Produktion.\"},{\"@type\":\"BreadcrumbList\",\"@id\":\"https:\\\/\\\/www.consultingcheck.com\\\/es\\\/ressource\\\/calculadora-oee\\\/#breadcrumb\",\"itemListElement\":[{\"@type\":\"ListItem\",\"position\":1,\"name\":\"Startseite\",\"item\":\"https:\\\/\\\/www.consultingcheck.com\\\/es\\\/\"},{\"@type\":\"ListItem\",\"position\":2,\"name\":\"Descargas, aplicaciones y productos\",\"item\":\"https:\\\/\\\/www.consultingcheck.com\\\/es\\\/herramientas\\\/descargas-aplicaciones-y-productos\\\/\"},{\"@type\":\"ListItem\",\"position\":3,\"name\":\"Calculadora OEE para producci\u00f3n\"}]},{\"@type\":\"WebSite\",\"@id\":\"https:\\\/\\\/www.consultingcheck.com\\\/es\\\/#website\",\"url\":\"https:\\\/\\\/www.consultingcheck.com\\\/es\\\/\",\"name\":\"consultingcheck\",\"description\":\"Vernetzt gedacht. Entzaubert. Hands-on.\",\"potentialAction\":[{\"@type\":\"SearchAction\",\"target\":{\"@type\":\"EntryPoint\",\"urlTemplate\":\"https:\\\/\\\/www.consultingcheck.com\\\/es\\\/?s={search_term_string}\"},\"query-input\":{\"@type\":\"PropertyValueSpecification\",\"valueRequired\":true,\"valueName\":\"search_term_string\"}}],\"inLanguage\":\"es\"}]}<\/script>\n<!-- \/ Yoast SEO plugin. -->","yoast_head_json":{"title":"Calculadora OEE para producci\u00f3n - consultingcheck","robots":{"index":"index","follow":"follow","max-snippet":"max-snippet:-1","max-image-preview":"max-image-preview:large","max-video-preview":"max-video-preview:-1"},"canonical":"https:\/\/www.consultingcheck.com\/es\/ressource\/calculadora-oee\/","og_locale":"es_ES","og_type":"article","og_title":"Calculadora OEE para producci\u00f3n - consultingcheck","og_description":"Calculadora para determinar la eficacia del sistema Contenido Con esta calculadora web puede calcular la eficacia global de sus instalaciones de producci\u00f3n. En el c\u00e1lculo se combinan los tres par\u00e1metros esenciales para la evaluaci\u00f3n del rendimiento: la disponibilidad de la planta, la salida, la calidad del producto alcanzada. Introduce tus cifras de producci\u00f3n: Duraci\u00f3n del ...","og_url":"https:\/\/www.consultingcheck.com\/es\/ressource\/calculadora-oee\/","og_site_name":"consultingcheck","article_modified_time":"2023-05-23T13:39:58+00:00","twitter_card":"summary_large_image","twitter_misc":{"Tiempo de lectura":"2 minutos"},"schema":{"@context":"https:\/\/schema.org","@graph":[{"@type":"WebPage","@id":"https:\/\/www.consultingcheck.com\/es\/ressource\/calculadora-oee\/","url":"https:\/\/www.consultingcheck.com\/es\/ressource\/calculadora-oee\/","name":"Calculadora OEE para producci\u00f3n - consultingcheck","isPartOf":{"@id":"https:\/\/www.consultingcheck.com\/es\/#website"},"primaryImageOfPage":{"@id":"https:\/\/www.consultingcheck.com\/es\/ressource\/calculadora-oee\/#primaryimage"},"image":{"@id":"https:\/\/www.consultingcheck.com\/es\/ressource\/calculadora-oee\/#primaryimage"},"thumbnailUrl":"https:\/\/www.consultingcheck.com\/wp-content\/uploads\/2024\/06\/calculadora-oee.jpg","datePublished":"2023-05-23T13:39:57+00:00","dateModified":"2023-05-23T13:39:58+00:00","breadcrumb":{"@id":"https:\/\/www.consultingcheck.com\/es\/ressource\/calculadora-oee\/#breadcrumb"},"inLanguage":"es","potentialAction":[{"@type":"ReadAction","target":["https:\/\/www.consultingcheck.com\/es\/ressource\/calculadora-oee\/"]}]},{"@type":"ImageObject","inLanguage":"es","@id":"https:\/\/www.consultingcheck.com\/es\/ressource\/calculadora-oee\/#primaryimage","url":"https:\/\/www.consultingcheck.com\/wp-content\/uploads\/2024\/06\/calculadora-oee.jpg","contentUrl":"https:\/\/www.consultingcheck.com\/wp-content\/uploads\/2024\/06\/calculadora-oee.jpg","width":1000,"height":679,"caption":"Ein Screenshot des OEE-Rechners f\u00fcr die Produktion."},{"@type":"BreadcrumbList","@id":"https:\/\/www.consultingcheck.com\/es\/ressource\/calculadora-oee\/#breadcrumb","itemListElement":[{"@type":"ListItem","position":1,"name":"Startseite","item":"https:\/\/www.consultingcheck.com\/es\/"},{"@type":"ListItem","position":2,"name":"Descargas, aplicaciones y productos","item":"https:\/\/www.consultingcheck.com\/es\/herramientas\/descargas-aplicaciones-y-productos\/"},{"@type":"ListItem","position":3,"name":"Calculadora OEE para producci\u00f3n"}]},{"@type":"WebSite","@id":"https:\/\/www.consultingcheck.com\/es\/#website","url":"https:\/\/www.consultingcheck.com\/es\/","name":"consultingcheck","description":"Vernetzt gedacht. Entzaubert. Hands-on.","potentialAction":[{"@type":"SearchAction","target":{"@type":"EntryPoint","urlTemplate":"https:\/\/www.consultingcheck.com\/es\/?s={search_term_string}"},"query-input":{"@type":"PropertyValueSpecification","valueRequired":true,"valueName":"search_term_string"}}],"inLanguage":"es"}]}},"_links":{"self":[{"href":"https:\/\/www.consultingcheck.com\/es\/wp-json\/wp\/v2\/product\/17379","targetHints":{"allow":["GET"]}}],"collection":[{"href":"https:\/\/www.consultingcheck.com\/es\/wp-json\/wp\/v2\/product"}],"about":[{"href":"https:\/\/www.consultingcheck.com\/es\/wp-json\/wp\/v2\/types\/product"}],"wp:featuredmedia":[{"embeddable":true,"href":"https:\/\/www.consultingcheck.com\/es\/wp-json\/wp\/v2\/media\/20125"}],"wp:attachment":[{"href":"https:\/\/www.consultingcheck.com\/es\/wp-json\/wp\/v2\/media?parent=17379"}],"wp:term":[{"taxonomy":"product_brand","embeddable":true,"href":"https:\/\/www.consultingcheck.com\/es\/wp-json\/wp\/v2\/product_brand?post=17379"},{"taxonomy":"product_cat","embeddable":true,"href":"https:\/\/www.consultingcheck.com\/es\/wp-json\/wp\/v2\/product_cat?post=17379"},{"taxonomy":"product_tag","embeddable":true,"href":"https:\/\/www.consultingcheck.com\/es\/wp-json\/wp\/v2\/product_tag?post=17379"},{"taxonomy":"jask_topic_categories","embeddable":true,"href":"https:\/\/www.consultingcheck.com\/es\/wp-json\/wp\/v2\/jask_topic_categories?post=17379"}],"curies":[{"name":"wp","href":"https:\/\/api.w.org\/{rel}","templated":true}]}}