{"id":15325,"date":"2023-02-12T17:48:29","date_gmt":"2023-02-12T16:49:54","guid":{"rendered":"https:\/\/www.consultingcheck.com\/ressource\/plantilla-para-el-desarrollo-de-modelos-de-negocio-con-una-caja-morfologica\/"},"modified":"2023-03-10T16:31:43","modified_gmt":"2023-03-10T15:31:43","slug":"template-for-business-model-development-with-a-morphological-box","status":"publish","type":"product","link":"https:\/\/www.consultingcheck.com\/es\/ressource\/template-for-business-model-development-with-a-morphological-box\/","title":{"rendered":"Plantilla para el desarrollo de modelos de negocio con una caja morfol\u00f3gica"},"content":{"rendered":"<h2><strong>Un ejemplo de desarrollo sistem\u00e1tico de modelos de negocio mediante el m\u00e9todo de la caja morfol\u00f3gica<\/strong><\/h2>\n<h3><strong>Contenido<\/strong><\/h3>\n<p>Recibir\u00e1 un ejemplo ilustrativo de c\u00f3mo puede desarrollar sistem\u00e1ticamente un modelo de negocio coherente utilizando el m\u00e9todo de la caja morfol\u00f3gica.<\/p>\n<p>Para ello, defina los criterios pertinentes para su empresa y seleccione la mejor expresi\u00f3n para cada criterio. A lo largo de los criterios, se crea un perfil de orientaci\u00f3n para su empresa.<\/p>\n<p>Con el ejemplo proporcionado, conocer\u00e1 claramente el m\u00e9todo de la caja morfol\u00f3gica y le resultar\u00e1 f\u00e1cil desarrollar su modelo de negocio.<\/p>\n<p>&nbsp;<\/p>\n<h3><strong>Ventajas<\/strong><\/h3>\n<ul>\n<li>Recibir\u00e1 un ejemplo ilustrativo del desarrollo sistem\u00e1tico de un modelo de negocio utilizando el m\u00e9todo probado de la caja morfol\u00f3gica.<\/li>\n<li>Este m\u00e9todo le gu\u00eda para centrarse primero en la recopilaci\u00f3n de todos los criterios relevantes antes de pasar a las expresiones de los criterios. Esto garantiza que su modelo de negocio sea completo.<\/li>\n<li>Gracias a su clara presentaci\u00f3n, podr\u00e1 coordinar cuidadosamente todas las facetas de su modelo de negocio.<\/li>\n<\/ul>\n<p>&nbsp;<\/p>\n<h3><strong>Descarga digital<\/strong><\/h3>\n<p>Tras el pedido, recibir\u00e1 un enlace de descarga del ejemplo, que podr\u00e1 utilizar inmediatamente.<\/p>\n<p>Tenga en cuenta que el ejemplo al que adquiere acceso es s\u00f3lo para su uso personal. Queda prohibida la reventa de la representaci\u00f3n en cualquier forma y de manera digital o f\u00edsica o su publicaci\u00f3n en cualquier publicaci\u00f3n f\u00edsica o en l\u00ednea sin mi permiso. Soy el \u00fanico titular de los derechos de autor de este archivo.<\/p>\n<p>Enlace de descarga: pdf<\/p>\n","protected":false},"excerpt":{"rendered":"<p>Un ejemplo de desarrollo sistem\u00e1tico de modelos de negocio mediante el m\u00e9todo de la caja morfol\u00f3gica Contenido Recibir\u00e1 un ejemplo ilustrativo de c\u00f3mo puede desarrollar sistem\u00e1ticamente un modelo de negocio coherente utilizando el m\u00e9todo de la caja morfol\u00f3gica. Para ello, defina los criterios pertinentes para su empresa y seleccione la mejor expresi\u00f3n para cada criterio. <a href=\"https:\/\/www.consultingcheck.com\/es\/ressource\/template-for-business-model-development-with-a-morphological-box\/\" class=\"more-link\">&#8230;<\/a><\/p>\n","protected":false},"featured_media":20110,"template":"","meta":{"_links_to":"","_links_to_target":""},"product_brand":[],"product_cat":[1275,1286,1291,1647,1251,1254],"product_tag":[],"jask_topic_categories":[1681,1264,1700,1703,1649,1656,1672,1263],"class_list":{"0":"post-15325","1":"product","2":"type-product","3":"status-publish","4":"has-post-thumbnail","6":"product_cat-conjunto-de-folios","7":"product_cat-lista-de-verificacion","8":"product_cat-muestra","9":"product_cat-sin-categoria","10":"product_cat-creacion-de-una-empresa","11":"product_cat-gestion-de-empresa","12":"jask_topic_categories-control-y-gestion-de-riesgos","13":"jask_topic_categories-estabilizacion","14":"jask_topic_categories-gestion-de-ventas","15":"jask_topic_categories-organizacion-de-ventas","16":"jask_topic_categories-optimizacion-del-proceso","17":"jask_topic_categories-gestion","18":"jask_topic_categories-fundacion","19":"jask_topic_categories-aumento-del-rendimiento","21":"first","22":"instock","23":"taxable","24":"shipping-taxable","25":"purchasable","26":"product-type-variable"},"yoast_head":"<!-- This site is optimized with the Yoast SEO plugin v27.5 - https:\/\/yoast.com\/product\/yoast-seo-wordpress\/ -->\n<title>Plantilla para el desarrollo de modelos de negocio con una caja morfol\u00f3gica - consultingcheck<\/title>\n<meta name=\"robots\" content=\"index, follow, max-snippet:-1, max-image-preview:large, max-video-preview:-1\" \/>\n<link rel=\"canonical\" href=\"https:\/\/www.consultingcheck.com\/es\/ressource\/template-for-business-model-development-with-a-morphological-box\/\" \/>\n<meta property=\"og:locale\" content=\"es_ES\" \/>\n<meta property=\"og:type\" content=\"article\" \/>\n<meta property=\"og:title\" content=\"Plantilla para el desarrollo de modelos de negocio con una caja morfol\u00f3gica - consultingcheck\" \/>\n<meta property=\"og:description\" content=\"Un ejemplo de desarrollo sistem\u00e1tico de modelos de negocio mediante el m\u00e9todo de la caja morfol\u00f3gica Contenido Recibir\u00e1 un ejemplo ilustrativo de c\u00f3mo puede desarrollar sistem\u00e1ticamente un modelo de negocio coherente utilizando el m\u00e9todo de la caja morfol\u00f3gica. Para ello, defina los criterios pertinentes para su empresa y seleccione la mejor expresi\u00f3n para cada criterio. ...\" \/>\n<meta property=\"og:url\" content=\"https:\/\/www.consultingcheck.com\/es\/ressource\/template-for-business-model-development-with-a-morphological-box\/\" \/>\n<meta property=\"og:site_name\" content=\"consultingcheck\" \/>\n<meta property=\"article:modified_time\" content=\"2023-03-10T15:31:43+00:00\" \/>\n<meta name=\"twitter:card\" content=\"summary_large_image\" \/>\n<meta name=\"twitter:label1\" content=\"Tiempo de lectura\" \/>\n\t<meta name=\"twitter:data1\" content=\"2 minutos\" \/>\n<script type=\"application\/ld+json\" class=\"yoast-schema-graph\">{\"@context\":\"https:\\\/\\\/schema.org\",\"@graph\":[{\"@type\":\"WebPage\",\"@id\":\"https:\\\/\\\/www.consultingcheck.com\\\/es\\\/ressource\\\/template-for-business-model-development-with-a-morphological-box\\\/\",\"url\":\"https:\\\/\\\/www.consultingcheck.com\\\/es\\\/ressource\\\/template-for-business-model-development-with-a-morphological-box\\\/\",\"name\":\"Plantilla para el desarrollo de modelos de negocio con una caja morfol\u00f3gica - consultingcheck\",\"isPartOf\":{\"@id\":\"https:\\\/\\\/www.consultingcheck.com\\\/es\\\/#website\"},\"primaryImageOfPage\":{\"@id\":\"https:\\\/\\\/www.consultingcheck.com\\\/es\\\/ressource\\\/template-for-business-model-development-with-a-morphological-box\\\/#primaryimage\"},\"image\":{\"@id\":\"https:\\\/\\\/www.consultingcheck.com\\\/es\\\/ressource\\\/template-for-business-model-development-with-a-morphological-box\\\/#primaryimage\"},\"thumbnailUrl\":\"https:\\\/\\\/www.consultingcheck.com\\\/wp-content\\\/uploads\\\/2023\\\/02\\\/vorlage-fuer-die-geschaeftsmodellentwicklung-mit-einem-morphologischen-kasten.jpg\",\"datePublished\":\"2023-02-12T16:49:54+00:00\",\"dateModified\":\"2023-03-10T15:31:43+00:00\",\"breadcrumb\":{\"@id\":\"https:\\\/\\\/www.consultingcheck.com\\\/es\\\/ressource\\\/template-for-business-model-development-with-a-morphological-box\\\/#breadcrumb\"},\"inLanguage\":\"es\",\"potentialAction\":[{\"@type\":\"ReadAction\",\"target\":[\"https:\\\/\\\/www.consultingcheck.com\\\/es\\\/ressource\\\/template-for-business-model-development-with-a-morphological-box\\\/\"]}]},{\"@type\":\"ImageObject\",\"inLanguage\":\"es\",\"@id\":\"https:\\\/\\\/www.consultingcheck.com\\\/es\\\/ressource\\\/template-for-business-model-development-with-a-morphological-box\\\/#primaryimage\",\"url\":\"https:\\\/\\\/www.consultingcheck.com\\\/wp-content\\\/uploads\\\/2023\\\/02\\\/vorlage-fuer-die-geschaeftsmodellentwicklung-mit-einem-morphologischen-kasten.jpg\",\"contentUrl\":\"https:\\\/\\\/www.consultingcheck.com\\\/wp-content\\\/uploads\\\/2023\\\/02\\\/vorlage-fuer-die-geschaeftsmodellentwicklung-mit-einem-morphologischen-kasten.jpg\",\"width\":1000,\"height\":679,\"caption\":\"Ein Screenshot der Vorlage f\u00fcr die Gesch\u00e4ftsmodellentwicklung mit einem morphologischen Kasten.\"},{\"@type\":\"BreadcrumbList\",\"@id\":\"https:\\\/\\\/www.consultingcheck.com\\\/es\\\/ressource\\\/template-for-business-model-development-with-a-morphological-box\\\/#breadcrumb\",\"itemListElement\":[{\"@type\":\"ListItem\",\"position\":1,\"name\":\"Startseite\",\"item\":\"https:\\\/\\\/www.consultingcheck.com\\\/es\\\/\"},{\"@type\":\"ListItem\",\"position\":2,\"name\":\"Descargas, aplicaciones y productos\",\"item\":\"https:\\\/\\\/www.consultingcheck.com\\\/es\\\/herramientas\\\/descargas-aplicaciones-y-productos\\\/\"},{\"@type\":\"ListItem\",\"position\":3,\"name\":\"Plantilla para el desarrollo de modelos de negocio con una caja morfol\u00f3gica\"}]},{\"@type\":\"WebSite\",\"@id\":\"https:\\\/\\\/www.consultingcheck.com\\\/es\\\/#website\",\"url\":\"https:\\\/\\\/www.consultingcheck.com\\\/es\\\/\",\"name\":\"consultingcheck\",\"description\":\"Vernetzt gedacht. Entzaubert. Hands-on.\",\"potentialAction\":[{\"@type\":\"SearchAction\",\"target\":{\"@type\":\"EntryPoint\",\"urlTemplate\":\"https:\\\/\\\/www.consultingcheck.com\\\/es\\\/?s={search_term_string}\"},\"query-input\":{\"@type\":\"PropertyValueSpecification\",\"valueRequired\":true,\"valueName\":\"search_term_string\"}}],\"inLanguage\":\"es\"}]}<\/script>\n<!-- \/ Yoast SEO plugin. -->","yoast_head_json":{"title":"Plantilla para el desarrollo de modelos de negocio con una caja morfol\u00f3gica - consultingcheck","robots":{"index":"index","follow":"follow","max-snippet":"max-snippet:-1","max-image-preview":"max-image-preview:large","max-video-preview":"max-video-preview:-1"},"canonical":"https:\/\/www.consultingcheck.com\/es\/ressource\/template-for-business-model-development-with-a-morphological-box\/","og_locale":"es_ES","og_type":"article","og_title":"Plantilla para el desarrollo de modelos de negocio con una caja morfol\u00f3gica - consultingcheck","og_description":"Un ejemplo de desarrollo sistem\u00e1tico de modelos de negocio mediante el m\u00e9todo de la caja morfol\u00f3gica Contenido Recibir\u00e1 un ejemplo ilustrativo de c\u00f3mo puede desarrollar sistem\u00e1ticamente un modelo de negocio coherente utilizando el m\u00e9todo de la caja morfol\u00f3gica. Para ello, defina los criterios pertinentes para su empresa y seleccione la mejor expresi\u00f3n para cada criterio. ...","og_url":"https:\/\/www.consultingcheck.com\/es\/ressource\/template-for-business-model-development-with-a-morphological-box\/","og_site_name":"consultingcheck","article_modified_time":"2023-03-10T15:31:43+00:00","twitter_card":"summary_large_image","twitter_misc":{"Tiempo de lectura":"2 minutos"},"schema":{"@context":"https:\/\/schema.org","@graph":[{"@type":"WebPage","@id":"https:\/\/www.consultingcheck.com\/es\/ressource\/template-for-business-model-development-with-a-morphological-box\/","url":"https:\/\/www.consultingcheck.com\/es\/ressource\/template-for-business-model-development-with-a-morphological-box\/","name":"Plantilla para el desarrollo de modelos de negocio con una caja morfol\u00f3gica - consultingcheck","isPartOf":{"@id":"https:\/\/www.consultingcheck.com\/es\/#website"},"primaryImageOfPage":{"@id":"https:\/\/www.consultingcheck.com\/es\/ressource\/template-for-business-model-development-with-a-morphological-box\/#primaryimage"},"image":{"@id":"https:\/\/www.consultingcheck.com\/es\/ressource\/template-for-business-model-development-with-a-morphological-box\/#primaryimage"},"thumbnailUrl":"https:\/\/www.consultingcheck.com\/wp-content\/uploads\/2023\/02\/vorlage-fuer-die-geschaeftsmodellentwicklung-mit-einem-morphologischen-kasten.jpg","datePublished":"2023-02-12T16:49:54+00:00","dateModified":"2023-03-10T15:31:43+00:00","breadcrumb":{"@id":"https:\/\/www.consultingcheck.com\/es\/ressource\/template-for-business-model-development-with-a-morphological-box\/#breadcrumb"},"inLanguage":"es","potentialAction":[{"@type":"ReadAction","target":["https:\/\/www.consultingcheck.com\/es\/ressource\/template-for-business-model-development-with-a-morphological-box\/"]}]},{"@type":"ImageObject","inLanguage":"es","@id":"https:\/\/www.consultingcheck.com\/es\/ressource\/template-for-business-model-development-with-a-morphological-box\/#primaryimage","url":"https:\/\/www.consultingcheck.com\/wp-content\/uploads\/2023\/02\/vorlage-fuer-die-geschaeftsmodellentwicklung-mit-einem-morphologischen-kasten.jpg","contentUrl":"https:\/\/www.consultingcheck.com\/wp-content\/uploads\/2023\/02\/vorlage-fuer-die-geschaeftsmodellentwicklung-mit-einem-morphologischen-kasten.jpg","width":1000,"height":679,"caption":"Ein Screenshot der Vorlage f\u00fcr die Gesch\u00e4ftsmodellentwicklung mit einem morphologischen Kasten."},{"@type":"BreadcrumbList","@id":"https:\/\/www.consultingcheck.com\/es\/ressource\/template-for-business-model-development-with-a-morphological-box\/#breadcrumb","itemListElement":[{"@type":"ListItem","position":1,"name":"Startseite","item":"https:\/\/www.consultingcheck.com\/es\/"},{"@type":"ListItem","position":2,"name":"Descargas, aplicaciones y productos","item":"https:\/\/www.consultingcheck.com\/es\/herramientas\/descargas-aplicaciones-y-productos\/"},{"@type":"ListItem","position":3,"name":"Plantilla para el desarrollo de modelos de negocio con una caja morfol\u00f3gica"}]},{"@type":"WebSite","@id":"https:\/\/www.consultingcheck.com\/es\/#website","url":"https:\/\/www.consultingcheck.com\/es\/","name":"consultingcheck","description":"Vernetzt gedacht. Entzaubert. Hands-on.","potentialAction":[{"@type":"SearchAction","target":{"@type":"EntryPoint","urlTemplate":"https:\/\/www.consultingcheck.com\/es\/?s={search_term_string}"},"query-input":{"@type":"PropertyValueSpecification","valueRequired":true,"valueName":"search_term_string"}}],"inLanguage":"es"}]}},"_links":{"self":[{"href":"https:\/\/www.consultingcheck.com\/es\/wp-json\/wp\/v2\/product\/15325","targetHints":{"allow":["GET"]}}],"collection":[{"href":"https:\/\/www.consultingcheck.com\/es\/wp-json\/wp\/v2\/product"}],"about":[{"href":"https:\/\/www.consultingcheck.com\/es\/wp-json\/wp\/v2\/types\/product"}],"wp:featuredmedia":[{"embeddable":true,"href":"https:\/\/www.consultingcheck.com\/es\/wp-json\/wp\/v2\/media\/20110"}],"wp:attachment":[{"href":"https:\/\/www.consultingcheck.com\/es\/wp-json\/wp\/v2\/media?parent=15325"}],"wp:term":[{"taxonomy":"product_brand","embeddable":true,"href":"https:\/\/www.consultingcheck.com\/es\/wp-json\/wp\/v2\/product_brand?post=15325"},{"taxonomy":"product_cat","embeddable":true,"href":"https:\/\/www.consultingcheck.com\/es\/wp-json\/wp\/v2\/product_cat?post=15325"},{"taxonomy":"product_tag","embeddable":true,"href":"https:\/\/www.consultingcheck.com\/es\/wp-json\/wp\/v2\/product_tag?post=15325"},{"taxonomy":"jask_topic_categories","embeddable":true,"href":"https:\/\/www.consultingcheck.com\/es\/wp-json\/wp\/v2\/jask_topic_categories?post=15325"}],"curies":[{"name":"wp","href":"https:\/\/api.w.org\/{rel}","templated":true}]}}