{"id":14771,"date":"2021-11-09T00:49:54","date_gmt":"2023-01-29T13:58:41","guid":{"rendered":"https:\/\/www.consultingcheck.com\/ressource\/sesion-informativa-sobre-tecnicas-de-creatividad\/"},"modified":"2023-01-29T14:58:41","modified_gmt":"2023-01-29T13:58:41","slug":"tecnicas-creativas","status":"publish","type":"product","link":"https:\/\/www.consultingcheck.com\/es\/ressource\/tecnicas-creativas\/","title":{"rendered":"Sesi\u00f3n informativa sobre t\u00e9cnicas de creatividad"},"content":{"rendered":"<h3>Contenido<\/h3>\n<p>Este libro blanco le ofrece en 8 p\u00e1ginas una visi\u00f3n general bien fundamentada de las t\u00e9cnicas esenciales de creatividad. En un mundo econ\u00f3mico cada vez m\u00e1s din\u00e1mico, es importante aprovechar las oportunidades. En el d\u00eda a d\u00eda, su utilidad es limitada. A menudo se apela a la creatividad. \u00bfC\u00f3mo se pueden hacer las cosas de forma muy diferente? \u00bfQu\u00e9 servicios podr\u00eda demandar el mercado? \u00bfC\u00f3mo aplicamos los requisitos del cliente? \u00bfC\u00f3mo innovamos nuestro modelo de negocio?<\/p>\n<p>En este art\u00edculo aprender\u00e1s qu\u00e9 t\u00e9cnicas de creatividad existen y para qu\u00e9 tareas son adecuadas.<\/p>\n<p>&nbsp;<\/p>\n<h3>Ventajas<\/h3>\n<ul>\n<li>Aprender\u00e1 por qu\u00e9 la creatividad es tan importante para garantizar la existencia de las empresas.<\/li>\n<li>Recibir\u00e1 una visi\u00f3n general compacta de t\u00e9cnicas de creatividad probadas.<\/li>\n<li>Aprender\u00e1s qu\u00e9 t\u00e9cnicas de creatividad puedes utilizar mejor para tu reto en la empresa.<\/li>\n<\/ul>\n<p>&nbsp;<\/p>\n<h3>Descarga digital<\/h3>\n<p>Despu\u00e9s de hacer el pedido, recibir\u00e1 un enlace para descargar el libro blanco, que podr\u00e1 utilizar inmediatamente.<\/p>\n<p>Tenga en cuenta que este libro blanco al que est\u00e1 comprando acceso es para su uso personal. Queda prohibida la reventa de este whitepaper en cualquier forma y de cualquier manera digital o f\u00edsica o su publicaci\u00f3n en cualquier publicaci\u00f3n f\u00edsica o en l\u00ednea sin mi permiso. Soy el \u00fanico titular de los derechos de autor de este archivo.<\/p>\n<p>Enlace de descarga: pdf<\/p>\n","protected":false},"excerpt":{"rendered":"<h2><strong>Panorama de las t\u00e9cnicas de creatividad pertinentes para las empresas<\/strong><\/h2>\n","protected":false},"featured_media":20152,"template":"","meta":{"_links_to":"","_links_to_target":""},"product_brand":[],"product_cat":[1283,1251,1252],"product_tag":[],"jask_topic_categories":[1271,1681,1274,1693,1649,1653,1656,1672,1269,1673],"class_list":{"0":"post-14771","1":"product","2":"type-product","3":"status-publish","4":"has-post-thumbnail","6":"product_cat-general-es","7":"product_cat-creacion-de-una-empresa","8":"product_cat-inovacion","9":"jask_topic_categories-gestion-del-cambio","10":"jask_topic_categories-control-y-gestion-de-riesgos","11":"jask_topic_categories-vision-es","12":"jask_topic_categories-inversion","13":"jask_topic_categories-optimizacion-del-proceso","14":"jask_topic_categories-proceso-de-innovacion","15":"jask_topic_categories-gestion","16":"jask_topic_categories-fundacion","17":"jask_topic_categories-trabajo-agil","18":"jask_topic_categories-crisis-y-rehabilitacion","20":"first","21":"instock","22":"sold-individually","23":"taxable","24":"shipping-taxable","25":"purchasable","26":"product-type-variable"},"yoast_head":"<!-- This site is optimized with the Yoast SEO plugin v27.3 - https:\/\/yoast.com\/product\/yoast-seo-wordpress\/ -->\n<title>Sesi\u00f3n informativa sobre t\u00e9cnicas de creatividad - consultingcheck<\/title>\n<meta name=\"robots\" content=\"index, follow, max-snippet:-1, max-image-preview:large, max-video-preview:-1\" \/>\n<link rel=\"canonical\" href=\"https:\/\/www.consultingcheck.com\/es\/ressource\/tecnicas-creativas\/\" \/>\n<meta property=\"og:locale\" content=\"es_ES\" \/>\n<meta property=\"og:type\" content=\"article\" \/>\n<meta property=\"og:title\" content=\"Sesi\u00f3n informativa sobre t\u00e9cnicas de creatividad - consultingcheck\" \/>\n<meta property=\"og:description\" content=\"Panorama de las t\u00e9cnicas de creatividad pertinentes para las empresas\" \/>\n<meta property=\"og:url\" content=\"https:\/\/www.consultingcheck.com\/es\/ressource\/tecnicas-creativas\/\" \/>\n<meta property=\"og:site_name\" content=\"consultingcheck\" \/>\n<meta name=\"twitter:card\" content=\"summary_large_image\" \/>\n<meta name=\"twitter:label1\" content=\"Tiempo de lectura\" \/>\n\t<meta name=\"twitter:data1\" content=\"1 minuto\" \/>\n<script type=\"application\/ld+json\" class=\"yoast-schema-graph\">{\"@context\":\"https:\\\/\\\/schema.org\",\"@graph\":[{\"@type\":\"WebPage\",\"@id\":\"https:\\\/\\\/www.consultingcheck.com\\\/es\\\/ressource\\\/tecnicas-creativas\\\/\",\"url\":\"https:\\\/\\\/www.consultingcheck.com\\\/es\\\/ressource\\\/tecnicas-creativas\\\/\",\"name\":\"Sesi\u00f3n informativa sobre t\u00e9cnicas de creatividad - consultingcheck\",\"isPartOf\":{\"@id\":\"https:\\\/\\\/www.consultingcheck.com\\\/es\\\/#website\"},\"primaryImageOfPage\":{\"@id\":\"https:\\\/\\\/www.consultingcheck.com\\\/es\\\/ressource\\\/tecnicas-creativas\\\/#primaryimage\"},\"image\":{\"@id\":\"https:\\\/\\\/www.consultingcheck.com\\\/es\\\/ressource\\\/tecnicas-creativas\\\/#primaryimage\"},\"thumbnailUrl\":\"https:\\\/\\\/www.consultingcheck.com\\\/wp-content\\\/uploads\\\/2021\\\/11\\\/kreativitaetstechniken.jpg\",\"datePublished\":\"2023-01-29T13:58:41+00:00\",\"breadcrumb\":{\"@id\":\"https:\\\/\\\/www.consultingcheck.com\\\/es\\\/ressource\\\/tecnicas-creativas\\\/#breadcrumb\"},\"inLanguage\":\"es\",\"potentialAction\":[{\"@type\":\"ReadAction\",\"target\":[\"https:\\\/\\\/www.consultingcheck.com\\\/es\\\/ressource\\\/tecnicas-creativas\\\/\"]}]},{\"@type\":\"ImageObject\",\"inLanguage\":\"es\",\"@id\":\"https:\\\/\\\/www.consultingcheck.com\\\/es\\\/ressource\\\/tecnicas-creativas\\\/#primaryimage\",\"url\":\"https:\\\/\\\/www.consultingcheck.com\\\/wp-content\\\/uploads\\\/2021\\\/11\\\/kreativitaetstechniken.jpg\",\"contentUrl\":\"https:\\\/\\\/www.consultingcheck.com\\\/wp-content\\\/uploads\\\/2021\\\/11\\\/kreativitaetstechniken.jpg\",\"width\":1000,\"height\":679,\"caption\":\"Ein Screenshot des Briefings \u00fcber Kreativit\u00e4tstechniken.\"},{\"@type\":\"BreadcrumbList\",\"@id\":\"https:\\\/\\\/www.consultingcheck.com\\\/es\\\/ressource\\\/tecnicas-creativas\\\/#breadcrumb\",\"itemListElement\":[{\"@type\":\"ListItem\",\"position\":1,\"name\":\"Startseite\",\"item\":\"https:\\\/\\\/www.consultingcheck.com\\\/es\\\/\"},{\"@type\":\"ListItem\",\"position\":2,\"name\":\"Descargas, aplicaciones y productos\",\"item\":\"https:\\\/\\\/www.consultingcheck.com\\\/es\\\/herramientas\\\/descargas-aplicaciones-y-productos\\\/\"},{\"@type\":\"ListItem\",\"position\":3,\"name\":\"Sesi\u00f3n informativa sobre t\u00e9cnicas de creatividad\"}]},{\"@type\":\"WebSite\",\"@id\":\"https:\\\/\\\/www.consultingcheck.com\\\/es\\\/#website\",\"url\":\"https:\\\/\\\/www.consultingcheck.com\\\/es\\\/\",\"name\":\"consultingcheck\",\"description\":\"Vernetzt gedacht. Entzaubert. Hands-on.\",\"potentialAction\":[{\"@type\":\"SearchAction\",\"target\":{\"@type\":\"EntryPoint\",\"urlTemplate\":\"https:\\\/\\\/www.consultingcheck.com\\\/es\\\/?s={search_term_string}\"},\"query-input\":{\"@type\":\"PropertyValueSpecification\",\"valueRequired\":true,\"valueName\":\"search_term_string\"}}],\"inLanguage\":\"es\"}]}<\/script>\n<!-- \/ Yoast SEO plugin. -->","yoast_head_json":{"title":"Sesi\u00f3n informativa sobre t\u00e9cnicas de creatividad - consultingcheck","robots":{"index":"index","follow":"follow","max-snippet":"max-snippet:-1","max-image-preview":"max-image-preview:large","max-video-preview":"max-video-preview:-1"},"canonical":"https:\/\/www.consultingcheck.com\/es\/ressource\/tecnicas-creativas\/","og_locale":"es_ES","og_type":"article","og_title":"Sesi\u00f3n informativa sobre t\u00e9cnicas de creatividad - consultingcheck","og_description":"Panorama de las t\u00e9cnicas de creatividad pertinentes para las empresas","og_url":"https:\/\/www.consultingcheck.com\/es\/ressource\/tecnicas-creativas\/","og_site_name":"consultingcheck","twitter_card":"summary_large_image","twitter_misc":{"Tiempo de lectura":"1 minuto"},"schema":{"@context":"https:\/\/schema.org","@graph":[{"@type":"WebPage","@id":"https:\/\/www.consultingcheck.com\/es\/ressource\/tecnicas-creativas\/","url":"https:\/\/www.consultingcheck.com\/es\/ressource\/tecnicas-creativas\/","name":"Sesi\u00f3n informativa sobre t\u00e9cnicas de creatividad - consultingcheck","isPartOf":{"@id":"https:\/\/www.consultingcheck.com\/es\/#website"},"primaryImageOfPage":{"@id":"https:\/\/www.consultingcheck.com\/es\/ressource\/tecnicas-creativas\/#primaryimage"},"image":{"@id":"https:\/\/www.consultingcheck.com\/es\/ressource\/tecnicas-creativas\/#primaryimage"},"thumbnailUrl":"https:\/\/www.consultingcheck.com\/wp-content\/uploads\/2021\/11\/kreativitaetstechniken.jpg","datePublished":"2023-01-29T13:58:41+00:00","breadcrumb":{"@id":"https:\/\/www.consultingcheck.com\/es\/ressource\/tecnicas-creativas\/#breadcrumb"},"inLanguage":"es","potentialAction":[{"@type":"ReadAction","target":["https:\/\/www.consultingcheck.com\/es\/ressource\/tecnicas-creativas\/"]}]},{"@type":"ImageObject","inLanguage":"es","@id":"https:\/\/www.consultingcheck.com\/es\/ressource\/tecnicas-creativas\/#primaryimage","url":"https:\/\/www.consultingcheck.com\/wp-content\/uploads\/2021\/11\/kreativitaetstechniken.jpg","contentUrl":"https:\/\/www.consultingcheck.com\/wp-content\/uploads\/2021\/11\/kreativitaetstechniken.jpg","width":1000,"height":679,"caption":"Ein Screenshot des Briefings \u00fcber Kreativit\u00e4tstechniken."},{"@type":"BreadcrumbList","@id":"https:\/\/www.consultingcheck.com\/es\/ressource\/tecnicas-creativas\/#breadcrumb","itemListElement":[{"@type":"ListItem","position":1,"name":"Startseite","item":"https:\/\/www.consultingcheck.com\/es\/"},{"@type":"ListItem","position":2,"name":"Descargas, aplicaciones y productos","item":"https:\/\/www.consultingcheck.com\/es\/herramientas\/descargas-aplicaciones-y-productos\/"},{"@type":"ListItem","position":3,"name":"Sesi\u00f3n informativa sobre t\u00e9cnicas de creatividad"}]},{"@type":"WebSite","@id":"https:\/\/www.consultingcheck.com\/es\/#website","url":"https:\/\/www.consultingcheck.com\/es\/","name":"consultingcheck","description":"Vernetzt gedacht. Entzaubert. Hands-on.","potentialAction":[{"@type":"SearchAction","target":{"@type":"EntryPoint","urlTemplate":"https:\/\/www.consultingcheck.com\/es\/?s={search_term_string}"},"query-input":{"@type":"PropertyValueSpecification","valueRequired":true,"valueName":"search_term_string"}}],"inLanguage":"es"}]}},"_links":{"self":[{"href":"https:\/\/www.consultingcheck.com\/es\/wp-json\/wp\/v2\/product\/14771","targetHints":{"allow":["GET"]}}],"collection":[{"href":"https:\/\/www.consultingcheck.com\/es\/wp-json\/wp\/v2\/product"}],"about":[{"href":"https:\/\/www.consultingcheck.com\/es\/wp-json\/wp\/v2\/types\/product"}],"wp:featuredmedia":[{"embeddable":true,"href":"https:\/\/www.consultingcheck.com\/es\/wp-json\/wp\/v2\/media\/20152"}],"wp:attachment":[{"href":"https:\/\/www.consultingcheck.com\/es\/wp-json\/wp\/v2\/media?parent=14771"}],"wp:term":[{"taxonomy":"product_brand","embeddable":true,"href":"https:\/\/www.consultingcheck.com\/es\/wp-json\/wp\/v2\/product_brand?post=14771"},{"taxonomy":"product_cat","embeddable":true,"href":"https:\/\/www.consultingcheck.com\/es\/wp-json\/wp\/v2\/product_cat?post=14771"},{"taxonomy":"product_tag","embeddable":true,"href":"https:\/\/www.consultingcheck.com\/es\/wp-json\/wp\/v2\/product_tag?post=14771"},{"taxonomy":"jask_topic_categories","embeddable":true,"href":"https:\/\/www.consultingcheck.com\/es\/wp-json\/wp\/v2\/jask_topic_categories?post=14771"}],"curies":[{"name":"wp","href":"https:\/\/api.w.org\/{rel}","templated":true}]}}