{"id":14753,"date":"2021-11-09T00:49:54","date_gmt":"2023-01-29T13:39:38","guid":{"rendered":"https:\/\/www.consultingcheck.com\/ressource\/preguntas-sobre-la-preparacion-para-la-certificacion-segun-din-en-iso-9001\/"},"modified":"2023-01-29T14:39:38","modified_gmt":"2023-01-29T13:39:38","slug":"preguntas-para-la-preparacion-para-la-certificacion-conforme-a-din-en-iso-9001","status":"publish","type":"product","link":"https:\/\/www.consultingcheck.com\/es\/ressource\/preguntas-para-la-preparacion-para-la-certificacion-conforme-a-din-en-iso-9001\/","title":{"rendered":"Preguntas sobre la preparaci\u00f3n para la certificaci\u00f3n seg\u00fan DIN EN ISO 9001"},"content":{"rendered":"<h3>Contenido<\/h3>\n<p>Una auditor\u00eda para certificar que los procesos vividos se corresponden con las especificaciones de los procesos documentados es una prueba que infunde miedo a muchas empresas. A menudo falta informaci\u00f3n pr\u00e1ctica sobre el proceso de auditor\u00eda de certificaci\u00f3n y los temas auditados. Con esta lista de preguntas podr\u00e1 incorporar esta informaci\u00f3n a su organizaci\u00f3n en una fase temprana.<\/p>\n<p>Este cuestionario de 38 p\u00e1ginas abarca los siete temas pertinentes para la auditor\u00eda, empezando por preguntas sobre la propia organizaci\u00f3n y pasando por aspectos de liderazgo y planificaci\u00f3n, aspectos de apoyo y operaciones, y evaluaci\u00f3n y mejora del rendimiento. Cada tema se divide en dos o tres niveles de esquema. El cuestionario est\u00e1 estructurado de tal manera que usted mismo puede introducir el cumplimiento de cada uno de los puntos y anotar las pruebas adecuadas. De este modo, podr\u00e1 ver por s\u00ed mismo antes de una auditor\u00eda de certificaci\u00f3n d\u00f3nde tiene todav\u00eda flancos abiertos en la organizaci\u00f3n.<\/p>\n<p>&nbsp;<\/p>\n<h3>Ventajas<\/h3>\n<ul>\n<li>Tendr\u00e1 acceso a un cuestionario exhaustivo y probado relativo a una auditor\u00eda de certificaci\u00f3n DIN EN ISO 9001, preparado de forma orientada a la pr\u00e1ctica.<\/li>\n<li>Puede utilizar este cuestionario para preparar su auditor\u00eda de certificaci\u00f3n DIN EN ISO 9001.<\/li>\n<li>Incluso sin ambiciones de certificaci\u00f3n, este cuestionario le ayudar\u00e1 a dise\u00f1ar los procesos de su empresa de forma coherente y consistente.<\/li>\n<\/ul>\n<p>&nbsp;<\/p>\n<h3>Descarga digital<\/h3>\n<p>Despu\u00e9s de hacer el pedido, recibir\u00e1 un enlace para descargar el cuestionario, que podr\u00e1 utilizar inmediatamente.<\/p>\n<p>Tenga en cuenta que este cuestionario al que est\u00e1 adquiriendo acceso es exclusivamente para su uso personal. Queda prohibida la reventa del cuestionario en cualquier forma y de cualquier modo digital o f\u00edsico o su publicaci\u00f3n en cualquier publicaci\u00f3n f\u00edsica o en l\u00ednea sin mi permiso. Soy el \u00fanico titular de los derechos de autor de este archivo.<\/p>\n<p>Enlace de descarga: pdf<\/p>\n","protected":false},"excerpt":{"rendered":"<h2><strong>\u00bfDesea preparar cuidadosamente la auditor\u00eda de su empresa para la certificaci\u00f3n seg\u00fan DIN EN ISO 9001? Aqu\u00ed encontrar\u00e1 preguntas t\u00edpicas.  <\/strong><\/h2>\n","protected":false},"featured_media":20059,"template":"","meta":{"_links_to":"","_links_to_target":""},"product_brand":[],"product_cat":[1286,1254],"product_tag":[],"jask_topic_categories":[1680,1681,1682,1646,1684,1262,1649,1689,1264,1650,1691,1265,1652,1692,1268,1654,1693,1269,1656,1700,1271,1678,1701,1679],"class_list":{"0":"post-14753","1":"product","2":"type-product","3":"status-publish","4":"has-post-thumbnail","6":"product_cat-lista-de-verificacion","7":"product_cat-gestion-de-empresa","8":"jask_topic_categories-visita-al-exterior","9":"jask_topic_categories-control-y-gestion-de-riesgos","10":"jask_topic_categories-sistemas-de-gestion","11":"jask_topic_categories-kostensenkung-durch-qualitatssicherung-qs","12":"jask_topic_categories-procesos","13":"jask_topic_categories-direccion-operativa-de-distribucion","14":"jask_topic_categories-optimizacion-del-proceso","15":"jask_topic_categories-certificaciones-del-sistema","16":"jask_topic_categories-estabilizacion","17":"jask_topic_categories-optimizacion-de-costes-para-aumentar-los-beneficios","18":"jask_topic_categories-gestion-de-riesgos","19":"jask_topic_categories-liderazgo","20":"jask_topic_categories-optimizacion-del-proceso-de-produccion","21":"jask_topic_categories-reduccion-de-costes-de-fabricacion","22":"jask_topic_categories-evaluacion-del-personal","23":"jask_topic_categories-decisiones","24":"jask_topic_categories-inversion","25":"jask_topic_categories-trabajo-agil","26":"jask_topic_categories-gestion","27":"jask_topic_categories-gestion-de-ventas","28":"jask_topic_categories-gestion-del-cambio","29":"jask_topic_categories-gestion-de-la-fabricacion","30":"jask_topic_categories-agilizacion-para-la-adaptacion-continua","31":"jask_topic_categories-desarrollo-de-productos","33":"first","34":"instock","35":"sold-individually","36":"taxable","37":"shipping-taxable","38":"purchasable","39":"product-type-variable"},"yoast_head":"<!-- This site is optimized with the Yoast SEO plugin v27.4 - https:\/\/yoast.com\/product\/yoast-seo-wordpress\/ -->\n<title>Preguntas sobre la preparaci\u00f3n para la certificaci\u00f3n seg\u00fan DIN EN ISO 9001 - consultingcheck<\/title>\n<meta name=\"robots\" content=\"index, follow, max-snippet:-1, max-image-preview:large, max-video-preview:-1\" \/>\n<link rel=\"canonical\" href=\"https:\/\/www.consultingcheck.com\/es\/ressource\/preguntas-para-la-preparacion-para-la-certificacion-conforme-a-din-en-iso-9001\/\" \/>\n<meta property=\"og:locale\" content=\"es_ES\" \/>\n<meta property=\"og:type\" content=\"article\" \/>\n<meta property=\"og:title\" content=\"Preguntas sobre la preparaci\u00f3n para la certificaci\u00f3n seg\u00fan DIN EN ISO 9001 - consultingcheck\" \/>\n<meta property=\"og:description\" content=\"\u00bfDesea preparar cuidadosamente la auditor\u00eda de su empresa para la certificaci\u00f3n seg\u00fan DIN EN ISO 9001? Aqu\u00ed encontrar\u00e1 preguntas t\u00edpicas.\" \/>\n<meta property=\"og:url\" content=\"https:\/\/www.consultingcheck.com\/es\/ressource\/preguntas-para-la-preparacion-para-la-certificacion-conforme-a-din-en-iso-9001\/\" \/>\n<meta property=\"og:site_name\" content=\"consultingcheck\" \/>\n<meta name=\"twitter:card\" content=\"summary_large_image\" \/>\n<meta name=\"twitter:label1\" content=\"Tiempo de lectura\" \/>\n\t<meta name=\"twitter:data1\" content=\"2 minutos\" \/>\n<script type=\"application\/ld+json\" class=\"yoast-schema-graph\">{\"@context\":\"https:\\\/\\\/schema.org\",\"@graph\":[{\"@type\":\"WebPage\",\"@id\":\"https:\\\/\\\/www.consultingcheck.com\\\/es\\\/ressource\\\/preguntas-para-la-preparacion-para-la-certificacion-conforme-a-din-en-iso-9001\\\/\",\"url\":\"https:\\\/\\\/www.consultingcheck.com\\\/es\\\/ressource\\\/preguntas-para-la-preparacion-para-la-certificacion-conforme-a-din-en-iso-9001\\\/\",\"name\":\"Preguntas sobre la preparaci\u00f3n para la certificaci\u00f3n seg\u00fan DIN EN ISO 9001 - consultingcheck\",\"isPartOf\":{\"@id\":\"https:\\\/\\\/www.consultingcheck.com\\\/es\\\/#website\"},\"primaryImageOfPage\":{\"@id\":\"https:\\\/\\\/www.consultingcheck.com\\\/es\\\/ressource\\\/preguntas-para-la-preparacion-para-la-certificacion-conforme-a-din-en-iso-9001\\\/#primaryimage\"},\"image\":{\"@id\":\"https:\\\/\\\/www.consultingcheck.com\\\/es\\\/ressource\\\/preguntas-para-la-preparacion-para-la-certificacion-conforme-a-din-en-iso-9001\\\/#primaryimage\"},\"thumbnailUrl\":\"https:\\\/\\\/www.consultingcheck.com\\\/wp-content\\\/uploads\\\/2021\\\/11\\\/fragen-zur-vorbereitung-auf-eine-zertifizierung-nach-din-en-iso-9001.jpg\",\"datePublished\":\"2023-01-29T13:39:38+00:00\",\"breadcrumb\":{\"@id\":\"https:\\\/\\\/www.consultingcheck.com\\\/es\\\/ressource\\\/preguntas-para-la-preparacion-para-la-certificacion-conforme-a-din-en-iso-9001\\\/#breadcrumb\"},\"inLanguage\":\"es\",\"potentialAction\":[{\"@type\":\"ReadAction\",\"target\":[\"https:\\\/\\\/www.consultingcheck.com\\\/es\\\/ressource\\\/preguntas-para-la-preparacion-para-la-certificacion-conforme-a-din-en-iso-9001\\\/\"]}]},{\"@type\":\"ImageObject\",\"inLanguage\":\"es\",\"@id\":\"https:\\\/\\\/www.consultingcheck.com\\\/es\\\/ressource\\\/preguntas-para-la-preparacion-para-la-certificacion-conforme-a-din-en-iso-9001\\\/#primaryimage\",\"url\":\"https:\\\/\\\/www.consultingcheck.com\\\/wp-content\\\/uploads\\\/2021\\\/11\\\/fragen-zur-vorbereitung-auf-eine-zertifizierung-nach-din-en-iso-9001.jpg\",\"contentUrl\":\"https:\\\/\\\/www.consultingcheck.com\\\/wp-content\\\/uploads\\\/2021\\\/11\\\/fragen-zur-vorbereitung-auf-eine-zertifizierung-nach-din-en-iso-9001.jpg\",\"width\":1000,\"height\":679,\"caption\":\"Ein Screenshot der Fragen zur Vorbereitung auf eine Zertifizierung nach DIN EN ISO 9001.\"},{\"@type\":\"BreadcrumbList\",\"@id\":\"https:\\\/\\\/www.consultingcheck.com\\\/es\\\/ressource\\\/preguntas-para-la-preparacion-para-la-certificacion-conforme-a-din-en-iso-9001\\\/#breadcrumb\",\"itemListElement\":[{\"@type\":\"ListItem\",\"position\":1,\"name\":\"Startseite\",\"item\":\"https:\\\/\\\/www.consultingcheck.com\\\/es\\\/\"},{\"@type\":\"ListItem\",\"position\":2,\"name\":\"Descargas, aplicaciones y productos\",\"item\":\"https:\\\/\\\/www.consultingcheck.com\\\/es\\\/herramientas\\\/descargas-aplicaciones-y-productos\\\/\"},{\"@type\":\"ListItem\",\"position\":3,\"name\":\"Preguntas sobre la preparaci\u00f3n para la certificaci\u00f3n seg\u00fan DIN EN ISO 9001\"}]},{\"@type\":\"WebSite\",\"@id\":\"https:\\\/\\\/www.consultingcheck.com\\\/es\\\/#website\",\"url\":\"https:\\\/\\\/www.consultingcheck.com\\\/es\\\/\",\"name\":\"consultingcheck\",\"description\":\"Vernetzt gedacht. Entzaubert. Hands-on.\",\"potentialAction\":[{\"@type\":\"SearchAction\",\"target\":{\"@type\":\"EntryPoint\",\"urlTemplate\":\"https:\\\/\\\/www.consultingcheck.com\\\/es\\\/?s={search_term_string}\"},\"query-input\":{\"@type\":\"PropertyValueSpecification\",\"valueRequired\":true,\"valueName\":\"search_term_string\"}}],\"inLanguage\":\"es\"}]}<\/script>\n<!-- \/ Yoast SEO plugin. -->","yoast_head_json":{"title":"Preguntas sobre la preparaci\u00f3n para la certificaci\u00f3n seg\u00fan DIN EN ISO 9001 - consultingcheck","robots":{"index":"index","follow":"follow","max-snippet":"max-snippet:-1","max-image-preview":"max-image-preview:large","max-video-preview":"max-video-preview:-1"},"canonical":"https:\/\/www.consultingcheck.com\/es\/ressource\/preguntas-para-la-preparacion-para-la-certificacion-conforme-a-din-en-iso-9001\/","og_locale":"es_ES","og_type":"article","og_title":"Preguntas sobre la preparaci\u00f3n para la certificaci\u00f3n seg\u00fan DIN EN ISO 9001 - consultingcheck","og_description":"\u00bfDesea preparar cuidadosamente la auditor\u00eda de su empresa para la certificaci\u00f3n seg\u00fan DIN EN ISO 9001? Aqu\u00ed encontrar\u00e1 preguntas t\u00edpicas.","og_url":"https:\/\/www.consultingcheck.com\/es\/ressource\/preguntas-para-la-preparacion-para-la-certificacion-conforme-a-din-en-iso-9001\/","og_site_name":"consultingcheck","twitter_card":"summary_large_image","twitter_misc":{"Tiempo de lectura":"2 minutos"},"schema":{"@context":"https:\/\/schema.org","@graph":[{"@type":"WebPage","@id":"https:\/\/www.consultingcheck.com\/es\/ressource\/preguntas-para-la-preparacion-para-la-certificacion-conforme-a-din-en-iso-9001\/","url":"https:\/\/www.consultingcheck.com\/es\/ressource\/preguntas-para-la-preparacion-para-la-certificacion-conforme-a-din-en-iso-9001\/","name":"Preguntas sobre la preparaci\u00f3n para la certificaci\u00f3n seg\u00fan DIN EN ISO 9001 - consultingcheck","isPartOf":{"@id":"https:\/\/www.consultingcheck.com\/es\/#website"},"primaryImageOfPage":{"@id":"https:\/\/www.consultingcheck.com\/es\/ressource\/preguntas-para-la-preparacion-para-la-certificacion-conforme-a-din-en-iso-9001\/#primaryimage"},"image":{"@id":"https:\/\/www.consultingcheck.com\/es\/ressource\/preguntas-para-la-preparacion-para-la-certificacion-conforme-a-din-en-iso-9001\/#primaryimage"},"thumbnailUrl":"https:\/\/www.consultingcheck.com\/wp-content\/uploads\/2021\/11\/fragen-zur-vorbereitung-auf-eine-zertifizierung-nach-din-en-iso-9001.jpg","datePublished":"2023-01-29T13:39:38+00:00","breadcrumb":{"@id":"https:\/\/www.consultingcheck.com\/es\/ressource\/preguntas-para-la-preparacion-para-la-certificacion-conforme-a-din-en-iso-9001\/#breadcrumb"},"inLanguage":"es","potentialAction":[{"@type":"ReadAction","target":["https:\/\/www.consultingcheck.com\/es\/ressource\/preguntas-para-la-preparacion-para-la-certificacion-conforme-a-din-en-iso-9001\/"]}]},{"@type":"ImageObject","inLanguage":"es","@id":"https:\/\/www.consultingcheck.com\/es\/ressource\/preguntas-para-la-preparacion-para-la-certificacion-conforme-a-din-en-iso-9001\/#primaryimage","url":"https:\/\/www.consultingcheck.com\/wp-content\/uploads\/2021\/11\/fragen-zur-vorbereitung-auf-eine-zertifizierung-nach-din-en-iso-9001.jpg","contentUrl":"https:\/\/www.consultingcheck.com\/wp-content\/uploads\/2021\/11\/fragen-zur-vorbereitung-auf-eine-zertifizierung-nach-din-en-iso-9001.jpg","width":1000,"height":679,"caption":"Ein Screenshot der Fragen zur Vorbereitung auf eine Zertifizierung nach DIN EN ISO 9001."},{"@type":"BreadcrumbList","@id":"https:\/\/www.consultingcheck.com\/es\/ressource\/preguntas-para-la-preparacion-para-la-certificacion-conforme-a-din-en-iso-9001\/#breadcrumb","itemListElement":[{"@type":"ListItem","position":1,"name":"Startseite","item":"https:\/\/www.consultingcheck.com\/es\/"},{"@type":"ListItem","position":2,"name":"Descargas, aplicaciones y productos","item":"https:\/\/www.consultingcheck.com\/es\/herramientas\/descargas-aplicaciones-y-productos\/"},{"@type":"ListItem","position":3,"name":"Preguntas sobre la preparaci\u00f3n para la certificaci\u00f3n seg\u00fan DIN EN ISO 9001"}]},{"@type":"WebSite","@id":"https:\/\/www.consultingcheck.com\/es\/#website","url":"https:\/\/www.consultingcheck.com\/es\/","name":"consultingcheck","description":"Vernetzt gedacht. Entzaubert. Hands-on.","potentialAction":[{"@type":"SearchAction","target":{"@type":"EntryPoint","urlTemplate":"https:\/\/www.consultingcheck.com\/es\/?s={search_term_string}"},"query-input":{"@type":"PropertyValueSpecification","valueRequired":true,"valueName":"search_term_string"}}],"inLanguage":"es"}]}},"_links":{"self":[{"href":"https:\/\/www.consultingcheck.com\/es\/wp-json\/wp\/v2\/product\/14753","targetHints":{"allow":["GET"]}}],"collection":[{"href":"https:\/\/www.consultingcheck.com\/es\/wp-json\/wp\/v2\/product"}],"about":[{"href":"https:\/\/www.consultingcheck.com\/es\/wp-json\/wp\/v2\/types\/product"}],"wp:featuredmedia":[{"embeddable":true,"href":"https:\/\/www.consultingcheck.com\/es\/wp-json\/wp\/v2\/media\/20059"}],"wp:attachment":[{"href":"https:\/\/www.consultingcheck.com\/es\/wp-json\/wp\/v2\/media?parent=14753"}],"wp:term":[{"taxonomy":"product_brand","embeddable":true,"href":"https:\/\/www.consultingcheck.com\/es\/wp-json\/wp\/v2\/product_brand?post=14753"},{"taxonomy":"product_cat","embeddable":true,"href":"https:\/\/www.consultingcheck.com\/es\/wp-json\/wp\/v2\/product_cat?post=14753"},{"taxonomy":"product_tag","embeddable":true,"href":"https:\/\/www.consultingcheck.com\/es\/wp-json\/wp\/v2\/product_tag?post=14753"},{"taxonomy":"jask_topic_categories","embeddable":true,"href":"https:\/\/www.consultingcheck.com\/es\/wp-json\/wp\/v2\/jask_topic_categories?post=14753"}],"curies":[{"name":"wp","href":"https:\/\/api.w.org\/{rel}","templated":true}]}}