{"id":14730,"date":"2021-11-09T00:49:54","date_gmt":"2023-01-29T13:16:52","guid":{"rendered":"https:\/\/www.consultingcheck.com\/ressource\/plantilla-de-plan-de-empresa\/"},"modified":"2023-01-29T14:16:52","modified_gmt":"2023-01-29T13:16:52","slug":"modelo-de-plan-de-negocio-para-empresas-industriales","status":"publish","type":"product","link":"https:\/\/www.consultingcheck.com\/es\/ressource\/modelo-de-plan-de-negocio-para-empresas-industriales\/","title":{"rendered":"Plantilla de plan de empresa"},"content":{"rendered":"<h3>Contenido<\/h3>\n<p>Aqu\u00ed encontrar\u00e1 un archivo MS Word abierto con una estructura de contenidos para un plan de empresa. T\u00fa mismo puedes llenar los cap\u00edtulos de contenido. El resultado es un plan de negocio completo y coherente que cubre todos los requisitos formales esenciales de los inversores institucionales y los bancos comerciales. La estructura se divide en ocho cap\u00edtulos, que a su vez se desglosan en hasta dos subniveles. Puede adaptar la estructura a las necesidades espec\u00edficas de su sector o empresa, ampliarla, acortarla o detallarla m\u00e1s. El \u00edndice se crea autom\u00e1ticamente si el formato es coherente.<\/p>\n<p>Para la planificaci\u00f3n financiera, consulte la aplicaci\u00f3n de planificaci\u00f3n financiera Excel disponible en consultingcheck.<\/p>\n<p>&nbsp;<\/p>\n<h3>Ventajas<\/h3>\n<ul>\n<li>Con esta plantilla, seguro que conseguir\u00e1 un plan de empresa que cumpla las expectativas formales de los proveedores de capital.<\/li>\n<li>Se ahorra el tiempo y el esfuerzo de formar y formatear una estructura usted mismo.<\/li>\n<li>No obstante, puede adaptar individualmente la estructura propuesta (abra el archivo MS Word).<\/li>\n<\/ul>\n<p>&nbsp;<\/p>\n<h3>Descarga digital<\/h3>\n<p>Tras el pedido, recibir\u00e1 un enlace de descarga de la plantilla, que podr\u00e1 utilizar inmediatamente.<\/p>\n<p>Tenga en cuenta que esta plantilla a la que est\u00e1 comprando acceso es s\u00f3lo para su uso personal. Queda prohibida la reventa de las diapositivas en cualquier forma y de manera digital o f\u00edsica o su publicaci\u00f3n en cualquier publicaci\u00f3n f\u00edsica o en l\u00ednea sin mi permiso. Soy el \u00fanico titular de los derechos de autor de este archivo.<\/p>\n<p>Enlace de descarga: Documento MS Word<\/p>\n","protected":false},"excerpt":{"rendered":"<h2><strong>Estructura del contenido de un plan de empresa  <\/strong><\/h2>\n","protected":false},"featured_media":20104,"template":"","meta":{"_links_to":"","_links_to_target":""},"product_brand":[],"product_cat":[1250,1251,1254,1287],"product_tag":[],"jask_topic_categories":[1671,1672,1674,1655],"class_list":{"0":"post-14730","1":"product","2":"type-product","3":"status-publish","4":"has-post-thumbnail","6":"product_cat-finanzas","7":"product_cat-creacion-de-una-empresa","8":"product_cat-gestion-de-empresa","9":"product_cat-plantilla-de-documento","10":"jask_topic_categories-preguntas-basicas","11":"jask_topic_categories-fundacion","12":"jask_topic_categories-conceptos-de-renovacion-a-medida","13":"jask_topic_categories-finanzas","15":"first","16":"instock","17":"sold-individually","18":"taxable","19":"shipping-taxable","20":"purchasable","21":"product-type-variable"},"yoast_head":"<!-- This site is optimized with the Yoast SEO plugin v27.3 - https:\/\/yoast.com\/product\/yoast-seo-wordpress\/ -->\n<title>Plantilla de plan de empresa - consultingcheck<\/title>\n<meta name=\"robots\" content=\"index, follow, max-snippet:-1, max-image-preview:large, max-video-preview:-1\" \/>\n<link rel=\"canonical\" href=\"https:\/\/www.consultingcheck.com\/es\/ressource\/modelo-de-plan-de-negocio-para-empresas-industriales\/\" \/>\n<meta property=\"og:locale\" content=\"es_ES\" \/>\n<meta property=\"og:type\" content=\"article\" \/>\n<meta property=\"og:title\" content=\"Plantilla de plan de empresa - consultingcheck\" \/>\n<meta property=\"og:description\" content=\"Estructura del contenido de un plan de empresa\" \/>\n<meta property=\"og:url\" content=\"https:\/\/www.consultingcheck.com\/es\/ressource\/modelo-de-plan-de-negocio-para-empresas-industriales\/\" \/>\n<meta property=\"og:site_name\" content=\"consultingcheck\" \/>\n<meta name=\"twitter:card\" content=\"summary_large_image\" \/>\n<meta name=\"twitter:label1\" content=\"Tiempo de lectura\" \/>\n\t<meta name=\"twitter:data1\" content=\"1 minuto\" \/>\n<script type=\"application\/ld+json\" class=\"yoast-schema-graph\">{\"@context\":\"https:\\\/\\\/schema.org\",\"@graph\":[{\"@type\":\"WebPage\",\"@id\":\"https:\\\/\\\/www.consultingcheck.com\\\/es\\\/ressource\\\/modelo-de-plan-de-negocio-para-empresas-industriales\\\/\",\"url\":\"https:\\\/\\\/www.consultingcheck.com\\\/es\\\/ressource\\\/modelo-de-plan-de-negocio-para-empresas-industriales\\\/\",\"name\":\"Plantilla de plan de empresa - consultingcheck\",\"isPartOf\":{\"@id\":\"https:\\\/\\\/www.consultingcheck.com\\\/es\\\/#website\"},\"primaryImageOfPage\":{\"@id\":\"https:\\\/\\\/www.consultingcheck.com\\\/es\\\/ressource\\\/modelo-de-plan-de-negocio-para-empresas-industriales\\\/#primaryimage\"},\"image\":{\"@id\":\"https:\\\/\\\/www.consultingcheck.com\\\/es\\\/ressource\\\/modelo-de-plan-de-negocio-para-empresas-industriales\\\/#primaryimage\"},\"thumbnailUrl\":\"https:\\\/\\\/www.consultingcheck.com\\\/wp-content\\\/uploads\\\/2024\\\/06\\\/modelo-de-plan-de-negocio-para-empresas-industriales.jpg\",\"datePublished\":\"2023-01-29T13:16:52+00:00\",\"breadcrumb\":{\"@id\":\"https:\\\/\\\/www.consultingcheck.com\\\/es\\\/ressource\\\/modelo-de-plan-de-negocio-para-empresas-industriales\\\/#breadcrumb\"},\"inLanguage\":\"es\",\"potentialAction\":[{\"@type\":\"ReadAction\",\"target\":[\"https:\\\/\\\/www.consultingcheck.com\\\/es\\\/ressource\\\/modelo-de-plan-de-negocio-para-empresas-industriales\\\/\"]}]},{\"@type\":\"ImageObject\",\"inLanguage\":\"es\",\"@id\":\"https:\\\/\\\/www.consultingcheck.com\\\/es\\\/ressource\\\/modelo-de-plan-de-negocio-para-empresas-industriales\\\/#primaryimage\",\"url\":\"https:\\\/\\\/www.consultingcheck.com\\\/wp-content\\\/uploads\\\/2024\\\/06\\\/modelo-de-plan-de-negocio-para-empresas-industriales.jpg\",\"contentUrl\":\"https:\\\/\\\/www.consultingcheck.com\\\/wp-content\\\/uploads\\\/2024\\\/06\\\/modelo-de-plan-de-negocio-para-empresas-industriales.jpg\",\"width\":1000,\"height\":679,\"caption\":\"Ein Screenshot der Vorlage f\u00fcr einen Businessplan.\"},{\"@type\":\"BreadcrumbList\",\"@id\":\"https:\\\/\\\/www.consultingcheck.com\\\/es\\\/ressource\\\/modelo-de-plan-de-negocio-para-empresas-industriales\\\/#breadcrumb\",\"itemListElement\":[{\"@type\":\"ListItem\",\"position\":1,\"name\":\"Startseite\",\"item\":\"https:\\\/\\\/www.consultingcheck.com\\\/es\\\/\"},{\"@type\":\"ListItem\",\"position\":2,\"name\":\"Descargas, aplicaciones y productos\",\"item\":\"https:\\\/\\\/www.consultingcheck.com\\\/es\\\/herramientas\\\/descargas-aplicaciones-y-productos\\\/\"},{\"@type\":\"ListItem\",\"position\":3,\"name\":\"Plantilla de plan de empresa\"}]},{\"@type\":\"WebSite\",\"@id\":\"https:\\\/\\\/www.consultingcheck.com\\\/es\\\/#website\",\"url\":\"https:\\\/\\\/www.consultingcheck.com\\\/es\\\/\",\"name\":\"consultingcheck\",\"description\":\"Vernetzt gedacht. Entzaubert. Hands-on.\",\"potentialAction\":[{\"@type\":\"SearchAction\",\"target\":{\"@type\":\"EntryPoint\",\"urlTemplate\":\"https:\\\/\\\/www.consultingcheck.com\\\/es\\\/?s={search_term_string}\"},\"query-input\":{\"@type\":\"PropertyValueSpecification\",\"valueRequired\":true,\"valueName\":\"search_term_string\"}}],\"inLanguage\":\"es\"}]}<\/script>\n<!-- \/ Yoast SEO plugin. -->","yoast_head_json":{"title":"Plantilla de plan de empresa - consultingcheck","robots":{"index":"index","follow":"follow","max-snippet":"max-snippet:-1","max-image-preview":"max-image-preview:large","max-video-preview":"max-video-preview:-1"},"canonical":"https:\/\/www.consultingcheck.com\/es\/ressource\/modelo-de-plan-de-negocio-para-empresas-industriales\/","og_locale":"es_ES","og_type":"article","og_title":"Plantilla de plan de empresa - consultingcheck","og_description":"Estructura del contenido de un plan de empresa","og_url":"https:\/\/www.consultingcheck.com\/es\/ressource\/modelo-de-plan-de-negocio-para-empresas-industriales\/","og_site_name":"consultingcheck","twitter_card":"summary_large_image","twitter_misc":{"Tiempo de lectura":"1 minuto"},"schema":{"@context":"https:\/\/schema.org","@graph":[{"@type":"WebPage","@id":"https:\/\/www.consultingcheck.com\/es\/ressource\/modelo-de-plan-de-negocio-para-empresas-industriales\/","url":"https:\/\/www.consultingcheck.com\/es\/ressource\/modelo-de-plan-de-negocio-para-empresas-industriales\/","name":"Plantilla de plan de empresa - consultingcheck","isPartOf":{"@id":"https:\/\/www.consultingcheck.com\/es\/#website"},"primaryImageOfPage":{"@id":"https:\/\/www.consultingcheck.com\/es\/ressource\/modelo-de-plan-de-negocio-para-empresas-industriales\/#primaryimage"},"image":{"@id":"https:\/\/www.consultingcheck.com\/es\/ressource\/modelo-de-plan-de-negocio-para-empresas-industriales\/#primaryimage"},"thumbnailUrl":"https:\/\/www.consultingcheck.com\/wp-content\/uploads\/2024\/06\/modelo-de-plan-de-negocio-para-empresas-industriales.jpg","datePublished":"2023-01-29T13:16:52+00:00","breadcrumb":{"@id":"https:\/\/www.consultingcheck.com\/es\/ressource\/modelo-de-plan-de-negocio-para-empresas-industriales\/#breadcrumb"},"inLanguage":"es","potentialAction":[{"@type":"ReadAction","target":["https:\/\/www.consultingcheck.com\/es\/ressource\/modelo-de-plan-de-negocio-para-empresas-industriales\/"]}]},{"@type":"ImageObject","inLanguage":"es","@id":"https:\/\/www.consultingcheck.com\/es\/ressource\/modelo-de-plan-de-negocio-para-empresas-industriales\/#primaryimage","url":"https:\/\/www.consultingcheck.com\/wp-content\/uploads\/2024\/06\/modelo-de-plan-de-negocio-para-empresas-industriales.jpg","contentUrl":"https:\/\/www.consultingcheck.com\/wp-content\/uploads\/2024\/06\/modelo-de-plan-de-negocio-para-empresas-industriales.jpg","width":1000,"height":679,"caption":"Ein Screenshot der Vorlage f\u00fcr einen Businessplan."},{"@type":"BreadcrumbList","@id":"https:\/\/www.consultingcheck.com\/es\/ressource\/modelo-de-plan-de-negocio-para-empresas-industriales\/#breadcrumb","itemListElement":[{"@type":"ListItem","position":1,"name":"Startseite","item":"https:\/\/www.consultingcheck.com\/es\/"},{"@type":"ListItem","position":2,"name":"Descargas, aplicaciones y productos","item":"https:\/\/www.consultingcheck.com\/es\/herramientas\/descargas-aplicaciones-y-productos\/"},{"@type":"ListItem","position":3,"name":"Plantilla de plan de empresa"}]},{"@type":"WebSite","@id":"https:\/\/www.consultingcheck.com\/es\/#website","url":"https:\/\/www.consultingcheck.com\/es\/","name":"consultingcheck","description":"Vernetzt gedacht. Entzaubert. Hands-on.","potentialAction":[{"@type":"SearchAction","target":{"@type":"EntryPoint","urlTemplate":"https:\/\/www.consultingcheck.com\/es\/?s={search_term_string}"},"query-input":{"@type":"PropertyValueSpecification","valueRequired":true,"valueName":"search_term_string"}}],"inLanguage":"es"}]}},"_links":{"self":[{"href":"https:\/\/www.consultingcheck.com\/es\/wp-json\/wp\/v2\/product\/14730","targetHints":{"allow":["GET"]}}],"collection":[{"href":"https:\/\/www.consultingcheck.com\/es\/wp-json\/wp\/v2\/product"}],"about":[{"href":"https:\/\/www.consultingcheck.com\/es\/wp-json\/wp\/v2\/types\/product"}],"wp:featuredmedia":[{"embeddable":true,"href":"https:\/\/www.consultingcheck.com\/es\/wp-json\/wp\/v2\/media\/20104"}],"wp:attachment":[{"href":"https:\/\/www.consultingcheck.com\/es\/wp-json\/wp\/v2\/media?parent=14730"}],"wp:term":[{"taxonomy":"product_brand","embeddable":true,"href":"https:\/\/www.consultingcheck.com\/es\/wp-json\/wp\/v2\/product_brand?post=14730"},{"taxonomy":"product_cat","embeddable":true,"href":"https:\/\/www.consultingcheck.com\/es\/wp-json\/wp\/v2\/product_cat?post=14730"},{"taxonomy":"product_tag","embeddable":true,"href":"https:\/\/www.consultingcheck.com\/es\/wp-json\/wp\/v2\/product_tag?post=14730"},{"taxonomy":"jask_topic_categories","embeddable":true,"href":"https:\/\/www.consultingcheck.com\/es\/wp-json\/wp\/v2\/jask_topic_categories?post=14730"}],"curies":[{"name":"wp","href":"https:\/\/api.w.org\/{rel}","templated":true}]}}