{"id":14704,"date":"2021-11-09T00:49:54","date_gmt":"2023-01-29T12:46:30","guid":{"rendered":"https:\/\/www.consultingcheck.com\/ressource\/plantilla-del-regimen-de-autorizacion\/"},"modified":"2023-01-29T13:46:30","modified_gmt":"2023-01-29T12:46:30","slug":"regimen-de-autorizacion","status":"publish","type":"product","link":"https:\/\/www.consultingcheck.com\/es\/ressource\/regimen-de-autorizacion\/","title":{"rendered":"Plantilla del r\u00e9gimen de autorizaci\u00f3n"},"content":{"rendered":"<h3>Contenido<\/h3>\n<p>La responsabilidad requiere los poderes correspondientes. Por lo tanto, las responsabilidades y competencias de su personal profesional y directivo deben concebirse siempre conjuntamente y corresponderse entre s\u00ed. En particular, si espera que sus P&amp;MS tomen decisiones, necesitan autoridad para hacerlo.<\/p>\n<p>Es aconsejable reflexionar y asignar la autoridad de forma sistem\u00e1tica y coherente a lo largo del proceso empresarial y los niveles jer\u00e1rquicos de la organizaci\u00f3n. La mejor manera de hacerlo es realizar todas las transacciones comerciales habituales. \u00bfQui\u00e9n debe decidir en cada caso hasta qu\u00e9 escala? \u00bfQui\u00e9n debe participar en estas decisiones?<\/p>\n<p>Se trata de una diligencia l\u00f3gica. Para que no tenga que empezar de cero, puede utilizar esta plantilla para un r\u00e9gimen de autorizaci\u00f3n. En los campos de esta matriz, introduzca los l\u00edmites de liberaci\u00f3n que desea conceder en su empresa para que se pueda ejercer la responsabilidad. La estructura de esta matriz proporciona las funciones operativas en la abscisa, que puede adaptar seg\u00fan su estructura organizativa. A lo largo de la ordenada se encuentran las principales transacciones comerciales que suelen producirse en las empresas. Tambi\u00e9n puedes adaptarlos a tus necesidades.<\/p>\n<p>Una vez que haya asignado las competencias de forma sensata, si es posible con la participaci\u00f3n de los responsables de las funciones operativas, haga que los propietarios de estas funciones operativas firmen por ellas para introducir la matriz de forma vinculante.<\/p>\n<p>&nbsp;<\/p>\n<h3>Ventajas<\/h3>\n<ul>\n<li>Recibir\u00e1 una plantilla para la definici\u00f3n sistem\u00e1tica y coherente de las competencias de sus especialistas y directivos (esquema de autorizaci\u00f3n).<\/li>\n<li>Puede delegar responsabilidades bas\u00e1ndose en este esquema de autorizaci\u00f3n.<\/li>\n<li>Al acordar poderes vinculantes con su personal profesional y directivo, aumenta el valor de su personal y, al mismo tiempo, evita \u00absorpresas\u00bb desagradables.<\/li>\n<\/ul>\n<p>&nbsp;<\/p>\n<h3>Descarga digital<\/h3>\n<ul>\n<li>Recibir\u00e1 una plantilla para la definici\u00f3n sistem\u00e1tica y coherente de las competencias de sus especialistas y directivos (esquema de autorizaci\u00f3n).<\/li>\n<li>Puede delegar responsabilidades bas\u00e1ndose en este esquema de autorizaci\u00f3n.<\/li>\n<li>Al acordar poderes vinculantes con su personal profesional y directivo, aumenta el valor de su personal y, al mismo tiempo, evita \u00absorpresas\u00bb desagradables.<\/li>\n<\/ul>\n","protected":false},"excerpt":{"rendered":"<h2><strong>Con esta plantilla podr\u00e1 definir de forma sistem\u00e1tica y coherente los poderes en su empresa.<\/strong><\/h2>\n","protected":false},"featured_media":20221,"template":"","meta":{"_links_to":"","_links_to_target":""},"product_brand":[],"product_cat":[1288,1254],"product_tag":[],"jask_topic_categories":[1270,1683,1684,1700,1701,1648,1702,1649,1703,1652,1705,1261,1654,1262,1656,1264,1678,1269,1681],"class_list":{"0":"post-14704","1":"product","2":"type-product","3":"status-publish","4":"has-post-thumbnail","6":"product_cat-plantilla-de-hoja","7":"product_cat-gestion-de-empresa","8":"jask_topic_categories-requisitos-previos-para-el-trabajo-agil","9":"jask_topic_categories-poner-la-capacidad-de-coordinacion-y-desarrollo-en-los-procesos","10":"jask_topic_categories-procesos","11":"jask_topic_categories-gestion-de-ventas","12":"jask_topic_categories-agilizacion-para-la-adaptacion-continua","13":"jask_topic_categories-rendimiento","14":"jask_topic_categories-comercializacion-y-distribucion","15":"jask_topic_categories-optimizacion-del-proceso","16":"jask_topic_categories-organizacion-de-ventas","17":"jask_topic_categories-optimizacion-del-proceso-de-produccion","18":"jask_topic_categories-cooperacion","19":"jask_topic_categories-gestion-estrategica-de-distribucion","20":"jask_topic_categories-decisiones","21":"jask_topic_categories-direccion-operativa-de-distribucion","22":"jask_topic_categories-gestion","23":"jask_topic_categories-estabilizacion","24":"jask_topic_categories-gestion-de-la-fabricacion","25":"jask_topic_categories-trabajo-agil","26":"jask_topic_categories-control-y-gestion-de-riesgos","28":"first","29":"instock","30":"sold-individually","31":"taxable","32":"shipping-taxable","33":"purchasable","34":"product-type-variable"},"yoast_head":"<!-- This site is optimized with the Yoast SEO plugin v27.4 - https:\/\/yoast.com\/product\/yoast-seo-wordpress\/ -->\n<title>Plantilla del r\u00e9gimen de autorizaci\u00f3n - consultingcheck<\/title>\n<meta name=\"robots\" content=\"index, follow, max-snippet:-1, max-image-preview:large, max-video-preview:-1\" \/>\n<link rel=\"canonical\" href=\"https:\/\/www.consultingcheck.com\/es\/ressource\/regimen-de-autorizacion\/\" \/>\n<meta property=\"og:locale\" content=\"es_ES\" \/>\n<meta property=\"og:type\" content=\"article\" \/>\n<meta property=\"og:title\" content=\"Plantilla del r\u00e9gimen de autorizaci\u00f3n - consultingcheck\" \/>\n<meta property=\"og:description\" content=\"Con esta plantilla podr\u00e1 definir de forma sistem\u00e1tica y coherente los poderes en su empresa.\" \/>\n<meta property=\"og:url\" content=\"https:\/\/www.consultingcheck.com\/es\/ressource\/regimen-de-autorizacion\/\" \/>\n<meta property=\"og:site_name\" content=\"consultingcheck\" \/>\n<meta name=\"twitter:card\" content=\"summary_large_image\" \/>\n<meta name=\"twitter:label1\" content=\"Tiempo de lectura\" \/>\n\t<meta name=\"twitter:data1\" content=\"2 minutos\" \/>\n<script type=\"application\/ld+json\" class=\"yoast-schema-graph\">{\"@context\":\"https:\\\/\\\/schema.org\",\"@graph\":[{\"@type\":\"WebPage\",\"@id\":\"https:\\\/\\\/www.consultingcheck.com\\\/es\\\/ressource\\\/regimen-de-autorizacion\\\/\",\"url\":\"https:\\\/\\\/www.consultingcheck.com\\\/es\\\/ressource\\\/regimen-de-autorizacion\\\/\",\"name\":\"Plantilla del r\u00e9gimen de autorizaci\u00f3n - consultingcheck\",\"isPartOf\":{\"@id\":\"https:\\\/\\\/www.consultingcheck.com\\\/es\\\/#website\"},\"primaryImageOfPage\":{\"@id\":\"https:\\\/\\\/www.consultingcheck.com\\\/es\\\/ressource\\\/regimen-de-autorizacion\\\/#primaryimage\"},\"image\":{\"@id\":\"https:\\\/\\\/www.consultingcheck.com\\\/es\\\/ressource\\\/regimen-de-autorizacion\\\/#primaryimage\"},\"thumbnailUrl\":\"https:\\\/\\\/www.consultingcheck.com\\\/wp-content\\\/uploads\\\/2024\\\/06\\\/regimen-de-autorizacion.jpg\",\"datePublished\":\"2023-01-29T12:46:30+00:00\",\"breadcrumb\":{\"@id\":\"https:\\\/\\\/www.consultingcheck.com\\\/es\\\/ressource\\\/regimen-de-autorizacion\\\/#breadcrumb\"},\"inLanguage\":\"es\",\"potentialAction\":[{\"@type\":\"ReadAction\",\"target\":[\"https:\\\/\\\/www.consultingcheck.com\\\/es\\\/ressource\\\/regimen-de-autorizacion\\\/\"]}]},{\"@type\":\"ImageObject\",\"inLanguage\":\"es\",\"@id\":\"https:\\\/\\\/www.consultingcheck.com\\\/es\\\/ressource\\\/regimen-de-autorizacion\\\/#primaryimage\",\"url\":\"https:\\\/\\\/www.consultingcheck.com\\\/wp-content\\\/uploads\\\/2024\\\/06\\\/regimen-de-autorizacion.jpg\",\"contentUrl\":\"https:\\\/\\\/www.consultingcheck.com\\\/wp-content\\\/uploads\\\/2024\\\/06\\\/regimen-de-autorizacion.jpg\",\"width\":1000,\"height\":679,\"caption\":\"Ein Screenshot der Vorlage f\u00fcr ein Autorisierungsschema.\"},{\"@type\":\"BreadcrumbList\",\"@id\":\"https:\\\/\\\/www.consultingcheck.com\\\/es\\\/ressource\\\/regimen-de-autorizacion\\\/#breadcrumb\",\"itemListElement\":[{\"@type\":\"ListItem\",\"position\":1,\"name\":\"Startseite\",\"item\":\"https:\\\/\\\/www.consultingcheck.com\\\/es\\\/\"},{\"@type\":\"ListItem\",\"position\":2,\"name\":\"Descargas, aplicaciones y productos\",\"item\":\"https:\\\/\\\/www.consultingcheck.com\\\/es\\\/herramientas\\\/descargas-aplicaciones-y-productos\\\/\"},{\"@type\":\"ListItem\",\"position\":3,\"name\":\"Plantilla del r\u00e9gimen de autorizaci\u00f3n\"}]},{\"@type\":\"WebSite\",\"@id\":\"https:\\\/\\\/www.consultingcheck.com\\\/es\\\/#website\",\"url\":\"https:\\\/\\\/www.consultingcheck.com\\\/es\\\/\",\"name\":\"consultingcheck\",\"description\":\"Vernetzt gedacht. Entzaubert. Hands-on.\",\"potentialAction\":[{\"@type\":\"SearchAction\",\"target\":{\"@type\":\"EntryPoint\",\"urlTemplate\":\"https:\\\/\\\/www.consultingcheck.com\\\/es\\\/?s={search_term_string}\"},\"query-input\":{\"@type\":\"PropertyValueSpecification\",\"valueRequired\":true,\"valueName\":\"search_term_string\"}}],\"inLanguage\":\"es\"}]}<\/script>\n<!-- \/ Yoast SEO plugin. -->","yoast_head_json":{"title":"Plantilla del r\u00e9gimen de autorizaci\u00f3n - consultingcheck","robots":{"index":"index","follow":"follow","max-snippet":"max-snippet:-1","max-image-preview":"max-image-preview:large","max-video-preview":"max-video-preview:-1"},"canonical":"https:\/\/www.consultingcheck.com\/es\/ressource\/regimen-de-autorizacion\/","og_locale":"es_ES","og_type":"article","og_title":"Plantilla del r\u00e9gimen de autorizaci\u00f3n - consultingcheck","og_description":"Con esta plantilla podr\u00e1 definir de forma sistem\u00e1tica y coherente los poderes en su empresa.","og_url":"https:\/\/www.consultingcheck.com\/es\/ressource\/regimen-de-autorizacion\/","og_site_name":"consultingcheck","twitter_card":"summary_large_image","twitter_misc":{"Tiempo de lectura":"2 minutos"},"schema":{"@context":"https:\/\/schema.org","@graph":[{"@type":"WebPage","@id":"https:\/\/www.consultingcheck.com\/es\/ressource\/regimen-de-autorizacion\/","url":"https:\/\/www.consultingcheck.com\/es\/ressource\/regimen-de-autorizacion\/","name":"Plantilla del r\u00e9gimen de autorizaci\u00f3n - consultingcheck","isPartOf":{"@id":"https:\/\/www.consultingcheck.com\/es\/#website"},"primaryImageOfPage":{"@id":"https:\/\/www.consultingcheck.com\/es\/ressource\/regimen-de-autorizacion\/#primaryimage"},"image":{"@id":"https:\/\/www.consultingcheck.com\/es\/ressource\/regimen-de-autorizacion\/#primaryimage"},"thumbnailUrl":"https:\/\/www.consultingcheck.com\/wp-content\/uploads\/2024\/06\/regimen-de-autorizacion.jpg","datePublished":"2023-01-29T12:46:30+00:00","breadcrumb":{"@id":"https:\/\/www.consultingcheck.com\/es\/ressource\/regimen-de-autorizacion\/#breadcrumb"},"inLanguage":"es","potentialAction":[{"@type":"ReadAction","target":["https:\/\/www.consultingcheck.com\/es\/ressource\/regimen-de-autorizacion\/"]}]},{"@type":"ImageObject","inLanguage":"es","@id":"https:\/\/www.consultingcheck.com\/es\/ressource\/regimen-de-autorizacion\/#primaryimage","url":"https:\/\/www.consultingcheck.com\/wp-content\/uploads\/2024\/06\/regimen-de-autorizacion.jpg","contentUrl":"https:\/\/www.consultingcheck.com\/wp-content\/uploads\/2024\/06\/regimen-de-autorizacion.jpg","width":1000,"height":679,"caption":"Ein Screenshot der Vorlage f\u00fcr ein Autorisierungsschema."},{"@type":"BreadcrumbList","@id":"https:\/\/www.consultingcheck.com\/es\/ressource\/regimen-de-autorizacion\/#breadcrumb","itemListElement":[{"@type":"ListItem","position":1,"name":"Startseite","item":"https:\/\/www.consultingcheck.com\/es\/"},{"@type":"ListItem","position":2,"name":"Descargas, aplicaciones y productos","item":"https:\/\/www.consultingcheck.com\/es\/herramientas\/descargas-aplicaciones-y-productos\/"},{"@type":"ListItem","position":3,"name":"Plantilla del r\u00e9gimen de autorizaci\u00f3n"}]},{"@type":"WebSite","@id":"https:\/\/www.consultingcheck.com\/es\/#website","url":"https:\/\/www.consultingcheck.com\/es\/","name":"consultingcheck","description":"Vernetzt gedacht. Entzaubert. Hands-on.","potentialAction":[{"@type":"SearchAction","target":{"@type":"EntryPoint","urlTemplate":"https:\/\/www.consultingcheck.com\/es\/?s={search_term_string}"},"query-input":{"@type":"PropertyValueSpecification","valueRequired":true,"valueName":"search_term_string"}}],"inLanguage":"es"}]}},"_links":{"self":[{"href":"https:\/\/www.consultingcheck.com\/es\/wp-json\/wp\/v2\/product\/14704","targetHints":{"allow":["GET"]}}],"collection":[{"href":"https:\/\/www.consultingcheck.com\/es\/wp-json\/wp\/v2\/product"}],"about":[{"href":"https:\/\/www.consultingcheck.com\/es\/wp-json\/wp\/v2\/types\/product"}],"wp:featuredmedia":[{"embeddable":true,"href":"https:\/\/www.consultingcheck.com\/es\/wp-json\/wp\/v2\/media\/20221"}],"wp:attachment":[{"href":"https:\/\/www.consultingcheck.com\/es\/wp-json\/wp\/v2\/media?parent=14704"}],"wp:term":[{"taxonomy":"product_brand","embeddable":true,"href":"https:\/\/www.consultingcheck.com\/es\/wp-json\/wp\/v2\/product_brand?post=14704"},{"taxonomy":"product_cat","embeddable":true,"href":"https:\/\/www.consultingcheck.com\/es\/wp-json\/wp\/v2\/product_cat?post=14704"},{"taxonomy":"product_tag","embeddable":true,"href":"https:\/\/www.consultingcheck.com\/es\/wp-json\/wp\/v2\/product_tag?post=14704"},{"taxonomy":"jask_topic_categories","embeddable":true,"href":"https:\/\/www.consultingcheck.com\/es\/wp-json\/wp\/v2\/jask_topic_categories?post=14704"}],"curies":[{"name":"wp","href":"https:\/\/api.w.org\/{rel}","templated":true}]}}