{"id":14558,"date":"2021-11-09T00:49:52","date_gmt":"2023-01-24T09:49:27","guid":{"rendered":"https:\/\/www.consultingcheck.com\/ressource\/lista-de-comprobacion-para-la-diligencia-tecnica-debida\/"},"modified":"2023-08-25T12:06:36","modified_gmt":"2023-08-25T10:06:36","slug":"due-diligence-technical","status":"publish","type":"product","link":"https:\/\/www.consultingcheck.com\/es\/ressource\/due-diligence-technical\/","title":{"rendered":"Lista de comprobaci\u00f3n para la diligencia t\u00e9cnica debida"},"content":{"rendered":"<h3>Contenido<\/h3>\n<p>En el contexto de las operaciones corporativas, las empresas objetivo se eval\u00faan sistem\u00e1ticamente. Para ello se utiliza el instrumento de la diligencia debida. Una faceta de esta diligencia debida es el examen de las posibilidades y limitaciones operativas de la empresa en la que est\u00e1 interesado. La evaluaci\u00f3n sistem\u00e1tica de estos aspectos t\u00e9cnicos es el objeto de la diligencia debida t\u00e9cnica, para la que encontrar\u00e1 aqu\u00ed una lista de comprobaci\u00f3n estructurada.<\/p>\n<p>La lista de comprobaci\u00f3n pr\u00e1ctica aborda las operaciones y procesos empresariales con 6 preguntas, la protecci\u00f3n del medio ambiente con 21 preguntas y las instalaciones operativas con 10 preguntas.<\/p>\n<p>Como posible comprador, puede escribir sus conclusiones tras cada punto, utilizar las fuentes de informaci\u00f3n pertinentes, remitirse a las instalaciones, nombrar los documentos de verificaci\u00f3n y redactar sus comentarios. De este modo, se crea un registro de su inspecci\u00f3n durante la realizaci\u00f3n de la diligencia debida t\u00e9cnica. Si, tras su revisi\u00f3n, hace que el vendedor firme su confirmaci\u00f3n, dispondr\u00e1 de una valiosa base para las garant\u00edas que se definir\u00e1n en el contrato de compraventa.<\/p>\n<p>Esta lista de comprobaci\u00f3n tambi\u00e9n es valiosa para que los vendedores se preparen cuidadosamente para una diligencia debida t\u00e9cnica. Repase detenidamente los puntos de esta lista de comprobaci\u00f3n y considere c\u00f3mo puede encontrar respuestas a los mismos o qu\u00e9 deber\u00eda afilar a\u00fan en su empresa antes de la venta en lo que respecta a las posibilidades y limitaciones t\u00e9cnicas y a los aspectos medioambientales.<\/p>\n<p>Esta lista de comprobaci\u00f3n est\u00e1 disponible en alem\u00e1n, ingl\u00e9s y espa\u00f1ol, para que las transacciones de empresas puedan realizarse m\u00e1s all\u00e1 de las fronteras nacionales.<\/p>\n<p>&nbsp;<\/p>\n<h3>Ventajas de esta lista de comprobaci\u00f3n para la diligencia debida t\u00e9cnica<\/h3>\n<ul>\n<li>Con esta lista de comprobaci\u00f3n, usted ser\u00e1 consciente de las \u00e1reas esenciales relevantes para la revisi\u00f3n relacionadas con los aspectos t\u00e9cnicos y medioambientales.<\/li>\n<li>Recibir\u00e1 una lista de comprobaci\u00f3n orientada a la pr\u00e1ctica para la diligencia debida t\u00e9cnica con la profundidad adecuada.<\/li>\n<li>Para los compradores potenciales, el uso de esta lista de comprobaci\u00f3n durante la diligencia debida t\u00e9cnica crea una base s\u00f3lida para las garant\u00edas del vendedor que se definir\u00e1n en el contrato de compra.<\/li>\n<li>Para los vendedores, esta lista de comprobaci\u00f3n ofrece indicaciones concretas sobre las posibles preguntas que har\u00e1n los posibles compradores. La lista de comprobaci\u00f3n contribuye a una buena preparaci\u00f3n del proceso de venta y de la diligencia debida t\u00e9cnica asociada.<\/li>\n<\/ul>\n<p>&nbsp;<\/p>\n<h3>Descarga digital<\/h3>\n<p>Tras realizar el pedido, recibir\u00e1 un enlace de descarga a la lista de comprobaci\u00f3n estructurada, que podr\u00e1 utilizar inmediatamente.<\/p>\n<p>Tenga en cuenta que la lista de comprobaci\u00f3n a la que adquiere acceso es exclusivamente para su uso personal. Queda prohibida la reventa de la lista de comprobaci\u00f3n en cualquier forma y de cualquier manera digital o f\u00edsica, o su publicaci\u00f3n en cualquier publicaci\u00f3n f\u00edsica o en l\u00ednea sin mi permiso. Soy el \u00fanico titular de los derechos de autor de este archivo.<\/p>\n<p>Enlace para descargar: pdf<\/p>\n<h2>\u00bfQu\u00e9 significa \u00abdiligencia t\u00e9cnica debida\u00bb?<\/h2>\n<p>El t\u00e9rmino \u00abdiligencia debida t\u00e9cnica\u00bb incluye el registro sistem\u00e1tico de los requisitos previos, las posibilidades y las limitaciones operativas de una empresa o parte de una empresa. Esto incluye sobre todo las capacidades tecnol\u00f3gicas, los procesos utilizados, las capacidades, la flexibilidad y adaptabilidad operativas y las posibilidades de expansi\u00f3n, pero tambi\u00e9n las limitaciones.<\/p>\n<h2>Diligencia debida t\u00e9cnica para el sector inmobiliario: en qu\u00e9 hay que fijarse<\/h2>\n<p>La situaci\u00f3n de los bienes inmuebles comerciales suele evaluarse en el contexto de la diligencia debida t\u00e9cnica. Hay muchos aspectos jur\u00eddicos que deben tenerse en cuenta: \u00bfEst\u00e1 clara la titularidad de la propiedad? \u00bfSe han concedido todos los permisos de construcci\u00f3n? \u00bfExisten posibilidades de ampliaci\u00f3n? \u00bfC\u00f3mo se puede garantizar que no hay terrenos contaminados en la propiedad? Debido a estas caracter\u00edsticas especiales, tiene sentido llevar a cabo la diligencia debida t\u00e9cnica de los bienes inmuebles por separado. Para ello ofrecemos una lista de comprobaci\u00f3n aparte: la lista de comprobaci\u00f3n de la diligencia debida sobre el terreno.<\/p>\n","protected":false},"excerpt":{"rendered":"<h2><strong>Puede llevar a cabo la diligencia debida t\u00e9cnica con esta lista de comprobaci\u00f3n de eficacia probada.<\/strong><\/h2>\n","protected":false},"featured_media":20047,"template":"","meta":{"_links_to":"","_links_to_target":""},"product_brand":[],"product_cat":[1677,1286,1256],"product_tag":[],"jask_topic_categories":[1679,1681,1688,1650,1692,1651,1694,1652,1695,1656,1699,1673,1702,1263,1674,1703,1264,1675],"class_list":{"0":"post-14558","1":"product","2":"type-product","3":"status-publish","4":"has-post-thumbnail","6":"product_cat-listas-de-comprobacion-de-la-diligencia-debida","7":"product_cat-lista-de-verificacion","8":"product_cat-transacciones-de-empresas","9":"jask_topic_categories-desarrollo-de-productos","10":"jask_topic_categories-control-y-gestion-de-riesgos","11":"jask_topic_categories-diligencia-debida-tecnica","12":"jask_topic_categories-optimizacion-de-costes-para-aumentar-los-beneficios","13":"jask_topic_categories-reduccion-de-costes-de-fabricacion","14":"jask_topic_categories-seleccion-de-procesos-de-fabricacion","15":"jask_topic_categories-reduccion-de-los-activos-no-operativos","16":"jask_topic_categories-optimizacion-del-proceso-de-produccion","17":"jask_topic_categories-adquisiciones","18":"jask_topic_categories-gestion","19":"jask_topic_categories-distribucion","20":"jask_topic_categories-crisis-y-rehabilitacion","21":"jask_topic_categories-comercializacion-y-distribucion","22":"jask_topic_categories-aumento-del-rendimiento","23":"jask_topic_categories-conceptos-de-renovacion-a-medida","24":"jask_topic_categories-organizacion-de-ventas","25":"jask_topic_categories-estabilizacion","26":"jask_topic_categories-concepto-de-reestructuracion-con-prevision-de-continuacion-segun-idw-s6","28":"first","29":"instock","30":"sold-individually","31":"taxable","32":"shipping-taxable","33":"purchasable","34":"product-type-variable"},"yoast_head":"<!-- This site is optimized with the Yoast SEO plugin v27.5 - https:\/\/yoast.com\/product\/yoast-seo-wordpress\/ -->\n<title>Lista de comprobaci\u00f3n para la diligencia t\u00e9cnica debida - consultingcheck<\/title>\n<meta name=\"description\" content=\"Lista de comprobaci\u00f3n para la diligencia debida t\u00e9cnica para descargar: realice una evaluaci\u00f3n \u00f3ptima f\u00e1cilmente. \u00a1Inf\u00f3rmese y desc\u00e1rguela ahora!\" \/>\n<meta name=\"robots\" content=\"index, follow, max-snippet:-1, max-image-preview:large, max-video-preview:-1\" \/>\n<link rel=\"canonical\" href=\"https:\/\/www.consultingcheck.com\/es\/ressource\/due-diligence-technical\/\" \/>\n<meta property=\"og:locale\" content=\"es_ES\" \/>\n<meta property=\"og:type\" content=\"article\" \/>\n<meta property=\"og:title\" content=\"Lista de comprobaci\u00f3n para la diligencia t\u00e9cnica debida - consultingcheck\" \/>\n<meta property=\"og:description\" content=\"Lista de comprobaci\u00f3n para la diligencia debida t\u00e9cnica para descargar: realice una evaluaci\u00f3n \u00f3ptima f\u00e1cilmente. \u00a1Inf\u00f3rmese y desc\u00e1rguela ahora!\" \/>\n<meta property=\"og:url\" content=\"https:\/\/www.consultingcheck.com\/es\/ressource\/due-diligence-technical\/\" \/>\n<meta property=\"og:site_name\" content=\"consultingcheck\" \/>\n<meta property=\"article:modified_time\" content=\"2023-08-25T10:06:36+00:00\" \/>\n<meta name=\"twitter:card\" content=\"summary_large_image\" \/>\n<meta name=\"twitter:label1\" content=\"Tiempo de lectura\" \/>\n\t<meta name=\"twitter:data1\" content=\"4 minutos\" \/>\n<script type=\"application\/ld+json\" class=\"yoast-schema-graph\">{\"@context\":\"https:\\\/\\\/schema.org\",\"@graph\":[{\"@type\":\"WebPage\",\"@id\":\"https:\\\/\\\/www.consultingcheck.com\\\/es\\\/ressource\\\/due-diligence-technical\\\/\",\"url\":\"https:\\\/\\\/www.consultingcheck.com\\\/es\\\/ressource\\\/due-diligence-technical\\\/\",\"name\":\"Lista de comprobaci\u00f3n para la diligencia t\u00e9cnica debida - consultingcheck\",\"isPartOf\":{\"@id\":\"https:\\\/\\\/www.consultingcheck.com\\\/es\\\/#website\"},\"primaryImageOfPage\":{\"@id\":\"https:\\\/\\\/www.consultingcheck.com\\\/es\\\/ressource\\\/due-diligence-technical\\\/#primaryimage\"},\"image\":{\"@id\":\"https:\\\/\\\/www.consultingcheck.com\\\/es\\\/ressource\\\/due-diligence-technical\\\/#primaryimage\"},\"thumbnailUrl\":\"https:\\\/\\\/www.consultingcheck.com\\\/wp-content\\\/uploads\\\/2024\\\/06\\\/due-diligence-technical-esp.jpg\",\"datePublished\":\"2023-01-24T09:49:27+00:00\",\"dateModified\":\"2023-08-25T10:06:36+00:00\",\"description\":\"Lista de comprobaci\u00f3n para la diligencia debida t\u00e9cnica para descargar: realice una evaluaci\u00f3n \u00f3ptima f\u00e1cilmente. \u00a1Inf\u00f3rmese y desc\u00e1rguela ahora!\",\"breadcrumb\":{\"@id\":\"https:\\\/\\\/www.consultingcheck.com\\\/es\\\/ressource\\\/due-diligence-technical\\\/#breadcrumb\"},\"inLanguage\":\"es\",\"potentialAction\":[{\"@type\":\"ReadAction\",\"target\":[\"https:\\\/\\\/www.consultingcheck.com\\\/es\\\/ressource\\\/due-diligence-technical\\\/\"]}]},{\"@type\":\"ImageObject\",\"inLanguage\":\"es\",\"@id\":\"https:\\\/\\\/www.consultingcheck.com\\\/es\\\/ressource\\\/due-diligence-technical\\\/#primaryimage\",\"url\":\"https:\\\/\\\/www.consultingcheck.com\\\/wp-content\\\/uploads\\\/2024\\\/06\\\/due-diligence-technical-esp.jpg\",\"contentUrl\":\"https:\\\/\\\/www.consultingcheck.com\\\/wp-content\\\/uploads\\\/2024\\\/06\\\/due-diligence-technical-esp.jpg\",\"width\":1000,\"height\":679,\"caption\":\"Ein Screenshot der Checkliste f\u00fcr die Technical Due Diligence.\"},{\"@type\":\"BreadcrumbList\",\"@id\":\"https:\\\/\\\/www.consultingcheck.com\\\/es\\\/ressource\\\/due-diligence-technical\\\/#breadcrumb\",\"itemListElement\":[{\"@type\":\"ListItem\",\"position\":1,\"name\":\"Startseite\",\"item\":\"https:\\\/\\\/www.consultingcheck.com\\\/es\\\/\"},{\"@type\":\"ListItem\",\"position\":2,\"name\":\"Descargas, aplicaciones y productos\",\"item\":\"https:\\\/\\\/www.consultingcheck.com\\\/es\\\/herramientas\\\/descargas-aplicaciones-y-productos\\\/\"},{\"@type\":\"ListItem\",\"position\":3,\"name\":\"Lista de comprobaci\u00f3n para la diligencia t\u00e9cnica debida\"}]},{\"@type\":\"WebSite\",\"@id\":\"https:\\\/\\\/www.consultingcheck.com\\\/es\\\/#website\",\"url\":\"https:\\\/\\\/www.consultingcheck.com\\\/es\\\/\",\"name\":\"consultingcheck\",\"description\":\"Vernetzt gedacht. Entzaubert. Hands-on.\",\"potentialAction\":[{\"@type\":\"SearchAction\",\"target\":{\"@type\":\"EntryPoint\",\"urlTemplate\":\"https:\\\/\\\/www.consultingcheck.com\\\/es\\\/?s={search_term_string}\"},\"query-input\":{\"@type\":\"PropertyValueSpecification\",\"valueRequired\":true,\"valueName\":\"search_term_string\"}}],\"inLanguage\":\"es\"}]}<\/script>\n<!-- \/ Yoast SEO plugin. -->","yoast_head_json":{"title":"Lista de comprobaci\u00f3n para la diligencia t\u00e9cnica debida - consultingcheck","description":"Lista de comprobaci\u00f3n para la diligencia debida t\u00e9cnica para descargar: realice una evaluaci\u00f3n \u00f3ptima f\u00e1cilmente. \u00a1Inf\u00f3rmese y desc\u00e1rguela ahora!","robots":{"index":"index","follow":"follow","max-snippet":"max-snippet:-1","max-image-preview":"max-image-preview:large","max-video-preview":"max-video-preview:-1"},"canonical":"https:\/\/www.consultingcheck.com\/es\/ressource\/due-diligence-technical\/","og_locale":"es_ES","og_type":"article","og_title":"Lista de comprobaci\u00f3n para la diligencia t\u00e9cnica debida - consultingcheck","og_description":"Lista de comprobaci\u00f3n para la diligencia debida t\u00e9cnica para descargar: realice una evaluaci\u00f3n \u00f3ptima f\u00e1cilmente. \u00a1Inf\u00f3rmese y desc\u00e1rguela ahora!","og_url":"https:\/\/www.consultingcheck.com\/es\/ressource\/due-diligence-technical\/","og_site_name":"consultingcheck","article_modified_time":"2023-08-25T10:06:36+00:00","twitter_card":"summary_large_image","twitter_misc":{"Tiempo de lectura":"4 minutos"},"schema":{"@context":"https:\/\/schema.org","@graph":[{"@type":"WebPage","@id":"https:\/\/www.consultingcheck.com\/es\/ressource\/due-diligence-technical\/","url":"https:\/\/www.consultingcheck.com\/es\/ressource\/due-diligence-technical\/","name":"Lista de comprobaci\u00f3n para la diligencia t\u00e9cnica debida - consultingcheck","isPartOf":{"@id":"https:\/\/www.consultingcheck.com\/es\/#website"},"primaryImageOfPage":{"@id":"https:\/\/www.consultingcheck.com\/es\/ressource\/due-diligence-technical\/#primaryimage"},"image":{"@id":"https:\/\/www.consultingcheck.com\/es\/ressource\/due-diligence-technical\/#primaryimage"},"thumbnailUrl":"https:\/\/www.consultingcheck.com\/wp-content\/uploads\/2024\/06\/due-diligence-technical-esp.jpg","datePublished":"2023-01-24T09:49:27+00:00","dateModified":"2023-08-25T10:06:36+00:00","description":"Lista de comprobaci\u00f3n para la diligencia debida t\u00e9cnica para descargar: realice una evaluaci\u00f3n \u00f3ptima f\u00e1cilmente. \u00a1Inf\u00f3rmese y desc\u00e1rguela ahora!","breadcrumb":{"@id":"https:\/\/www.consultingcheck.com\/es\/ressource\/due-diligence-technical\/#breadcrumb"},"inLanguage":"es","potentialAction":[{"@type":"ReadAction","target":["https:\/\/www.consultingcheck.com\/es\/ressource\/due-diligence-technical\/"]}]},{"@type":"ImageObject","inLanguage":"es","@id":"https:\/\/www.consultingcheck.com\/es\/ressource\/due-diligence-technical\/#primaryimage","url":"https:\/\/www.consultingcheck.com\/wp-content\/uploads\/2024\/06\/due-diligence-technical-esp.jpg","contentUrl":"https:\/\/www.consultingcheck.com\/wp-content\/uploads\/2024\/06\/due-diligence-technical-esp.jpg","width":1000,"height":679,"caption":"Ein Screenshot der Checkliste f\u00fcr die Technical Due Diligence."},{"@type":"BreadcrumbList","@id":"https:\/\/www.consultingcheck.com\/es\/ressource\/due-diligence-technical\/#breadcrumb","itemListElement":[{"@type":"ListItem","position":1,"name":"Startseite","item":"https:\/\/www.consultingcheck.com\/es\/"},{"@type":"ListItem","position":2,"name":"Descargas, aplicaciones y productos","item":"https:\/\/www.consultingcheck.com\/es\/herramientas\/descargas-aplicaciones-y-productos\/"},{"@type":"ListItem","position":3,"name":"Lista de comprobaci\u00f3n para la diligencia t\u00e9cnica debida"}]},{"@type":"WebSite","@id":"https:\/\/www.consultingcheck.com\/es\/#website","url":"https:\/\/www.consultingcheck.com\/es\/","name":"consultingcheck","description":"Vernetzt gedacht. Entzaubert. Hands-on.","potentialAction":[{"@type":"SearchAction","target":{"@type":"EntryPoint","urlTemplate":"https:\/\/www.consultingcheck.com\/es\/?s={search_term_string}"},"query-input":{"@type":"PropertyValueSpecification","valueRequired":true,"valueName":"search_term_string"}}],"inLanguage":"es"}]}},"_links":{"self":[{"href":"https:\/\/www.consultingcheck.com\/es\/wp-json\/wp\/v2\/product\/14558","targetHints":{"allow":["GET"]}}],"collection":[{"href":"https:\/\/www.consultingcheck.com\/es\/wp-json\/wp\/v2\/product"}],"about":[{"href":"https:\/\/www.consultingcheck.com\/es\/wp-json\/wp\/v2\/types\/product"}],"wp:featuredmedia":[{"embeddable":true,"href":"https:\/\/www.consultingcheck.com\/es\/wp-json\/wp\/v2\/media\/20047"}],"wp:attachment":[{"href":"https:\/\/www.consultingcheck.com\/es\/wp-json\/wp\/v2\/media?parent=14558"}],"wp:term":[{"taxonomy":"product_brand","embeddable":true,"href":"https:\/\/www.consultingcheck.com\/es\/wp-json\/wp\/v2\/product_brand?post=14558"},{"taxonomy":"product_cat","embeddable":true,"href":"https:\/\/www.consultingcheck.com\/es\/wp-json\/wp\/v2\/product_cat?post=14558"},{"taxonomy":"product_tag","embeddable":true,"href":"https:\/\/www.consultingcheck.com\/es\/wp-json\/wp\/v2\/product_tag?post=14558"},{"taxonomy":"jask_topic_categories","embeddable":true,"href":"https:\/\/www.consultingcheck.com\/es\/wp-json\/wp\/v2\/jask_topic_categories?post=14558"}],"curies":[{"name":"wp","href":"https:\/\/api.w.org\/{rel}","templated":true}]}}