{"id":14538,"date":"2021-11-09T00:49:52","date_gmt":"2023-01-24T09:41:46","guid":{"rendered":"https:\/\/www.consultingcheck.com\/ressource\/lista-de-control-para-la-diligencia-debida-legal\/"},"modified":"2023-01-24T10:41:46","modified_gmt":"2023-01-24T09:41:46","slug":"due-diligence-legal","status":"publish","type":"product","link":"https:\/\/www.consultingcheck.com\/es\/ressource\/due-diligence-legal\/","title":{"rendered":"Lista de control para la diligencia debida legal"},"content":{"rendered":"<h3>Contenido<\/h3>\n<p>En el contexto de las operaciones corporativas, las empresas objetivo se eval\u00faan sistem\u00e1ticamente. El instrumento de la diligencia debida sirve a este prop\u00f3sito. Una faceta de esta diligencia debida es revisar la legalidad de la empresa que le interesa. La evaluaci\u00f3n sistem\u00e1tica de estos aspectos jur\u00eddicos es el objeto de la diligencia debida legal, para la que encontrar\u00e1 aqu\u00ed una lista de comprobaci\u00f3n estructurada.<\/p>\n<p>La lista de comprobaci\u00f3n pr\u00e1ctica aborda cuestiones de Derecho de sociedades, personal y estructura organizativa, con 38 preguntas, y posibles conflictos jur\u00eddicos, con 3 preguntas.<\/p>\n<p>Como posible comprador, puede escribir sus conclusiones sobre cada punto, utilizar fuentes de informaci\u00f3n pertinentes, remitirse a los anexos, nombrar los documentos justificativos y redactar sus comentarios. Esto crea un registro de su revisi\u00f3n durante la realizaci\u00f3n de la diligencia debida legal. Si, tras su inspecci\u00f3n, hace que el vendedor firme su confirmaci\u00f3n, dispondr\u00e1 de una valiosa base para las garant\u00edas que se definir\u00e1n en el contrato de compraventa.<\/p>\n<p>Esta lista de comprobaci\u00f3n tambi\u00e9n es valiosa para que los vendedores se preparen cuidadosamente para la diligencia debida legal. Repase detenidamente los puntos de esta lista de comprobaci\u00f3n y piense c\u00f3mo puede encontrar respuestas a los mismos o qu\u00e9 deber\u00eda seguir afilando en su empresa desde el punto de vista jur\u00eddico antes de la venta.<\/p>\n<p>Con el fin de facilitar las transacciones empresariales en distintos pa\u00edses, esta lista de comprobaci\u00f3n est\u00e1 disponible en alem\u00e1n, ingl\u00e9s y espa\u00f1ol.<\/p>\n<p>&nbsp;<\/p>\n<h3>Ventajas<\/h3>\n<ul>\n<li>Esta lista de comprobaci\u00f3n le avisar\u00e1 de los campos de comprobaci\u00f3n esenciales que afectan a la situaci\u00f3n jur\u00eddica.<\/li>\n<li>Recibir\u00e1 una lista de comprobaci\u00f3n orientada a la pr\u00e1ctica para la diligencia debida legal que tiene un nivel adecuado de profundidad.<\/li>\n<li>Para los compradores potenciales, el uso de esta lista de comprobaci\u00f3n durante la diligencia debida legal crea una base s\u00f3lida para que las garant\u00edas del vendedor se definan en el acuerdo de compra.<\/li>\n<li>Para los vendedores, esta lista de comprobaci\u00f3n ofrece consejos concretos sobre las posibles preguntas que har\u00e1n los posibles compradores. La lista de comprobaci\u00f3n ayuda a preparar bien el proceso de venta y la diligencia debida legal asociada.<\/li>\n<\/ul>\n<p><strong> <\/strong><\/p>\n<h3>Descarga digital<\/h3>\n<p>Tras el pedido, recibir\u00e1 un enlace de descarga a la lista de control estructurada, que podr\u00e1 utilizar inmediatamente.<\/p>\n<p>Tenga en cuenta que esta lista de control a la que est\u00e1 comprando acceso es para su uso personal. Queda prohibida la reventa de la lista de comprobaci\u00f3n en cualquier forma y de manera digital o f\u00edsica o su publicaci\u00f3n en cualquier publicaci\u00f3n f\u00edsica o en l\u00ednea sin mi permiso. Soy el \u00fanico titular de los derechos de autor de este archivo.<\/p>\n<p>Enlace de descarga: pdf<\/p>\n","protected":false},"excerpt":{"rendered":"<h2><strong>Puede llevar a cabo la diligencia debida legal con esta lista de comprobaci\u00f3n de eficacia probada.<\/strong><\/h2>\n","protected":false},"featured_media":20068,"template":"","meta":{"_links_to":"","_links_to_target":""},"product_brand":[],"product_cat":[1677,1256,1286],"product_tag":[],"jask_topic_categories":[1656,1675,1681,1264,1684,1265,1705,1272],"class_list":{"0":"post-14538","1":"product","2":"type-product","3":"status-publish","4":"has-post-thumbnail","6":"product_cat-listas-de-comprobacion-de-la-diligencia-debida","7":"product_cat-transacciones-de-empresas","8":"product_cat-lista-de-verificacion","9":"jask_topic_categories-gestion","10":"jask_topic_categories-concepto-de-reestructuracion-con-prevision-de-continuacion-segun-idw-s6","11":"jask_topic_categories-control-y-gestion-de-riesgos","12":"jask_topic_categories-estabilizacion","13":"jask_topic_categories-procesos","14":"jask_topic_categories-liderazgo","15":"jask_topic_categories-cooperacion","16":"jask_topic_categories-crisis-aguda","18":"first","19":"instock","20":"sold-individually","21":"taxable","22":"shipping-taxable","23":"purchasable","24":"product-type-variable"},"yoast_head":"<!-- This site is optimized with the Yoast SEO plugin v27.4 - https:\/\/yoast.com\/product\/yoast-seo-wordpress\/ -->\n<title>Lista de control para la diligencia debida legal - consultingcheck<\/title>\n<meta name=\"description\" content=\"Contratos de suministro, contratos de venta, contratos de trabajo, contratos de financiaci\u00f3n, contratos de alquiler, contratos de arrendamiento financiero, contratos marco, contratos de servicios\" \/>\n<meta name=\"robots\" content=\"index, follow, max-snippet:-1, max-image-preview:large, max-video-preview:-1\" \/>\n<link rel=\"canonical\" href=\"https:\/\/www.consultingcheck.com\/es\/ressource\/due-diligence-legal\/\" \/>\n<meta property=\"og:locale\" content=\"es_ES\" \/>\n<meta property=\"og:type\" content=\"article\" \/>\n<meta property=\"og:title\" content=\"Lista de control para la diligencia debida legal - consultingcheck\" \/>\n<meta property=\"og:description\" content=\"Contratos de suministro, contratos de venta, contratos de trabajo, contratos de financiaci\u00f3n, contratos de alquiler, contratos de arrendamiento financiero, contratos marco, contratos de servicios\" \/>\n<meta property=\"og:url\" content=\"https:\/\/www.consultingcheck.com\/es\/ressource\/due-diligence-legal\/\" \/>\n<meta property=\"og:site_name\" content=\"consultingcheck\" \/>\n<meta name=\"twitter:card\" content=\"summary_large_image\" \/>\n<meta name=\"twitter:label1\" content=\"Tiempo de lectura\" \/>\n\t<meta name=\"twitter:data1\" content=\"2 minutos\" \/>\n<script type=\"application\/ld+json\" class=\"yoast-schema-graph\">{\"@context\":\"https:\\\/\\\/schema.org\",\"@graph\":[{\"@type\":\"WebPage\",\"@id\":\"https:\\\/\\\/www.consultingcheck.com\\\/es\\\/ressource\\\/due-diligence-legal\\\/\",\"url\":\"https:\\\/\\\/www.consultingcheck.com\\\/es\\\/ressource\\\/due-diligence-legal\\\/\",\"name\":\"Lista de control para la diligencia debida legal - consultingcheck\",\"isPartOf\":{\"@id\":\"https:\\\/\\\/www.consultingcheck.com\\\/es\\\/#website\"},\"primaryImageOfPage\":{\"@id\":\"https:\\\/\\\/www.consultingcheck.com\\\/es\\\/ressource\\\/due-diligence-legal\\\/#primaryimage\"},\"image\":{\"@id\":\"https:\\\/\\\/www.consultingcheck.com\\\/es\\\/ressource\\\/due-diligence-legal\\\/#primaryimage\"},\"thumbnailUrl\":\"https:\\\/\\\/www.consultingcheck.com\\\/wp-content\\\/uploads\\\/2024\\\/06\\\/due-diligence-legal-esp.jpg\",\"datePublished\":\"2023-01-24T09:41:46+00:00\",\"description\":\"Contratos de suministro, contratos de venta, contratos de trabajo, contratos de financiaci\u00f3n, contratos de alquiler, contratos de arrendamiento financiero, contratos marco, contratos de servicios\",\"breadcrumb\":{\"@id\":\"https:\\\/\\\/www.consultingcheck.com\\\/es\\\/ressource\\\/due-diligence-legal\\\/#breadcrumb\"},\"inLanguage\":\"es\",\"potentialAction\":[{\"@type\":\"ReadAction\",\"target\":[\"https:\\\/\\\/www.consultingcheck.com\\\/es\\\/ressource\\\/due-diligence-legal\\\/\"]}]},{\"@type\":\"ImageObject\",\"inLanguage\":\"es\",\"@id\":\"https:\\\/\\\/www.consultingcheck.com\\\/es\\\/ressource\\\/due-diligence-legal\\\/#primaryimage\",\"url\":\"https:\\\/\\\/www.consultingcheck.com\\\/wp-content\\\/uploads\\\/2024\\\/06\\\/due-diligence-legal-esp.jpg\",\"contentUrl\":\"https:\\\/\\\/www.consultingcheck.com\\\/wp-content\\\/uploads\\\/2024\\\/06\\\/due-diligence-legal-esp.jpg\",\"width\":1000,\"height\":679,\"caption\":\"Ein Screenshot der Checkliste f\u00fcr die Legal Due Diligence.\"},{\"@type\":\"BreadcrumbList\",\"@id\":\"https:\\\/\\\/www.consultingcheck.com\\\/es\\\/ressource\\\/due-diligence-legal\\\/#breadcrumb\",\"itemListElement\":[{\"@type\":\"ListItem\",\"position\":1,\"name\":\"Startseite\",\"item\":\"https:\\\/\\\/www.consultingcheck.com\\\/es\\\/\"},{\"@type\":\"ListItem\",\"position\":2,\"name\":\"Descargas, aplicaciones y productos\",\"item\":\"https:\\\/\\\/www.consultingcheck.com\\\/es\\\/herramientas\\\/descargas-aplicaciones-y-productos\\\/\"},{\"@type\":\"ListItem\",\"position\":3,\"name\":\"Lista de control para la diligencia debida legal\"}]},{\"@type\":\"WebSite\",\"@id\":\"https:\\\/\\\/www.consultingcheck.com\\\/es\\\/#website\",\"url\":\"https:\\\/\\\/www.consultingcheck.com\\\/es\\\/\",\"name\":\"consultingcheck\",\"description\":\"Vernetzt gedacht. Entzaubert. Hands-on.\",\"potentialAction\":[{\"@type\":\"SearchAction\",\"target\":{\"@type\":\"EntryPoint\",\"urlTemplate\":\"https:\\\/\\\/www.consultingcheck.com\\\/es\\\/?s={search_term_string}\"},\"query-input\":{\"@type\":\"PropertyValueSpecification\",\"valueRequired\":true,\"valueName\":\"search_term_string\"}}],\"inLanguage\":\"es\"}]}<\/script>\n<!-- \/ Yoast SEO plugin. -->","yoast_head_json":{"title":"Lista de control para la diligencia debida legal - consultingcheck","description":"Contratos de suministro, contratos de venta, contratos de trabajo, contratos de financiaci\u00f3n, contratos de alquiler, contratos de arrendamiento financiero, contratos marco, contratos de servicios","robots":{"index":"index","follow":"follow","max-snippet":"max-snippet:-1","max-image-preview":"max-image-preview:large","max-video-preview":"max-video-preview:-1"},"canonical":"https:\/\/www.consultingcheck.com\/es\/ressource\/due-diligence-legal\/","og_locale":"es_ES","og_type":"article","og_title":"Lista de control para la diligencia debida legal - consultingcheck","og_description":"Contratos de suministro, contratos de venta, contratos de trabajo, contratos de financiaci\u00f3n, contratos de alquiler, contratos de arrendamiento financiero, contratos marco, contratos de servicios","og_url":"https:\/\/www.consultingcheck.com\/es\/ressource\/due-diligence-legal\/","og_site_name":"consultingcheck","twitter_card":"summary_large_image","twitter_misc":{"Tiempo de lectura":"2 minutos"},"schema":{"@context":"https:\/\/schema.org","@graph":[{"@type":"WebPage","@id":"https:\/\/www.consultingcheck.com\/es\/ressource\/due-diligence-legal\/","url":"https:\/\/www.consultingcheck.com\/es\/ressource\/due-diligence-legal\/","name":"Lista de control para la diligencia debida legal - consultingcheck","isPartOf":{"@id":"https:\/\/www.consultingcheck.com\/es\/#website"},"primaryImageOfPage":{"@id":"https:\/\/www.consultingcheck.com\/es\/ressource\/due-diligence-legal\/#primaryimage"},"image":{"@id":"https:\/\/www.consultingcheck.com\/es\/ressource\/due-diligence-legal\/#primaryimage"},"thumbnailUrl":"https:\/\/www.consultingcheck.com\/wp-content\/uploads\/2024\/06\/due-diligence-legal-esp.jpg","datePublished":"2023-01-24T09:41:46+00:00","description":"Contratos de suministro, contratos de venta, contratos de trabajo, contratos de financiaci\u00f3n, contratos de alquiler, contratos de arrendamiento financiero, contratos marco, contratos de servicios","breadcrumb":{"@id":"https:\/\/www.consultingcheck.com\/es\/ressource\/due-diligence-legal\/#breadcrumb"},"inLanguage":"es","potentialAction":[{"@type":"ReadAction","target":["https:\/\/www.consultingcheck.com\/es\/ressource\/due-diligence-legal\/"]}]},{"@type":"ImageObject","inLanguage":"es","@id":"https:\/\/www.consultingcheck.com\/es\/ressource\/due-diligence-legal\/#primaryimage","url":"https:\/\/www.consultingcheck.com\/wp-content\/uploads\/2024\/06\/due-diligence-legal-esp.jpg","contentUrl":"https:\/\/www.consultingcheck.com\/wp-content\/uploads\/2024\/06\/due-diligence-legal-esp.jpg","width":1000,"height":679,"caption":"Ein Screenshot der Checkliste f\u00fcr die Legal Due Diligence."},{"@type":"BreadcrumbList","@id":"https:\/\/www.consultingcheck.com\/es\/ressource\/due-diligence-legal\/#breadcrumb","itemListElement":[{"@type":"ListItem","position":1,"name":"Startseite","item":"https:\/\/www.consultingcheck.com\/es\/"},{"@type":"ListItem","position":2,"name":"Descargas, aplicaciones y productos","item":"https:\/\/www.consultingcheck.com\/es\/herramientas\/descargas-aplicaciones-y-productos\/"},{"@type":"ListItem","position":3,"name":"Lista de control para la diligencia debida legal"}]},{"@type":"WebSite","@id":"https:\/\/www.consultingcheck.com\/es\/#website","url":"https:\/\/www.consultingcheck.com\/es\/","name":"consultingcheck","description":"Vernetzt gedacht. Entzaubert. Hands-on.","potentialAction":[{"@type":"SearchAction","target":{"@type":"EntryPoint","urlTemplate":"https:\/\/www.consultingcheck.com\/es\/?s={search_term_string}"},"query-input":{"@type":"PropertyValueSpecification","valueRequired":true,"valueName":"search_term_string"}}],"inLanguage":"es"}]}},"_links":{"self":[{"href":"https:\/\/www.consultingcheck.com\/es\/wp-json\/wp\/v2\/product\/14538","targetHints":{"allow":["GET"]}}],"collection":[{"href":"https:\/\/www.consultingcheck.com\/es\/wp-json\/wp\/v2\/product"}],"about":[{"href":"https:\/\/www.consultingcheck.com\/es\/wp-json\/wp\/v2\/types\/product"}],"wp:featuredmedia":[{"embeddable":true,"href":"https:\/\/www.consultingcheck.com\/es\/wp-json\/wp\/v2\/media\/20068"}],"wp:attachment":[{"href":"https:\/\/www.consultingcheck.com\/es\/wp-json\/wp\/v2\/media?parent=14538"}],"wp:term":[{"taxonomy":"product_brand","embeddable":true,"href":"https:\/\/www.consultingcheck.com\/es\/wp-json\/wp\/v2\/product_brand?post=14538"},{"taxonomy":"product_cat","embeddable":true,"href":"https:\/\/www.consultingcheck.com\/es\/wp-json\/wp\/v2\/product_cat?post=14538"},{"taxonomy":"product_tag","embeddable":true,"href":"https:\/\/www.consultingcheck.com\/es\/wp-json\/wp\/v2\/product_tag?post=14538"},{"taxonomy":"jask_topic_categories","embeddable":true,"href":"https:\/\/www.consultingcheck.com\/es\/wp-json\/wp\/v2\/jask_topic_categories?post=14538"}],"curies":[{"name":"wp","href":"https:\/\/api.w.org\/{rel}","templated":true}]}}