{"id":14527,"date":"2021-11-09T00:49:52","date_gmt":"2023-01-24T09:31:33","guid":{"rendered":"https:\/\/www.consultingcheck.com\/ressource\/descripciones-funcionales-ventas\/"},"modified":"2023-10-13T14:02:15","modified_gmt":"2023-10-13T12:02:15","slug":"distribucion","status":"publish","type":"product","link":"https:\/\/www.consultingcheck.com\/es\/ressource\/distribucion\/","title":{"rendered":"Descripciones funcionales \u00abVentas"},"content":{"rendered":"<h3>Contenido<\/h3>\n<p>Aqu\u00ed encontrar\u00e1 ejemplos de descripciones de funciones y perfiles de requisitos para ventas. Recibir\u00e1 8 descripciones, a saber:<\/p>\n<ul>\n<li>Gesti\u00f3n de ventas<\/li>\n<li>Gesti\u00f3n de cuentas clave<\/li>\n<li>Jefe de Gesti\u00f3n de Productos<\/li>\n<li>Jefe de Equipo de Servicio<\/li>\n<li>Equipo de servicio de tramitaci\u00f3n Ventas<\/li>\n<li>Jefe del equipo de adquisici\u00f3n de tel\u00e9fonos<\/li>\n<li>Adquisici\u00f3n de tel\u00e9fonos de empleados<\/li>\n<li>Gesti\u00f3n de proyectos<\/li>\n<\/ul>\n<p>&nbsp;<\/p>\n<p>Cada descripci\u00f3n funcional aborda los siguientes aspectos:<\/p>\n<ul>\n<li>El papel en la empresa<\/li>\n<li>Responsabilidades<\/li>\n<li>Poderes<\/li>\n<li>Actividades<\/li>\n<li>Cooperaci\u00f3n<\/li>\n<li>Integraci\u00f3n en la estructura organizativa<\/li>\n<li>Reglamento sobre representaci\u00f3n<\/li>\n<\/ul>\n<p>&nbsp;<\/p>\n<p>Cada perfil de requisitos contiene la siguiente informaci\u00f3n:<\/p>\n<ul>\n<li>Rasgos de personalidad<\/li>\n<li>Experiencia<\/li>\n<li>Habilidades profesionales especiales<\/li>\n<li>Competencia inform\u00e1tica general<\/li>\n<li>Educaci\u00f3n formal<\/li>\n<li>Conocimientos ling\u00fc\u00edsticos<\/li>\n<\/ul>\n<p>&nbsp;<\/p>\n<h3>Ventajas<\/h3>\n<ul>\n<li>Estas plantillas de formato para descripciones de funciones y perfiles de requisitos le ofrecen sugerencias de contenidos relevantes que han demostrado su eficacia en la pr\u00e1ctica.<\/li>\n<li>Puede adaptar los archivos abiertos de MS Word a las necesidades de su organizaci\u00f3n.<\/li>\n<\/ul>\n<p>&nbsp;<\/p>\n<h3>Descarga digital<\/h3>\n<p>Tras realizar el pedido, recibir\u00e1 un enlace de descarga con las descripciones de las funciones y los perfiles de requisitos, que podr\u00e1 utilizar inmediatamente.<\/p>\n<p>Tenga en cuenta que estas descripciones de funciones y perfiles de requisitos a los que adquiere acceso est\u00e1n destinados exclusivamente a su uso personal. Queda prohibida su reventa en cualquier forma y de manera digital o f\u00edsica o su publicaci\u00f3n en cualquier publicaci\u00f3n f\u00edsica u online sin mi permiso. Soy el \u00fanico titular de los derechos de autor de estos archivos.<\/p>\n<p>Enlace para descargar: Archivos MS Word<\/p>\n","protected":false},"excerpt":{"rendered":"<h2><strong>Aqu\u00ed encontrar\u00e1 ejemplos significativos de descripciones de funciones para la distribuci\u00f3n<\/strong><\/h2>\n","protected":false},"featured_media":20173,"template":"","meta":{"_links_to":"","_links_to_target":""},"product_brand":[],"product_cat":[1290,1291,1257],"product_tag":[],"jask_topic_categories":[1703,1705,1706,1671,1680,1684,1685,1261,1699,1262,1700,1701,1702],"class_list":{"0":"post-14527","1":"product","2":"type-product","3":"status-publish","4":"has-post-thumbnail","6":"product_cat-descripcion-de-function-laboral","7":"product_cat-muestra","8":"product_cat-ventas","9":"jask_topic_categories-organizacion-de-ventas","10":"jask_topic_categories-cooperacion","11":"jask_topic_categories-buscar-perfil-de-candidatos","12":"jask_topic_categories-preguntas-basicas","13":"jask_topic_categories-visita-al-exterior","14":"jask_topic_categories-procesos","15":"jask_topic_categories-gestion-de-recursos-humanos","16":"jask_topic_categories-gestion-estrategica-de-distribucion","17":"jask_topic_categories-distribucion","18":"jask_topic_categories-direccion-operativa-de-distribucion","19":"jask_topic_categories-gestion-de-ventas","20":"jask_topic_categories-agilizacion-para-la-adaptacion-continua","21":"jask_topic_categories-comercializacion-y-distribucion","23":"first","24":"instock","25":"sold-individually","26":"taxable","27":"shipping-taxable","28":"purchasable","29":"product-type-variable"},"yoast_head":"<!-- This site is optimized with the Yoast SEO plugin v27.4 - https:\/\/yoast.com\/product\/yoast-seo-wordpress\/ -->\n<title>Descripciones funcionales &quot;Ventas - consultingcheck<\/title>\n<meta name=\"description\" content=\"Ventas, gesti\u00f3n de grandes cuentas, captaci\u00f3n de clientes, fidelizaci\u00f3n de clientes, cierre de ventas, conocimiento del centro de compra, relaciones con los clientes\" \/>\n<meta name=\"robots\" content=\"index, follow, max-snippet:-1, max-image-preview:large, max-video-preview:-1\" \/>\n<link rel=\"canonical\" href=\"https:\/\/www.consultingcheck.com\/es\/ressource\/distribucion\/\" \/>\n<meta property=\"og:locale\" content=\"es_ES\" \/>\n<meta property=\"og:type\" content=\"article\" \/>\n<meta property=\"og:title\" content=\"Descripciones funcionales &quot;Ventas - consultingcheck\" \/>\n<meta property=\"og:description\" content=\"Ventas, gesti\u00f3n de grandes cuentas, captaci\u00f3n de clientes, fidelizaci\u00f3n de clientes, cierre de ventas, conocimiento del centro de compra, relaciones con los clientes\" \/>\n<meta property=\"og:url\" content=\"https:\/\/www.consultingcheck.com\/es\/ressource\/distribucion\/\" \/>\n<meta property=\"og:site_name\" content=\"consultingcheck\" \/>\n<meta property=\"article:modified_time\" content=\"2023-10-13T12:02:15+00:00\" \/>\n<meta property=\"og:image\" content=\"https:\/\/www.consultingcheck.com\/wp-content\/uploads\/2023\/09\/Jefe-de-ventas.png\" \/>\n\t<meta property=\"og:image:width\" content=\"2205\" \/>\n\t<meta property=\"og:image:height\" content=\"1359\" \/>\n\t<meta property=\"og:image:type\" content=\"image\/png\" \/>\n<meta name=\"twitter:card\" content=\"summary_large_image\" \/>\n<meta name=\"twitter:label1\" content=\"Tiempo de lectura\" \/>\n\t<meta name=\"twitter:data1\" content=\"1 minuto\" \/>\n<script type=\"application\/ld+json\" class=\"yoast-schema-graph\">{\"@context\":\"https:\\\/\\\/schema.org\",\"@graph\":[{\"@type\":\"WebPage\",\"@id\":\"https:\\\/\\\/www.consultingcheck.com\\\/es\\\/ressource\\\/distribucion\\\/\",\"url\":\"https:\\\/\\\/www.consultingcheck.com\\\/es\\\/ressource\\\/distribucion\\\/\",\"name\":\"Descripciones funcionales \\\"Ventas - consultingcheck\",\"isPartOf\":{\"@id\":\"https:\\\/\\\/www.consultingcheck.com\\\/es\\\/#website\"},\"primaryImageOfPage\":{\"@id\":\"https:\\\/\\\/www.consultingcheck.com\\\/es\\\/ressource\\\/distribucion\\\/#primaryimage\"},\"image\":{\"@id\":\"https:\\\/\\\/www.consultingcheck.com\\\/es\\\/ressource\\\/distribucion\\\/#primaryimage\"},\"thumbnailUrl\":\"https:\\\/\\\/www.consultingcheck.com\\\/wp-content\\\/uploads\\\/2024\\\/06\\\/distribucion.jpg\",\"datePublished\":\"2023-01-24T09:31:33+00:00\",\"dateModified\":\"2023-10-13T12:02:15+00:00\",\"description\":\"Ventas, gesti\u00f3n de grandes cuentas, captaci\u00f3n de clientes, fidelizaci\u00f3n de clientes, cierre de ventas, conocimiento del centro de compra, relaciones con los clientes\",\"breadcrumb\":{\"@id\":\"https:\\\/\\\/www.consultingcheck.com\\\/es\\\/ressource\\\/distribucion\\\/#breadcrumb\"},\"inLanguage\":\"es\",\"potentialAction\":[{\"@type\":\"ReadAction\",\"target\":[\"https:\\\/\\\/www.consultingcheck.com\\\/es\\\/ressource\\\/distribucion\\\/\"]}]},{\"@type\":\"ImageObject\",\"inLanguage\":\"es\",\"@id\":\"https:\\\/\\\/www.consultingcheck.com\\\/es\\\/ressource\\\/distribucion\\\/#primaryimage\",\"url\":\"https:\\\/\\\/www.consultingcheck.com\\\/wp-content\\\/uploads\\\/2024\\\/06\\\/distribucion.jpg\",\"contentUrl\":\"https:\\\/\\\/www.consultingcheck.com\\\/wp-content\\\/uploads\\\/2024\\\/06\\\/distribucion.jpg\",\"width\":1000,\"height\":679,\"caption\":\"Ein Screenshot der Funktionsbeschreibungen Vertrieb.\"},{\"@type\":\"BreadcrumbList\",\"@id\":\"https:\\\/\\\/www.consultingcheck.com\\\/es\\\/ressource\\\/distribucion\\\/#breadcrumb\",\"itemListElement\":[{\"@type\":\"ListItem\",\"position\":1,\"name\":\"Startseite\",\"item\":\"https:\\\/\\\/www.consultingcheck.com\\\/es\\\/\"},{\"@type\":\"ListItem\",\"position\":2,\"name\":\"Descargas, aplicaciones y productos\",\"item\":\"https:\\\/\\\/www.consultingcheck.com\\\/es\\\/herramientas\\\/descargas-aplicaciones-y-productos\\\/\"},{\"@type\":\"ListItem\",\"position\":3,\"name\":\"Descripciones funcionales \u00abVentas\"}]},{\"@type\":\"WebSite\",\"@id\":\"https:\\\/\\\/www.consultingcheck.com\\\/es\\\/#website\",\"url\":\"https:\\\/\\\/www.consultingcheck.com\\\/es\\\/\",\"name\":\"consultingcheck\",\"description\":\"Vernetzt gedacht. Entzaubert. Hands-on.\",\"potentialAction\":[{\"@type\":\"SearchAction\",\"target\":{\"@type\":\"EntryPoint\",\"urlTemplate\":\"https:\\\/\\\/www.consultingcheck.com\\\/es\\\/?s={search_term_string}\"},\"query-input\":{\"@type\":\"PropertyValueSpecification\",\"valueRequired\":true,\"valueName\":\"search_term_string\"}}],\"inLanguage\":\"es\"}]}<\/script>\n<!-- \/ Yoast SEO plugin. -->","yoast_head_json":{"title":"Descripciones funcionales \"Ventas - consultingcheck","description":"Ventas, gesti\u00f3n de grandes cuentas, captaci\u00f3n de clientes, fidelizaci\u00f3n de clientes, cierre de ventas, conocimiento del centro de compra, relaciones con los clientes","robots":{"index":"index","follow":"follow","max-snippet":"max-snippet:-1","max-image-preview":"max-image-preview:large","max-video-preview":"max-video-preview:-1"},"canonical":"https:\/\/www.consultingcheck.com\/es\/ressource\/distribucion\/","og_locale":"es_ES","og_type":"article","og_title":"Descripciones funcionales \"Ventas - consultingcheck","og_description":"Ventas, gesti\u00f3n de grandes cuentas, captaci\u00f3n de clientes, fidelizaci\u00f3n de clientes, cierre de ventas, conocimiento del centro de compra, relaciones con los clientes","og_url":"https:\/\/www.consultingcheck.com\/es\/ressource\/distribucion\/","og_site_name":"consultingcheck","article_modified_time":"2023-10-13T12:02:15+00:00","og_image":[{"width":2205,"height":1359,"url":"https:\/\/www.consultingcheck.com\/wp-content\/uploads\/2023\/09\/Jefe-de-ventas.png","type":"image\/png"}],"twitter_card":"summary_large_image","twitter_misc":{"Tiempo de lectura":"1 minuto"},"schema":{"@context":"https:\/\/schema.org","@graph":[{"@type":"WebPage","@id":"https:\/\/www.consultingcheck.com\/es\/ressource\/distribucion\/","url":"https:\/\/www.consultingcheck.com\/es\/ressource\/distribucion\/","name":"Descripciones funcionales \"Ventas - consultingcheck","isPartOf":{"@id":"https:\/\/www.consultingcheck.com\/es\/#website"},"primaryImageOfPage":{"@id":"https:\/\/www.consultingcheck.com\/es\/ressource\/distribucion\/#primaryimage"},"image":{"@id":"https:\/\/www.consultingcheck.com\/es\/ressource\/distribucion\/#primaryimage"},"thumbnailUrl":"https:\/\/www.consultingcheck.com\/wp-content\/uploads\/2024\/06\/distribucion.jpg","datePublished":"2023-01-24T09:31:33+00:00","dateModified":"2023-10-13T12:02:15+00:00","description":"Ventas, gesti\u00f3n de grandes cuentas, captaci\u00f3n de clientes, fidelizaci\u00f3n de clientes, cierre de ventas, conocimiento del centro de compra, relaciones con los clientes","breadcrumb":{"@id":"https:\/\/www.consultingcheck.com\/es\/ressource\/distribucion\/#breadcrumb"},"inLanguage":"es","potentialAction":[{"@type":"ReadAction","target":["https:\/\/www.consultingcheck.com\/es\/ressource\/distribucion\/"]}]},{"@type":"ImageObject","inLanguage":"es","@id":"https:\/\/www.consultingcheck.com\/es\/ressource\/distribucion\/#primaryimage","url":"https:\/\/www.consultingcheck.com\/wp-content\/uploads\/2024\/06\/distribucion.jpg","contentUrl":"https:\/\/www.consultingcheck.com\/wp-content\/uploads\/2024\/06\/distribucion.jpg","width":1000,"height":679,"caption":"Ein Screenshot der Funktionsbeschreibungen Vertrieb."},{"@type":"BreadcrumbList","@id":"https:\/\/www.consultingcheck.com\/es\/ressource\/distribucion\/#breadcrumb","itemListElement":[{"@type":"ListItem","position":1,"name":"Startseite","item":"https:\/\/www.consultingcheck.com\/es\/"},{"@type":"ListItem","position":2,"name":"Descargas, aplicaciones y productos","item":"https:\/\/www.consultingcheck.com\/es\/herramientas\/descargas-aplicaciones-y-productos\/"},{"@type":"ListItem","position":3,"name":"Descripciones funcionales \u00abVentas"}]},{"@type":"WebSite","@id":"https:\/\/www.consultingcheck.com\/es\/#website","url":"https:\/\/www.consultingcheck.com\/es\/","name":"consultingcheck","description":"Vernetzt gedacht. Entzaubert. Hands-on.","potentialAction":[{"@type":"SearchAction","target":{"@type":"EntryPoint","urlTemplate":"https:\/\/www.consultingcheck.com\/es\/?s={search_term_string}"},"query-input":{"@type":"PropertyValueSpecification","valueRequired":true,"valueName":"search_term_string"}}],"inLanguage":"es"}]}},"_links":{"self":[{"href":"https:\/\/www.consultingcheck.com\/es\/wp-json\/wp\/v2\/product\/14527","targetHints":{"allow":["GET"]}}],"collection":[{"href":"https:\/\/www.consultingcheck.com\/es\/wp-json\/wp\/v2\/product"}],"about":[{"href":"https:\/\/www.consultingcheck.com\/es\/wp-json\/wp\/v2\/types\/product"}],"wp:featuredmedia":[{"embeddable":true,"href":"https:\/\/www.consultingcheck.com\/es\/wp-json\/wp\/v2\/media\/20173"}],"wp:attachment":[{"href":"https:\/\/www.consultingcheck.com\/es\/wp-json\/wp\/v2\/media?parent=14527"}],"wp:term":[{"taxonomy":"product_brand","embeddable":true,"href":"https:\/\/www.consultingcheck.com\/es\/wp-json\/wp\/v2\/product_brand?post=14527"},{"taxonomy":"product_cat","embeddable":true,"href":"https:\/\/www.consultingcheck.com\/es\/wp-json\/wp\/v2\/product_cat?post=14527"},{"taxonomy":"product_tag","embeddable":true,"href":"https:\/\/www.consultingcheck.com\/es\/wp-json\/wp\/v2\/product_tag?post=14527"},{"taxonomy":"jask_topic_categories","embeddable":true,"href":"https:\/\/www.consultingcheck.com\/es\/wp-json\/wp\/v2\/jask_topic_categories?post=14527"}],"curies":[{"name":"wp","href":"https:\/\/api.w.org\/{rel}","templated":true}]}}