{"id":13890,"date":"2021-11-09T00:49:52","date_gmt":"2023-01-23T20:07:10","guid":{"rendered":"https:\/\/www.consultingcheck.com\/ressource\/descripciones-funcionales-planificacion-y-control-de-la-produccion\/"},"modified":"2023-01-23T21:07:10","modified_gmt":"2023-01-23T20:07:10","slug":"planificacion-y-control-de-la-produccion","status":"publish","type":"product","link":"https:\/\/www.consultingcheck.com\/es\/ressource\/planificacion-y-control-de-la-produccion\/","title":{"rendered":"Descripciones funcionales Planificaci\u00f3n y control de la producci\u00f3n"},"content":{"rendered":"<h3>Contenido<\/h3>\n<p>Aqu\u00ed encontrar\u00e1 ejemplos de descripciones de funciones y perfiles de requisitos para la planificaci\u00f3n y el control de la producci\u00f3n. Recibir\u00e1 2 descripciones, a saber:<\/p>\n<ul>\n<li>Jefe de planificaci\u00f3n y control de la producci\u00f3n<\/li>\n<li>Planificaci\u00f3n y control de la producci\u00f3n<\/li>\n<\/ul>\n<p>Cada descripci\u00f3n funcional aborda los siguientes aspectos:<\/p>\n<ul>\n<li>El papel en la empresa<\/li>\n<li>Responsabilidades<\/li>\n<li>Poderes<\/li>\n<li>Actividades<\/li>\n<li>Cooperaci\u00f3n<\/li>\n<li>Integraci\u00f3n en la estructura organizativa<\/li>\n<li>Reglamento sobre representaci\u00f3n<\/li>\n<\/ul>\n<p>Cada perfil de requisitos contiene la siguiente informaci\u00f3n:<\/p>\n<ul>\n<li>Rasgos de personalidad<\/li>\n<li>Experiencia<\/li>\n<li>Habilidades profesionales especiales<\/li>\n<li>Competencia inform\u00e1tica general<\/li>\n<li>Educaci\u00f3n formal<\/li>\n<li>Conocimientos ling\u00fc\u00edsticos<\/li>\n<\/ul>\n<p>&nbsp;<\/p>\n<h3>Ventajas<\/h3>\n<ul>\n<li>Estas plantillas de formato para descripciones de funciones y perfiles de requisitos le ofrecen sugerencias de contenidos relevantes que han demostrado su eficacia en la pr\u00e1ctica.<\/li>\n<li>Puede adaptar los archivos abiertos de MS Word a las necesidades de su organizaci\u00f3n.<\/li>\n<\/ul>\n<p>&nbsp;<\/p>\n<h3>Descarga digital<\/h3>\n<p>Tras realizar el pedido, recibir\u00e1 un enlace de descarga con las descripciones de las funciones y los perfiles de requisitos, que podr\u00e1 utilizar inmediatamente.<\/p>\n<p>Tenga en cuenta que estas descripciones de funciones y perfiles de requisitos a los que adquiere acceso est\u00e1n destinados exclusivamente a su uso personal. Queda prohibida su reventa en cualquier forma y de manera digital o f\u00edsica o su publicaci\u00f3n en cualquier publicaci\u00f3n f\u00edsica u online sin mi permiso. Soy el \u00fanico titular de los derechos de autor de estos archivos.<\/p>\n<p>Enlace para descargar: Archivos MS Word<\/p>\n","protected":false},"excerpt":{"rendered":"<h2><strong>Aqu\u00ed encontrar\u00e1 ejemplos de descripciones de funciones para la planificaci\u00f3n y el control de la producci\u00f3n<\/strong><\/h2>\n","protected":false},"featured_media":20164,"template":"","meta":{"_links_to":"","_links_to_target":""},"product_brand":[],"product_cat":[1290,1291],"product_tag":[],"jask_topic_categories":[1706,1679,1684,1685,1690,1648,1692,1263,1649,1693,1264,1650,1695,1265,1651,1699,1269,1652,1700,1270,1656,1705,1678],"class_list":{"0":"post-13890","1":"product","2":"type-product","3":"status-publish","4":"has-post-thumbnail","6":"product_cat-descripcion-de-function-laboral","7":"product_cat-muestra","8":"jask_topic_categories-buscar-perfil-de-candidatos","9":"jask_topic_categories-desarrollo-de-productos","10":"jask_topic_categories-procesos","11":"jask_topic_categories-gestion-de-recursos-humanos","12":"jask_topic_categories-planificacion-de-la-produccion","13":"jask_topic_categories-rendimiento","14":"jask_topic_categories-reduccion-de-costes-de-fabricacion","15":"jask_topic_categories-aumento-del-rendimiento","16":"jask_topic_categories-optimizacion-del-proceso","17":"jask_topic_categories-inversion","18":"jask_topic_categories-estabilizacion","19":"jask_topic_categories-optimizacion-de-costes-para-aumentar-los-beneficios","20":"jask_topic_categories-adquisiciones","21":"jask_topic_categories-liderazgo","22":"jask_topic_categories-seleccion-de-procesos-de-fabricacion","23":"jask_topic_categories-distribucion","24":"jask_topic_categories-trabajo-agil","25":"jask_topic_categories-optimizacion-del-proceso-de-produccion","26":"jask_topic_categories-gestion-de-ventas","27":"jask_topic_categories-requisitos-previos-para-el-trabajo-agil","28":"jask_topic_categories-gestion","29":"jask_topic_categories-cooperacion","30":"jask_topic_categories-gestion-de-la-fabricacion","32":"first","33":"instock","34":"sold-individually","35":"taxable","36":"shipping-taxable","37":"purchasable","38":"product-type-variable"},"yoast_head":"<!-- This site is optimized with the Yoast SEO plugin v27.4 - https:\/\/yoast.com\/product\/yoast-seo-wordpress\/ -->\n<title>Descripciones funcionales Planificaci\u00f3n y control de la producci\u00f3n - consultingcheck<\/title>\n<meta name=\"description\" content=\"Producci\u00f3n, planificaci\u00f3n de la producci\u00f3n, prioridades en la planificaci\u00f3n de la producci\u00f3n, limitaciones en la planificaci\u00f3n de la producci\u00f3n, especificaciones para la producci\u00f3n\" \/>\n<meta name=\"robots\" content=\"index, follow, max-snippet:-1, max-image-preview:large, max-video-preview:-1\" \/>\n<link rel=\"canonical\" href=\"https:\/\/www.consultingcheck.com\/es\/ressource\/planificacion-y-control-de-la-produccion\/\" \/>\n<meta property=\"og:locale\" content=\"es_ES\" \/>\n<meta property=\"og:type\" content=\"article\" \/>\n<meta property=\"og:title\" content=\"Descripciones funcionales Planificaci\u00f3n y control de la producci\u00f3n - consultingcheck\" \/>\n<meta property=\"og:description\" content=\"Producci\u00f3n, planificaci\u00f3n de la producci\u00f3n, prioridades en la planificaci\u00f3n de la producci\u00f3n, limitaciones en la planificaci\u00f3n de la producci\u00f3n, especificaciones para la producci\u00f3n\" \/>\n<meta property=\"og:url\" content=\"https:\/\/www.consultingcheck.com\/es\/ressource\/planificacion-y-control-de-la-produccion\/\" \/>\n<meta property=\"og:site_name\" content=\"consultingcheck\" \/>\n<meta name=\"twitter:card\" content=\"summary_large_image\" \/>\n<meta name=\"twitter:label1\" content=\"Tiempo de lectura\" \/>\n\t<meta name=\"twitter:data1\" content=\"1 minuto\" \/>\n<script type=\"application\/ld+json\" class=\"yoast-schema-graph\">{\"@context\":\"https:\\\/\\\/schema.org\",\"@graph\":[{\"@type\":\"WebPage\",\"@id\":\"https:\\\/\\\/www.consultingcheck.com\\\/es\\\/ressource\\\/planificacion-y-control-de-la-produccion\\\/\",\"url\":\"https:\\\/\\\/www.consultingcheck.com\\\/es\\\/ressource\\\/planificacion-y-control-de-la-produccion\\\/\",\"name\":\"Descripciones funcionales Planificaci\u00f3n y control de la producci\u00f3n - consultingcheck\",\"isPartOf\":{\"@id\":\"https:\\\/\\\/www.consultingcheck.com\\\/es\\\/#website\"},\"primaryImageOfPage\":{\"@id\":\"https:\\\/\\\/www.consultingcheck.com\\\/es\\\/ressource\\\/planificacion-y-control-de-la-produccion\\\/#primaryimage\"},\"image\":{\"@id\":\"https:\\\/\\\/www.consultingcheck.com\\\/es\\\/ressource\\\/planificacion-y-control-de-la-produccion\\\/#primaryimage\"},\"thumbnailUrl\":\"https:\\\/\\\/www.consultingcheck.com\\\/wp-content\\\/uploads\\\/2024\\\/06\\\/planificacion-y-control-de-la-produccion.jpg\",\"datePublished\":\"2023-01-23T20:07:10+00:00\",\"description\":\"Producci\u00f3n, planificaci\u00f3n de la producci\u00f3n, prioridades en la planificaci\u00f3n de la producci\u00f3n, limitaciones en la planificaci\u00f3n de la producci\u00f3n, especificaciones para la producci\u00f3n\",\"breadcrumb\":{\"@id\":\"https:\\\/\\\/www.consultingcheck.com\\\/es\\\/ressource\\\/planificacion-y-control-de-la-produccion\\\/#breadcrumb\"},\"inLanguage\":\"es\",\"potentialAction\":[{\"@type\":\"ReadAction\",\"target\":[\"https:\\\/\\\/www.consultingcheck.com\\\/es\\\/ressource\\\/planificacion-y-control-de-la-produccion\\\/\"]}]},{\"@type\":\"ImageObject\",\"inLanguage\":\"es\",\"@id\":\"https:\\\/\\\/www.consultingcheck.com\\\/es\\\/ressource\\\/planificacion-y-control-de-la-produccion\\\/#primaryimage\",\"url\":\"https:\\\/\\\/www.consultingcheck.com\\\/wp-content\\\/uploads\\\/2024\\\/06\\\/planificacion-y-control-de-la-produccion.jpg\",\"contentUrl\":\"https:\\\/\\\/www.consultingcheck.com\\\/wp-content\\\/uploads\\\/2024\\\/06\\\/planificacion-y-control-de-la-produccion.jpg\",\"width\":1000,\"height\":679,\"caption\":\"Ein Screenshot der Funktionsbeschreibungen Fertigungsplanung und -steuerung.\"},{\"@type\":\"BreadcrumbList\",\"@id\":\"https:\\\/\\\/www.consultingcheck.com\\\/es\\\/ressource\\\/planificacion-y-control-de-la-produccion\\\/#breadcrumb\",\"itemListElement\":[{\"@type\":\"ListItem\",\"position\":1,\"name\":\"Startseite\",\"item\":\"https:\\\/\\\/www.consultingcheck.com\\\/es\\\/\"},{\"@type\":\"ListItem\",\"position\":2,\"name\":\"Descargas, aplicaciones y productos\",\"item\":\"https:\\\/\\\/www.consultingcheck.com\\\/es\\\/herramientas\\\/descargas-aplicaciones-y-productos\\\/\"},{\"@type\":\"ListItem\",\"position\":3,\"name\":\"Descripciones funcionales Planificaci\u00f3n y control de la producci\u00f3n\"}]},{\"@type\":\"WebSite\",\"@id\":\"https:\\\/\\\/www.consultingcheck.com\\\/es\\\/#website\",\"url\":\"https:\\\/\\\/www.consultingcheck.com\\\/es\\\/\",\"name\":\"consultingcheck\",\"description\":\"Vernetzt gedacht. Entzaubert. Hands-on.\",\"potentialAction\":[{\"@type\":\"SearchAction\",\"target\":{\"@type\":\"EntryPoint\",\"urlTemplate\":\"https:\\\/\\\/www.consultingcheck.com\\\/es\\\/?s={search_term_string}\"},\"query-input\":{\"@type\":\"PropertyValueSpecification\",\"valueRequired\":true,\"valueName\":\"search_term_string\"}}],\"inLanguage\":\"es\"}]}<\/script>\n<!-- \/ Yoast SEO plugin. -->","yoast_head_json":{"title":"Descripciones funcionales Planificaci\u00f3n y control de la producci\u00f3n - consultingcheck","description":"Producci\u00f3n, planificaci\u00f3n de la producci\u00f3n, prioridades en la planificaci\u00f3n de la producci\u00f3n, limitaciones en la planificaci\u00f3n de la producci\u00f3n, especificaciones para la producci\u00f3n","robots":{"index":"index","follow":"follow","max-snippet":"max-snippet:-1","max-image-preview":"max-image-preview:large","max-video-preview":"max-video-preview:-1"},"canonical":"https:\/\/www.consultingcheck.com\/es\/ressource\/planificacion-y-control-de-la-produccion\/","og_locale":"es_ES","og_type":"article","og_title":"Descripciones funcionales Planificaci\u00f3n y control de la producci\u00f3n - consultingcheck","og_description":"Producci\u00f3n, planificaci\u00f3n de la producci\u00f3n, prioridades en la planificaci\u00f3n de la producci\u00f3n, limitaciones en la planificaci\u00f3n de la producci\u00f3n, especificaciones para la producci\u00f3n","og_url":"https:\/\/www.consultingcheck.com\/es\/ressource\/planificacion-y-control-de-la-produccion\/","og_site_name":"consultingcheck","twitter_card":"summary_large_image","twitter_misc":{"Tiempo de lectura":"1 minuto"},"schema":{"@context":"https:\/\/schema.org","@graph":[{"@type":"WebPage","@id":"https:\/\/www.consultingcheck.com\/es\/ressource\/planificacion-y-control-de-la-produccion\/","url":"https:\/\/www.consultingcheck.com\/es\/ressource\/planificacion-y-control-de-la-produccion\/","name":"Descripciones funcionales Planificaci\u00f3n y control de la producci\u00f3n - consultingcheck","isPartOf":{"@id":"https:\/\/www.consultingcheck.com\/es\/#website"},"primaryImageOfPage":{"@id":"https:\/\/www.consultingcheck.com\/es\/ressource\/planificacion-y-control-de-la-produccion\/#primaryimage"},"image":{"@id":"https:\/\/www.consultingcheck.com\/es\/ressource\/planificacion-y-control-de-la-produccion\/#primaryimage"},"thumbnailUrl":"https:\/\/www.consultingcheck.com\/wp-content\/uploads\/2024\/06\/planificacion-y-control-de-la-produccion.jpg","datePublished":"2023-01-23T20:07:10+00:00","description":"Producci\u00f3n, planificaci\u00f3n de la producci\u00f3n, prioridades en la planificaci\u00f3n de la producci\u00f3n, limitaciones en la planificaci\u00f3n de la producci\u00f3n, especificaciones para la producci\u00f3n","breadcrumb":{"@id":"https:\/\/www.consultingcheck.com\/es\/ressource\/planificacion-y-control-de-la-produccion\/#breadcrumb"},"inLanguage":"es","potentialAction":[{"@type":"ReadAction","target":["https:\/\/www.consultingcheck.com\/es\/ressource\/planificacion-y-control-de-la-produccion\/"]}]},{"@type":"ImageObject","inLanguage":"es","@id":"https:\/\/www.consultingcheck.com\/es\/ressource\/planificacion-y-control-de-la-produccion\/#primaryimage","url":"https:\/\/www.consultingcheck.com\/wp-content\/uploads\/2024\/06\/planificacion-y-control-de-la-produccion.jpg","contentUrl":"https:\/\/www.consultingcheck.com\/wp-content\/uploads\/2024\/06\/planificacion-y-control-de-la-produccion.jpg","width":1000,"height":679,"caption":"Ein Screenshot der Funktionsbeschreibungen Fertigungsplanung und -steuerung."},{"@type":"BreadcrumbList","@id":"https:\/\/www.consultingcheck.com\/es\/ressource\/planificacion-y-control-de-la-produccion\/#breadcrumb","itemListElement":[{"@type":"ListItem","position":1,"name":"Startseite","item":"https:\/\/www.consultingcheck.com\/es\/"},{"@type":"ListItem","position":2,"name":"Descargas, aplicaciones y productos","item":"https:\/\/www.consultingcheck.com\/es\/herramientas\/descargas-aplicaciones-y-productos\/"},{"@type":"ListItem","position":3,"name":"Descripciones funcionales Planificaci\u00f3n y control de la producci\u00f3n"}]},{"@type":"WebSite","@id":"https:\/\/www.consultingcheck.com\/es\/#website","url":"https:\/\/www.consultingcheck.com\/es\/","name":"consultingcheck","description":"Vernetzt gedacht. Entzaubert. Hands-on.","potentialAction":[{"@type":"SearchAction","target":{"@type":"EntryPoint","urlTemplate":"https:\/\/www.consultingcheck.com\/es\/?s={search_term_string}"},"query-input":{"@type":"PropertyValueSpecification","valueRequired":true,"valueName":"search_term_string"}}],"inLanguage":"es"}]}},"_links":{"self":[{"href":"https:\/\/www.consultingcheck.com\/es\/wp-json\/wp\/v2\/product\/13890","targetHints":{"allow":["GET"]}}],"collection":[{"href":"https:\/\/www.consultingcheck.com\/es\/wp-json\/wp\/v2\/product"}],"about":[{"href":"https:\/\/www.consultingcheck.com\/es\/wp-json\/wp\/v2\/types\/product"}],"wp:featuredmedia":[{"embeddable":true,"href":"https:\/\/www.consultingcheck.com\/es\/wp-json\/wp\/v2\/media\/20164"}],"wp:attachment":[{"href":"https:\/\/www.consultingcheck.com\/es\/wp-json\/wp\/v2\/media?parent=13890"}],"wp:term":[{"taxonomy":"product_brand","embeddable":true,"href":"https:\/\/www.consultingcheck.com\/es\/wp-json\/wp\/v2\/product_brand?post=13890"},{"taxonomy":"product_cat","embeddable":true,"href":"https:\/\/www.consultingcheck.com\/es\/wp-json\/wp\/v2\/product_cat?post=13890"},{"taxonomy":"product_tag","embeddable":true,"href":"https:\/\/www.consultingcheck.com\/es\/wp-json\/wp\/v2\/product_tag?post=13890"},{"taxonomy":"jask_topic_categories","embeddable":true,"href":"https:\/\/www.consultingcheck.com\/es\/wp-json\/wp\/v2\/jask_topic_categories?post=13890"}],"curies":[{"name":"wp","href":"https:\/\/api.w.org\/{rel}","templated":true}]}}