{"id":13870,"date":"2021-11-09T00:49:52","date_gmt":"2023-01-23T19:54:10","guid":{"rendered":"https:\/\/www.consultingcheck.com\/ressource\/descripciones-funcionales-preparacion-del-trabajo\/"},"modified":"2023-01-23T20:54:10","modified_gmt":"2023-01-23T19:54:10","slug":"preparacion-del-trabajo","status":"publish","type":"product","link":"https:\/\/www.consultingcheck.com\/es\/ressource\/preparacion-del-trabajo\/","title":{"rendered":"Descripciones funcionales \u00abPreparaci\u00f3n del trabajo"},"content":{"rendered":"<h3>Contenido<\/h3>\n<p>Aqu\u00ed encontrar\u00e1 ejemplos de descripciones de funciones y perfiles de requisitos en la preparaci\u00f3n del trabajo. Recibir\u00e1 dos descripciones, a saber:<\/p>\n<ul>\n<li>La gesti\u00f3n de la preparaci\u00f3n del trabajo<\/li>\n<li>La tramitaci\u00f3n en el departamento de preparaci\u00f3n del trabajo.<\/li>\n<\/ul>\n<p>Cada descripci\u00f3n funcional aborda los siguientes aspectos:<\/p>\n<ul>\n<li>El papel en la empresa<\/li>\n<li>Responsabilidades<\/li>\n<li>Poderes<\/li>\n<li>Actividades<\/li>\n<li>Cooperaci\u00f3n<\/li>\n<li>Integraci\u00f3n en la estructura organizativa<\/li>\n<li>Reglamento sobre representaci\u00f3n<\/li>\n<\/ul>\n<p>Cada perfil de requisitos contiene la siguiente informaci\u00f3n:<\/p>\n<ul>\n<li>Rasgos de personalidad<\/li>\n<li>Experiencia<\/li>\n<li>Habilidades profesionales especiales<\/li>\n<li>Competencia inform\u00e1tica general<\/li>\n<li>Educaci\u00f3n formal<\/li>\n<li>Conocimientos ling\u00fc\u00edsticos<\/li>\n<\/ul>\n<p>&nbsp;<\/p>\n<h3>Ventajas<\/h3>\n<ul>\n<li>Estas plantillas de formato para descripciones de funciones y perfiles de requisitos le ofrecen sugerencias de contenidos relevantes que han demostrado su eficacia en la pr\u00e1ctica.<\/li>\n<li>Puede adaptar los archivos abiertos de MS Word a las necesidades de su organizaci\u00f3n.<\/li>\n<\/ul>\n<p><strong> <\/strong><\/p>\n<h3>Descarga digital<\/h3>\n<p>Tras realizar el pedido, recibir\u00e1 un enlace de descarga con las descripciones de las funciones y los perfiles de requisitos, que podr\u00e1 utilizar inmediatamente.<\/p>\n<p>Tenga en cuenta que estas descripciones de funciones y perfiles de requisitos a los que adquiere acceso est\u00e1n destinados exclusivamente a su uso personal. Queda prohibida su reventa en cualquier forma y de manera digital o f\u00edsica o su publicaci\u00f3n en cualquier publicaci\u00f3n f\u00edsica u online sin mi permiso. Soy el \u00fanico titular de los derechos de autor de estos archivos.<\/p>\n<p>Enlace para descargar: Archivos MS Word<\/p>\n","protected":false},"excerpt":{"rendered":"<h2><strong>Aqu\u00ed encontrar\u00e1 ejemplos de descripciones de funciones para la preparaci\u00f3n del trabajo<\/strong><\/h2>\n","protected":false},"featured_media":20086,"template":"","meta":{"_links_to":"","_links_to_target":""},"product_brand":[],"product_cat":[1290,1291],"product_tag":[],"jask_topic_categories":[1649,1690,1650,1692,1652,1695,1263,1653,1696,1265,1671,1705,1673,1706,1678,1683,1684,1685,1648,1686],"class_list":{"0":"post-13870","1":"product","2":"type-product","3":"status-publish","4":"has-post-thumbnail","6":"product_cat-descripcion-de-function-laboral","7":"product_cat-muestra","8":"jask_topic_categories-optimizacion-del-proceso","9":"jask_topic_categories-planificacion-de-la-produccion","10":"jask_topic_categories-optimizacion-de-costes-para-aumentar-los-beneficios","11":"jask_topic_categories-reduccion-de-costes-de-fabricacion","12":"jask_topic_categories-optimizacion-del-proceso-de-produccion","13":"jask_topic_categories-adquisiciones","14":"jask_topic_categories-aumento-del-rendimiento","15":"jask_topic_categories-proceso-de-innovacion","16":"jask_topic_categories-reduccion-de-costes-en-las-compras","17":"jask_topic_categories-liderazgo","18":"jask_topic_categories-preguntas-basicas","19":"jask_topic_categories-cooperacion","20":"jask_topic_categories-crisis-y-rehabilitacion","21":"jask_topic_categories-buscar-perfil-de-candidatos","22":"jask_topic_categories-gestion-de-la-fabricacion","23":"jask_topic_categories-poner-la-capacidad-de-coordinacion-y-desarrollo-en-los-procesos","24":"jask_topic_categories-procesos","25":"jask_topic_categories-gestion-de-recursos-humanos","26":"jask_topic_categories-rendimiento","27":"jask_topic_categories-organizacion-orientada-a-los-procesos","29":"first","30":"instock","31":"sold-individually","32":"taxable","33":"shipping-taxable","34":"purchasable","35":"product-type-variable"},"yoast_head":"<!-- This site is optimized with the Yoast SEO plugin v27.4 - https:\/\/yoast.com\/product\/yoast-seo-wordpress\/ -->\n<title>Descripciones funcionales &quot;Preparaci\u00f3n del trabajo - consultingcheck<\/title>\n<meta name=\"description\" content=\"Preparaci\u00f3n del trabajo, control de planos, unidades de trabajo, proceso de trabajo, especificaciones de tiempo, especificaciones de material, instrucci\u00f3n de trabajo\" \/>\n<meta name=\"robots\" content=\"index, follow, max-snippet:-1, max-image-preview:large, max-video-preview:-1\" \/>\n<link rel=\"canonical\" href=\"https:\/\/www.consultingcheck.com\/es\/ressource\/preparacion-del-trabajo\/\" \/>\n<meta property=\"og:locale\" content=\"es_ES\" \/>\n<meta property=\"og:type\" content=\"article\" \/>\n<meta property=\"og:title\" content=\"Descripciones funcionales &quot;Preparaci\u00f3n del trabajo - consultingcheck\" \/>\n<meta property=\"og:description\" content=\"Preparaci\u00f3n del trabajo, control de planos, unidades de trabajo, proceso de trabajo, especificaciones de tiempo, especificaciones de material, instrucci\u00f3n de trabajo\" \/>\n<meta property=\"og:url\" content=\"https:\/\/www.consultingcheck.com\/es\/ressource\/preparacion-del-trabajo\/\" \/>\n<meta property=\"og:site_name\" content=\"consultingcheck\" \/>\n<meta property=\"og:image\" content=\"https:\/\/www.consultingcheck.com\/wp-content\/uploads\/2021\/11\/Musterfunktionsbeschreibung-Leitung-Arbeitsvorbereitung.png\" \/>\n\t<meta property=\"og:image:width\" content=\"2145\" \/>\n\t<meta property=\"og:image:height\" content=\"1433\" \/>\n\t<meta property=\"og:image:type\" content=\"image\/png\" \/>\n<meta name=\"twitter:card\" content=\"summary_large_image\" \/>\n<meta name=\"twitter:label1\" content=\"Tiempo de lectura\" \/>\n\t<meta name=\"twitter:data1\" content=\"1 minuto\" \/>\n<script type=\"application\/ld+json\" class=\"yoast-schema-graph\">{\"@context\":\"https:\\\/\\\/schema.org\",\"@graph\":[{\"@type\":\"WebPage\",\"@id\":\"https:\\\/\\\/www.consultingcheck.com\\\/es\\\/ressource\\\/preparacion-del-trabajo\\\/\",\"url\":\"https:\\\/\\\/www.consultingcheck.com\\\/es\\\/ressource\\\/preparacion-del-trabajo\\\/\",\"name\":\"Descripciones funcionales \\\"Preparaci\u00f3n del trabajo - consultingcheck\",\"isPartOf\":{\"@id\":\"https:\\\/\\\/www.consultingcheck.com\\\/es\\\/#website\"},\"primaryImageOfPage\":{\"@id\":\"https:\\\/\\\/www.consultingcheck.com\\\/es\\\/ressource\\\/preparacion-del-trabajo\\\/#primaryimage\"},\"image\":{\"@id\":\"https:\\\/\\\/www.consultingcheck.com\\\/es\\\/ressource\\\/preparacion-del-trabajo\\\/#primaryimage\"},\"thumbnailUrl\":\"https:\\\/\\\/www.consultingcheck.com\\\/wp-content\\\/uploads\\\/2024\\\/06\\\/preparacion-del-trabajo.jpg\",\"datePublished\":\"2023-01-23T19:54:10+00:00\",\"description\":\"Preparaci\u00f3n del trabajo, control de planos, unidades de trabajo, proceso de trabajo, especificaciones de tiempo, especificaciones de material, instrucci\u00f3n de trabajo\",\"breadcrumb\":{\"@id\":\"https:\\\/\\\/www.consultingcheck.com\\\/es\\\/ressource\\\/preparacion-del-trabajo\\\/#breadcrumb\"},\"inLanguage\":\"es\",\"potentialAction\":[{\"@type\":\"ReadAction\",\"target\":[\"https:\\\/\\\/www.consultingcheck.com\\\/es\\\/ressource\\\/preparacion-del-trabajo\\\/\"]}]},{\"@type\":\"ImageObject\",\"inLanguage\":\"es\",\"@id\":\"https:\\\/\\\/www.consultingcheck.com\\\/es\\\/ressource\\\/preparacion-del-trabajo\\\/#primaryimage\",\"url\":\"https:\\\/\\\/www.consultingcheck.com\\\/wp-content\\\/uploads\\\/2024\\\/06\\\/preparacion-del-trabajo.jpg\",\"contentUrl\":\"https:\\\/\\\/www.consultingcheck.com\\\/wp-content\\\/uploads\\\/2024\\\/06\\\/preparacion-del-trabajo.jpg\",\"width\":1000,\"height\":679,\"caption\":\"Ein Screenshot der Funktionsbeschreibungen Arbeitsvorbereitung.\"},{\"@type\":\"BreadcrumbList\",\"@id\":\"https:\\\/\\\/www.consultingcheck.com\\\/es\\\/ressource\\\/preparacion-del-trabajo\\\/#breadcrumb\",\"itemListElement\":[{\"@type\":\"ListItem\",\"position\":1,\"name\":\"Startseite\",\"item\":\"https:\\\/\\\/www.consultingcheck.com\\\/es\\\/\"},{\"@type\":\"ListItem\",\"position\":2,\"name\":\"Descargas, aplicaciones y productos\",\"item\":\"https:\\\/\\\/www.consultingcheck.com\\\/es\\\/herramientas\\\/descargas-aplicaciones-y-productos\\\/\"},{\"@type\":\"ListItem\",\"position\":3,\"name\":\"Descripciones funcionales &#8222;Preparaci\u00f3n del trabajo\"}]},{\"@type\":\"WebSite\",\"@id\":\"https:\\\/\\\/www.consultingcheck.com\\\/es\\\/#website\",\"url\":\"https:\\\/\\\/www.consultingcheck.com\\\/es\\\/\",\"name\":\"consultingcheck\",\"description\":\"Vernetzt gedacht. Entzaubert. Hands-on.\",\"potentialAction\":[{\"@type\":\"SearchAction\",\"target\":{\"@type\":\"EntryPoint\",\"urlTemplate\":\"https:\\\/\\\/www.consultingcheck.com\\\/es\\\/?s={search_term_string}\"},\"query-input\":{\"@type\":\"PropertyValueSpecification\",\"valueRequired\":true,\"valueName\":\"search_term_string\"}}],\"inLanguage\":\"es\"}]}<\/script>\n<!-- \/ Yoast SEO plugin. -->","yoast_head_json":{"title":"Descripciones funcionales \"Preparaci\u00f3n del trabajo - consultingcheck","description":"Preparaci\u00f3n del trabajo, control de planos, unidades de trabajo, proceso de trabajo, especificaciones de tiempo, especificaciones de material, instrucci\u00f3n de trabajo","robots":{"index":"index","follow":"follow","max-snippet":"max-snippet:-1","max-image-preview":"max-image-preview:large","max-video-preview":"max-video-preview:-1"},"canonical":"https:\/\/www.consultingcheck.com\/es\/ressource\/preparacion-del-trabajo\/","og_locale":"es_ES","og_type":"article","og_title":"Descripciones funcionales \"Preparaci\u00f3n del trabajo - consultingcheck","og_description":"Preparaci\u00f3n del trabajo, control de planos, unidades de trabajo, proceso de trabajo, especificaciones de tiempo, especificaciones de material, instrucci\u00f3n de trabajo","og_url":"https:\/\/www.consultingcheck.com\/es\/ressource\/preparacion-del-trabajo\/","og_site_name":"consultingcheck","og_image":[{"width":2145,"height":1433,"url":"https:\/\/www.consultingcheck.com\/wp-content\/uploads\/2021\/11\/Musterfunktionsbeschreibung-Leitung-Arbeitsvorbereitung.png","type":"image\/png"}],"twitter_card":"summary_large_image","twitter_misc":{"Tiempo de lectura":"1 minuto"},"schema":{"@context":"https:\/\/schema.org","@graph":[{"@type":"WebPage","@id":"https:\/\/www.consultingcheck.com\/es\/ressource\/preparacion-del-trabajo\/","url":"https:\/\/www.consultingcheck.com\/es\/ressource\/preparacion-del-trabajo\/","name":"Descripciones funcionales \"Preparaci\u00f3n del trabajo - consultingcheck","isPartOf":{"@id":"https:\/\/www.consultingcheck.com\/es\/#website"},"primaryImageOfPage":{"@id":"https:\/\/www.consultingcheck.com\/es\/ressource\/preparacion-del-trabajo\/#primaryimage"},"image":{"@id":"https:\/\/www.consultingcheck.com\/es\/ressource\/preparacion-del-trabajo\/#primaryimage"},"thumbnailUrl":"https:\/\/www.consultingcheck.com\/wp-content\/uploads\/2024\/06\/preparacion-del-trabajo.jpg","datePublished":"2023-01-23T19:54:10+00:00","description":"Preparaci\u00f3n del trabajo, control de planos, unidades de trabajo, proceso de trabajo, especificaciones de tiempo, especificaciones de material, instrucci\u00f3n de trabajo","breadcrumb":{"@id":"https:\/\/www.consultingcheck.com\/es\/ressource\/preparacion-del-trabajo\/#breadcrumb"},"inLanguage":"es","potentialAction":[{"@type":"ReadAction","target":["https:\/\/www.consultingcheck.com\/es\/ressource\/preparacion-del-trabajo\/"]}]},{"@type":"ImageObject","inLanguage":"es","@id":"https:\/\/www.consultingcheck.com\/es\/ressource\/preparacion-del-trabajo\/#primaryimage","url":"https:\/\/www.consultingcheck.com\/wp-content\/uploads\/2024\/06\/preparacion-del-trabajo.jpg","contentUrl":"https:\/\/www.consultingcheck.com\/wp-content\/uploads\/2024\/06\/preparacion-del-trabajo.jpg","width":1000,"height":679,"caption":"Ein Screenshot der Funktionsbeschreibungen Arbeitsvorbereitung."},{"@type":"BreadcrumbList","@id":"https:\/\/www.consultingcheck.com\/es\/ressource\/preparacion-del-trabajo\/#breadcrumb","itemListElement":[{"@type":"ListItem","position":1,"name":"Startseite","item":"https:\/\/www.consultingcheck.com\/es\/"},{"@type":"ListItem","position":2,"name":"Descargas, aplicaciones y productos","item":"https:\/\/www.consultingcheck.com\/es\/herramientas\/descargas-aplicaciones-y-productos\/"},{"@type":"ListItem","position":3,"name":"Descripciones funcionales &#8222;Preparaci\u00f3n del trabajo"}]},{"@type":"WebSite","@id":"https:\/\/www.consultingcheck.com\/es\/#website","url":"https:\/\/www.consultingcheck.com\/es\/","name":"consultingcheck","description":"Vernetzt gedacht. Entzaubert. Hands-on.","potentialAction":[{"@type":"SearchAction","target":{"@type":"EntryPoint","urlTemplate":"https:\/\/www.consultingcheck.com\/es\/?s={search_term_string}"},"query-input":{"@type":"PropertyValueSpecification","valueRequired":true,"valueName":"search_term_string"}}],"inLanguage":"es"}]}},"_links":{"self":[{"href":"https:\/\/www.consultingcheck.com\/es\/wp-json\/wp\/v2\/product\/13870","targetHints":{"allow":["GET"]}}],"collection":[{"href":"https:\/\/www.consultingcheck.com\/es\/wp-json\/wp\/v2\/product"}],"about":[{"href":"https:\/\/www.consultingcheck.com\/es\/wp-json\/wp\/v2\/types\/product"}],"wp:featuredmedia":[{"embeddable":true,"href":"https:\/\/www.consultingcheck.com\/es\/wp-json\/wp\/v2\/media\/20086"}],"wp:attachment":[{"href":"https:\/\/www.consultingcheck.com\/es\/wp-json\/wp\/v2\/media?parent=13870"}],"wp:term":[{"taxonomy":"product_brand","embeddable":true,"href":"https:\/\/www.consultingcheck.com\/es\/wp-json\/wp\/v2\/product_brand?post=13870"},{"taxonomy":"product_cat","embeddable":true,"href":"https:\/\/www.consultingcheck.com\/es\/wp-json\/wp\/v2\/product_cat?post=13870"},{"taxonomy":"product_tag","embeddable":true,"href":"https:\/\/www.consultingcheck.com\/es\/wp-json\/wp\/v2\/product_tag?post=13870"},{"taxonomy":"jask_topic_categories","embeddable":true,"href":"https:\/\/www.consultingcheck.com\/es\/wp-json\/wp\/v2\/jask_topic_categories?post=13870"}],"curies":[{"name":"wp","href":"https:\/\/api.w.org\/{rel}","templated":true}]}}