{"id":13753,"date":"2021-11-09T00:49:52","date_gmt":"2023-01-19T11:04:10","guid":{"rendered":"https:\/\/www.consultingcheck.com\/ressource\/lista-de-comprobacion-para-la-diligencia-debida-comercial\/"},"modified":"2023-01-19T12:04:10","modified_gmt":"2023-01-19T11:04:10","slug":"due-diligence-comercial","status":"publish","type":"product","link":"https:\/\/www.consultingcheck.com\/es\/ressource\/due-diligence-comercial\/","title":{"rendered":"Lista de comprobaci\u00f3n para la diligencia debida comercial"},"content":{"rendered":"<h3>Contenido<\/h3>\n<p>En el contexto de las operaciones corporativas, las empresas objetivo se eval\u00faan sistem\u00e1ticamente. El instrumento de la diligencia debida sirve a este prop\u00f3sito. Una faceta de esta diligencia debida es la revisi\u00f3n de las realidades comerciales de la empresa que le interesa. La evaluaci\u00f3n sistem\u00e1tica de estos aspectos comerciales es el objeto de la diligencia debida comercial, para la que encontrar\u00e1 aqu\u00ed una lista de comprobaci\u00f3n estructurada.<\/p>\n<p>La lista de comprobaci\u00f3n pr\u00e1ctica aborda temas de compras y aprovisionamiento con cuatro preguntas, temas de clientes, ventas y facturaci\u00f3n y margen de contribuci\u00f3n con 13 preguntas y competencia con 6 preguntas.<\/p>\n<p>Como posible comprador, puede escribir sus conclusiones sobre cada punto, utilizar fuentes de informaci\u00f3n pertinentes, remitirse a los anexos, nombrar los documentos justificativos y redactar sus comentarios. Esto crea un registro de su revisi\u00f3n durante la realizaci\u00f3n de la diligencia debida comercial. Si, tras su inspecci\u00f3n, hace que el vendedor firme su confirmaci\u00f3n, dispondr\u00e1 de una valiosa base para las garant\u00edas que se definir\u00e1n en el contrato de compraventa.<\/p>\n<p>Esta lista de comprobaci\u00f3n tambi\u00e9n es valiosa para que los vendedores preparen cuidadosamente una diligencia debida comercial. Repase detenidamente los puntos de esta lista de comprobaci\u00f3n y piense c\u00f3mo puede encontrar respuestas a los mismos o qu\u00e9 deber\u00eda afilar a\u00fan en su empresa antes de la venta en t\u00e9rminos comerciales.<\/p>\n<p>Con el fin de facilitar las transacciones empresariales en distintos pa\u00edses, esta lista de comprobaci\u00f3n est\u00e1 disponible en alem\u00e1n, ingl\u00e9s y espa\u00f1ol.<\/p>\n<p><strong> <\/strong><\/p>\n<h3>Ventajas<\/h3>\n<ul>\n<li>Esta lista de comprobaci\u00f3n le alertar\u00e1 sobre las principales \u00e1reas de auditor\u00eda comercial pertinentes.<\/li>\n<li>Recibir\u00e1 una lista de comprobaci\u00f3n orientada a la pr\u00e1ctica para la diligencia debida comercial que tiene un nivel adecuado de profundidad.<\/li>\n<li>Para los compradores potenciales, el uso de esta lista de comprobaci\u00f3n durante la diligencia debida comercial crea una base s\u00f3lida para que las garant\u00edas del vendedor se definan en el acuerdo de compra.<\/li>\n<li>Para los vendedores, esta lista de comprobaci\u00f3n ofrece consejos concretos sobre las posibles preguntas que har\u00e1n los posibles compradores. La lista de comprobaci\u00f3n ayuda a preparar bien el proceso de venta y la diligencia debida comercial asociada.<\/li>\n<\/ul>\n<p>&nbsp;<\/p>\n<h3>Descarga digital<\/h3>\n<p>Tras el pedido, recibir\u00e1 un enlace de descarga a la lista de control estructurada, que podr\u00e1 utilizar inmediatamente.<\/p>\n<p>Tenga en cuenta que esta lista de control a la que est\u00e1 comprando acceso es para su uso personal. Queda prohibida la reventa de la lista de comprobaci\u00f3n en cualquier forma y de manera digital o f\u00edsica o su publicaci\u00f3n en cualquier publicaci\u00f3n f\u00edsica o en l\u00ednea sin mi permiso. Soy el \u00fanico titular de los derechos de autor de este archivo.<\/p>\n<p>Enlace de descarga: pdf<\/p>\n<p>&nbsp;<\/p>\n<p>&nbsp;<\/p>\n","protected":false},"excerpt":{"rendered":"<h2><strong>Puede llevar a cabo la diligencia debida comercial con esta lista de comprobaci\u00f3n de eficacia probada.<\/strong><\/h2>\n","protected":false},"featured_media":20065,"template":"","meta":{"_links_to":"","_links_to_target":""},"product_brand":[],"product_cat":[1256,1677,1286],"product_tag":[],"jask_topic_categories":[1649,1696,1650,1699,1261,1654,1700,1262,1656,1701,1263,1702,1264,1679,1703,1681,1704,1690,1691,1692,1646,1695],"class_list":{"0":"post-13753","1":"product","2":"type-product","3":"status-publish","4":"has-post-thumbnail","6":"product_cat-transacciones-de-empresas","7":"product_cat-listas-de-comprobacion-de-la-diligencia-debida","8":"product_cat-lista-de-verificacion","9":"jask_topic_categories-optimizacion-del-proceso","10":"jask_topic_categories-reduccion-de-costes-en-las-compras","11":"jask_topic_categories-optimizacion-de-costes-para-aumentar-los-beneficios","12":"jask_topic_categories-distribucion","13":"jask_topic_categories-gestion-estrategica-de-distribucion","14":"jask_topic_categories-decisiones","15":"jask_topic_categories-gestion-de-ventas","16":"jask_topic_categories-direccion-operativa-de-distribucion","17":"jask_topic_categories-gestion","18":"jask_topic_categories-agilizacion-para-la-adaptacion-continua","19":"jask_topic_categories-aumento-del-rendimiento","20":"jask_topic_categories-comercializacion-y-distribucion","21":"jask_topic_categories-estabilizacion","22":"jask_topic_categories-desarrollo-de-productos","23":"jask_topic_categories-organizacion-de-ventas","24":"jask_topic_categories-control-y-gestion-de-riesgos","25":"jask_topic_categories-influencia-de-las-ventas-y-los-ingresos-en-los-beneficios","26":"jask_topic_categories-planificacion-de-la-produccion","27":"jask_topic_categories-gestion-de-riesgos","28":"jask_topic_categories-reduccion-de-costes-de-fabricacion","29":"jask_topic_categories-kostensenkung-durch-qualitatssicherung-qs","30":"jask_topic_categories-adquisiciones","32":"first","33":"instock","34":"sold-individually","35":"taxable","36":"shipping-taxable","37":"purchasable","38":"product-type-variable"},"yoast_head":"<!-- This site is optimized with the Yoast SEO plugin v27.3 - https:\/\/yoast.com\/product\/yoast-seo-wordpress\/ -->\n<title>Lista de comprobaci\u00f3n para la diligencia debida comercial - consultingcheck<\/title>\n<meta name=\"description\" content=\"Contratos con clientes, contratos con proveedores, volumen de negocios, margen, gama de clientes, diversificaci\u00f3n, lista de deudores OP, posici\u00f3n \u00fanica, relaciones\" \/>\n<meta name=\"robots\" content=\"index, follow, max-snippet:-1, max-image-preview:large, max-video-preview:-1\" \/>\n<link rel=\"canonical\" href=\"https:\/\/www.consultingcheck.com\/es\/ressource\/due-diligence-comercial\/\" \/>\n<meta property=\"og:locale\" content=\"es_ES\" \/>\n<meta property=\"og:type\" content=\"article\" \/>\n<meta property=\"og:title\" content=\"Lista de comprobaci\u00f3n para la diligencia debida comercial - consultingcheck\" \/>\n<meta property=\"og:description\" content=\"Contratos con clientes, contratos con proveedores, volumen de negocios, margen, gama de clientes, diversificaci\u00f3n, lista de deudores OP, posici\u00f3n \u00fanica, relaciones\" \/>\n<meta property=\"og:url\" content=\"https:\/\/www.consultingcheck.com\/es\/ressource\/due-diligence-comercial\/\" \/>\n<meta property=\"og:site_name\" content=\"consultingcheck\" \/>\n<meta name=\"twitter:card\" content=\"summary_large_image\" \/>\n<meta name=\"twitter:label1\" content=\"Tiempo de lectura\" \/>\n\t<meta name=\"twitter:data1\" content=\"2 minutos\" \/>\n<script type=\"application\/ld+json\" class=\"yoast-schema-graph\">{\"@context\":\"https:\\\/\\\/schema.org\",\"@graph\":[{\"@type\":\"WebPage\",\"@id\":\"https:\\\/\\\/www.consultingcheck.com\\\/es\\\/ressource\\\/due-diligence-comercial\\\/\",\"url\":\"https:\\\/\\\/www.consultingcheck.com\\\/es\\\/ressource\\\/due-diligence-comercial\\\/\",\"name\":\"Lista de comprobaci\u00f3n para la diligencia debida comercial - consultingcheck\",\"isPartOf\":{\"@id\":\"https:\\\/\\\/www.consultingcheck.com\\\/es\\\/#website\"},\"primaryImageOfPage\":{\"@id\":\"https:\\\/\\\/www.consultingcheck.com\\\/es\\\/ressource\\\/due-diligence-comercial\\\/#primaryimage\"},\"image\":{\"@id\":\"https:\\\/\\\/www.consultingcheck.com\\\/es\\\/ressource\\\/due-diligence-comercial\\\/#primaryimage\"},\"thumbnailUrl\":\"https:\\\/\\\/www.consultingcheck.com\\\/wp-content\\\/uploads\\\/2024\\\/06\\\/due-diligence-comerciale-esp.jpg\",\"datePublished\":\"2023-01-19T11:04:10+00:00\",\"description\":\"Contratos con clientes, contratos con proveedores, volumen de negocios, margen, gama de clientes, diversificaci\u00f3n, lista de deudores OP, posici\u00f3n \u00fanica, relaciones\",\"breadcrumb\":{\"@id\":\"https:\\\/\\\/www.consultingcheck.com\\\/es\\\/ressource\\\/due-diligence-comercial\\\/#breadcrumb\"},\"inLanguage\":\"es\",\"potentialAction\":[{\"@type\":\"ReadAction\",\"target\":[\"https:\\\/\\\/www.consultingcheck.com\\\/es\\\/ressource\\\/due-diligence-comercial\\\/\"]}]},{\"@type\":\"ImageObject\",\"inLanguage\":\"es\",\"@id\":\"https:\\\/\\\/www.consultingcheck.com\\\/es\\\/ressource\\\/due-diligence-comercial\\\/#primaryimage\",\"url\":\"https:\\\/\\\/www.consultingcheck.com\\\/wp-content\\\/uploads\\\/2024\\\/06\\\/due-diligence-comerciale-esp.jpg\",\"contentUrl\":\"https:\\\/\\\/www.consultingcheck.com\\\/wp-content\\\/uploads\\\/2024\\\/06\\\/due-diligence-comerciale-esp.jpg\",\"width\":1000,\"height\":679,\"caption\":\"Ein Screenshot der Checkliste f\u00fcr die Commercial Due Diligence.\"},{\"@type\":\"BreadcrumbList\",\"@id\":\"https:\\\/\\\/www.consultingcheck.com\\\/es\\\/ressource\\\/due-diligence-comercial\\\/#breadcrumb\",\"itemListElement\":[{\"@type\":\"ListItem\",\"position\":1,\"name\":\"Startseite\",\"item\":\"https:\\\/\\\/www.consultingcheck.com\\\/es\\\/\"},{\"@type\":\"ListItem\",\"position\":2,\"name\":\"Descargas, aplicaciones y productos\",\"item\":\"https:\\\/\\\/www.consultingcheck.com\\\/es\\\/herramientas\\\/descargas-aplicaciones-y-productos\\\/\"},{\"@type\":\"ListItem\",\"position\":3,\"name\":\"Lista de comprobaci\u00f3n para la diligencia debida comercial\"}]},{\"@type\":\"WebSite\",\"@id\":\"https:\\\/\\\/www.consultingcheck.com\\\/es\\\/#website\",\"url\":\"https:\\\/\\\/www.consultingcheck.com\\\/es\\\/\",\"name\":\"consultingcheck\",\"description\":\"Vernetzt gedacht. Entzaubert. Hands-on.\",\"potentialAction\":[{\"@type\":\"SearchAction\",\"target\":{\"@type\":\"EntryPoint\",\"urlTemplate\":\"https:\\\/\\\/www.consultingcheck.com\\\/es\\\/?s={search_term_string}\"},\"query-input\":{\"@type\":\"PropertyValueSpecification\",\"valueRequired\":true,\"valueName\":\"search_term_string\"}}],\"inLanguage\":\"es\"}]}<\/script>\n<!-- \/ Yoast SEO plugin. -->","yoast_head_json":{"title":"Lista de comprobaci\u00f3n para la diligencia debida comercial - consultingcheck","description":"Contratos con clientes, contratos con proveedores, volumen de negocios, margen, gama de clientes, diversificaci\u00f3n, lista de deudores OP, posici\u00f3n \u00fanica, relaciones","robots":{"index":"index","follow":"follow","max-snippet":"max-snippet:-1","max-image-preview":"max-image-preview:large","max-video-preview":"max-video-preview:-1"},"canonical":"https:\/\/www.consultingcheck.com\/es\/ressource\/due-diligence-comercial\/","og_locale":"es_ES","og_type":"article","og_title":"Lista de comprobaci\u00f3n para la diligencia debida comercial - consultingcheck","og_description":"Contratos con clientes, contratos con proveedores, volumen de negocios, margen, gama de clientes, diversificaci\u00f3n, lista de deudores OP, posici\u00f3n \u00fanica, relaciones","og_url":"https:\/\/www.consultingcheck.com\/es\/ressource\/due-diligence-comercial\/","og_site_name":"consultingcheck","twitter_card":"summary_large_image","twitter_misc":{"Tiempo de lectura":"2 minutos"},"schema":{"@context":"https:\/\/schema.org","@graph":[{"@type":"WebPage","@id":"https:\/\/www.consultingcheck.com\/es\/ressource\/due-diligence-comercial\/","url":"https:\/\/www.consultingcheck.com\/es\/ressource\/due-diligence-comercial\/","name":"Lista de comprobaci\u00f3n para la diligencia debida comercial - consultingcheck","isPartOf":{"@id":"https:\/\/www.consultingcheck.com\/es\/#website"},"primaryImageOfPage":{"@id":"https:\/\/www.consultingcheck.com\/es\/ressource\/due-diligence-comercial\/#primaryimage"},"image":{"@id":"https:\/\/www.consultingcheck.com\/es\/ressource\/due-diligence-comercial\/#primaryimage"},"thumbnailUrl":"https:\/\/www.consultingcheck.com\/wp-content\/uploads\/2024\/06\/due-diligence-comerciale-esp.jpg","datePublished":"2023-01-19T11:04:10+00:00","description":"Contratos con clientes, contratos con proveedores, volumen de negocios, margen, gama de clientes, diversificaci\u00f3n, lista de deudores OP, posici\u00f3n \u00fanica, relaciones","breadcrumb":{"@id":"https:\/\/www.consultingcheck.com\/es\/ressource\/due-diligence-comercial\/#breadcrumb"},"inLanguage":"es","potentialAction":[{"@type":"ReadAction","target":["https:\/\/www.consultingcheck.com\/es\/ressource\/due-diligence-comercial\/"]}]},{"@type":"ImageObject","inLanguage":"es","@id":"https:\/\/www.consultingcheck.com\/es\/ressource\/due-diligence-comercial\/#primaryimage","url":"https:\/\/www.consultingcheck.com\/wp-content\/uploads\/2024\/06\/due-diligence-comerciale-esp.jpg","contentUrl":"https:\/\/www.consultingcheck.com\/wp-content\/uploads\/2024\/06\/due-diligence-comerciale-esp.jpg","width":1000,"height":679,"caption":"Ein Screenshot der Checkliste f\u00fcr die Commercial Due Diligence."},{"@type":"BreadcrumbList","@id":"https:\/\/www.consultingcheck.com\/es\/ressource\/due-diligence-comercial\/#breadcrumb","itemListElement":[{"@type":"ListItem","position":1,"name":"Startseite","item":"https:\/\/www.consultingcheck.com\/es\/"},{"@type":"ListItem","position":2,"name":"Descargas, aplicaciones y productos","item":"https:\/\/www.consultingcheck.com\/es\/herramientas\/descargas-aplicaciones-y-productos\/"},{"@type":"ListItem","position":3,"name":"Lista de comprobaci\u00f3n para la diligencia debida comercial"}]},{"@type":"WebSite","@id":"https:\/\/www.consultingcheck.com\/es\/#website","url":"https:\/\/www.consultingcheck.com\/es\/","name":"consultingcheck","description":"Vernetzt gedacht. Entzaubert. Hands-on.","potentialAction":[{"@type":"SearchAction","target":{"@type":"EntryPoint","urlTemplate":"https:\/\/www.consultingcheck.com\/es\/?s={search_term_string}"},"query-input":{"@type":"PropertyValueSpecification","valueRequired":true,"valueName":"search_term_string"}}],"inLanguage":"es"}]}},"_links":{"self":[{"href":"https:\/\/www.consultingcheck.com\/es\/wp-json\/wp\/v2\/product\/13753","targetHints":{"allow":["GET"]}}],"collection":[{"href":"https:\/\/www.consultingcheck.com\/es\/wp-json\/wp\/v2\/product"}],"about":[{"href":"https:\/\/www.consultingcheck.com\/es\/wp-json\/wp\/v2\/types\/product"}],"wp:featuredmedia":[{"embeddable":true,"href":"https:\/\/www.consultingcheck.com\/es\/wp-json\/wp\/v2\/media\/20065"}],"wp:attachment":[{"href":"https:\/\/www.consultingcheck.com\/es\/wp-json\/wp\/v2\/media?parent=13753"}],"wp:term":[{"taxonomy":"product_brand","embeddable":true,"href":"https:\/\/www.consultingcheck.com\/es\/wp-json\/wp\/v2\/product_brand?post=13753"},{"taxonomy":"product_cat","embeddable":true,"href":"https:\/\/www.consultingcheck.com\/es\/wp-json\/wp\/v2\/product_cat?post=13753"},{"taxonomy":"product_tag","embeddable":true,"href":"https:\/\/www.consultingcheck.com\/es\/wp-json\/wp\/v2\/product_tag?post=13753"},{"taxonomy":"jask_topic_categories","embeddable":true,"href":"https:\/\/www.consultingcheck.com\/es\/wp-json\/wp\/v2\/jask_topic_categories?post=13753"}],"curies":[{"name":"wp","href":"https:\/\/api.w.org\/{rel}","templated":true}]}}