{"id":13724,"date":"2021-11-09T00:49:54","date_gmt":"2023-01-19T10:39:23","guid":{"rendered":"https:\/\/www.consultingcheck.com\/ressource\/sesion-informativa-sobre-la-evaluacion-del-personal\/"},"modified":"2023-01-19T11:39:23","modified_gmt":"2023-01-19T10:39:23","slug":"evaluacion-del-personal","status":"publish","type":"product","link":"https:\/\/www.consultingcheck.com\/es\/ressource\/evaluacion-del-personal\/","title":{"rendered":"Sesi\u00f3n informativa sobre la evaluaci\u00f3n del personal"},"content":{"rendered":"<h3>Contenido<\/h3>\n<p>En este conjunto de diapositivas recibir\u00e1 las recomendaciones esenciales para realizar con \u00e9xito entrevistas de evaluaci\u00f3n en 12 diapositivas de contenido. Aprender\u00e1 qu\u00e9 tipos de entrevistas de evaluaci\u00f3n hay y c\u00f3mo puede tener \u00e9xito la comunicaci\u00f3n en las entrevistas de evaluaci\u00f3n. En particular, recibir\u00e1 recomendaciones concretas para preparar y estructurar las evaluaciones del personal. Aprender\u00e1 los principios esenciales de la conversaci\u00f3n. Dado que hay muchas cosas que pueden salir mal en las reuniones de cr\u00edtica, este conjunto de diapositivas ofrece recomendaciones para las reuniones de cr\u00edtica en particular.<\/p>\n<p>&nbsp;<\/p>\n<h3>Ventajas<\/h3>\n<ul>\n<li>Recibir\u00e1 las mejores recomendaciones concretas para que sus evaluaciones del personal sean un \u00e9xito.<\/li>\n<li>Aprender\u00e1 a distinguir entre las distintas evaluaciones del personal en cuanto al contenido del debate y los resultados previstos.<\/li>\n<li>Tambi\u00e9n aprender\u00e1 cu\u00e1les suelen ser las causas del fracaso de las evaluaciones del personal.<\/li>\n<li>Est\u00e1n bien preparados para las evaluaciones del personal, especialmente para los debates de cr\u00edtica constructiva.<\/li>\n<\/ul>\n<p>&nbsp;<\/p>\n<h3>Descarga digital<\/h3>\n<p>Despu\u00e9s de hacer el pedido, recibir\u00e1 un enlace para descargar el juego de diapositivas, que podr\u00e1 utilizar inmediatamente.<\/p>\n<p>Tenga en cuenta que este conjunto de diapositivas al que est\u00e1 comprando el acceso es para su uso personal. Queda prohibida la reventa de las diapositivas en cualquier forma y de manera digital o f\u00edsica o su publicaci\u00f3n en cualquier publicaci\u00f3n f\u00edsica o en l\u00ednea sin mi permiso. Soy el \u00fanico titular de los derechos de autor de este archivo.<\/p>\n<p>Enlace de descarga: pdf<\/p>\n<p>&nbsp;<\/p>\n","protected":false},"excerpt":{"rendered":"<h2><strong>C\u00f3mo realizar con \u00e9xito las evaluaciones de los empleados<\/strong><\/h2>\n","protected":false},"featured_media":20122,"template":"","meta":{"_links_to":"","_links_to_target":""},"product_brand":[],"product_cat":[1275,1253],"product_tag":[],"jask_topic_categories":[1268,1705,1656,1671,1262,1673,1265,1680,1266,1685,1267,1700],"class_list":{"0":"post-13724","1":"product","2":"type-product","3":"status-publish","4":"has-post-thumbnail","6":"product_cat-conjunto-de-folios","7":"product_cat-liderazgo","8":"jask_topic_categories-evaluacion-del-personal","9":"jask_topic_categories-cooperacion","10":"jask_topic_categories-gestion","11":"jask_topic_categories-preguntas-basicas","12":"jask_topic_categories-direccion-operativa-de-distribucion","13":"jask_topic_categories-crisis-y-rehabilitacion","14":"jask_topic_categories-liderazgo","15":"jask_topic_categories-visita-al-exterior","16":"jask_topic_categories-actitud-de-liderazgo","17":"jask_topic_categories-gestion-de-recursos-humanos","18":"jask_topic_categories-autopercepcion-y-autocontrol","19":"jask_topic_categories-gestion-de-ventas","21":"first","22":"instock","23":"sold-individually","24":"taxable","25":"shipping-taxable","26":"purchasable","27":"product-type-variable"},"yoast_head":"<!-- This site is optimized with the Yoast SEO plugin v27.5 - https:\/\/yoast.com\/product\/yoast-seo-wordpress\/ -->\n<title>Sesi\u00f3n informativa sobre la evaluaci\u00f3n del personal - consultingcheck<\/title>\n<meta name=\"description\" content=\"Motivaci\u00f3n, liderazgo, rendimiento, objetivos, satisfacci\u00f3n, calidad, planificaci\u00f3n, cooperaci\u00f3n, coordinaci\u00f3n, reconocimiento\" \/>\n<meta name=\"robots\" content=\"index, follow, max-snippet:-1, max-image-preview:large, max-video-preview:-1\" \/>\n<link rel=\"canonical\" href=\"https:\/\/www.consultingcheck.com\/es\/ressource\/evaluacion-del-personal\/\" \/>\n<meta property=\"og:locale\" content=\"es_ES\" \/>\n<meta property=\"og:type\" content=\"article\" \/>\n<meta property=\"og:title\" content=\"Sesi\u00f3n informativa sobre la evaluaci\u00f3n del personal - consultingcheck\" \/>\n<meta property=\"og:description\" content=\"Motivaci\u00f3n, liderazgo, rendimiento, objetivos, satisfacci\u00f3n, calidad, planificaci\u00f3n, cooperaci\u00f3n, coordinaci\u00f3n, reconocimiento\" \/>\n<meta property=\"og:url\" content=\"https:\/\/www.consultingcheck.com\/es\/ressource\/evaluacion-del-personal\/\" \/>\n<meta property=\"og:site_name\" content=\"consultingcheck\" \/>\n<meta name=\"twitter:card\" content=\"summary_large_image\" \/>\n<meta name=\"twitter:label1\" content=\"Tiempo de lectura\" \/>\n\t<meta name=\"twitter:data1\" content=\"1 minuto\" \/>\n<script type=\"application\/ld+json\" class=\"yoast-schema-graph\">{\"@context\":\"https:\\\/\\\/schema.org\",\"@graph\":[{\"@type\":\"WebPage\",\"@id\":\"https:\\\/\\\/www.consultingcheck.com\\\/es\\\/ressource\\\/evaluacion-del-personal\\\/\",\"url\":\"https:\\\/\\\/www.consultingcheck.com\\\/es\\\/ressource\\\/evaluacion-del-personal\\\/\",\"name\":\"Sesi\u00f3n informativa sobre la evaluaci\u00f3n del personal - consultingcheck\",\"isPartOf\":{\"@id\":\"https:\\\/\\\/www.consultingcheck.com\\\/es\\\/#website\"},\"primaryImageOfPage\":{\"@id\":\"https:\\\/\\\/www.consultingcheck.com\\\/es\\\/ressource\\\/evaluacion-del-personal\\\/#primaryimage\"},\"image\":{\"@id\":\"https:\\\/\\\/www.consultingcheck.com\\\/es\\\/ressource\\\/evaluacion-del-personal\\\/#primaryimage\"},\"thumbnailUrl\":\"https:\\\/\\\/www.consultingcheck.com\\\/wp-content\\\/uploads\\\/2024\\\/06\\\/evaluacion-del-personal.jpg\",\"datePublished\":\"2023-01-19T10:39:23+00:00\",\"description\":\"Motivaci\u00f3n, liderazgo, rendimiento, objetivos, satisfacci\u00f3n, calidad, planificaci\u00f3n, cooperaci\u00f3n, coordinaci\u00f3n, reconocimiento\",\"breadcrumb\":{\"@id\":\"https:\\\/\\\/www.consultingcheck.com\\\/es\\\/ressource\\\/evaluacion-del-personal\\\/#breadcrumb\"},\"inLanguage\":\"es\",\"potentialAction\":[{\"@type\":\"ReadAction\",\"target\":[\"https:\\\/\\\/www.consultingcheck.com\\\/es\\\/ressource\\\/evaluacion-del-personal\\\/\"]}]},{\"@type\":\"ImageObject\",\"inLanguage\":\"es\",\"@id\":\"https:\\\/\\\/www.consultingcheck.com\\\/es\\\/ressource\\\/evaluacion-del-personal\\\/#primaryimage\",\"url\":\"https:\\\/\\\/www.consultingcheck.com\\\/wp-content\\\/uploads\\\/2024\\\/06\\\/evaluacion-del-personal.jpg\",\"contentUrl\":\"https:\\\/\\\/www.consultingcheck.com\\\/wp-content\\\/uploads\\\/2024\\\/06\\\/evaluacion-del-personal.jpg\",\"width\":1000,\"height\":679,\"caption\":\"Ein Screenshot des Briefings zu Mitarbeitergespr\u00e4chen.\"},{\"@type\":\"BreadcrumbList\",\"@id\":\"https:\\\/\\\/www.consultingcheck.com\\\/es\\\/ressource\\\/evaluacion-del-personal\\\/#breadcrumb\",\"itemListElement\":[{\"@type\":\"ListItem\",\"position\":1,\"name\":\"Startseite\",\"item\":\"https:\\\/\\\/www.consultingcheck.com\\\/es\\\/\"},{\"@type\":\"ListItem\",\"position\":2,\"name\":\"Descargas, aplicaciones y productos\",\"item\":\"https:\\\/\\\/www.consultingcheck.com\\\/es\\\/herramientas\\\/descargas-aplicaciones-y-productos\\\/\"},{\"@type\":\"ListItem\",\"position\":3,\"name\":\"Sesi\u00f3n informativa sobre la evaluaci\u00f3n del personal\"}]},{\"@type\":\"WebSite\",\"@id\":\"https:\\\/\\\/www.consultingcheck.com\\\/es\\\/#website\",\"url\":\"https:\\\/\\\/www.consultingcheck.com\\\/es\\\/\",\"name\":\"consultingcheck\",\"description\":\"Vernetzt gedacht. Entzaubert. Hands-on.\",\"potentialAction\":[{\"@type\":\"SearchAction\",\"target\":{\"@type\":\"EntryPoint\",\"urlTemplate\":\"https:\\\/\\\/www.consultingcheck.com\\\/es\\\/?s={search_term_string}\"},\"query-input\":{\"@type\":\"PropertyValueSpecification\",\"valueRequired\":true,\"valueName\":\"search_term_string\"}}],\"inLanguage\":\"es\"}]}<\/script>\n<!-- \/ Yoast SEO plugin. -->","yoast_head_json":{"title":"Sesi\u00f3n informativa sobre la evaluaci\u00f3n del personal - consultingcheck","description":"Motivaci\u00f3n, liderazgo, rendimiento, objetivos, satisfacci\u00f3n, calidad, planificaci\u00f3n, cooperaci\u00f3n, coordinaci\u00f3n, reconocimiento","robots":{"index":"index","follow":"follow","max-snippet":"max-snippet:-1","max-image-preview":"max-image-preview:large","max-video-preview":"max-video-preview:-1"},"canonical":"https:\/\/www.consultingcheck.com\/es\/ressource\/evaluacion-del-personal\/","og_locale":"es_ES","og_type":"article","og_title":"Sesi\u00f3n informativa sobre la evaluaci\u00f3n del personal - consultingcheck","og_description":"Motivaci\u00f3n, liderazgo, rendimiento, objetivos, satisfacci\u00f3n, calidad, planificaci\u00f3n, cooperaci\u00f3n, coordinaci\u00f3n, reconocimiento","og_url":"https:\/\/www.consultingcheck.com\/es\/ressource\/evaluacion-del-personal\/","og_site_name":"consultingcheck","twitter_card":"summary_large_image","twitter_misc":{"Tiempo de lectura":"1 minuto"},"schema":{"@context":"https:\/\/schema.org","@graph":[{"@type":"WebPage","@id":"https:\/\/www.consultingcheck.com\/es\/ressource\/evaluacion-del-personal\/","url":"https:\/\/www.consultingcheck.com\/es\/ressource\/evaluacion-del-personal\/","name":"Sesi\u00f3n informativa sobre la evaluaci\u00f3n del personal - consultingcheck","isPartOf":{"@id":"https:\/\/www.consultingcheck.com\/es\/#website"},"primaryImageOfPage":{"@id":"https:\/\/www.consultingcheck.com\/es\/ressource\/evaluacion-del-personal\/#primaryimage"},"image":{"@id":"https:\/\/www.consultingcheck.com\/es\/ressource\/evaluacion-del-personal\/#primaryimage"},"thumbnailUrl":"https:\/\/www.consultingcheck.com\/wp-content\/uploads\/2024\/06\/evaluacion-del-personal.jpg","datePublished":"2023-01-19T10:39:23+00:00","description":"Motivaci\u00f3n, liderazgo, rendimiento, objetivos, satisfacci\u00f3n, calidad, planificaci\u00f3n, cooperaci\u00f3n, coordinaci\u00f3n, reconocimiento","breadcrumb":{"@id":"https:\/\/www.consultingcheck.com\/es\/ressource\/evaluacion-del-personal\/#breadcrumb"},"inLanguage":"es","potentialAction":[{"@type":"ReadAction","target":["https:\/\/www.consultingcheck.com\/es\/ressource\/evaluacion-del-personal\/"]}]},{"@type":"ImageObject","inLanguage":"es","@id":"https:\/\/www.consultingcheck.com\/es\/ressource\/evaluacion-del-personal\/#primaryimage","url":"https:\/\/www.consultingcheck.com\/wp-content\/uploads\/2024\/06\/evaluacion-del-personal.jpg","contentUrl":"https:\/\/www.consultingcheck.com\/wp-content\/uploads\/2024\/06\/evaluacion-del-personal.jpg","width":1000,"height":679,"caption":"Ein Screenshot des Briefings zu Mitarbeitergespr\u00e4chen."},{"@type":"BreadcrumbList","@id":"https:\/\/www.consultingcheck.com\/es\/ressource\/evaluacion-del-personal\/#breadcrumb","itemListElement":[{"@type":"ListItem","position":1,"name":"Startseite","item":"https:\/\/www.consultingcheck.com\/es\/"},{"@type":"ListItem","position":2,"name":"Descargas, aplicaciones y productos","item":"https:\/\/www.consultingcheck.com\/es\/herramientas\/descargas-aplicaciones-y-productos\/"},{"@type":"ListItem","position":3,"name":"Sesi\u00f3n informativa sobre la evaluaci\u00f3n del personal"}]},{"@type":"WebSite","@id":"https:\/\/www.consultingcheck.com\/es\/#website","url":"https:\/\/www.consultingcheck.com\/es\/","name":"consultingcheck","description":"Vernetzt gedacht. Entzaubert. Hands-on.","potentialAction":[{"@type":"SearchAction","target":{"@type":"EntryPoint","urlTemplate":"https:\/\/www.consultingcheck.com\/es\/?s={search_term_string}"},"query-input":{"@type":"PropertyValueSpecification","valueRequired":true,"valueName":"search_term_string"}}],"inLanguage":"es"}]}},"_links":{"self":[{"href":"https:\/\/www.consultingcheck.com\/es\/wp-json\/wp\/v2\/product\/13724","targetHints":{"allow":["GET"]}}],"collection":[{"href":"https:\/\/www.consultingcheck.com\/es\/wp-json\/wp\/v2\/product"}],"about":[{"href":"https:\/\/www.consultingcheck.com\/es\/wp-json\/wp\/v2\/types\/product"}],"wp:featuredmedia":[{"embeddable":true,"href":"https:\/\/www.consultingcheck.com\/es\/wp-json\/wp\/v2\/media\/20122"}],"wp:attachment":[{"href":"https:\/\/www.consultingcheck.com\/es\/wp-json\/wp\/v2\/media?parent=13724"}],"wp:term":[{"taxonomy":"product_brand","embeddable":true,"href":"https:\/\/www.consultingcheck.com\/es\/wp-json\/wp\/v2\/product_brand?post=13724"},{"taxonomy":"product_cat","embeddable":true,"href":"https:\/\/www.consultingcheck.com\/es\/wp-json\/wp\/v2\/product_cat?post=13724"},{"taxonomy":"product_tag","embeddable":true,"href":"https:\/\/www.consultingcheck.com\/es\/wp-json\/wp\/v2\/product_tag?post=13724"},{"taxonomy":"jask_topic_categories","embeddable":true,"href":"https:\/\/www.consultingcheck.com\/es\/wp-json\/wp\/v2\/jask_topic_categories?post=13724"}],"curies":[{"name":"wp","href":"https:\/\/api.w.org\/{rel}","templated":true}]}}