{"id":13704,"date":"2021-11-09T00:49:54","date_gmt":"2023-01-19T10:11:44","guid":{"rendered":"https:\/\/www.consultingcheck.com\/ressource\/fundamentos-de-la-gestion-de-personal\/"},"modified":"2023-01-19T11:11:44","modified_gmt":"2023-01-19T10:11:44","slug":"fundamentos-de-la-gestion-de-personal","status":"publish","type":"product","link":"https:\/\/www.consultingcheck.com\/es\/ressource\/fundamentos-de-la-gestion-de-personal\/","title":{"rendered":"Fundamentos de la gesti\u00f3n de personal"},"content":{"rendered":"<h3>Contenido<\/h3>\n<p>Aqu\u00ed encontrar\u00e1 un conjunto de diapositivas que le ense\u00f1ar\u00e1n los fundamentos esenciales de la gesti\u00f3n de empleados en 26 diapositivas de contenido. La base intelectual y conceptual de este modelo de gesti\u00f3n es la pretensi\u00f3n de lograr y mantener un equilibrio entre la orientaci\u00f3n al rendimiento y la interacci\u00f3n justa y humana a un alto nivel. Una cultura de confianza y aprecio son las piedras angulares de una buena gesti\u00f3n de los empleados. D\u00e9jese sensibilizar para desplegar conscientemente a los empleados en funci\u00f3n de sus inclinaciones, intereses y ambiciones, para distinguir notablemente entre los que rinden m\u00e1s, los que rinden m\u00e1s, los que tienen m\u00e1s potencial y los que no rinden, y para desarrollar continuamente a su equipo. Tambi\u00e9n hay que tener en cuenta que deben existir tanto la voluntad como la capacidad de liderar.<\/p>\n<p>&nbsp;<\/p>\n<h3>Ventajas<\/h3>\n<ul>\n<li>Este compacto conjunto de diapositivas le ofrecer\u00e1 una visi\u00f3n general de todo el tema del \u00abliderazgo de los empleados\u00bb.<\/li>\n<li>Son conscientes de que una relaci\u00f3n equilibrada entre la orientaci\u00f3n al rendimiento, por un lado, y la interacci\u00f3n justa y humana, por otro, conduce a los mejores resultados.<\/li>\n<li>Aprenden a diferenciar con sensibilidad los distintos estilos de liderazgo en funci\u00f3n de la situaci\u00f3n y de la persona.<\/li>\n<li>Aprender\u00e1 sobre la importancia de la preparaci\u00f3n para el liderazgo, la capacidad de liderazgo y la posibilidad de liderazgo para el \u00e9xito del liderazgo.<\/li>\n<li>Aprendes a tratar con antiguos colegas como un nuevo l\u00edder.<\/li>\n<li>Las diapositivas son adecuadas para la formaci\u00f3n interna sobre liderazgo.<\/li>\n<\/ul>\n<p>&nbsp;<\/p>\n<h3>Descarga digital<\/h3>\n<p>Despu\u00e9s de hacer el pedido, recibir\u00e1 un enlace para descargar el juego de diapositivas, que podr\u00e1 utilizar inmediatamente.<\/p>\n<p>Tenga en cuenta que este conjunto de diapositivas al que est\u00e1 comprando el acceso es para su uso personal. Queda prohibida la reventa de las diapositivas en cualquier forma y de manera digital o f\u00edsica o su publicaci\u00f3n en cualquier publicaci\u00f3n f\u00edsica o en l\u00ednea sin mi permiso. Soy el \u00fanico titular de los derechos de autor de este archivo.<\/p>\n<p>Enlace de descarga: pdf<\/p>\n<p>&nbsp;<\/p>\n<p>&nbsp;<\/p>\n","protected":false},"excerpt":{"rendered":"<h2><strong>C\u00f3mo dirigir con \u00e9xito a sus empleados<\/strong><\/h2>\n","protected":false},"featured_media":20140,"template":"","meta":{"_links_to":"","_links_to_target":""},"product_brand":[],"product_cat":[1275,1253],"product_tag":[],"jask_topic_categories":[1690,1700,1701,1705,1648,1706,1262,1649,1264,1653,1265,1656,1266,1672,1267,1680,1268,1685],"class_list":{"0":"post-13704","1":"product","2":"type-product","3":"status-publish","4":"has-post-thumbnail","6":"product_cat-conjunto-de-folios","7":"product_cat-liderazgo","8":"jask_topic_categories-planificacion-de-la-produccion","9":"jask_topic_categories-gestion-de-ventas","10":"jask_topic_categories-agilizacion-para-la-adaptacion-continua","11":"jask_topic_categories-cooperacion","12":"jask_topic_categories-rendimiento","13":"jask_topic_categories-buscar-perfil-de-candidatos","14":"jask_topic_categories-direccion-operativa-de-distribucion","15":"jask_topic_categories-optimizacion-del-proceso","16":"jask_topic_categories-estabilizacion","17":"jask_topic_categories-proceso-de-innovacion","18":"jask_topic_categories-liderazgo","19":"jask_topic_categories-gestion","20":"jask_topic_categories-actitud-de-liderazgo","21":"jask_topic_categories-fundacion","22":"jask_topic_categories-autopercepcion-y-autocontrol","23":"jask_topic_categories-visita-al-exterior","24":"jask_topic_categories-evaluacion-del-personal","25":"jask_topic_categories-gestion-de-recursos-humanos","27":"first","28":"instock","29":"sold-individually","30":"taxable","31":"shipping-taxable","32":"purchasable","33":"product-type-variable"},"yoast_head":"<!-- This site is optimized with the Yoast SEO plugin v27.3 - https:\/\/yoast.com\/product\/yoast-seo-wordpress\/ -->\n<title>Fundamentos de la gesti\u00f3n de personal - consultingcheck<\/title>\n<meta name=\"description\" content=\"Liderazgo, motivaci\u00f3n, acuerdo de objetivos, seguimiento del \u00e9xito, justo, fiable, rendimiento, equipo, alineaci\u00f3n, recursos\" \/>\n<meta name=\"robots\" content=\"index, follow, max-snippet:-1, max-image-preview:large, max-video-preview:-1\" \/>\n<link rel=\"canonical\" href=\"https:\/\/www.consultingcheck.com\/es\/ressource\/fundamentos-de-la-gestion-de-personal\/\" \/>\n<meta property=\"og:locale\" content=\"es_ES\" \/>\n<meta property=\"og:type\" content=\"article\" \/>\n<meta property=\"og:title\" content=\"Fundamentos de la gesti\u00f3n de personal - consultingcheck\" \/>\n<meta property=\"og:description\" content=\"Liderazgo, motivaci\u00f3n, acuerdo de objetivos, seguimiento del \u00e9xito, justo, fiable, rendimiento, equipo, alineaci\u00f3n, recursos\" \/>\n<meta property=\"og:url\" content=\"https:\/\/www.consultingcheck.com\/es\/ressource\/fundamentos-de-la-gestion-de-personal\/\" \/>\n<meta property=\"og:site_name\" content=\"consultingcheck\" \/>\n<meta property=\"og:image\" content=\"https:\/\/www.consultingcheck.com\/wp-content\/uploads\/2021\/11\/Grundlagen-der-Mitarbeiterfuehrung.png\" \/>\n\t<meta property=\"og:image:width\" content=\"1811\" \/>\n\t<meta property=\"og:image:height\" content=\"1022\" \/>\n\t<meta property=\"og:image:type\" content=\"image\/png\" \/>\n<meta name=\"twitter:card\" content=\"summary_large_image\" \/>\n<meta name=\"twitter:label1\" content=\"Tiempo de lectura\" \/>\n\t<meta name=\"twitter:data1\" content=\"2 minutos\" \/>\n<script type=\"application\/ld+json\" class=\"yoast-schema-graph\">{\"@context\":\"https:\\\/\\\/schema.org\",\"@graph\":[{\"@type\":\"WebPage\",\"@id\":\"https:\\\/\\\/www.consultingcheck.com\\\/es\\\/ressource\\\/fundamentos-de-la-gestion-de-personal\\\/\",\"url\":\"https:\\\/\\\/www.consultingcheck.com\\\/es\\\/ressource\\\/fundamentos-de-la-gestion-de-personal\\\/\",\"name\":\"Fundamentos de la gesti\u00f3n de personal - consultingcheck\",\"isPartOf\":{\"@id\":\"https:\\\/\\\/www.consultingcheck.com\\\/es\\\/#website\"},\"primaryImageOfPage\":{\"@id\":\"https:\\\/\\\/www.consultingcheck.com\\\/es\\\/ressource\\\/fundamentos-de-la-gestion-de-personal\\\/#primaryimage\"},\"image\":{\"@id\":\"https:\\\/\\\/www.consultingcheck.com\\\/es\\\/ressource\\\/fundamentos-de-la-gestion-de-personal\\\/#primaryimage\"},\"thumbnailUrl\":\"https:\\\/\\\/www.consultingcheck.com\\\/wp-content\\\/uploads\\\/2024\\\/06\\\/fundamentos-de-la-gestion-de-personal.jpg\",\"datePublished\":\"2023-01-19T10:11:44+00:00\",\"description\":\"Liderazgo, motivaci\u00f3n, acuerdo de objetivos, seguimiento del \u00e9xito, justo, fiable, rendimiento, equipo, alineaci\u00f3n, recursos\",\"breadcrumb\":{\"@id\":\"https:\\\/\\\/www.consultingcheck.com\\\/es\\\/ressource\\\/fundamentos-de-la-gestion-de-personal\\\/#breadcrumb\"},\"inLanguage\":\"es\",\"potentialAction\":[{\"@type\":\"ReadAction\",\"target\":[\"https:\\\/\\\/www.consultingcheck.com\\\/es\\\/ressource\\\/fundamentos-de-la-gestion-de-personal\\\/\"]}]},{\"@type\":\"ImageObject\",\"inLanguage\":\"es\",\"@id\":\"https:\\\/\\\/www.consultingcheck.com\\\/es\\\/ressource\\\/fundamentos-de-la-gestion-de-personal\\\/#primaryimage\",\"url\":\"https:\\\/\\\/www.consultingcheck.com\\\/wp-content\\\/uploads\\\/2024\\\/06\\\/fundamentos-de-la-gestion-de-personal.jpg\",\"contentUrl\":\"https:\\\/\\\/www.consultingcheck.com\\\/wp-content\\\/uploads\\\/2024\\\/06\\\/fundamentos-de-la-gestion-de-personal.jpg\",\"width\":1000,\"height\":679,\"caption\":\"Ein Screenshot der Grundlagen der Mitarbeiterf\u00fchrung.\"},{\"@type\":\"BreadcrumbList\",\"@id\":\"https:\\\/\\\/www.consultingcheck.com\\\/es\\\/ressource\\\/fundamentos-de-la-gestion-de-personal\\\/#breadcrumb\",\"itemListElement\":[{\"@type\":\"ListItem\",\"position\":1,\"name\":\"Startseite\",\"item\":\"https:\\\/\\\/www.consultingcheck.com\\\/es\\\/\"},{\"@type\":\"ListItem\",\"position\":2,\"name\":\"Descargas, aplicaciones y productos\",\"item\":\"https:\\\/\\\/www.consultingcheck.com\\\/es\\\/herramientas\\\/descargas-aplicaciones-y-productos\\\/\"},{\"@type\":\"ListItem\",\"position\":3,\"name\":\"Fundamentos de la gesti\u00f3n de personal\"}]},{\"@type\":\"WebSite\",\"@id\":\"https:\\\/\\\/www.consultingcheck.com\\\/es\\\/#website\",\"url\":\"https:\\\/\\\/www.consultingcheck.com\\\/es\\\/\",\"name\":\"consultingcheck\",\"description\":\"Vernetzt gedacht. Entzaubert. Hands-on.\",\"potentialAction\":[{\"@type\":\"SearchAction\",\"target\":{\"@type\":\"EntryPoint\",\"urlTemplate\":\"https:\\\/\\\/www.consultingcheck.com\\\/es\\\/?s={search_term_string}\"},\"query-input\":{\"@type\":\"PropertyValueSpecification\",\"valueRequired\":true,\"valueName\":\"search_term_string\"}}],\"inLanguage\":\"es\"}]}<\/script>\n<!-- \/ Yoast SEO plugin. -->","yoast_head_json":{"title":"Fundamentos de la gesti\u00f3n de personal - consultingcheck","description":"Liderazgo, motivaci\u00f3n, acuerdo de objetivos, seguimiento del \u00e9xito, justo, fiable, rendimiento, equipo, alineaci\u00f3n, recursos","robots":{"index":"index","follow":"follow","max-snippet":"max-snippet:-1","max-image-preview":"max-image-preview:large","max-video-preview":"max-video-preview:-1"},"canonical":"https:\/\/www.consultingcheck.com\/es\/ressource\/fundamentos-de-la-gestion-de-personal\/","og_locale":"es_ES","og_type":"article","og_title":"Fundamentos de la gesti\u00f3n de personal - consultingcheck","og_description":"Liderazgo, motivaci\u00f3n, acuerdo de objetivos, seguimiento del \u00e9xito, justo, fiable, rendimiento, equipo, alineaci\u00f3n, recursos","og_url":"https:\/\/www.consultingcheck.com\/es\/ressource\/fundamentos-de-la-gestion-de-personal\/","og_site_name":"consultingcheck","og_image":[{"width":1811,"height":1022,"url":"https:\/\/www.consultingcheck.com\/wp-content\/uploads\/2021\/11\/Grundlagen-der-Mitarbeiterfuehrung.png","type":"image\/png"}],"twitter_card":"summary_large_image","twitter_misc":{"Tiempo de lectura":"2 minutos"},"schema":{"@context":"https:\/\/schema.org","@graph":[{"@type":"WebPage","@id":"https:\/\/www.consultingcheck.com\/es\/ressource\/fundamentos-de-la-gestion-de-personal\/","url":"https:\/\/www.consultingcheck.com\/es\/ressource\/fundamentos-de-la-gestion-de-personal\/","name":"Fundamentos de la gesti\u00f3n de personal - consultingcheck","isPartOf":{"@id":"https:\/\/www.consultingcheck.com\/es\/#website"},"primaryImageOfPage":{"@id":"https:\/\/www.consultingcheck.com\/es\/ressource\/fundamentos-de-la-gestion-de-personal\/#primaryimage"},"image":{"@id":"https:\/\/www.consultingcheck.com\/es\/ressource\/fundamentos-de-la-gestion-de-personal\/#primaryimage"},"thumbnailUrl":"https:\/\/www.consultingcheck.com\/wp-content\/uploads\/2024\/06\/fundamentos-de-la-gestion-de-personal.jpg","datePublished":"2023-01-19T10:11:44+00:00","description":"Liderazgo, motivaci\u00f3n, acuerdo de objetivos, seguimiento del \u00e9xito, justo, fiable, rendimiento, equipo, alineaci\u00f3n, recursos","breadcrumb":{"@id":"https:\/\/www.consultingcheck.com\/es\/ressource\/fundamentos-de-la-gestion-de-personal\/#breadcrumb"},"inLanguage":"es","potentialAction":[{"@type":"ReadAction","target":["https:\/\/www.consultingcheck.com\/es\/ressource\/fundamentos-de-la-gestion-de-personal\/"]}]},{"@type":"ImageObject","inLanguage":"es","@id":"https:\/\/www.consultingcheck.com\/es\/ressource\/fundamentos-de-la-gestion-de-personal\/#primaryimage","url":"https:\/\/www.consultingcheck.com\/wp-content\/uploads\/2024\/06\/fundamentos-de-la-gestion-de-personal.jpg","contentUrl":"https:\/\/www.consultingcheck.com\/wp-content\/uploads\/2024\/06\/fundamentos-de-la-gestion-de-personal.jpg","width":1000,"height":679,"caption":"Ein Screenshot der Grundlagen der Mitarbeiterf\u00fchrung."},{"@type":"BreadcrumbList","@id":"https:\/\/www.consultingcheck.com\/es\/ressource\/fundamentos-de-la-gestion-de-personal\/#breadcrumb","itemListElement":[{"@type":"ListItem","position":1,"name":"Startseite","item":"https:\/\/www.consultingcheck.com\/es\/"},{"@type":"ListItem","position":2,"name":"Descargas, aplicaciones y productos","item":"https:\/\/www.consultingcheck.com\/es\/herramientas\/descargas-aplicaciones-y-productos\/"},{"@type":"ListItem","position":3,"name":"Fundamentos de la gesti\u00f3n de personal"}]},{"@type":"WebSite","@id":"https:\/\/www.consultingcheck.com\/es\/#website","url":"https:\/\/www.consultingcheck.com\/es\/","name":"consultingcheck","description":"Vernetzt gedacht. Entzaubert. Hands-on.","potentialAction":[{"@type":"SearchAction","target":{"@type":"EntryPoint","urlTemplate":"https:\/\/www.consultingcheck.com\/es\/?s={search_term_string}"},"query-input":{"@type":"PropertyValueSpecification","valueRequired":true,"valueName":"search_term_string"}}],"inLanguage":"es"}]}},"_links":{"self":[{"href":"https:\/\/www.consultingcheck.com\/es\/wp-json\/wp\/v2\/product\/13704","targetHints":{"allow":["GET"]}}],"collection":[{"href":"https:\/\/www.consultingcheck.com\/es\/wp-json\/wp\/v2\/product"}],"about":[{"href":"https:\/\/www.consultingcheck.com\/es\/wp-json\/wp\/v2\/types\/product"}],"wp:featuredmedia":[{"embeddable":true,"href":"https:\/\/www.consultingcheck.com\/es\/wp-json\/wp\/v2\/media\/20140"}],"wp:attachment":[{"href":"https:\/\/www.consultingcheck.com\/es\/wp-json\/wp\/v2\/media?parent=13704"}],"wp:term":[{"taxonomy":"product_brand","embeddable":true,"href":"https:\/\/www.consultingcheck.com\/es\/wp-json\/wp\/v2\/product_brand?post=13704"},{"taxonomy":"product_cat","embeddable":true,"href":"https:\/\/www.consultingcheck.com\/es\/wp-json\/wp\/v2\/product_cat?post=13704"},{"taxonomy":"product_tag","embeddable":true,"href":"https:\/\/www.consultingcheck.com\/es\/wp-json\/wp\/v2\/product_tag?post=13704"},{"taxonomy":"jask_topic_categories","embeddable":true,"href":"https:\/\/www.consultingcheck.com\/es\/wp-json\/wp\/v2\/jask_topic_categories?post=13704"}],"curies":[{"name":"wp","href":"https:\/\/api.w.org\/{rel}","templated":true}]}}