{"id":13694,"date":"2021-11-09T00:49:54","date_gmt":"2023-01-19T09:50:03","guid":{"rendered":"https:\/\/www.consultingcheck.com\/ressource\/perfil-de-requisitos-para-systema-erp\/"},"modified":"2023-01-19T10:50:55","modified_gmt":"2023-01-19T09:50:55","slug":"perfil-de-requisitos-para-systema-erp","status":"publish","type":"product","link":"https:\/\/www.consultingcheck.com\/es\/ressource\/perfil-de-requisitos-para-systema-erp\/","title":{"rendered":"Perfil de requisitos para systema ERP"},"content":{"rendered":"<h3>Contenido<\/h3>\n<p>Aqu\u00ed encontrar\u00e1 una lista de comprobaci\u00f3n para su perfil de requisitos de un sistema de planificaci\u00f3n de recursos empresariales (ERP). La lista de control de 9 p\u00e1ginas est\u00e1 estructurada por categor\u00edas de criterios. Las categor\u00edas esenciales son la funcionalidad, la compatibilidad con la contabilidad de costes y el c\u00e1lculo de costes, la cuenta de resultados, la planificaci\u00f3n financiera, las opciones de evaluaci\u00f3n, las opciones de intercambio de datos, la capacidad de ampliaci\u00f3n, la facilidad de uso, la seguridad de la inversi\u00f3n y el coste de adquisici\u00f3n y uso continuado.<\/p>\n<p>Puede introducir el grado de exigencia que hay detr\u00e1s de cada criterio: criterio KO, funci\u00f3n objetivo, funci\u00f3n prescindible. Esto le proporciona una base pragm\u00e1tica para seleccionar un sistema ERP adecuado. Puede comparar las especificaciones de rendimiento de los proveedores de sistemas ERP disponibles en el mercado con su perfil de requisitos y llegar r\u00e1pidamente a una preselecci\u00f3n en profundidad.<\/p>\n<p>&nbsp;<\/p>\n<h3>Ventajas<\/h3>\n<ul>\n<li>Recibir\u00e1 una gu\u00eda de eficacia probada para determinar las necesidades de su empresa en cuanto a un sistema ERP.<\/li>\n<li>La lista de control se mantiene pragm\u00e1tica y, por tanto, adecuada para su uso.<\/li>\n<li>Usted acude a las conversaciones con los proveedores de sistemas ERP bien preparado con su perfil de requisitos.<\/li>\n<li>Aunque esta lista de comprobaci\u00f3n cubre las categor\u00edas pertinentes, por supuesto puede ampliarla, acortarla y detallarla usted mismo.<\/li>\n<li>Puede utilizar la aplicaci\u00f3n tantas veces como quieras.<\/li>\n<\/ul>\n<p>&nbsp;<\/p>\n<h3>Descarga digital<\/h3>\n<p>Tras el pedido, recibir\u00e1 un enlace de descarga de la lista de control, que podr\u00e1 utilizar inmediatamente.<\/p>\n<p>Puedes utilizar la lista de control tantas veces como quieras.<\/p>\n<p>Tenga en cuenta que la aplicaci\u00f3n a la que adquiere acceso es s\u00f3lo para su uso personal. Queda prohibida su reventa en cualquier forma y de manera digital o f\u00edsica o su publicaci\u00f3n en cualquier publicaci\u00f3n f\u00edsica u online sin mi permiso. Soy el \u00fanico titular de los derechos de autor de este archivo.<\/p>\n<p>Enlace a la solicitud: pdf<\/p>\n","protected":false},"excerpt":{"rendered":"<h2><strong>Lista de comprobaci\u00f3n de un perfil de requisitos para preparar la selecci\u00f3n de un sistema ERP adecuado<\/strong><\/h2>\n","protected":false},"featured_media":20083,"template":"","meta":{"_links_to":"","_links_to_target":""},"product_brand":[],"product_cat":[1254,1286],"product_tag":[],"jask_topic_categories":[1692,1649,1700,1652,1703,1654,1261,1656,1263,1671,1264,1675,1678,1681,1684,1691,1648],"class_list":{"0":"post-13694","1":"product","2":"type-product","3":"status-publish","4":"has-post-thumbnail","6":"product_cat-gestion-de-empresa","7":"product_cat-lista-de-verificacion","8":"jask_topic_categories-reduccion-de-costes-de-fabricacion","9":"jask_topic_categories-optimizacion-del-proceso","10":"jask_topic_categories-gestion-de-ventas","11":"jask_topic_categories-optimizacion-del-proceso-de-produccion","12":"jask_topic_categories-organizacion-de-ventas","13":"jask_topic_categories-decisiones","14":"jask_topic_categories-gestion-estrategica-de-distribucion","15":"jask_topic_categories-gestion","16":"jask_topic_categories-aumento-del-rendimiento","17":"jask_topic_categories-preguntas-basicas","18":"jask_topic_categories-estabilizacion","19":"jask_topic_categories-concepto-de-reestructuracion-con-prevision-de-continuacion-segun-idw-s6","20":"jask_topic_categories-gestion-de-la-fabricacion","21":"jask_topic_categories-control-y-gestion-de-riesgos","22":"jask_topic_categories-procesos","23":"jask_topic_categories-gestion-de-riesgos","24":"jask_topic_categories-rendimiento","26":"first","27":"instock","28":"sold-individually","29":"taxable","30":"shipping-taxable","31":"purchasable","32":"product-type-variable"},"yoast_head":"<!-- This site is optimized with the Yoast SEO plugin v27.4 - https:\/\/yoast.com\/product\/yoast-seo-wordpress\/ -->\n<title>Perfil de requisitos para systema ERP - consultingcheck<\/title>\n<meta name=\"description\" content=\"Procesos, interfaz de usuario, evaluaciones, datos, tiempo real, ayuda a la toma de decisiones, gesti\u00f3n de mercanc\u00edas, rotaci\u00f3n, rendimiento, planificaci\u00f3n\" \/>\n<meta name=\"robots\" content=\"index, follow, max-snippet:-1, max-image-preview:large, max-video-preview:-1\" \/>\n<link rel=\"canonical\" href=\"https:\/\/www.consultingcheck.com\/es\/ressource\/perfil-de-requisitos-para-systema-erp\/\" \/>\n<meta property=\"og:locale\" content=\"es_ES\" \/>\n<meta property=\"og:type\" content=\"article\" \/>\n<meta property=\"og:title\" content=\"Perfil de requisitos para systema ERP - consultingcheck\" \/>\n<meta property=\"og:description\" content=\"Procesos, interfaz de usuario, evaluaciones, datos, tiempo real, ayuda a la toma de decisiones, gesti\u00f3n de mercanc\u00edas, rotaci\u00f3n, rendimiento, planificaci\u00f3n\" \/>\n<meta property=\"og:url\" content=\"https:\/\/www.consultingcheck.com\/es\/ressource\/perfil-de-requisitos-para-systema-erp\/\" \/>\n<meta property=\"og:site_name\" content=\"consultingcheck\" \/>\n<meta property=\"article:modified_time\" content=\"2023-01-19T09:50:55+00:00\" \/>\n<meta property=\"og:image\" content=\"https:\/\/www.consultingcheck.com\/wp-content\/uploads\/2021\/11\/Anforderungen-an-ERP-System.png\" \/>\n\t<meta property=\"og:image:width\" content=\"1813\" \/>\n\t<meta property=\"og:image:height\" content=\"1293\" \/>\n\t<meta property=\"og:image:type\" content=\"image\/png\" \/>\n<meta name=\"twitter:card\" content=\"summary_large_image\" \/>\n<meta name=\"twitter:label1\" content=\"Tiempo de lectura\" \/>\n\t<meta name=\"twitter:data1\" content=\"2 minutos\" \/>\n<script type=\"application\/ld+json\" class=\"yoast-schema-graph\">{\"@context\":\"https:\\\/\\\/schema.org\",\"@graph\":[{\"@type\":\"WebPage\",\"@id\":\"https:\\\/\\\/www.consultingcheck.com\\\/es\\\/ressource\\\/perfil-de-requisitos-para-systema-erp\\\/\",\"url\":\"https:\\\/\\\/www.consultingcheck.com\\\/es\\\/ressource\\\/perfil-de-requisitos-para-systema-erp\\\/\",\"name\":\"Perfil de requisitos para systema ERP - consultingcheck\",\"isPartOf\":{\"@id\":\"https:\\\/\\\/www.consultingcheck.com\\\/es\\\/#website\"},\"primaryImageOfPage\":{\"@id\":\"https:\\\/\\\/www.consultingcheck.com\\\/es\\\/ressource\\\/perfil-de-requisitos-para-systema-erp\\\/#primaryimage\"},\"image\":{\"@id\":\"https:\\\/\\\/www.consultingcheck.com\\\/es\\\/ressource\\\/perfil-de-requisitos-para-systema-erp\\\/#primaryimage\"},\"thumbnailUrl\":\"https:\\\/\\\/www.consultingcheck.com\\\/wp-content\\\/uploads\\\/2024\\\/06\\\/perfil-de-requisitos-para-systema-erp.jpg\",\"datePublished\":\"2023-01-19T09:50:03+00:00\",\"dateModified\":\"2023-01-19T09:50:55+00:00\",\"description\":\"Procesos, interfaz de usuario, evaluaciones, datos, tiempo real, ayuda a la toma de decisiones, gesti\u00f3n de mercanc\u00edas, rotaci\u00f3n, rendimiento, planificaci\u00f3n\",\"breadcrumb\":{\"@id\":\"https:\\\/\\\/www.consultingcheck.com\\\/es\\\/ressource\\\/perfil-de-requisitos-para-systema-erp\\\/#breadcrumb\"},\"inLanguage\":\"es\",\"potentialAction\":[{\"@type\":\"ReadAction\",\"target\":[\"https:\\\/\\\/www.consultingcheck.com\\\/es\\\/ressource\\\/perfil-de-requisitos-para-systema-erp\\\/\"]}]},{\"@type\":\"ImageObject\",\"inLanguage\":\"es\",\"@id\":\"https:\\\/\\\/www.consultingcheck.com\\\/es\\\/ressource\\\/perfil-de-requisitos-para-systema-erp\\\/#primaryimage\",\"url\":\"https:\\\/\\\/www.consultingcheck.com\\\/wp-content\\\/uploads\\\/2024\\\/06\\\/perfil-de-requisitos-para-systema-erp.jpg\",\"contentUrl\":\"https:\\\/\\\/www.consultingcheck.com\\\/wp-content\\\/uploads\\\/2024\\\/06\\\/perfil-de-requisitos-para-systema-erp.jpg\",\"width\":1000,\"height\":679,\"caption\":\"Ein Screenshot des Anforderungsprofils an ERP-Systeme.\"},{\"@type\":\"BreadcrumbList\",\"@id\":\"https:\\\/\\\/www.consultingcheck.com\\\/es\\\/ressource\\\/perfil-de-requisitos-para-systema-erp\\\/#breadcrumb\",\"itemListElement\":[{\"@type\":\"ListItem\",\"position\":1,\"name\":\"Startseite\",\"item\":\"https:\\\/\\\/www.consultingcheck.com\\\/es\\\/\"},{\"@type\":\"ListItem\",\"position\":2,\"name\":\"Descargas, aplicaciones y productos\",\"item\":\"https:\\\/\\\/www.consultingcheck.com\\\/es\\\/herramientas\\\/descargas-aplicaciones-y-productos\\\/\"},{\"@type\":\"ListItem\",\"position\":3,\"name\":\"Perfil de requisitos para systema ERP\"}]},{\"@type\":\"WebSite\",\"@id\":\"https:\\\/\\\/www.consultingcheck.com\\\/es\\\/#website\",\"url\":\"https:\\\/\\\/www.consultingcheck.com\\\/es\\\/\",\"name\":\"consultingcheck\",\"description\":\"Vernetzt gedacht. Entzaubert. Hands-on.\",\"potentialAction\":[{\"@type\":\"SearchAction\",\"target\":{\"@type\":\"EntryPoint\",\"urlTemplate\":\"https:\\\/\\\/www.consultingcheck.com\\\/es\\\/?s={search_term_string}\"},\"query-input\":{\"@type\":\"PropertyValueSpecification\",\"valueRequired\":true,\"valueName\":\"search_term_string\"}}],\"inLanguage\":\"es\"}]}<\/script>\n<!-- \/ Yoast SEO plugin. -->","yoast_head_json":{"title":"Perfil de requisitos para systema ERP - consultingcheck","description":"Procesos, interfaz de usuario, evaluaciones, datos, tiempo real, ayuda a la toma de decisiones, gesti\u00f3n de mercanc\u00edas, rotaci\u00f3n, rendimiento, planificaci\u00f3n","robots":{"index":"index","follow":"follow","max-snippet":"max-snippet:-1","max-image-preview":"max-image-preview:large","max-video-preview":"max-video-preview:-1"},"canonical":"https:\/\/www.consultingcheck.com\/es\/ressource\/perfil-de-requisitos-para-systema-erp\/","og_locale":"es_ES","og_type":"article","og_title":"Perfil de requisitos para systema ERP - consultingcheck","og_description":"Procesos, interfaz de usuario, evaluaciones, datos, tiempo real, ayuda a la toma de decisiones, gesti\u00f3n de mercanc\u00edas, rotaci\u00f3n, rendimiento, planificaci\u00f3n","og_url":"https:\/\/www.consultingcheck.com\/es\/ressource\/perfil-de-requisitos-para-systema-erp\/","og_site_name":"consultingcheck","article_modified_time":"2023-01-19T09:50:55+00:00","og_image":[{"width":1813,"height":1293,"url":"https:\/\/www.consultingcheck.com\/wp-content\/uploads\/2021\/11\/Anforderungen-an-ERP-System.png","type":"image\/png"}],"twitter_card":"summary_large_image","twitter_misc":{"Tiempo de lectura":"2 minutos"},"schema":{"@context":"https:\/\/schema.org","@graph":[{"@type":"WebPage","@id":"https:\/\/www.consultingcheck.com\/es\/ressource\/perfil-de-requisitos-para-systema-erp\/","url":"https:\/\/www.consultingcheck.com\/es\/ressource\/perfil-de-requisitos-para-systema-erp\/","name":"Perfil de requisitos para systema ERP - consultingcheck","isPartOf":{"@id":"https:\/\/www.consultingcheck.com\/es\/#website"},"primaryImageOfPage":{"@id":"https:\/\/www.consultingcheck.com\/es\/ressource\/perfil-de-requisitos-para-systema-erp\/#primaryimage"},"image":{"@id":"https:\/\/www.consultingcheck.com\/es\/ressource\/perfil-de-requisitos-para-systema-erp\/#primaryimage"},"thumbnailUrl":"https:\/\/www.consultingcheck.com\/wp-content\/uploads\/2024\/06\/perfil-de-requisitos-para-systema-erp.jpg","datePublished":"2023-01-19T09:50:03+00:00","dateModified":"2023-01-19T09:50:55+00:00","description":"Procesos, interfaz de usuario, evaluaciones, datos, tiempo real, ayuda a la toma de decisiones, gesti\u00f3n de mercanc\u00edas, rotaci\u00f3n, rendimiento, planificaci\u00f3n","breadcrumb":{"@id":"https:\/\/www.consultingcheck.com\/es\/ressource\/perfil-de-requisitos-para-systema-erp\/#breadcrumb"},"inLanguage":"es","potentialAction":[{"@type":"ReadAction","target":["https:\/\/www.consultingcheck.com\/es\/ressource\/perfil-de-requisitos-para-systema-erp\/"]}]},{"@type":"ImageObject","inLanguage":"es","@id":"https:\/\/www.consultingcheck.com\/es\/ressource\/perfil-de-requisitos-para-systema-erp\/#primaryimage","url":"https:\/\/www.consultingcheck.com\/wp-content\/uploads\/2024\/06\/perfil-de-requisitos-para-systema-erp.jpg","contentUrl":"https:\/\/www.consultingcheck.com\/wp-content\/uploads\/2024\/06\/perfil-de-requisitos-para-systema-erp.jpg","width":1000,"height":679,"caption":"Ein Screenshot des Anforderungsprofils an ERP-Systeme."},{"@type":"BreadcrumbList","@id":"https:\/\/www.consultingcheck.com\/es\/ressource\/perfil-de-requisitos-para-systema-erp\/#breadcrumb","itemListElement":[{"@type":"ListItem","position":1,"name":"Startseite","item":"https:\/\/www.consultingcheck.com\/es\/"},{"@type":"ListItem","position":2,"name":"Descargas, aplicaciones y productos","item":"https:\/\/www.consultingcheck.com\/es\/herramientas\/descargas-aplicaciones-y-productos\/"},{"@type":"ListItem","position":3,"name":"Perfil de requisitos para systema ERP"}]},{"@type":"WebSite","@id":"https:\/\/www.consultingcheck.com\/es\/#website","url":"https:\/\/www.consultingcheck.com\/es\/","name":"consultingcheck","description":"Vernetzt gedacht. Entzaubert. Hands-on.","potentialAction":[{"@type":"SearchAction","target":{"@type":"EntryPoint","urlTemplate":"https:\/\/www.consultingcheck.com\/es\/?s={search_term_string}"},"query-input":{"@type":"PropertyValueSpecification","valueRequired":true,"valueName":"search_term_string"}}],"inLanguage":"es"}]}},"_links":{"self":[{"href":"https:\/\/www.consultingcheck.com\/es\/wp-json\/wp\/v2\/product\/13694","targetHints":{"allow":["GET"]}}],"collection":[{"href":"https:\/\/www.consultingcheck.com\/es\/wp-json\/wp\/v2\/product"}],"about":[{"href":"https:\/\/www.consultingcheck.com\/es\/wp-json\/wp\/v2\/types\/product"}],"wp:featuredmedia":[{"embeddable":true,"href":"https:\/\/www.consultingcheck.com\/es\/wp-json\/wp\/v2\/media\/20083"}],"wp:attachment":[{"href":"https:\/\/www.consultingcheck.com\/es\/wp-json\/wp\/v2\/media?parent=13694"}],"wp:term":[{"taxonomy":"product_brand","embeddable":true,"href":"https:\/\/www.consultingcheck.com\/es\/wp-json\/wp\/v2\/product_brand?post=13694"},{"taxonomy":"product_cat","embeddable":true,"href":"https:\/\/www.consultingcheck.com\/es\/wp-json\/wp\/v2\/product_cat?post=13694"},{"taxonomy":"product_tag","embeddable":true,"href":"https:\/\/www.consultingcheck.com\/es\/wp-json\/wp\/v2\/product_tag?post=13694"},{"taxonomy":"jask_topic_categories","embeddable":true,"href":"https:\/\/www.consultingcheck.com\/es\/wp-json\/wp\/v2\/jask_topic_categories?post=13694"}],"curies":[{"name":"wp","href":"https:\/\/api.w.org\/{rel}","templated":true}]}}