{"id":13684,"date":"2021-11-09T00:49:54","date_gmt":"2023-01-19T09:43:53","guid":{"rendered":"https:\/\/www.consultingcheck.com\/ressource\/lista-de-control-para-la-descripcion-de-ideas\/"},"modified":"2023-01-19T10:43:53","modified_gmt":"2023-01-19T09:43:53","slug":"lista-para-describir-ideas","status":"publish","type":"product","link":"https:\/\/www.consultingcheck.com\/es\/ressource\/lista-para-describir-ideas\/","title":{"rendered":"Lista de control para la descripci\u00f3n de ideas"},"content":{"rendered":"<h3>Contenido<\/h3>\n<p>Aqu\u00ed encontrar\u00e1 una lista de comprobaci\u00f3n estructurada que le ayudar\u00e1 a incorporar sistem\u00e1ticamente ideas a su proceso de innovaci\u00f3n. Esta p\u00e1gina lo tiene todo. Por compacto y sencillo que parezca, puede integrarse f\u00e1cilmente en los procesos operativos. Desde el tipo de innovaci\u00f3n que se persigue con la idea, pasando por el grado de innovaci\u00f3n previsto, hasta el potencial que puede aprovecharse con la aplicaci\u00f3n de la idea respectiva, esta lista de comprobaci\u00f3n recoge los datos clave esenciales.<\/p>\n<p>Esta lista de control debe estar a disposici\u00f3n de todos los empleados de la empresa para que aporten ideas al proceso de innovaci\u00f3n. Las cosas ingeniosas suelen parecer asombrosamente sencillas. Lo mismo ocurre con esta lista de control para describir ideas.<\/p>\n<p>Tambi\u00e9n se recomienda en este punto el proceso Stagegate disponible en consultingcheck para decidir las ideas a lo largo del proceso.<\/p>\n<p>&nbsp;<\/p>\n<h3>Ventajas<\/h3>\n<ul>\n<li>Esta peque\u00f1a lista de control ayuda a los empleados a estructurar sus ideas desde el principio y a examinar sistem\u00e1ticamente su potencial.<\/li>\n<li>La lista de control ayuda a llenar el embudo de ideas para un proceso de innovaci\u00f3n animado.<\/li>\n<li>La lista de control es una herramienta adecuada para promover la actividad innovadora en la empresa.<\/li>\n<\/ul>\n<p>&nbsp;<\/p>\n<h3>Descarga digital<\/h3>\n<p>Tras el pedido, recibir\u00e1 un enlace de descarga a la lista de control estructurada, que podr\u00e1 utilizar inmediatamente.<\/p>\n<p>Tenga en cuenta que esta lista de control a la que est\u00e1 comprando acceso es para su uso personal. Queda prohibida la reventa de la lista de comprobaci\u00f3n en cualquier forma y de manera digital o f\u00edsica o su publicaci\u00f3n en cualquier publicaci\u00f3n f\u00edsica o en l\u00ednea sin mi permiso. Soy el \u00fanico titular de los derechos de autor de este archivo.<\/p>\n<p>Enlace de descarga: pdf<\/p>\n","protected":false},"excerpt":{"rendered":"<h2><strong>C\u00f3mo introducir ideas en su proceso de innovaci\u00f3n de forma estructurada<\/strong><\/h2>\n","protected":false},"featured_media":20080,"template":"","meta":{"_links_to":"","_links_to_target":""},"product_brand":[],"product_cat":[1286,1288,1251,1252],"product_tag":[],"jask_topic_categories":[1653,1656,1671,1672,1679],"class_list":{"0":"post-13684","1":"product","2":"type-product","3":"status-publish","4":"has-post-thumbnail","6":"product_cat-lista-de-verificacion","7":"product_cat-plantilla-de-hoja","8":"product_cat-creacion-de-una-empresa","9":"product_cat-inovacion","10":"jask_topic_categories-proceso-de-innovacion","11":"jask_topic_categories-gestion","12":"jask_topic_categories-preguntas-basicas","13":"jask_topic_categories-fundacion","14":"jask_topic_categories-desarrollo-de-productos","16":"first","17":"instock","18":"sold-individually","19":"taxable","20":"shipping-taxable","21":"purchasable","22":"product-type-variable"},"yoast_head":"<!-- This site is optimized with the Yoast SEO plugin v27.5 - https:\/\/yoast.com\/product\/yoast-seo-wordpress\/ -->\n<title>Lista de control para la descripci\u00f3n de ideas - consultingcheck<\/title>\n<meta name=\"robots\" content=\"index, follow, max-snippet:-1, max-image-preview:large, max-video-preview:-1\" \/>\n<link rel=\"canonical\" href=\"https:\/\/www.consultingcheck.com\/es\/ressource\/lista-para-describir-ideas\/\" \/>\n<meta property=\"og:locale\" content=\"es_ES\" \/>\n<meta property=\"og:type\" content=\"article\" \/>\n<meta property=\"og:title\" content=\"Lista de control para la descripci\u00f3n de ideas - consultingcheck\" \/>\n<meta property=\"og:description\" content=\"C\u00f3mo introducir ideas en su proceso de innovaci\u00f3n de forma estructurada\" \/>\n<meta property=\"og:url\" content=\"https:\/\/www.consultingcheck.com\/es\/ressource\/lista-para-describir-ideas\/\" \/>\n<meta property=\"og:site_name\" content=\"consultingcheck\" \/>\n<meta name=\"twitter:card\" content=\"summary_large_image\" \/>\n<meta name=\"twitter:label1\" content=\"Tiempo de lectura\" \/>\n\t<meta name=\"twitter:data1\" content=\"2 minutos\" \/>\n<script type=\"application\/ld+json\" class=\"yoast-schema-graph\">{\"@context\":\"https:\\\/\\\/schema.org\",\"@graph\":[{\"@type\":\"WebPage\",\"@id\":\"https:\\\/\\\/www.consultingcheck.com\\\/es\\\/ressource\\\/lista-para-describir-ideas\\\/\",\"url\":\"https:\\\/\\\/www.consultingcheck.com\\\/es\\\/ressource\\\/lista-para-describir-ideas\\\/\",\"name\":\"Lista de control para la descripci\u00f3n de ideas - consultingcheck\",\"isPartOf\":{\"@id\":\"https:\\\/\\\/www.consultingcheck.com\\\/es\\\/#website\"},\"primaryImageOfPage\":{\"@id\":\"https:\\\/\\\/www.consultingcheck.com\\\/es\\\/ressource\\\/lista-para-describir-ideas\\\/#primaryimage\"},\"image\":{\"@id\":\"https:\\\/\\\/www.consultingcheck.com\\\/es\\\/ressource\\\/lista-para-describir-ideas\\\/#primaryimage\"},\"thumbnailUrl\":\"https:\\\/\\\/www.consultingcheck.com\\\/wp-content\\\/uploads\\\/2024\\\/06\\\/lista-para-describir-ideas.jpg\",\"datePublished\":\"2023-01-19T09:43:53+00:00\",\"breadcrumb\":{\"@id\":\"https:\\\/\\\/www.consultingcheck.com\\\/es\\\/ressource\\\/lista-para-describir-ideas\\\/#breadcrumb\"},\"inLanguage\":\"es\",\"potentialAction\":[{\"@type\":\"ReadAction\",\"target\":[\"https:\\\/\\\/www.consultingcheck.com\\\/es\\\/ressource\\\/lista-para-describir-ideas\\\/\"]}]},{\"@type\":\"ImageObject\",\"inLanguage\":\"es\",\"@id\":\"https:\\\/\\\/www.consultingcheck.com\\\/es\\\/ressource\\\/lista-para-describir-ideas\\\/#primaryimage\",\"url\":\"https:\\\/\\\/www.consultingcheck.com\\\/wp-content\\\/uploads\\\/2024\\\/06\\\/lista-para-describir-ideas.jpg\",\"contentUrl\":\"https:\\\/\\\/www.consultingcheck.com\\\/wp-content\\\/uploads\\\/2024\\\/06\\\/lista-para-describir-ideas.jpg\",\"width\":1000,\"height\":679,\"caption\":\"Ein Screenshot der Checkliste zur Ideenbeschreibung.\"},{\"@type\":\"BreadcrumbList\",\"@id\":\"https:\\\/\\\/www.consultingcheck.com\\\/es\\\/ressource\\\/lista-para-describir-ideas\\\/#breadcrumb\",\"itemListElement\":[{\"@type\":\"ListItem\",\"position\":1,\"name\":\"Startseite\",\"item\":\"https:\\\/\\\/www.consultingcheck.com\\\/es\\\/\"},{\"@type\":\"ListItem\",\"position\":2,\"name\":\"Descargas, aplicaciones y productos\",\"item\":\"https:\\\/\\\/www.consultingcheck.com\\\/es\\\/herramientas\\\/descargas-aplicaciones-y-productos\\\/\"},{\"@type\":\"ListItem\",\"position\":3,\"name\":\"Lista de control para la descripci\u00f3n de ideas\"}]},{\"@type\":\"WebSite\",\"@id\":\"https:\\\/\\\/www.consultingcheck.com\\\/es\\\/#website\",\"url\":\"https:\\\/\\\/www.consultingcheck.com\\\/es\\\/\",\"name\":\"consultingcheck\",\"description\":\"Vernetzt gedacht. Entzaubert. Hands-on.\",\"potentialAction\":[{\"@type\":\"SearchAction\",\"target\":{\"@type\":\"EntryPoint\",\"urlTemplate\":\"https:\\\/\\\/www.consultingcheck.com\\\/es\\\/?s={search_term_string}\"},\"query-input\":{\"@type\":\"PropertyValueSpecification\",\"valueRequired\":true,\"valueName\":\"search_term_string\"}}],\"inLanguage\":\"es\"}]}<\/script>\n<!-- \/ Yoast SEO plugin. -->","yoast_head_json":{"title":"Lista de control para la descripci\u00f3n de ideas - consultingcheck","robots":{"index":"index","follow":"follow","max-snippet":"max-snippet:-1","max-image-preview":"max-image-preview:large","max-video-preview":"max-video-preview:-1"},"canonical":"https:\/\/www.consultingcheck.com\/es\/ressource\/lista-para-describir-ideas\/","og_locale":"es_ES","og_type":"article","og_title":"Lista de control para la descripci\u00f3n de ideas - consultingcheck","og_description":"C\u00f3mo introducir ideas en su proceso de innovaci\u00f3n de forma estructurada","og_url":"https:\/\/www.consultingcheck.com\/es\/ressource\/lista-para-describir-ideas\/","og_site_name":"consultingcheck","twitter_card":"summary_large_image","twitter_misc":{"Tiempo de lectura":"2 minutos"},"schema":{"@context":"https:\/\/schema.org","@graph":[{"@type":"WebPage","@id":"https:\/\/www.consultingcheck.com\/es\/ressource\/lista-para-describir-ideas\/","url":"https:\/\/www.consultingcheck.com\/es\/ressource\/lista-para-describir-ideas\/","name":"Lista de control para la descripci\u00f3n de ideas - consultingcheck","isPartOf":{"@id":"https:\/\/www.consultingcheck.com\/es\/#website"},"primaryImageOfPage":{"@id":"https:\/\/www.consultingcheck.com\/es\/ressource\/lista-para-describir-ideas\/#primaryimage"},"image":{"@id":"https:\/\/www.consultingcheck.com\/es\/ressource\/lista-para-describir-ideas\/#primaryimage"},"thumbnailUrl":"https:\/\/www.consultingcheck.com\/wp-content\/uploads\/2024\/06\/lista-para-describir-ideas.jpg","datePublished":"2023-01-19T09:43:53+00:00","breadcrumb":{"@id":"https:\/\/www.consultingcheck.com\/es\/ressource\/lista-para-describir-ideas\/#breadcrumb"},"inLanguage":"es","potentialAction":[{"@type":"ReadAction","target":["https:\/\/www.consultingcheck.com\/es\/ressource\/lista-para-describir-ideas\/"]}]},{"@type":"ImageObject","inLanguage":"es","@id":"https:\/\/www.consultingcheck.com\/es\/ressource\/lista-para-describir-ideas\/#primaryimage","url":"https:\/\/www.consultingcheck.com\/wp-content\/uploads\/2024\/06\/lista-para-describir-ideas.jpg","contentUrl":"https:\/\/www.consultingcheck.com\/wp-content\/uploads\/2024\/06\/lista-para-describir-ideas.jpg","width":1000,"height":679,"caption":"Ein Screenshot der Checkliste zur Ideenbeschreibung."},{"@type":"BreadcrumbList","@id":"https:\/\/www.consultingcheck.com\/es\/ressource\/lista-para-describir-ideas\/#breadcrumb","itemListElement":[{"@type":"ListItem","position":1,"name":"Startseite","item":"https:\/\/www.consultingcheck.com\/es\/"},{"@type":"ListItem","position":2,"name":"Descargas, aplicaciones y productos","item":"https:\/\/www.consultingcheck.com\/es\/herramientas\/descargas-aplicaciones-y-productos\/"},{"@type":"ListItem","position":3,"name":"Lista de control para la descripci\u00f3n de ideas"}]},{"@type":"WebSite","@id":"https:\/\/www.consultingcheck.com\/es\/#website","url":"https:\/\/www.consultingcheck.com\/es\/","name":"consultingcheck","description":"Vernetzt gedacht. Entzaubert. Hands-on.","potentialAction":[{"@type":"SearchAction","target":{"@type":"EntryPoint","urlTemplate":"https:\/\/www.consultingcheck.com\/es\/?s={search_term_string}"},"query-input":{"@type":"PropertyValueSpecification","valueRequired":true,"valueName":"search_term_string"}}],"inLanguage":"es"}]}},"_links":{"self":[{"href":"https:\/\/www.consultingcheck.com\/es\/wp-json\/wp\/v2\/product\/13684","targetHints":{"allow":["GET"]}}],"collection":[{"href":"https:\/\/www.consultingcheck.com\/es\/wp-json\/wp\/v2\/product"}],"about":[{"href":"https:\/\/www.consultingcheck.com\/es\/wp-json\/wp\/v2\/types\/product"}],"wp:featuredmedia":[{"embeddable":true,"href":"https:\/\/www.consultingcheck.com\/es\/wp-json\/wp\/v2\/media\/20080"}],"wp:attachment":[{"href":"https:\/\/www.consultingcheck.com\/es\/wp-json\/wp\/v2\/media?parent=13684"}],"wp:term":[{"taxonomy":"product_brand","embeddable":true,"href":"https:\/\/www.consultingcheck.com\/es\/wp-json\/wp\/v2\/product_brand?post=13684"},{"taxonomy":"product_cat","embeddable":true,"href":"https:\/\/www.consultingcheck.com\/es\/wp-json\/wp\/v2\/product_cat?post=13684"},{"taxonomy":"product_tag","embeddable":true,"href":"https:\/\/www.consultingcheck.com\/es\/wp-json\/wp\/v2\/product_tag?post=13684"},{"taxonomy":"jask_topic_categories","embeddable":true,"href":"https:\/\/www.consultingcheck.com\/es\/wp-json\/wp\/v2\/jask_topic_categories?post=13684"}],"curies":[{"name":"wp","href":"https:\/\/api.w.org\/{rel}","templated":true}]}}