{"id":13667,"date":"2021-11-09T00:49:54","date_gmt":"2023-01-19T09:29:47","guid":{"rendered":"https:\/\/www.consultingcheck.com\/ressource\/fundamentos-de-la-orientacion-en-interiores\/"},"modified":"2023-01-19T10:37:23","modified_gmt":"2023-01-19T09:37:23","slug":"liderazgo-interno","status":"publish","type":"product","link":"https:\/\/www.consultingcheck.com\/es\/ressource\/liderazgo-interno\/","title":{"rendered":"Fundamentos del liderazgo interno"},"content":{"rendered":"<h3>Contenido<\/h3>\n<p>Aqu\u00ed encontrar\u00e1 un conjunto de diapositivas que le ense\u00f1an en 7 diapositivas de contenido c\u00f3mo ser m\u00e1s consciente de sus activos, capacidades, limitaciones y ambiciones para liderar con eficacia. Este conjunto de diapositivas muestra que el liderazgo empieza por todos. La \u00abforma interior\u00bb es el requisito previo para poder dirigir a los dem\u00e1s. No todo el mundo es l\u00edder; no todo el mundo quiere liderar a los dem\u00e1s. Tambi\u00e9n hay oportunidades para crecer profesionalmente. Sin embargo, si quieres liderar, debes desempe\u00f1ar realmente el papel de l\u00edder y desarrollar tus dotes de mando.<\/p>\n<p>&nbsp;<\/p>\n<h3>Ventajas<\/h3>\n<ul>\n<li>En este peque\u00f1o conjunto de diapositivas aprender\u00e1 a plantearse preguntas cr\u00edticas sobre la aptitud para el liderazgo: \u00bfQuiero ser l\u00edder? \u00bfTengo cualidades de liderazgo?<\/li>\n<li>Puede medirse con las caracter\u00edsticas de un l\u00edder positivo.<\/li>\n<li>Tambi\u00e9n reflexionar\u00e1 sobre c\u00f3mo desempe\u00f1a su papel de l\u00edder, c\u00f3mo toma decisiones y c\u00f3mo orienta a los dem\u00e1s.<\/li>\n<li>Su decisi\u00f3n de ser l\u00edder o no puede ser m\u00e1s consciente despu\u00e9s de leer esto que antes.<\/li>\n<\/ul>\n<p>&nbsp;<\/p>\n<h3>Descarga digital<\/h3>\n<p>Despu\u00e9s de hacer el pedido, recibir\u00e1 un enlace para descargar el juego de diapositivas, que podr\u00e1 utilizar inmediatamente.<\/p>\n<p>Tenga en cuenta que este conjunto de diapositivas al que est\u00e1 comprando el acceso es para su uso personal. Queda prohibida la reventa de las diapositivas en cualquier forma y de manera digital o f\u00edsica o su publicaci\u00f3n en cualquier publicaci\u00f3n f\u00edsica o en l\u00ednea sin mi permiso. Soy el \u00fanico titular de los derechos de autor de este archivo.<\/p>\n<p>Enlace de descarga: pdf<\/p>\n","protected":false},"excerpt":{"rendered":"<h2><strong>C\u00f3mo conocerse a s\u00ed mismo y ser eficaz como l\u00edder<\/strong><\/h2>\n","protected":false},"featured_media":20203,"template":"","meta":{"_links_to":"","_links_to_target":""},"product_brand":[],"product_cat":[1253,1275],"product_tag":[],"jask_topic_categories":[1656,1680,1685,1265,1705,1266,1267,1268],"class_list":{"0":"post-13667","1":"product","2":"type-product","3":"status-publish","4":"has-post-thumbnail","6":"product_cat-liderazgo","7":"product_cat-conjunto-de-folios","8":"jask_topic_categories-gestion","9":"jask_topic_categories-visita-al-exterior","10":"jask_topic_categories-gestion-de-recursos-humanos","11":"jask_topic_categories-liderazgo","12":"jask_topic_categories-cooperacion","13":"jask_topic_categories-actitud-de-liderazgo","14":"jask_topic_categories-autopercepcion-y-autocontrol","15":"jask_topic_categories-evaluacion-del-personal","17":"first","18":"instock","19":"sold-individually","20":"taxable","21":"shipping-taxable","22":"purchasable","23":"product-type-variable"},"yoast_head":"<!-- This site is optimized with the Yoast SEO plugin v27.5 - https:\/\/yoast.com\/product\/yoast-seo-wordpress\/ -->\n<title>Fundamentos del liderazgo interno - consultingcheck<\/title>\n<meta name=\"description\" content=\"Autoconciencia, reflexi\u00f3n, atenci\u00f3n plena, capacidades, intereses, posibilidades propias, comunicaci\u00f3n, decisiones, comportamiento\" \/>\n<meta name=\"robots\" content=\"index, follow, max-snippet:-1, max-image-preview:large, max-video-preview:-1\" \/>\n<link rel=\"canonical\" href=\"https:\/\/www.consultingcheck.com\/es\/ressource\/liderazgo-interno\/\" \/>\n<meta property=\"og:locale\" content=\"es_ES\" \/>\n<meta property=\"og:type\" content=\"article\" \/>\n<meta property=\"og:title\" content=\"Fundamentos del liderazgo interno - consultingcheck\" \/>\n<meta property=\"og:description\" content=\"Autoconciencia, reflexi\u00f3n, atenci\u00f3n plena, capacidades, intereses, posibilidades propias, comunicaci\u00f3n, decisiones, comportamiento\" \/>\n<meta property=\"og:url\" content=\"https:\/\/www.consultingcheck.com\/es\/ressource\/liderazgo-interno\/\" \/>\n<meta property=\"og:site_name\" content=\"consultingcheck\" \/>\n<meta property=\"article:modified_time\" content=\"2023-01-19T09:37:23+00:00\" \/>\n<meta property=\"og:image\" content=\"https:\/\/www.consultingcheck.com\/wp-content\/uploads\/2021\/11\/Innenfuehrung.png\" \/>\n\t<meta property=\"og:image:width\" content=\"2431\" \/>\n\t<meta property=\"og:image:height\" content=\"1208\" \/>\n\t<meta property=\"og:image:type\" content=\"image\/png\" \/>\n<meta name=\"twitter:card\" content=\"summary_large_image\" \/>\n<meta name=\"twitter:label1\" content=\"Tiempo de lectura\" \/>\n\t<meta name=\"twitter:data1\" content=\"1 minuto\" \/>\n<script type=\"application\/ld+json\" class=\"yoast-schema-graph\">{\"@context\":\"https:\\\/\\\/schema.org\",\"@graph\":[{\"@type\":\"WebPage\",\"@id\":\"https:\\\/\\\/www.consultingcheck.com\\\/es\\\/ressource\\\/liderazgo-interno\\\/\",\"url\":\"https:\\\/\\\/www.consultingcheck.com\\\/es\\\/ressource\\\/liderazgo-interno\\\/\",\"name\":\"Fundamentos del liderazgo interno - consultingcheck\",\"isPartOf\":{\"@id\":\"https:\\\/\\\/www.consultingcheck.com\\\/es\\\/#website\"},\"primaryImageOfPage\":{\"@id\":\"https:\\\/\\\/www.consultingcheck.com\\\/es\\\/ressource\\\/liderazgo-interno\\\/#primaryimage\"},\"image\":{\"@id\":\"https:\\\/\\\/www.consultingcheck.com\\\/es\\\/ressource\\\/liderazgo-interno\\\/#primaryimage\"},\"thumbnailUrl\":\"https:\\\/\\\/www.consultingcheck.com\\\/wp-content\\\/uploads\\\/2024\\\/06\\\/liderazgo-interno.jpg\",\"datePublished\":\"2023-01-19T09:29:47+00:00\",\"dateModified\":\"2023-01-19T09:37:23+00:00\",\"description\":\"Autoconciencia, reflexi\u00f3n, atenci\u00f3n plena, capacidades, intereses, posibilidades propias, comunicaci\u00f3n, decisiones, comportamiento\",\"breadcrumb\":{\"@id\":\"https:\\\/\\\/www.consultingcheck.com\\\/es\\\/ressource\\\/liderazgo-interno\\\/#breadcrumb\"},\"inLanguage\":\"es\",\"potentialAction\":[{\"@type\":\"ReadAction\",\"target\":[\"https:\\\/\\\/www.consultingcheck.com\\\/es\\\/ressource\\\/liderazgo-interno\\\/\"]}]},{\"@type\":\"ImageObject\",\"inLanguage\":\"es\",\"@id\":\"https:\\\/\\\/www.consultingcheck.com\\\/es\\\/ressource\\\/liderazgo-interno\\\/#primaryimage\",\"url\":\"https:\\\/\\\/www.consultingcheck.com\\\/wp-content\\\/uploads\\\/2024\\\/06\\\/liderazgo-interno.jpg\",\"contentUrl\":\"https:\\\/\\\/www.consultingcheck.com\\\/wp-content\\\/uploads\\\/2024\\\/06\\\/liderazgo-interno.jpg\",\"width\":1000,\"height\":679,\"caption\":\"Ein Screenshot der Grundlagen der Innenf\u00fchrung.\"},{\"@type\":\"BreadcrumbList\",\"@id\":\"https:\\\/\\\/www.consultingcheck.com\\\/es\\\/ressource\\\/liderazgo-interno\\\/#breadcrumb\",\"itemListElement\":[{\"@type\":\"ListItem\",\"position\":1,\"name\":\"Startseite\",\"item\":\"https:\\\/\\\/www.consultingcheck.com\\\/es\\\/\"},{\"@type\":\"ListItem\",\"position\":2,\"name\":\"Descargas, aplicaciones y productos\",\"item\":\"https:\\\/\\\/www.consultingcheck.com\\\/es\\\/herramientas\\\/descargas-aplicaciones-y-productos\\\/\"},{\"@type\":\"ListItem\",\"position\":3,\"name\":\"Fundamentos del liderazgo interno\"}]},{\"@type\":\"WebSite\",\"@id\":\"https:\\\/\\\/www.consultingcheck.com\\\/es\\\/#website\",\"url\":\"https:\\\/\\\/www.consultingcheck.com\\\/es\\\/\",\"name\":\"consultingcheck\",\"description\":\"Vernetzt gedacht. Entzaubert. Hands-on.\",\"potentialAction\":[{\"@type\":\"SearchAction\",\"target\":{\"@type\":\"EntryPoint\",\"urlTemplate\":\"https:\\\/\\\/www.consultingcheck.com\\\/es\\\/?s={search_term_string}\"},\"query-input\":{\"@type\":\"PropertyValueSpecification\",\"valueRequired\":true,\"valueName\":\"search_term_string\"}}],\"inLanguage\":\"es\"}]}<\/script>\n<!-- \/ Yoast SEO plugin. -->","yoast_head_json":{"title":"Fundamentos del liderazgo interno - consultingcheck","description":"Autoconciencia, reflexi\u00f3n, atenci\u00f3n plena, capacidades, intereses, posibilidades propias, comunicaci\u00f3n, decisiones, comportamiento","robots":{"index":"index","follow":"follow","max-snippet":"max-snippet:-1","max-image-preview":"max-image-preview:large","max-video-preview":"max-video-preview:-1"},"canonical":"https:\/\/www.consultingcheck.com\/es\/ressource\/liderazgo-interno\/","og_locale":"es_ES","og_type":"article","og_title":"Fundamentos del liderazgo interno - consultingcheck","og_description":"Autoconciencia, reflexi\u00f3n, atenci\u00f3n plena, capacidades, intereses, posibilidades propias, comunicaci\u00f3n, decisiones, comportamiento","og_url":"https:\/\/www.consultingcheck.com\/es\/ressource\/liderazgo-interno\/","og_site_name":"consultingcheck","article_modified_time":"2023-01-19T09:37:23+00:00","og_image":[{"width":2431,"height":1208,"url":"https:\/\/www.consultingcheck.com\/wp-content\/uploads\/2021\/11\/Innenfuehrung.png","type":"image\/png"}],"twitter_card":"summary_large_image","twitter_misc":{"Tiempo de lectura":"1 minuto"},"schema":{"@context":"https:\/\/schema.org","@graph":[{"@type":"WebPage","@id":"https:\/\/www.consultingcheck.com\/es\/ressource\/liderazgo-interno\/","url":"https:\/\/www.consultingcheck.com\/es\/ressource\/liderazgo-interno\/","name":"Fundamentos del liderazgo interno - consultingcheck","isPartOf":{"@id":"https:\/\/www.consultingcheck.com\/es\/#website"},"primaryImageOfPage":{"@id":"https:\/\/www.consultingcheck.com\/es\/ressource\/liderazgo-interno\/#primaryimage"},"image":{"@id":"https:\/\/www.consultingcheck.com\/es\/ressource\/liderazgo-interno\/#primaryimage"},"thumbnailUrl":"https:\/\/www.consultingcheck.com\/wp-content\/uploads\/2024\/06\/liderazgo-interno.jpg","datePublished":"2023-01-19T09:29:47+00:00","dateModified":"2023-01-19T09:37:23+00:00","description":"Autoconciencia, reflexi\u00f3n, atenci\u00f3n plena, capacidades, intereses, posibilidades propias, comunicaci\u00f3n, decisiones, comportamiento","breadcrumb":{"@id":"https:\/\/www.consultingcheck.com\/es\/ressource\/liderazgo-interno\/#breadcrumb"},"inLanguage":"es","potentialAction":[{"@type":"ReadAction","target":["https:\/\/www.consultingcheck.com\/es\/ressource\/liderazgo-interno\/"]}]},{"@type":"ImageObject","inLanguage":"es","@id":"https:\/\/www.consultingcheck.com\/es\/ressource\/liderazgo-interno\/#primaryimage","url":"https:\/\/www.consultingcheck.com\/wp-content\/uploads\/2024\/06\/liderazgo-interno.jpg","contentUrl":"https:\/\/www.consultingcheck.com\/wp-content\/uploads\/2024\/06\/liderazgo-interno.jpg","width":1000,"height":679,"caption":"Ein Screenshot der Grundlagen der Innenf\u00fchrung."},{"@type":"BreadcrumbList","@id":"https:\/\/www.consultingcheck.com\/es\/ressource\/liderazgo-interno\/#breadcrumb","itemListElement":[{"@type":"ListItem","position":1,"name":"Startseite","item":"https:\/\/www.consultingcheck.com\/es\/"},{"@type":"ListItem","position":2,"name":"Descargas, aplicaciones y productos","item":"https:\/\/www.consultingcheck.com\/es\/herramientas\/descargas-aplicaciones-y-productos\/"},{"@type":"ListItem","position":3,"name":"Fundamentos del liderazgo interno"}]},{"@type":"WebSite","@id":"https:\/\/www.consultingcheck.com\/es\/#website","url":"https:\/\/www.consultingcheck.com\/es\/","name":"consultingcheck","description":"Vernetzt gedacht. Entzaubert. Hands-on.","potentialAction":[{"@type":"SearchAction","target":{"@type":"EntryPoint","urlTemplate":"https:\/\/www.consultingcheck.com\/es\/?s={search_term_string}"},"query-input":{"@type":"PropertyValueSpecification","valueRequired":true,"valueName":"search_term_string"}}],"inLanguage":"es"}]}},"_links":{"self":[{"href":"https:\/\/www.consultingcheck.com\/es\/wp-json\/wp\/v2\/product\/13667","targetHints":{"allow":["GET"]}}],"collection":[{"href":"https:\/\/www.consultingcheck.com\/es\/wp-json\/wp\/v2\/product"}],"about":[{"href":"https:\/\/www.consultingcheck.com\/es\/wp-json\/wp\/v2\/types\/product"}],"wp:featuredmedia":[{"embeddable":true,"href":"https:\/\/www.consultingcheck.com\/es\/wp-json\/wp\/v2\/media\/20203"}],"wp:attachment":[{"href":"https:\/\/www.consultingcheck.com\/es\/wp-json\/wp\/v2\/media?parent=13667"}],"wp:term":[{"taxonomy":"product_brand","embeddable":true,"href":"https:\/\/www.consultingcheck.com\/es\/wp-json\/wp\/v2\/product_brand?post=13667"},{"taxonomy":"product_cat","embeddable":true,"href":"https:\/\/www.consultingcheck.com\/es\/wp-json\/wp\/v2\/product_cat?post=13667"},{"taxonomy":"product_tag","embeddable":true,"href":"https:\/\/www.consultingcheck.com\/es\/wp-json\/wp\/v2\/product_tag?post=13667"},{"taxonomy":"jask_topic_categories","embeddable":true,"href":"https:\/\/www.consultingcheck.com\/es\/wp-json\/wp\/v2\/jask_topic_categories?post=13667"}],"curies":[{"name":"wp","href":"https:\/\/api.w.org\/{rel}","templated":true}]}}