{"id":13608,"date":"2021-11-09T00:49:54","date_gmt":"2023-01-14T15:10:30","guid":{"rendered":"https:\/\/www.consultingcheck.com\/ressource\/sesion-informativa-sobre-la-gestion-de-la-complejidad\/"},"modified":"2023-01-14T16:10:30","modified_gmt":"2023-01-14T15:10:30","slug":"gestion-de-la-complejidad","status":"publish","type":"product","link":"https:\/\/www.consultingcheck.com\/es\/ressource\/gestion-de-la-complejidad\/","title":{"rendered":"Sesi\u00f3n informativa sobre la gesti\u00f3n de la complejidad"},"content":{"rendered":"<h3>Contenido<\/h3>\n<p>Aqu\u00ed, en 10 diapositivas de contenido, recibir\u00e1 una introducci\u00f3n pr\u00e1ctica a los rasgos esenciales de la complejidad y una gu\u00eda concisa para abordar la complejidad de forma significativa en las empresas. Aprender\u00e1 a evaluar situaciones con m\u00faltiples niveles y a ser m\u00e1s consciente de los retos complejos. Podr\u00e1 abordar la complejidad de forma m\u00e1s adecuada y aprender\u00e1 incluso a dar forma a la complejidad en su \u00e1mbito de influencia empresarial.<\/p>\n<p>&nbsp;<\/p>\n<h3>Ventajas<\/h3>\n<ul>\n<li>Este peque\u00f1o conjunto de diapositivas le proporcionar\u00e1 los fundamentos esenciales de la complejidad.<\/li>\n<li>Recibir\u00e1 consejos \u00fatiles sobre c\u00f3mo reconocer la complejidad en su empresa.<\/li>\n<li>Tambi\u00e9n recibir\u00e1 impulsos \u00fatiles sobre c\u00f3mo abordar con sentido la complejidad dada.<\/li>\n<\/ul>\n<p>&nbsp;<\/p>\n<h3>Descarga digital<\/h3>\n<p>Despu\u00e9s de hacer el pedido, recibir\u00e1 un enlace para descargar el juego de diapositivas, que podr\u00e1 utilizar inmediatamente.<\/p>\n<p>Tenga en cuenta que el juego de diapositivas al que adquiera acceso es exclusivamente para su uso personal. Queda prohibida la reventa de las diapositivas en cualquier forma y de manera digital o f\u00edsica o su publicaci\u00f3n en cualquier publicaci\u00f3n f\u00edsica o en l\u00ednea sin mi permiso. Soy el \u00fanico titular de los derechos de autor de este archivo.<\/p>\n<p>Enlace a la solicitud: pdf<\/p>\n<p>&nbsp;<\/p>\n<p>&nbsp;<\/p>\n","protected":false},"excerpt":{"rendered":"<h2><strong>Orientaciones para abordar con sensatez la complejidad en las empresas<\/strong><\/h2>\n","protected":false},"featured_media":20194,"template":"","meta":{"_links_to":"","_links_to_target":""},"product_brand":[],"product_cat":[1275,1254],"product_tag":[],"jask_topic_categories":[1681,1273,1684,1691,1700,1705,1261,1649,1262,1654,1265,1656,1266,1679,1267,1680,1272],"class_list":{"0":"post-13608","1":"product","2":"type-product","3":"status-publish","4":"has-post-thumbnail","6":"product_cat-conjunto-de-folios","7":"product_cat-gestion-de-empresa","8":"jask_topic_categories-control-y-gestion-de-riesgos","9":"jask_topic_categories-medidas-inmediatas","10":"jask_topic_categories-procesos","11":"jask_topic_categories-gestion-de-riesgos","12":"jask_topic_categories-gestion-de-ventas","13":"jask_topic_categories-cooperacion","14":"jask_topic_categories-gestion-estrategica-de-distribucion","15":"jask_topic_categories-optimizacion-del-proceso","16":"jask_topic_categories-direccion-operativa-de-distribucion","17":"jask_topic_categories-decisiones","18":"jask_topic_categories-liderazgo","19":"jask_topic_categories-gestion","20":"jask_topic_categories-actitud-de-liderazgo","21":"jask_topic_categories-desarrollo-de-productos","22":"jask_topic_categories-autopercepcion-y-autocontrol","23":"jask_topic_categories-visita-al-exterior","24":"jask_topic_categories-crisis-aguda","26":"first","27":"instock","28":"sold-individually","29":"taxable","30":"shipping-taxable","31":"purchasable","32":"product-type-variable"},"yoast_head":"<!-- This site is optimized with the Yoast SEO plugin v27.5 - https:\/\/yoast.com\/product\/yoast-seo-wordpress\/ -->\n<title>Sesi\u00f3n informativa sobre la gesti\u00f3n de la complejidad - consultingcheck<\/title>\n<meta name=\"description\" content=\"Complejidad, interdependencia, retroalimentaci\u00f3n, emergencia, gesti\u00f3n, sist\u00e9mico, \u00e1gil, mindful, escenarios, prospectiva\" \/>\n<meta name=\"robots\" content=\"index, follow, max-snippet:-1, max-image-preview:large, max-video-preview:-1\" \/>\n<link rel=\"canonical\" href=\"https:\/\/www.consultingcheck.com\/es\/ressource\/gestion-de-la-complejidad\/\" \/>\n<meta property=\"og:locale\" content=\"es_ES\" \/>\n<meta property=\"og:type\" content=\"article\" \/>\n<meta property=\"og:title\" content=\"Sesi\u00f3n informativa sobre la gesti\u00f3n de la complejidad - consultingcheck\" \/>\n<meta property=\"og:description\" content=\"Complejidad, interdependencia, retroalimentaci\u00f3n, emergencia, gesti\u00f3n, sist\u00e9mico, \u00e1gil, mindful, escenarios, prospectiva\" \/>\n<meta property=\"og:url\" content=\"https:\/\/www.consultingcheck.com\/es\/ressource\/gestion-de-la-complejidad\/\" \/>\n<meta property=\"og:site_name\" content=\"consultingcheck\" \/>\n<meta property=\"og:image\" content=\"https:\/\/www.consultingcheck.com\/wp-content\/uploads\/2021\/11\/Management-von-Komplexitaet.png\" \/>\n\t<meta property=\"og:image:width\" content=\"1991\" \/>\n\t<meta property=\"og:image:height\" content=\"974\" \/>\n\t<meta property=\"og:image:type\" content=\"image\/png\" \/>\n<meta name=\"twitter:card\" content=\"summary_large_image\" \/>\n<meta name=\"twitter:label1\" content=\"Tiempo de lectura\" \/>\n\t<meta name=\"twitter:data1\" content=\"1 minuto\" \/>\n<script type=\"application\/ld+json\" class=\"yoast-schema-graph\">{\"@context\":\"https:\\\/\\\/schema.org\",\"@graph\":[{\"@type\":\"WebPage\",\"@id\":\"https:\\\/\\\/www.consultingcheck.com\\\/es\\\/ressource\\\/gestion-de-la-complejidad\\\/\",\"url\":\"https:\\\/\\\/www.consultingcheck.com\\\/es\\\/ressource\\\/gestion-de-la-complejidad\\\/\",\"name\":\"Sesi\u00f3n informativa sobre la gesti\u00f3n de la complejidad - consultingcheck\",\"isPartOf\":{\"@id\":\"https:\\\/\\\/www.consultingcheck.com\\\/es\\\/#website\"},\"primaryImageOfPage\":{\"@id\":\"https:\\\/\\\/www.consultingcheck.com\\\/es\\\/ressource\\\/gestion-de-la-complejidad\\\/#primaryimage\"},\"image\":{\"@id\":\"https:\\\/\\\/www.consultingcheck.com\\\/es\\\/ressource\\\/gestion-de-la-complejidad\\\/#primaryimage\"},\"thumbnailUrl\":\"https:\\\/\\\/www.consultingcheck.com\\\/wp-content\\\/uploads\\\/2024\\\/06\\\/gestion-de-la-complejidad.jpg\",\"datePublished\":\"2023-01-14T15:10:30+00:00\",\"description\":\"Complejidad, interdependencia, retroalimentaci\u00f3n, emergencia, gesti\u00f3n, sist\u00e9mico, \u00e1gil, mindful, escenarios, prospectiva\",\"breadcrumb\":{\"@id\":\"https:\\\/\\\/www.consultingcheck.com\\\/es\\\/ressource\\\/gestion-de-la-complejidad\\\/#breadcrumb\"},\"inLanguage\":\"es\",\"potentialAction\":[{\"@type\":\"ReadAction\",\"target\":[\"https:\\\/\\\/www.consultingcheck.com\\\/es\\\/ressource\\\/gestion-de-la-complejidad\\\/\"]}]},{\"@type\":\"ImageObject\",\"inLanguage\":\"es\",\"@id\":\"https:\\\/\\\/www.consultingcheck.com\\\/es\\\/ressource\\\/gestion-de-la-complejidad\\\/#primaryimage\",\"url\":\"https:\\\/\\\/www.consultingcheck.com\\\/wp-content\\\/uploads\\\/2024\\\/06\\\/gestion-de-la-complejidad.jpg\",\"contentUrl\":\"https:\\\/\\\/www.consultingcheck.com\\\/wp-content\\\/uploads\\\/2024\\\/06\\\/gestion-de-la-complejidad.jpg\",\"width\":1000,\"height\":679,\"caption\":\"Ein Screenshot des Briefings zum Komplexit\u00e4tsmanagement.\"},{\"@type\":\"BreadcrumbList\",\"@id\":\"https:\\\/\\\/www.consultingcheck.com\\\/es\\\/ressource\\\/gestion-de-la-complejidad\\\/#breadcrumb\",\"itemListElement\":[{\"@type\":\"ListItem\",\"position\":1,\"name\":\"Startseite\",\"item\":\"https:\\\/\\\/www.consultingcheck.com\\\/es\\\/\"},{\"@type\":\"ListItem\",\"position\":2,\"name\":\"Descargas, aplicaciones y productos\",\"item\":\"https:\\\/\\\/www.consultingcheck.com\\\/es\\\/herramientas\\\/descargas-aplicaciones-y-productos\\\/\"},{\"@type\":\"ListItem\",\"position\":3,\"name\":\"Sesi\u00f3n informativa sobre la gesti\u00f3n de la complejidad\"}]},{\"@type\":\"WebSite\",\"@id\":\"https:\\\/\\\/www.consultingcheck.com\\\/es\\\/#website\",\"url\":\"https:\\\/\\\/www.consultingcheck.com\\\/es\\\/\",\"name\":\"consultingcheck\",\"description\":\"Vernetzt gedacht. Entzaubert. Hands-on.\",\"potentialAction\":[{\"@type\":\"SearchAction\",\"target\":{\"@type\":\"EntryPoint\",\"urlTemplate\":\"https:\\\/\\\/www.consultingcheck.com\\\/es\\\/?s={search_term_string}\"},\"query-input\":{\"@type\":\"PropertyValueSpecification\",\"valueRequired\":true,\"valueName\":\"search_term_string\"}}],\"inLanguage\":\"es\"}]}<\/script>\n<!-- \/ Yoast SEO plugin. -->","yoast_head_json":{"title":"Sesi\u00f3n informativa sobre la gesti\u00f3n de la complejidad - consultingcheck","description":"Complejidad, interdependencia, retroalimentaci\u00f3n, emergencia, gesti\u00f3n, sist\u00e9mico, \u00e1gil, mindful, escenarios, prospectiva","robots":{"index":"index","follow":"follow","max-snippet":"max-snippet:-1","max-image-preview":"max-image-preview:large","max-video-preview":"max-video-preview:-1"},"canonical":"https:\/\/www.consultingcheck.com\/es\/ressource\/gestion-de-la-complejidad\/","og_locale":"es_ES","og_type":"article","og_title":"Sesi\u00f3n informativa sobre la gesti\u00f3n de la complejidad - consultingcheck","og_description":"Complejidad, interdependencia, retroalimentaci\u00f3n, emergencia, gesti\u00f3n, sist\u00e9mico, \u00e1gil, mindful, escenarios, prospectiva","og_url":"https:\/\/www.consultingcheck.com\/es\/ressource\/gestion-de-la-complejidad\/","og_site_name":"consultingcheck","og_image":[{"width":1991,"height":974,"url":"https:\/\/www.consultingcheck.com\/wp-content\/uploads\/2021\/11\/Management-von-Komplexitaet.png","type":"image\/png"}],"twitter_card":"summary_large_image","twitter_misc":{"Tiempo de lectura":"1 minuto"},"schema":{"@context":"https:\/\/schema.org","@graph":[{"@type":"WebPage","@id":"https:\/\/www.consultingcheck.com\/es\/ressource\/gestion-de-la-complejidad\/","url":"https:\/\/www.consultingcheck.com\/es\/ressource\/gestion-de-la-complejidad\/","name":"Sesi\u00f3n informativa sobre la gesti\u00f3n de la complejidad - consultingcheck","isPartOf":{"@id":"https:\/\/www.consultingcheck.com\/es\/#website"},"primaryImageOfPage":{"@id":"https:\/\/www.consultingcheck.com\/es\/ressource\/gestion-de-la-complejidad\/#primaryimage"},"image":{"@id":"https:\/\/www.consultingcheck.com\/es\/ressource\/gestion-de-la-complejidad\/#primaryimage"},"thumbnailUrl":"https:\/\/www.consultingcheck.com\/wp-content\/uploads\/2024\/06\/gestion-de-la-complejidad.jpg","datePublished":"2023-01-14T15:10:30+00:00","description":"Complejidad, interdependencia, retroalimentaci\u00f3n, emergencia, gesti\u00f3n, sist\u00e9mico, \u00e1gil, mindful, escenarios, prospectiva","breadcrumb":{"@id":"https:\/\/www.consultingcheck.com\/es\/ressource\/gestion-de-la-complejidad\/#breadcrumb"},"inLanguage":"es","potentialAction":[{"@type":"ReadAction","target":["https:\/\/www.consultingcheck.com\/es\/ressource\/gestion-de-la-complejidad\/"]}]},{"@type":"ImageObject","inLanguage":"es","@id":"https:\/\/www.consultingcheck.com\/es\/ressource\/gestion-de-la-complejidad\/#primaryimage","url":"https:\/\/www.consultingcheck.com\/wp-content\/uploads\/2024\/06\/gestion-de-la-complejidad.jpg","contentUrl":"https:\/\/www.consultingcheck.com\/wp-content\/uploads\/2024\/06\/gestion-de-la-complejidad.jpg","width":1000,"height":679,"caption":"Ein Screenshot des Briefings zum Komplexit\u00e4tsmanagement."},{"@type":"BreadcrumbList","@id":"https:\/\/www.consultingcheck.com\/es\/ressource\/gestion-de-la-complejidad\/#breadcrumb","itemListElement":[{"@type":"ListItem","position":1,"name":"Startseite","item":"https:\/\/www.consultingcheck.com\/es\/"},{"@type":"ListItem","position":2,"name":"Descargas, aplicaciones y productos","item":"https:\/\/www.consultingcheck.com\/es\/herramientas\/descargas-aplicaciones-y-productos\/"},{"@type":"ListItem","position":3,"name":"Sesi\u00f3n informativa sobre la gesti\u00f3n de la complejidad"}]},{"@type":"WebSite","@id":"https:\/\/www.consultingcheck.com\/es\/#website","url":"https:\/\/www.consultingcheck.com\/es\/","name":"consultingcheck","description":"Vernetzt gedacht. Entzaubert. Hands-on.","potentialAction":[{"@type":"SearchAction","target":{"@type":"EntryPoint","urlTemplate":"https:\/\/www.consultingcheck.com\/es\/?s={search_term_string}"},"query-input":{"@type":"PropertyValueSpecification","valueRequired":true,"valueName":"search_term_string"}}],"inLanguage":"es"}]}},"_links":{"self":[{"href":"https:\/\/www.consultingcheck.com\/es\/wp-json\/wp\/v2\/product\/13608","targetHints":{"allow":["GET"]}}],"collection":[{"href":"https:\/\/www.consultingcheck.com\/es\/wp-json\/wp\/v2\/product"}],"about":[{"href":"https:\/\/www.consultingcheck.com\/es\/wp-json\/wp\/v2\/types\/product"}],"wp:featuredmedia":[{"embeddable":true,"href":"https:\/\/www.consultingcheck.com\/es\/wp-json\/wp\/v2\/media\/20194"}],"wp:attachment":[{"href":"https:\/\/www.consultingcheck.com\/es\/wp-json\/wp\/v2\/media?parent=13608"}],"wp:term":[{"taxonomy":"product_brand","embeddable":true,"href":"https:\/\/www.consultingcheck.com\/es\/wp-json\/wp\/v2\/product_brand?post=13608"},{"taxonomy":"product_cat","embeddable":true,"href":"https:\/\/www.consultingcheck.com\/es\/wp-json\/wp\/v2\/product_cat?post=13608"},{"taxonomy":"product_tag","embeddable":true,"href":"https:\/\/www.consultingcheck.com\/es\/wp-json\/wp\/v2\/product_tag?post=13608"},{"taxonomy":"jask_topic_categories","embeddable":true,"href":"https:\/\/www.consultingcheck.com\/es\/wp-json\/wp\/v2\/jask_topic_categories?post=13608"}],"curies":[{"name":"wp","href":"https:\/\/api.w.org\/{rel}","templated":true}]}}