{"id":13598,"date":"2021-11-09T00:49:54","date_gmt":"2023-01-14T14:59:01","guid":{"rendered":"https:\/\/www.consultingcheck.com\/ressource\/sesion-informativa-sobre-gestion-del-tiempo\/"},"modified":"2023-01-14T15:59:01","modified_gmt":"2023-01-14T14:59:01","slug":"gestion-del-tiempo","status":"publish","type":"product","link":"https:\/\/www.consultingcheck.com\/es\/ressource\/gestion-del-tiempo\/","title":{"rendered":"Sesi\u00f3n informativa sobre \u00abGesti\u00f3n del tiempo"},"content":{"rendered":"<h3>Contenido<\/h3>\n<p>En cinco diapositivas de contenido, usted como l\u00edder recibir\u00e1 impulsos sobre aquello en lo que debe centrarse personalmente en la empresa y c\u00f3mo puede dedicarle tiempo para ser a\u00fan m\u00e1s eficaz.<\/p>\n<p>Con poco tiempo, este conjunto de diapositivas centrar\u00e1 su atenci\u00f3n en lo esencial de la empresa.<\/p>\n<p>&nbsp;<\/p>\n<h3>Ventajas<\/h3>\n<ul>\n<li>Toman conciencia de la importancia del liderazgo en la empresa.<\/li>\n<li>Aprender\u00e1 qu\u00e9 tareas debe delegar para ganar tiempo para el liderazgo.<\/li>\n<\/ul>\n<h3><\/h3>\n<h3>Descarga digital<\/h3>\n<p>Despu\u00e9s de hacer el pedido, recibir\u00e1 un enlace para descargar el juego de diapositivas, que podr\u00e1 utilizar inmediatamente.<\/p>\n<p>Tenga en cuenta que este conjunto de diapositivas al que est\u00e1 comprando el acceso es para su uso personal. Queda prohibida la reventa de las diapositivas en cualquier forma y de manera digital o f\u00edsica o su publicaci\u00f3n en cualquier publicaci\u00f3n f\u00edsica o en l\u00ednea sin mi permiso. Soy el \u00fanico titular de los derechos de autor de este archivo.<\/p>\n<p>Enlace de descarga: pdf<\/p>\n","protected":false},"excerpt":{"rendered":"<h2><strong>C\u00f3mo aprovechar mejor el tiempo en la empresa<\/strong><\/h2>\n","protected":false},"featured_media":20242,"template":"","meta":{"_links_to":"","_links_to_target":""},"product_brand":[],"product_cat":[1275,1253],"product_tag":[],"jask_topic_categories":[1266,1654,1267,1656,1268,1678,1269,1680,1270,1681,1683,1685,1700,1262,1648,1265,1649],"class_list":{"0":"post-13598","1":"product","2":"type-product","3":"status-publish","4":"has-post-thumbnail","6":"product_cat-conjunto-de-folios","7":"product_cat-liderazgo","8":"jask_topic_categories-actitud-de-liderazgo","9":"jask_topic_categories-decisiones","10":"jask_topic_categories-autopercepcion-y-autocontrol","11":"jask_topic_categories-gestion","12":"jask_topic_categories-evaluacion-del-personal","13":"jask_topic_categories-gestion-de-la-fabricacion","14":"jask_topic_categories-trabajo-agil","15":"jask_topic_categories-visita-al-exterior","16":"jask_topic_categories-requisitos-previos-para-el-trabajo-agil","17":"jask_topic_categories-control-y-gestion-de-riesgos","18":"jask_topic_categories-poner-la-capacidad-de-coordinacion-y-desarrollo-en-los-procesos","19":"jask_topic_categories-gestion-de-recursos-humanos","20":"jask_topic_categories-gestion-de-ventas","21":"jask_topic_categories-direccion-operativa-de-distribucion","22":"jask_topic_categories-rendimiento","23":"jask_topic_categories-liderazgo","24":"jask_topic_categories-optimizacion-del-proceso","26":"first","27":"instock","28":"sold-individually","29":"taxable","30":"shipping-taxable","31":"purchasable","32":"product-type-variable"},"yoast_head":"<!-- This site is optimized with the Yoast SEO plugin v27.4 - https:\/\/yoast.com\/product\/yoast-seo-wordpress\/ -->\n<title>Sesi\u00f3n informativa sobre &quot;Gesti\u00f3n del tiempo - consultingcheck<\/title>\n<meta name=\"robots\" content=\"index, follow, max-snippet:-1, max-image-preview:large, max-video-preview:-1\" \/>\n<link rel=\"canonical\" href=\"https:\/\/www.consultingcheck.com\/es\/ressource\/gestion-del-tiempo\/\" \/>\n<meta property=\"og:locale\" content=\"es_ES\" \/>\n<meta property=\"og:type\" content=\"article\" \/>\n<meta property=\"og:title\" content=\"Sesi\u00f3n informativa sobre &quot;Gesti\u00f3n del tiempo - consultingcheck\" \/>\n<meta property=\"og:description\" content=\"C\u00f3mo aprovechar mejor el tiempo en la empresa\" \/>\n<meta property=\"og:url\" content=\"https:\/\/www.consultingcheck.com\/es\/ressource\/gestion-del-tiempo\/\" \/>\n<meta property=\"og:site_name\" content=\"consultingcheck\" \/>\n<meta property=\"og:image\" content=\"https:\/\/www.consultingcheck.com\/wp-content\/uploads\/2021\/11\/Zeitmanagement.png\" \/>\n\t<meta property=\"og:image:width\" content=\"1956\" \/>\n\t<meta property=\"og:image:height\" content=\"1111\" \/>\n\t<meta property=\"og:image:type\" content=\"image\/png\" \/>\n<meta name=\"twitter:card\" content=\"summary_large_image\" \/>\n<meta name=\"twitter:label1\" content=\"Tiempo de lectura\" \/>\n\t<meta name=\"twitter:data1\" content=\"1 minuto\" \/>\n<script type=\"application\/ld+json\" class=\"yoast-schema-graph\">{\"@context\":\"https:\\\/\\\/schema.org\",\"@graph\":[{\"@type\":\"WebPage\",\"@id\":\"https:\\\/\\\/www.consultingcheck.com\\\/es\\\/ressource\\\/gestion-del-tiempo\\\/\",\"url\":\"https:\\\/\\\/www.consultingcheck.com\\\/es\\\/ressource\\\/gestion-del-tiempo\\\/\",\"name\":\"Sesi\u00f3n informativa sobre \\\"Gesti\u00f3n del tiempo - consultingcheck\",\"isPartOf\":{\"@id\":\"https:\\\/\\\/www.consultingcheck.com\\\/es\\\/#website\"},\"primaryImageOfPage\":{\"@id\":\"https:\\\/\\\/www.consultingcheck.com\\\/es\\\/ressource\\\/gestion-del-tiempo\\\/#primaryimage\"},\"image\":{\"@id\":\"https:\\\/\\\/www.consultingcheck.com\\\/es\\\/ressource\\\/gestion-del-tiempo\\\/#primaryimage\"},\"thumbnailUrl\":\"https:\\\/\\\/www.consultingcheck.com\\\/wp-content\\\/uploads\\\/2024\\\/06\\\/gestion-del-tiempo.jpg\",\"datePublished\":\"2023-01-14T14:59:01+00:00\",\"breadcrumb\":{\"@id\":\"https:\\\/\\\/www.consultingcheck.com\\\/es\\\/ressource\\\/gestion-del-tiempo\\\/#breadcrumb\"},\"inLanguage\":\"es\",\"potentialAction\":[{\"@type\":\"ReadAction\",\"target\":[\"https:\\\/\\\/www.consultingcheck.com\\\/es\\\/ressource\\\/gestion-del-tiempo\\\/\"]}]},{\"@type\":\"ImageObject\",\"inLanguage\":\"es\",\"@id\":\"https:\\\/\\\/www.consultingcheck.com\\\/es\\\/ressource\\\/gestion-del-tiempo\\\/#primaryimage\",\"url\":\"https:\\\/\\\/www.consultingcheck.com\\\/wp-content\\\/uploads\\\/2024\\\/06\\\/gestion-del-tiempo.jpg\",\"contentUrl\":\"https:\\\/\\\/www.consultingcheck.com\\\/wp-content\\\/uploads\\\/2024\\\/06\\\/gestion-del-tiempo.jpg\",\"width\":1000,\"height\":679,\"caption\":\"Ein Screenshot des Briefings zum Zeitmanagement.\"},{\"@type\":\"BreadcrumbList\",\"@id\":\"https:\\\/\\\/www.consultingcheck.com\\\/es\\\/ressource\\\/gestion-del-tiempo\\\/#breadcrumb\",\"itemListElement\":[{\"@type\":\"ListItem\",\"position\":1,\"name\":\"Startseite\",\"item\":\"https:\\\/\\\/www.consultingcheck.com\\\/es\\\/\"},{\"@type\":\"ListItem\",\"position\":2,\"name\":\"Descargas, aplicaciones y productos\",\"item\":\"https:\\\/\\\/www.consultingcheck.com\\\/es\\\/herramientas\\\/descargas-aplicaciones-y-productos\\\/\"},{\"@type\":\"ListItem\",\"position\":3,\"name\":\"Sesi\u00f3n informativa sobre &#8222;Gesti\u00f3n del tiempo\"}]},{\"@type\":\"WebSite\",\"@id\":\"https:\\\/\\\/www.consultingcheck.com\\\/es\\\/#website\",\"url\":\"https:\\\/\\\/www.consultingcheck.com\\\/es\\\/\",\"name\":\"consultingcheck\",\"description\":\"Vernetzt gedacht. Entzaubert. Hands-on.\",\"potentialAction\":[{\"@type\":\"SearchAction\",\"target\":{\"@type\":\"EntryPoint\",\"urlTemplate\":\"https:\\\/\\\/www.consultingcheck.com\\\/es\\\/?s={search_term_string}\"},\"query-input\":{\"@type\":\"PropertyValueSpecification\",\"valueRequired\":true,\"valueName\":\"search_term_string\"}}],\"inLanguage\":\"es\"}]}<\/script>\n<!-- \/ Yoast SEO plugin. -->","yoast_head_json":{"title":"Sesi\u00f3n informativa sobre \"Gesti\u00f3n del tiempo - consultingcheck","robots":{"index":"index","follow":"follow","max-snippet":"max-snippet:-1","max-image-preview":"max-image-preview:large","max-video-preview":"max-video-preview:-1"},"canonical":"https:\/\/www.consultingcheck.com\/es\/ressource\/gestion-del-tiempo\/","og_locale":"es_ES","og_type":"article","og_title":"Sesi\u00f3n informativa sobre \"Gesti\u00f3n del tiempo - consultingcheck","og_description":"C\u00f3mo aprovechar mejor el tiempo en la empresa","og_url":"https:\/\/www.consultingcheck.com\/es\/ressource\/gestion-del-tiempo\/","og_site_name":"consultingcheck","og_image":[{"width":1956,"height":1111,"url":"https:\/\/www.consultingcheck.com\/wp-content\/uploads\/2021\/11\/Zeitmanagement.png","type":"image\/png"}],"twitter_card":"summary_large_image","twitter_misc":{"Tiempo de lectura":"1 minuto"},"schema":{"@context":"https:\/\/schema.org","@graph":[{"@type":"WebPage","@id":"https:\/\/www.consultingcheck.com\/es\/ressource\/gestion-del-tiempo\/","url":"https:\/\/www.consultingcheck.com\/es\/ressource\/gestion-del-tiempo\/","name":"Sesi\u00f3n informativa sobre \"Gesti\u00f3n del tiempo - consultingcheck","isPartOf":{"@id":"https:\/\/www.consultingcheck.com\/es\/#website"},"primaryImageOfPage":{"@id":"https:\/\/www.consultingcheck.com\/es\/ressource\/gestion-del-tiempo\/#primaryimage"},"image":{"@id":"https:\/\/www.consultingcheck.com\/es\/ressource\/gestion-del-tiempo\/#primaryimage"},"thumbnailUrl":"https:\/\/www.consultingcheck.com\/wp-content\/uploads\/2024\/06\/gestion-del-tiempo.jpg","datePublished":"2023-01-14T14:59:01+00:00","breadcrumb":{"@id":"https:\/\/www.consultingcheck.com\/es\/ressource\/gestion-del-tiempo\/#breadcrumb"},"inLanguage":"es","potentialAction":[{"@type":"ReadAction","target":["https:\/\/www.consultingcheck.com\/es\/ressource\/gestion-del-tiempo\/"]}]},{"@type":"ImageObject","inLanguage":"es","@id":"https:\/\/www.consultingcheck.com\/es\/ressource\/gestion-del-tiempo\/#primaryimage","url":"https:\/\/www.consultingcheck.com\/wp-content\/uploads\/2024\/06\/gestion-del-tiempo.jpg","contentUrl":"https:\/\/www.consultingcheck.com\/wp-content\/uploads\/2024\/06\/gestion-del-tiempo.jpg","width":1000,"height":679,"caption":"Ein Screenshot des Briefings zum Zeitmanagement."},{"@type":"BreadcrumbList","@id":"https:\/\/www.consultingcheck.com\/es\/ressource\/gestion-del-tiempo\/#breadcrumb","itemListElement":[{"@type":"ListItem","position":1,"name":"Startseite","item":"https:\/\/www.consultingcheck.com\/es\/"},{"@type":"ListItem","position":2,"name":"Descargas, aplicaciones y productos","item":"https:\/\/www.consultingcheck.com\/es\/herramientas\/descargas-aplicaciones-y-productos\/"},{"@type":"ListItem","position":3,"name":"Sesi\u00f3n informativa sobre &#8222;Gesti\u00f3n del tiempo"}]},{"@type":"WebSite","@id":"https:\/\/www.consultingcheck.com\/es\/#website","url":"https:\/\/www.consultingcheck.com\/es\/","name":"consultingcheck","description":"Vernetzt gedacht. Entzaubert. Hands-on.","potentialAction":[{"@type":"SearchAction","target":{"@type":"EntryPoint","urlTemplate":"https:\/\/www.consultingcheck.com\/es\/?s={search_term_string}"},"query-input":{"@type":"PropertyValueSpecification","valueRequired":true,"valueName":"search_term_string"}}],"inLanguage":"es"}]}},"_links":{"self":[{"href":"https:\/\/www.consultingcheck.com\/es\/wp-json\/wp\/v2\/product\/13598","targetHints":{"allow":["GET"]}}],"collection":[{"href":"https:\/\/www.consultingcheck.com\/es\/wp-json\/wp\/v2\/product"}],"about":[{"href":"https:\/\/www.consultingcheck.com\/es\/wp-json\/wp\/v2\/types\/product"}],"wp:featuredmedia":[{"embeddable":true,"href":"https:\/\/www.consultingcheck.com\/es\/wp-json\/wp\/v2\/media\/20242"}],"wp:attachment":[{"href":"https:\/\/www.consultingcheck.com\/es\/wp-json\/wp\/v2\/media?parent=13598"}],"wp:term":[{"taxonomy":"product_brand","embeddable":true,"href":"https:\/\/www.consultingcheck.com\/es\/wp-json\/wp\/v2\/product_brand?post=13598"},{"taxonomy":"product_cat","embeddable":true,"href":"https:\/\/www.consultingcheck.com\/es\/wp-json\/wp\/v2\/product_cat?post=13598"},{"taxonomy":"product_tag","embeddable":true,"href":"https:\/\/www.consultingcheck.com\/es\/wp-json\/wp\/v2\/product_tag?post=13598"},{"taxonomy":"jask_topic_categories","embeddable":true,"href":"https:\/\/www.consultingcheck.com\/es\/wp-json\/wp\/v2\/jask_topic_categories?post=13598"}],"curies":[{"name":"wp","href":"https:\/\/api.w.org\/{rel}","templated":true}]}}