{"id":13510,"date":"2021-11-09T00:49:54","date_gmt":"2023-01-09T11:19:47","guid":{"rendered":"https:\/\/www.consultingcheck.com\/ressource\/sesion-informativa-sobre-el-tema-gestion-del-cambio\/"},"modified":"2023-01-09T12:27:19","modified_gmt":"2023-01-09T11:27:19","slug":"gestion-del-cambio","status":"publish","type":"product","link":"https:\/\/www.consultingcheck.com\/es\/ressource\/gestion-del-cambio\/","title":{"rendered":"Sesi\u00f3n informativa sobre el tema \u00abGesti\u00f3n del cambio"},"content":{"rendered":"<h3>Contenido<\/h3>\n<p>En este conjunto de diapositivas recibir\u00e1 los fundamentos esenciales para el \u00e9xito de los cambios en la empresa en 7 diapositivas de contenido. Conocer\u00e1 las tres etapas del proceso de cambio \u00abDescongelar\u00bb, \u00abTrasladar\u00bb y \u00abVolver a congelar\u00bb con las respectivas actividades. Aprender\u00e1 qu\u00e9 medidas puede utilizar para promover la preparaci\u00f3n para el cambio y qu\u00e9 debe tener en cuenta una vez concluido el cambio. Tambi\u00e9n se le presentar\u00e1n las funciones en el proceso de cambio. Por \u00faltimo, aprender\u00e1 la diferencia entre aprendizaje individual y organizativo.<\/p>\n<p>&nbsp;<\/p>\n<h3>Ventajas<\/h3>\n<ul>\n<li>Aprender\u00e1 c\u00f3mo debe estructurar su proceso de cambio para que tenga \u00e9xito.<\/li>\n<li>Aprender\u00e1 a influir positivamente en la disposici\u00f3n al cambio de su empresa.<\/li>\n<li>Aprender\u00e1 a hacer que su organizaci\u00f3n sea adaptable.<\/li>\n<li>Recibir\u00e1 recomendaciones concretas sobre c\u00f3mo asegurar permanentemente los cambios aplicados.<\/li>\n<\/ul>\n<p>&nbsp;<\/p>\n<h3>Descarga digital<\/h3>\n<p>Despu\u00e9s de hacer el pedido, recibir\u00e1 un enlace para descargar el juego de diapositivas, que podr\u00e1 utilizar inmediatamente.<\/p>\n<p>Tenga en cuenta que este conjunto de diapositivas al que est\u00e1 comprando el acceso es para su uso personal. Queda prohibida la reventa de las diapositivas en cualquier forma y de manera digital o f\u00edsica o su publicaci\u00f3n en cualquier publicaci\u00f3n f\u00edsica o en l\u00ednea sin mi permiso. Soy el \u00fanico titular de los derechos de autor de este archivo.<\/p>\n<p>Enlace de descarga: pdf<\/p>\n<p>&nbsp;<\/p>\n","protected":false},"excerpt":{"rendered":"<h2>C\u00f3mo puede triunfar el cambio en las empresas<\/h2>\n","protected":false},"featured_media":20197,"template":"","meta":{"_links_to":"","_links_to_target":""},"product_brand":[],"product_cat":[1254,1275],"product_tag":[],"jask_topic_categories":[1267,1268,1653,1269,1656,1270,1680,1271,1681,1261,1272,1262,1273,1263,1274,1264,1265,1266],"class_list":{"0":"post-13510","1":"product","2":"type-product","3":"status-publish","4":"has-post-thumbnail","6":"product_cat-gestion-de-empresa","7":"product_cat-conjunto-de-folios","8":"jask_topic_categories-autopercepcion-y-autocontrol","9":"jask_topic_categories-evaluacion-del-personal","10":"jask_topic_categories-proceso-de-innovacion","11":"jask_topic_categories-trabajo-agil","12":"jask_topic_categories-gestion","13":"jask_topic_categories-requisitos-previos-para-el-trabajo-agil","14":"jask_topic_categories-visita-al-exterior","15":"jask_topic_categories-gestion-del-cambio","16":"jask_topic_categories-control-y-gestion-de-riesgos","17":"jask_topic_categories-gestion-estrategica-de-distribucion","18":"jask_topic_categories-crisis-aguda","19":"jask_topic_categories-direccion-operativa-de-distribucion","20":"jask_topic_categories-medidas-inmediatas","21":"jask_topic_categories-aumento-del-rendimiento","22":"jask_topic_categories-vision-es","23":"jask_topic_categories-estabilizacion","24":"jask_topic_categories-liderazgo","25":"jask_topic_categories-actitud-de-liderazgo","27":"first","28":"instock","29":"sold-individually","30":"taxable","31":"shipping-taxable","32":"purchasable","33":"product-type-variable"},"yoast_head":"<!-- This site is optimized with the Yoast SEO plugin v27.3 - https:\/\/yoast.com\/product\/yoast-seo-wordpress\/ -->\n<title>Sesi\u00f3n informativa sobre el tema &quot;Gesti\u00f3n del cambio - consultingcheck<\/title>\n<meta name=\"robots\" content=\"index, follow, max-snippet:-1, max-image-preview:large, max-video-preview:-1\" \/>\n<link rel=\"canonical\" href=\"https:\/\/www.consultingcheck.com\/es\/ressource\/gestion-del-cambio\/\" \/>\n<meta property=\"og:locale\" content=\"es_ES\" \/>\n<meta property=\"og:type\" content=\"article\" \/>\n<meta property=\"og:title\" content=\"Sesi\u00f3n informativa sobre el tema &quot;Gesti\u00f3n del cambio - consultingcheck\" \/>\n<meta property=\"og:description\" content=\"C\u00f3mo puede triunfar el cambio en las empresas\" \/>\n<meta property=\"og:url\" content=\"https:\/\/www.consultingcheck.com\/es\/ressource\/gestion-del-cambio\/\" \/>\n<meta property=\"og:site_name\" content=\"consultingcheck\" \/>\n<meta property=\"article:modified_time\" content=\"2023-01-09T11:27:19+00:00\" \/>\n<meta property=\"og:image\" content=\"https:\/\/www.consultingcheck.com\/wp-content\/uploads\/2021\/11\/Veraenderungsmanagement_de.png\" \/>\n\t<meta property=\"og:image:width\" content=\"1463\" \/>\n\t<meta property=\"og:image:height\" content=\"785\" \/>\n\t<meta property=\"og:image:type\" content=\"image\/png\" \/>\n<meta name=\"twitter:card\" content=\"summary_large_image\" \/>\n<meta name=\"twitter:label1\" content=\"Tiempo de lectura\" \/>\n\t<meta name=\"twitter:data1\" content=\"1 minuto\" \/>\n<script type=\"application\/ld+json\" class=\"yoast-schema-graph\">{\"@context\":\"https:\\\/\\\/schema.org\",\"@graph\":[{\"@type\":\"WebPage\",\"@id\":\"https:\\\/\\\/www.consultingcheck.com\\\/es\\\/ressource\\\/gestion-del-cambio\\\/\",\"url\":\"https:\\\/\\\/www.consultingcheck.com\\\/es\\\/ressource\\\/gestion-del-cambio\\\/\",\"name\":\"Sesi\u00f3n informativa sobre el tema \\\"Gesti\u00f3n del cambio - consultingcheck\",\"isPartOf\":{\"@id\":\"https:\\\/\\\/www.consultingcheck.com\\\/es\\\/#website\"},\"primaryImageOfPage\":{\"@id\":\"https:\\\/\\\/www.consultingcheck.com\\\/es\\\/ressource\\\/gestion-del-cambio\\\/#primaryimage\"},\"image\":{\"@id\":\"https:\\\/\\\/www.consultingcheck.com\\\/es\\\/ressource\\\/gestion-del-cambio\\\/#primaryimage\"},\"thumbnailUrl\":\"https:\\\/\\\/www.consultingcheck.com\\\/wp-content\\\/uploads\\\/2024\\\/06\\\/gestion-del-cambio.jpg\",\"datePublished\":\"2023-01-09T11:19:47+00:00\",\"dateModified\":\"2023-01-09T11:27:19+00:00\",\"breadcrumb\":{\"@id\":\"https:\\\/\\\/www.consultingcheck.com\\\/es\\\/ressource\\\/gestion-del-cambio\\\/#breadcrumb\"},\"inLanguage\":\"es\",\"potentialAction\":[{\"@type\":\"ReadAction\",\"target\":[\"https:\\\/\\\/www.consultingcheck.com\\\/es\\\/ressource\\\/gestion-del-cambio\\\/\"]}]},{\"@type\":\"ImageObject\",\"inLanguage\":\"es\",\"@id\":\"https:\\\/\\\/www.consultingcheck.com\\\/es\\\/ressource\\\/gestion-del-cambio\\\/#primaryimage\",\"url\":\"https:\\\/\\\/www.consultingcheck.com\\\/wp-content\\\/uploads\\\/2024\\\/06\\\/gestion-del-cambio.jpg\",\"contentUrl\":\"https:\\\/\\\/www.consultingcheck.com\\\/wp-content\\\/uploads\\\/2024\\\/06\\\/gestion-del-cambio.jpg\",\"width\":1000,\"height\":679,\"caption\":\"Ein Screenshot des Briefings zum Thema Ver\u00e4nderungsmanagement.\"},{\"@type\":\"BreadcrumbList\",\"@id\":\"https:\\\/\\\/www.consultingcheck.com\\\/es\\\/ressource\\\/gestion-del-cambio\\\/#breadcrumb\",\"itemListElement\":[{\"@type\":\"ListItem\",\"position\":1,\"name\":\"Startseite\",\"item\":\"https:\\\/\\\/www.consultingcheck.com\\\/es\\\/\"},{\"@type\":\"ListItem\",\"position\":2,\"name\":\"Descargas, aplicaciones y productos\",\"item\":\"https:\\\/\\\/www.consultingcheck.com\\\/es\\\/herramientas\\\/descargas-aplicaciones-y-productos\\\/\"},{\"@type\":\"ListItem\",\"position\":3,\"name\":\"Sesi\u00f3n informativa sobre el tema &#8222;Gesti\u00f3n del cambio\"}]},{\"@type\":\"WebSite\",\"@id\":\"https:\\\/\\\/www.consultingcheck.com\\\/es\\\/#website\",\"url\":\"https:\\\/\\\/www.consultingcheck.com\\\/es\\\/\",\"name\":\"consultingcheck\",\"description\":\"Vernetzt gedacht. Entzaubert. Hands-on.\",\"potentialAction\":[{\"@type\":\"SearchAction\",\"target\":{\"@type\":\"EntryPoint\",\"urlTemplate\":\"https:\\\/\\\/www.consultingcheck.com\\\/es\\\/?s={search_term_string}\"},\"query-input\":{\"@type\":\"PropertyValueSpecification\",\"valueRequired\":true,\"valueName\":\"search_term_string\"}}],\"inLanguage\":\"es\"}]}<\/script>\n<!-- \/ Yoast SEO plugin. -->","yoast_head_json":{"title":"Sesi\u00f3n informativa sobre el tema \"Gesti\u00f3n del cambio - consultingcheck","robots":{"index":"index","follow":"follow","max-snippet":"max-snippet:-1","max-image-preview":"max-image-preview:large","max-video-preview":"max-video-preview:-1"},"canonical":"https:\/\/www.consultingcheck.com\/es\/ressource\/gestion-del-cambio\/","og_locale":"es_ES","og_type":"article","og_title":"Sesi\u00f3n informativa sobre el tema \"Gesti\u00f3n del cambio - consultingcheck","og_description":"C\u00f3mo puede triunfar el cambio en las empresas","og_url":"https:\/\/www.consultingcheck.com\/es\/ressource\/gestion-del-cambio\/","og_site_name":"consultingcheck","article_modified_time":"2023-01-09T11:27:19+00:00","og_image":[{"width":1463,"height":785,"url":"https:\/\/www.consultingcheck.com\/wp-content\/uploads\/2021\/11\/Veraenderungsmanagement_de.png","type":"image\/png"}],"twitter_card":"summary_large_image","twitter_misc":{"Tiempo de lectura":"1 minuto"},"schema":{"@context":"https:\/\/schema.org","@graph":[{"@type":"WebPage","@id":"https:\/\/www.consultingcheck.com\/es\/ressource\/gestion-del-cambio\/","url":"https:\/\/www.consultingcheck.com\/es\/ressource\/gestion-del-cambio\/","name":"Sesi\u00f3n informativa sobre el tema \"Gesti\u00f3n del cambio - consultingcheck","isPartOf":{"@id":"https:\/\/www.consultingcheck.com\/es\/#website"},"primaryImageOfPage":{"@id":"https:\/\/www.consultingcheck.com\/es\/ressource\/gestion-del-cambio\/#primaryimage"},"image":{"@id":"https:\/\/www.consultingcheck.com\/es\/ressource\/gestion-del-cambio\/#primaryimage"},"thumbnailUrl":"https:\/\/www.consultingcheck.com\/wp-content\/uploads\/2024\/06\/gestion-del-cambio.jpg","datePublished":"2023-01-09T11:19:47+00:00","dateModified":"2023-01-09T11:27:19+00:00","breadcrumb":{"@id":"https:\/\/www.consultingcheck.com\/es\/ressource\/gestion-del-cambio\/#breadcrumb"},"inLanguage":"es","potentialAction":[{"@type":"ReadAction","target":["https:\/\/www.consultingcheck.com\/es\/ressource\/gestion-del-cambio\/"]}]},{"@type":"ImageObject","inLanguage":"es","@id":"https:\/\/www.consultingcheck.com\/es\/ressource\/gestion-del-cambio\/#primaryimage","url":"https:\/\/www.consultingcheck.com\/wp-content\/uploads\/2024\/06\/gestion-del-cambio.jpg","contentUrl":"https:\/\/www.consultingcheck.com\/wp-content\/uploads\/2024\/06\/gestion-del-cambio.jpg","width":1000,"height":679,"caption":"Ein Screenshot des Briefings zum Thema Ver\u00e4nderungsmanagement."},{"@type":"BreadcrumbList","@id":"https:\/\/www.consultingcheck.com\/es\/ressource\/gestion-del-cambio\/#breadcrumb","itemListElement":[{"@type":"ListItem","position":1,"name":"Startseite","item":"https:\/\/www.consultingcheck.com\/es\/"},{"@type":"ListItem","position":2,"name":"Descargas, aplicaciones y productos","item":"https:\/\/www.consultingcheck.com\/es\/herramientas\/descargas-aplicaciones-y-productos\/"},{"@type":"ListItem","position":3,"name":"Sesi\u00f3n informativa sobre el tema &#8222;Gesti\u00f3n del cambio"}]},{"@type":"WebSite","@id":"https:\/\/www.consultingcheck.com\/es\/#website","url":"https:\/\/www.consultingcheck.com\/es\/","name":"consultingcheck","description":"Vernetzt gedacht. Entzaubert. Hands-on.","potentialAction":[{"@type":"SearchAction","target":{"@type":"EntryPoint","urlTemplate":"https:\/\/www.consultingcheck.com\/es\/?s={search_term_string}"},"query-input":{"@type":"PropertyValueSpecification","valueRequired":true,"valueName":"search_term_string"}}],"inLanguage":"es"}]}},"_links":{"self":[{"href":"https:\/\/www.consultingcheck.com\/es\/wp-json\/wp\/v2\/product\/13510","targetHints":{"allow":["GET"]}}],"collection":[{"href":"https:\/\/www.consultingcheck.com\/es\/wp-json\/wp\/v2\/product"}],"about":[{"href":"https:\/\/www.consultingcheck.com\/es\/wp-json\/wp\/v2\/types\/product"}],"wp:featuredmedia":[{"embeddable":true,"href":"https:\/\/www.consultingcheck.com\/es\/wp-json\/wp\/v2\/media\/20197"}],"wp:attachment":[{"href":"https:\/\/www.consultingcheck.com\/es\/wp-json\/wp\/v2\/media?parent=13510"}],"wp:term":[{"taxonomy":"product_brand","embeddable":true,"href":"https:\/\/www.consultingcheck.com\/es\/wp-json\/wp\/v2\/product_brand?post=13510"},{"taxonomy":"product_cat","embeddable":true,"href":"https:\/\/www.consultingcheck.com\/es\/wp-json\/wp\/v2\/product_cat?post=13510"},{"taxonomy":"product_tag","embeddable":true,"href":"https:\/\/www.consultingcheck.com\/es\/wp-json\/wp\/v2\/product_tag?post=13510"},{"taxonomy":"jask_topic_categories","embeddable":true,"href":"https:\/\/www.consultingcheck.com\/es\/wp-json\/wp\/v2\/jask_topic_categories?post=13510"}],"curies":[{"name":"wp","href":"https:\/\/api.w.org\/{rel}","templated":true}]}}