{"id":13497,"date":"2021-11-09T00:49:54","date_gmt":"2023-01-09T11:11:19","guid":{"rendered":"https:\/\/www.consultingcheck.com\/ressource\/sesion-informativa-sobre-la-importancia-del-liderazgo\/"},"modified":"2023-01-09T12:11:19","modified_gmt":"2023-01-09T11:11:19","slug":"motivacion-y-clasificacion-del-liderazgo","status":"publish","type":"product","link":"https:\/\/www.consultingcheck.com\/es\/ressource\/motivacion-y-clasificacion-del-liderazgo\/","title":{"rendered":"Sesi\u00f3n informativa sobre la importancia del liderazgo"},"content":{"rendered":"<h3>Contenido<\/h3>\n<p>En este conjunto de diapositivas aprender\u00e1 en 22 diapositivas de contenido por qu\u00e9 el liderazgo es tan importante para las empresas. Se les hace tomar conciencia de que todo lo que ocurre en las empresas lo hacen las personas, por lo que el liderazgo de \u00e9stas tiene un impacto significativo en la alineaci\u00f3n, el rendimiento y la eficacia. Con la ayuda de estudios actuales, aprender\u00e1 que el bajo rendimiento puede atribuirse en gran medida a un liderazgo deficiente. Los potenciales se presentan antes de introducir el \u00abliderazgo\u00bb como componente de la gesti\u00f3n. Por \u00faltimo, se muestran diferentes estilos de liderazgo.<\/p>\n<p>&nbsp;<\/p>\n<h3>Ventajas<\/h3>\n<ul>\n<li>Son conscientes de la importancia del liderazgo para el \u00e9xito de la empresa.<\/li>\n<li>Conocer\u00e1 las tareas asociadas al liderazgo como componentes importantes de la gesti\u00f3n.<\/li>\n<li>Llegan a conocer las caracter\u00edsticas de los distintos estilos de liderazgo.<\/li>\n<\/ul>\n<p>&nbsp;<\/p>\n<h3>Descarga digital<\/h3>\n<p>Despu\u00e9s de hacer el pedido, recibir\u00e1 un enlace para descargar el juego de diapositivas, que podr\u00e1 utilizar inmediatamente.<\/p>\n<p>Tenga en cuenta que este conjunto de diapositivas al que est\u00e1 comprando el acceso es para su uso personal. Queda prohibida la reventa de las diapositivas en cualquier forma y de manera digital o f\u00edsica o su publicaci\u00f3n en cualquier publicaci\u00f3n f\u00edsica o en l\u00ednea sin mi permiso. Soy el \u00fanico titular de los derechos de autor de este archivo.<\/p>\n<p>Enlace de descarga: pdf<\/p>\n","protected":false},"excerpt":{"rendered":"<h2><strong>Por qu\u00e9 el liderazgo es tan importante para las empresas<\/strong><\/h2>\n","protected":false},"featured_media":0,"template":"","meta":{"_links_to":"","_links_to_target":""},"product_brand":[],"product_cat":[1253,1275],"product_tag":[],"jask_topic_categories":[1265,1266,1267,1268,1656,1680],"class_list":{"0":"post-13497","1":"product","2":"type-product","3":"status-publish","5":"product_cat-liderazgo","6":"product_cat-conjunto-de-folios","7":"jask_topic_categories-liderazgo","8":"jask_topic_categories-actitud-de-liderazgo","9":"jask_topic_categories-autopercepcion-y-autocontrol","10":"jask_topic_categories-evaluacion-del-personal","11":"jask_topic_categories-gestion","12":"jask_topic_categories-visita-al-exterior","14":"first","15":"instock","16":"sold-individually","17":"taxable","18":"shipping-taxable","19":"purchasable","20":"product-type-variable"},"yoast_head":"<!-- This site is optimized with the Yoast SEO plugin v27.3 - https:\/\/yoast.com\/product\/yoast-seo-wordpress\/ -->\n<title>Sesi\u00f3n informativa sobre la importancia del liderazgo - consultingcheck<\/title>\n<meta name=\"robots\" content=\"index, follow, max-snippet:-1, max-image-preview:large, max-video-preview:-1\" \/>\n<link rel=\"canonical\" href=\"https:\/\/www.consultingcheck.com\/es\/ressource\/motivacion-y-clasificacion-del-liderazgo\/\" \/>\n<meta property=\"og:locale\" content=\"es_ES\" \/>\n<meta property=\"og:type\" content=\"article\" \/>\n<meta property=\"og:title\" content=\"Sesi\u00f3n informativa sobre la importancia del liderazgo - consultingcheck\" \/>\n<meta property=\"og:description\" content=\"Por qu\u00e9 el liderazgo es tan importante para las empresas\" \/>\n<meta property=\"og:url\" content=\"https:\/\/www.consultingcheck.com\/es\/ressource\/motivacion-y-clasificacion-del-liderazgo\/\" \/>\n<meta property=\"og:site_name\" content=\"consultingcheck\" \/>\n<meta name=\"twitter:card\" content=\"summary_large_image\" \/>\n<meta name=\"twitter:label1\" content=\"Tiempo de lectura\" \/>\n\t<meta name=\"twitter:data1\" content=\"1 minuto\" \/>\n<script type=\"application\/ld+json\" class=\"yoast-schema-graph\">{\"@context\":\"https:\\\/\\\/schema.org\",\"@graph\":[{\"@type\":\"WebPage\",\"@id\":\"https:\\\/\\\/www.consultingcheck.com\\\/es\\\/ressource\\\/motivacion-y-clasificacion-del-liderazgo\\\/\",\"url\":\"https:\\\/\\\/www.consultingcheck.com\\\/es\\\/ressource\\\/motivacion-y-clasificacion-del-liderazgo\\\/\",\"name\":\"Sesi\u00f3n informativa sobre la importancia del liderazgo - consultingcheck\",\"isPartOf\":{\"@id\":\"https:\\\/\\\/www.consultingcheck.com\\\/es\\\/#website\"},\"datePublished\":\"2023-01-09T11:11:19+00:00\",\"breadcrumb\":{\"@id\":\"https:\\\/\\\/www.consultingcheck.com\\\/es\\\/ressource\\\/motivacion-y-clasificacion-del-liderazgo\\\/#breadcrumb\"},\"inLanguage\":\"es\",\"potentialAction\":[{\"@type\":\"ReadAction\",\"target\":[\"https:\\\/\\\/www.consultingcheck.com\\\/es\\\/ressource\\\/motivacion-y-clasificacion-del-liderazgo\\\/\"]}]},{\"@type\":\"BreadcrumbList\",\"@id\":\"https:\\\/\\\/www.consultingcheck.com\\\/es\\\/ressource\\\/motivacion-y-clasificacion-del-liderazgo\\\/#breadcrumb\",\"itemListElement\":[{\"@type\":\"ListItem\",\"position\":1,\"name\":\"Startseite\",\"item\":\"https:\\\/\\\/www.consultingcheck.com\\\/es\\\/\"},{\"@type\":\"ListItem\",\"position\":2,\"name\":\"Descargas, aplicaciones y productos\",\"item\":\"https:\\\/\\\/www.consultingcheck.com\\\/es\\\/herramientas\\\/descargas-aplicaciones-y-productos\\\/\"},{\"@type\":\"ListItem\",\"position\":3,\"name\":\"Sesi\u00f3n informativa sobre la importancia del liderazgo\"}]},{\"@type\":\"WebSite\",\"@id\":\"https:\\\/\\\/www.consultingcheck.com\\\/es\\\/#website\",\"url\":\"https:\\\/\\\/www.consultingcheck.com\\\/es\\\/\",\"name\":\"consultingcheck\",\"description\":\"Vernetzt gedacht. Entzaubert. Hands-on.\",\"potentialAction\":[{\"@type\":\"SearchAction\",\"target\":{\"@type\":\"EntryPoint\",\"urlTemplate\":\"https:\\\/\\\/www.consultingcheck.com\\\/es\\\/?s={search_term_string}\"},\"query-input\":{\"@type\":\"PropertyValueSpecification\",\"valueRequired\":true,\"valueName\":\"search_term_string\"}}],\"inLanguage\":\"es\"}]}<\/script>\n<!-- \/ Yoast SEO plugin. -->","yoast_head_json":{"title":"Sesi\u00f3n informativa sobre la importancia del liderazgo - consultingcheck","robots":{"index":"index","follow":"follow","max-snippet":"max-snippet:-1","max-image-preview":"max-image-preview:large","max-video-preview":"max-video-preview:-1"},"canonical":"https:\/\/www.consultingcheck.com\/es\/ressource\/motivacion-y-clasificacion-del-liderazgo\/","og_locale":"es_ES","og_type":"article","og_title":"Sesi\u00f3n informativa sobre la importancia del liderazgo - consultingcheck","og_description":"Por qu\u00e9 el liderazgo es tan importante para las empresas","og_url":"https:\/\/www.consultingcheck.com\/es\/ressource\/motivacion-y-clasificacion-del-liderazgo\/","og_site_name":"consultingcheck","twitter_card":"summary_large_image","twitter_misc":{"Tiempo de lectura":"1 minuto"},"schema":{"@context":"https:\/\/schema.org","@graph":[{"@type":"WebPage","@id":"https:\/\/www.consultingcheck.com\/es\/ressource\/motivacion-y-clasificacion-del-liderazgo\/","url":"https:\/\/www.consultingcheck.com\/es\/ressource\/motivacion-y-clasificacion-del-liderazgo\/","name":"Sesi\u00f3n informativa sobre la importancia del liderazgo - consultingcheck","isPartOf":{"@id":"https:\/\/www.consultingcheck.com\/es\/#website"},"datePublished":"2023-01-09T11:11:19+00:00","breadcrumb":{"@id":"https:\/\/www.consultingcheck.com\/es\/ressource\/motivacion-y-clasificacion-del-liderazgo\/#breadcrumb"},"inLanguage":"es","potentialAction":[{"@type":"ReadAction","target":["https:\/\/www.consultingcheck.com\/es\/ressource\/motivacion-y-clasificacion-del-liderazgo\/"]}]},{"@type":"BreadcrumbList","@id":"https:\/\/www.consultingcheck.com\/es\/ressource\/motivacion-y-clasificacion-del-liderazgo\/#breadcrumb","itemListElement":[{"@type":"ListItem","position":1,"name":"Startseite","item":"https:\/\/www.consultingcheck.com\/es\/"},{"@type":"ListItem","position":2,"name":"Descargas, aplicaciones y productos","item":"https:\/\/www.consultingcheck.com\/es\/herramientas\/descargas-aplicaciones-y-productos\/"},{"@type":"ListItem","position":3,"name":"Sesi\u00f3n informativa sobre la importancia del liderazgo"}]},{"@type":"WebSite","@id":"https:\/\/www.consultingcheck.com\/es\/#website","url":"https:\/\/www.consultingcheck.com\/es\/","name":"consultingcheck","description":"Vernetzt gedacht. Entzaubert. Hands-on.","potentialAction":[{"@type":"SearchAction","target":{"@type":"EntryPoint","urlTemplate":"https:\/\/www.consultingcheck.com\/es\/?s={search_term_string}"},"query-input":{"@type":"PropertyValueSpecification","valueRequired":true,"valueName":"search_term_string"}}],"inLanguage":"es"}]}},"_links":{"self":[{"href":"https:\/\/www.consultingcheck.com\/es\/wp-json\/wp\/v2\/product\/13497","targetHints":{"allow":["GET"]}}],"collection":[{"href":"https:\/\/www.consultingcheck.com\/es\/wp-json\/wp\/v2\/product"}],"about":[{"href":"https:\/\/www.consultingcheck.com\/es\/wp-json\/wp\/v2\/types\/product"}],"wp:attachment":[{"href":"https:\/\/www.consultingcheck.com\/es\/wp-json\/wp\/v2\/media?parent=13497"}],"wp:term":[{"taxonomy":"product_brand","embeddable":true,"href":"https:\/\/www.consultingcheck.com\/es\/wp-json\/wp\/v2\/product_brand?post=13497"},{"taxonomy":"product_cat","embeddable":true,"href":"https:\/\/www.consultingcheck.com\/es\/wp-json\/wp\/v2\/product_cat?post=13497"},{"taxonomy":"product_tag","embeddable":true,"href":"https:\/\/www.consultingcheck.com\/es\/wp-json\/wp\/v2\/product_tag?post=13497"},{"taxonomy":"jask_topic_categories","embeddable":true,"href":"https:\/\/www.consultingcheck.com\/es\/wp-json\/wp\/v2\/jask_topic_categories?post=13497"}],"curies":[{"name":"wp","href":"https:\/\/api.w.org\/{rel}","templated":true}]}}