{"id":13477,"date":"2021-11-09T00:49:52","date_gmt":"2023-01-09T10:51:49","guid":{"rendered":"https:\/\/www.consultingcheck.com\/ressource\/informacion-sobre-las-decisiones-de-la-empresa\/"},"modified":"2023-01-09T11:51:49","modified_gmt":"2023-01-09T10:51:49","slug":"decisiones","status":"publish","type":"product","link":"https:\/\/www.consultingcheck.com\/es\/ressource\/decisiones\/","title":{"rendered":"Informaci\u00f3n sobre las decisiones de la empresa"},"content":{"rendered":"<h3>Contenido<\/h3>\n<p>En este conjunto de diapositivas, aprender\u00e1 en 20 diapositivas de contenido sobre la relevancia de las decisiones para el \u00e9xito empresarial y c\u00f3mo puede optimizar sistem\u00e1ticamente la calidad de las decisiones. Conocer\u00e1 los factores esenciales que influyen en la calidad de las decisiones y c\u00f3mo puede establecer un proceso de toma de decisiones que funcione en su empresa. Este conjunto de diapositivas le muestra, entre otras cosas, formas de utilizar fuentes de informaci\u00f3n relevantes para preparar decisiones, de percibir con precisi\u00f3n la interacci\u00f3n relevante para la toma de decisiones en los negocios y tambi\u00e9n de desarrollar la conciencia de los aspectos neurofisiol\u00f3gicos.<\/p>\n<p>&nbsp;<\/p>\n<h3>Ventajas<\/h3>\n<ul>\n<li>Toman conciencia de la importancia que las decisiones tienen directa e indirectamente en el \u00e9xito empresarial.<\/li>\n<li>Usted mejora las decisiones en su empresa.<\/li>\n<li>Aprenden los factores esenciales que influyen en la calidad de las decisiones.<\/li>\n<li>Aprenden lo importante que es preparar y tomar decisiones en el contexto global de la empresa en sus mercados.<\/li>\n<li>Aprender\u00e1 a establecer un proceso sistem\u00e1tico de toma de decisiones en su empresa.<\/li>\n<\/ul>\n<p>&nbsp;<\/p>\n<h3>Descarga digital<\/h3>\n<p>Despu\u00e9s de hacer el pedido, recibir\u00e1 un enlace para descargar el juego de diapositivas, que podr\u00e1 utilizar inmediatamente.<\/p>\n<p>Tenga en cuenta que este conjunto de diapositivas al que est\u00e1 comprando el acceso es para su uso personal. Queda prohibida la reventa de las diapositivas en cualquier forma y de manera digital o f\u00edsica o su publicaci\u00f3n en cualquier publicaci\u00f3n f\u00edsica o en l\u00ednea sin mi permiso. Soy el \u00fanico titular de los derechos de autor de este archivo.<\/p>\n<p>Enlace de descarga: pdf<\/p>\n","protected":false},"excerpt":{"rendered":"<h2><strong>Sesi\u00f3n informativa sobre la pertinencia y la calidad de las decisiones en las empresas<\/strong><\/h2>\n","protected":false},"featured_media":20161,"template":"","meta":{"_links_to":"","_links_to_target":""},"product_brand":[],"product_cat":[1252,1256,1275],"product_tag":[],"jask_topic_categories":[1654,1700,1270,1656,1702,1271,1671,1703,1272,1673,1273,1675,1274,1680,1681,1261,1685,1262,1689,1264,1691,1265,1653,1699,1269],"class_list":{"0":"post-13477","1":"product","2":"type-product","3":"status-publish","4":"has-post-thumbnail","6":"product_cat-inovacion","7":"product_cat-transacciones-de-empresas","8":"product_cat-conjunto-de-folios","9":"jask_topic_categories-decisiones","10":"jask_topic_categories-gestion-de-ventas","11":"jask_topic_categories-requisitos-previos-para-el-trabajo-agil","12":"jask_topic_categories-gestion","13":"jask_topic_categories-comercializacion-y-distribucion","14":"jask_topic_categories-gestion-del-cambio","15":"jask_topic_categories-preguntas-basicas","16":"jask_topic_categories-organizacion-de-ventas","17":"jask_topic_categories-crisis-aguda","18":"jask_topic_categories-crisis-y-rehabilitacion","19":"jask_topic_categories-medidas-inmediatas","20":"jask_topic_categories-concepto-de-reestructuracion-con-prevision-de-continuacion-segun-idw-s6","21":"jask_topic_categories-vision-es","22":"jask_topic_categories-visita-al-exterior","23":"jask_topic_categories-control-y-gestion-de-riesgos","24":"jask_topic_categories-gestion-estrategica-de-distribucion","25":"jask_topic_categories-gestion-de-recursos-humanos","26":"jask_topic_categories-direccion-operativa-de-distribucion","27":"jask_topic_categories-certificaciones-del-sistema","28":"jask_topic_categories-estabilizacion","29":"jask_topic_categories-gestion-de-riesgos","30":"jask_topic_categories-liderazgo","31":"jask_topic_categories-proceso-de-innovacion","32":"jask_topic_categories-distribucion","33":"jask_topic_categories-trabajo-agil","35":"first","36":"instock","37":"sold-individually","38":"taxable","39":"shipping-taxable","40":"purchasable","41":"product-type-variable"},"yoast_head":"<!-- This site is optimized with the Yoast SEO plugin v27.3 - https:\/\/yoast.com\/product\/yoast-seo-wordpress\/ -->\n<title>Informaci\u00f3n sobre las decisiones de la empresa - consultingcheck<\/title>\n<meta name=\"description\" content=\"Decisiones, preparaci\u00f3n de las decisiones, base de las decisiones, responsables de las decisiones, personas que influyen en las decisiones, calidad de las decisiones.\" \/>\n<meta name=\"robots\" content=\"index, follow, max-snippet:-1, max-image-preview:large, max-video-preview:-1\" \/>\n<link rel=\"canonical\" href=\"https:\/\/www.consultingcheck.com\/es\/ressource\/decisiones\/\" \/>\n<meta property=\"og:locale\" content=\"es_ES\" \/>\n<meta property=\"og:type\" content=\"article\" \/>\n<meta property=\"og:title\" content=\"Informaci\u00f3n sobre las decisiones de la empresa - consultingcheck\" \/>\n<meta property=\"og:description\" content=\"Decisiones, preparaci\u00f3n de las decisiones, base de las decisiones, responsables de las decisiones, personas que influyen en las decisiones, calidad de las decisiones.\" \/>\n<meta property=\"og:url\" content=\"https:\/\/www.consultingcheck.com\/es\/ressource\/decisiones\/\" \/>\n<meta property=\"og:site_name\" content=\"consultingcheck\" \/>\n<meta name=\"twitter:card\" content=\"summary_large_image\" \/>\n<meta name=\"twitter:label1\" content=\"Tiempo de lectura\" \/>\n\t<meta name=\"twitter:data1\" content=\"1 minuto\" \/>\n<script type=\"application\/ld+json\" class=\"yoast-schema-graph\">{\"@context\":\"https:\\\/\\\/schema.org\",\"@graph\":[{\"@type\":\"WebPage\",\"@id\":\"https:\\\/\\\/www.consultingcheck.com\\\/es\\\/ressource\\\/decisiones\\\/\",\"url\":\"https:\\\/\\\/www.consultingcheck.com\\\/es\\\/ressource\\\/decisiones\\\/\",\"name\":\"Informaci\u00f3n sobre las decisiones de la empresa - consultingcheck\",\"isPartOf\":{\"@id\":\"https:\\\/\\\/www.consultingcheck.com\\\/es\\\/#website\"},\"primaryImageOfPage\":{\"@id\":\"https:\\\/\\\/www.consultingcheck.com\\\/es\\\/ressource\\\/decisiones\\\/#primaryimage\"},\"image\":{\"@id\":\"https:\\\/\\\/www.consultingcheck.com\\\/es\\\/ressource\\\/decisiones\\\/#primaryimage\"},\"thumbnailUrl\":\"https:\\\/\\\/www.consultingcheck.com\\\/wp-content\\\/uploads\\\/2024\\\/06\\\/decisiones.jpg\",\"datePublished\":\"2023-01-09T10:51:49+00:00\",\"description\":\"Decisiones, preparaci\u00f3n de las decisiones, base de las decisiones, responsables de las decisiones, personas que influyen en las decisiones, calidad de las decisiones.\",\"breadcrumb\":{\"@id\":\"https:\\\/\\\/www.consultingcheck.com\\\/es\\\/ressource\\\/decisiones\\\/#breadcrumb\"},\"inLanguage\":\"es\",\"potentialAction\":[{\"@type\":\"ReadAction\",\"target\":[\"https:\\\/\\\/www.consultingcheck.com\\\/es\\\/ressource\\\/decisiones\\\/\"]}]},{\"@type\":\"ImageObject\",\"inLanguage\":\"es\",\"@id\":\"https:\\\/\\\/www.consultingcheck.com\\\/es\\\/ressource\\\/decisiones\\\/#primaryimage\",\"url\":\"https:\\\/\\\/www.consultingcheck.com\\\/wp-content\\\/uploads\\\/2024\\\/06\\\/decisiones.jpg\",\"contentUrl\":\"https:\\\/\\\/www.consultingcheck.com\\\/wp-content\\\/uploads\\\/2024\\\/06\\\/decisiones.jpg\",\"width\":1000,\"height\":679,\"caption\":\"Ein Screenshot des Briefings zu Entscheidungen im Unternehmen.\"},{\"@type\":\"BreadcrumbList\",\"@id\":\"https:\\\/\\\/www.consultingcheck.com\\\/es\\\/ressource\\\/decisiones\\\/#breadcrumb\",\"itemListElement\":[{\"@type\":\"ListItem\",\"position\":1,\"name\":\"Startseite\",\"item\":\"https:\\\/\\\/www.consultingcheck.com\\\/es\\\/\"},{\"@type\":\"ListItem\",\"position\":2,\"name\":\"Descargas, aplicaciones y productos\",\"item\":\"https:\\\/\\\/www.consultingcheck.com\\\/es\\\/herramientas\\\/descargas-aplicaciones-y-productos\\\/\"},{\"@type\":\"ListItem\",\"position\":3,\"name\":\"Informaci\u00f3n sobre las decisiones de la empresa\"}]},{\"@type\":\"WebSite\",\"@id\":\"https:\\\/\\\/www.consultingcheck.com\\\/es\\\/#website\",\"url\":\"https:\\\/\\\/www.consultingcheck.com\\\/es\\\/\",\"name\":\"consultingcheck\",\"description\":\"Vernetzt gedacht. Entzaubert. Hands-on.\",\"potentialAction\":[{\"@type\":\"SearchAction\",\"target\":{\"@type\":\"EntryPoint\",\"urlTemplate\":\"https:\\\/\\\/www.consultingcheck.com\\\/es\\\/?s={search_term_string}\"},\"query-input\":{\"@type\":\"PropertyValueSpecification\",\"valueRequired\":true,\"valueName\":\"search_term_string\"}}],\"inLanguage\":\"es\"}]}<\/script>\n<!-- \/ Yoast SEO plugin. -->","yoast_head_json":{"title":"Informaci\u00f3n sobre las decisiones de la empresa - consultingcheck","description":"Decisiones, preparaci\u00f3n de las decisiones, base de las decisiones, responsables de las decisiones, personas que influyen en las decisiones, calidad de las decisiones.","robots":{"index":"index","follow":"follow","max-snippet":"max-snippet:-1","max-image-preview":"max-image-preview:large","max-video-preview":"max-video-preview:-1"},"canonical":"https:\/\/www.consultingcheck.com\/es\/ressource\/decisiones\/","og_locale":"es_ES","og_type":"article","og_title":"Informaci\u00f3n sobre las decisiones de la empresa - consultingcheck","og_description":"Decisiones, preparaci\u00f3n de las decisiones, base de las decisiones, responsables de las decisiones, personas que influyen en las decisiones, calidad de las decisiones.","og_url":"https:\/\/www.consultingcheck.com\/es\/ressource\/decisiones\/","og_site_name":"consultingcheck","twitter_card":"summary_large_image","twitter_misc":{"Tiempo de lectura":"1 minuto"},"schema":{"@context":"https:\/\/schema.org","@graph":[{"@type":"WebPage","@id":"https:\/\/www.consultingcheck.com\/es\/ressource\/decisiones\/","url":"https:\/\/www.consultingcheck.com\/es\/ressource\/decisiones\/","name":"Informaci\u00f3n sobre las decisiones de la empresa - consultingcheck","isPartOf":{"@id":"https:\/\/www.consultingcheck.com\/es\/#website"},"primaryImageOfPage":{"@id":"https:\/\/www.consultingcheck.com\/es\/ressource\/decisiones\/#primaryimage"},"image":{"@id":"https:\/\/www.consultingcheck.com\/es\/ressource\/decisiones\/#primaryimage"},"thumbnailUrl":"https:\/\/www.consultingcheck.com\/wp-content\/uploads\/2024\/06\/decisiones.jpg","datePublished":"2023-01-09T10:51:49+00:00","description":"Decisiones, preparaci\u00f3n de las decisiones, base de las decisiones, responsables de las decisiones, personas que influyen en las decisiones, calidad de las decisiones.","breadcrumb":{"@id":"https:\/\/www.consultingcheck.com\/es\/ressource\/decisiones\/#breadcrumb"},"inLanguage":"es","potentialAction":[{"@type":"ReadAction","target":["https:\/\/www.consultingcheck.com\/es\/ressource\/decisiones\/"]}]},{"@type":"ImageObject","inLanguage":"es","@id":"https:\/\/www.consultingcheck.com\/es\/ressource\/decisiones\/#primaryimage","url":"https:\/\/www.consultingcheck.com\/wp-content\/uploads\/2024\/06\/decisiones.jpg","contentUrl":"https:\/\/www.consultingcheck.com\/wp-content\/uploads\/2024\/06\/decisiones.jpg","width":1000,"height":679,"caption":"Ein Screenshot des Briefings zu Entscheidungen im Unternehmen."},{"@type":"BreadcrumbList","@id":"https:\/\/www.consultingcheck.com\/es\/ressource\/decisiones\/#breadcrumb","itemListElement":[{"@type":"ListItem","position":1,"name":"Startseite","item":"https:\/\/www.consultingcheck.com\/es\/"},{"@type":"ListItem","position":2,"name":"Descargas, aplicaciones y productos","item":"https:\/\/www.consultingcheck.com\/es\/herramientas\/descargas-aplicaciones-y-productos\/"},{"@type":"ListItem","position":3,"name":"Informaci\u00f3n sobre las decisiones de la empresa"}]},{"@type":"WebSite","@id":"https:\/\/www.consultingcheck.com\/es\/#website","url":"https:\/\/www.consultingcheck.com\/es\/","name":"consultingcheck","description":"Vernetzt gedacht. Entzaubert. Hands-on.","potentialAction":[{"@type":"SearchAction","target":{"@type":"EntryPoint","urlTemplate":"https:\/\/www.consultingcheck.com\/es\/?s={search_term_string}"},"query-input":{"@type":"PropertyValueSpecification","valueRequired":true,"valueName":"search_term_string"}}],"inLanguage":"es"}]}},"_links":{"self":[{"href":"https:\/\/www.consultingcheck.com\/es\/wp-json\/wp\/v2\/product\/13477","targetHints":{"allow":["GET"]}}],"collection":[{"href":"https:\/\/www.consultingcheck.com\/es\/wp-json\/wp\/v2\/product"}],"about":[{"href":"https:\/\/www.consultingcheck.com\/es\/wp-json\/wp\/v2\/types\/product"}],"wp:featuredmedia":[{"embeddable":true,"href":"https:\/\/www.consultingcheck.com\/es\/wp-json\/wp\/v2\/media\/20161"}],"wp:attachment":[{"href":"https:\/\/www.consultingcheck.com\/es\/wp-json\/wp\/v2\/media?parent=13477"}],"wp:term":[{"taxonomy":"product_brand","embeddable":true,"href":"https:\/\/www.consultingcheck.com\/es\/wp-json\/wp\/v2\/product_brand?post=13477"},{"taxonomy":"product_cat","embeddable":true,"href":"https:\/\/www.consultingcheck.com\/es\/wp-json\/wp\/v2\/product_cat?post=13477"},{"taxonomy":"product_tag","embeddable":true,"href":"https:\/\/www.consultingcheck.com\/es\/wp-json\/wp\/v2\/product_tag?post=13477"},{"taxonomy":"jask_topic_categories","embeddable":true,"href":"https:\/\/www.consultingcheck.com\/es\/wp-json\/wp\/v2\/jask_topic_categories?post=13477"}],"curies":[{"name":"wp","href":"https:\/\/api.w.org\/{rel}","templated":true}]}}