{"id":11070,"date":"2021-11-09T00:49:55","date_gmt":"2022-11-05T11:22:11","guid":{"rendered":"https:\/\/www.consultingcheck.com\/ressource\/libro-blanco-cibernetica-de-gestion\/"},"modified":"2023-03-10T16:53:11","modified_gmt":"2023-03-10T15:53:11","slug":"cibernetica-de-gestion","status":"publish","type":"product","link":"https:\/\/www.consultingcheck.com\/es\/ressource\/cibernetica-de-gestion\/","title":{"rendered":"Libro Blanco \u00abCibern\u00e9tica de gesti\u00f3n\u00bb"},"content":{"rendered":"<h3>Contenido<\/h3>\n<p>Las empresas son sistemas sociales, que a su vez est\u00e1n integrados en sistemas sociales m\u00e1s amplios, los mercados y la sociedad. Y cada departamento y cada empleado es tambi\u00e9n un sistema social en s\u00ed mismo. En lugar de fijarse principalmente en los l\u00edmites de los departamentos, es aconsejable centrarse en los procesos dentro de estos sistemas sociales y entre ellos.<\/p>\n<p>Este libro blanco de 9 p\u00e1ginas sobre cibern\u00e9tica de gesti\u00f3n muestra medidas concretas con las que las empresas pueden actuar m\u00e1s orientadas al sistema.<\/p>\n<p>&nbsp;<\/p>\n<h3>Ventajas<\/h3>\n<ul>\n<li>Obtendr\u00e1 una introducci\u00f3n al comportamiento de los sistemas y a las posibilidades de influir en este comportamiento.<\/li>\n<li>Recibir\u00e1 recomendaciones de actuaci\u00f3n concretas para una gesti\u00f3n compatible con el sistema que podr\u00e1 introducir inmediatamente en su empresa.<\/li>\n<li>Esto reducir\u00e1 la fricci\u00f3n y har\u00e1 que su empresa sea m\u00e1s exitosa y resistente.<\/li>\n<\/ul>\n<p>&nbsp;<\/p>\n<h3>Descarga digital<\/h3>\n<p>Despu\u00e9s de hacer el pedido, recibir\u00e1 un enlace para descargar el libro blanco, que podr\u00e1 utilizar inmediatamente.<\/p>\n<p>Tenga en cuenta que este libro blanco al que est\u00e1 comprando acceso es para su uso personal. Queda prohibida la reventa del libro blanco en cualquier forma y de manera digital o f\u00edsica o su publicaci\u00f3n en cualquier publicaci\u00f3n f\u00edsica o en l\u00ednea sin mi permiso. Soy el \u00fanico titular de los derechos de autor de este archivo.<\/p>\n<p>Enlace para descargar: documento pfd<\/p>\n","protected":false},"excerpt":{"rendered":"<h2><strong>Si quiere conocer los principios de la teor\u00eda de sistemas y c\u00f3mo pueden aplicarse al mundo empresarial, le interesar\u00e1 este libro blanco sobre cibern\u00e9tica de gesti\u00f3n.<\/strong><\/h2>\n","protected":false},"featured_media":20206,"template":"","meta":{"_links_to":"","_links_to_target":""},"product_brand":[],"product_cat":[1253,1254,1293],"product_tag":[],"jask_topic_categories":[1648,1701,1649,1703,1652,1705,1654,1656,1671,1680,1681,1684,1692,1697],"class_list":{"0":"post-11070","1":"product","2":"type-product","3":"status-publish","4":"has-post-thumbnail","6":"product_cat-liderazgo","7":"product_cat-gestion-de-empresa","8":"product_cat-whitepaper-es","9":"jask_topic_categories-rendimiento","10":"jask_topic_categories-agilizacion-para-la-adaptacion-continua","11":"jask_topic_categories-optimizacion-del-proceso","12":"jask_topic_categories-organizacion-de-ventas","13":"jask_topic_categories-optimizacion-del-proceso-de-produccion","14":"jask_topic_categories-cooperacion","15":"jask_topic_categories-decisiones","16":"jask_topic_categories-gestion","17":"jask_topic_categories-preguntas-basicas","18":"jask_topic_categories-visita-al-exterior","19":"jask_topic_categories-control-y-gestion-de-riesgos","20":"jask_topic_categories-procesos","21":"jask_topic_categories-reduccion-de-costes-de-fabricacion","22":"jask_topic_categories-organizacion-de-la-contratacion-publica","24":"first","25":"instock","26":"sold-individually","27":"taxable","28":"shipping-taxable","29":"purchasable","30":"product-type-variable"},"yoast_head":"<!-- This site is optimized with the Yoast SEO plugin v27.4 - https:\/\/yoast.com\/product\/yoast-seo-wordpress\/ -->\n<title>Libro Blanco &quot;Cibern\u00e9tica de gesti\u00f3n&quot; - consultingcheck<\/title>\n<meta name=\"robots\" content=\"index, follow, max-snippet:-1, max-image-preview:large, max-video-preview:-1\" \/>\n<link rel=\"canonical\" href=\"https:\/\/www.consultingcheck.com\/es\/ressource\/cibernetica-de-gestion\/\" \/>\n<meta property=\"og:locale\" content=\"es_ES\" \/>\n<meta property=\"og:type\" content=\"article\" \/>\n<meta property=\"og:title\" content=\"Libro Blanco &quot;Cibern\u00e9tica de gesti\u00f3n&quot; - consultingcheck\" \/>\n<meta property=\"og:description\" content=\"Si quiere conocer los principios de la teor\u00eda de sistemas y c\u00f3mo pueden aplicarse al mundo empresarial, le interesar\u00e1 este libro blanco sobre cibern\u00e9tica de gesti\u00f3n.\" \/>\n<meta property=\"og:url\" content=\"https:\/\/www.consultingcheck.com\/es\/ressource\/cibernetica-de-gestion\/\" \/>\n<meta property=\"og:site_name\" content=\"consultingcheck\" \/>\n<meta property=\"article:modified_time\" content=\"2023-03-10T15:53:11+00:00\" \/>\n<meta name=\"twitter:card\" content=\"summary_large_image\" \/>\n<meta name=\"twitter:label1\" content=\"Tiempo de lectura\" \/>\n\t<meta name=\"twitter:data1\" content=\"2 minutos\" \/>\n<script type=\"application\/ld+json\" class=\"yoast-schema-graph\">{\"@context\":\"https:\\\/\\\/schema.org\",\"@graph\":[{\"@type\":\"WebPage\",\"@id\":\"https:\\\/\\\/www.consultingcheck.com\\\/es\\\/ressource\\\/cibernetica-de-gestion\\\/\",\"url\":\"https:\\\/\\\/www.consultingcheck.com\\\/es\\\/ressource\\\/cibernetica-de-gestion\\\/\",\"name\":\"Libro Blanco \\\"Cibern\u00e9tica de gesti\u00f3n\\\" - consultingcheck\",\"isPartOf\":{\"@id\":\"https:\\\/\\\/www.consultingcheck.com\\\/es\\\/#website\"},\"primaryImageOfPage\":{\"@id\":\"https:\\\/\\\/www.consultingcheck.com\\\/es\\\/ressource\\\/cibernetica-de-gestion\\\/#primaryimage\"},\"image\":{\"@id\":\"https:\\\/\\\/www.consultingcheck.com\\\/es\\\/ressource\\\/cibernetica-de-gestion\\\/#primaryimage\"},\"thumbnailUrl\":\"https:\\\/\\\/www.consultingcheck.com\\\/wp-content\\\/uploads\\\/2021\\\/11\\\/managementkybernetik.jpg\",\"datePublished\":\"2022-11-05T11:22:11+00:00\",\"dateModified\":\"2023-03-10T15:53:11+00:00\",\"breadcrumb\":{\"@id\":\"https:\\\/\\\/www.consultingcheck.com\\\/es\\\/ressource\\\/cibernetica-de-gestion\\\/#breadcrumb\"},\"inLanguage\":\"es\",\"potentialAction\":[{\"@type\":\"ReadAction\",\"target\":[\"https:\\\/\\\/www.consultingcheck.com\\\/es\\\/ressource\\\/cibernetica-de-gestion\\\/\"]}]},{\"@type\":\"ImageObject\",\"inLanguage\":\"es\",\"@id\":\"https:\\\/\\\/www.consultingcheck.com\\\/es\\\/ressource\\\/cibernetica-de-gestion\\\/#primaryimage\",\"url\":\"https:\\\/\\\/www.consultingcheck.com\\\/wp-content\\\/uploads\\\/2021\\\/11\\\/managementkybernetik.jpg\",\"contentUrl\":\"https:\\\/\\\/www.consultingcheck.com\\\/wp-content\\\/uploads\\\/2021\\\/11\\\/managementkybernetik.jpg\",\"width\":1000,\"height\":679,\"caption\":\"Ein Screenshot des Whitepapers Management-Kybernetik.\"},{\"@type\":\"BreadcrumbList\",\"@id\":\"https:\\\/\\\/www.consultingcheck.com\\\/es\\\/ressource\\\/cibernetica-de-gestion\\\/#breadcrumb\",\"itemListElement\":[{\"@type\":\"ListItem\",\"position\":1,\"name\":\"Startseite\",\"item\":\"https:\\\/\\\/www.consultingcheck.com\\\/es\\\/\"},{\"@type\":\"ListItem\",\"position\":2,\"name\":\"Descargas, aplicaciones y productos\",\"item\":\"https:\\\/\\\/www.consultingcheck.com\\\/es\\\/herramientas\\\/descargas-aplicaciones-y-productos\\\/\"},{\"@type\":\"ListItem\",\"position\":3,\"name\":\"Libro Blanco &#8222;Cibern\u00e9tica de gesti\u00f3n&#8220;\"}]},{\"@type\":\"WebSite\",\"@id\":\"https:\\\/\\\/www.consultingcheck.com\\\/es\\\/#website\",\"url\":\"https:\\\/\\\/www.consultingcheck.com\\\/es\\\/\",\"name\":\"consultingcheck\",\"description\":\"Vernetzt gedacht. Entzaubert. Hands-on.\",\"potentialAction\":[{\"@type\":\"SearchAction\",\"target\":{\"@type\":\"EntryPoint\",\"urlTemplate\":\"https:\\\/\\\/www.consultingcheck.com\\\/es\\\/?s={search_term_string}\"},\"query-input\":{\"@type\":\"PropertyValueSpecification\",\"valueRequired\":true,\"valueName\":\"search_term_string\"}}],\"inLanguage\":\"es\"}]}<\/script>\n<!-- \/ Yoast SEO plugin. -->","yoast_head_json":{"title":"Libro Blanco \"Cibern\u00e9tica de gesti\u00f3n\" - consultingcheck","robots":{"index":"index","follow":"follow","max-snippet":"max-snippet:-1","max-image-preview":"max-image-preview:large","max-video-preview":"max-video-preview:-1"},"canonical":"https:\/\/www.consultingcheck.com\/es\/ressource\/cibernetica-de-gestion\/","og_locale":"es_ES","og_type":"article","og_title":"Libro Blanco \"Cibern\u00e9tica de gesti\u00f3n\" - consultingcheck","og_description":"Si quiere conocer los principios de la teor\u00eda de sistemas y c\u00f3mo pueden aplicarse al mundo empresarial, le interesar\u00e1 este libro blanco sobre cibern\u00e9tica de gesti\u00f3n.","og_url":"https:\/\/www.consultingcheck.com\/es\/ressource\/cibernetica-de-gestion\/","og_site_name":"consultingcheck","article_modified_time":"2023-03-10T15:53:11+00:00","twitter_card":"summary_large_image","twitter_misc":{"Tiempo de lectura":"2 minutos"},"schema":{"@context":"https:\/\/schema.org","@graph":[{"@type":"WebPage","@id":"https:\/\/www.consultingcheck.com\/es\/ressource\/cibernetica-de-gestion\/","url":"https:\/\/www.consultingcheck.com\/es\/ressource\/cibernetica-de-gestion\/","name":"Libro Blanco \"Cibern\u00e9tica de gesti\u00f3n\" - consultingcheck","isPartOf":{"@id":"https:\/\/www.consultingcheck.com\/es\/#website"},"primaryImageOfPage":{"@id":"https:\/\/www.consultingcheck.com\/es\/ressource\/cibernetica-de-gestion\/#primaryimage"},"image":{"@id":"https:\/\/www.consultingcheck.com\/es\/ressource\/cibernetica-de-gestion\/#primaryimage"},"thumbnailUrl":"https:\/\/www.consultingcheck.com\/wp-content\/uploads\/2021\/11\/managementkybernetik.jpg","datePublished":"2022-11-05T11:22:11+00:00","dateModified":"2023-03-10T15:53:11+00:00","breadcrumb":{"@id":"https:\/\/www.consultingcheck.com\/es\/ressource\/cibernetica-de-gestion\/#breadcrumb"},"inLanguage":"es","potentialAction":[{"@type":"ReadAction","target":["https:\/\/www.consultingcheck.com\/es\/ressource\/cibernetica-de-gestion\/"]}]},{"@type":"ImageObject","inLanguage":"es","@id":"https:\/\/www.consultingcheck.com\/es\/ressource\/cibernetica-de-gestion\/#primaryimage","url":"https:\/\/www.consultingcheck.com\/wp-content\/uploads\/2021\/11\/managementkybernetik.jpg","contentUrl":"https:\/\/www.consultingcheck.com\/wp-content\/uploads\/2021\/11\/managementkybernetik.jpg","width":1000,"height":679,"caption":"Ein Screenshot des Whitepapers Management-Kybernetik."},{"@type":"BreadcrumbList","@id":"https:\/\/www.consultingcheck.com\/es\/ressource\/cibernetica-de-gestion\/#breadcrumb","itemListElement":[{"@type":"ListItem","position":1,"name":"Startseite","item":"https:\/\/www.consultingcheck.com\/es\/"},{"@type":"ListItem","position":2,"name":"Descargas, aplicaciones y productos","item":"https:\/\/www.consultingcheck.com\/es\/herramientas\/descargas-aplicaciones-y-productos\/"},{"@type":"ListItem","position":3,"name":"Libro Blanco &#8222;Cibern\u00e9tica de gesti\u00f3n&#8220;"}]},{"@type":"WebSite","@id":"https:\/\/www.consultingcheck.com\/es\/#website","url":"https:\/\/www.consultingcheck.com\/es\/","name":"consultingcheck","description":"Vernetzt gedacht. Entzaubert. Hands-on.","potentialAction":[{"@type":"SearchAction","target":{"@type":"EntryPoint","urlTemplate":"https:\/\/www.consultingcheck.com\/es\/?s={search_term_string}"},"query-input":{"@type":"PropertyValueSpecification","valueRequired":true,"valueName":"search_term_string"}}],"inLanguage":"es"}]}},"_links":{"self":[{"href":"https:\/\/www.consultingcheck.com\/es\/wp-json\/wp\/v2\/product\/11070","targetHints":{"allow":["GET"]}}],"collection":[{"href":"https:\/\/www.consultingcheck.com\/es\/wp-json\/wp\/v2\/product"}],"about":[{"href":"https:\/\/www.consultingcheck.com\/es\/wp-json\/wp\/v2\/types\/product"}],"wp:featuredmedia":[{"embeddable":true,"href":"https:\/\/www.consultingcheck.com\/es\/wp-json\/wp\/v2\/media\/20206"}],"wp:attachment":[{"href":"https:\/\/www.consultingcheck.com\/es\/wp-json\/wp\/v2\/media?parent=11070"}],"wp:term":[{"taxonomy":"product_brand","embeddable":true,"href":"https:\/\/www.consultingcheck.com\/es\/wp-json\/wp\/v2\/product_brand?post=11070"},{"taxonomy":"product_cat","embeddable":true,"href":"https:\/\/www.consultingcheck.com\/es\/wp-json\/wp\/v2\/product_cat?post=11070"},{"taxonomy":"product_tag","embeddable":true,"href":"https:\/\/www.consultingcheck.com\/es\/wp-json\/wp\/v2\/product_tag?post=11070"},{"taxonomy":"jask_topic_categories","embeddable":true,"href":"https:\/\/www.consultingcheck.com\/es\/wp-json\/wp\/v2\/jask_topic_categories?post=11070"}],"curies":[{"name":"wp","href":"https:\/\/api.w.org\/{rel}","templated":true}]}}