{"id":11069,"date":"2021-11-09T00:49:55","date_gmt":"2022-11-05T11:21:49","guid":{"rendered":"https:\/\/www.consultingcheck.com\/ressource\/aplicacion-de-autoevaluacion-basada-en-la-web-systemscan\/"},"modified":"2023-03-10T16:52:03","modified_gmt":"2023-03-10T15:52:03","slug":"escaneo-de-sistemas","status":"publish","type":"product","link":"https:\/\/www.consultingcheck.com\/es\/ressource\/escaneo-de-sistemas\/","title":{"rendered":"Aplicaci\u00f3n de autoevaluaci\u00f3n basada en la web SystemScan"},"content":{"rendered":"<h3>Contenido<\/h3>\n<p>La mayor\u00eda de las empresas se gestionan mediante ratios empresariales que registran y consolidan los resultados de las distintas \u00e1reas operativas. Pero las empresas funcionan de forma diferente. Como sistemas sociales, las empresas son el resultado de su comunicaci\u00f3n. La gesti\u00f3n de las interfaces, tanto dentro de la empresa como con su entorno, determina las capacidades (emergentes) de las empresas, en particular su conectividad y, por tanto, su resiliencia.<\/p>\n<p>Aunque las cifras financieras alcanzadas representan el pasado, merece la pena echar un vistazo complementario a las empresas desde una perspectiva sist\u00e9mica.<\/p>\n<p>Aqu\u00ed tendr\u00e1 acceso a \u00abSystemScan\u00bb, una innovadora aplicaci\u00f3n de autoevaluaci\u00f3n que le alertar\u00e1 a usted y a su personal del potencial no aprovechado para estabilizar su negocio. Recibir\u00e1 recomendaciones inmediatas sobre c\u00f3mo puede hacer que su empresa est\u00e9 (a\u00fan) m\u00e1s preparada para el futuro.<\/p>\n<p>Los resultados y las recomendaciones de actuaci\u00f3n se recogen claramente en un informe de unas 50-60 p\u00e1ginas.<\/p>\n<p>Este folleto describe la finalidad, las ventajas y el procedimiento de SystemScan: <a href=\"https:\/\/www.consultingcheck.com\/wp-content\/uploads\/2021\/11\/bc-Systemscan-Broschuere_2021.pdf\">bc-Systemscan-Broschuere_2021<\/a>.<\/p>\n<p>P\u00f3ngase en contacto con el Dr. Werner Boysen para obtener m\u00e1s informaci\u00f3n sobre SystemScan y para iniciar SystemScan.<\/p>\n<p>&nbsp;<\/p>\n<h3>Ventajas<\/h3>\n<ul>\n<li>SystemScan le ofrece una declaraci\u00f3n sobre el grado de integraci\u00f3n de su empresa en su entorno econ\u00f3mico.<\/li>\n<li>Aprender\u00e1 la flexibilidad con la que su organizaci\u00f3n puede reaccionar y la eficacia con la que puede adaptarse a las condiciones cambiantes y la agilidad con la que puede actuar.<\/li>\n<li>Se aprende sobre las caracter\u00edsticas de la capacidad innovadora de la empresa.<\/li>\n<li>Aprender\u00e1 hasta qu\u00e9 punto est\u00e1n alineados los procesos de su empresa y hasta qu\u00e9 punto se utilizan los recursos de forma sensata desde un punto de vista sist\u00e9mico.<\/li>\n<li>Recibe una prestaci\u00f3n equivalente a 10 d\u00edas de consultor.<\/li>\n<\/ul>\n<p>&nbsp;<\/p>\n<h3>Invitaci\u00f3n a participar<\/h3>\n<p>Despu\u00e9s de hacer el pedido, recibir\u00e1 una invitaci\u00f3n para participar en la aplicaci\u00f3n de autoevaluaci\u00f3n, que podr\u00e1 realizar inmediatamente. Puedes utilizar la aplicaci\u00f3n una vez.<\/p>\n<p>Tenga en cuenta que esta aplicaci\u00f3n a la que est\u00e1 comprando el acceso es s\u00f3lo para su uso personal. Queda prohibida la reventa de la aplicaci\u00f3n en cualquier forma y de manera digital o f\u00edsica o su publicaci\u00f3n en cualquier publicaci\u00f3n f\u00edsica o en l\u00ednea sin mi permiso. Soy el \u00fanico titular de los derechos de autor de este archivo.<\/p>\n<p>Enlace a la solicitud: Invitaci\u00f3n a participar<\/p>\n","protected":false},"excerpt":{"rendered":"<h2><strong>\u00bfLe gustar\u00eda saber c\u00f3mo est\u00e1 posicionada su empresa desde una perspectiva sist\u00e9mica? A continuaci\u00f3n, realice un SystemScan.<\/strong><\/h2>\n","protected":false},"featured_media":0,"template":"","meta":{"_links_to":"","_links_to_target":""},"product_brand":[],"product_cat":[1253,1254],"product_tag":[],"jask_topic_categories":[1264,1265,1269,1648,1649,1675,1683,1684,1691],"class_list":{"0":"post-11069","1":"product","2":"type-product","3":"status-publish","5":"product_cat-liderazgo","6":"product_cat-gestion-de-empresa","7":"jask_topic_categories-estabilizacion","8":"jask_topic_categories-liderazgo","9":"jask_topic_categories-trabajo-agil","10":"jask_topic_categories-rendimiento","11":"jask_topic_categories-optimizacion-del-proceso","12":"jask_topic_categories-concepto-de-reestructuracion-con-prevision-de-continuacion-segun-idw-s6","13":"jask_topic_categories-poner-la-capacidad-de-coordinacion-y-desarrollo-en-los-procesos","14":"jask_topic_categories-procesos","15":"jask_topic_categories-gestion-de-riesgos","17":"first","18":"instock","19":"virtual","20":"taxable","21":"purchasable","22":"product-type-simple"},"yoast_head":"<!-- This site is optimized with the Yoast SEO plugin v27.3 - https:\/\/yoast.com\/product\/yoast-seo-wordpress\/ -->\n<title>Aplicaci\u00f3n de autoevaluaci\u00f3n basada en la web SystemScan - consultingcheck<\/title>\n<meta name=\"robots\" content=\"index, follow, max-snippet:-1, max-image-preview:large, max-video-preview:-1\" \/>\n<link rel=\"canonical\" href=\"https:\/\/www.consultingcheck.com\/es\/ressource\/escaneo-de-sistemas\/\" \/>\n<meta property=\"og:locale\" content=\"es_ES\" \/>\n<meta property=\"og:type\" content=\"article\" \/>\n<meta property=\"og:title\" content=\"Aplicaci\u00f3n de autoevaluaci\u00f3n basada en la web SystemScan - consultingcheck\" \/>\n<meta property=\"og:description\" content=\"\u00bfLe gustar\u00eda saber c\u00f3mo est\u00e1 posicionada su empresa desde una perspectiva sist\u00e9mica? A continuaci\u00f3n, realice un SystemScan.\" \/>\n<meta property=\"og:url\" content=\"https:\/\/www.consultingcheck.com\/es\/ressource\/escaneo-de-sistemas\/\" \/>\n<meta property=\"og:site_name\" content=\"consultingcheck\" \/>\n<meta property=\"article:modified_time\" content=\"2023-03-10T15:52:03+00:00\" \/>\n<meta name=\"twitter:card\" content=\"summary_large_image\" \/>\n<meta name=\"twitter:label1\" content=\"Tiempo de lectura\" \/>\n\t<meta name=\"twitter:data1\" content=\"3 minutos\" \/>\n<script type=\"application\/ld+json\" class=\"yoast-schema-graph\">{\"@context\":\"https:\\\/\\\/schema.org\",\"@graph\":[{\"@type\":\"WebPage\",\"@id\":\"https:\\\/\\\/www.consultingcheck.com\\\/es\\\/ressource\\\/escaneo-de-sistemas\\\/\",\"url\":\"https:\\\/\\\/www.consultingcheck.com\\\/es\\\/ressource\\\/escaneo-de-sistemas\\\/\",\"name\":\"Aplicaci\u00f3n de autoevaluaci\u00f3n basada en la web SystemScan - consultingcheck\",\"isPartOf\":{\"@id\":\"https:\\\/\\\/www.consultingcheck.com\\\/es\\\/#website\"},\"datePublished\":\"2022-11-05T11:21:49+00:00\",\"dateModified\":\"2023-03-10T15:52:03+00:00\",\"breadcrumb\":{\"@id\":\"https:\\\/\\\/www.consultingcheck.com\\\/es\\\/ressource\\\/escaneo-de-sistemas\\\/#breadcrumb\"},\"inLanguage\":\"es\",\"potentialAction\":[{\"@type\":\"ReadAction\",\"target\":[\"https:\\\/\\\/www.consultingcheck.com\\\/es\\\/ressource\\\/escaneo-de-sistemas\\\/\"]}]},{\"@type\":\"BreadcrumbList\",\"@id\":\"https:\\\/\\\/www.consultingcheck.com\\\/es\\\/ressource\\\/escaneo-de-sistemas\\\/#breadcrumb\",\"itemListElement\":[{\"@type\":\"ListItem\",\"position\":1,\"name\":\"Startseite\",\"item\":\"https:\\\/\\\/www.consultingcheck.com\\\/es\\\/\"},{\"@type\":\"ListItem\",\"position\":2,\"name\":\"Descargas, aplicaciones y productos\",\"item\":\"https:\\\/\\\/www.consultingcheck.com\\\/es\\\/herramientas\\\/descargas-aplicaciones-y-productos\\\/\"},{\"@type\":\"ListItem\",\"position\":3,\"name\":\"Aplicaci\u00f3n de autoevaluaci\u00f3n basada en la web SystemScan\"}]},{\"@type\":\"WebSite\",\"@id\":\"https:\\\/\\\/www.consultingcheck.com\\\/es\\\/#website\",\"url\":\"https:\\\/\\\/www.consultingcheck.com\\\/es\\\/\",\"name\":\"consultingcheck\",\"description\":\"Vernetzt gedacht. Entzaubert. Hands-on.\",\"potentialAction\":[{\"@type\":\"SearchAction\",\"target\":{\"@type\":\"EntryPoint\",\"urlTemplate\":\"https:\\\/\\\/www.consultingcheck.com\\\/es\\\/?s={search_term_string}\"},\"query-input\":{\"@type\":\"PropertyValueSpecification\",\"valueRequired\":true,\"valueName\":\"search_term_string\"}}],\"inLanguage\":\"es\"}]}<\/script>\n<!-- \/ Yoast SEO plugin. -->","yoast_head_json":{"title":"Aplicaci\u00f3n de autoevaluaci\u00f3n basada en la web SystemScan - consultingcheck","robots":{"index":"index","follow":"follow","max-snippet":"max-snippet:-1","max-image-preview":"max-image-preview:large","max-video-preview":"max-video-preview:-1"},"canonical":"https:\/\/www.consultingcheck.com\/es\/ressource\/escaneo-de-sistemas\/","og_locale":"es_ES","og_type":"article","og_title":"Aplicaci\u00f3n de autoevaluaci\u00f3n basada en la web SystemScan - consultingcheck","og_description":"\u00bfLe gustar\u00eda saber c\u00f3mo est\u00e1 posicionada su empresa desde una perspectiva sist\u00e9mica? A continuaci\u00f3n, realice un SystemScan.","og_url":"https:\/\/www.consultingcheck.com\/es\/ressource\/escaneo-de-sistemas\/","og_site_name":"consultingcheck","article_modified_time":"2023-03-10T15:52:03+00:00","twitter_card":"summary_large_image","twitter_misc":{"Tiempo de lectura":"3 minutos"},"schema":{"@context":"https:\/\/schema.org","@graph":[{"@type":"WebPage","@id":"https:\/\/www.consultingcheck.com\/es\/ressource\/escaneo-de-sistemas\/","url":"https:\/\/www.consultingcheck.com\/es\/ressource\/escaneo-de-sistemas\/","name":"Aplicaci\u00f3n de autoevaluaci\u00f3n basada en la web SystemScan - consultingcheck","isPartOf":{"@id":"https:\/\/www.consultingcheck.com\/es\/#website"},"datePublished":"2022-11-05T11:21:49+00:00","dateModified":"2023-03-10T15:52:03+00:00","breadcrumb":{"@id":"https:\/\/www.consultingcheck.com\/es\/ressource\/escaneo-de-sistemas\/#breadcrumb"},"inLanguage":"es","potentialAction":[{"@type":"ReadAction","target":["https:\/\/www.consultingcheck.com\/es\/ressource\/escaneo-de-sistemas\/"]}]},{"@type":"BreadcrumbList","@id":"https:\/\/www.consultingcheck.com\/es\/ressource\/escaneo-de-sistemas\/#breadcrumb","itemListElement":[{"@type":"ListItem","position":1,"name":"Startseite","item":"https:\/\/www.consultingcheck.com\/es\/"},{"@type":"ListItem","position":2,"name":"Descargas, aplicaciones y productos","item":"https:\/\/www.consultingcheck.com\/es\/herramientas\/descargas-aplicaciones-y-productos\/"},{"@type":"ListItem","position":3,"name":"Aplicaci\u00f3n de autoevaluaci\u00f3n basada en la web SystemScan"}]},{"@type":"WebSite","@id":"https:\/\/www.consultingcheck.com\/es\/#website","url":"https:\/\/www.consultingcheck.com\/es\/","name":"consultingcheck","description":"Vernetzt gedacht. Entzaubert. Hands-on.","potentialAction":[{"@type":"SearchAction","target":{"@type":"EntryPoint","urlTemplate":"https:\/\/www.consultingcheck.com\/es\/?s={search_term_string}"},"query-input":{"@type":"PropertyValueSpecification","valueRequired":true,"valueName":"search_term_string"}}],"inLanguage":"es"}]}},"_links":{"self":[{"href":"https:\/\/www.consultingcheck.com\/es\/wp-json\/wp\/v2\/product\/11069","targetHints":{"allow":["GET"]}}],"collection":[{"href":"https:\/\/www.consultingcheck.com\/es\/wp-json\/wp\/v2\/product"}],"about":[{"href":"https:\/\/www.consultingcheck.com\/es\/wp-json\/wp\/v2\/types\/product"}],"wp:attachment":[{"href":"https:\/\/www.consultingcheck.com\/es\/wp-json\/wp\/v2\/media?parent=11069"}],"wp:term":[{"taxonomy":"product_brand","embeddable":true,"href":"https:\/\/www.consultingcheck.com\/es\/wp-json\/wp\/v2\/product_brand?post=11069"},{"taxonomy":"product_cat","embeddable":true,"href":"https:\/\/www.consultingcheck.com\/es\/wp-json\/wp\/v2\/product_cat?post=11069"},{"taxonomy":"product_tag","embeddable":true,"href":"https:\/\/www.consultingcheck.com\/es\/wp-json\/wp\/v2\/product_tag?post=11069"},{"taxonomy":"jask_topic_categories","embeddable":true,"href":"https:\/\/www.consultingcheck.com\/es\/wp-json\/wp\/v2\/jask_topic_categories?post=11069"}],"curies":[{"name":"wp","href":"https:\/\/api.w.org\/{rel}","templated":true}]}}