{"id":11068,"date":"2021-11-09T00:49:55","date_gmt":"2022-11-05T11:19:48","guid":{"rendered":"https:\/\/www.consultingcheck.com\/ressource\/comprobacion-rapida-ddim-preparacion-para-la-gestion-de-proyectos\/"},"modified":"2022-11-05T12:19:48","modified_gmt":"2022-11-05T11:19:48","slug":"ddim-readiness-for-project-management-2","status":"publish","type":"product","link":"https:\/\/www.consultingcheck.com\/es\/ressource\/ddim-readiness-for-project-management-2\/","title":{"rendered":"Comprobaci\u00f3n r\u00e1pida: DDIM \u00abPreparaci\u00f3n para la gesti\u00f3n de proyectos"},"content":{"rendered":"<h3>Contenido<\/h3>\n<p>En nuestra din\u00e1mica econom\u00eda, el trabajo por proyectos es cada vez m\u00e1s importante. En muchas empresas, el trabajo por proyectos ya ocupa una parte importante del conjunto de actividades. El trabajo de proyecto es completamente diferente del trabajo de l\u00ednea. El trabajo en proyectos exige a la direcci\u00f3n, a la organizaci\u00f3n y a las tecnolog\u00edas de la informaci\u00f3n. Para saber si su organizaci\u00f3n est\u00e1 bien preparada para los retos que conlleva el trabajo en proyectos, realice esta comprobaci\u00f3n r\u00e1pida de \u00abPreparaci\u00f3n para la gesti\u00f3n de proyectos\u00bb desarrollada por el grupo de especialistas de DDIM \u00abGesti\u00f3n de proyectos y programas\u00bb. Haga clic aqu\u00ed para ver la comprobaci\u00f3n r\u00e1pida dise\u00f1ada de forma pragm\u00e1tica. Tras su participaci\u00f3n en el Quick Check, recibir\u00e1 inmediatamente una respuesta cualificada de un miembro del grupo de expertos.<\/p>\n<p>&nbsp;<\/p>\n<h3>Ventajas<\/h3>\n<ul>\n<li>Descubrir\u00e1 inmediatamente si su organizaci\u00f3n cumple los requisitos de gesti\u00f3n de proyectos.<\/li>\n<li>Recibir\u00e1 comentarios cualificados para eliminar los posibles puntos d\u00e9biles de forma espec\u00edfica.<\/li>\n<\/ul>\n<p>&nbsp;<\/p>\n<h3>Descarga digital<\/h3>\n<p>Despu\u00e9s de hacer el pedido, recibir\u00e1 un enlace de descarga para el Quick Check, que podr\u00e1 realizar inmediatamente.<\/p>\n<p>Tenga en cuenta que este Quick-Check, al que usted adquiere acceso, es s\u00f3lo para su uso personal. Queda prohibida la reventa de las diapositivas en cualquier forma y en cualquier medio digital o f\u00edsico o su publicaci\u00f3n en cualquier publicaci\u00f3n f\u00edsica o en l\u00ednea sin mi permiso. Soy el \u00fanico titular de los derechos de autor de este archivo.<\/p>\n<p>Enlace de descarga: Acceso al Quick Check<\/p>\n","protected":false},"excerpt":{"rendered":"<p><strong>\u00bfQuiere saber si su organizaci\u00f3n est\u00e1 bien equipada para las exigencias de la gesti\u00f3n de proyectos? A continuaci\u00f3n, realice esta r\u00e1pida comprobaci\u00f3n.<\/strong><\/p>\n","protected":false},"featured_media":0,"template":"","meta":{"_links_to":"","_links_to_target":""},"product_brand":[],"product_cat":[1254],"product_tag":[],"jask_topic_categories":[1271,1648,1649,1656,1673,1679,1681,1690,1264,1692,1265,1269],"class_list":{"0":"post-11068","1":"product","2":"type-product","3":"status-publish","5":"product_cat-gestion-de-empresa","6":"jask_topic_categories-gestion-del-cambio","7":"jask_topic_categories-rendimiento","8":"jask_topic_categories-optimizacion-del-proceso","9":"jask_topic_categories-gestion","10":"jask_topic_categories-crisis-y-rehabilitacion","11":"jask_topic_categories-desarrollo-de-productos","12":"jask_topic_categories-control-y-gestion-de-riesgos","13":"jask_topic_categories-planificacion-de-la-produccion","14":"jask_topic_categories-estabilizacion","15":"jask_topic_categories-reduccion-de-costes-de-fabricacion","16":"jask_topic_categories-liderazgo","17":"jask_topic_categories-trabajo-agil","19":"first","20":"instock","21":"virtual","22":"sold-individually","23":"taxable","24":"purchasable","25":"product-type-simple"},"yoast_head":"<!-- This site is optimized with the Yoast SEO plugin v27.5 - https:\/\/yoast.com\/product\/yoast-seo-wordpress\/ -->\n<title>Comprobaci\u00f3n r\u00e1pida: DDIM &quot;Preparaci\u00f3n para la gesti\u00f3n de proyectos - consultingcheck<\/title>\n<meta name=\"description\" content=\"Gesti\u00f3n de proyectos, preparaci\u00f3n para la gesti\u00f3n de proyectos, necesidad de la gesti\u00f3n de proyectos, cualificaci\u00f3n para la gesti\u00f3n de proyectos\" \/>\n<meta name=\"robots\" content=\"index, follow, max-snippet:-1, max-image-preview:large, max-video-preview:-1\" \/>\n<link rel=\"canonical\" href=\"https:\/\/www.consultingcheck.com\/es\/ressource\/ddim-readiness-for-project-management-2\/\" \/>\n<meta property=\"og:locale\" content=\"es_ES\" \/>\n<meta property=\"og:type\" content=\"article\" \/>\n<meta property=\"og:title\" content=\"Comprobaci\u00f3n r\u00e1pida: DDIM &quot;Preparaci\u00f3n para la gesti\u00f3n de proyectos - consultingcheck\" \/>\n<meta property=\"og:description\" content=\"Gesti\u00f3n de proyectos, preparaci\u00f3n para la gesti\u00f3n de proyectos, necesidad de la gesti\u00f3n de proyectos, cualificaci\u00f3n para la gesti\u00f3n de proyectos\" \/>\n<meta property=\"og:url\" content=\"https:\/\/www.consultingcheck.com\/es\/ressource\/ddim-readiness-for-project-management-2\/\" \/>\n<meta property=\"og:site_name\" content=\"consultingcheck\" \/>\n<meta name=\"twitter:card\" content=\"summary_large_image\" \/>\n<meta name=\"twitter:label1\" content=\"Tiempo de lectura\" \/>\n\t<meta name=\"twitter:data1\" content=\"1 minuto\" \/>\n<script type=\"application\/ld+json\" class=\"yoast-schema-graph\">{\"@context\":\"https:\\\/\\\/schema.org\",\"@graph\":[{\"@type\":\"WebPage\",\"@id\":\"https:\\\/\\\/www.consultingcheck.com\\\/es\\\/ressource\\\/ddim-readiness-for-project-management-2\\\/\",\"url\":\"https:\\\/\\\/www.consultingcheck.com\\\/es\\\/ressource\\\/ddim-readiness-for-project-management-2\\\/\",\"name\":\"Comprobaci\u00f3n r\u00e1pida: DDIM \\\"Preparaci\u00f3n para la gesti\u00f3n de proyectos - consultingcheck\",\"isPartOf\":{\"@id\":\"https:\\\/\\\/www.consultingcheck.com\\\/es\\\/#website\"},\"datePublished\":\"2022-11-05T11:19:48+00:00\",\"description\":\"Gesti\u00f3n de proyectos, preparaci\u00f3n para la gesti\u00f3n de proyectos, necesidad de la gesti\u00f3n de proyectos, cualificaci\u00f3n para la gesti\u00f3n de proyectos\",\"breadcrumb\":{\"@id\":\"https:\\\/\\\/www.consultingcheck.com\\\/es\\\/ressource\\\/ddim-readiness-for-project-management-2\\\/#breadcrumb\"},\"inLanguage\":\"es\",\"potentialAction\":[{\"@type\":\"ReadAction\",\"target\":[\"https:\\\/\\\/www.consultingcheck.com\\\/es\\\/ressource\\\/ddim-readiness-for-project-management-2\\\/\"]}]},{\"@type\":\"BreadcrumbList\",\"@id\":\"https:\\\/\\\/www.consultingcheck.com\\\/es\\\/ressource\\\/ddim-readiness-for-project-management-2\\\/#breadcrumb\",\"itemListElement\":[{\"@type\":\"ListItem\",\"position\":1,\"name\":\"Startseite\",\"item\":\"https:\\\/\\\/www.consultingcheck.com\\\/es\\\/\"},{\"@type\":\"ListItem\",\"position\":2,\"name\":\"Descargas, aplicaciones y productos\",\"item\":\"https:\\\/\\\/www.consultingcheck.com\\\/es\\\/herramientas\\\/descargas-aplicaciones-y-productos\\\/\"},{\"@type\":\"ListItem\",\"position\":3,\"name\":\"Comprobaci\u00f3n r\u00e1pida: DDIM &#8222;Preparaci\u00f3n para la gesti\u00f3n de proyectos\"}]},{\"@type\":\"WebSite\",\"@id\":\"https:\\\/\\\/www.consultingcheck.com\\\/es\\\/#website\",\"url\":\"https:\\\/\\\/www.consultingcheck.com\\\/es\\\/\",\"name\":\"consultingcheck\",\"description\":\"Vernetzt gedacht. Entzaubert. Hands-on.\",\"potentialAction\":[{\"@type\":\"SearchAction\",\"target\":{\"@type\":\"EntryPoint\",\"urlTemplate\":\"https:\\\/\\\/www.consultingcheck.com\\\/es\\\/?s={search_term_string}\"},\"query-input\":{\"@type\":\"PropertyValueSpecification\",\"valueRequired\":true,\"valueName\":\"search_term_string\"}}],\"inLanguage\":\"es\"}]}<\/script>\n<!-- \/ Yoast SEO plugin. -->","yoast_head_json":{"title":"Comprobaci\u00f3n r\u00e1pida: DDIM \"Preparaci\u00f3n para la gesti\u00f3n de proyectos - consultingcheck","description":"Gesti\u00f3n de proyectos, preparaci\u00f3n para la gesti\u00f3n de proyectos, necesidad de la gesti\u00f3n de proyectos, cualificaci\u00f3n para la gesti\u00f3n de proyectos","robots":{"index":"index","follow":"follow","max-snippet":"max-snippet:-1","max-image-preview":"max-image-preview:large","max-video-preview":"max-video-preview:-1"},"canonical":"https:\/\/www.consultingcheck.com\/es\/ressource\/ddim-readiness-for-project-management-2\/","og_locale":"es_ES","og_type":"article","og_title":"Comprobaci\u00f3n r\u00e1pida: DDIM \"Preparaci\u00f3n para la gesti\u00f3n de proyectos - consultingcheck","og_description":"Gesti\u00f3n de proyectos, preparaci\u00f3n para la gesti\u00f3n de proyectos, necesidad de la gesti\u00f3n de proyectos, cualificaci\u00f3n para la gesti\u00f3n de proyectos","og_url":"https:\/\/www.consultingcheck.com\/es\/ressource\/ddim-readiness-for-project-management-2\/","og_site_name":"consultingcheck","twitter_card":"summary_large_image","twitter_misc":{"Tiempo de lectura":"1 minuto"},"schema":{"@context":"https:\/\/schema.org","@graph":[{"@type":"WebPage","@id":"https:\/\/www.consultingcheck.com\/es\/ressource\/ddim-readiness-for-project-management-2\/","url":"https:\/\/www.consultingcheck.com\/es\/ressource\/ddim-readiness-for-project-management-2\/","name":"Comprobaci\u00f3n r\u00e1pida: DDIM \"Preparaci\u00f3n para la gesti\u00f3n de proyectos - consultingcheck","isPartOf":{"@id":"https:\/\/www.consultingcheck.com\/es\/#website"},"datePublished":"2022-11-05T11:19:48+00:00","description":"Gesti\u00f3n de proyectos, preparaci\u00f3n para la gesti\u00f3n de proyectos, necesidad de la gesti\u00f3n de proyectos, cualificaci\u00f3n para la gesti\u00f3n de proyectos","breadcrumb":{"@id":"https:\/\/www.consultingcheck.com\/es\/ressource\/ddim-readiness-for-project-management-2\/#breadcrumb"},"inLanguage":"es","potentialAction":[{"@type":"ReadAction","target":["https:\/\/www.consultingcheck.com\/es\/ressource\/ddim-readiness-for-project-management-2\/"]}]},{"@type":"BreadcrumbList","@id":"https:\/\/www.consultingcheck.com\/es\/ressource\/ddim-readiness-for-project-management-2\/#breadcrumb","itemListElement":[{"@type":"ListItem","position":1,"name":"Startseite","item":"https:\/\/www.consultingcheck.com\/es\/"},{"@type":"ListItem","position":2,"name":"Descargas, aplicaciones y productos","item":"https:\/\/www.consultingcheck.com\/es\/herramientas\/descargas-aplicaciones-y-productos\/"},{"@type":"ListItem","position":3,"name":"Comprobaci\u00f3n r\u00e1pida: DDIM &#8222;Preparaci\u00f3n para la gesti\u00f3n de proyectos"}]},{"@type":"WebSite","@id":"https:\/\/www.consultingcheck.com\/es\/#website","url":"https:\/\/www.consultingcheck.com\/es\/","name":"consultingcheck","description":"Vernetzt gedacht. Entzaubert. Hands-on.","potentialAction":[{"@type":"SearchAction","target":{"@type":"EntryPoint","urlTemplate":"https:\/\/www.consultingcheck.com\/es\/?s={search_term_string}"},"query-input":{"@type":"PropertyValueSpecification","valueRequired":true,"valueName":"search_term_string"}}],"inLanguage":"es"}]}},"_links":{"self":[{"href":"https:\/\/www.consultingcheck.com\/es\/wp-json\/wp\/v2\/product\/11068","targetHints":{"allow":["GET"]}}],"collection":[{"href":"https:\/\/www.consultingcheck.com\/es\/wp-json\/wp\/v2\/product"}],"about":[{"href":"https:\/\/www.consultingcheck.com\/es\/wp-json\/wp\/v2\/types\/product"}],"wp:attachment":[{"href":"https:\/\/www.consultingcheck.com\/es\/wp-json\/wp\/v2\/media?parent=11068"}],"wp:term":[{"taxonomy":"product_brand","embeddable":true,"href":"https:\/\/www.consultingcheck.com\/es\/wp-json\/wp\/v2\/product_brand?post=11068"},{"taxonomy":"product_cat","embeddable":true,"href":"https:\/\/www.consultingcheck.com\/es\/wp-json\/wp\/v2\/product_cat?post=11068"},{"taxonomy":"product_tag","embeddable":true,"href":"https:\/\/www.consultingcheck.com\/es\/wp-json\/wp\/v2\/product_tag?post=11068"},{"taxonomy":"jask_topic_categories","embeddable":true,"href":"https:\/\/www.consultingcheck.com\/es\/wp-json\/wp\/v2\/jask_topic_categories?post=11068"}],"curies":[{"name":"wp","href":"https:\/\/api.w.org\/{rel}","templated":true}]}}