{"id":11065,"date":"2022-01-20T12:02:24","date_gmt":"2022-11-05T11:09:35","guid":{"rendered":"https:\/\/www.consultingcheck.com\/ressource\/estado-de-liquidez-y-balance-de-liquidez\/"},"modified":"2023-08-25T13:16:35","modified_gmt":"2023-08-25T11:16:35","slug":"estado-de-liquidez-y-balance","status":"publish","type":"product","link":"https:\/\/www.consultingcheck.com\/es\/ressource\/estado-de-liquidez-y-balance\/","title":{"rendered":"Estado de liquidez y balance de liquidez"},"content":{"rendered":"<h3><strong>Contenido<\/strong><\/h3>\n<p>Aqu\u00ed encontrar\u00e1 plantillas deformadas para su estado de liquidez y su balance de liquidez.<\/p>\n<p>&nbsp;<\/p>\n<h3><strong>Ventajas de nuestras aplicaciones de estado de liquidez y balance de liquidez<\/strong><\/h3>\n<ul>\n<li>Si actualmente tiene problemas de liquidez, esta plantilla deformada de Excel puede ayudarle a crear un estado de liquidez o un balance de liquidez.<\/li>\n<li>Puede crear los documentos formales sin necesidad de tener conocimientos profundos de gesti\u00f3n financiera.<\/li>\n<\/ul>\n<p><strong>\u00a0<\/strong><\/p>\n<h3><strong>Descarga digital<\/strong><\/h3>\n<p>Tras realizar el pedido, recibir\u00e1 un enlace de descarga de la plantilla, que podr\u00e1 utilizar inmediatamente.<\/p>\n<p>Tenga en cuenta que esta plantilla, a la que adquiere acceso, es exclusivamente para su uso personal. Est\u00e1 prohibida la reventa de las diapositivas en cualquier forma y de cualquier modo digital o f\u00edsico, o su publicaci\u00f3n en cualquier publicaci\u00f3n f\u00edsica o en l\u00ednea sin mi permiso. Soy el \u00fanico titular de los derechos de autor de este archivo.<\/p>\n<p>Enlace para descargar: Documento MS Excel<\/p>\n<p>&nbsp;<\/p>\n<h2>\u00bfQu\u00e9 es el estado de liquidez?<\/h2>\n<p>Cuando la liquidez escasea en una empresa, la direcci\u00f3n se ve obligada a preparar un estado de liquidez. El estado de liquidez es una instant\u00e1nea de la liquidez de la empresa.<\/p>\n<h2>\u00bfC\u00f3mo se calcula el estado de liquidez?<\/h2>\n<p>El estado de liquidez debe demostrar que la empresa puede cubrir en la actualidad al menos el 90% de los pasivos exigibles.<\/p>\n<h2>\u00bfCu\u00e1ndo es necesario un balance de liquidez?<\/h2>\n<p>Si el nivel de cobertura es inferior al 90 %, la direcci\u00f3n debe preparar un balance de liquidez que muestre si la empresa podr\u00e1 volver a cubrir al menos el 90 % del pasivo en un plazo de tres semanas. Esto puede hacerse con un balance de liquidez.<\/p>\n<h2>\u00bfC\u00f3mo se elabora un balance de liquidez?<\/h2>\n<p>Adem\u00e1s del pasivo actualmente exigible y los recursos financieros actuales, el balance de liquidez incluye tambi\u00e9n el pasivo que vencer\u00e1 en las pr\u00f3ximas tres semanas y los recursos financieros que afluir\u00e1n a la empresa en un plazo de tres semanas. Sin embargo, no pueden incluirse cr\u00e9ditos de m\u00e1s de dos meses de antig\u00fcedad.<\/p>\n","protected":false},"excerpt":{"rendered":"<h2><strong>Si la liquidez amenaza con ser escasa, es aconsejable preparar un estado de liquidez y, si es necesario, un balance de liquidez.<\/strong><\/h2>\n","protected":false},"featured_media":20044,"template":"","meta":{"_links_to":"","_links_to_target":""},"product_brand":[],"product_cat":[1288,1292,1250],"product_tag":[],"jask_topic_categories":[1273,1681,1691,1700,1702,1703,1650,1704,1655,1656,1263,1672,1264,1673,1272,1675],"class_list":{"0":"post-11065","1":"product","2":"type-product","3":"status-publish","4":"has-post-thumbnail","6":"product_cat-plantilla-de-hoja","7":"product_cat-modulo-de-calculo","8":"product_cat-finanzas","9":"jask_topic_categories-medidas-inmediatas","10":"jask_topic_categories-control-y-gestion-de-riesgos","11":"jask_topic_categories-gestion-de-riesgos","12":"jask_topic_categories-gestion-de-ventas","13":"jask_topic_categories-comercializacion-y-distribucion","14":"jask_topic_categories-organizacion-de-ventas","15":"jask_topic_categories-optimizacion-de-costes-para-aumentar-los-beneficios","16":"jask_topic_categories-influencia-de-las-ventas-y-los-ingresos-en-los-beneficios","17":"jask_topic_categories-finanzas","18":"jask_topic_categories-gestion","19":"jask_topic_categories-aumento-del-rendimiento","20":"jask_topic_categories-fundacion","21":"jask_topic_categories-estabilizacion","22":"jask_topic_categories-crisis-y-rehabilitacion","23":"jask_topic_categories-crisis-aguda","24":"jask_topic_categories-concepto-de-reestructuracion-con-prevision-de-continuacion-segun-idw-s6","26":"first","27":"instock","28":"taxable","29":"shipping-taxable","30":"purchasable","31":"product-type-variable"},"yoast_head":"<!-- This site is optimized with the Yoast SEO plugin v27.4 - https:\/\/yoast.com\/product\/yoast-seo-wordpress\/ -->\n<title>Crear balance de liquidez y estado: Descargar ejemplo Excel - consultingcheck<\/title>\n<meta name=\"description\" content=\"Cree f\u00e1cilmente el estado de liquidez y el balance de liquidez: Le ofrecemos una muestra de Excel para descargar. \u00a1Desc\u00e1rguela ahora!\" \/>\n<meta name=\"robots\" content=\"index, follow, max-snippet:-1, max-image-preview:large, max-video-preview:-1\" \/>\n<link rel=\"canonical\" href=\"https:\/\/www.consultingcheck.com\/es\/ressource\/estado-de-liquidez-y-balance\/\" \/>\n<meta property=\"og:locale\" content=\"es_ES\" \/>\n<meta property=\"og:type\" content=\"article\" \/>\n<meta property=\"og:title\" content=\"Crear balance de liquidez y estado: Descargar ejemplo Excel - consultingcheck\" \/>\n<meta property=\"og:description\" content=\"Cree f\u00e1cilmente el estado de liquidez y el balance de liquidez: Le ofrecemos una muestra de Excel para descargar. \u00a1Desc\u00e1rguela ahora!\" \/>\n<meta property=\"og:url\" content=\"https:\/\/www.consultingcheck.com\/es\/ressource\/estado-de-liquidez-y-balance\/\" \/>\n<meta property=\"og:site_name\" content=\"consultingcheck\" \/>\n<meta property=\"article:modified_time\" content=\"2023-08-25T11:16:35+00:00\" \/>\n<meta property=\"og:image\" content=\"https:\/\/www.consultingcheck.com\/wp-content\/uploads\/2022\/01\/Liquiditaetsstatus-bilanz_18012022.png\" \/>\n\t<meta property=\"og:image:width\" content=\"1007\" \/>\n\t<meta property=\"og:image:height\" content=\"550\" \/>\n\t<meta property=\"og:image:type\" content=\"image\/png\" \/>\n<meta name=\"twitter:card\" content=\"summary_large_image\" \/>\n<meta name=\"twitter:label1\" content=\"Tiempo de lectura\" \/>\n\t<meta name=\"twitter:data1\" content=\"2 minutos\" \/>\n<script type=\"application\/ld+json\" class=\"yoast-schema-graph\">{\"@context\":\"https:\\\/\\\/schema.org\",\"@graph\":[{\"@type\":\"WebPage\",\"@id\":\"https:\\\/\\\/www.consultingcheck.com\\\/es\\\/ressource\\\/estado-de-liquidez-y-balance\\\/\",\"url\":\"https:\\\/\\\/www.consultingcheck.com\\\/es\\\/ressource\\\/estado-de-liquidez-y-balance\\\/\",\"name\":\"Crear balance de liquidez y estado: Descargar ejemplo Excel - consultingcheck\",\"isPartOf\":{\"@id\":\"https:\\\/\\\/www.consultingcheck.com\\\/es\\\/#website\"},\"primaryImageOfPage\":{\"@id\":\"https:\\\/\\\/www.consultingcheck.com\\\/es\\\/ressource\\\/estado-de-liquidez-y-balance\\\/#primaryimage\"},\"image\":{\"@id\":\"https:\\\/\\\/www.consultingcheck.com\\\/es\\\/ressource\\\/estado-de-liquidez-y-balance\\\/#primaryimage\"},\"thumbnailUrl\":\"https:\\\/\\\/www.consultingcheck.com\\\/wp-content\\\/uploads\\\/2024\\\/06\\\/estado-de-liquidez-y-balance.jpg\",\"datePublished\":\"2022-11-05T11:09:35+00:00\",\"dateModified\":\"2023-08-25T11:16:35+00:00\",\"description\":\"Cree f\u00e1cilmente el estado de liquidez y el balance de liquidez: Le ofrecemos una muestra de Excel para descargar. \u00a1Desc\u00e1rguela ahora!\",\"breadcrumb\":{\"@id\":\"https:\\\/\\\/www.consultingcheck.com\\\/es\\\/ressource\\\/estado-de-liquidez-y-balance\\\/#breadcrumb\"},\"inLanguage\":\"es\",\"potentialAction\":[{\"@type\":\"ReadAction\",\"target\":[\"https:\\\/\\\/www.consultingcheck.com\\\/es\\\/ressource\\\/estado-de-liquidez-y-balance\\\/\"]}]},{\"@type\":\"ImageObject\",\"inLanguage\":\"es\",\"@id\":\"https:\\\/\\\/www.consultingcheck.com\\\/es\\\/ressource\\\/estado-de-liquidez-y-balance\\\/#primaryimage\",\"url\":\"https:\\\/\\\/www.consultingcheck.com\\\/wp-content\\\/uploads\\\/2024\\\/06\\\/estado-de-liquidez-y-balance.jpg\",\"contentUrl\":\"https:\\\/\\\/www.consultingcheck.com\\\/wp-content\\\/uploads\\\/2024\\\/06\\\/estado-de-liquidez-y-balance.jpg\",\"width\":1000,\"height\":679,\"caption\":\"Ein Screenshot der Excel f\u00fcr Liquidit\u00e4tsstatus und Liquidit\u00e4tsbilanz.\"},{\"@type\":\"BreadcrumbList\",\"@id\":\"https:\\\/\\\/www.consultingcheck.com\\\/es\\\/ressource\\\/estado-de-liquidez-y-balance\\\/#breadcrumb\",\"itemListElement\":[{\"@type\":\"ListItem\",\"position\":1,\"name\":\"Startseite\",\"item\":\"https:\\\/\\\/www.consultingcheck.com\\\/es\\\/\"},{\"@type\":\"ListItem\",\"position\":2,\"name\":\"Descargas, aplicaciones y productos\",\"item\":\"https:\\\/\\\/www.consultingcheck.com\\\/es\\\/herramientas\\\/descargas-aplicaciones-y-productos\\\/\"},{\"@type\":\"ListItem\",\"position\":3,\"name\":\"Estado de liquidez y balance de liquidez\"}]},{\"@type\":\"WebSite\",\"@id\":\"https:\\\/\\\/www.consultingcheck.com\\\/es\\\/#website\",\"url\":\"https:\\\/\\\/www.consultingcheck.com\\\/es\\\/\",\"name\":\"consultingcheck\",\"description\":\"Vernetzt gedacht. Entzaubert. Hands-on.\",\"potentialAction\":[{\"@type\":\"SearchAction\",\"target\":{\"@type\":\"EntryPoint\",\"urlTemplate\":\"https:\\\/\\\/www.consultingcheck.com\\\/es\\\/?s={search_term_string}\"},\"query-input\":{\"@type\":\"PropertyValueSpecification\",\"valueRequired\":true,\"valueName\":\"search_term_string\"}}],\"inLanguage\":\"es\"}]}<\/script>\n<!-- \/ Yoast SEO plugin. -->","yoast_head_json":{"title":"Crear balance de liquidez y estado: Descargar ejemplo Excel - consultingcheck","description":"Cree f\u00e1cilmente el estado de liquidez y el balance de liquidez: Le ofrecemos una muestra de Excel para descargar. \u00a1Desc\u00e1rguela ahora!","robots":{"index":"index","follow":"follow","max-snippet":"max-snippet:-1","max-image-preview":"max-image-preview:large","max-video-preview":"max-video-preview:-1"},"canonical":"https:\/\/www.consultingcheck.com\/es\/ressource\/estado-de-liquidez-y-balance\/","og_locale":"es_ES","og_type":"article","og_title":"Crear balance de liquidez y estado: Descargar ejemplo Excel - consultingcheck","og_description":"Cree f\u00e1cilmente el estado de liquidez y el balance de liquidez: Le ofrecemos una muestra de Excel para descargar. \u00a1Desc\u00e1rguela ahora!","og_url":"https:\/\/www.consultingcheck.com\/es\/ressource\/estado-de-liquidez-y-balance\/","og_site_name":"consultingcheck","article_modified_time":"2023-08-25T11:16:35+00:00","og_image":[{"width":1007,"height":550,"url":"https:\/\/www.consultingcheck.com\/wp-content\/uploads\/2022\/01\/Liquiditaetsstatus-bilanz_18012022.png","type":"image\/png"}],"twitter_card":"summary_large_image","twitter_misc":{"Tiempo de lectura":"2 minutos"},"schema":{"@context":"https:\/\/schema.org","@graph":[{"@type":"WebPage","@id":"https:\/\/www.consultingcheck.com\/es\/ressource\/estado-de-liquidez-y-balance\/","url":"https:\/\/www.consultingcheck.com\/es\/ressource\/estado-de-liquidez-y-balance\/","name":"Crear balance de liquidez y estado: Descargar ejemplo Excel - consultingcheck","isPartOf":{"@id":"https:\/\/www.consultingcheck.com\/es\/#website"},"primaryImageOfPage":{"@id":"https:\/\/www.consultingcheck.com\/es\/ressource\/estado-de-liquidez-y-balance\/#primaryimage"},"image":{"@id":"https:\/\/www.consultingcheck.com\/es\/ressource\/estado-de-liquidez-y-balance\/#primaryimage"},"thumbnailUrl":"https:\/\/www.consultingcheck.com\/wp-content\/uploads\/2024\/06\/estado-de-liquidez-y-balance.jpg","datePublished":"2022-11-05T11:09:35+00:00","dateModified":"2023-08-25T11:16:35+00:00","description":"Cree f\u00e1cilmente el estado de liquidez y el balance de liquidez: Le ofrecemos una muestra de Excel para descargar. \u00a1Desc\u00e1rguela ahora!","breadcrumb":{"@id":"https:\/\/www.consultingcheck.com\/es\/ressource\/estado-de-liquidez-y-balance\/#breadcrumb"},"inLanguage":"es","potentialAction":[{"@type":"ReadAction","target":["https:\/\/www.consultingcheck.com\/es\/ressource\/estado-de-liquidez-y-balance\/"]}]},{"@type":"ImageObject","inLanguage":"es","@id":"https:\/\/www.consultingcheck.com\/es\/ressource\/estado-de-liquidez-y-balance\/#primaryimage","url":"https:\/\/www.consultingcheck.com\/wp-content\/uploads\/2024\/06\/estado-de-liquidez-y-balance.jpg","contentUrl":"https:\/\/www.consultingcheck.com\/wp-content\/uploads\/2024\/06\/estado-de-liquidez-y-balance.jpg","width":1000,"height":679,"caption":"Ein Screenshot der Excel f\u00fcr Liquidit\u00e4tsstatus und Liquidit\u00e4tsbilanz."},{"@type":"BreadcrumbList","@id":"https:\/\/www.consultingcheck.com\/es\/ressource\/estado-de-liquidez-y-balance\/#breadcrumb","itemListElement":[{"@type":"ListItem","position":1,"name":"Startseite","item":"https:\/\/www.consultingcheck.com\/es\/"},{"@type":"ListItem","position":2,"name":"Descargas, aplicaciones y productos","item":"https:\/\/www.consultingcheck.com\/es\/herramientas\/descargas-aplicaciones-y-productos\/"},{"@type":"ListItem","position":3,"name":"Estado de liquidez y balance de liquidez"}]},{"@type":"WebSite","@id":"https:\/\/www.consultingcheck.com\/es\/#website","url":"https:\/\/www.consultingcheck.com\/es\/","name":"consultingcheck","description":"Vernetzt gedacht. Entzaubert. Hands-on.","potentialAction":[{"@type":"SearchAction","target":{"@type":"EntryPoint","urlTemplate":"https:\/\/www.consultingcheck.com\/es\/?s={search_term_string}"},"query-input":{"@type":"PropertyValueSpecification","valueRequired":true,"valueName":"search_term_string"}}],"inLanguage":"es"}]}},"_links":{"self":[{"href":"https:\/\/www.consultingcheck.com\/es\/wp-json\/wp\/v2\/product\/11065","targetHints":{"allow":["GET"]}}],"collection":[{"href":"https:\/\/www.consultingcheck.com\/es\/wp-json\/wp\/v2\/product"}],"about":[{"href":"https:\/\/www.consultingcheck.com\/es\/wp-json\/wp\/v2\/types\/product"}],"wp:featuredmedia":[{"embeddable":true,"href":"https:\/\/www.consultingcheck.com\/es\/wp-json\/wp\/v2\/media\/20044"}],"wp:attachment":[{"href":"https:\/\/www.consultingcheck.com\/es\/wp-json\/wp\/v2\/media?parent=11065"}],"wp:term":[{"taxonomy":"product_brand","embeddable":true,"href":"https:\/\/www.consultingcheck.com\/es\/wp-json\/wp\/v2\/product_brand?post=11065"},{"taxonomy":"product_cat","embeddable":true,"href":"https:\/\/www.consultingcheck.com\/es\/wp-json\/wp\/v2\/product_cat?post=11065"},{"taxonomy":"product_tag","embeddable":true,"href":"https:\/\/www.consultingcheck.com\/es\/wp-json\/wp\/v2\/product_tag?post=11065"},{"taxonomy":"jask_topic_categories","embeddable":true,"href":"https:\/\/www.consultingcheck.com\/es\/wp-json\/wp\/v2\/jask_topic_categories?post=11065"}],"curies":[{"name":"wp","href":"https:\/\/api.w.org\/{rel}","templated":true}]}}