{"id":11064,"date":"2021-11-26T14:26:05","date_gmt":"2022-11-05T11:05:27","guid":{"rendered":"https:\/\/www.consultingcheck.com\/ressource\/suscripcion-basica\/"},"modified":"2022-11-05T12:05:27","modified_gmt":"2022-11-05T11:05:27","slug":"suscripcion-basica","status":"publish","type":"product","link":"https:\/\/www.consultingcheck.com\/es\/ressource\/suscripcion-basica\/","title":{"rendered":"Suscripci\u00f3n b\u00e1sica"},"content":{"rendered":"<p>El perfil b\u00e1sico es su introducci\u00f3n rentable a la publicidad contextual y dirigida en consultingcheck. Los usuarios le encontrar\u00e1n en los temas exactos que les interesan. Si tiene un enfoque de rendimiento muy adaptado, el Perfil B\u00e1sico es para usted. El perfil de los especialistas<\/p>\n<ul>\n<li> <strong>Perfil b\u00e1sico<\/strong>\n<ul>\n<li>Su nombre\/su empresa<\/li>\n<li>logo en blanco y negro<\/li>\n<li>Descripci\u00f3n distintiva de su servicio (140 caracteres)<\/li>\n<li>Contacto telef\u00f3nico<\/li>\n<li>Contacto por correo electr\u00f3nico<\/li>\n<li>Enlace a su sitio web<\/li>\n<\/ul>\n<\/li>\n<\/ul>\n<ul>\n<li>Aparece hasta en 5 temas<\/li>\n<\/ul>\n<p>25 EUR\/mes<br \/>\nPlazo: 12 meses, cancelable hasta 1 mes antes del final del plazo actual<\/p>\n<p>Los tres primeros meses son gratuitos<\/p>\n","protected":false},"excerpt":{"rendered":"<p>El perfil b\u00e1sico es su introducci\u00f3n rentable a la publicidad contextual y dirigida en consultingcheck. Los usuarios le encontrar\u00e1n en los temas exactos que les interesan. Si tiene un enfoque de rendimiento muy adaptado, el Perfil B\u00e1sico es para usted. El perfil de los especialistas Perfil b\u00e1sico Su nombre\/su empresa logo en blanco y negro <a href=\"https:\/\/www.consultingcheck.com\/es\/ressource\/suscripcion-basica\/\" class=\"more-link\">&#8230;<\/a><\/p>\n","protected":false},"featured_media":0,"template":"","meta":{"_links_to":"","_links_to_target":""},"product_brand":[],"product_cat":[1294],"product_tag":[],"jask_topic_categories":[],"class_list":{"0":"post-11064","1":"product","2":"type-product","3":"status-publish","5":"product_cat-afiliaciones","7":"first","8":"instock","9":"downloadable","10":"virtual","11":"sold-individually","12":"taxable","13":"purchasable","14":"product-type-simple"},"yoast_head":"<!-- This site is optimized with the Yoast SEO plugin v27.4 - https:\/\/yoast.com\/product\/yoast-seo-wordpress\/ -->\n<title>Suscripci\u00f3n b\u00e1sica - consultingcheck<\/title>\n<meta name=\"robots\" content=\"index, follow, max-snippet:-1, max-image-preview:large, max-video-preview:-1\" \/>\n<link rel=\"canonical\" href=\"https:\/\/www.consultingcheck.com\/es\/ressource\/suscripcion-basica\/\" \/>\n<meta property=\"og:locale\" content=\"es_ES\" \/>\n<meta property=\"og:type\" content=\"article\" \/>\n<meta property=\"og:title\" content=\"Suscripci\u00f3n b\u00e1sica - consultingcheck\" \/>\n<meta property=\"og:description\" content=\"El perfil b\u00e1sico es su introducci\u00f3n rentable a la publicidad contextual y dirigida en consultingcheck. Los usuarios le encontrar\u00e1n en los temas exactos que les interesan. Si tiene un enfoque de rendimiento muy adaptado, el Perfil B\u00e1sico es para usted. El perfil de los especialistas Perfil b\u00e1sico Su nombre\/su empresa logo en blanco y negro ...\" \/>\n<meta property=\"og:url\" content=\"https:\/\/www.consultingcheck.com\/es\/ressource\/suscripcion-basica\/\" \/>\n<meta property=\"og:site_name\" content=\"consultingcheck\" \/>\n<meta name=\"twitter:card\" content=\"summary_large_image\" \/>\n<meta name=\"twitter:label1\" content=\"Tiempo de lectura\" \/>\n\t<meta name=\"twitter:data1\" content=\"1 minuto\" \/>\n<script type=\"application\/ld+json\" class=\"yoast-schema-graph\">{\"@context\":\"https:\\\/\\\/schema.org\",\"@graph\":[{\"@type\":\"WebPage\",\"@id\":\"https:\\\/\\\/www.consultingcheck.com\\\/es\\\/ressource\\\/suscripcion-basica\\\/\",\"url\":\"https:\\\/\\\/www.consultingcheck.com\\\/es\\\/ressource\\\/suscripcion-basica\\\/\",\"name\":\"Suscripci\u00f3n b\u00e1sica - consultingcheck\",\"isPartOf\":{\"@id\":\"https:\\\/\\\/www.consultingcheck.com\\\/es\\\/#website\"},\"datePublished\":\"2022-11-05T11:05:27+00:00\",\"breadcrumb\":{\"@id\":\"https:\\\/\\\/www.consultingcheck.com\\\/es\\\/ressource\\\/suscripcion-basica\\\/#breadcrumb\"},\"inLanguage\":\"es\",\"potentialAction\":[{\"@type\":\"ReadAction\",\"target\":[\"https:\\\/\\\/www.consultingcheck.com\\\/es\\\/ressource\\\/suscripcion-basica\\\/\"]}]},{\"@type\":\"BreadcrumbList\",\"@id\":\"https:\\\/\\\/www.consultingcheck.com\\\/es\\\/ressource\\\/suscripcion-basica\\\/#breadcrumb\",\"itemListElement\":[{\"@type\":\"ListItem\",\"position\":1,\"name\":\"Startseite\",\"item\":\"https:\\\/\\\/www.consultingcheck.com\\\/es\\\/\"},{\"@type\":\"ListItem\",\"position\":2,\"name\":\"Descargas, aplicaciones y productos\",\"item\":\"https:\\\/\\\/www.consultingcheck.com\\\/es\\\/herramientas\\\/descargas-aplicaciones-y-productos\\\/\"},{\"@type\":\"ListItem\",\"position\":3,\"name\":\"Suscripci\u00f3n b\u00e1sica\"}]},{\"@type\":\"WebSite\",\"@id\":\"https:\\\/\\\/www.consultingcheck.com\\\/es\\\/#website\",\"url\":\"https:\\\/\\\/www.consultingcheck.com\\\/es\\\/\",\"name\":\"consultingcheck\",\"description\":\"Vernetzt gedacht. Entzaubert. Hands-on.\",\"potentialAction\":[{\"@type\":\"SearchAction\",\"target\":{\"@type\":\"EntryPoint\",\"urlTemplate\":\"https:\\\/\\\/www.consultingcheck.com\\\/es\\\/?s={search_term_string}\"},\"query-input\":{\"@type\":\"PropertyValueSpecification\",\"valueRequired\":true,\"valueName\":\"search_term_string\"}}],\"inLanguage\":\"es\"}]}<\/script>\n<!-- \/ Yoast SEO plugin. -->","yoast_head_json":{"title":"Suscripci\u00f3n b\u00e1sica - consultingcheck","robots":{"index":"index","follow":"follow","max-snippet":"max-snippet:-1","max-image-preview":"max-image-preview:large","max-video-preview":"max-video-preview:-1"},"canonical":"https:\/\/www.consultingcheck.com\/es\/ressource\/suscripcion-basica\/","og_locale":"es_ES","og_type":"article","og_title":"Suscripci\u00f3n b\u00e1sica - consultingcheck","og_description":"El perfil b\u00e1sico es su introducci\u00f3n rentable a la publicidad contextual y dirigida en consultingcheck. Los usuarios le encontrar\u00e1n en los temas exactos que les interesan. Si tiene un enfoque de rendimiento muy adaptado, el Perfil B\u00e1sico es para usted. El perfil de los especialistas Perfil b\u00e1sico Su nombre\/su empresa logo en blanco y negro ...","og_url":"https:\/\/www.consultingcheck.com\/es\/ressource\/suscripcion-basica\/","og_site_name":"consultingcheck","twitter_card":"summary_large_image","twitter_misc":{"Tiempo de lectura":"1 minuto"},"schema":{"@context":"https:\/\/schema.org","@graph":[{"@type":"WebPage","@id":"https:\/\/www.consultingcheck.com\/es\/ressource\/suscripcion-basica\/","url":"https:\/\/www.consultingcheck.com\/es\/ressource\/suscripcion-basica\/","name":"Suscripci\u00f3n b\u00e1sica - consultingcheck","isPartOf":{"@id":"https:\/\/www.consultingcheck.com\/es\/#website"},"datePublished":"2022-11-05T11:05:27+00:00","breadcrumb":{"@id":"https:\/\/www.consultingcheck.com\/es\/ressource\/suscripcion-basica\/#breadcrumb"},"inLanguage":"es","potentialAction":[{"@type":"ReadAction","target":["https:\/\/www.consultingcheck.com\/es\/ressource\/suscripcion-basica\/"]}]},{"@type":"BreadcrumbList","@id":"https:\/\/www.consultingcheck.com\/es\/ressource\/suscripcion-basica\/#breadcrumb","itemListElement":[{"@type":"ListItem","position":1,"name":"Startseite","item":"https:\/\/www.consultingcheck.com\/es\/"},{"@type":"ListItem","position":2,"name":"Descargas, aplicaciones y productos","item":"https:\/\/www.consultingcheck.com\/es\/herramientas\/descargas-aplicaciones-y-productos\/"},{"@type":"ListItem","position":3,"name":"Suscripci\u00f3n b\u00e1sica"}]},{"@type":"WebSite","@id":"https:\/\/www.consultingcheck.com\/es\/#website","url":"https:\/\/www.consultingcheck.com\/es\/","name":"consultingcheck","description":"Vernetzt gedacht. Entzaubert. Hands-on.","potentialAction":[{"@type":"SearchAction","target":{"@type":"EntryPoint","urlTemplate":"https:\/\/www.consultingcheck.com\/es\/?s={search_term_string}"},"query-input":{"@type":"PropertyValueSpecification","valueRequired":true,"valueName":"search_term_string"}}],"inLanguage":"es"}]}},"_links":{"self":[{"href":"https:\/\/www.consultingcheck.com\/es\/wp-json\/wp\/v2\/product\/11064","targetHints":{"allow":["GET"]}}],"collection":[{"href":"https:\/\/www.consultingcheck.com\/es\/wp-json\/wp\/v2\/product"}],"about":[{"href":"https:\/\/www.consultingcheck.com\/es\/wp-json\/wp\/v2\/types\/product"}],"wp:attachment":[{"href":"https:\/\/www.consultingcheck.com\/es\/wp-json\/wp\/v2\/media?parent=11064"}],"wp:term":[{"taxonomy":"product_brand","embeddable":true,"href":"https:\/\/www.consultingcheck.com\/es\/wp-json\/wp\/v2\/product_brand?post=11064"},{"taxonomy":"product_cat","embeddable":true,"href":"https:\/\/www.consultingcheck.com\/es\/wp-json\/wp\/v2\/product_cat?post=11064"},{"taxonomy":"product_tag","embeddable":true,"href":"https:\/\/www.consultingcheck.com\/es\/wp-json\/wp\/v2\/product_tag?post=11064"},{"taxonomy":"jask_topic_categories","embeddable":true,"href":"https:\/\/www.consultingcheck.com\/es\/wp-json\/wp\/v2\/jask_topic_categories?post=11064"}],"curies":[{"name":"wp","href":"https:\/\/api.w.org\/{rel}","templated":true}]}}