{"id":11062,"date":"2021-11-26T14:39:59","date_gmt":"2022-11-05T11:04:24","guid":{"rendered":"https:\/\/www.consultingcheck.com\/ressource\/suscripcion-premium\/"},"modified":"2022-11-05T12:04:24","modified_gmt":"2022-11-05T11:04:24","slug":"suscripcion-premium","status":"publish","type":"product","link":"https:\/\/www.consultingcheck.com\/es\/ressource\/suscripcion-premium\/","title":{"rendered":"Suscripci\u00f3n Premium"},"content":{"rendered":"<p>Un perfil premium en consultingcheck es la forma m\u00e1s eficaz de llamar la atenci\u00f3n sobre tus servicios. Destaca con su perfil coloreado y est\u00e9n presente con un enlace a su p\u00e1gina web exactamente donde los usuarios que necesitan su servicio en ese momento obtienen su informaci\u00f3n. Su perfil aparece con una descripci\u00f3n detallada de su oferta, que puede asignar a diferentes temas. De este modo, se le encontrar\u00e1 hasta en 10 lugares.<\/p>\n<ul>\n<li> <strong>Perfil Premium<\/strong>\n<ul>\n<li>Su nombre\/su empresa<\/li>\n<li>Logotipo en color<\/li>\n<li>Descripci\u00f3n detallada de su servicio (250 caracteres)<\/li>\n<li>Contacto telef\u00f3nico<\/li>\n<li>Contacto por correo electr\u00f3nico<\/li>\n<li>Enlace a su sitio web<\/li>\n<\/ul>\n<\/li>\n<li>Aparece en hasta 10 temas<\/li>\n<\/ul>\n<p>49 EUR \/ mes<br \/>\nPlazo: 12 meses, cancelable hasta 1 mes antes del final del plazo actual<\/p>\n<p>Los tres primeros meses son gratuitos<\/p>\n","protected":false},"excerpt":{"rendered":"<p>Un perfil premium en consultingcheck es la forma m\u00e1s eficaz de llamar la atenci\u00f3n sobre tus servicios. Destaca con su perfil coloreado y est\u00e9n presente con un enlace a su p\u00e1gina web exactamente donde los usuarios que necesitan su servicio en ese momento obtienen su informaci\u00f3n. Su perfil aparece con una descripci\u00f3n detallada de su <a href=\"https:\/\/www.consultingcheck.com\/es\/ressource\/suscripcion-premium\/\" class=\"more-link\">&#8230;<\/a><\/p>\n","protected":false},"featured_media":0,"template":"","meta":{"_links_to":"","_links_to_target":""},"product_brand":[],"product_cat":[1294],"product_tag":[],"jask_topic_categories":[],"class_list":{"0":"post-11062","1":"product","2":"type-product","3":"status-publish","5":"product_cat-afiliaciones","7":"first","8":"instock","9":"downloadable","10":"virtual","11":"sold-individually","12":"taxable","13":"purchasable","14":"product-type-simple"},"yoast_head":"<!-- This site is optimized with the Yoast SEO plugin v27.4 - https:\/\/yoast.com\/product\/yoast-seo-wordpress\/ -->\n<title>Suscripci\u00f3n Premium - consultingcheck<\/title>\n<meta name=\"robots\" content=\"index, follow, max-snippet:-1, max-image-preview:large, max-video-preview:-1\" \/>\n<link rel=\"canonical\" href=\"https:\/\/www.consultingcheck.com\/es\/ressource\/suscripcion-premium\/\" \/>\n<meta property=\"og:locale\" content=\"es_ES\" \/>\n<meta property=\"og:type\" content=\"article\" \/>\n<meta property=\"og:title\" content=\"Suscripci\u00f3n Premium - consultingcheck\" \/>\n<meta property=\"og:description\" content=\"Un perfil premium en consultingcheck es la forma m\u00e1s eficaz de llamar la atenci\u00f3n sobre tus servicios. Destaca con su perfil coloreado y est\u00e9n presente con un enlace a su p\u00e1gina web exactamente donde los usuarios que necesitan su servicio en ese momento obtienen su informaci\u00f3n. Su perfil aparece con una descripci\u00f3n detallada de su ...\" \/>\n<meta property=\"og:url\" content=\"https:\/\/www.consultingcheck.com\/es\/ressource\/suscripcion-premium\/\" \/>\n<meta property=\"og:site_name\" content=\"consultingcheck\" \/>\n<meta name=\"twitter:card\" content=\"summary_large_image\" \/>\n<meta name=\"twitter:label1\" content=\"Tiempo de lectura\" \/>\n\t<meta name=\"twitter:data1\" content=\"1 minuto\" \/>\n<script type=\"application\/ld+json\" class=\"yoast-schema-graph\">{\"@context\":\"https:\\\/\\\/schema.org\",\"@graph\":[{\"@type\":\"WebPage\",\"@id\":\"https:\\\/\\\/www.consultingcheck.com\\\/es\\\/ressource\\\/suscripcion-premium\\\/\",\"url\":\"https:\\\/\\\/www.consultingcheck.com\\\/es\\\/ressource\\\/suscripcion-premium\\\/\",\"name\":\"Suscripci\u00f3n Premium - consultingcheck\",\"isPartOf\":{\"@id\":\"https:\\\/\\\/www.consultingcheck.com\\\/es\\\/#website\"},\"datePublished\":\"2022-11-05T11:04:24+00:00\",\"breadcrumb\":{\"@id\":\"https:\\\/\\\/www.consultingcheck.com\\\/es\\\/ressource\\\/suscripcion-premium\\\/#breadcrumb\"},\"inLanguage\":\"es\",\"potentialAction\":[{\"@type\":\"ReadAction\",\"target\":[\"https:\\\/\\\/www.consultingcheck.com\\\/es\\\/ressource\\\/suscripcion-premium\\\/\"]}]},{\"@type\":\"BreadcrumbList\",\"@id\":\"https:\\\/\\\/www.consultingcheck.com\\\/es\\\/ressource\\\/suscripcion-premium\\\/#breadcrumb\",\"itemListElement\":[{\"@type\":\"ListItem\",\"position\":1,\"name\":\"Startseite\",\"item\":\"https:\\\/\\\/www.consultingcheck.com\\\/es\\\/\"},{\"@type\":\"ListItem\",\"position\":2,\"name\":\"Descargas, aplicaciones y productos\",\"item\":\"https:\\\/\\\/www.consultingcheck.com\\\/es\\\/herramientas\\\/descargas-aplicaciones-y-productos\\\/\"},{\"@type\":\"ListItem\",\"position\":3,\"name\":\"Suscripci\u00f3n Premium\"}]},{\"@type\":\"WebSite\",\"@id\":\"https:\\\/\\\/www.consultingcheck.com\\\/es\\\/#website\",\"url\":\"https:\\\/\\\/www.consultingcheck.com\\\/es\\\/\",\"name\":\"consultingcheck\",\"description\":\"Vernetzt gedacht. Entzaubert. Hands-on.\",\"potentialAction\":[{\"@type\":\"SearchAction\",\"target\":{\"@type\":\"EntryPoint\",\"urlTemplate\":\"https:\\\/\\\/www.consultingcheck.com\\\/es\\\/?s={search_term_string}\"},\"query-input\":{\"@type\":\"PropertyValueSpecification\",\"valueRequired\":true,\"valueName\":\"search_term_string\"}}],\"inLanguage\":\"es\"}]}<\/script>\n<!-- \/ Yoast SEO plugin. -->","yoast_head_json":{"title":"Suscripci\u00f3n Premium - consultingcheck","robots":{"index":"index","follow":"follow","max-snippet":"max-snippet:-1","max-image-preview":"max-image-preview:large","max-video-preview":"max-video-preview:-1"},"canonical":"https:\/\/www.consultingcheck.com\/es\/ressource\/suscripcion-premium\/","og_locale":"es_ES","og_type":"article","og_title":"Suscripci\u00f3n Premium - consultingcheck","og_description":"Un perfil premium en consultingcheck es la forma m\u00e1s eficaz de llamar la atenci\u00f3n sobre tus servicios. Destaca con su perfil coloreado y est\u00e9n presente con un enlace a su p\u00e1gina web exactamente donde los usuarios que necesitan su servicio en ese momento obtienen su informaci\u00f3n. Su perfil aparece con una descripci\u00f3n detallada de su ...","og_url":"https:\/\/www.consultingcheck.com\/es\/ressource\/suscripcion-premium\/","og_site_name":"consultingcheck","twitter_card":"summary_large_image","twitter_misc":{"Tiempo de lectura":"1 minuto"},"schema":{"@context":"https:\/\/schema.org","@graph":[{"@type":"WebPage","@id":"https:\/\/www.consultingcheck.com\/es\/ressource\/suscripcion-premium\/","url":"https:\/\/www.consultingcheck.com\/es\/ressource\/suscripcion-premium\/","name":"Suscripci\u00f3n Premium - consultingcheck","isPartOf":{"@id":"https:\/\/www.consultingcheck.com\/es\/#website"},"datePublished":"2022-11-05T11:04:24+00:00","breadcrumb":{"@id":"https:\/\/www.consultingcheck.com\/es\/ressource\/suscripcion-premium\/#breadcrumb"},"inLanguage":"es","potentialAction":[{"@type":"ReadAction","target":["https:\/\/www.consultingcheck.com\/es\/ressource\/suscripcion-premium\/"]}]},{"@type":"BreadcrumbList","@id":"https:\/\/www.consultingcheck.com\/es\/ressource\/suscripcion-premium\/#breadcrumb","itemListElement":[{"@type":"ListItem","position":1,"name":"Startseite","item":"https:\/\/www.consultingcheck.com\/es\/"},{"@type":"ListItem","position":2,"name":"Descargas, aplicaciones y productos","item":"https:\/\/www.consultingcheck.com\/es\/herramientas\/descargas-aplicaciones-y-productos\/"},{"@type":"ListItem","position":3,"name":"Suscripci\u00f3n Premium"}]},{"@type":"WebSite","@id":"https:\/\/www.consultingcheck.com\/es\/#website","url":"https:\/\/www.consultingcheck.com\/es\/","name":"consultingcheck","description":"Vernetzt gedacht. Entzaubert. Hands-on.","potentialAction":[{"@type":"SearchAction","target":{"@type":"EntryPoint","urlTemplate":"https:\/\/www.consultingcheck.com\/es\/?s={search_term_string}"},"query-input":{"@type":"PropertyValueSpecification","valueRequired":true,"valueName":"search_term_string"}}],"inLanguage":"es"}]}},"_links":{"self":[{"href":"https:\/\/www.consultingcheck.com\/es\/wp-json\/wp\/v2\/product\/11062","targetHints":{"allow":["GET"]}}],"collection":[{"href":"https:\/\/www.consultingcheck.com\/es\/wp-json\/wp\/v2\/product"}],"about":[{"href":"https:\/\/www.consultingcheck.com\/es\/wp-json\/wp\/v2\/types\/product"}],"wp:attachment":[{"href":"https:\/\/www.consultingcheck.com\/es\/wp-json\/wp\/v2\/media?parent=11062"}],"wp:term":[{"taxonomy":"product_brand","embeddable":true,"href":"https:\/\/www.consultingcheck.com\/es\/wp-json\/wp\/v2\/product_brand?post=11062"},{"taxonomy":"product_cat","embeddable":true,"href":"https:\/\/www.consultingcheck.com\/es\/wp-json\/wp\/v2\/product_cat?post=11062"},{"taxonomy":"product_tag","embeddable":true,"href":"https:\/\/www.consultingcheck.com\/es\/wp-json\/wp\/v2\/product_tag?post=11062"},{"taxonomy":"jask_topic_categories","embeddable":true,"href":"https:\/\/www.consultingcheck.com\/es\/wp-json\/wp\/v2\/jask_topic_categories?post=11062"}],"curies":[{"name":"wp","href":"https:\/\/api.w.org\/{rel}","templated":true}]}}