{"id":11059,"date":"2021-11-09T00:49:57","date_gmt":"2022-11-05T11:02:54","guid":{"rendered":"https:\/\/www.consultingcheck.com\/ressource\/lista-de-comprobacion-para-crear-una-empresa\/"},"modified":"2023-08-14T15:14:21","modified_gmt":"2023-08-14T13:14:21","slug":"formacion-de-empresas","status":"publish","type":"product","link":"https:\/\/www.consultingcheck.com\/es\/ressource\/formacion-de-empresas\/","title":{"rendered":"Lista de comprobaci\u00f3n para crear una empresa"},"content":{"rendered":"<h2><strong>Como fundador, se le plantear\u00e1n muchas exigencias muy diferentes. Aqu\u00ed encontrar\u00e1 informaci\u00f3n \u00fatil y aplicaciones que le ayudar\u00e1n y aliviar\u00e1n.<\/strong><\/h2>\n<h3>Contenido<\/h3>\n<p>Esta lista de comprobaci\u00f3n para crear una empresa le ofrece a usted, como fundador, cierta orientaci\u00f3n. Se basa en los requisitos de los bancos comerciales y del KfW Bankengruppe y le plantea cuestiones importantes antes de la puesta en marcha (por ejemplo, sobre el perfil del fundador, la situaci\u00f3n competitiva o la ubicaci\u00f3n).<\/p>\n<p>&nbsp;<\/p>\n<h3>Ventajas<\/h3>\n<ul>\n<li>La lista de control elaborada a partir de la experiencia pr\u00e1ctica le sirve de orientaci\u00f3n.<\/li>\n<li>El uso de la lista de comprobaci\u00f3n consolidar\u00e1 o disolver\u00e1 su decisi\u00f3n de crear una empresa. Ambos resultados ser\u00edan un beneficio para usted.<\/li>\n<li>La lista de control le ofrece informaci\u00f3n sobre todos los aspectos relacionados con la creaci\u00f3n de una empresa.<\/li>\n<\/ul>\n<p><strong> <\/strong><\/p>\n<h3>Descarga digital<\/h3>\n<p>Tras el pedido, recibir\u00e1 un enlace de descarga de la lista de control, que podr\u00e1 realizar inmediatamente. Puede descargar la lista de comprobaci\u00f3n tantas veces como quiera.<\/p>\n<p>Tenga en cuenta que esta lista de control a la que est\u00e1 comprando acceso es para su uso personal. Queda prohibida la reventa de las diapositivas en cualquier forma y de manera digital o f\u00edsica o su publicaci\u00f3n en cualquier publicaci\u00f3n f\u00edsica o en l\u00ednea sin mi permiso. Soy el \u00fanico titular de los derechos de autor de este archivo.<\/p>\n<p>Enlace para descargar: MS Word<\/p>\n<p>&nbsp;<\/p>\n","protected":false},"excerpt":{"rendered":"<h2><strong>Como fundador, aproveche la orientaci\u00f3n que le ofrece esta lista de comprobaci\u00f3n para crear una empresa.<\/strong><\/h2>\n","protected":false},"featured_media":0,"template":"","meta":{"_links_to":"","_links_to_target":""},"product_brand":[],"product_cat":[1251,1286],"product_tag":[],"jask_topic_categories":[1648,1671,1672,1679,1699,1264,1706,1265],"class_list":{"0":"post-11059","1":"product","2":"type-product","3":"status-publish","5":"product_cat-creacion-de-una-empresa","6":"product_cat-lista-de-verificacion","7":"jask_topic_categories-rendimiento","8":"jask_topic_categories-preguntas-basicas","9":"jask_topic_categories-fundacion","10":"jask_topic_categories-desarrollo-de-productos","11":"jask_topic_categories-distribucion","12":"jask_topic_categories-estabilizacion","13":"jask_topic_categories-buscar-perfil-de-candidatos","14":"jask_topic_categories-liderazgo","16":"first","17":"instock","18":"sold-individually","19":"taxable","20":"shipping-taxable","21":"purchasable","22":"product-type-variable"},"yoast_head":"<!-- This site is optimized with the Yoast SEO plugin v27.3 - https:\/\/yoast.com\/product\/yoast-seo-wordpress\/ -->\n<title>Lista de comprobaci\u00f3n para crear una empresa - consultingcheck<\/title>\n<meta name=\"robots\" content=\"index, follow, max-snippet:-1, max-image-preview:large, max-video-preview:-1\" \/>\n<link rel=\"canonical\" href=\"https:\/\/www.consultingcheck.com\/es\/ressource\/formacion-de-empresas\/\" \/>\n<meta property=\"og:locale\" content=\"es_ES\" \/>\n<meta property=\"og:type\" content=\"article\" \/>\n<meta property=\"og:title\" content=\"Lista de comprobaci\u00f3n para crear una empresa - consultingcheck\" \/>\n<meta property=\"og:description\" content=\"Como fundador, aproveche la orientaci\u00f3n que le ofrece esta lista de comprobaci\u00f3n para crear una empresa.\" \/>\n<meta property=\"og:url\" content=\"https:\/\/www.consultingcheck.com\/es\/ressource\/formacion-de-empresas\/\" \/>\n<meta property=\"og:site_name\" content=\"consultingcheck\" \/>\n<meta property=\"article:modified_time\" content=\"2023-08-14T13:14:21+00:00\" \/>\n<meta name=\"twitter:card\" content=\"summary_large_image\" \/>\n<meta name=\"twitter:label1\" content=\"Tiempo de lectura\" \/>\n\t<meta name=\"twitter:data1\" content=\"1 minuto\" \/>\n<script type=\"application\/ld+json\" class=\"yoast-schema-graph\">{\"@context\":\"https:\\\/\\\/schema.org\",\"@graph\":[{\"@type\":\"WebPage\",\"@id\":\"https:\\\/\\\/www.consultingcheck.com\\\/es\\\/ressource\\\/formacion-de-empresas\\\/\",\"url\":\"https:\\\/\\\/www.consultingcheck.com\\\/es\\\/ressource\\\/formacion-de-empresas\\\/\",\"name\":\"Lista de comprobaci\u00f3n para crear una empresa - consultingcheck\",\"isPartOf\":{\"@id\":\"https:\\\/\\\/www.consultingcheck.com\\\/es\\\/#website\"},\"datePublished\":\"2022-11-05T11:02:54+00:00\",\"dateModified\":\"2023-08-14T13:14:21+00:00\",\"breadcrumb\":{\"@id\":\"https:\\\/\\\/www.consultingcheck.com\\\/es\\\/ressource\\\/formacion-de-empresas\\\/#breadcrumb\"},\"inLanguage\":\"es\",\"potentialAction\":[{\"@type\":\"ReadAction\",\"target\":[\"https:\\\/\\\/www.consultingcheck.com\\\/es\\\/ressource\\\/formacion-de-empresas\\\/\"]}]},{\"@type\":\"BreadcrumbList\",\"@id\":\"https:\\\/\\\/www.consultingcheck.com\\\/es\\\/ressource\\\/formacion-de-empresas\\\/#breadcrumb\",\"itemListElement\":[{\"@type\":\"ListItem\",\"position\":1,\"name\":\"Startseite\",\"item\":\"https:\\\/\\\/www.consultingcheck.com\\\/es\\\/\"},{\"@type\":\"ListItem\",\"position\":2,\"name\":\"Descargas, aplicaciones y productos\",\"item\":\"https:\\\/\\\/www.consultingcheck.com\\\/es\\\/herramientas\\\/descargas-aplicaciones-y-productos\\\/\"},{\"@type\":\"ListItem\",\"position\":3,\"name\":\"Lista de comprobaci\u00f3n para crear una empresa\"}]},{\"@type\":\"WebSite\",\"@id\":\"https:\\\/\\\/www.consultingcheck.com\\\/es\\\/#website\",\"url\":\"https:\\\/\\\/www.consultingcheck.com\\\/es\\\/\",\"name\":\"consultingcheck\",\"description\":\"Vernetzt gedacht. Entzaubert. Hands-on.\",\"potentialAction\":[{\"@type\":\"SearchAction\",\"target\":{\"@type\":\"EntryPoint\",\"urlTemplate\":\"https:\\\/\\\/www.consultingcheck.com\\\/es\\\/?s={search_term_string}\"},\"query-input\":{\"@type\":\"PropertyValueSpecification\",\"valueRequired\":true,\"valueName\":\"search_term_string\"}}],\"inLanguage\":\"es\"}]}<\/script>\n<!-- \/ Yoast SEO plugin. -->","yoast_head_json":{"title":"Lista de comprobaci\u00f3n para crear una empresa - consultingcheck","robots":{"index":"index","follow":"follow","max-snippet":"max-snippet:-1","max-image-preview":"max-image-preview:large","max-video-preview":"max-video-preview:-1"},"canonical":"https:\/\/www.consultingcheck.com\/es\/ressource\/formacion-de-empresas\/","og_locale":"es_ES","og_type":"article","og_title":"Lista de comprobaci\u00f3n para crear una empresa - consultingcheck","og_description":"Como fundador, aproveche la orientaci\u00f3n que le ofrece esta lista de comprobaci\u00f3n para crear una empresa.","og_url":"https:\/\/www.consultingcheck.com\/es\/ressource\/formacion-de-empresas\/","og_site_name":"consultingcheck","article_modified_time":"2023-08-14T13:14:21+00:00","twitter_card":"summary_large_image","twitter_misc":{"Tiempo de lectura":"1 minuto"},"schema":{"@context":"https:\/\/schema.org","@graph":[{"@type":"WebPage","@id":"https:\/\/www.consultingcheck.com\/es\/ressource\/formacion-de-empresas\/","url":"https:\/\/www.consultingcheck.com\/es\/ressource\/formacion-de-empresas\/","name":"Lista de comprobaci\u00f3n para crear una empresa - consultingcheck","isPartOf":{"@id":"https:\/\/www.consultingcheck.com\/es\/#website"},"datePublished":"2022-11-05T11:02:54+00:00","dateModified":"2023-08-14T13:14:21+00:00","breadcrumb":{"@id":"https:\/\/www.consultingcheck.com\/es\/ressource\/formacion-de-empresas\/#breadcrumb"},"inLanguage":"es","potentialAction":[{"@type":"ReadAction","target":["https:\/\/www.consultingcheck.com\/es\/ressource\/formacion-de-empresas\/"]}]},{"@type":"BreadcrumbList","@id":"https:\/\/www.consultingcheck.com\/es\/ressource\/formacion-de-empresas\/#breadcrumb","itemListElement":[{"@type":"ListItem","position":1,"name":"Startseite","item":"https:\/\/www.consultingcheck.com\/es\/"},{"@type":"ListItem","position":2,"name":"Descargas, aplicaciones y productos","item":"https:\/\/www.consultingcheck.com\/es\/herramientas\/descargas-aplicaciones-y-productos\/"},{"@type":"ListItem","position":3,"name":"Lista de comprobaci\u00f3n para crear una empresa"}]},{"@type":"WebSite","@id":"https:\/\/www.consultingcheck.com\/es\/#website","url":"https:\/\/www.consultingcheck.com\/es\/","name":"consultingcheck","description":"Vernetzt gedacht. Entzaubert. Hands-on.","potentialAction":[{"@type":"SearchAction","target":{"@type":"EntryPoint","urlTemplate":"https:\/\/www.consultingcheck.com\/es\/?s={search_term_string}"},"query-input":{"@type":"PropertyValueSpecification","valueRequired":true,"valueName":"search_term_string"}}],"inLanguage":"es"}]}},"_links":{"self":[{"href":"https:\/\/www.consultingcheck.com\/es\/wp-json\/wp\/v2\/product\/11059","targetHints":{"allow":["GET"]}}],"collection":[{"href":"https:\/\/www.consultingcheck.com\/es\/wp-json\/wp\/v2\/product"}],"about":[{"href":"https:\/\/www.consultingcheck.com\/es\/wp-json\/wp\/v2\/types\/product"}],"wp:attachment":[{"href":"https:\/\/www.consultingcheck.com\/es\/wp-json\/wp\/v2\/media?parent=11059"}],"wp:term":[{"taxonomy":"product_brand","embeddable":true,"href":"https:\/\/www.consultingcheck.com\/es\/wp-json\/wp\/v2\/product_brand?post=11059"},{"taxonomy":"product_cat","embeddable":true,"href":"https:\/\/www.consultingcheck.com\/es\/wp-json\/wp\/v2\/product_cat?post=11059"},{"taxonomy":"product_tag","embeddable":true,"href":"https:\/\/www.consultingcheck.com\/es\/wp-json\/wp\/v2\/product_tag?post=11059"},{"taxonomy":"jask_topic_categories","embeddable":true,"href":"https:\/\/www.consultingcheck.com\/es\/wp-json\/wp\/v2\/jask_topic_categories?post=11059"}],"curies":[{"name":"wp","href":"https:\/\/api.w.org\/{rel}","templated":true}]}}