{"id":11053,"date":"2022-11-01T16:08:32","date_gmt":"2022-11-05T10:06:55","guid":{"rendered":"https:\/\/www.consultingcheck.com\/ressource\/plantilla-para-preparar-realizar-y-documentar-las-evaluaciones-del-personal\/"},"modified":"2022-11-05T11:06:55","modified_gmt":"2022-11-05T10:06:55","slug":"plantilla-para-preparar-y-documentar-reuniones-de-personal","status":"publish","type":"product","link":"https:\/\/www.consultingcheck.com\/es\/ressource\/plantilla-para-preparar-y-documentar-reuniones-de-personal\/","title":{"rendered":"Plantilla para preparar, realizar y documentar las evaluaciones del personal"},"content":{"rendered":"<h2><strong>Estructura de contenidos para preparar, realizar y documentar sistem\u00e1ticamente las evaluaciones del personal en un formato normalizado<\/strong><\/h2>\n<h3>Contenido<\/h3>\n<p>Aqu\u00ed encontrar\u00e1 una plantilla de 2 \u00bd p\u00e1ginas de eficacia probada que le ayudar\u00e1 a realizar las evaluaciones del personal de forma estructurada y profesional. La plantilla se centra en primer lugar en la evaluaci\u00f3n de la disposici\u00f3n, las habilidades y el rendimiento del empleado con el que se quiere realizar una entrevista de evaluaci\u00f3n, antes de cuestionar la faceta de desarrollo de competencias. Por \u00faltimo, la plantilla le ayuda a discutir la evoluci\u00f3n futura deseada del empleado y a documentar los pasos acordados para ello.<\/p>\n<p>&nbsp;<\/p>\n<h3>Ventajas<\/h3>\n<ul>\n<li>Con esta plantilla, conseguir\u00e1 cuestionar las competencias esenciales de forma estructurada durante la entrevista de evaluaci\u00f3n.<\/li>\n<li>Se ahorra el tiempo y el esfuerzo de formar y formatear una estructura usted mismo.<\/li>\n<li>Si utiliza esta plantilla con regularidad, conseguir\u00e1 un registro coherente de las evaluaciones de los empleados en su empresa.<\/li>\n<\/ul>\n<h3><\/h3>\n<h3>Descarga digital<\/h3>\n<p>Tras el pedido, recibir\u00e1 un enlace de descarga de la plantilla, que podr\u00e1 utilizar inmediatamente.<\/p>\n<p>Tenga en cuenta que esta plantilla a la que est\u00e1 comprando acceso es s\u00f3lo para su uso personal. Queda prohibida la reventa de las diapositivas en cualquier forma y de manera digital o f\u00edsica o su publicaci\u00f3n en cualquier publicaci\u00f3n f\u00edsica o en l\u00ednea sin mi permiso. Soy el \u00fanico titular de los derechos de autor de este archivo.<\/p>\n<p>Enlace para descargar: documento pdf<\/p>\n","protected":false},"excerpt":{"rendered":"<p>Estructura de contenidos para preparar, realizar y documentar sistem\u00e1ticamente las evaluaciones del personal en un formato normalizado Contenido Aqu\u00ed encontrar\u00e1 una plantilla de 2 \u00bd p\u00e1ginas de eficacia probada que le ayudar\u00e1 a realizar las evaluaciones del personal de forma estructurada y profesional. La plantilla se centra en primer lugar en la evaluaci\u00f3n de la <a href=\"https:\/\/www.consultingcheck.com\/es\/ressource\/plantilla-para-preparar-y-documentar-reuniones-de-personal\/\" class=\"more-link\">&#8230;<\/a><\/p>\n","protected":false},"featured_media":20041,"template":"","meta":{"_links_to":"","_links_to_target":""},"product_brand":[],"product_cat":[1254,1286,1253],"product_tag":[],"jask_topic_categories":[1262,1268,1656,1672,1685],"class_list":{"0":"post-11053","1":"product","2":"type-product","3":"status-publish","4":"has-post-thumbnail","6":"product_cat-gestion-de-empresa","7":"product_cat-lista-de-verificacion","8":"product_cat-liderazgo","9":"jask_topic_categories-direccion-operativa-de-distribucion","10":"jask_topic_categories-evaluacion-del-personal","11":"jask_topic_categories-gestion","12":"jask_topic_categories-fundacion","13":"jask_topic_categories-gestion-de-recursos-humanos","15":"first","16":"instock","17":"taxable","18":"shipping-taxable","19":"purchasable","20":"product-type-variable"},"yoast_head":"<!-- This site is optimized with the Yoast SEO plugin v27.4 - https:\/\/yoast.com\/product\/yoast-seo-wordpress\/ -->\n<title>Plantilla para preparar, realizar y documentar las evaluaciones del personal - consultingcheck<\/title>\n<meta name=\"robots\" content=\"index, follow, max-snippet:-1, max-image-preview:large, max-video-preview:-1\" \/>\n<link rel=\"canonical\" href=\"https:\/\/www.consultingcheck.com\/es\/ressource\/plantilla-para-preparar-y-documentar-reuniones-de-personal\/\" \/>\n<meta property=\"og:locale\" content=\"es_ES\" \/>\n<meta property=\"og:type\" content=\"article\" \/>\n<meta property=\"og:title\" content=\"Plantilla para preparar, realizar y documentar las evaluaciones del personal - consultingcheck\" \/>\n<meta property=\"og:description\" content=\"Estructura de contenidos para preparar, realizar y documentar sistem\u00e1ticamente las evaluaciones del personal en un formato normalizado Contenido Aqu\u00ed encontrar\u00e1 una plantilla de 2 \u00bd p\u00e1ginas de eficacia probada que le ayudar\u00e1 a realizar las evaluaciones del personal de forma estructurada y profesional. La plantilla se centra en primer lugar en la evaluaci\u00f3n de la ...\" \/>\n<meta property=\"og:url\" content=\"https:\/\/www.consultingcheck.com\/es\/ressource\/plantilla-para-preparar-y-documentar-reuniones-de-personal\/\" \/>\n<meta property=\"og:site_name\" content=\"consultingcheck\" \/>\n<meta name=\"twitter:card\" content=\"summary_large_image\" \/>\n<meta name=\"twitter:label1\" content=\"Tiempo de lectura\" \/>\n\t<meta name=\"twitter:data1\" content=\"1 minuto\" \/>\n<script type=\"application\/ld+json\" class=\"yoast-schema-graph\">{\"@context\":\"https:\\\/\\\/schema.org\",\"@graph\":[{\"@type\":\"WebPage\",\"@id\":\"https:\\\/\\\/www.consultingcheck.com\\\/es\\\/ressource\\\/plantilla-para-preparar-y-documentar-reuniones-de-personal\\\/\",\"url\":\"https:\\\/\\\/www.consultingcheck.com\\\/es\\\/ressource\\\/plantilla-para-preparar-y-documentar-reuniones-de-personal\\\/\",\"name\":\"Plantilla para preparar, realizar y documentar las evaluaciones del personal - consultingcheck\",\"isPartOf\":{\"@id\":\"https:\\\/\\\/www.consultingcheck.com\\\/es\\\/#website\"},\"primaryImageOfPage\":{\"@id\":\"https:\\\/\\\/www.consultingcheck.com\\\/es\\\/ressource\\\/plantilla-para-preparar-y-documentar-reuniones-de-personal\\\/#primaryimage\"},\"image\":{\"@id\":\"https:\\\/\\\/www.consultingcheck.com\\\/es\\\/ressource\\\/plantilla-para-preparar-y-documentar-reuniones-de-personal\\\/#primaryimage\"},\"thumbnailUrl\":\"https:\\\/\\\/www.consultingcheck.com\\\/wp-content\\\/uploads\\\/2022\\\/11\\\/vorlage-fuer-die-vorbereitung-fuehrung-und-dokumentation-von-mitarbeitergespraechen.jpg\",\"datePublished\":\"2022-11-05T10:06:55+00:00\",\"breadcrumb\":{\"@id\":\"https:\\\/\\\/www.consultingcheck.com\\\/es\\\/ressource\\\/plantilla-para-preparar-y-documentar-reuniones-de-personal\\\/#breadcrumb\"},\"inLanguage\":\"es\",\"potentialAction\":[{\"@type\":\"ReadAction\",\"target\":[\"https:\\\/\\\/www.consultingcheck.com\\\/es\\\/ressource\\\/plantilla-para-preparar-y-documentar-reuniones-de-personal\\\/\"]}]},{\"@type\":\"ImageObject\",\"inLanguage\":\"es\",\"@id\":\"https:\\\/\\\/www.consultingcheck.com\\\/es\\\/ressource\\\/plantilla-para-preparar-y-documentar-reuniones-de-personal\\\/#primaryimage\",\"url\":\"https:\\\/\\\/www.consultingcheck.com\\\/wp-content\\\/uploads\\\/2022\\\/11\\\/vorlage-fuer-die-vorbereitung-fuehrung-und-dokumentation-von-mitarbeitergespraechen.jpg\",\"contentUrl\":\"https:\\\/\\\/www.consultingcheck.com\\\/wp-content\\\/uploads\\\/2022\\\/11\\\/vorlage-fuer-die-vorbereitung-fuehrung-und-dokumentation-von-mitarbeitergespraechen.jpg\",\"width\":1000,\"height\":679,\"caption\":\"Ein Screenshot der Vorlage f\u00fcr die Vorbereitung, F\u00fchrung und Dokumentation von Mitarbeitergespr\u00e4chen.\"},{\"@type\":\"BreadcrumbList\",\"@id\":\"https:\\\/\\\/www.consultingcheck.com\\\/es\\\/ressource\\\/plantilla-para-preparar-y-documentar-reuniones-de-personal\\\/#breadcrumb\",\"itemListElement\":[{\"@type\":\"ListItem\",\"position\":1,\"name\":\"Startseite\",\"item\":\"https:\\\/\\\/www.consultingcheck.com\\\/es\\\/\"},{\"@type\":\"ListItem\",\"position\":2,\"name\":\"Descargas, aplicaciones y productos\",\"item\":\"https:\\\/\\\/www.consultingcheck.com\\\/es\\\/herramientas\\\/descargas-aplicaciones-y-productos\\\/\"},{\"@type\":\"ListItem\",\"position\":3,\"name\":\"Plantilla para preparar, realizar y documentar las evaluaciones del personal\"}]},{\"@type\":\"WebSite\",\"@id\":\"https:\\\/\\\/www.consultingcheck.com\\\/es\\\/#website\",\"url\":\"https:\\\/\\\/www.consultingcheck.com\\\/es\\\/\",\"name\":\"consultingcheck\",\"description\":\"Vernetzt gedacht. Entzaubert. Hands-on.\",\"potentialAction\":[{\"@type\":\"SearchAction\",\"target\":{\"@type\":\"EntryPoint\",\"urlTemplate\":\"https:\\\/\\\/www.consultingcheck.com\\\/es\\\/?s={search_term_string}\"},\"query-input\":{\"@type\":\"PropertyValueSpecification\",\"valueRequired\":true,\"valueName\":\"search_term_string\"}}],\"inLanguage\":\"es\"}]}<\/script>\n<!-- \/ Yoast SEO plugin. -->","yoast_head_json":{"title":"Plantilla para preparar, realizar y documentar las evaluaciones del personal - consultingcheck","robots":{"index":"index","follow":"follow","max-snippet":"max-snippet:-1","max-image-preview":"max-image-preview:large","max-video-preview":"max-video-preview:-1"},"canonical":"https:\/\/www.consultingcheck.com\/es\/ressource\/plantilla-para-preparar-y-documentar-reuniones-de-personal\/","og_locale":"es_ES","og_type":"article","og_title":"Plantilla para preparar, realizar y documentar las evaluaciones del personal - consultingcheck","og_description":"Estructura de contenidos para preparar, realizar y documentar sistem\u00e1ticamente las evaluaciones del personal en un formato normalizado Contenido Aqu\u00ed encontrar\u00e1 una plantilla de 2 \u00bd p\u00e1ginas de eficacia probada que le ayudar\u00e1 a realizar las evaluaciones del personal de forma estructurada y profesional. La plantilla se centra en primer lugar en la evaluaci\u00f3n de la ...","og_url":"https:\/\/www.consultingcheck.com\/es\/ressource\/plantilla-para-preparar-y-documentar-reuniones-de-personal\/","og_site_name":"consultingcheck","twitter_card":"summary_large_image","twitter_misc":{"Tiempo de lectura":"1 minuto"},"schema":{"@context":"https:\/\/schema.org","@graph":[{"@type":"WebPage","@id":"https:\/\/www.consultingcheck.com\/es\/ressource\/plantilla-para-preparar-y-documentar-reuniones-de-personal\/","url":"https:\/\/www.consultingcheck.com\/es\/ressource\/plantilla-para-preparar-y-documentar-reuniones-de-personal\/","name":"Plantilla para preparar, realizar y documentar las evaluaciones del personal - consultingcheck","isPartOf":{"@id":"https:\/\/www.consultingcheck.com\/es\/#website"},"primaryImageOfPage":{"@id":"https:\/\/www.consultingcheck.com\/es\/ressource\/plantilla-para-preparar-y-documentar-reuniones-de-personal\/#primaryimage"},"image":{"@id":"https:\/\/www.consultingcheck.com\/es\/ressource\/plantilla-para-preparar-y-documentar-reuniones-de-personal\/#primaryimage"},"thumbnailUrl":"https:\/\/www.consultingcheck.com\/wp-content\/uploads\/2022\/11\/vorlage-fuer-die-vorbereitung-fuehrung-und-dokumentation-von-mitarbeitergespraechen.jpg","datePublished":"2022-11-05T10:06:55+00:00","breadcrumb":{"@id":"https:\/\/www.consultingcheck.com\/es\/ressource\/plantilla-para-preparar-y-documentar-reuniones-de-personal\/#breadcrumb"},"inLanguage":"es","potentialAction":[{"@type":"ReadAction","target":["https:\/\/www.consultingcheck.com\/es\/ressource\/plantilla-para-preparar-y-documentar-reuniones-de-personal\/"]}]},{"@type":"ImageObject","inLanguage":"es","@id":"https:\/\/www.consultingcheck.com\/es\/ressource\/plantilla-para-preparar-y-documentar-reuniones-de-personal\/#primaryimage","url":"https:\/\/www.consultingcheck.com\/wp-content\/uploads\/2022\/11\/vorlage-fuer-die-vorbereitung-fuehrung-und-dokumentation-von-mitarbeitergespraechen.jpg","contentUrl":"https:\/\/www.consultingcheck.com\/wp-content\/uploads\/2022\/11\/vorlage-fuer-die-vorbereitung-fuehrung-und-dokumentation-von-mitarbeitergespraechen.jpg","width":1000,"height":679,"caption":"Ein Screenshot der Vorlage f\u00fcr die Vorbereitung, F\u00fchrung und Dokumentation von Mitarbeitergespr\u00e4chen."},{"@type":"BreadcrumbList","@id":"https:\/\/www.consultingcheck.com\/es\/ressource\/plantilla-para-preparar-y-documentar-reuniones-de-personal\/#breadcrumb","itemListElement":[{"@type":"ListItem","position":1,"name":"Startseite","item":"https:\/\/www.consultingcheck.com\/es\/"},{"@type":"ListItem","position":2,"name":"Descargas, aplicaciones y productos","item":"https:\/\/www.consultingcheck.com\/es\/herramientas\/descargas-aplicaciones-y-productos\/"},{"@type":"ListItem","position":3,"name":"Plantilla para preparar, realizar y documentar las evaluaciones del personal"}]},{"@type":"WebSite","@id":"https:\/\/www.consultingcheck.com\/es\/#website","url":"https:\/\/www.consultingcheck.com\/es\/","name":"consultingcheck","description":"Vernetzt gedacht. Entzaubert. Hands-on.","potentialAction":[{"@type":"SearchAction","target":{"@type":"EntryPoint","urlTemplate":"https:\/\/www.consultingcheck.com\/es\/?s={search_term_string}"},"query-input":{"@type":"PropertyValueSpecification","valueRequired":true,"valueName":"search_term_string"}}],"inLanguage":"es"}]}},"_links":{"self":[{"href":"https:\/\/www.consultingcheck.com\/es\/wp-json\/wp\/v2\/product\/11053","targetHints":{"allow":["GET"]}}],"collection":[{"href":"https:\/\/www.consultingcheck.com\/es\/wp-json\/wp\/v2\/product"}],"about":[{"href":"https:\/\/www.consultingcheck.com\/es\/wp-json\/wp\/v2\/types\/product"}],"wp:featuredmedia":[{"embeddable":true,"href":"https:\/\/www.consultingcheck.com\/es\/wp-json\/wp\/v2\/media\/20041"}],"wp:attachment":[{"href":"https:\/\/www.consultingcheck.com\/es\/wp-json\/wp\/v2\/media?parent=11053"}],"wp:term":[{"taxonomy":"product_brand","embeddable":true,"href":"https:\/\/www.consultingcheck.com\/es\/wp-json\/wp\/v2\/product_brand?post=11053"},{"taxonomy":"product_cat","embeddable":true,"href":"https:\/\/www.consultingcheck.com\/es\/wp-json\/wp\/v2\/product_cat?post=11053"},{"taxonomy":"product_tag","embeddable":true,"href":"https:\/\/www.consultingcheck.com\/es\/wp-json\/wp\/v2\/product_tag?post=11053"},{"taxonomy":"jask_topic_categories","embeddable":true,"href":"https:\/\/www.consultingcheck.com\/es\/wp-json\/wp\/v2\/jask_topic_categories?post=11053"}],"curies":[{"name":"wp","href":"https:\/\/api.w.org\/{rel}","templated":true}]}}