{"id":10934,"date":"2022-11-01T13:06:18","date_gmt":"2022-11-01T12:09:15","guid":{"rendered":"https:\/\/www.consultingcheck.com\/ressource\/sesion-informativa-sobre-la-adquisicion-de-empresas-por-parte-de-sus-directivos-mbo\/"},"modified":"2022-11-01T13:09:15","modified_gmt":"2022-11-01T12:09:15","slug":"informacion-sobre-la-compra-del-manejo-mbo","status":"publish","type":"product","link":"https:\/\/www.consultingcheck.com\/es\/ressource\/informacion-sobre-la-compra-del-manejo-mbo\/","title":{"rendered":"Sesi\u00f3n informativa sobre la adquisici\u00f3n de empresas por parte de sus directivos (MBO)"},"content":{"rendered":"<h2><strong>Conocimiento de la posibilidad y el proceso t\u00edpico de una compra por parte de la direcci\u00f3n (MBO)<\/strong><\/h2>\n<h3>Contenido<\/h3>\n<p>En esta sesi\u00f3n informativa, recibir\u00e1 informaci\u00f3n esencial sobre la posibilidad y el proceso t\u00edpico de una compra por parte de la direcci\u00f3n (MBO) en 10 diapositivas de contenido.<\/p>\n<p>Si est\u00e1 interesado en tomar una participaci\u00f3n financiera significativa en la empresa de su empleador pero no tiene idea de c\u00f3mo hacerlo, este art\u00edculo le interesar\u00e1.<\/p>\n<p>&nbsp;<\/p>\n<h3>Ventajas<\/h3>\n<ul>\n<li>Recibir\u00e1 informaci\u00f3n inicial sobre la posibilidad de tomar una participaci\u00f3n financiera significativa en la empresa de su empleador.<\/li>\n<li>Aprender\u00e1 c\u00f3mo funciona normalmente un proceso de compra por parte de la direcci\u00f3n y c\u00f3mo puede iniciarlo.<\/li>\n<li>Recibir\u00e1 un valioso asesoramiento inicial sobre la estructuraci\u00f3n de su financiaci\u00f3n de capital.<\/li>\n<\/ul>\n<p>&nbsp;<\/p>\n<h3>Descarga digital<\/h3>\n<p>Despu\u00e9s de hacer el pedido, recibir\u00e1 un enlace para descargar el juego de diapositivas en pdf, que podr\u00e1 utilizar inmediatamente.<\/p>\n<p>Tenga en cuenta que este conjunto de diapositivas al que est\u00e1 comprando el acceso es para su uso personal. Queda prohibida la reventa de este conjunto de diapositivas en cualquier forma y de manera digital o f\u00edsica o su publicaci\u00f3n en cualquier publicaci\u00f3n f\u00edsica o en l\u00ednea sin mi permiso. Soy el \u00fanico titular de los derechos de autor de este archivo.<\/p>\n","protected":false},"excerpt":{"rendered":"<p>Conocimiento de la posibilidad y el proceso t\u00edpico de una compra por parte de la direcci\u00f3n (MBO) Contenido En esta sesi\u00f3n informativa, recibir\u00e1 informaci\u00f3n esencial sobre la posibilidad y el proceso t\u00edpico de una compra por parte de la direcci\u00f3n (MBO) en 10 diapositivas de contenido. Si est\u00e1 interesado en tomar una participaci\u00f3n financiera significativa <a href=\"https:\/\/www.consultingcheck.com\/es\/ressource\/informacion-sobre-la-compra-del-manejo-mbo\/\" class=\"more-link\">&#8230;<\/a><\/p>\n","protected":false},"featured_media":20179,"template":"","meta":{"_links_to":"","_links_to_target":""},"product_brand":[],"product_cat":[1251,1254,1256,1275,1286],"product_tag":[],"jask_topic_categories":[1655,1656,1671,1672,1265,1673,1271,1703],"class_list":{"0":"post-10934","1":"product","2":"type-product","3":"status-publish","4":"has-post-thumbnail","6":"product_cat-creacion-de-una-empresa","7":"product_cat-gestion-de-empresa","8":"product_cat-transacciones-de-empresas","9":"product_cat-conjunto-de-folios","10":"product_cat-lista-de-verificacion","11":"jask_topic_categories-finanzas","12":"jask_topic_categories-gestion","13":"jask_topic_categories-preguntas-basicas","14":"jask_topic_categories-fundacion","15":"jask_topic_categories-liderazgo","16":"jask_topic_categories-crisis-y-rehabilitacion","17":"jask_topic_categories-gestion-del-cambio","18":"jask_topic_categories-organizacion-de-ventas","20":"first","21":"instock","22":"taxable","23":"shipping-taxable","24":"purchasable","25":"product-type-variable"},"yoast_head":"<!-- This site is optimized with the Yoast SEO plugin v27.4 - https:\/\/yoast.com\/product\/yoast-seo-wordpress\/ -->\n<title>Sesi\u00f3n informativa sobre la adquisici\u00f3n de empresas por parte de sus directivos (MBO) - consultingcheck<\/title>\n<meta name=\"robots\" content=\"index, follow, max-snippet:-1, max-image-preview:large, max-video-preview:-1\" \/>\n<link rel=\"canonical\" href=\"https:\/\/www.consultingcheck.com\/es\/ressource\/informacion-sobre-la-compra-del-manejo-mbo\/\" \/>\n<meta property=\"og:locale\" content=\"es_ES\" \/>\n<meta property=\"og:type\" content=\"article\" \/>\n<meta property=\"og:title\" content=\"Sesi\u00f3n informativa sobre la adquisici\u00f3n de empresas por parte de sus directivos (MBO) - consultingcheck\" \/>\n<meta property=\"og:description\" content=\"Conocimiento de la posibilidad y el proceso t\u00edpico de una compra por parte de la direcci\u00f3n (MBO) Contenido En esta sesi\u00f3n informativa, recibir\u00e1 informaci\u00f3n esencial sobre la posibilidad y el proceso t\u00edpico de una compra por parte de la direcci\u00f3n (MBO) en 10 diapositivas de contenido. Si est\u00e1 interesado en tomar una participaci\u00f3n financiera significativa ...\" \/>\n<meta property=\"og:url\" content=\"https:\/\/www.consultingcheck.com\/es\/ressource\/informacion-sobre-la-compra-del-manejo-mbo\/\" \/>\n<meta property=\"og:site_name\" content=\"consultingcheck\" \/>\n<meta name=\"twitter:card\" content=\"summary_large_image\" \/>\n<meta name=\"twitter:label1\" content=\"Tiempo de lectura\" \/>\n\t<meta name=\"twitter:data1\" content=\"1 minuto\" \/>\n<script type=\"application\/ld+json\" class=\"yoast-schema-graph\">{\"@context\":\"https:\\\/\\\/schema.org\",\"@graph\":[{\"@type\":\"WebPage\",\"@id\":\"https:\\\/\\\/www.consultingcheck.com\\\/es\\\/ressource\\\/informacion-sobre-la-compra-del-manejo-mbo\\\/\",\"url\":\"https:\\\/\\\/www.consultingcheck.com\\\/es\\\/ressource\\\/informacion-sobre-la-compra-del-manejo-mbo\\\/\",\"name\":\"Sesi\u00f3n informativa sobre la adquisici\u00f3n de empresas por parte de sus directivos (MBO) - consultingcheck\",\"isPartOf\":{\"@id\":\"https:\\\/\\\/www.consultingcheck.com\\\/es\\\/#website\"},\"primaryImageOfPage\":{\"@id\":\"https:\\\/\\\/www.consultingcheck.com\\\/es\\\/ressource\\\/informacion-sobre-la-compra-del-manejo-mbo\\\/#primaryimage\"},\"image\":{\"@id\":\"https:\\\/\\\/www.consultingcheck.com\\\/es\\\/ressource\\\/informacion-sobre-la-compra-del-manejo-mbo\\\/#primaryimage\"},\"thumbnailUrl\":\"https:\\\/\\\/www.consultingcheck.com\\\/wp-content\\\/uploads\\\/2022\\\/11\\\/briefing-ueber-management-buyout-mbo.jpg\",\"datePublished\":\"2022-11-01T12:09:15+00:00\",\"breadcrumb\":{\"@id\":\"https:\\\/\\\/www.consultingcheck.com\\\/es\\\/ressource\\\/informacion-sobre-la-compra-del-manejo-mbo\\\/#breadcrumb\"},\"inLanguage\":\"es\",\"potentialAction\":[{\"@type\":\"ReadAction\",\"target\":[\"https:\\\/\\\/www.consultingcheck.com\\\/es\\\/ressource\\\/informacion-sobre-la-compra-del-manejo-mbo\\\/\"]}]},{\"@type\":\"ImageObject\",\"inLanguage\":\"es\",\"@id\":\"https:\\\/\\\/www.consultingcheck.com\\\/es\\\/ressource\\\/informacion-sobre-la-compra-del-manejo-mbo\\\/#primaryimage\",\"url\":\"https:\\\/\\\/www.consultingcheck.com\\\/wp-content\\\/uploads\\\/2022\\\/11\\\/briefing-ueber-management-buyout-mbo.jpg\",\"contentUrl\":\"https:\\\/\\\/www.consultingcheck.com\\\/wp-content\\\/uploads\\\/2022\\\/11\\\/briefing-ueber-management-buyout-mbo.jpg\",\"width\":1000,\"height\":679,\"caption\":\"Ein Screenshot des Briefings \u00fcber Management-Buyout (MBO).\"},{\"@type\":\"BreadcrumbList\",\"@id\":\"https:\\\/\\\/www.consultingcheck.com\\\/es\\\/ressource\\\/informacion-sobre-la-compra-del-manejo-mbo\\\/#breadcrumb\",\"itemListElement\":[{\"@type\":\"ListItem\",\"position\":1,\"name\":\"Startseite\",\"item\":\"https:\\\/\\\/www.consultingcheck.com\\\/es\\\/\"},{\"@type\":\"ListItem\",\"position\":2,\"name\":\"Descargas, aplicaciones y productos\",\"item\":\"https:\\\/\\\/www.consultingcheck.com\\\/es\\\/herramientas\\\/descargas-aplicaciones-y-productos\\\/\"},{\"@type\":\"ListItem\",\"position\":3,\"name\":\"Sesi\u00f3n informativa sobre la adquisici\u00f3n de empresas por parte de sus directivos (MBO)\"}]},{\"@type\":\"WebSite\",\"@id\":\"https:\\\/\\\/www.consultingcheck.com\\\/es\\\/#website\",\"url\":\"https:\\\/\\\/www.consultingcheck.com\\\/es\\\/\",\"name\":\"consultingcheck\",\"description\":\"Vernetzt gedacht. Entzaubert. Hands-on.\",\"potentialAction\":[{\"@type\":\"SearchAction\",\"target\":{\"@type\":\"EntryPoint\",\"urlTemplate\":\"https:\\\/\\\/www.consultingcheck.com\\\/es\\\/?s={search_term_string}\"},\"query-input\":{\"@type\":\"PropertyValueSpecification\",\"valueRequired\":true,\"valueName\":\"search_term_string\"}}],\"inLanguage\":\"es\"}]}<\/script>\n<!-- \/ Yoast SEO plugin. -->","yoast_head_json":{"title":"Sesi\u00f3n informativa sobre la adquisici\u00f3n de empresas por parte de sus directivos (MBO) - consultingcheck","robots":{"index":"index","follow":"follow","max-snippet":"max-snippet:-1","max-image-preview":"max-image-preview:large","max-video-preview":"max-video-preview:-1"},"canonical":"https:\/\/www.consultingcheck.com\/es\/ressource\/informacion-sobre-la-compra-del-manejo-mbo\/","og_locale":"es_ES","og_type":"article","og_title":"Sesi\u00f3n informativa sobre la adquisici\u00f3n de empresas por parte de sus directivos (MBO) - consultingcheck","og_description":"Conocimiento de la posibilidad y el proceso t\u00edpico de una compra por parte de la direcci\u00f3n (MBO) Contenido En esta sesi\u00f3n informativa, recibir\u00e1 informaci\u00f3n esencial sobre la posibilidad y el proceso t\u00edpico de una compra por parte de la direcci\u00f3n (MBO) en 10 diapositivas de contenido. Si est\u00e1 interesado en tomar una participaci\u00f3n financiera significativa ...","og_url":"https:\/\/www.consultingcheck.com\/es\/ressource\/informacion-sobre-la-compra-del-manejo-mbo\/","og_site_name":"consultingcheck","twitter_card":"summary_large_image","twitter_misc":{"Tiempo de lectura":"1 minuto"},"schema":{"@context":"https:\/\/schema.org","@graph":[{"@type":"WebPage","@id":"https:\/\/www.consultingcheck.com\/es\/ressource\/informacion-sobre-la-compra-del-manejo-mbo\/","url":"https:\/\/www.consultingcheck.com\/es\/ressource\/informacion-sobre-la-compra-del-manejo-mbo\/","name":"Sesi\u00f3n informativa sobre la adquisici\u00f3n de empresas por parte de sus directivos (MBO) - consultingcheck","isPartOf":{"@id":"https:\/\/www.consultingcheck.com\/es\/#website"},"primaryImageOfPage":{"@id":"https:\/\/www.consultingcheck.com\/es\/ressource\/informacion-sobre-la-compra-del-manejo-mbo\/#primaryimage"},"image":{"@id":"https:\/\/www.consultingcheck.com\/es\/ressource\/informacion-sobre-la-compra-del-manejo-mbo\/#primaryimage"},"thumbnailUrl":"https:\/\/www.consultingcheck.com\/wp-content\/uploads\/2022\/11\/briefing-ueber-management-buyout-mbo.jpg","datePublished":"2022-11-01T12:09:15+00:00","breadcrumb":{"@id":"https:\/\/www.consultingcheck.com\/es\/ressource\/informacion-sobre-la-compra-del-manejo-mbo\/#breadcrumb"},"inLanguage":"es","potentialAction":[{"@type":"ReadAction","target":["https:\/\/www.consultingcheck.com\/es\/ressource\/informacion-sobre-la-compra-del-manejo-mbo\/"]}]},{"@type":"ImageObject","inLanguage":"es","@id":"https:\/\/www.consultingcheck.com\/es\/ressource\/informacion-sobre-la-compra-del-manejo-mbo\/#primaryimage","url":"https:\/\/www.consultingcheck.com\/wp-content\/uploads\/2022\/11\/briefing-ueber-management-buyout-mbo.jpg","contentUrl":"https:\/\/www.consultingcheck.com\/wp-content\/uploads\/2022\/11\/briefing-ueber-management-buyout-mbo.jpg","width":1000,"height":679,"caption":"Ein Screenshot des Briefings \u00fcber Management-Buyout (MBO)."},{"@type":"BreadcrumbList","@id":"https:\/\/www.consultingcheck.com\/es\/ressource\/informacion-sobre-la-compra-del-manejo-mbo\/#breadcrumb","itemListElement":[{"@type":"ListItem","position":1,"name":"Startseite","item":"https:\/\/www.consultingcheck.com\/es\/"},{"@type":"ListItem","position":2,"name":"Descargas, aplicaciones y productos","item":"https:\/\/www.consultingcheck.com\/es\/herramientas\/descargas-aplicaciones-y-productos\/"},{"@type":"ListItem","position":3,"name":"Sesi\u00f3n informativa sobre la adquisici\u00f3n de empresas por parte de sus directivos (MBO)"}]},{"@type":"WebSite","@id":"https:\/\/www.consultingcheck.com\/es\/#website","url":"https:\/\/www.consultingcheck.com\/es\/","name":"consultingcheck","description":"Vernetzt gedacht. Entzaubert. Hands-on.","potentialAction":[{"@type":"SearchAction","target":{"@type":"EntryPoint","urlTemplate":"https:\/\/www.consultingcheck.com\/es\/?s={search_term_string}"},"query-input":{"@type":"PropertyValueSpecification","valueRequired":true,"valueName":"search_term_string"}}],"inLanguage":"es"}]}},"_links":{"self":[{"href":"https:\/\/www.consultingcheck.com\/es\/wp-json\/wp\/v2\/product\/10934","targetHints":{"allow":["GET"]}}],"collection":[{"href":"https:\/\/www.consultingcheck.com\/es\/wp-json\/wp\/v2\/product"}],"about":[{"href":"https:\/\/www.consultingcheck.com\/es\/wp-json\/wp\/v2\/types\/product"}],"wp:featuredmedia":[{"embeddable":true,"href":"https:\/\/www.consultingcheck.com\/es\/wp-json\/wp\/v2\/media\/20179"}],"wp:attachment":[{"href":"https:\/\/www.consultingcheck.com\/es\/wp-json\/wp\/v2\/media?parent=10934"}],"wp:term":[{"taxonomy":"product_brand","embeddable":true,"href":"https:\/\/www.consultingcheck.com\/es\/wp-json\/wp\/v2\/product_brand?post=10934"},{"taxonomy":"product_cat","embeddable":true,"href":"https:\/\/www.consultingcheck.com\/es\/wp-json\/wp\/v2\/product_cat?post=10934"},{"taxonomy":"product_tag","embeddable":true,"href":"https:\/\/www.consultingcheck.com\/es\/wp-json\/wp\/v2\/product_tag?post=10934"},{"taxonomy":"jask_topic_categories","embeddable":true,"href":"https:\/\/www.consultingcheck.com\/es\/wp-json\/wp\/v2\/jask_topic_categories?post=10934"}],"curies":[{"name":"wp","href":"https:\/\/api.w.org\/{rel}","templated":true}]}}