{"id":18938,"date":"2023-09-12T13:04:55","date_gmt":"2023-09-12T11:04:55","guid":{"rendered":"https:\/\/www.consultingcheck.com\/?page_id=18938"},"modified":"2023-09-12T13:04:56","modified_gmt":"2023-09-12T11:04:56","slug":"tratamiento-de-datos-por-las-redes-sociales","status":"publish","type":"page","link":"https:\/\/www.consultingcheck.com\/es\/tratamiento-de-datos-por-las-redes-sociales\/","title":{"rendered":"Tratamiento de datos por las redes sociales"},"content":{"rendered":"\n<div class=\"wp-block-columns is-layout-flex wp-container-core-columns-is-layout-9d6595d7 wp-block-columns-is-layout-flex\">\n<div class=\"wp-block-column is-layout-flow wp-block-column-is-layout-flow\">\n<h2 class=\"wp-block-heading\" id=\"unsere-social-media-auftritte\">Nuestra presencia en las redes sociales<\/h2>\n\n\n\n<p><strong>Tratamiento de datos por las redes sociales<\/strong><\/p>\n\n\n\n<p>Mantenemos perfiles de acceso p\u00fablico en las redes sociales. A continuaci\u00f3n se indican las redes sociales que utilizamos.<\/p>\n\n\n\n<p>Las redes sociales como Facebook, Twitter, etc. pueden, por lo general, analizar exhaustivamente su comportamiento como usuario cuando visita su sitio web o un sitio web con contenido de redes sociales integrado (por ejemplo, botones \u00abMe gusta\u00bb o banners publicitarios). Al visitar nuestras redes sociales, se activan numerosas operaciones de tratamiento de datos relevantes para la protecci\u00f3n de datos. En concreto:<\/p>\n\n\n\n<p>Si ha iniciado sesi\u00f3n en su cuenta de medios sociales y visita nuestra presencia en los medios sociales, el operador del portal de medios sociales puede asignar esta visita a su cuenta de usuario. Sin embargo, sus datos personales tambi\u00e9n pueden recopilarse en determinadas circunstancias si no ha iniciado sesi\u00f3n o no tiene una cuenta en el portal de la red social correspondiente. En este caso, esta recopilaci\u00f3n de datos tiene lugar, por ejemplo, a trav\u00e9s de cookies que se almacenan en su dispositivo final o mediante el registro de su direcci\u00f3n IP.<\/p>\n\n\n\n<p>Con la ayuda de los datos recogidos de este modo, los operadores de los portales de medios sociales pueden crear perfiles de usuario en los que se almacenan sus preferencias e intereses. De este modo, se le puede mostrar publicidad basada en sus intereses dentro y fuera de las respectivas redes sociales. Siempre que tenga una cuenta en la red social correspondiente, la publicidad basada en intereses podr\u00e1 mostrarse en todos los dispositivos en los que est\u00e9 o haya estado conectado.<\/p>\n\n\n\n<p>Tenga en cuenta tambi\u00e9n que no podemos hacer un seguimiento de todos los procedimientos de procesamiento en los portales de las redes sociales. Dependiendo del proveedor, los operadores de los portales de las redes sociales pueden llevar a cabo otros procedimientos de tratamiento. Para m\u00e1s detalles, consulte las condiciones de uso y las disposiciones de protecci\u00f3n de datos de los respectivos portales de redes sociales.<\/p>\n\n\n\n<p><strong><strong>Base jur\u00eddica<\/strong><\/strong><\/p>\n\n\n\n<p>Nuestra presencia en las redes sociales tiene por objeto garantizar una presencia lo m\u00e1s completa posible en Internet. Se trata de un inter\u00e9s leg\u00edtimo en el sentido del art. 6 (1) lit. f DSGVO. Los procesos de an\u00e1lisis iniciados por las redes sociales pueden basarse en diferentes fundamentos jur\u00eddicos, que deben ser declarados por los operadores de las redes sociales (por ejemplo, consentimiento en el sentido del art. 6, apdo. 1 lit. a DSGVO).<\/p>\n\n\n\n<p><strong>Responsable y ejercicio de derechos<\/strong><\/p>\n\n\n\n<p>Si visita uno de nuestros sitios de redes sociales (por ejemplo, Facebook), somos responsables conjuntamente con el operador de la plataforma de redes sociales de las operaciones de tratamiento de datos desencadenadas durante esta visita. En principio, puede hacer valer sus derechos (informaci\u00f3n, rectificaci\u00f3n, supresi\u00f3n, limitaci\u00f3n del tratamiento, portabilidad de datos y reclamaci\u00f3n) tanto frente a nosotros como frente al operador del portal de medios sociales correspondiente (por ejemplo, frente a Facebook).<\/p>\n\n\n\n<p>Tenga en cuenta que, a pesar de la responsabilidad conjunta con los operadores de los portales de redes sociales, no tenemos plena influencia en los procedimientos de tratamiento de datos de dichos portales. Nuestras opciones vienen determinadas en gran medida por la pol\u00edtica corporativa del respectivo proveedor.<\/p>\n\n\n\n<p><strong>Per\u00edodo de memorizaci\u00f3n<\/strong><\/p>\n\n\n\n<p>Los datos recopilados directamente por nosotros a trav\u00e9s de la presencia en los medios sociales se eliminar\u00e1n de nuestros sistemas en cuanto deje de ser aplicable el prop\u00f3sito para el que fueron almacenados, usted nos solicite su eliminaci\u00f3n, revoque su consentimiento para almacenarlos o deje de ser aplicable el prop\u00f3sito para el que fueron almacenados. Las cookies almacenadas permanecen en su dispositivo final hasta que usted las elimina. Las disposiciones legales obligatorias -en particular los periodos de conservaci\u00f3n- no se ven afectadas.<\/p>\n\n\n\n<p>No tenemos ninguna influencia sobre el per\u00edodo de almacenamiento de sus datos, que son almacenados por los operadores de las redes sociales para sus propios fines. Para m\u00e1s informaci\u00f3n, dir\u00edjase directamente a los operadores de las redes sociales (por ejemplo, en su pol\u00edtica de privacidad, v\u00e9ase m\u00e1s abajo).<\/p>\n\n\n\n<p><strong>Redes sociales en detalle<\/strong><\/p>\n\n\n\n<p><strong>Facebook<\/strong><\/p>\n\n\n\n<p>Tenemos un perfil en Facebook. El proveedor de este servicio es Facebook Ireland Limited, 4 Grand Canal Square, Grand Canal Harbour, Dubl\u00edn 2, Irlanda. Seg\u00fan Facebook, los datos recogidos tambi\u00e9n se transfieren a EE.UU. y a otros terceros pa\u00edses.<\/p>\n\n\n\n<p>Utilizamos nuestra p\u00e1gina de fans de Facebook para proporcionar informaci\u00f3n sobre nosotros y nuestros productos o servicios. Y, por supuesto, para contactar y comunicarnos con los usuarios de Facebook.<\/p>\n\n\n\n<p>T\u00e9cnicamente, el tratamiento de los datos corre a cargo de Facebook. A este respecto, nos remitimos a la informaci\u00f3n sobre protecci\u00f3n de datos de Facebook.<\/p>\n\n\n\n<p>Sin embargo, seg\u00fan la jurisprudencia del TJCE, Facebook y nosotros podemos ser responsables conjuntos de partes de la p\u00e1gina de fans de Facebook. En tal caso, este tratamiento se realiza sobre la base de un acuerdo sobre el tratamiento conjunto, al que puede acceder aqu\u00ed (<a href=\"https:\/\/www.facebook.com\/legal\/terms\/page_controller_addendum\">https:\/\/www.facebook.com\/legal\/terms\/page_controller_addendum<\/a>).<\/p>\n\n\n\n<p>Puede acceder a m\u00e1s informaci\u00f3n sobre protecci\u00f3n de datos de nuestra empresa aqu\u00ed: <a href=\"https:\/\/www.consultingcheck.com\/datenschutz\/\">https:\/\/www.consultingcheck.com\/datenschutz\/<\/a>.<\/p>\n\n\n\n<p>Puede ajustar su configuraci\u00f3n de publicidad de forma independiente en su cuenta de usuario. Para ello, haga clic en el siguiente enlace e inicie sesi\u00f3n: <a href=\"https:\/\/www.facebook.com\/settings?tab=ads\">https:\/\/www.facebook.com\/settings?tab=ads<\/a>.<\/p>\n\n\n\n<p>La transferencia de datos a EE.UU. se basa en las cl\u00e1usulas contractuales tipo de la Comisi\u00f3n de la UE. Encontrar\u00e1 m\u00e1s detalles aqu\u00ed: <a href=\"https:\/\/www.facebook.com\/legal\/EU_data_transfer_addendum\">https:\/\/www.facebook.com\/legal\/EU_data_transfer_addendum<\/a> y <a href=\"https:\/\/de-de.facebook.com\/help\/566994660333381\">https:\/\/de-de.facebook.com\/help\/566994660333381<\/a>.<\/p>\n\n\n\n<p>Para m\u00e1s detalles, consulte la pol\u00edtica de privacidad de Facebook: <a href=\"https:\/\/www.facebook.com\/about\/privacy\/\">https:\/\/www.facebook.com\/about\/privacy\/<\/a>.<\/p>\n\n\n\n<p><strong>LinkedIn<\/strong><\/p>\n\n\n\n<p>Tenemos un perfil en LinkedIn. El proveedor es LinkedIn Ireland Unlimited Company, Wilton Plaza, Wilton Place, Dubl\u00edn 2, Irlanda. LinkedIn utiliza cookies publicitarias.<\/p>\n\n\n\n<p>Si desea desactivar las cookies publicitarias de LinkedIn, utilice el siguiente enlace: <a href=\"https:\/\/www.linkedin.com\/psettings\/guest-controls\/retargeting-opt-o\">https:\/\/www.linkedin.com\/psettings\/guest-controls\/retargeting-opt-o<\/a>ut.<\/p>\n\n\n\n<p>La transferencia de datos a EE.UU. se basa en las cl\u00e1usulas contractuales tipo de la Comisi\u00f3n de la UE. Encontrar\u00e1 m\u00e1s informaci\u00f3n aqu\u00ed: <a href=\"https:\/\/www.linkedin.com\/legal\/l\/dpa\">https:\/\/www.linkedin.com\/legal\/l\/dpa<\/a> y <a href=\"https:\/\/www.linkedin.com\/legal\/l\/eu-sccs\">https:\/\/www.linkedin.com\/legal\/l\/eu-sccs<\/a>.<\/p>\n\n\n\n<p>Para m\u00e1s detalles sobre el tratamiento de sus datos personales, consulte la pol\u00edtica de privacidad de LinkedIn: <a href=\"https:\/\/www.linkedin.com\/legal\/privacy-policy\">https:\/\/www.linkedin.com\/legal\/privacy-policy<\/a>.<\/p>\n<\/div>\n<\/div>\n","protected":false},"excerpt":{"rendered":"<p>Nuestra presencia en las redes sociales Tratamiento de datos por las redes sociales Mantenemos perfiles de acceso p\u00fablico en las redes sociales. A continuaci\u00f3n se indican las redes sociales que utilizamos. Las redes sociales como Facebook, Twitter, etc. pueden, por lo general, analizar exhaustivamente su comportamiento como usuario cuando visita su sitio web o un <a href=\"https:\/\/www.consultingcheck.com\/es\/tratamiento-de-datos-por-las-redes-sociales\/\" class=\"more-link\">&#8230;<\/a><\/p>\n","protected":false},"author":36,"featured_media":0,"parent":0,"menu_order":8,"comment_status":"closed","ping_status":"closed","template":"","meta":{"footnotes":"","_links_to":"","_links_to_target":""},"class_list":["post-18938","page","type-page","status-publish","hentry"],"yoast_head":"<!-- This site is optimized with the Yoast SEO plugin v27.5 - https:\/\/yoast.com\/product\/yoast-seo-wordpress\/ -->\n<title>Tratamiento de datos por las redes sociales - consultingcheck<\/title>\n<meta name=\"robots\" content=\"index, follow, max-snippet:-1, max-image-preview:large, max-video-preview:-1\" \/>\n<link rel=\"canonical\" href=\"https:\/\/www.consultingcheck.com\/es\/tratamiento-de-datos-por-las-redes-sociales\/\" \/>\n<meta property=\"og:locale\" content=\"es_ES\" \/>\n<meta property=\"og:type\" content=\"article\" \/>\n<meta property=\"og:title\" content=\"Tratamiento de datos por las redes sociales - consultingcheck\" \/>\n<meta property=\"og:description\" content=\"Nuestra presencia en las redes sociales Tratamiento de datos por las redes sociales Mantenemos perfiles de acceso p\u00fablico en las redes sociales. A continuaci\u00f3n se indican las redes sociales que utilizamos. Las redes sociales como Facebook, Twitter, etc. pueden, por lo general, analizar exhaustivamente su comportamiento como usuario cuando visita su sitio web o un ...\" \/>\n<meta property=\"og:url\" content=\"https:\/\/www.consultingcheck.com\/es\/tratamiento-de-datos-por-las-redes-sociales\/\" \/>\n<meta property=\"og:site_name\" content=\"consultingcheck\" \/>\n<meta property=\"article:modified_time\" content=\"2023-09-12T11:04:56+00:00\" \/>\n<meta name=\"twitter:card\" content=\"summary_large_image\" \/>\n<meta name=\"twitter:label1\" content=\"Tiempo de lectura\" \/>\n\t<meta name=\"twitter:data1\" content=\"6 minutos\" \/>\n<script type=\"application\/ld+json\" class=\"yoast-schema-graph\">{\"@context\":\"https:\\\/\\\/schema.org\",\"@graph\":[{\"@type\":\"WebPage\",\"@id\":\"https:\\\/\\\/www.consultingcheck.com\\\/es\\\/tratamiento-de-datos-por-las-redes-sociales\\\/\",\"url\":\"https:\\\/\\\/www.consultingcheck.com\\\/es\\\/tratamiento-de-datos-por-las-redes-sociales\\\/\",\"name\":\"Tratamiento de datos por las redes sociales - consultingcheck\",\"isPartOf\":{\"@id\":\"https:\\\/\\\/www.consultingcheck.com\\\/es\\\/#website\"},\"datePublished\":\"2023-09-12T11:04:55+00:00\",\"dateModified\":\"2023-09-12T11:04:56+00:00\",\"breadcrumb\":{\"@id\":\"https:\\\/\\\/www.consultingcheck.com\\\/es\\\/tratamiento-de-datos-por-las-redes-sociales\\\/#breadcrumb\"},\"inLanguage\":\"es\",\"potentialAction\":[{\"@type\":\"ReadAction\",\"target\":[\"https:\\\/\\\/www.consultingcheck.com\\\/es\\\/tratamiento-de-datos-por-las-redes-sociales\\\/\"]}]},{\"@type\":\"BreadcrumbList\",\"@id\":\"https:\\\/\\\/www.consultingcheck.com\\\/es\\\/tratamiento-de-datos-por-las-redes-sociales\\\/#breadcrumb\",\"itemListElement\":[{\"@type\":\"ListItem\",\"position\":1,\"name\":\"Startseite\",\"item\":\"https:\\\/\\\/www.consultingcheck.com\\\/es\\\/\"},{\"@type\":\"ListItem\",\"position\":2,\"name\":\"Tratamiento de datos por las redes sociales\"}]},{\"@type\":\"WebSite\",\"@id\":\"https:\\\/\\\/www.consultingcheck.com\\\/es\\\/#website\",\"url\":\"https:\\\/\\\/www.consultingcheck.com\\\/es\\\/\",\"name\":\"consultingcheck\",\"description\":\"Vernetzt gedacht. Entzaubert. Hands-on.\",\"potentialAction\":[{\"@type\":\"SearchAction\",\"target\":{\"@type\":\"EntryPoint\",\"urlTemplate\":\"https:\\\/\\\/www.consultingcheck.com\\\/es\\\/?s={search_term_string}\"},\"query-input\":{\"@type\":\"PropertyValueSpecification\",\"valueRequired\":true,\"valueName\":\"search_term_string\"}}],\"inLanguage\":\"es\"}]}<\/script>\n<!-- \/ Yoast SEO plugin. -->","yoast_head_json":{"title":"Tratamiento de datos por las redes sociales - consultingcheck","robots":{"index":"index","follow":"follow","max-snippet":"max-snippet:-1","max-image-preview":"max-image-preview:large","max-video-preview":"max-video-preview:-1"},"canonical":"https:\/\/www.consultingcheck.com\/es\/tratamiento-de-datos-por-las-redes-sociales\/","og_locale":"es_ES","og_type":"article","og_title":"Tratamiento de datos por las redes sociales - consultingcheck","og_description":"Nuestra presencia en las redes sociales Tratamiento de datos por las redes sociales Mantenemos perfiles de acceso p\u00fablico en las redes sociales. A continuaci\u00f3n se indican las redes sociales que utilizamos. Las redes sociales como Facebook, Twitter, etc. pueden, por lo general, analizar exhaustivamente su comportamiento como usuario cuando visita su sitio web o un ...","og_url":"https:\/\/www.consultingcheck.com\/es\/tratamiento-de-datos-por-las-redes-sociales\/","og_site_name":"consultingcheck","article_modified_time":"2023-09-12T11:04:56+00:00","twitter_card":"summary_large_image","twitter_misc":{"Tiempo de lectura":"6 minutos"},"schema":{"@context":"https:\/\/schema.org","@graph":[{"@type":"WebPage","@id":"https:\/\/www.consultingcheck.com\/es\/tratamiento-de-datos-por-las-redes-sociales\/","url":"https:\/\/www.consultingcheck.com\/es\/tratamiento-de-datos-por-las-redes-sociales\/","name":"Tratamiento de datos por las redes sociales - consultingcheck","isPartOf":{"@id":"https:\/\/www.consultingcheck.com\/es\/#website"},"datePublished":"2023-09-12T11:04:55+00:00","dateModified":"2023-09-12T11:04:56+00:00","breadcrumb":{"@id":"https:\/\/www.consultingcheck.com\/es\/tratamiento-de-datos-por-las-redes-sociales\/#breadcrumb"},"inLanguage":"es","potentialAction":[{"@type":"ReadAction","target":["https:\/\/www.consultingcheck.com\/es\/tratamiento-de-datos-por-las-redes-sociales\/"]}]},{"@type":"BreadcrumbList","@id":"https:\/\/www.consultingcheck.com\/es\/tratamiento-de-datos-por-las-redes-sociales\/#breadcrumb","itemListElement":[{"@type":"ListItem","position":1,"name":"Startseite","item":"https:\/\/www.consultingcheck.com\/es\/"},{"@type":"ListItem","position":2,"name":"Tratamiento de datos por las redes sociales"}]},{"@type":"WebSite","@id":"https:\/\/www.consultingcheck.com\/es\/#website","url":"https:\/\/www.consultingcheck.com\/es\/","name":"consultingcheck","description":"Vernetzt gedacht. Entzaubert. Hands-on.","potentialAction":[{"@type":"SearchAction","target":{"@type":"EntryPoint","urlTemplate":"https:\/\/www.consultingcheck.com\/es\/?s={search_term_string}"},"query-input":{"@type":"PropertyValueSpecification","valueRequired":true,"valueName":"search_term_string"}}],"inLanguage":"es"}]}},"_links":{"self":[{"href":"https:\/\/www.consultingcheck.com\/es\/wp-json\/wp\/v2\/pages\/18938","targetHints":{"allow":["GET"]}}],"collection":[{"href":"https:\/\/www.consultingcheck.com\/es\/wp-json\/wp\/v2\/pages"}],"about":[{"href":"https:\/\/www.consultingcheck.com\/es\/wp-json\/wp\/v2\/types\/page"}],"author":[{"embeddable":true,"href":"https:\/\/www.consultingcheck.com\/es\/wp-json\/wp\/v2\/users\/36"}],"replies":[{"embeddable":true,"href":"https:\/\/www.consultingcheck.com\/es\/wp-json\/wp\/v2\/comments?post=18938"}],"version-history":[{"count":1,"href":"https:\/\/www.consultingcheck.com\/es\/wp-json\/wp\/v2\/pages\/18938\/revisions"}],"predecessor-version":[{"id":18939,"href":"https:\/\/www.consultingcheck.com\/es\/wp-json\/wp\/v2\/pages\/18938\/revisions\/18939"}],"wp:attachment":[{"href":"https:\/\/www.consultingcheck.com\/es\/wp-json\/wp\/v2\/media?parent=18938"}],"curies":[{"name":"wp","href":"https:\/\/api.w.org\/{rel}","templated":true}]}}