{"id":18928,"date":"2023-09-12T12:06:09","date_gmt":"2023-09-12T10:06:09","guid":{"rendered":"https:\/\/www.consultingcheck.com\/?page_id=18928"},"modified":"2025-09-15T16:43:50","modified_gmt":"2025-09-15T14:43:50","slug":"pie-de-imprenta","status":"publish","type":"page","link":"https:\/\/www.consultingcheck.com\/es\/pie-de-imprenta\/","title":{"rendered":"Pie de imprenta"},"content":{"rendered":"\n<div class=\"wp-block-columns is-layout-flex wp-container-core-columns-is-layout-9d6595d7 wp-block-columns-is-layout-flex\">\n<div class=\"wp-block-column is-layout-flow wp-block-column-is-layout-flow\">\n<h1 class=\"wp-block-heading\" id=\"impressum\">Pie de imprenta<\/h1>\n\n\n\n<h2 class=\"wp-block-heading\" id=\"angaben-gemass-5-tmg\">Informaci\u00f3n seg\u00fan \u00a7 5 TMG (Alemania)<\/h2>\n\n\n\n<p>Dr. Boysen Management + Consulting GmbH<br>Domicilio social: Brentanostra\u00dfe 62, D-56077 Coblenza; oficina administrativa: Klostergut Besselich, D-56182 Urbar<\/p>\n\n\n\n<p>Web: <a href=\"https:\/\/www.dr-boysen-management.de\/\">www.dr-boysen-management.de<\/a><\/p>\n\n\n\n<p>Registro mercantil: HRB 2215<br>Tribunal del registro: Juzgado municipal de Coblenza (Amtsgericht Koblenz)<\/p>\n\n\n\n<p><strong>Representado por:<\/strong><br>Dipl.-Ing. Dr. rer. pol. Werner Boysen, Executive MBA, M. Sc.<\/p>\n\n\n\n<h2 class=\"wp-block-heading\" id=\"kontakt\">Contacto<\/h2>\n\n\n\n<p>Tel\u00e9fono: <a href=\"tel:+491784640312\">+49 (0)178-464 03 12<\/a><br>Correo electr\u00f3nico: info@consultingcheck.com<\/p>\n\n\n\n<h2 class=\"wp-block-heading\" id=\"umsatzsteuer-id\">N\u00famero de identificaci\u00f3n fiscal<\/h2>\n\n\n\n<p>N\u00famero de identificaci\u00f3n fiscal seg\u00fan \u00a7 27 a Umsatzsteuergesetz (Alemania):<br>DE273303479<\/p>\n\n\n\n<h2 class=\"wp-block-heading\" id=\"redaktionell-verantwortlich\">Responsable editorial<\/h2>\n\n\n\n<p>Dipl.-Ing. Dr. rer. pol. Werner Boysen, Executive MBA, M. Sc.<\/p>\n\n\n\n<h2 class=\"wp-block-heading\" id=\"eu-streitschlichtung\">Resoluci\u00f3n de litigios en la UE<\/h2>\n\n\n\n<p>La Comisi\u00f3n Europea ofrece una plataforma para la resoluci\u00f3n de litigios en l\u00ednea (OS): https:\/\/ec.europa.eu\/consumers\/odr\/.<br>Encontrar\u00e1 nuestra direcci\u00f3n de correo electr\u00f3nico en el pie de imprenta anterior.<\/p>\n\n\n\n<h2 class=\"wp-block-heading\" id=\"verbraucher-streit-beilegung-universal-schlichtungs-stelle\">Resoluci\u00f3n de litigios de consumo\/junta arbitral universal<\/h2>\n\n\n\n<p>No estamos dispuestos ni obligados a participar en procedimientos de resoluci\u00f3n de litigios ante una junta arbitral de consumo.<\/p>\n\n\n\n<h2 class=\"wp-block-heading\">Fuente de referencia de las im\u00e1genes y gr\u00e1ficos utilizados:<\/h2>\n\n\n\n<p>\u00a9&nbsp;Urupong \/ stock.adobe.com \u00b7 \u00a9&nbsp;Sergey Nivens \/ stock.adobe.com \u00b7 \u00a9&nbsp;everythingpossible \/ stock.adobe.com \u00b7 \u00a9&nbsp;Wiski \/ stock.adobe.com \u00b7 \u00a9&nbsp;andyller \/ stock.adobe.com \u00b7 \u00a9&nbsp;Coloures-Pic \/ stock.adobe.com \u00b7 \u00a9&nbsp;peterschreiber.media \/ stock.adobe.com \u00b7 \u00a9&nbsp;fesenko \/ stock.adobe.com \u00b7 \u00a9&nbsp;V&#8217;yacheslav Partola \/ stock.adobe.com \u00b7 \u00a9&nbsp;Zerbor \/ stock.adobe.com \u00b7 \u00a9&nbsp;whyframeshot \/ stock.adobe.com \u00b7 \u00a9&nbsp;NDABCREATIVITY \/ stock.adobe.com \u00b7 \u00a9&nbsp;denisismagilov \/ stock.adobe.com \u00b7 \u00a9&nbsp;Tierney \/ stock.adobe.com \u00b7 \u00a9&nbsp;sarayut_sy \/ stock.adobe.com \u00b7 \u00a9&nbsp;Alessandro Biascioli \/ stock.adobe.com \u00b7 \u00a9 Franz Pfluegl &#8211; stock.adobe.com \u00b7 \u00a9 Wiski &#8211; stock.adobe.com \u00b7 \u00a9 silent_47 &#8211; stock.adobe.com \u00b7 \u00a9 andyller &#8211; stock.adobe.com \u00b7 \u00a9 Ivelin Radkov &#8211; stock.adobe.com \u00b7 \u00a9 VAlex &#8211; stock.adobe.com \u00b7 \u00a9 Coloures-Pic &#8211; stock.adobe.com \u00b7 \u00a9 peterschreiber.media &#8211; stock.adobe.com \u00b7 \u00a9 nicoletaionescu &#8211; stock.adobe.com \u00b7 \u00a9 fesenko &#8211; stock.adobe.com \u00b7 \u00a9 m.mphoto &#8211; stock.adobe.com \u00b7 \u00a9 V&#8217;yacheslav Partola &#8211; stock.adobe.com \u00b7 \u00a9 Zerbor &#8211; stock.adobe.com \u00b7 \u00a9 GoodIdeas &#8211; stock.adobe.com \u00b7 \u00a9 whyframeshot &#8211; stock.adobe.com \u00b7 \u00a9 NDABCREATIVITY &#8211; stock.adobe.com \u00b7 \u00a9 kardd &#8211; stock.adobe.com \u00b7 \u00a9 denisismagilov &#8211; stock.adobe.com \u00b7 \u00a9 evbrbe &#8211; stock.adobe.com \u00b7 \u00a9 Tierney &#8211; stock.adobe.com \u00b7 \u00a9 Jelena &#8211; stock.adobe.com \u00b7 \u00a9 Kulbabka &#8211; stock.adobe.com \u00b7 \u00a9 Blue Planet Studio &#8211; stock.adobe.com \u00b7 \u00a9 sarayut_sy &#8211; stock.adobe.com \u00b7 \u00a9 PX Media &#8211; stock.adobe.com \u00b7 \u00a9 Alessandro Biascioli &#8211; stock.adobe.com \u00b7 \u00a9 sodawhiskey &#8211; stock.adobe.com \u00b7 \u00a9 wutzkoh &#8211; stock.adobe.com \u00b7 \u00a9 Phongphan Supphakank &#8211; stock.adobe.com \u00b7 \u00a9 Drazen &#8211; stock.adobe.com \u00b7 \u00a9 tiero &#8211; stock.adobe.com \u00b7 \u00a9 Olivier Le Moal &#8211; stock.adobe.com \u00b7 \u00a9 Funtap &#8211; stock.adobe.com \u00b7 \u00a9 Drazen &#8211; stock.adobe.com \u00b7 \u00a9 WrightStudio &#8211; stock.adobe.com \u00b7 \u00a9 peshkova &#8211; stock.adobe.com \u00b7 \u00a9 Cozine &#8211; stock.adobe.com \u00b7 \u00a9 dampoint &#8211; stock.adobe.com \u00b7 \u00a9 Philip Steury &#8211; stock.adobe.com \u00b7 \u00a9 Olivier Le Moal &#8211; stock.adobe.com \u00b7 \u00a9 Urupong &#8211; stock.adobe.com \u00b7 \u00a9 rh2010 &#8211; stock.adobe.com \u00b7 \u00a9 Design_5D &#8211; stock.adobe.com \u00b7 \u00a9 Sergey Nivens &#8211; stock.adobe.com \u00b7 \u00a9 thodonal &#8211; stock.adobe.com \u00b7 \u00a9 Fox_Dsign &#8211; stock.adobe.com \u00b7 \u00a9 ghazii &#8211; stock.adobe.com \u00b7 \u00a9 Andrey Popov &#8211; stock.adobe.com \u00b7 \u00a9 romankrykh \u2013 stock.adobe.com \u00b7 \u00a9 itchaznong \u2013 stock.adobe.com \u00b7 \u00a9 Jacob Lund \u2013 stock.adobe.com \u00b7 \u00a9 Charnchai saeheng \u2013 stock.adobe.com \u00b7 \u00a9 Anoo \u2013 stock.adobe.com \u00b7 \u00a9 DifferR \u2013 stock.adobe.com \u00b7 \u00a9 Mathias Weil \u2013 stock.adobe.com \u00b7 \u00a9 chungking \u2013 stock.adobe.com \u00b7 (c) AdobeStock_395422299 \u00b7 \u00a9 Kai Myller [o] Fotografie \u00b7 \u00a9 OPTIKON Design \u00b7 \u00a9 PSI Technics GmbH \u00b7 \u00a9 Gorodenkoff \u2013 stock.adobe.com \u00b7 \u00a9 Comauthor \u2013 stock.adobe.com \u00b7 \u00a9 Zaurrahimov \u2013 stock.adobe.com \u00b7 \u00a9 Scharfsinn86 \u2013 stock.adobe.com \u00b7 \u00a9 Metamorworks \u2013 stock.adobe.com \u00b7 \u00a9 Greenbutterfly \u2013 stock.adobe.com \u00b7 \u00a9 Anastasiia Usoltceva \u2013 stock.adobe.com\/Fotolia \u00b7 \u00a9 06photo \u2013 stock.adobe.com\/Fotolia \u00b7 \u00a9 Elenabsl \u2013 shutterstock.com \u00b7 \u00a9 Topvector \u2013 shutterstock.com \u00b7 \u00a9 Mind Pixell \u2013 shutterstock.com<\/p>\n\n\n\n<p><\/p>\n<\/div>\n<\/div>\n","protected":false},"excerpt":{"rendered":"<p>Pie de imprenta Informaci\u00f3n seg\u00fan \u00a7 5 TMG (Alemania) Dr. Boysen Management + Consulting GmbHDomicilio social: Brentanostra\u00dfe 62, D-56077 Coblenza; oficina administrativa: Klostergut Besselich, D-56182 Urbar Web: www.dr-boysen-management.de Registro mercantil: HRB 2215Tribunal del registro: Juzgado municipal de Coblenza (Amtsgericht Koblenz) Representado por:Dipl.-Ing. Dr. rer. pol. Werner Boysen, Executive MBA, M. Sc. Contacto Tel\u00e9fono: +49 (0)178-464 <a href=\"https:\/\/www.consultingcheck.com\/es\/pie-de-imprenta\/\" class=\"more-link\">&#8230;<\/a><\/p>\n","protected":false},"author":36,"featured_media":0,"parent":0,"menu_order":26,"comment_status":"closed","ping_status":"closed","template":"","meta":{"footnotes":"","_links_to":"","_links_to_target":""},"class_list":["post-18928","page","type-page","status-publish","hentry"],"yoast_head":"<!-- This site is optimized with the Yoast SEO plugin v27.4 - https:\/\/yoast.com\/product\/yoast-seo-wordpress\/ -->\n<title>Pie de imprenta - consultingcheck<\/title>\n<meta name=\"robots\" content=\"index, follow, max-snippet:-1, max-image-preview:large, max-video-preview:-1\" \/>\n<link rel=\"canonical\" href=\"https:\/\/www.consultingcheck.com\/es\/pie-de-imprenta\/\" \/>\n<meta property=\"og:locale\" content=\"es_ES\" \/>\n<meta property=\"og:type\" content=\"article\" \/>\n<meta property=\"og:title\" content=\"Pie de imprenta - consultingcheck\" \/>\n<meta property=\"og:description\" content=\"Pie de imprenta Informaci\u00f3n seg\u00fan \u00a7 5 TMG (Alemania) Dr. Boysen Management + Consulting GmbHDomicilio social: Brentanostra\u00dfe 62, D-56077 Coblenza; oficina administrativa: Klostergut Besselich, D-56182 Urbar Web: www.dr-boysen-management.de Registro mercantil: HRB 2215Tribunal del registro: Juzgado municipal de Coblenza (Amtsgericht Koblenz) Representado por:Dipl.-Ing. Dr. rer. pol. Werner Boysen, Executive MBA, M. Sc. Contacto Tel\u00e9fono: +49 (0)178-464 ...\" \/>\n<meta property=\"og:url\" content=\"https:\/\/www.consultingcheck.com\/es\/pie-de-imprenta\/\" \/>\n<meta property=\"og:site_name\" content=\"consultingcheck\" \/>\n<meta property=\"article:modified_time\" content=\"2025-09-15T14:43:50+00:00\" \/>\n<meta name=\"twitter:card\" content=\"summary_large_image\" \/>\n<meta name=\"twitter:label1\" content=\"Tiempo de lectura\" \/>\n\t<meta name=\"twitter:data1\" content=\"4 minutos\" \/>\n<script type=\"application\/ld+json\" class=\"yoast-schema-graph\">{\"@context\":\"https:\\\/\\\/schema.org\",\"@graph\":[{\"@type\":\"WebPage\",\"@id\":\"https:\\\/\\\/www.consultingcheck.com\\\/es\\\/pie-de-imprenta\\\/\",\"url\":\"https:\\\/\\\/www.consultingcheck.com\\\/es\\\/pie-de-imprenta\\\/\",\"name\":\"Pie de imprenta - consultingcheck\",\"isPartOf\":{\"@id\":\"https:\\\/\\\/www.consultingcheck.com\\\/es\\\/#website\"},\"datePublished\":\"2023-09-12T10:06:09+00:00\",\"dateModified\":\"2025-09-15T14:43:50+00:00\",\"breadcrumb\":{\"@id\":\"https:\\\/\\\/www.consultingcheck.com\\\/es\\\/pie-de-imprenta\\\/#breadcrumb\"},\"inLanguage\":\"es\",\"potentialAction\":[{\"@type\":\"ReadAction\",\"target\":[\"https:\\\/\\\/www.consultingcheck.com\\\/es\\\/pie-de-imprenta\\\/\"]}]},{\"@type\":\"BreadcrumbList\",\"@id\":\"https:\\\/\\\/www.consultingcheck.com\\\/es\\\/pie-de-imprenta\\\/#breadcrumb\",\"itemListElement\":[{\"@type\":\"ListItem\",\"position\":1,\"name\":\"Startseite\",\"item\":\"https:\\\/\\\/www.consultingcheck.com\\\/es\\\/\"},{\"@type\":\"ListItem\",\"position\":2,\"name\":\"Pie de imprenta\"}]},{\"@type\":\"WebSite\",\"@id\":\"https:\\\/\\\/www.consultingcheck.com\\\/es\\\/#website\",\"url\":\"https:\\\/\\\/www.consultingcheck.com\\\/es\\\/\",\"name\":\"consultingcheck\",\"description\":\"Vernetzt gedacht. Entzaubert. Hands-on.\",\"potentialAction\":[{\"@type\":\"SearchAction\",\"target\":{\"@type\":\"EntryPoint\",\"urlTemplate\":\"https:\\\/\\\/www.consultingcheck.com\\\/es\\\/?s={search_term_string}\"},\"query-input\":{\"@type\":\"PropertyValueSpecification\",\"valueRequired\":true,\"valueName\":\"search_term_string\"}}],\"inLanguage\":\"es\"}]}<\/script>\n<!-- \/ Yoast SEO plugin. -->","yoast_head_json":{"title":"Pie de imprenta - consultingcheck","robots":{"index":"index","follow":"follow","max-snippet":"max-snippet:-1","max-image-preview":"max-image-preview:large","max-video-preview":"max-video-preview:-1"},"canonical":"https:\/\/www.consultingcheck.com\/es\/pie-de-imprenta\/","og_locale":"es_ES","og_type":"article","og_title":"Pie de imprenta - consultingcheck","og_description":"Pie de imprenta Informaci\u00f3n seg\u00fan \u00a7 5 TMG (Alemania) Dr. Boysen Management + Consulting GmbHDomicilio social: Brentanostra\u00dfe 62, D-56077 Coblenza; oficina administrativa: Klostergut Besselich, D-56182 Urbar Web: www.dr-boysen-management.de Registro mercantil: HRB 2215Tribunal del registro: Juzgado municipal de Coblenza (Amtsgericht Koblenz) Representado por:Dipl.-Ing. Dr. rer. pol. Werner Boysen, Executive MBA, M. Sc. Contacto Tel\u00e9fono: +49 (0)178-464 ...","og_url":"https:\/\/www.consultingcheck.com\/es\/pie-de-imprenta\/","og_site_name":"consultingcheck","article_modified_time":"2025-09-15T14:43:50+00:00","twitter_card":"summary_large_image","twitter_misc":{"Tiempo de lectura":"4 minutos"},"schema":{"@context":"https:\/\/schema.org","@graph":[{"@type":"WebPage","@id":"https:\/\/www.consultingcheck.com\/es\/pie-de-imprenta\/","url":"https:\/\/www.consultingcheck.com\/es\/pie-de-imprenta\/","name":"Pie de imprenta - consultingcheck","isPartOf":{"@id":"https:\/\/www.consultingcheck.com\/es\/#website"},"datePublished":"2023-09-12T10:06:09+00:00","dateModified":"2025-09-15T14:43:50+00:00","breadcrumb":{"@id":"https:\/\/www.consultingcheck.com\/es\/pie-de-imprenta\/#breadcrumb"},"inLanguage":"es","potentialAction":[{"@type":"ReadAction","target":["https:\/\/www.consultingcheck.com\/es\/pie-de-imprenta\/"]}]},{"@type":"BreadcrumbList","@id":"https:\/\/www.consultingcheck.com\/es\/pie-de-imprenta\/#breadcrumb","itemListElement":[{"@type":"ListItem","position":1,"name":"Startseite","item":"https:\/\/www.consultingcheck.com\/es\/"},{"@type":"ListItem","position":2,"name":"Pie de imprenta"}]},{"@type":"WebSite","@id":"https:\/\/www.consultingcheck.com\/es\/#website","url":"https:\/\/www.consultingcheck.com\/es\/","name":"consultingcheck","description":"Vernetzt gedacht. Entzaubert. Hands-on.","potentialAction":[{"@type":"SearchAction","target":{"@type":"EntryPoint","urlTemplate":"https:\/\/www.consultingcheck.com\/es\/?s={search_term_string}"},"query-input":{"@type":"PropertyValueSpecification","valueRequired":true,"valueName":"search_term_string"}}],"inLanguage":"es"}]}},"_links":{"self":[{"href":"https:\/\/www.consultingcheck.com\/es\/wp-json\/wp\/v2\/pages\/18928","targetHints":{"allow":["GET"]}}],"collection":[{"href":"https:\/\/www.consultingcheck.com\/es\/wp-json\/wp\/v2\/pages"}],"about":[{"href":"https:\/\/www.consultingcheck.com\/es\/wp-json\/wp\/v2\/types\/page"}],"author":[{"embeddable":true,"href":"https:\/\/www.consultingcheck.com\/es\/wp-json\/wp\/v2\/users\/36"}],"replies":[{"embeddable":true,"href":"https:\/\/www.consultingcheck.com\/es\/wp-json\/wp\/v2\/comments?post=18928"}],"version-history":[{"count":4,"href":"https:\/\/www.consultingcheck.com\/es\/wp-json\/wp\/v2\/pages\/18928\/revisions"}],"predecessor-version":[{"id":20747,"href":"https:\/\/www.consultingcheck.com\/es\/wp-json\/wp\/v2\/pages\/18928\/revisions\/20747"}],"wp:attachment":[{"href":"https:\/\/www.consultingcheck.com\/es\/wp-json\/wp\/v2\/media?parent=18928"}],"curies":[{"name":"wp","href":"https:\/\/api.w.org\/{rel}","templated":true}]}}