{"id":18926,"date":"2023-09-12T11:58:59","date_gmt":"2023-09-12T09:58:59","guid":{"rendered":"https:\/\/www.consultingcheck.com\/?page_id=18926"},"modified":"2025-09-15T16:51:25","modified_gmt":"2025-09-15T14:51:25","slug":"contacto-2","status":"publish","type":"page","link":"https:\/\/www.consultingcheck.com\/es\/contacto-2\/","title":{"rendered":"Contacto"},"content":{"rendered":"\n<div class=\"wp-block-columns is-layout-flex wp-container-core-columns-is-layout-9d6595d7 wp-block-columns-is-layout-flex\">\n<div class=\"wp-block-column is-layout-flow wp-block-column-is-layout-flow\">\n<h1 class=\"wp-block-heading\">Contactar consultingcheck<\/h1>\n\n\n\n<div class=\"wp-block-columns is-layout-flex wp-container-core-columns-is-layout-9d6595d7 wp-block-columns-is-layout-flex\">\n<div class=\"wp-block-column is-layout-flow wp-block-column-is-layout-flow\">\n<span class=\"consultingcheck\"><span>consulting<\/span>check<\/span>\n\n\n\n<p>Si desea ponerse en contacto con nosotros, estaremos encantados.<\/p>\n\n\n\n<p>consultingcheck es una iniciativa de Dr. Boysen Management + Consulting GmbH, con sede en la finca del monasterio de Besselich, en Urbar, a orillas del Rin.<\/p>\n\n\n\n<p>Dr. Boysen Management + Consulting GmbH<\/p>\n\n\n\n<p>Klostergut Besselich<br>D-56182 Urbar am Rhein<\/p>\n\n\n\n<p><\/p>\n\n\n\n<figure class=\"wp-block-image size-large is-resized\"><img loading=\"lazy\" decoding=\"async\" width=\"1024\" height=\"797\" src=\"https:\/\/www.consultingcheck.com\/wp-content\/uploads\/2021\/11\/wb5-1024x797.jpg\" alt=\"\" class=\"wp-image-1990\" style=\"width:432px;height:336px\" srcset=\"https:\/\/www.consultingcheck.com\/wp-content\/uploads\/2021\/11\/wb5-1024x797.jpg 1024w, https:\/\/www.consultingcheck.com\/wp-content\/uploads\/2021\/11\/wb5-600x467.jpg 600w, https:\/\/www.consultingcheck.com\/wp-content\/uploads\/2021\/11\/wb5-300x234.jpg 300w, https:\/\/www.consultingcheck.com\/wp-content\/uploads\/2021\/11\/wb5-694x540.jpg 694w, https:\/\/www.consultingcheck.com\/wp-content\/uploads\/2021\/11\/wb5-1536x1196.jpg 1536w, https:\/\/www.consultingcheck.com\/wp-content\/uploads\/2021\/11\/wb5-2048x1594.jpg 2048w\" sizes=\"auto, (max-width: 1024px) 100vw, 1024px\" \/><figcaption class=\"wp-element-caption\">Dr. Werner Boysen <em>(<\/em><a href=\"https:\/\/www.dr-boysen-management.de\/\" target=\"_blank\" rel=\"noreferrer noopener\">Dr. Boysen Management + Consulting<\/a><em>)<\/em><\/figcaption><\/figure>\n\n\n\n<p>Tel.: <a href=\"tel:+491784640312\">+49-178-464 03 12<\/a><\/p>\n\n\n\n<p>Email: <a href=\"mailto:werner.boysen@dr-boysen-management.de\">werner.boysen@dr-boysen-management.de<\/a><\/p>\n\n\n\n<p><\/p>\n\n\n\n<p><\/p>\n<\/div>\n\n\n\n<div class=\"wp-block-column is-layout-flow wp-block-column-is-layout-flow\">\n<div class=\"wp-block-contact-form-7-contact-form-selector\">\n<div class=\"wpcf7 no-js\" id=\"wpcf7-f18940-o1\" lang=\"de-DE\" dir=\"ltr\" data-wpcf7-id=\"18940\">\n<div class=\"screen-reader-response\"><p role=\"status\" aria-live=\"polite\" aria-atomic=\"true\"><\/p> <ul><\/ul><\/div>\n<form action=\"\/es\/wp-json\/wp\/v2\/pages\/18926#wpcf7-f18940-o1\" method=\"post\" class=\"wpcf7-form init\" aria-label=\"Kontaktformular\" novalidate=\"novalidate\" data-status=\"init\">\n<fieldset class=\"hidden-fields-container\"><input type=\"hidden\" name=\"_wpcf7\" value=\"18940\" \/><input type=\"hidden\" name=\"_wpcf7_version\" value=\"6.1.5\" \/><input type=\"hidden\" name=\"_wpcf7_locale\" value=\"de_DE\" \/><input type=\"hidden\" name=\"_wpcf7_unit_tag\" value=\"wpcf7-f18940-o1\" \/><input type=\"hidden\" name=\"_wpcf7_container_post\" value=\"0\" \/><input type=\"hidden\" name=\"_wpcf7_posted_data_hash\" value=\"\" \/>\n<\/fieldset>\n<div class=\"form-group\">\n\t<div>\n\t\t<p><label>Apellido<span class=\"req\">*<\/span><\/label><span class=\"wpcf7-form-control-wrap\" data-name=\"first-name\"><input size=\"40\" maxlength=\"400\" class=\"wpcf7-form-control wpcf7-text wpcf7-validates-as-required\" aria-required=\"true\" aria-invalid=\"false\" value=\"\" type=\"text\" name=\"first-name\" \/><\/span>\n\t\t<\/p>\n\t<\/div>\n\t<div>\n\t\t<p><label>Nombre<span class=\"req\">*<\/span><\/label><span class=\"wpcf7-form-control-wrap\" data-name=\"last-name\"><input size=\"40\" maxlength=\"400\" class=\"wpcf7-form-control wpcf7-text wpcf7-validates-as-required\" aria-required=\"true\" aria-invalid=\"false\" value=\"\" type=\"text\" name=\"last-name\" \/><\/span>\n\t\t<\/p>\n\t<\/div>\n<\/div>\n<div class=\"form-group\">\n\t<div>\n\t\t<p><label>Empresa<\/label><span class=\"wpcf7-form-control-wrap\" data-name=\"company\"><input size=\"40\" maxlength=\"400\" class=\"wpcf7-form-control wpcf7-text\" aria-invalid=\"false\" value=\"\" type=\"text\" name=\"company\" \/><\/span>\n\t\t<\/p>\n\t<\/div>\n<\/div>\n<div class=\"form-group\">\n\t<div>\n\t\t<p><label>Correo electr\u00f3nico<span class=\"req\">*<\/span><\/label><span class=\"wpcf7-form-control-wrap\" data-name=\"email\"><input size=\"40\" maxlength=\"400\" class=\"wpcf7-form-control wpcf7-email wpcf7-validates-as-required wpcf7-text wpcf7-validates-as-email\" aria-required=\"true\" aria-invalid=\"false\" value=\"\" type=\"email\" name=\"email\" \/><\/span>\n\t\t<\/p>\n\t<\/div>\n\t<div>\n\t\t<p><label>Tel\u00e9fono<span class=\"req\">*<\/span><\/label><span class=\"wpcf7-form-control-wrap\" data-name=\"phone\"><input size=\"40\" maxlength=\"400\" class=\"wpcf7-form-control wpcf7-text wpcf7-validates-as-required\" aria-required=\"true\" aria-invalid=\"false\" value=\"\" type=\"text\" name=\"phone\" \/><\/span>\n\t\t<\/p>\n\t<\/div>\n<\/div>\n<div class=\"Mensaje\">\n\t<p><label>Vuestro mensaje<span class=\"req\">*<\/span><\/label><span class=\"wpcf7-form-control-wrap\" data-name=\"message\"><textarea cols=\"40\" rows=\"10\" maxlength=\"2000\" class=\"wpcf7-form-control wpcf7-textarea wpcf7-validates-as-required\" aria-required=\"true\" aria-invalid=\"false\" name=\"message\"><\/textarea><\/span>\n\t<\/p>\n<\/div>\n<div class=\"data-protection\">\n\t<p><strong>Pol\u00edtica de privacidad<\/strong>\n\t<\/p>\n\t<p>Al enviar el formulario, acepto que mis datos del formulario de contacto se recopilen y procesen para responder a mi consulta. Los datos se suprimir\u00e1n una vez finalizada la tramitaci\u00f3n de su solicitud. Nota: Puede revocar su consentimiento para el futuro en cualquier momento enviando un correo electr\u00f3nico a info@consultingcheck.com. Encontrar\u00e1 informaci\u00f3n detallada sobre el tratamiento de los datos de los usuarios en nuestro <a href=\"\/es\/politica-de-proteccion-de-datos\/\" target=\"_blank\">Pol\u00edtica de privacidad<\/a>.\n\t<\/p>\n<\/div>\n<p><input class=\"wpcf7-form-control wpcf7-submit has-spinner\" type=\"submit\" value=\"Enviar\" \/>\n<\/p><div class=\"wpcf7-response-output\" aria-hidden=\"true\"><\/div>\n<\/form>\n<\/div>\n<\/div>\n<\/div>\n<\/div>\n<\/div>\n<\/div>\n","protected":false},"excerpt":{"rendered":"<p>Contactar consultingcheck Si desea ponerse en contacto con nosotros, estaremos encantados. consultingcheck es una iniciativa de Dr. Boysen Management + Consulting GmbH, con sede en la finca del monasterio de Besselich, en Urbar, a orillas del Rin. Dr. Boysen Management + Consulting GmbH Klostergut BesselichD-56182 Urbar am Rhein Tel.: +49-178-464 03 12 Email: werner.boysen@dr-boysen-management.de<\/p>\n","protected":false},"author":36,"featured_media":0,"parent":0,"menu_order":19,"comment_status":"closed","ping_status":"closed","template":"","meta":{"footnotes":"","_links_to":"","_links_to_target":""},"class_list":["post-18926","page","type-page","status-publish","hentry"],"yoast_head":"<!-- This site is optimized with the Yoast SEO plugin v27.5 - https:\/\/yoast.com\/product\/yoast-seo-wordpress\/ -->\n<title>Contacto - consultingcheck<\/title>\n<meta name=\"robots\" content=\"index, follow, max-snippet:-1, max-image-preview:large, max-video-preview:-1\" \/>\n<link rel=\"canonical\" href=\"https:\/\/www.consultingcheck.com\/es\/contacto-2\/\" \/>\n<meta property=\"og:locale\" content=\"es_ES\" \/>\n<meta property=\"og:type\" content=\"article\" \/>\n<meta property=\"og:title\" content=\"Contacto - consultingcheck\" \/>\n<meta property=\"og:description\" content=\"Contactar consultingcheck Si desea ponerse en contacto con nosotros, estaremos encantados. consultingcheck es una iniciativa de Dr. Boysen Management + Consulting GmbH, con sede en la finca del monasterio de Besselich, en Urbar, a orillas del Rin. Dr. Boysen Management + Consulting GmbH Klostergut BesselichD-56182 Urbar am Rhein Tel.: +49-178-464 03 12 Email: werner.boysen@dr-boysen-management.de\" \/>\n<meta property=\"og:url\" content=\"https:\/\/www.consultingcheck.com\/es\/contacto-2\/\" \/>\n<meta property=\"og:site_name\" content=\"consultingcheck\" \/>\n<meta property=\"article:modified_time\" content=\"2025-09-15T14:51:25+00:00\" \/>\n<meta property=\"og:image\" content=\"https:\/\/www.consultingcheck.com\/wp-content\/uploads\/2021\/11\/wb5-scaled.jpg\" \/>\n\t<meta property=\"og:image:width\" content=\"2560\" \/>\n\t<meta property=\"og:image:height\" content=\"1993\" \/>\n\t<meta property=\"og:image:type\" content=\"image\/jpeg\" \/>\n<meta name=\"twitter:card\" content=\"summary_large_image\" \/>\n<meta name=\"twitter:label1\" content=\"Tiempo de lectura\" \/>\n\t<meta name=\"twitter:data1\" content=\"1 minuto\" \/>\n<script type=\"application\/ld+json\" class=\"yoast-schema-graph\">{\"@context\":\"https:\\\/\\\/schema.org\",\"@graph\":[{\"@type\":\"WebPage\",\"@id\":\"https:\\\/\\\/www.consultingcheck.com\\\/es\\\/contacto-2\\\/\",\"url\":\"https:\\\/\\\/www.consultingcheck.com\\\/es\\\/contacto-2\\\/\",\"name\":\"Contacto - consultingcheck\",\"isPartOf\":{\"@id\":\"https:\\\/\\\/www.consultingcheck.com\\\/es\\\/#website\"},\"primaryImageOfPage\":{\"@id\":\"https:\\\/\\\/www.consultingcheck.com\\\/es\\\/contacto-2\\\/#primaryimage\"},\"image\":{\"@id\":\"https:\\\/\\\/www.consultingcheck.com\\\/es\\\/contacto-2\\\/#primaryimage\"},\"thumbnailUrl\":\"https:\\\/\\\/www.consultingcheck.com\\\/wp-content\\\/uploads\\\/2021\\\/11\\\/wb5-1024x797.jpg\",\"datePublished\":\"2023-09-12T09:58:59+00:00\",\"dateModified\":\"2025-09-15T14:51:25+00:00\",\"breadcrumb\":{\"@id\":\"https:\\\/\\\/www.consultingcheck.com\\\/es\\\/contacto-2\\\/#breadcrumb\"},\"inLanguage\":\"es\",\"potentialAction\":[{\"@type\":\"ReadAction\",\"target\":[\"https:\\\/\\\/www.consultingcheck.com\\\/es\\\/contacto-2\\\/\"]}]},{\"@type\":\"ImageObject\",\"inLanguage\":\"es\",\"@id\":\"https:\\\/\\\/www.consultingcheck.com\\\/es\\\/contacto-2\\\/#primaryimage\",\"url\":\"https:\\\/\\\/www.consultingcheck.com\\\/wp-content\\\/uploads\\\/2021\\\/11\\\/wb5-1024x797.jpg\",\"contentUrl\":\"https:\\\/\\\/www.consultingcheck.com\\\/wp-content\\\/uploads\\\/2021\\\/11\\\/wb5-1024x797.jpg\"},{\"@type\":\"BreadcrumbList\",\"@id\":\"https:\\\/\\\/www.consultingcheck.com\\\/es\\\/contacto-2\\\/#breadcrumb\",\"itemListElement\":[{\"@type\":\"ListItem\",\"position\":1,\"name\":\"Startseite\",\"item\":\"https:\\\/\\\/www.consultingcheck.com\\\/es\\\/\"},{\"@type\":\"ListItem\",\"position\":2,\"name\":\"Contacto\"}]},{\"@type\":\"WebSite\",\"@id\":\"https:\\\/\\\/www.consultingcheck.com\\\/es\\\/#website\",\"url\":\"https:\\\/\\\/www.consultingcheck.com\\\/es\\\/\",\"name\":\"consultingcheck\",\"description\":\"Vernetzt gedacht. Entzaubert. Hands-on.\",\"potentialAction\":[{\"@type\":\"SearchAction\",\"target\":{\"@type\":\"EntryPoint\",\"urlTemplate\":\"https:\\\/\\\/www.consultingcheck.com\\\/es\\\/?s={search_term_string}\"},\"query-input\":{\"@type\":\"PropertyValueSpecification\",\"valueRequired\":true,\"valueName\":\"search_term_string\"}}],\"inLanguage\":\"es\"}]}<\/script>\n<!-- \/ Yoast SEO plugin. -->","yoast_head_json":{"title":"Contacto - consultingcheck","robots":{"index":"index","follow":"follow","max-snippet":"max-snippet:-1","max-image-preview":"max-image-preview:large","max-video-preview":"max-video-preview:-1"},"canonical":"https:\/\/www.consultingcheck.com\/es\/contacto-2\/","og_locale":"es_ES","og_type":"article","og_title":"Contacto - consultingcheck","og_description":"Contactar consultingcheck Si desea ponerse en contacto con nosotros, estaremos encantados. consultingcheck es una iniciativa de Dr. Boysen Management + Consulting GmbH, con sede en la finca del monasterio de Besselich, en Urbar, a orillas del Rin. Dr. Boysen Management + Consulting GmbH Klostergut BesselichD-56182 Urbar am Rhein Tel.: +49-178-464 03 12 Email: werner.boysen@dr-boysen-management.de","og_url":"https:\/\/www.consultingcheck.com\/es\/contacto-2\/","og_site_name":"consultingcheck","article_modified_time":"2025-09-15T14:51:25+00:00","og_image":[{"width":2560,"height":1993,"url":"https:\/\/www.consultingcheck.com\/wp-content\/uploads\/2021\/11\/wb5-scaled.jpg","type":"image\/jpeg"}],"twitter_card":"summary_large_image","twitter_misc":{"Tiempo de lectura":"1 minuto"},"schema":{"@context":"https:\/\/schema.org","@graph":[{"@type":"WebPage","@id":"https:\/\/www.consultingcheck.com\/es\/contacto-2\/","url":"https:\/\/www.consultingcheck.com\/es\/contacto-2\/","name":"Contacto - consultingcheck","isPartOf":{"@id":"https:\/\/www.consultingcheck.com\/es\/#website"},"primaryImageOfPage":{"@id":"https:\/\/www.consultingcheck.com\/es\/contacto-2\/#primaryimage"},"image":{"@id":"https:\/\/www.consultingcheck.com\/es\/contacto-2\/#primaryimage"},"thumbnailUrl":"https:\/\/www.consultingcheck.com\/wp-content\/uploads\/2021\/11\/wb5-1024x797.jpg","datePublished":"2023-09-12T09:58:59+00:00","dateModified":"2025-09-15T14:51:25+00:00","breadcrumb":{"@id":"https:\/\/www.consultingcheck.com\/es\/contacto-2\/#breadcrumb"},"inLanguage":"es","potentialAction":[{"@type":"ReadAction","target":["https:\/\/www.consultingcheck.com\/es\/contacto-2\/"]}]},{"@type":"ImageObject","inLanguage":"es","@id":"https:\/\/www.consultingcheck.com\/es\/contacto-2\/#primaryimage","url":"https:\/\/www.consultingcheck.com\/wp-content\/uploads\/2021\/11\/wb5-1024x797.jpg","contentUrl":"https:\/\/www.consultingcheck.com\/wp-content\/uploads\/2021\/11\/wb5-1024x797.jpg"},{"@type":"BreadcrumbList","@id":"https:\/\/www.consultingcheck.com\/es\/contacto-2\/#breadcrumb","itemListElement":[{"@type":"ListItem","position":1,"name":"Startseite","item":"https:\/\/www.consultingcheck.com\/es\/"},{"@type":"ListItem","position":2,"name":"Contacto"}]},{"@type":"WebSite","@id":"https:\/\/www.consultingcheck.com\/es\/#website","url":"https:\/\/www.consultingcheck.com\/es\/","name":"consultingcheck","description":"Vernetzt gedacht. Entzaubert. Hands-on.","potentialAction":[{"@type":"SearchAction","target":{"@type":"EntryPoint","urlTemplate":"https:\/\/www.consultingcheck.com\/es\/?s={search_term_string}"},"query-input":{"@type":"PropertyValueSpecification","valueRequired":true,"valueName":"search_term_string"}}],"inLanguage":"es"}]}},"_links":{"self":[{"href":"https:\/\/www.consultingcheck.com\/es\/wp-json\/wp\/v2\/pages\/18926","targetHints":{"allow":["GET"]}}],"collection":[{"href":"https:\/\/www.consultingcheck.com\/es\/wp-json\/wp\/v2\/pages"}],"about":[{"href":"https:\/\/www.consultingcheck.com\/es\/wp-json\/wp\/v2\/types\/page"}],"author":[{"embeddable":true,"href":"https:\/\/www.consultingcheck.com\/es\/wp-json\/wp\/v2\/users\/36"}],"replies":[{"embeddable":true,"href":"https:\/\/www.consultingcheck.com\/es\/wp-json\/wp\/v2\/comments?post=18926"}],"version-history":[{"count":3,"href":"https:\/\/www.consultingcheck.com\/es\/wp-json\/wp\/v2\/pages\/18926\/revisions"}],"predecessor-version":[{"id":20753,"href":"https:\/\/www.consultingcheck.com\/es\/wp-json\/wp\/v2\/pages\/18926\/revisions\/20753"}],"wp:attachment":[{"href":"https:\/\/www.consultingcheck.com\/es\/wp-json\/wp\/v2\/media?parent=18926"}],"curies":[{"name":"wp","href":"https:\/\/api.w.org\/{rel}","templated":true}]}}