{"id":10732,"date":"2022-10-24T07:11:47","date_gmt":"2022-10-24T05:11:47","guid":{"rendered":"https:\/\/www.consultingcheck.com\/?page_id=10732"},"modified":"2022-10-24T07:14:55","modified_gmt":"2022-10-24T05:14:55","slug":"revocacion","status":"publish","type":"page","link":"https:\/\/www.consultingcheck.com\/es\/revocacion\/","title":{"rendered":"Revocaci\u00f3n"},"content":{"rendered":"\n<div class=\"wp-block-columns is-layout-flex wp-container-core-columns-is-layout-9d6595d7 wp-block-columns-is-layout-flex\">\n<div class=\"wp-block-column is-layout-flow wp-block-column-is-layout-flow\">\n<h1 class=\"wp-block-heading\">Revocaci\u00f3n<\/h1>\n\n\n\n<h3 class=\"wp-block-heading\" id=\"13-widerrufsbelehrung\">Pol\u00edtica de revocaci\u00f3n <\/h3>\n\n\n\n<p>Tiene derecho a rescindir este contrato en un plazo de catorce d\u00edas sin indicar el motivo. <br>El plazo de desistimiento es de catorce d\u00edas a partir de la fecha de celebraci\u00f3n del contrato. Para ejercer su derecho de revocaci\u00f3n, debe enviarnos<\/p>\n\n\n\n<p>Dr. Boysen Management + Consulting GmbH<br>Gesch\u00e4ftsf\u00fchrer: Dipl.-Ing. Dr. rer. pol. Werner Boysen<\/p>\n\n\n\n<p>Klostergut Besselich<br>D-56182 Urbar am Rhein<br>Tel\u00e9fono: +49-178 464 03 12<br>Correo electr\u00f3nico: info@consultingcheck.com<\/p>\n\n\n\n<p>mediante una declaraci\u00f3n clara (por ejemplo, una carta enviada por correo postal o correo electr\u00f3nico) de su decisi\u00f3n de revocar este contrato. Para ello, puede utilizar el modelo de formulario de desistimiento adjunto, que, sin embargo, no es obligatorio. Para cumplir el plazo de desistimiento, basta con que env\u00ede la notificaci\u00f3n del ejercicio del derecho de desistimiento antes de que expire el plazo de desistimiento.<\/p>\n\n\n\n<p>Consecuencias de la revocaci\u00f3n<\/p>\n\n\n\n<p>Si rescinde el contrato, deberemos reembolsar todos los pagos que hayamos recibido de usted, incluidos los gastos de env\u00edo (a excepci\u00f3n de los gastos adicionales resultantes del hecho de que haya elegido un tipo de env\u00edo distinto al env\u00edo est\u00e1ndar econ\u00f3mico que ofrecemos), sin demora y a m\u00e1s tardar en un plazo de catorce d\u00edas a partir del d\u00eda en que hayamos recibido la notificaci\u00f3n de su rescisi\u00f3n del contrato. Para este reembolso, utilizaremos el mismo medio de pago que usted utiliz\u00f3 para la transacci\u00f3n original, a menos que se haya acordado expresamente lo contrario con usted; en ning\u00fan caso se le cobrar\u00e1 ninguna comisi\u00f3n por este reembolso.<\/p>\n\n\n\n<p>Si ha solicitado que los servicios comiencen durante el periodo de desistimiento, deber\u00e1 abonarnos una cantidad razonable correspondiente a la proporci\u00f3n de los servicios ya prestados hasta el momento en que nos notifique el ejercicio del derecho de desistimiento con respecto a este contrato en comparaci\u00f3n con el alcance total de los servicios previstos en el mismo.<\/p>\n\n\n\n<p>En el modelo de formulario de desistimiento facilitamos la siguiente informaci\u00f3n de acuerdo con las disposiciones legales:<\/p>\n\n\n\n<p>Modelo de formulario de desistimiento<\/p>\n\n\n\n<p>(Si desea revocar el contrato, imprima el siguiente texto, rellene los pasajes correspondientes y env\u00edenoslo por correo\/fax. Tambi\u00e9n puede formular la revocaci\u00f3n por correo electr\u00f3nico.<\/p>\n\n\n\n<p>&#8211; Para<\/p>\n\n\n\n<p>Dr. Boysen Management + Consulting GmbH<\/p>\n\n\n\n<p>Director General: Dr. rer. pol. Werner Boysen<\/p>\n\n\n\n<p>Klostergut Besselich<\/p>\n\n\n\n<p>D-56182 Urbar am Rhein<\/p>\n\n\n\n<p>Tel\u00e9fono: +49-178 464 03 12<\/p>\n\n\n\n<p>Correo electr\u00f3nico: info@consultingcheck.com<\/p>\n\n\n\n<p>&#8211; Yo\/nosotros () revocamos el contrato celebrado por m\u00ed\/nosotros () relativo a la compra de los siguientes bienes<\/p>\n\n\n\n<p>para la compra de los siguientes bienes (*)\/ el suministro de los siguientes<\/p>\n\n\n\n<p>servicio (*)<\/p>\n\n\n\n<p>&#8211; Pedido el ()\/recibido el ()<\/p>\n\n\n\n<p>&#8211; Nombre del consumidor(es)<\/p>\n\n\n\n<p>&#8211; Direcci\u00f3n del consumidor o consumidores<\/p>\n\n\n\n<p>&#8211; Firma del consumidor o consumidores (s\u00f3lo en caso de comunicaci\u00f3n en papel)<\/p>\n\n\n\n<p>&#8211; Fecha(s)<\/p>\n\n\n\n<p>(*) T\u00e1chese lo que no proceda<\/p>\n<\/div>\n<\/div>\n","protected":false},"excerpt":{"rendered":"<p>Revocaci\u00f3n Pol\u00edtica de revocaci\u00f3n Tiene derecho a rescindir este contrato en un plazo de catorce d\u00edas sin indicar el motivo. El plazo de desistimiento es de catorce d\u00edas a partir de la fecha de celebraci\u00f3n del contrato. Para ejercer su derecho de revocaci\u00f3n, debe enviarnos Dr. Boysen Management + Consulting GmbHGesch\u00e4ftsf\u00fchrer: Dipl.-Ing. Dr. rer. pol. <a href=\"https:\/\/www.consultingcheck.com\/es\/revocacion\/\" class=\"more-link\">&#8230;<\/a><\/p>\n","protected":false},"author":1,"featured_media":0,"parent":0,"menu_order":28,"comment_status":"closed","ping_status":"closed","template":"","meta":{"footnotes":"","_links_to":"","_links_to_target":""},"class_list":["post-10732","page","type-page","status-publish","hentry"],"yoast_head":"<!-- This site is optimized with the Yoast SEO plugin v27.3 - https:\/\/yoast.com\/product\/yoast-seo-wordpress\/ -->\n<title>Revocaci\u00f3n - consultingcheck<\/title>\n<meta name=\"robots\" content=\"index, follow, max-snippet:-1, max-image-preview:large, max-video-preview:-1\" \/>\n<link rel=\"canonical\" href=\"https:\/\/www.consultingcheck.com\/es\/revocacion\/\" \/>\n<meta property=\"og:locale\" content=\"es_ES\" \/>\n<meta property=\"og:type\" content=\"article\" \/>\n<meta property=\"og:title\" content=\"Revocaci\u00f3n - consultingcheck\" \/>\n<meta property=\"og:description\" content=\"Revocaci\u00f3n Pol\u00edtica de revocaci\u00f3n Tiene derecho a rescindir este contrato en un plazo de catorce d\u00edas sin indicar el motivo. El plazo de desistimiento es de catorce d\u00edas a partir de la fecha de celebraci\u00f3n del contrato. Para ejercer su derecho de revocaci\u00f3n, debe enviarnos Dr. Boysen Management + Consulting GmbHGesch\u00e4ftsf\u00fchrer: Dipl.-Ing. Dr. rer. pol. ...\" \/>\n<meta property=\"og:url\" content=\"https:\/\/www.consultingcheck.com\/es\/revocacion\/\" \/>\n<meta property=\"og:site_name\" content=\"consultingcheck\" \/>\n<meta property=\"article:modified_time\" content=\"2022-10-24T05:14:55+00:00\" \/>\n<meta name=\"twitter:card\" content=\"summary_large_image\" \/>\n<meta name=\"twitter:label1\" content=\"Tiempo de lectura\" \/>\n\t<meta name=\"twitter:data1\" content=\"3 minutos\" \/>\n<script type=\"application\/ld+json\" class=\"yoast-schema-graph\">{\"@context\":\"https:\\\/\\\/schema.org\",\"@graph\":[{\"@type\":\"WebPage\",\"@id\":\"https:\\\/\\\/www.consultingcheck.com\\\/es\\\/revocacion\\\/\",\"url\":\"https:\\\/\\\/www.consultingcheck.com\\\/es\\\/revocacion\\\/\",\"name\":\"Revocaci\u00f3n - consultingcheck\",\"isPartOf\":{\"@id\":\"https:\\\/\\\/www.consultingcheck.com\\\/es\\\/#website\"},\"datePublished\":\"2022-10-24T05:11:47+00:00\",\"dateModified\":\"2022-10-24T05:14:55+00:00\",\"breadcrumb\":{\"@id\":\"https:\\\/\\\/www.consultingcheck.com\\\/es\\\/revocacion\\\/#breadcrumb\"},\"inLanguage\":\"es\",\"potentialAction\":[{\"@type\":\"ReadAction\",\"target\":[\"https:\\\/\\\/www.consultingcheck.com\\\/es\\\/revocacion\\\/\"]}]},{\"@type\":\"BreadcrumbList\",\"@id\":\"https:\\\/\\\/www.consultingcheck.com\\\/es\\\/revocacion\\\/#breadcrumb\",\"itemListElement\":[{\"@type\":\"ListItem\",\"position\":1,\"name\":\"Startseite\",\"item\":\"https:\\\/\\\/www.consultingcheck.com\\\/es\\\/\"},{\"@type\":\"ListItem\",\"position\":2,\"name\":\"Revocaci\u00f3n\"}]},{\"@type\":\"WebSite\",\"@id\":\"https:\\\/\\\/www.consultingcheck.com\\\/es\\\/#website\",\"url\":\"https:\\\/\\\/www.consultingcheck.com\\\/es\\\/\",\"name\":\"consultingcheck\",\"description\":\"Vernetzt gedacht. Entzaubert. Hands-on.\",\"potentialAction\":[{\"@type\":\"SearchAction\",\"target\":{\"@type\":\"EntryPoint\",\"urlTemplate\":\"https:\\\/\\\/www.consultingcheck.com\\\/es\\\/?s={search_term_string}\"},\"query-input\":{\"@type\":\"PropertyValueSpecification\",\"valueRequired\":true,\"valueName\":\"search_term_string\"}}],\"inLanguage\":\"es\"}]}<\/script>\n<!-- \/ Yoast SEO plugin. -->","yoast_head_json":{"title":"Revocaci\u00f3n - consultingcheck","robots":{"index":"index","follow":"follow","max-snippet":"max-snippet:-1","max-image-preview":"max-image-preview:large","max-video-preview":"max-video-preview:-1"},"canonical":"https:\/\/www.consultingcheck.com\/es\/revocacion\/","og_locale":"es_ES","og_type":"article","og_title":"Revocaci\u00f3n - consultingcheck","og_description":"Revocaci\u00f3n Pol\u00edtica de revocaci\u00f3n Tiene derecho a rescindir este contrato en un plazo de catorce d\u00edas sin indicar el motivo. El plazo de desistimiento es de catorce d\u00edas a partir de la fecha de celebraci\u00f3n del contrato. Para ejercer su derecho de revocaci\u00f3n, debe enviarnos Dr. Boysen Management + Consulting GmbHGesch\u00e4ftsf\u00fchrer: Dipl.-Ing. Dr. rer. pol. ...","og_url":"https:\/\/www.consultingcheck.com\/es\/revocacion\/","og_site_name":"consultingcheck","article_modified_time":"2022-10-24T05:14:55+00:00","twitter_card":"summary_large_image","twitter_misc":{"Tiempo de lectura":"3 minutos"},"schema":{"@context":"https:\/\/schema.org","@graph":[{"@type":"WebPage","@id":"https:\/\/www.consultingcheck.com\/es\/revocacion\/","url":"https:\/\/www.consultingcheck.com\/es\/revocacion\/","name":"Revocaci\u00f3n - consultingcheck","isPartOf":{"@id":"https:\/\/www.consultingcheck.com\/es\/#website"},"datePublished":"2022-10-24T05:11:47+00:00","dateModified":"2022-10-24T05:14:55+00:00","breadcrumb":{"@id":"https:\/\/www.consultingcheck.com\/es\/revocacion\/#breadcrumb"},"inLanguage":"es","potentialAction":[{"@type":"ReadAction","target":["https:\/\/www.consultingcheck.com\/es\/revocacion\/"]}]},{"@type":"BreadcrumbList","@id":"https:\/\/www.consultingcheck.com\/es\/revocacion\/#breadcrumb","itemListElement":[{"@type":"ListItem","position":1,"name":"Startseite","item":"https:\/\/www.consultingcheck.com\/es\/"},{"@type":"ListItem","position":2,"name":"Revocaci\u00f3n"}]},{"@type":"WebSite","@id":"https:\/\/www.consultingcheck.com\/es\/#website","url":"https:\/\/www.consultingcheck.com\/es\/","name":"consultingcheck","description":"Vernetzt gedacht. Entzaubert. Hands-on.","potentialAction":[{"@type":"SearchAction","target":{"@type":"EntryPoint","urlTemplate":"https:\/\/www.consultingcheck.com\/es\/?s={search_term_string}"},"query-input":{"@type":"PropertyValueSpecification","valueRequired":true,"valueName":"search_term_string"}}],"inLanguage":"es"}]}},"_links":{"self":[{"href":"https:\/\/www.consultingcheck.com\/es\/wp-json\/wp\/v2\/pages\/10732","targetHints":{"allow":["GET"]}}],"collection":[{"href":"https:\/\/www.consultingcheck.com\/es\/wp-json\/wp\/v2\/pages"}],"about":[{"href":"https:\/\/www.consultingcheck.com\/es\/wp-json\/wp\/v2\/types\/page"}],"author":[{"embeddable":true,"href":"https:\/\/www.consultingcheck.com\/es\/wp-json\/wp\/v2\/users\/1"}],"replies":[{"embeddable":true,"href":"https:\/\/www.consultingcheck.com\/es\/wp-json\/wp\/v2\/comments?post=10732"}],"version-history":[{"count":2,"href":"https:\/\/www.consultingcheck.com\/es\/wp-json\/wp\/v2\/pages\/10732\/revisions"}],"predecessor-version":[{"id":10734,"href":"https:\/\/www.consultingcheck.com\/es\/wp-json\/wp\/v2\/pages\/10732\/revisions\/10734"}],"wp:attachment":[{"href":"https:\/\/www.consultingcheck.com\/es\/wp-json\/wp\/v2\/media?parent=10732"}],"curies":[{"name":"wp","href":"https:\/\/api.w.org\/{rel}","templated":true}]}}