{"id":10707,"date":"2022-10-22T16:10:34","date_gmt":"2022-10-22T14:10:34","guid":{"rendered":"https:\/\/www.consultingcheck.com\/?page_id=10707"},"modified":"2023-05-18T10:43:50","modified_gmt":"2023-05-18T08:43:50","slug":"descargas-aplicaciones-y-productos","status":"publish","type":"page","link":"https:\/\/www.consultingcheck.com\/es\/herramientas\/descargas-aplicaciones-y-productos\/","title":{"rendered":"Descargas, aplicaciones y productos"},"content":{"rendered":"\n<h2 class=\"wp-block-heading\"><strong>Informes \u00fatiles sobre el tema, \u201cwhite papers\u201d, listas de control, hojas de trabajo, aplicaciones de c\u00e1lculo y plantillas de formatos para su empresa<\/strong><\/h2>\n\n\n\n<h3 class=\"wp-block-heading\"><strong>Contenido<\/strong><span style=\"font-size: revert; color: initial;\"><\/span><\/h3>\n\n\n<div class=\"wp-block-image\">\n<figure class=\"alignright size-full is-resized\"><img loading=\"lazy\" decoding=\"async\" src=\"https:\/\/www.consultingcheck.com\/wp-content\/uploads\/2022\/12\/image.png\" alt=\"\" class=\"wp-image-12211\" width=\"458\" height=\"305\" srcset=\"https:\/\/www.consultingcheck.com\/wp-content\/uploads\/2022\/12\/image.png 1024w, https:\/\/www.consultingcheck.com\/wp-content\/uploads\/2022\/12\/image-300x200.png 300w, https:\/\/www.consultingcheck.com\/wp-content\/uploads\/2022\/12\/image-400x267.png 400w, https:\/\/www.consultingcheck.com\/wp-content\/uploads\/2022\/12\/image-600x400.png 600w\" sizes=\"auto, (max-width: 458px) 100vw, 458px\" \/><\/figure>\n<\/div>\n\n\n<p>En esta secci\u00f3n \u00abDescargas\u00bb encontrar\u00e1 muchas herramientas pr\u00e1cticas para facilitar su trabajo. Encontrar\u00e1 informes compactos sobre temas individuales relevantes y libros blancos sobre los desarrollos actuales y los requisitos futuros, as\u00ed como listas de comprobaci\u00f3n \u00fatiles, hojas de trabajo probadas, aplicaciones de c\u00e1lculo, incluidas aplicaciones de simulaci\u00f3n y aplicaciones de autoevaluaci\u00f3n basadas en la web, y plantillas de formatos que puede utilizar inmediatamente.<\/p>\n\n\n\n<p>Con las plantillas de formato, no se empieza con una \u00abhoja en blanco\u00bb, sino que se puede construir directamente sobre un trabajo preparatorio probado.<\/p>\n\n\n\n<p>Si tienes ideas para otras ayudas \u00fatiles, por favor, h\u00e1ganoslo saber. Estaremos encantados de ampliar nuestra gama de forma selectiva.<\/p>\n\n\n\n<div style=\"height:100px\" aria-hidden=\"true\" class=\"wp-block-spacer is-style-s20\"><\/div>\n\n\n\n<h3 class=\"wp-block-heading\"><strong>Ventajas<\/strong><\/h3>\n\n\n\n<ul class=\"wp-block-list\">\n<li>Utilice aplicaciones de c\u00e1lculo y plantillas de formato de eficacia probada.<\/li>\n\n\n\n<li>Ah\u00f3rrese el tiempo y el esfuerzo de crear y formatear su propia estructura.<\/li>\n\n\n\n<li>D\u00e9jese inspirar por los libros blancos<\/li>\n\n\n\n<li>Utilice nuestras autoevaluaciones y aplicaciones de simulaci\u00f3n basadas en la web.<\/li>\n<\/ul>\n\n\n\n<pre class=\"wp-block-preformatted\"><div class=\"category-tiles style-0\"><a href=\"https:\/\/www.consultingcheck.com\/de\/ressourcen-kategorie\/themen\/checklisten-fuer-die-due-diligence\/\"><img decoding=\"async\" src=\"https:\/\/www.consultingcheck.com\/wp-content\/uploads\/2022\/10\/Due-Diligence-scaled-360x180.jpeg\" title=\"Diligencia debida\" \/><span>Diligencia debida<\/span><\/a><a href=\"https:\/\/www.consultingcheck.com\/de\/ressourcen-kategorie\/themen\/finanz\/\"><img decoding=\"async\" src=\"https:\/\/www.consultingcheck.com\/wp-content\/uploads\/2022\/10\/Finanz-scaled-360x180.jpeg\" title=\" Finanzas\" \/><span> Finanzas<\/span><\/a><a href=\"https:\/\/www.consultingcheck.com\/de\/ressourcen-kategorie\/themen\/gruendung\/\"><img decoding=\"async\" src=\"https:\/\/www.consultingcheck.com\/wp-content\/uploads\/2022\/10\/Unternehmensgruendung-scaled-360x180.jpeg\" title=\" Creaci\u00f3n de una empresa\" \/><span> Creaci\u00f3n de una empresa<\/span><\/a><a href=\"https:\/\/www.consultingcheck.com\/de\/ressourcen-kategorie\/themen\/innovation\/\"><img decoding=\"async\" src=\"https:\/\/www.consultingcheck.com\/wp-content\/uploads\/2022\/10\/Innovation-scaled-360x180.jpeg\" title=\" Inovaci\u00f3n\" \/><span> Inovaci\u00f3n<\/span><\/a><a href=\"https:\/\/www.consultingcheck.com\/de\/ressourcen-kategorie\/themen\/leadership\/\"><img decoding=\"async\" src=\"https:\/\/www.consultingcheck.com\/wp-content\/uploads\/2022\/10\/Leadership-scaled-360x180.jpeg\" title=\" Liderazgo\" \/><span> Liderazgo<\/span><\/a><a href=\"https:\/\/www.consultingcheck.com\/de\/ressourcen-kategorie\/themen\/management\/\"><img decoding=\"async\" src=\"https:\/\/www.consultingcheck.com\/wp-content\/uploads\/2022\/10\/Management-scaled-360x180.jpeg\" title=\" Gesti\u00f3n de empresa\" \/><span> Gesti\u00f3n de empresa<\/span><\/a><a href=\"https:\/\/www.consultingcheck.com\/de\/ressourcen-kategorie\/themen\/prozesse\/\"><img decoding=\"async\" src=\"https:\/\/www.consultingcheck.com\/wp-content\/uploads\/2022\/10\/Prozesse-scaled-360x180.jpeg\" title=\" Procesos\" \/><span> Procesos<\/span><\/a><a href=\"https:\/\/www.consultingcheck.com\/de\/ressourcen-kategorie\/themen\/unternehmenstransaktionen\/\"><img decoding=\"async\" src=\"https:\/\/www.consultingcheck.com\/wp-content\/uploads\/2022\/10\/Unternehmenstransaktion-scaled-360x180.jpeg\" title=\" Transacciones de empresas\" \/><span> Transacciones de empresas<\/span><\/a><a href=\"https:\/\/www.consultingcheck.com\/de\/ressourcen-kategorie\/themen\/vertrieb\/\"><img decoding=\"async\" src=\"https:\/\/www.consultingcheck.com\/wp-content\/uploads\/2022\/10\/Vertrieb-scaled-360x180.jpeg\" title=\" Ventas\" \/><span> Ventas<\/span><\/a><a href=\"https:\/\/www.consultingcheck.com\/de\/ressourcen-kategorie\/themen\/gewerbeimmobilien-und-industriebau\/\"><img decoding=\"async\" src=\"https:\/\/www.consultingcheck.com\/wp-content\/uploads\/2022\/12\/AdobeStock_67260822-Brownfield-360x180.jpeg\" title=\" Inmobiliario comercial y construcci\u00f3n industrial\" \/><span> Inmobiliario comercial y construcci\u00f3n industrial<\/span><\/a><\/div><\/pre>\n","protected":false},"excerpt":{"rendered":"<p>Informes \u00fatiles sobre el tema, \u201cwhite papers\u201d, listas de control, hojas de trabajo, aplicaciones de c\u00e1lculo y plantillas de formatos para su empresa Contenido En esta secci\u00f3n \u00abDescargas\u00bb encontrar\u00e1 muchas herramientas pr\u00e1cticas para facilitar su trabajo. Encontrar\u00e1 informes compactos sobre temas individuales relevantes y libros blancos sobre los desarrollos actuales y los requisitos futuros, as\u00ed <a href=\"https:\/\/www.consultingcheck.com\/es\/herramientas\/descargas-aplicaciones-y-productos\/\" class=\"more-link\">&#8230;<\/a><\/p>\n","protected":false},"author":1,"featured_media":0,"parent":10220,"menu_order":0,"comment_status":"closed","ping_status":"closed","template":"","meta":{"footnotes":"","_links_to":"","_links_to_target":""},"class_list":["post-10707","page","type-page","status-publish","hentry"],"yoast_head":"<!-- This site is optimized with the Yoast SEO plugin v27.4 - https:\/\/yoast.com\/product\/yoast-seo-wordpress\/ -->\n<title>Descargas, aplicaciones y productos - consultingcheck<\/title>\n<meta name=\"robots\" content=\"index, follow, max-snippet:-1, max-image-preview:large, max-video-preview:-1\" \/>\n<link rel=\"canonical\" href=\"https:\/\/www.consultingcheck.com\/es\/herramientas\/descargas-aplicaciones-y-productos\/\" \/>\n<meta property=\"og:locale\" content=\"es_ES\" \/>\n<meta property=\"og:type\" content=\"article\" \/>\n<meta property=\"og:title\" content=\"Descargas, aplicaciones y productos - consultingcheck\" \/>\n<meta property=\"og:description\" content=\"Informes \u00fatiles sobre el tema, \u201cwhite papers\u201d, listas de control, hojas de trabajo, aplicaciones de c\u00e1lculo y plantillas de formatos para su empresa Contenido En esta secci\u00f3n \u00abDescargas\u00bb encontrar\u00e1 muchas herramientas pr\u00e1cticas para facilitar su trabajo. Encontrar\u00e1 informes compactos sobre temas individuales relevantes y libros blancos sobre los desarrollos actuales y los requisitos futuros, as\u00ed ...\" \/>\n<meta property=\"og:url\" content=\"https:\/\/www.consultingcheck.com\/es\/herramientas\/descargas-aplicaciones-y-productos\/\" \/>\n<meta property=\"og:site_name\" content=\"consultingcheck\" \/>\n<meta property=\"article:modified_time\" content=\"2023-05-18T08:43:50+00:00\" \/>\n<meta property=\"og:image\" content=\"https:\/\/www.consultingcheck.com\/wp-content\/uploads\/2022\/12\/image.png\" \/>\n<meta name=\"twitter:card\" content=\"summary_large_image\" \/>\n<meta name=\"twitter:label1\" content=\"Tiempo de lectura\" \/>\n\t<meta name=\"twitter:data1\" content=\"2 minutos\" \/>\n<script type=\"application\/ld+json\" class=\"yoast-schema-graph\">{\"@context\":\"https:\\\/\\\/schema.org\",\"@graph\":[{\"@type\":\"WebPage\",\"@id\":\"https:\\\/\\\/www.consultingcheck.com\\\/es\\\/herramientas\\\/descargas-aplicaciones-y-productos\\\/\",\"url\":\"https:\\\/\\\/www.consultingcheck.com\\\/es\\\/herramientas\\\/descargas-aplicaciones-y-productos\\\/\",\"name\":\"Descargas, aplicaciones y productos - consultingcheck\",\"isPartOf\":{\"@id\":\"https:\\\/\\\/www.consultingcheck.com\\\/es\\\/#website\"},\"primaryImageOfPage\":{\"@id\":\"https:\\\/\\\/www.consultingcheck.com\\\/es\\\/herramientas\\\/descargas-aplicaciones-y-productos\\\/#primaryimage\"},\"image\":{\"@id\":\"https:\\\/\\\/www.consultingcheck.com\\\/es\\\/herramientas\\\/descargas-aplicaciones-y-productos\\\/#primaryimage\"},\"thumbnailUrl\":\"https:\\\/\\\/www.consultingcheck.com\\\/wp-content\\\/uploads\\\/2022\\\/12\\\/image.png\",\"datePublished\":\"2022-10-22T14:10:34+00:00\",\"dateModified\":\"2023-05-18T08:43:50+00:00\",\"breadcrumb\":{\"@id\":\"https:\\\/\\\/www.consultingcheck.com\\\/es\\\/herramientas\\\/descargas-aplicaciones-y-productos\\\/#breadcrumb\"},\"inLanguage\":\"es\",\"potentialAction\":[{\"@type\":\"ReadAction\",\"target\":[\"https:\\\/\\\/www.consultingcheck.com\\\/es\\\/herramientas\\\/descargas-aplicaciones-y-productos\\\/\"]}]},{\"@type\":\"ImageObject\",\"inLanguage\":\"es\",\"@id\":\"https:\\\/\\\/www.consultingcheck.com\\\/es\\\/herramientas\\\/descargas-aplicaciones-y-productos\\\/#primaryimage\",\"url\":\"https:\\\/\\\/www.consultingcheck.com\\\/wp-content\\\/uploads\\\/2022\\\/12\\\/image.png\",\"contentUrl\":\"https:\\\/\\\/www.consultingcheck.com\\\/wp-content\\\/uploads\\\/2022\\\/12\\\/image.png\"},{\"@type\":\"BreadcrumbList\",\"@id\":\"https:\\\/\\\/www.consultingcheck.com\\\/es\\\/herramientas\\\/descargas-aplicaciones-y-productos\\\/#breadcrumb\",\"itemListElement\":[{\"@type\":\"ListItem\",\"position\":1,\"name\":\"Startseite\",\"item\":\"https:\\\/\\\/www.consultingcheck.com\\\/es\\\/\"},{\"@type\":\"ListItem\",\"position\":2,\"name\":\"Herramientas\",\"item\":\"https:\\\/\\\/www.consultingcheck.com\\\/es\\\/?page_id=10220\"},{\"@type\":\"ListItem\",\"position\":3,\"name\":\"Descargas, aplicaciones y productos\"}]},{\"@type\":\"WebSite\",\"@id\":\"https:\\\/\\\/www.consultingcheck.com\\\/es\\\/#website\",\"url\":\"https:\\\/\\\/www.consultingcheck.com\\\/es\\\/\",\"name\":\"consultingcheck\",\"description\":\"Vernetzt gedacht. Entzaubert. Hands-on.\",\"potentialAction\":[{\"@type\":\"SearchAction\",\"target\":{\"@type\":\"EntryPoint\",\"urlTemplate\":\"https:\\\/\\\/www.consultingcheck.com\\\/es\\\/?s={search_term_string}\"},\"query-input\":{\"@type\":\"PropertyValueSpecification\",\"valueRequired\":true,\"valueName\":\"search_term_string\"}}],\"inLanguage\":\"es\"}]}<\/script>\n<!-- \/ Yoast SEO plugin. -->","yoast_head_json":{"title":"Descargas, aplicaciones y productos - consultingcheck","robots":{"index":"index","follow":"follow","max-snippet":"max-snippet:-1","max-image-preview":"max-image-preview:large","max-video-preview":"max-video-preview:-1"},"canonical":"https:\/\/www.consultingcheck.com\/es\/herramientas\/descargas-aplicaciones-y-productos\/","og_locale":"es_ES","og_type":"article","og_title":"Descargas, aplicaciones y productos - consultingcheck","og_description":"Informes \u00fatiles sobre el tema, \u201cwhite papers\u201d, listas de control, hojas de trabajo, aplicaciones de c\u00e1lculo y plantillas de formatos para su empresa Contenido En esta secci\u00f3n \u00abDescargas\u00bb encontrar\u00e1 muchas herramientas pr\u00e1cticas para facilitar su trabajo. Encontrar\u00e1 informes compactos sobre temas individuales relevantes y libros blancos sobre los desarrollos actuales y los requisitos futuros, as\u00ed ...","og_url":"https:\/\/www.consultingcheck.com\/es\/herramientas\/descargas-aplicaciones-y-productos\/","og_site_name":"consultingcheck","article_modified_time":"2023-05-18T08:43:50+00:00","og_image":[{"url":"https:\/\/www.consultingcheck.com\/wp-content\/uploads\/2022\/12\/image.png","type":"","width":"","height":""}],"twitter_card":"summary_large_image","twitter_misc":{"Tiempo de lectura":"2 minutos"},"schema":{"@context":"https:\/\/schema.org","@graph":[{"@type":"WebPage","@id":"https:\/\/www.consultingcheck.com\/es\/herramientas\/descargas-aplicaciones-y-productos\/","url":"https:\/\/www.consultingcheck.com\/es\/herramientas\/descargas-aplicaciones-y-productos\/","name":"Descargas, aplicaciones y productos - consultingcheck","isPartOf":{"@id":"https:\/\/www.consultingcheck.com\/es\/#website"},"primaryImageOfPage":{"@id":"https:\/\/www.consultingcheck.com\/es\/herramientas\/descargas-aplicaciones-y-productos\/#primaryimage"},"image":{"@id":"https:\/\/www.consultingcheck.com\/es\/herramientas\/descargas-aplicaciones-y-productos\/#primaryimage"},"thumbnailUrl":"https:\/\/www.consultingcheck.com\/wp-content\/uploads\/2022\/12\/image.png","datePublished":"2022-10-22T14:10:34+00:00","dateModified":"2023-05-18T08:43:50+00:00","breadcrumb":{"@id":"https:\/\/www.consultingcheck.com\/es\/herramientas\/descargas-aplicaciones-y-productos\/#breadcrumb"},"inLanguage":"es","potentialAction":[{"@type":"ReadAction","target":["https:\/\/www.consultingcheck.com\/es\/herramientas\/descargas-aplicaciones-y-productos\/"]}]},{"@type":"ImageObject","inLanguage":"es","@id":"https:\/\/www.consultingcheck.com\/es\/herramientas\/descargas-aplicaciones-y-productos\/#primaryimage","url":"https:\/\/www.consultingcheck.com\/wp-content\/uploads\/2022\/12\/image.png","contentUrl":"https:\/\/www.consultingcheck.com\/wp-content\/uploads\/2022\/12\/image.png"},{"@type":"BreadcrumbList","@id":"https:\/\/www.consultingcheck.com\/es\/herramientas\/descargas-aplicaciones-y-productos\/#breadcrumb","itemListElement":[{"@type":"ListItem","position":1,"name":"Startseite","item":"https:\/\/www.consultingcheck.com\/es\/"},{"@type":"ListItem","position":2,"name":"Herramientas","item":"https:\/\/www.consultingcheck.com\/es\/?page_id=10220"},{"@type":"ListItem","position":3,"name":"Descargas, aplicaciones y productos"}]},{"@type":"WebSite","@id":"https:\/\/www.consultingcheck.com\/es\/#website","url":"https:\/\/www.consultingcheck.com\/es\/","name":"consultingcheck","description":"Vernetzt gedacht. Entzaubert. Hands-on.","potentialAction":[{"@type":"SearchAction","target":{"@type":"EntryPoint","urlTemplate":"https:\/\/www.consultingcheck.com\/es\/?s={search_term_string}"},"query-input":{"@type":"PropertyValueSpecification","valueRequired":true,"valueName":"search_term_string"}}],"inLanguage":"es"}]}},"_links":{"self":[{"href":"https:\/\/www.consultingcheck.com\/es\/wp-json\/wp\/v2\/pages\/10707","targetHints":{"allow":["GET"]}}],"collection":[{"href":"https:\/\/www.consultingcheck.com\/es\/wp-json\/wp\/v2\/pages"}],"about":[{"href":"https:\/\/www.consultingcheck.com\/es\/wp-json\/wp\/v2\/types\/page"}],"author":[{"embeddable":true,"href":"https:\/\/www.consultingcheck.com\/es\/wp-json\/wp\/v2\/users\/1"}],"replies":[{"embeddable":true,"href":"https:\/\/www.consultingcheck.com\/es\/wp-json\/wp\/v2\/comments?post=10707"}],"version-history":[{"count":5,"href":"https:\/\/www.consultingcheck.com\/es\/wp-json\/wp\/v2\/pages\/10707\/revisions"}],"predecessor-version":[{"id":17305,"href":"https:\/\/www.consultingcheck.com\/es\/wp-json\/wp\/v2\/pages\/10707\/revisions\/17305"}],"up":[{"embeddable":true,"href":"https:\/\/www.consultingcheck.com\/es\/wp-json\/wp\/v2\/pages\/10220"}],"wp:attachment":[{"href":"https:\/\/www.consultingcheck.com\/es\/wp-json\/wp\/v2\/media?parent=10707"}],"curies":[{"name":"wp","href":"https:\/\/api.w.org\/{rel}","templated":true}]}}