{"id":10670,"date":"2022-10-19T15:55:10","date_gmt":"2022-10-19T13:55:10","guid":{"rendered":"https:\/\/www.consultingcheck.com\/news\/revista-de-prensa\/"},"modified":"2022-10-22T15:20:05","modified_gmt":"2022-10-22T13:20:05","slug":"revista-de-prensa","status":"publish","type":"page","link":"https:\/\/www.consultingcheck.com\/es\/news\/revista-de-prensa\/","title":{"rendered":"Revista de prensa"},"content":{"rendered":"\n<div class=\"wp-block-columns is-layout-flex wp-container-core-columns-is-layout-9d6595d7 wp-block-columns-is-layout-flex\">\n<div class=\"wp-block-column is-layout-flow wp-block-column-is-layout-flow\" style=\"flex-basis:100%\">\n<h1 class=\"wp-block-heading\">Revista de prensa<\/h1>\n\n\n\n<p>Aqu\u00ed encontrar\u00e1 un extracto de las publicaciones sobre <span class=\"consultingcheck\"><span>consulting<\/span>check<\/span> en revistas especializadas y peri\u00f3dicos regionales.<\/p>\n\n\n\n<p>Los enlaces proporcionados le llevar\u00e1n directamente al sitio web del medio en el que apareci\u00f3 el art\u00edculo respectivo.<\/p>\n\n\n\n<div style=\"height:100px\" aria-hidden=\"true\" class=\"wp-block-spacer is-style-s20\"><\/div>\n\n\n\n<div class=\"wp-block-group\"><div class=\"wp-block-group__inner-container is-layout-flow wp-block-group-is-layout-flow\">\n<p>No news found.<\/p>\n<\/div><\/div>\n<\/div>\n<\/div>\n","protected":false},"excerpt":{"rendered":"<p>Revista de prensa Aqu\u00ed encontrar\u00e1 un extracto de las publicaciones sobre en revistas especializadas y peri\u00f3dicos regionales. Los enlaces proporcionados le llevar\u00e1n directamente al sitio web del medio en el que apareci\u00f3 el art\u00edculo respectivo.<\/p>\n","protected":false},"author":1,"featured_media":0,"parent":10226,"menu_order":0,"comment_status":"closed","ping_status":"closed","template":"","meta":{"footnotes":"","_links_to":"","_links_to_target":""},"class_list":["post-10670","page","type-page","status-publish","hentry"],"yoast_head":"<!-- This site is optimized with the Yoast SEO plugin v27.3 - https:\/\/yoast.com\/product\/yoast-seo-wordpress\/ -->\n<title>Revista de prensa - consultingcheck<\/title>\n<meta name=\"robots\" content=\"index, follow, max-snippet:-1, max-image-preview:large, max-video-preview:-1\" \/>\n<link rel=\"canonical\" href=\"https:\/\/www.consultingcheck.com\/es\/news\/revista-de-prensa\/\" \/>\n<meta property=\"og:locale\" content=\"es_ES\" \/>\n<meta property=\"og:type\" content=\"article\" \/>\n<meta property=\"og:title\" content=\"Revista de prensa - consultingcheck\" \/>\n<meta property=\"og:description\" content=\"Revista de prensa Aqu\u00ed encontrar\u00e1 un extracto de las publicaciones sobre en revistas especializadas y peri\u00f3dicos regionales. Los enlaces proporcionados le llevar\u00e1n directamente al sitio web del medio en el que apareci\u00f3 el art\u00edculo respectivo.\" \/>\n<meta property=\"og:url\" content=\"https:\/\/www.consultingcheck.com\/es\/news\/revista-de-prensa\/\" \/>\n<meta property=\"og:site_name\" content=\"consultingcheck\" \/>\n<meta property=\"article:modified_time\" content=\"2022-10-22T13:20:05+00:00\" \/>\n<meta name=\"twitter:card\" content=\"summary_large_image\" \/>\n<meta name=\"twitter:label1\" content=\"Tiempo de lectura\" \/>\n\t<meta name=\"twitter:data1\" content=\"1 minuto\" \/>\n<script type=\"application\/ld+json\" class=\"yoast-schema-graph\">{\"@context\":\"https:\\\/\\\/schema.org\",\"@graph\":[{\"@type\":\"WebPage\",\"@id\":\"https:\\\/\\\/www.consultingcheck.com\\\/es\\\/news\\\/revista-de-prensa\\\/\",\"url\":\"https:\\\/\\\/www.consultingcheck.com\\\/es\\\/news\\\/revista-de-prensa\\\/\",\"name\":\"Revista de prensa - consultingcheck\",\"isPartOf\":{\"@id\":\"https:\\\/\\\/www.consultingcheck.com\\\/es\\\/#website\"},\"datePublished\":\"2022-10-19T13:55:10+00:00\",\"dateModified\":\"2022-10-22T13:20:05+00:00\",\"breadcrumb\":{\"@id\":\"https:\\\/\\\/www.consultingcheck.com\\\/es\\\/news\\\/revista-de-prensa\\\/#breadcrumb\"},\"inLanguage\":\"es\",\"potentialAction\":[{\"@type\":\"ReadAction\",\"target\":[\"https:\\\/\\\/www.consultingcheck.com\\\/es\\\/news\\\/revista-de-prensa\\\/\"]}]},{\"@type\":\"BreadcrumbList\",\"@id\":\"https:\\\/\\\/www.consultingcheck.com\\\/es\\\/news\\\/revista-de-prensa\\\/#breadcrumb\",\"itemListElement\":[{\"@type\":\"ListItem\",\"position\":1,\"name\":\"Startseite\",\"item\":\"https:\\\/\\\/www.consultingcheck.com\\\/es\\\/\"},{\"@type\":\"ListItem\",\"position\":2,\"name\":\"Novedades\",\"item\":\"https:\\\/\\\/www.consultingcheck.com\\\/es\\\/news\\\/\"},{\"@type\":\"ListItem\",\"position\":3,\"name\":\"Revista de prensa\"}]},{\"@type\":\"WebSite\",\"@id\":\"https:\\\/\\\/www.consultingcheck.com\\\/es\\\/#website\",\"url\":\"https:\\\/\\\/www.consultingcheck.com\\\/es\\\/\",\"name\":\"consultingcheck\",\"description\":\"Vernetzt gedacht. Entzaubert. Hands-on.\",\"potentialAction\":[{\"@type\":\"SearchAction\",\"target\":{\"@type\":\"EntryPoint\",\"urlTemplate\":\"https:\\\/\\\/www.consultingcheck.com\\\/es\\\/?s={search_term_string}\"},\"query-input\":{\"@type\":\"PropertyValueSpecification\",\"valueRequired\":true,\"valueName\":\"search_term_string\"}}],\"inLanguage\":\"es\"}]}<\/script>\n<!-- \/ Yoast SEO plugin. -->","yoast_head_json":{"title":"Revista de prensa - consultingcheck","robots":{"index":"index","follow":"follow","max-snippet":"max-snippet:-1","max-image-preview":"max-image-preview:large","max-video-preview":"max-video-preview:-1"},"canonical":"https:\/\/www.consultingcheck.com\/es\/news\/revista-de-prensa\/","og_locale":"es_ES","og_type":"article","og_title":"Revista de prensa - consultingcheck","og_description":"Revista de prensa Aqu\u00ed encontrar\u00e1 un extracto de las publicaciones sobre en revistas especializadas y peri\u00f3dicos regionales. Los enlaces proporcionados le llevar\u00e1n directamente al sitio web del medio en el que apareci\u00f3 el art\u00edculo respectivo.","og_url":"https:\/\/www.consultingcheck.com\/es\/news\/revista-de-prensa\/","og_site_name":"consultingcheck","article_modified_time":"2022-10-22T13:20:05+00:00","twitter_card":"summary_large_image","twitter_misc":{"Tiempo de lectura":"1 minuto"},"schema":{"@context":"https:\/\/schema.org","@graph":[{"@type":"WebPage","@id":"https:\/\/www.consultingcheck.com\/es\/news\/revista-de-prensa\/","url":"https:\/\/www.consultingcheck.com\/es\/news\/revista-de-prensa\/","name":"Revista de prensa - consultingcheck","isPartOf":{"@id":"https:\/\/www.consultingcheck.com\/es\/#website"},"datePublished":"2022-10-19T13:55:10+00:00","dateModified":"2022-10-22T13:20:05+00:00","breadcrumb":{"@id":"https:\/\/www.consultingcheck.com\/es\/news\/revista-de-prensa\/#breadcrumb"},"inLanguage":"es","potentialAction":[{"@type":"ReadAction","target":["https:\/\/www.consultingcheck.com\/es\/news\/revista-de-prensa\/"]}]},{"@type":"BreadcrumbList","@id":"https:\/\/www.consultingcheck.com\/es\/news\/revista-de-prensa\/#breadcrumb","itemListElement":[{"@type":"ListItem","position":1,"name":"Startseite","item":"https:\/\/www.consultingcheck.com\/es\/"},{"@type":"ListItem","position":2,"name":"Novedades","item":"https:\/\/www.consultingcheck.com\/es\/news\/"},{"@type":"ListItem","position":3,"name":"Revista de prensa"}]},{"@type":"WebSite","@id":"https:\/\/www.consultingcheck.com\/es\/#website","url":"https:\/\/www.consultingcheck.com\/es\/","name":"consultingcheck","description":"Vernetzt gedacht. Entzaubert. Hands-on.","potentialAction":[{"@type":"SearchAction","target":{"@type":"EntryPoint","urlTemplate":"https:\/\/www.consultingcheck.com\/es\/?s={search_term_string}"},"query-input":{"@type":"PropertyValueSpecification","valueRequired":true,"valueName":"search_term_string"}}],"inLanguage":"es"}]}},"_links":{"self":[{"href":"https:\/\/www.consultingcheck.com\/es\/wp-json\/wp\/v2\/pages\/10670","targetHints":{"allow":["GET"]}}],"collection":[{"href":"https:\/\/www.consultingcheck.com\/es\/wp-json\/wp\/v2\/pages"}],"about":[{"href":"https:\/\/www.consultingcheck.com\/es\/wp-json\/wp\/v2\/types\/page"}],"author":[{"embeddable":true,"href":"https:\/\/www.consultingcheck.com\/es\/wp-json\/wp\/v2\/users\/1"}],"replies":[{"embeddable":true,"href":"https:\/\/www.consultingcheck.com\/es\/wp-json\/wp\/v2\/comments?post=10670"}],"version-history":[{"count":4,"href":"https:\/\/www.consultingcheck.com\/es\/wp-json\/wp\/v2\/pages\/10670\/revisions"}],"predecessor-version":[{"id":10694,"href":"https:\/\/www.consultingcheck.com\/es\/wp-json\/wp\/v2\/pages\/10670\/revisions\/10694"}],"up":[{"embeddable":true,"href":"https:\/\/www.consultingcheck.com\/es\/wp-json\/wp\/v2\/pages\/10226"}],"wp:attachment":[{"href":"https:\/\/www.consultingcheck.com\/es\/wp-json\/wp\/v2\/media?parent=10670"}],"curies":[{"name":"wp","href":"https:\/\/api.w.org\/{rel}","templated":true}]}}