{"id":10218,"date":"2022-10-03T09:59:11","date_gmt":"2022-10-03T07:59:11","guid":{"rendered":"https:\/\/www.consultingcheck.com\/?page_id=10218"},"modified":"2025-07-08T21:32:47","modified_gmt":"2025-07-08T19:32:47","slug":"consultingcheck","status":"publish","type":"page","link":"https:\/\/www.consultingcheck.com\/es\/consultingcheck\/","title":{"rendered":"consultingcheck"},"content":{"rendered":"\n<div class=\"wp-block-columns is-layout-flex wp-container-core-columns-is-layout-9d6595d7 wp-block-columns-is-layout-flex\">\n<div class=\"wp-block-column is-layout-flow wp-block-column-is-layout-flow\">\n<h1 class=\"wp-block-heading\">Acerca de <span class=\"consultingcheck\"><span>consulting<\/span>check<\/span><\/h1>\n\n\n\n<div style=\"height:100px\" aria-hidden=\"true\" class=\"wp-block-spacer is-style-s20\"><\/div>\n\n\n\n<h2 class=\"wp-block-heading\">\u00bfQu\u00e9 es el <span class=\"consultingcheck\"><span>consulting<\/span>check<\/span>?<\/h2>\n\n\n\n<p><span class=\"consultingcheck\"><span>consulting<\/span>check<\/span> es una plataforma digital de asesoramiento empresarial dirigida a especialistas y directivos de empresas de todos los sectores, tama\u00f1os y fases del ciclo de vida de empresas.<\/p>\n\n\n\n<p>Con <span class=\"consultingcheck\"><span>consulting<\/span>check<\/span>, puede afinar sistem\u00e1ticamente sus retos empresariales individuales en un intercambio interactivo y cristalizar enfoques de soluci\u00f3n eficaces.<\/p>\n\n\n\n<p>If you are heavily involved in your demanding day-to-day business, you run the risk of not recognizing all possible courses of action. No one can expect practitioners to know all the relevant methods and process models.<\/p>\n\n\n\n<p>Si est\u00e1 muy involucrado en su exigente d\u00eda a d\u00eda, corre el riesgo de no reconocer todas las posibles v\u00edas de actuaci\u00f3n. Nadie puede esperar que los profesionales conozcan todos los m\u00e9todos y modelos de proceso pertinentes.<\/p>\n\n\n\n<p>Ya sea que quiera internacionalizar sus ventas o aumentar los ingresos, ya sea que quiera digitalizar los procesos, reestructurar su empresa, venderla o dominar otros desaf\u00edos importantes: consultingcheck le ofrece una visi\u00f3n general met\u00f3dica y una orientaci\u00f3n en el trabajo y le muestra los caminos e instrumentos espec\u00edficamente adecuados y probados exactamente cuando los necesita.<\/p>\n\n\n\n<p>Tambi\u00e9n se beneficiar\u00e1 de \u201cwhite papers\u201d innovadores, listas de control pr\u00e1cticas, plantillas \u00fatiles, aplicaciones de gesti\u00f3n empresarial, informaci\u00f3n de fondo relevante y contactos valiosos.<\/p>\n\n\n\n<p>Utiliza a <span class=\"consultingcheck\"><span>consulting<\/span>check<\/span> como tu entrenador personal para obtener el m\u00e1ximo rendimiento.<\/p>\n\n\n\n<h3 class=\"wp-block-heading\"><strong>Servicios de consultor\u00eda<\/strong><\/h3>\n\n\n\n<p>El servicio principal de consultingcheck es un servicio de asesoramiento empresarial digital e interactivo que apoya a los usuarios registrados en las siguientes fases del proceso de asesoramiento:<\/p>\n\n\n\n<ol class=\"wp-block-list\">\n<li>una introducci\u00f3n al di\u00e1logo con la aplicaci\u00f3n, en la que puede especificar lo que le gustar\u00eda hacer, por ejemplo, recibir informaci\u00f3n sobre un tema espec\u00edfico o resolver un reto actual<\/li>\n\n\n\n<li>una delimitaci\u00f3n interactiva de su desaf\u00edo actual (\u00abdiagn\u00f3stico\u00bb)<\/li>\n\n\n\n<li>un enfoque sistem\u00e1tico de los componentes e impulsos de las soluciones eficaces seg\u00fan normas cient\u00edficamente reconocidas<\/li>\n\n\n\n<li>una recomendaci\u00f3n de m\u00e9todos y medidas eficaces (recomendaci\u00f3n de terapia de primer nivel) para resolver su reto<\/li>\n\n\n\n<li>la oferta de ayudas pr\u00e1cticas para la implementaci\u00f3n (acceso a listas de comprobaci\u00f3n \u00fatiles y aplicaciones probadas, por ejemplo, un c\u00e1lculo del valor de la empresa, una planificaci\u00f3n de la liquidez, una simulaci\u00f3n de su empresa etc.)<\/li>\n\n\n\n<li>la oferta de asistencia telef\u00f3nica de segundo nivel<\/li>\n\n\n\n<li>y la prestaci\u00f3n de servicios espec\u00edficos (\u00abderivaci\u00f3n\u00bb a especialistas) para el apoyo de tercer nivel y el apoyo en la impementaci\u00f3n<\/li>\n<\/ol>\n\n\n\n<p>Adem\u00e1s de la aplicaci\u00f3n de consultor\u00eda, consultingcheck ofrecer\u00e1 los siguientes servicios:<\/p>\n\n\n\n<ul class=\"wp-block-list is-style-bullets-1\">\n<li>un conjunto de intercambios de colocaci\u00f3n<ul><li>un intercambio de empresas<\/li><\/ul><ul><li>una bolsa de trabajo<\/li><\/ul>\n<ul class=\"wp-block-list\">\n<li>y un intercambio de m\u00e1quinas y materiales<\/li>\n<\/ul>\n<\/li>\n\n\n\n<li>recomendaciones bibliogr\u00e1ficas pertinentes<\/li>\n\n\n\n<li>y, en el futuro, un panel de v\u00eddeo que ofrezca entrevistas con expertos.<\/li>\n<\/ul>\n\n\n\n<p>Como usuario registrado, tambi\u00e9n se beneficiar\u00e1 de atractivas condiciones especiales para los servicios de pago, por ejemplo, para SystemScan y para talleres y congresos.<\/p>\n\n\n\n<h3 class=\"wp-block-heading\">Reclamo de <span class=\"consultingcheck\"><span>consulting<\/span>check<\/span><\/h3>\n\n\n\n<p><strong>C\u00f3mo puede ayudarle <span class=\"consultingcheck\"><span>consulting<\/span>check<\/span>?<\/strong><\/p>\n\n\n\n<p>consultingcheck asume que usted es un experto en su campo. No queremos ni podemos explicarle lo b\u00e1sico de su trabajo.<\/p>\n\n\n\n<p>Lo que quiere y puede ayudarle consultingcheck es a reconocer las cosas no obvias que pueden hacer para que tenga m\u00e1s \u00e9xito. Usted conoce su negocio, sus mercados y su forma de trabajar mucho mejor que cualquier consultor que acuda a Usted. Los consultores aportan m\u00e9todos que ponen a su disposici\u00f3n. Plantean preguntas que Usted no se plantear\u00eda de la misma manera, y as\u00ed le desaf\u00edan a Usted y a sus equipos m\u00e1s all\u00e1 de su actividad cotidiana para que piensen en enfoques eficaces de las soluciones y las apliquen con \u00e9xito. Los consultores le complementan.<\/p>\n\n\n\n<p>Esta complementariedad es precisamente la ambici\u00f3n de consultingcheck. Nos gustar\u00eda presentarle soluciones adecuadas en el di\u00e1logo, que podr\u00e1 aplicar usted mismo o junto con los especialistas que le recomendemos.<\/p>\n\n\n\n<div class=\"wp-block-columns is-layout-flex wp-container-core-columns-is-layout-9d6595d7 wp-block-columns-is-layout-flex\">\n<div class=\"wp-block-column is-layout-flow wp-block-column-is-layout-flow\">\n<h3 class=\"wp-block-heading\"><strong>Por qu\u00e9 creemos que podemos hacerlo<\/strong><\/h3>\n\n\n\n<p>Como autores de consultingcheck tenemos muchas d\u00e9cadas de experiencia en gesti\u00f3n y consultor\u00eda de empresas en varios sectores y en diferentes situaciones empresariales con retos muy diferentes. Hemos desarrollado una experiencia y un sentido agudo de lo que funciona y lo que no funciona. Hemos aprendido a pensar con originalidad para encontrar soluciones eficaces y sostenibles.<\/p>\n\n\n\n<p>Hemos aportado toda esta experiencia, m\u00e9todos, ejemplos y herramientas a consultingcheck para ayudarle a superar sus retos y fortalecer nuestra econom\u00eda.<\/p>\n<\/div>\n\n\n\n<div class=\"wp-block-column is-layout-flow wp-block-column-is-layout-flow\">\n<figure class=\"wp-block-image\"><img decoding=\"async\" src=\"https:\/\/www.consultingcheck.com\/wp-content\/uploads\/2025\/07\/so4bu_kmuberater_boysen_-13-1024x683.jpg\" alt=\"Das aktuelle Bild hat keinen Alternativtext. Der Dateiname ist: so4bu_kmuberater_boysen_-13-scaled.jpg\"\/><\/figure>\n\n\n\n<p><strong>Dr. Werner Boysen<\/strong>, Gerente <a href=\"https:\/\/www.dr-boysen-management.de\/en\/\">Dr. Boysen Management + Consulting GmbH<\/a>, Iniciador de <span class=\"consultingcheck\"><span>consulting<\/span>check<\/span><\/p>\n<\/div>\n<\/div>\n<\/div>\n<\/div>\n\n\n\n<p><\/p>\n","protected":false},"excerpt":{"rendered":"<p>Acerca de \u00bfQu\u00e9 es el ? es una plataforma digital de asesoramiento empresarial dirigida a especialistas y directivos de empresas de todos los sectores, tama\u00f1os y fases del ciclo de vida de empresas. Con , puede afinar sistem\u00e1ticamente sus retos empresariales individuales en un intercambio interactivo y cristalizar enfoques de soluci\u00f3n eficaces. If you are <a href=\"https:\/\/www.consultingcheck.com\/es\/consultingcheck\/\" class=\"more-link\">&#8230;<\/a><\/p>\n","protected":false},"author":1,"featured_media":0,"parent":0,"menu_order":36,"comment_status":"closed","ping_status":"closed","template":"","meta":{"footnotes":"","_links_to":"","_links_to_target":""},"class_list":["post-10218","page","type-page","status-publish","hentry"],"yoast_head":"<!-- This site is optimized with the Yoast SEO plugin v27.4 - https:\/\/yoast.com\/product\/yoast-seo-wordpress\/ -->\n<title>consultingcheck - consultingcheck<\/title>\n<meta name=\"robots\" content=\"index, follow, max-snippet:-1, max-image-preview:large, max-video-preview:-1\" \/>\n<link rel=\"canonical\" href=\"https:\/\/www.consultingcheck.com\/es\/consultingcheck\/\" \/>\n<meta property=\"og:locale\" content=\"es_ES\" \/>\n<meta property=\"og:type\" content=\"article\" \/>\n<meta property=\"og:title\" content=\"consultingcheck - consultingcheck\" \/>\n<meta property=\"og:description\" content=\"Acerca de \u00bfQu\u00e9 es el ? es una plataforma digital de asesoramiento empresarial dirigida a especialistas y directivos de empresas de todos los sectores, tama\u00f1os y fases del ciclo de vida de empresas. Con , puede afinar sistem\u00e1ticamente sus retos empresariales individuales en un intercambio interactivo y cristalizar enfoques de soluci\u00f3n eficaces. If you are ...\" \/>\n<meta property=\"og:url\" content=\"https:\/\/www.consultingcheck.com\/es\/consultingcheck\/\" \/>\n<meta property=\"og:site_name\" content=\"consultingcheck\" \/>\n<meta property=\"article:modified_time\" content=\"2025-07-08T19:32:47+00:00\" \/>\n<meta property=\"og:image\" content=\"https:\/\/www.consultingcheck.com\/wp-content\/uploads\/2025\/07\/so4bu_kmuberater_boysen_-13-1024x683.jpg\" \/>\n<meta name=\"twitter:card\" content=\"summary_large_image\" \/>\n<meta name=\"twitter:label1\" content=\"Tiempo de lectura\" \/>\n\t<meta name=\"twitter:data1\" content=\"5 minutos\" \/>\n<script type=\"application\/ld+json\" class=\"yoast-schema-graph\">{\"@context\":\"https:\\\/\\\/schema.org\",\"@graph\":[{\"@type\":\"WebPage\",\"@id\":\"https:\\\/\\\/www.consultingcheck.com\\\/es\\\/consultingcheck\\\/\",\"url\":\"https:\\\/\\\/www.consultingcheck.com\\\/es\\\/consultingcheck\\\/\",\"name\":\"consultingcheck - consultingcheck\",\"isPartOf\":{\"@id\":\"https:\\\/\\\/www.consultingcheck.com\\\/es\\\/#website\"},\"primaryImageOfPage\":{\"@id\":\"https:\\\/\\\/www.consultingcheck.com\\\/es\\\/consultingcheck\\\/#primaryimage\"},\"image\":{\"@id\":\"https:\\\/\\\/www.consultingcheck.com\\\/es\\\/consultingcheck\\\/#primaryimage\"},\"thumbnailUrl\":\"https:\\\/\\\/www.consultingcheck.com\\\/wp-content\\\/uploads\\\/2025\\\/07\\\/so4bu_kmuberater_boysen_-13-1024x683.jpg\",\"datePublished\":\"2022-10-03T07:59:11+00:00\",\"dateModified\":\"2025-07-08T19:32:47+00:00\",\"breadcrumb\":{\"@id\":\"https:\\\/\\\/www.consultingcheck.com\\\/es\\\/consultingcheck\\\/#breadcrumb\"},\"inLanguage\":\"es\",\"potentialAction\":[{\"@type\":\"ReadAction\",\"target\":[\"https:\\\/\\\/www.consultingcheck.com\\\/es\\\/consultingcheck\\\/\"]}]},{\"@type\":\"ImageObject\",\"inLanguage\":\"es\",\"@id\":\"https:\\\/\\\/www.consultingcheck.com\\\/es\\\/consultingcheck\\\/#primaryimage\",\"url\":\"https:\\\/\\\/www.consultingcheck.com\\\/wp-content\\\/uploads\\\/2025\\\/07\\\/so4bu_kmuberater_boysen_-13-1024x683.jpg\",\"contentUrl\":\"https:\\\/\\\/www.consultingcheck.com\\\/wp-content\\\/uploads\\\/2025\\\/07\\\/so4bu_kmuberater_boysen_-13-1024x683.jpg\"},{\"@type\":\"BreadcrumbList\",\"@id\":\"https:\\\/\\\/www.consultingcheck.com\\\/es\\\/consultingcheck\\\/#breadcrumb\",\"itemListElement\":[{\"@type\":\"ListItem\",\"position\":1,\"name\":\"Startseite\",\"item\":\"https:\\\/\\\/www.consultingcheck.com\\\/es\\\/\"},{\"@type\":\"ListItem\",\"position\":2,\"name\":\"consultingcheck\"}]},{\"@type\":\"WebSite\",\"@id\":\"https:\\\/\\\/www.consultingcheck.com\\\/es\\\/#website\",\"url\":\"https:\\\/\\\/www.consultingcheck.com\\\/es\\\/\",\"name\":\"consultingcheck\",\"description\":\"Vernetzt gedacht. Entzaubert. Hands-on.\",\"potentialAction\":[{\"@type\":\"SearchAction\",\"target\":{\"@type\":\"EntryPoint\",\"urlTemplate\":\"https:\\\/\\\/www.consultingcheck.com\\\/es\\\/?s={search_term_string}\"},\"query-input\":{\"@type\":\"PropertyValueSpecification\",\"valueRequired\":true,\"valueName\":\"search_term_string\"}}],\"inLanguage\":\"es\"}]}<\/script>\n<!-- \/ Yoast SEO plugin. -->","yoast_head_json":{"title":"consultingcheck - consultingcheck","robots":{"index":"index","follow":"follow","max-snippet":"max-snippet:-1","max-image-preview":"max-image-preview:large","max-video-preview":"max-video-preview:-1"},"canonical":"https:\/\/www.consultingcheck.com\/es\/consultingcheck\/","og_locale":"es_ES","og_type":"article","og_title":"consultingcheck - consultingcheck","og_description":"Acerca de \u00bfQu\u00e9 es el ? es una plataforma digital de asesoramiento empresarial dirigida a especialistas y directivos de empresas de todos los sectores, tama\u00f1os y fases del ciclo de vida de empresas. Con , puede afinar sistem\u00e1ticamente sus retos empresariales individuales en un intercambio interactivo y cristalizar enfoques de soluci\u00f3n eficaces. If you are ...","og_url":"https:\/\/www.consultingcheck.com\/es\/consultingcheck\/","og_site_name":"consultingcheck","article_modified_time":"2025-07-08T19:32:47+00:00","og_image":[{"url":"https:\/\/www.consultingcheck.com\/wp-content\/uploads\/2025\/07\/so4bu_kmuberater_boysen_-13-1024x683.jpg","type":"","width":"","height":""}],"twitter_card":"summary_large_image","twitter_misc":{"Tiempo de lectura":"5 minutos"},"schema":{"@context":"https:\/\/schema.org","@graph":[{"@type":"WebPage","@id":"https:\/\/www.consultingcheck.com\/es\/consultingcheck\/","url":"https:\/\/www.consultingcheck.com\/es\/consultingcheck\/","name":"consultingcheck - consultingcheck","isPartOf":{"@id":"https:\/\/www.consultingcheck.com\/es\/#website"},"primaryImageOfPage":{"@id":"https:\/\/www.consultingcheck.com\/es\/consultingcheck\/#primaryimage"},"image":{"@id":"https:\/\/www.consultingcheck.com\/es\/consultingcheck\/#primaryimage"},"thumbnailUrl":"https:\/\/www.consultingcheck.com\/wp-content\/uploads\/2025\/07\/so4bu_kmuberater_boysen_-13-1024x683.jpg","datePublished":"2022-10-03T07:59:11+00:00","dateModified":"2025-07-08T19:32:47+00:00","breadcrumb":{"@id":"https:\/\/www.consultingcheck.com\/es\/consultingcheck\/#breadcrumb"},"inLanguage":"es","potentialAction":[{"@type":"ReadAction","target":["https:\/\/www.consultingcheck.com\/es\/consultingcheck\/"]}]},{"@type":"ImageObject","inLanguage":"es","@id":"https:\/\/www.consultingcheck.com\/es\/consultingcheck\/#primaryimage","url":"https:\/\/www.consultingcheck.com\/wp-content\/uploads\/2025\/07\/so4bu_kmuberater_boysen_-13-1024x683.jpg","contentUrl":"https:\/\/www.consultingcheck.com\/wp-content\/uploads\/2025\/07\/so4bu_kmuberater_boysen_-13-1024x683.jpg"},{"@type":"BreadcrumbList","@id":"https:\/\/www.consultingcheck.com\/es\/consultingcheck\/#breadcrumb","itemListElement":[{"@type":"ListItem","position":1,"name":"Startseite","item":"https:\/\/www.consultingcheck.com\/es\/"},{"@type":"ListItem","position":2,"name":"consultingcheck"}]},{"@type":"WebSite","@id":"https:\/\/www.consultingcheck.com\/es\/#website","url":"https:\/\/www.consultingcheck.com\/es\/","name":"consultingcheck","description":"Vernetzt gedacht. Entzaubert. Hands-on.","potentialAction":[{"@type":"SearchAction","target":{"@type":"EntryPoint","urlTemplate":"https:\/\/www.consultingcheck.com\/es\/?s={search_term_string}"},"query-input":{"@type":"PropertyValueSpecification","valueRequired":true,"valueName":"search_term_string"}}],"inLanguage":"es"}]}},"_links":{"self":[{"href":"https:\/\/www.consultingcheck.com\/es\/wp-json\/wp\/v2\/pages\/10218","targetHints":{"allow":["GET"]}}],"collection":[{"href":"https:\/\/www.consultingcheck.com\/es\/wp-json\/wp\/v2\/pages"}],"about":[{"href":"https:\/\/www.consultingcheck.com\/es\/wp-json\/wp\/v2\/types\/page"}],"author":[{"embeddable":true,"href":"https:\/\/www.consultingcheck.com\/es\/wp-json\/wp\/v2\/users\/1"}],"replies":[{"embeddable":true,"href":"https:\/\/www.consultingcheck.com\/es\/wp-json\/wp\/v2\/comments?post=10218"}],"version-history":[{"count":3,"href":"https:\/\/www.consultingcheck.com\/es\/wp-json\/wp\/v2\/pages\/10218\/revisions"}],"predecessor-version":[{"id":20653,"href":"https:\/\/www.consultingcheck.com\/es\/wp-json\/wp\/v2\/pages\/10218\/revisions\/20653"}],"wp:attachment":[{"href":"https:\/\/www.consultingcheck.com\/es\/wp-json\/wp\/v2\/media?parent=10218"}],"curies":[{"name":"wp","href":"https:\/\/api.w.org\/{rel}","templated":true}]}}