{"id":10213,"date":"2022-10-03T09:31:35","date_gmt":"2022-10-03T07:31:35","guid":{"rendered":"https:\/\/www.consultingcheck.com\/pagina-de-inicio\/"},"modified":"2023-09-26T07:56:30","modified_gmt":"2023-09-26T05:56:30","slug":"pagina-de-inicio","status":"publish","type":"page","link":"https:\/\/www.consultingcheck.com\/es\/","title":{"rendered":"P\u00e1gina de inicio"},"content":{"rendered":"\n<div class=\"wp-block-columns is-style-home is-layout-flex wp-container-core-columns-is-layout-9d6595d7 wp-block-columns-is-layout-flex\">\n<div class=\"wp-block-column is-layout-flow wp-block-column-is-layout-flow\">\n<div id=\"topnews\"><div id=\"blog-entry-19627\"><div class=\"topnews-content\"><p><span class=\"consultingcheck\"><span>consulting<\/span>check<\/span> Oferta Especial<\/p><a href=\"https:\/\/www.consultingcheck.com\/es\/automatizacion-en-produccion-y-en-logistica\/\" title=\"Automatizaci\u00f3n en Producci\u00f3n y en Logistica\"><h3>Automatizaci\u00f3n en Producci\u00f3n y en Logistica<\/h3><\/a><div class=\"topnews-excerpt\">En producci\u00f3n y log\u00edstica, algunas operaciones no s\u00f3lo pueden liberarse de tareas repetitivas mediante la automatizaci\u00f3n, sino incluso mejorarse. ...<\/div><a href=\"https:\/\/www.consultingcheck.com\/es\/automatizacion-en-produccion-y-en-logistica\/\" title=\"Automatizaci\u00f3n en Producci\u00f3n y en Logistica\" class=\"btn btn-primary\">Read more<\/a><\/div><\/div><\/div>\n<\/div>\n\n\n\n<div class=\"wp-block-column has-light-color has-dark-background-color has-text-color has-background is-layout-flow wp-block-column-is-layout-flow\">\n<h1 class=\"wp-block-heading\" id=\"kostenfreie-1st-level-online-unternehmensberatung-fur-fach-und-fuhrungskrafte-wie-kannconsultingcheck-sie-unterstutzen\">Gratis 1er nivel <br>consultor\u00eda de gesti\u00f3n de empresas <br>para ejecutivos y p\u00e9ritos profesionales<br><br>\n\u00bfC\u00f3mo puede<br>consultingcheck <br><em><a href=\"https:\/\/www.consultingcheck.com\/de\/themen\/\">apoyarle<\/a>?<\/em><\/h1>\n<\/div>\n<\/div>\n\n\n\n<div class=\"wp-block-columns is-style-home is-layout-flex wp-container-core-columns-is-layout-9d6595d7 wp-block-columns-is-layout-flex\">\n<div class=\"wp-block-column has-light-color has-dark-background-color has-text-color has-background is-layout-flow wp-block-column-is-layout-flow\">\n<h2 class=\"wp-block-heading\" id=\"mit-unserem-know-how-finden-sie-indivuelle-losungen-fur-ihre-management-praxis\">Con nuestra experiencia <br>encontrar\u00e1 soluciones individuales <br>para sus <em><a href=\"https:\/\/www.consultingcheck.com\/de\/themen\/\">retos en la empresa<\/a><\/em><\/h2>\n<\/div>\n\n\n\n<div class=\"wp-block-column is-layout-flow wp-block-column-is-layout-flow\">\n<h3 class=\"wp-block-heading\" id=\"ihr-nutzen\">Su beneficio<\/h3>\n\n\n\n<ul class=\"wp-block-list\">\n<li>En un <strong>di\u00e1logo virtual<\/strong> recibir\u00e1 conocimientos b\u00e1sicos y orientaci\u00f3n (apoyo de primer nivel).<\/li>\n\n\n\n<li>Una <strong>discusi\u00f3n personal de sparring<\/strong> le enriquece con una perspectiva imparcial.<\/li>\n\n\n\n<li>La <strong>remisi\u00f3n precisa<\/strong> a expertos de probada eficacia garantiza el \u00e9xito de implementaci\u00f3n.<\/li>\n<\/ul>\n<\/div>\n<\/div>\n\n\n\n<div style=\"height:100px\" aria-hidden=\"true\" class=\"wp-block-spacer is-style-s75\"><\/div>\n\n\n\n<div class=\"wp-block-columns is-layout-flex wp-container-core-columns-is-layout-9d6595d7 wp-block-columns-is-layout-flex\">\n<div class=\"wp-block-column is-layout-flow wp-block-column-is-layout-flow\">\n<h2 class=\"wp-block-heading has-text-align-center\">\u00bfQu\u00e9 es el <span class=\"consultingcheck\"><span>consulting<\/span>check<\/span>?<\/h2>\n\n\n\n<div class=\"category-tiles style-0\"><a href=\"https:\/\/www.consultingcheck.com\/de\/ressourcen-kategorie\/themen\/checklisten-fuer-die-due-diligence\/\"><img decoding=\"async\" src=\"https:\/\/www.consultingcheck.com\/wp-content\/uploads\/2022\/10\/Due-Diligence-scaled-360x180.jpeg\" title=\"Diligencia debida\" \/><span>Diligencia debida<\/span><\/a><a href=\"https:\/\/www.consultingcheck.com\/de\/ressourcen-kategorie\/themen\/finanz\/\"><img decoding=\"async\" src=\"https:\/\/www.consultingcheck.com\/wp-content\/uploads\/2022\/10\/Finanz-scaled-360x180.jpeg\" title=\" Finanzas\" \/><span> Finanzas<\/span><\/a><a href=\"https:\/\/www.consultingcheck.com\/de\/ressourcen-kategorie\/themen\/gruendung\/\"><img decoding=\"async\" src=\"https:\/\/www.consultingcheck.com\/wp-content\/uploads\/2022\/10\/Unternehmensgruendung-scaled-360x180.jpeg\" title=\" Creaci\u00f3n de una empresa\" \/><span> Creaci\u00f3n de una empresa<\/span><\/a><a href=\"https:\/\/www.consultingcheck.com\/de\/ressourcen-kategorie\/themen\/innovation\/\"><img decoding=\"async\" src=\"https:\/\/www.consultingcheck.com\/wp-content\/uploads\/2022\/10\/Innovation-scaled-360x180.jpeg\" title=\" Inovaci\u00f3n\" \/><span> Inovaci\u00f3n<\/span><\/a><a href=\"https:\/\/www.consultingcheck.com\/de\/ressourcen-kategorie\/themen\/leadership\/\"><img decoding=\"async\" src=\"https:\/\/www.consultingcheck.com\/wp-content\/uploads\/2022\/10\/Leadership-scaled-360x180.jpeg\" title=\" Liderazgo\" \/><span> Liderazgo<\/span><\/a><a href=\"https:\/\/www.consultingcheck.com\/de\/ressourcen-kategorie\/themen\/management\/\"><img decoding=\"async\" src=\"https:\/\/www.consultingcheck.com\/wp-content\/uploads\/2022\/10\/Management-scaled-360x180.jpeg\" title=\" Gesti\u00f3n de empresa\" \/><span> Gesti\u00f3n de empresa<\/span><\/a><a href=\"https:\/\/www.consultingcheck.com\/de\/ressourcen-kategorie\/themen\/prozesse\/\"><img decoding=\"async\" src=\"https:\/\/www.consultingcheck.com\/wp-content\/uploads\/2022\/10\/Prozesse-scaled-360x180.jpeg\" title=\" Procesos\" \/><span> Procesos<\/span><\/a><a href=\"https:\/\/www.consultingcheck.com\/de\/ressourcen-kategorie\/themen\/unternehmenstransaktionen\/\"><img decoding=\"async\" src=\"https:\/\/www.consultingcheck.com\/wp-content\/uploads\/2022\/10\/Unternehmenstransaktion-scaled-360x180.jpeg\" title=\" Transacciones de empresas\" \/><span> Transacciones de empresas<\/span><\/a><a href=\"https:\/\/www.consultingcheck.com\/de\/ressourcen-kategorie\/themen\/vertrieb\/\"><img decoding=\"async\" src=\"https:\/\/www.consultingcheck.com\/wp-content\/uploads\/2022\/10\/Vertrieb-scaled-360x180.jpeg\" title=\" Ventas\" \/><span> Ventas<\/span><\/a><a href=\"https:\/\/www.consultingcheck.com\/de\/ressourcen-kategorie\/themen\/gewerbeimmobilien-und-industriebau\/\"><img decoding=\"async\" src=\"https:\/\/www.consultingcheck.com\/wp-content\/uploads\/2022\/12\/AdobeStock_67260822-Brownfield-360x180.jpeg\" title=\" Inmobiliario comercial y construcci\u00f3n industrial\" \/><span> Inmobiliario comercial y construcci\u00f3n industrial<\/span><\/a><\/div>\n<\/div>\n<\/div>\n\n\n\n<div style=\"height:100px\" aria-hidden=\"true\" class=\"wp-block-spacer is-style-s75\"><\/div>\n\n\n\n<div class=\"wp-block-columns is-layout-flex wp-container-core-columns-is-layout-9d6595d7 wp-block-columns-is-layout-flex\">\n<div class=\"wp-block-column is-layout-flow wp-block-column-is-layout-flow\">\n<h2 class=\"wp-block-heading has-text-align-center\">\u00bfQu\u00e9 es el <span class=\"consultingcheck\"><span>consulting<\/span>check<\/span>? <\/h2>\n\n\n\n<style>.embed-container { position: relative; padding-bottom: 56.25%; height: 0; overflow: hidden; max-width: 100%; } .embed-container iframe, .embed-container object, .embed-container embed { position: absolute; top: 0; left: 0; width: 100%; height: 100%; }<\/style><div class=\"embed-container\"> <div class=\"brlbs-cmpnt-container brlbs-cmpnt-content-blocker brlbs-cmpnt-with-individual-styles\" data-borlabs-cookie-content-blocker-id=\"youtube-content-blocker\" data-borlabs-cookie-content=\"PGlmcmFtZSBzcmM9Imh0dHBzOi8vd3d3LnlvdXR1YmUtbm9jb29raWUuY29tL2VtYmVkLzFSU3dIekxyVzNNP3JlbD0wIiBmcmFtZWJvcmRlcj0iMCIgYWxsb3dmdWxsc2NyZWVuPSIiPjwvaWZyYW1lPg==\"><div class=\"brlbs-cmpnt-cb-preset-c brlbs-cmpnt-cb-youtube\"> <div class=\"brlbs-cmpnt-cb-thumbnail\" style=\"background-image: url('https:\/\/www.consultingcheck.com\/wp-content\/uploads\/borlabs-cookie\/1\/yt_1RSwHzLrW3M_hqdefault.jpg')\"><\/div> <div class=\"brlbs-cmpnt-cb-main\"> <div class=\"brlbs-cmpnt-cb-play-button\"><\/div> <div class=\"brlbs-cmpnt-cb-content\"> <p class=\"brlbs-cmpnt-cb-description\">Est\u00e1s viendo un contenido de marcador de posici\u00f3n de <strong>YouTube<\/strong>. Para acceder al contenido real, haz clic en el siguiente bot\u00f3n. Ten en cuenta que al hacerlo compartir\u00e1s datos con terceros proveedores.<\/p> <a class=\"brlbs-cmpnt-cb-provider-toggle\" href=\"#\" data-borlabs-cookie-show-provider-information role=\"button\">M\u00e1s informaci\u00f3n<\/a> <\/div> <div class=\"brlbs-cmpnt-cb-buttons\"> <a class=\"brlbs-cmpnt-cb-btn\" href=\"#\" data-borlabs-cookie-unblock role=\"button\">Desbloquear contenido<\/a> <a class=\"brlbs-cmpnt-cb-btn\" href=\"#\" data-borlabs-cookie-accept-service role=\"button\" style=\"display: inherit\">Aceptar el servicio requerido y desbloquear los contenidos<\/a> <\/div> <\/div> <\/div><\/div><\/div>\n\n\n\n<div style=\"height:100px\" aria-hidden=\"true\" class=\"wp-block-spacer is-style-s75\"><\/div>\n\n\n\n<h2 class=\"wp-block-heading has-text-align-center\" id=\"starten-sie-mit-unserem-schnelleinstieg\">Comience con nuestra <em><a href=\"https:\/\/www.consultingcheck.com\/de\/dialog\/\">entrada r\u00e1pida<\/a><\/em><\/h2>\n\n\n\n<p>Hemos preparado diferentes formas de entrar en la consulta. Puede entrar a trav\u00e9s de un <a href=\"https:\/\/www.consultingcheck.com\/de\/dialog\/\">di\u00e1logo<\/a> o mediante una <a href=\"https:\/\/www.consultingcheck.com\/de\/themen\/\">selecci\u00f3n de temas<\/a> . <\/p>\n<\/div>\n<\/div>\n\n\n\n<div style=\"height:100px\" aria-hidden=\"true\" class=\"wp-block-spacer is-style-s75\"><\/div>\n\n\n\n<div class=\"wp-block-columns is-layout-flex wp-container-core-columns-is-layout-9d6595d7 wp-block-columns-is-layout-flex\">\n<div class=\"wp-block-column is-layout-flow wp-block-column-is-layout-flow\">\n<h2 class=\"wp-block-heading has-text-align-center\" id=\"neuigkeiten\">Noticias<\/h2>\n\n\n\n<div class=\"blog-entries\"><div class=\"blog-entry\" id=\"blog-entry-20474\"><div class=\"thumb\"><img decoding=\"async\" src=\"https:\/\/www.consultingcheck.com\/wp-content\/uploads\/2024\/12\/Jahreswechsel-2024-2025-1-840x472.png\" title=\"Conmoci\u00f3n en la industria alemana\" \/><\/div><div class=\"blog-entry-content\"><a href=\"https:\/\/www.consultingcheck.com\/es\/conmocion-en-la-industria-alemana\/\" title=\"Conmoci\u00f3n en la industria alemana\"><h3>Conmoci\u00f3n en la industria alemana<\/h3><\/a><div class=\"blog-entry-excerpt\">La econom\u00eda alemana ya no crece. Nuestra mediana industria est\u00e1 siendo v\u00edctima de la globalizaci\u00f3n que nosotros mismos impulsamos hace d\u00e9cadas. ...<\/div><span class=\"blog-entry-date\">22.12.2024<\/span><a href=\"https:\/\/www.consultingcheck.com\/es\/conmocion-en-la-industria-alemana\/\" title=\"Conmoci\u00f3n en la industria alemana\" class=\"btn\">Read more<\/a><\/div><\/div><div class=\"blog-entry\" id=\"blog-entry-20271\"><div class=\"thumb\"><img decoding=\"async\" src=\"https:\/\/www.consultingcheck.com\/wp-content\/uploads\/2024\/07\/Downloads-rechts_16072024.png\" title=\"Acceso simplificado a los equipos de trabajo pertinentes\" \/><\/div><div class=\"blog-entry-content\"><a href=\"https:\/\/www.consultingcheck.com\/es\/acceso-simplificado-a-los-equipos-de-trabajo-pertinentes\/\" title=\"Acceso simplificado a los equipos de trabajo pertinentes\"><h3>Acceso simplificado a los equipos de trabajo pertinentes<\/h3><\/a><div class=\"blog-entry-excerpt\">Hemos simplificado el acceso a herramientas relevantes para usted. Si usted est\u00e1 interesado en un tema concreto, consultingcheck le recomendar\u00e1 ...<\/div><span class=\"blog-entry-date\">16.07.2024<\/span><a href=\"https:\/\/www.consultingcheck.com\/es\/acceso-simplificado-a-los-equipos-de-trabajo-pertinentes\/\" title=\"Acceso simplificado a los equipos de trabajo pertinentes\" class=\"btn\">Read more<\/a><\/div><\/div><div class=\"blog-entry\" id=\"blog-entry-19962\"><div class=\"thumb\"><img decoding=\"async\" src=\"https:\/\/www.consultingcheck.com\/wp-content\/uploads\/2024\/03\/240_F_704949177_rzp5DNEcd2y1TLY293Wq0tczE7p5Uk0Y.jpg\" title=\"\u00bfC\u00f3mo afrontar con \u00e9xito la policrisis?\" \/><\/div><div class=\"blog-entry-content\"><a href=\"https:\/\/www.consultingcheck.com\/es\/como-afrontar-con-exito-la-policrisis\/\" title=\"\u00bfC\u00f3mo afrontar con \u00e9xito la policrisis?\"><h3>\u00bfC\u00f3mo afrontar con \u00e9xito la policrisis?<\/h3><\/a><div class=\"blog-entry-excerpt\">Definici\u00f3n del problema: En los \u00faltimos a\u00f1os desde el 2020, la capacidad de resistencia de las empresas se ha visto puesta a prueba por diversos ...<\/div><span class=\"blog-entry-date\">24.03.2024<\/span><a href=\"https:\/\/www.consultingcheck.com\/es\/como-afrontar-con-exito-la-policrisis\/\" title=\"\u00bfC\u00f3mo afrontar con \u00e9xito la policrisis?\" class=\"btn\">Read more<\/a><\/div><\/div><div class=\"blog-entry\" id=\"blog-entry-19839\"><div class=\"thumb\"><img decoding=\"async\" src=\"https:\/\/www.consultingcheck.com\/wp-content\/uploads\/2024\/01\/AdobeStock_646395087-840x472.jpeg\" title=\"\u00bfC\u00f3mo se van a desarrollar las condiciones b\u00e1sicas econ\u00f3micas en 2024?\" \/><\/div><div class=\"blog-entry-content\"><a href=\"https:\/\/www.consultingcheck.com\/es\/que-nos-deparara-la-economia-en-2024\/\" title=\"\u00bfC\u00f3mo se van a desarrollar las condiciones b\u00e1sicas econ\u00f3micas en 2024?\"><h3>\u00bfC\u00f3mo se van a desarrollar las condiciones b\u00e1sicas econ\u00f3micas en 2024?<\/h3><\/a><div class=\"blog-entry-excerpt\">Al inicio del nuevo a\u00f1o, todos miramos hacia delante, hacia los retos que nos aguardan. Para desarrollar modelos y estrategias empresariales ...<\/div><span class=\"blog-entry-date\">02.01.2024<\/span><a href=\"https:\/\/www.consultingcheck.com\/es\/que-nos-deparara-la-economia-en-2024\/\" title=\"\u00bfC\u00f3mo se van a desarrollar las condiciones b\u00e1sicas econ\u00f3micas en 2024?\" class=\"btn\">Read more<\/a><\/div><\/div><div class=\"blog-entry\" id=\"blog-entry-19691\"><div class=\"thumb\"><img decoding=\"async\" src=\"https:\/\/www.consultingcheck.com\/wp-content\/uploads\/2023\/11\/DDIM-Kongress-2023.png\" title=\"consultingcheck en el Congreso DDIM 2023\" \/><\/div><div class=\"blog-entry-content\"><a href=\"https:\/\/www.consultingcheck.com\/es\/consultingcheck-en-el-congreso-ddim-2023\/\" title=\"consultingcheck en el Congreso DDIM 2023\"><h3>consultingcheck en el Congreso DDIM 2023<\/h3><\/a><div class=\"blog-entry-excerpt\">El Congreso DDIM es el evento central del sector para la escena del interim management en los pa\u00edses de habla alemana. La DDIM celebra este a\u00f1o su ...<\/div><span class=\"blog-entry-date\">20.11.2023<\/span><a href=\"https:\/\/www.consultingcheck.com\/es\/consultingcheck-en-el-congreso-ddim-2023\/\" title=\"consultingcheck en el Congreso DDIM 2023\" class=\"btn\">Read more<\/a><\/div><\/div><div class=\"blog-entry\" id=\"blog-entry-18920\"><div class=\"thumb\"><img decoding=\"async\" src=\"https:\/\/www.consultingcheck.com\/wp-content\/uploads\/2023\/09\/1000_F_616656623_2xNUnxtzl1XuucyRktwrdXoUl7xP0r6Z-840x400.jpg\" title=\"Evoluci\u00f3n del n\u00famero de usuarios de consultingcheck\" \/><\/div><div class=\"blog-entry-content\"><a href=\"https:\/\/www.consultingcheck.com\/es\/evolucion-del-numero-de-usuarios-de-consultingcheck\/\" title=\"Evoluci\u00f3n del n\u00famero de usuarios de consultingcheck\"><h3>Evoluci\u00f3n del n\u00famero de usuarios de consultingcheck<\/h3><\/a><div class=\"blog-entry-excerpt\">consultingcheck est\u00e1 en el mercado desde finales de 2021. La funcionalidad estable de nuestra aplicaci\u00f3n es un requisito b\u00e1sico que cumplimos. ...<\/div><span class=\"blog-entry-date\">11.09.2023<\/span><a href=\"https:\/\/www.consultingcheck.com\/es\/evolucion-del-numero-de-usuarios-de-consultingcheck\/\" title=\"Evoluci\u00f3n del n\u00famero de usuarios de consultingcheck\" class=\"btn\">Read more<\/a><\/div><\/div><\/div>\n<\/div>\n<\/div>\n","protected":false},"excerpt":{"rendered":"<p>Gratis 1er nivel consultor\u00eda de gesti\u00f3n de empresas para ejecutivos y p\u00e9ritos profesionales \u00bfC\u00f3mo puedeconsultingcheck apoyarle? Con nuestra experiencia encontrar\u00e1 soluciones individuales para sus retos en la empresa Su beneficio \u00bfQu\u00e9 es el ? \u00bfQu\u00e9 es el ? Est\u00e1s viendo un contenido de marcador de posici\u00f3n de YouTube. Para acceder al contenido real, haz clic <a href=\"https:\/\/www.consultingcheck.com\/es\/\" class=\"more-link\">&#8230;<\/a><\/p>\n","protected":false},"author":1,"featured_media":0,"parent":0,"menu_order":0,"comment_status":"closed","ping_status":"closed","template":"","meta":{"footnotes":"","_links_to":"","_links_to_target":""},"class_list":["post-10213","page","type-page","status-publish","hentry"],"yoast_head":"<!-- This site is optimized with the Yoast SEO plugin v27.4 - https:\/\/yoast.com\/product\/yoast-seo-wordpress\/ -->\n<title>consultingcheck: la consultor\u00eda de gesti\u00f3n digital - consultingcheck<\/title>\n<meta name=\"description\" content=\"Asesoramiento empresarial gratuito en l\u00ednea: consultingcheck le ofrece soluciones a sus retos. Sencillo, en l\u00ednea y gratuito.\" \/>\n<meta name=\"robots\" content=\"index, follow, max-snippet:-1, max-image-preview:large, max-video-preview:-1\" \/>\n<link rel=\"canonical\" href=\"https:\/\/www.consultingcheck.com\/es\/\" \/>\n<meta property=\"og:locale\" content=\"es_ES\" \/>\n<meta property=\"og:type\" content=\"article\" \/>\n<meta property=\"og:title\" content=\"La consultor\u00eda de gesti\u00f3n digital\" \/>\n<meta property=\"og:description\" content=\"Sencillo, en l\u00ednea y gratuito\" \/>\n<meta property=\"og:url\" content=\"https:\/\/www.consultingcheck.com\/es\/\" \/>\n<meta property=\"og:site_name\" content=\"consultingcheck\" \/>\n<meta property=\"article:modified_time\" content=\"2023-09-26T05:56:30+00:00\" \/>\n<meta property=\"og:image\" content=\"https:\/\/www.consultingcheck.com\/wp-content\/uploads\/2022\/04\/og-bild_1200x630-1024x538.jpg\" \/>\n<meta name=\"twitter:card\" content=\"summary_large_image\" \/>\n<meta name=\"twitter:title\" content=\"La consultor\u00eda de gesti\u00f3n digital\" \/>\n<meta name=\"twitter:description\" content=\"Sencillo, en l\u00ednea y gratuito\" \/>\n<meta name=\"twitter:image\" content=\"https:\/\/www.consultingcheck.com\/wp-content\/uploads\/2022\/04\/og-bild_1200x630-1024x538.jpg\" \/>\n<script type=\"application\/ld+json\" class=\"yoast-schema-graph\">{\"@context\":\"https:\\\/\\\/schema.org\",\"@graph\":[{\"@type\":\"WebPage\",\"@id\":\"https:\\\/\\\/www.consultingcheck.com\\\/es\\\/\",\"url\":\"https:\\\/\\\/www.consultingcheck.com\\\/es\\\/\",\"name\":\"consultingcheck: la consultor\u00eda de gesti\u00f3n digital - consultingcheck\",\"isPartOf\":{\"@id\":\"https:\\\/\\\/www.consultingcheck.com\\\/es\\\/#website\"},\"datePublished\":\"2022-10-03T07:31:35+00:00\",\"dateModified\":\"2023-09-26T05:56:30+00:00\",\"description\":\"Asesoramiento empresarial gratuito en l\u00ednea: consultingcheck le ofrece soluciones a sus retos. Sencillo, en l\u00ednea y gratuito.\",\"breadcrumb\":{\"@id\":\"https:\\\/\\\/www.consultingcheck.com\\\/es\\\/#breadcrumb\"},\"inLanguage\":\"es\",\"potentialAction\":[{\"@type\":\"ReadAction\",\"target\":[\"https:\\\/\\\/www.consultingcheck.com\\\/es\\\/\"]}]},{\"@type\":\"BreadcrumbList\",\"@id\":\"https:\\\/\\\/www.consultingcheck.com\\\/es\\\/#breadcrumb\",\"itemListElement\":[{\"@type\":\"ListItem\",\"position\":1,\"name\":\"Startseite\",\"item\":\"https:\\\/\\\/www.consultingcheck.com\\\/es\\\/\"},{\"@type\":\"ListItem\",\"position\":2,\"name\":\"P\u00e1gina de inicio\"}]},{\"@type\":\"WebSite\",\"@id\":\"https:\\\/\\\/www.consultingcheck.com\\\/es\\\/#website\",\"url\":\"https:\\\/\\\/www.consultingcheck.com\\\/es\\\/\",\"name\":\"consultingcheck\",\"description\":\"Vernetzt gedacht. Entzaubert. Hands-on.\",\"potentialAction\":[{\"@type\":\"SearchAction\",\"target\":{\"@type\":\"EntryPoint\",\"urlTemplate\":\"https:\\\/\\\/www.consultingcheck.com\\\/es\\\/?s={search_term_string}\"},\"query-input\":{\"@type\":\"PropertyValueSpecification\",\"valueRequired\":true,\"valueName\":\"search_term_string\"}}],\"inLanguage\":\"es\"}]}<\/script>\n<!-- \/ Yoast SEO plugin. -->","yoast_head_json":{"title":"consultingcheck: la consultor\u00eda de gesti\u00f3n digital - consultingcheck","description":"Asesoramiento empresarial gratuito en l\u00ednea: consultingcheck le ofrece soluciones a sus retos. Sencillo, en l\u00ednea y gratuito.","robots":{"index":"index","follow":"follow","max-snippet":"max-snippet:-1","max-image-preview":"max-image-preview:large","max-video-preview":"max-video-preview:-1"},"canonical":"https:\/\/www.consultingcheck.com\/es\/","og_locale":"es_ES","og_type":"article","og_title":"La consultor\u00eda de gesti\u00f3n digital","og_description":"Sencillo, en l\u00ednea y gratuito","og_url":"https:\/\/www.consultingcheck.com\/es\/","og_site_name":"consultingcheck","article_modified_time":"2023-09-26T05:56:30+00:00","og_image":[{"url":"https:\/\/www.consultingcheck.com\/wp-content\/uploads\/2022\/04\/og-bild_1200x630-1024x538.jpg","type":"","width":"","height":""}],"twitter_card":"summary_large_image","twitter_title":"La consultor\u00eda de gesti\u00f3n digital","twitter_description":"Sencillo, en l\u00ednea y gratuito","twitter_image":"https:\/\/www.consultingcheck.com\/wp-content\/uploads\/2022\/04\/og-bild_1200x630-1024x538.jpg","schema":{"@context":"https:\/\/schema.org","@graph":[{"@type":"WebPage","@id":"https:\/\/www.consultingcheck.com\/es\/","url":"https:\/\/www.consultingcheck.com\/es\/","name":"consultingcheck: la consultor\u00eda de gesti\u00f3n digital - consultingcheck","isPartOf":{"@id":"https:\/\/www.consultingcheck.com\/es\/#website"},"datePublished":"2022-10-03T07:31:35+00:00","dateModified":"2023-09-26T05:56:30+00:00","description":"Asesoramiento empresarial gratuito en l\u00ednea: consultingcheck le ofrece soluciones a sus retos. Sencillo, en l\u00ednea y gratuito.","breadcrumb":{"@id":"https:\/\/www.consultingcheck.com\/es\/#breadcrumb"},"inLanguage":"es","potentialAction":[{"@type":"ReadAction","target":["https:\/\/www.consultingcheck.com\/es\/"]}]},{"@type":"BreadcrumbList","@id":"https:\/\/www.consultingcheck.com\/es\/#breadcrumb","itemListElement":[{"@type":"ListItem","position":1,"name":"Startseite","item":"https:\/\/www.consultingcheck.com\/es\/"},{"@type":"ListItem","position":2,"name":"P\u00e1gina de inicio"}]},{"@type":"WebSite","@id":"https:\/\/www.consultingcheck.com\/es\/#website","url":"https:\/\/www.consultingcheck.com\/es\/","name":"consultingcheck","description":"Vernetzt gedacht. Entzaubert. Hands-on.","potentialAction":[{"@type":"SearchAction","target":{"@type":"EntryPoint","urlTemplate":"https:\/\/www.consultingcheck.com\/es\/?s={search_term_string}"},"query-input":{"@type":"PropertyValueSpecification","valueRequired":true,"valueName":"search_term_string"}}],"inLanguage":"es"}]}},"_links":{"self":[{"href":"https:\/\/www.consultingcheck.com\/es\/wp-json\/wp\/v2\/pages\/10213","targetHints":{"allow":["GET"]}}],"collection":[{"href":"https:\/\/www.consultingcheck.com\/es\/wp-json\/wp\/v2\/pages"}],"about":[{"href":"https:\/\/www.consultingcheck.com\/es\/wp-json\/wp\/v2\/types\/page"}],"author":[{"embeddable":true,"href":"https:\/\/www.consultingcheck.com\/es\/wp-json\/wp\/v2\/users\/1"}],"replies":[{"embeddable":true,"href":"https:\/\/www.consultingcheck.com\/es\/wp-json\/wp\/v2\/comments?post=10213"}],"version-history":[{"count":5,"href":"https:\/\/www.consultingcheck.com\/es\/wp-json\/wp\/v2\/pages\/10213\/revisions"}],"predecessor-version":[{"id":19212,"href":"https:\/\/www.consultingcheck.com\/es\/wp-json\/wp\/v2\/pages\/10213\/revisions\/19212"}],"wp:attachment":[{"href":"https:\/\/www.consultingcheck.com\/es\/wp-json\/wp\/v2\/media?parent=10213"}],"curies":[{"name":"wp","href":"https:\/\/api.w.org\/{rel}","templated":true}]}}