{"id":11052,"date":"2022-11-01T16:08:32","date_gmt":"2022-11-05T09:59:17","guid":{"rendered":"https:\/\/www.consultingcheck.com\/ressource\/template-for-preparing-conducting-and-documenting-employee-appraisals\/"},"modified":"2022-11-05T10:59:17","modified_gmt":"2022-11-05T09:59:17","slug":"template-for-preparation-of-management-and-documentation-of-employee-meetings","status":"publish","type":"product","link":"https:\/\/www.consultingcheck.com\/en\/ressource\/template-for-preparation-of-management-and-documentation-of-employee-meetings\/","title":{"rendered":"Template for preparing, conducting and documenting employee appraisals"},"content":{"rendered":"<h2><strong>Content structure for systematically preparing, conducting and documenting employee appraisals in a standardized format<\/strong><\/h2>\n<h3>Contents<\/h3>\n<p>Here is a 2 \u00bd-page field-tested template to help you conduct employee reviews in a structured and professional manner. The template first focuses on assessing the readiness, skills, and performance of the employee with whom you want to conduct an appraisal interview before questioning the competency development facet. Finally, the template helps you discuss desired future developments of the employee and document agreed steps towards them.<\/p>\n<p>&nbsp;<\/p>\n<h3>Advantages<\/h3>\n<ul>\n<li>With this template, you will succeed in questioning the essential skills in a structured way during the employee appraisal.<\/li>\n<li>You save the time and effort of forming and formatting a structure yourself.<\/li>\n<li>By using this template on a regular basis, you will achieve a consistent record of employee evaluations across your organization.<\/li>\n<\/ul>\n<h3><\/h3>\n<h3>Digital download<\/h3>\n<p>After ordering, you will receive a download link to the template, which you can use immediately.<\/p>\n<p>Please note that this template, to which you purchase access, is for your personal use only. It is prohibited to resell the slides in any form and in any digital or physical manner, or to publish them in any physical or online publication without my permission. I am the only copyright owner of this file.<\/p>\n<p>Download link: pdf document<\/p>\n","protected":false},"excerpt":{"rendered":"<p>Content structure for systematically preparing, conducting and documenting employee appraisals in a standardized format Contents Here is a 2 \u00bd-page field-tested template to help you conduct employee reviews in a structured and professional manner. The template first focuses on assessing the readiness, skills, and performance of the employee with whom you want to conduct an <a href=\"https:\/\/www.consultingcheck.com\/en\/ressource\/template-for-preparation-of-management-and-documentation-of-employee-meetings\/\" class=\"more-link\">&#8230;<\/a><\/p>\n","protected":false},"featured_media":20040,"template":"","meta":{"_links_to":"","_links_to_target":""},"product_brand":[],"product_cat":[1243,1142,1146],"product_tag":[],"jask_topic_categories":[895,1221,896,1222,897,898,899,902,903,702,960,831,961,839,894],"class_list":{"0":"post-11052","1":"product","2":"type-product","3":"status-publish","4":"has-post-thumbnail","6":"product_cat-management-en","7":"product_cat-checklist","8":"product_cat-leadership-en","9":"jask_topic_categories-gespraechsvorbereitung-en","10":"jask_topic_categories-management-en","11":"jask_topic_categories-gespraechsstrukturierung-en","12":"jask_topic_categories-foundation","13":"jask_topic_categories-gespraechsprinzipien-en","14":"jask_topic_categories-ursachen-fuer-misserfolg-in-mitarbeitergespraechen-en","15":"jask_topic_categories-kritikgespraeche-en","16":"jask_topic_categories-umgang-mit-ehemaligen-mitarbeitern-en","17":"jask_topic_categories-konfliktmanagement-en","18":"jask_topic_categories-operative-vertriebsfuehrung-en","19":"jask_topic_categories-corporate-social-responsibility-csr-und-employer-branding-en","20":"jask_topic_categories-organisation-und-personal-en","21":"jask_topic_categories-corporate-social-responsibility-csr-en","22":"jask_topic_categories-personalfuehrung-en","23":"jask_topic_categories-mitarbeitergespraeche-en","25":"first","26":"instock","27":"taxable","28":"shipping-taxable","29":"purchasable","30":"product-type-variable"},"yoast_head":"<!-- This site is optimized with the Yoast SEO plugin v27.4 - https:\/\/yoast.com\/product\/yoast-seo-wordpress\/ -->\n<title>Template for preparing, conducting and documenting employee appraisals - consultingcheck<\/title>\n<meta name=\"robots\" content=\"index, follow, max-snippet:-1, max-image-preview:large, max-video-preview:-1\" \/>\n<link rel=\"canonical\" href=\"https:\/\/www.consultingcheck.com\/en\/ressource\/template-for-preparation-of-management-and-documentation-of-employee-meetings\/\" \/>\n<meta property=\"og:locale\" content=\"en_US\" \/>\n<meta property=\"og:type\" content=\"article\" \/>\n<meta property=\"og:title\" content=\"Template for preparing, conducting and documenting employee appraisals - consultingcheck\" \/>\n<meta property=\"og:description\" content=\"Content structure for systematically preparing, conducting and documenting employee appraisals in a standardized format Contents Here is a 2 \u00bd-page field-tested template to help you conduct employee reviews in a structured and professional manner. The template first focuses on assessing the readiness, skills, and performance of the employee with whom you want to conduct an ...\" \/>\n<meta property=\"og:url\" content=\"https:\/\/www.consultingcheck.com\/en\/ressource\/template-for-preparation-of-management-and-documentation-of-employee-meetings\/\" \/>\n<meta property=\"og:site_name\" content=\"consultingcheck\" \/>\n<meta name=\"twitter:card\" content=\"summary_large_image\" \/>\n<meta name=\"twitter:label1\" content=\"Est. reading time\" \/>\n\t<meta name=\"twitter:data1\" content=\"1 minute\" \/>\n<script type=\"application\/ld+json\" class=\"yoast-schema-graph\">{\"@context\":\"https:\\\/\\\/schema.org\",\"@graph\":[{\"@type\":\"WebPage\",\"@id\":\"https:\\\/\\\/www.consultingcheck.com\\\/en\\\/ressource\\\/template-for-preparation-of-management-and-documentation-of-employee-meetings\\\/\",\"url\":\"https:\\\/\\\/www.consultingcheck.com\\\/en\\\/ressource\\\/template-for-preparation-of-management-and-documentation-of-employee-meetings\\\/\",\"name\":\"Template for preparing, conducting and documenting employee appraisals - consultingcheck\",\"isPartOf\":{\"@id\":\"https:\\\/\\\/www.consultingcheck.com\\\/en\\\/#website\"},\"primaryImageOfPage\":{\"@id\":\"https:\\\/\\\/www.consultingcheck.com\\\/en\\\/ressource\\\/template-for-preparation-of-management-and-documentation-of-employee-meetings\\\/#primaryimage\"},\"image\":{\"@id\":\"https:\\\/\\\/www.consultingcheck.com\\\/en\\\/ressource\\\/template-for-preparation-of-management-and-documentation-of-employee-meetings\\\/#primaryimage\"},\"thumbnailUrl\":\"https:\\\/\\\/www.consultingcheck.com\\\/wp-content\\\/uploads\\\/2024\\\/06\\\/template-for-preparation-of-management-and-documentation-of-employee-meetings.jpg\",\"datePublished\":\"2022-11-05T09:59:17+00:00\",\"breadcrumb\":{\"@id\":\"https:\\\/\\\/www.consultingcheck.com\\\/en\\\/ressource\\\/template-for-preparation-of-management-and-documentation-of-employee-meetings\\\/#breadcrumb\"},\"inLanguage\":\"en-US\",\"potentialAction\":[{\"@type\":\"ReadAction\",\"target\":[\"https:\\\/\\\/www.consultingcheck.com\\\/en\\\/ressource\\\/template-for-preparation-of-management-and-documentation-of-employee-meetings\\\/\"]}]},{\"@type\":\"ImageObject\",\"inLanguage\":\"en-US\",\"@id\":\"https:\\\/\\\/www.consultingcheck.com\\\/en\\\/ressource\\\/template-for-preparation-of-management-and-documentation-of-employee-meetings\\\/#primaryimage\",\"url\":\"https:\\\/\\\/www.consultingcheck.com\\\/wp-content\\\/uploads\\\/2024\\\/06\\\/template-for-preparation-of-management-and-documentation-of-employee-meetings.jpg\",\"contentUrl\":\"https:\\\/\\\/www.consultingcheck.com\\\/wp-content\\\/uploads\\\/2024\\\/06\\\/template-for-preparation-of-management-and-documentation-of-employee-meetings.jpg\",\"width\":1000,\"height\":679,\"caption\":\"Ein Screenshot der Vorlage f\u00fcr die Vorbereitung, F\u00fchrung und Dokumentation von Mitarbeitergespr\u00e4chen.\"},{\"@type\":\"BreadcrumbList\",\"@id\":\"https:\\\/\\\/www.consultingcheck.com\\\/en\\\/ressource\\\/template-for-preparation-of-management-and-documentation-of-employee-meetings\\\/#breadcrumb\",\"itemListElement\":[{\"@type\":\"ListItem\",\"position\":1,\"name\":\"Startseite\",\"item\":\"https:\\\/\\\/www.consultingcheck.com\\\/en\\\/\"},{\"@type\":\"ListItem\",\"position\":2,\"name\":\"Downloads, Tools and Products\",\"item\":\"https:\\\/\\\/www.consultingcheck.com\\\/en\\\/tools\\\/downloads-tools-and-products\\\/\"},{\"@type\":\"ListItem\",\"position\":3,\"name\":\"Template for preparing, conducting and documenting employee appraisals\"}]},{\"@type\":\"WebSite\",\"@id\":\"https:\\\/\\\/www.consultingcheck.com\\\/en\\\/#website\",\"url\":\"https:\\\/\\\/www.consultingcheck.com\\\/en\\\/\",\"name\":\"consultingcheck\",\"description\":\"Vernetzt gedacht. Entzaubert. Hands-on.\",\"potentialAction\":[{\"@type\":\"SearchAction\",\"target\":{\"@type\":\"EntryPoint\",\"urlTemplate\":\"https:\\\/\\\/www.consultingcheck.com\\\/en\\\/?s={search_term_string}\"},\"query-input\":{\"@type\":\"PropertyValueSpecification\",\"valueRequired\":true,\"valueName\":\"search_term_string\"}}],\"inLanguage\":\"en-US\"}]}<\/script>\n<!-- \/ Yoast SEO plugin. -->","yoast_head_json":{"title":"Template for preparing, conducting and documenting employee appraisals - consultingcheck","robots":{"index":"index","follow":"follow","max-snippet":"max-snippet:-1","max-image-preview":"max-image-preview:large","max-video-preview":"max-video-preview:-1"},"canonical":"https:\/\/www.consultingcheck.com\/en\/ressource\/template-for-preparation-of-management-and-documentation-of-employee-meetings\/","og_locale":"en_US","og_type":"article","og_title":"Template for preparing, conducting and documenting employee appraisals - consultingcheck","og_description":"Content structure for systematically preparing, conducting and documenting employee appraisals in a standardized format Contents Here is a 2 \u00bd-page field-tested template to help you conduct employee reviews in a structured and professional manner. The template first focuses on assessing the readiness, skills, and performance of the employee with whom you want to conduct an ...","og_url":"https:\/\/www.consultingcheck.com\/en\/ressource\/template-for-preparation-of-management-and-documentation-of-employee-meetings\/","og_site_name":"consultingcheck","twitter_card":"summary_large_image","twitter_misc":{"Est. reading time":"1 minute"},"schema":{"@context":"https:\/\/schema.org","@graph":[{"@type":"WebPage","@id":"https:\/\/www.consultingcheck.com\/en\/ressource\/template-for-preparation-of-management-and-documentation-of-employee-meetings\/","url":"https:\/\/www.consultingcheck.com\/en\/ressource\/template-for-preparation-of-management-and-documentation-of-employee-meetings\/","name":"Template for preparing, conducting and documenting employee appraisals - consultingcheck","isPartOf":{"@id":"https:\/\/www.consultingcheck.com\/en\/#website"},"primaryImageOfPage":{"@id":"https:\/\/www.consultingcheck.com\/en\/ressource\/template-for-preparation-of-management-and-documentation-of-employee-meetings\/#primaryimage"},"image":{"@id":"https:\/\/www.consultingcheck.com\/en\/ressource\/template-for-preparation-of-management-and-documentation-of-employee-meetings\/#primaryimage"},"thumbnailUrl":"https:\/\/www.consultingcheck.com\/wp-content\/uploads\/2024\/06\/template-for-preparation-of-management-and-documentation-of-employee-meetings.jpg","datePublished":"2022-11-05T09:59:17+00:00","breadcrumb":{"@id":"https:\/\/www.consultingcheck.com\/en\/ressource\/template-for-preparation-of-management-and-documentation-of-employee-meetings\/#breadcrumb"},"inLanguage":"en-US","potentialAction":[{"@type":"ReadAction","target":["https:\/\/www.consultingcheck.com\/en\/ressource\/template-for-preparation-of-management-and-documentation-of-employee-meetings\/"]}]},{"@type":"ImageObject","inLanguage":"en-US","@id":"https:\/\/www.consultingcheck.com\/en\/ressource\/template-for-preparation-of-management-and-documentation-of-employee-meetings\/#primaryimage","url":"https:\/\/www.consultingcheck.com\/wp-content\/uploads\/2024\/06\/template-for-preparation-of-management-and-documentation-of-employee-meetings.jpg","contentUrl":"https:\/\/www.consultingcheck.com\/wp-content\/uploads\/2024\/06\/template-for-preparation-of-management-and-documentation-of-employee-meetings.jpg","width":1000,"height":679,"caption":"Ein Screenshot der Vorlage f\u00fcr die Vorbereitung, F\u00fchrung und Dokumentation von Mitarbeitergespr\u00e4chen."},{"@type":"BreadcrumbList","@id":"https:\/\/www.consultingcheck.com\/en\/ressource\/template-for-preparation-of-management-and-documentation-of-employee-meetings\/#breadcrumb","itemListElement":[{"@type":"ListItem","position":1,"name":"Startseite","item":"https:\/\/www.consultingcheck.com\/en\/"},{"@type":"ListItem","position":2,"name":"Downloads, Tools and Products","item":"https:\/\/www.consultingcheck.com\/en\/tools\/downloads-tools-and-products\/"},{"@type":"ListItem","position":3,"name":"Template for preparing, conducting and documenting employee appraisals"}]},{"@type":"WebSite","@id":"https:\/\/www.consultingcheck.com\/en\/#website","url":"https:\/\/www.consultingcheck.com\/en\/","name":"consultingcheck","description":"Vernetzt gedacht. Entzaubert. Hands-on.","potentialAction":[{"@type":"SearchAction","target":{"@type":"EntryPoint","urlTemplate":"https:\/\/www.consultingcheck.com\/en\/?s={search_term_string}"},"query-input":{"@type":"PropertyValueSpecification","valueRequired":true,"valueName":"search_term_string"}}],"inLanguage":"en-US"}]}},"_links":{"self":[{"href":"https:\/\/www.consultingcheck.com\/en\/wp-json\/wp\/v2\/product\/11052","targetHints":{"allow":["GET"]}}],"collection":[{"href":"https:\/\/www.consultingcheck.com\/en\/wp-json\/wp\/v2\/product"}],"about":[{"href":"https:\/\/www.consultingcheck.com\/en\/wp-json\/wp\/v2\/types\/product"}],"wp:featuredmedia":[{"embeddable":true,"href":"https:\/\/www.consultingcheck.com\/en\/wp-json\/wp\/v2\/media\/20040"}],"wp:attachment":[{"href":"https:\/\/www.consultingcheck.com\/en\/wp-json\/wp\/v2\/media?parent=11052"}],"wp:term":[{"taxonomy":"product_brand","embeddable":true,"href":"https:\/\/www.consultingcheck.com\/en\/wp-json\/wp\/v2\/product_brand?post=11052"},{"taxonomy":"product_cat","embeddable":true,"href":"https:\/\/www.consultingcheck.com\/en\/wp-json\/wp\/v2\/product_cat?post=11052"},{"taxonomy":"product_tag","embeddable":true,"href":"https:\/\/www.consultingcheck.com\/en\/wp-json\/wp\/v2\/product_tag?post=11052"},{"taxonomy":"jask_topic_categories","embeddable":true,"href":"https:\/\/www.consultingcheck.com\/en\/wp-json\/wp\/v2\/jask_topic_categories?post=11052"}],"curies":[{"name":"wp","href":"https:\/\/api.w.org\/{rel}","templated":true}]}}