{"id":8947,"date":"2022-09-23T22:18:21","date_gmt":"2022-09-23T20:18:21","guid":{"rendered":"https:\/\/www.consultingcheck.com\/?post_type=product&#038;p=8947"},"modified":"2024-06-18T12:30:14","modified_gmt":"2024-06-18T10:30:14","slug":"vorlage-fuer-eine-entsprechenserklaerung-nach-dem-deutschen-nachhaltigkeitskodex","status":"publish","type":"product","link":"https:\/\/www.consultingcheck.com\/de\/ressource\/vorlage-fuer-eine-entsprechenserklaerung-nach-dem-deutschen-nachhaltigkeitskodex\/","title":{"rendered":"Vorlage f\u00fcr eine Entsprechenserkl\u00e4rung nach dem Deutschen Nachhaltigkeitskodex"},"content":{"rendered":"<h3>Inhalte<\/h3>\n<p>Das Thema nachhaltigen Wirtschaftens gewinnt an Bedeutung. Nicht nur offizielle Stellen treiben umweltvertr\u00e4gliches, nachhaltiges Wirtschaften, sondern zunehmend auch Kunden, die von ihren Lieferanten den Nachweis nachhaltigen Wirtschaftens als eine Voraussetzung f\u00fcr eine Gesch\u00e4ftsbeziehung erwarten.<\/p>\n<p>Ein erster Schritt ist, f\u00fcr Ihr Unternehmen eine Entsprechenserkl\u00e4rung nach dem Deutschen Nachhaltigkeitskodex (DNK) zu erstellen.<\/p>\n<p>F\u00fcr Unternehmensberater und Interim-Manager ist es mit erheblichem Aufwand verbunden, sich in die Thematik einzudenken und eine solche Erkl\u00e4rung zu erstellen. Eine Vorlage kann helfen, diesen Aufwand sinnvoll zu begrenzen. Managementberater und Interim-Manager haben selbst zwar nur einen verh\u00e4ltnism\u00e4\u00dfig kleinen Fu\u00dfabdruck, aber in den klientenseitigen Unternehmen haben sie oft erheblichen Einfluss auf die Entwicklung nachhaltigen Wirtschaftens. Immer mehr Auftraggeber achten auf das Bekenntnis zu nachhaltigem Wirtschaften ihrer Managenmentberater und Interim-Manager.<\/p>\n<p>Hier erhalten Sie Zugang zu einem Beispiel einer fertig formulierten Entsprechenserkl\u00e4rung mit dem Deutschen Nachhaltigkeitskodex f\u00fcr Berater und Interim-Manager. Kleinere Passagen sind individuell zu erg\u00e4nzen.<\/p>\n<p>&nbsp;<\/p>\n<h3>Vorteile<\/h3>\n<ul>\n<li>Berater und Interim-Manager erhalten ein spezifisches Beispiel f\u00fcr eine Entsprechenserkl\u00e4rung mit dem Deutschen Nachhaltigkeitskodex (8 Seiten).<\/li>\n<li>Sie k\u00f6nnen diese Vorlage, die als offenes MS Word-Dokument zur Verf\u00fcgung gestellt wird, mit geringem Aufwand an ihre individuellen Verh\u00e4ltnisse anpassen.<\/li>\n<li>Die Entsprechenserkl\u00e4rung ist ein Bekenntnis zu nachhaltigem Wirtschaften und kann k\u00fcnftig ein wichtiger Baustein zur Projektakquisition sein.<\/li>\n<li>Die Entsprechenserkl\u00e4rung gibt Hinweise auf sinnvolle Hebel zur St\u00e4rkung der Nachhaltigkeit. Sie ist der Ausgangspunkt f\u00fcr weitere Initiativen f\u00fcr nachhaltiges Wirtschaften.<\/li>\n<\/ul>\n<p>&nbsp;<\/p>\n<h3>Digitaler Download<\/h3>\n<p>Nach der Bestellung erhalten Sie einen Download-Link zur Vorlage, die Sie sofort nutzen k\u00f6nnen.<\/p>\n<p>Bitte beachten Sie, dass diese Vorlage, zu der Sie den Zugang erwerben, ausschlie\u00dflich f\u00fcr Ihren pers\u00f6nlichen Gebrauch bestimmt sind. Es ist untersagt, diese Vorlage in jeglicher Form und in jeglicher digitaler oder physischer Weise weiterzuverkaufen oder sie ohne meine Erlaubnis in einer physischen oder Online-Ver\u00f6ffentlichung zu ver\u00f6ffentlichen. Ich bin der einzige Copyright-Inhaber dieser Datei.<\/p>\n<p>Link zum Download: MS Word-Dokument<\/p>\n<p>&nbsp;<\/p>\n","protected":false},"excerpt":{"rendered":"<h2>Mit unserer Vorlage gehen Sie die ersten Schritte hin zum nachhaltigen Unternehmen!<\/h2>\n<h2><\/h2>\n","protected":false},"featured_media":20210,"template":"","meta":{"_links_to":"","_links_to_target":""},"product_brand":[],"product_cat":[593,603,1227],"product_tag":[],"jask_topic_categories":[1220,235,240,1666,241,244,245,246,247,279,547,559],"class_list":{"0":"post-8947","1":"product","2":"type-product","3":"status-publish","4":"has-post-thumbnail","6":"product_cat-muster","7":"product_cat-formatvorlage","8":"product_cat-management","9":"jask_topic_categories-management","10":"jask_topic_categories-nachhaltigkeit","11":"jask_topic_categories-nachhaltig-wirtschaften","12":"jask_topic_categories-nachhaltigkeit-und-wirtschaften","13":"jask_topic_categories-grenzen-des-wachstums","14":"jask_topic_categories-notwendigkeit-nachhaltigen-wirtschaftens","15":"jask_topic_categories-verantwortung-fuer-nachhaltiges-wirtschaften","16":"jask_topic_categories-umsetzung-nachhaltigen-wirtschaftens","17":"jask_topic_categories-umweltmanagementsystem-nach-en-din-iso-14001","18":"jask_topic_categories-vorleben-der-fuehrungsrolle","19":"jask_topic_categories-managementsysteme","20":"jask_topic_categories-kapitalgesellschaft","22":"first","23":"instock","24":"taxable","25":"shipping-taxable","26":"purchasable","27":"product-type-variable"},"yoast_head":"<!-- This site is optimized with the Yoast SEO plugin v27.3 - https:\/\/yoast.com\/product\/yoast-seo-wordpress\/ -->\n<title>Vorlage: Erkl\u00e4rung nach Deutschem Nachhaltigkeitskodex<\/title>\n<meta name=\"description\" content=\"Entsprechenserkl\u00e4rung nach dem Deutschen Nachhaltigkeitskodex (DNK) ganz einfach erstellen \u2013 mit unserer Word-Vorlage. Jetzt downloaden!\" \/>\n<meta name=\"robots\" content=\"index, follow, max-snippet:-1, max-image-preview:large, max-video-preview:-1\" \/>\n<link rel=\"canonical\" href=\"https:\/\/www.consultingcheck.com\/de\/ressource\/vorlage-fuer-eine-entsprechenserklaerung-nach-dem-deutschen-nachhaltigkeitskodex\/\" \/>\n<meta property=\"og:locale\" content=\"de_DE\" \/>\n<meta property=\"og:type\" content=\"article\" \/>\n<meta property=\"og:title\" content=\"Vorlage: Erkl\u00e4rung nach Deutschem Nachhaltigkeitskodex\" \/>\n<meta property=\"og:description\" content=\"Entsprechenserkl\u00e4rung nach dem Deutschen Nachhaltigkeitskodex (DNK) ganz einfach erstellen \u2013 mit unserer Word-Vorlage. Jetzt downloaden!\" \/>\n<meta property=\"og:url\" content=\"https:\/\/www.consultingcheck.com\/de\/ressource\/vorlage-fuer-eine-entsprechenserklaerung-nach-dem-deutschen-nachhaltigkeitskodex\/\" \/>\n<meta property=\"og:site_name\" content=\"consultingcheck\" \/>\n<meta property=\"article:modified_time\" content=\"2024-06-18T10:30:14+00:00\" \/>\n<meta property=\"og:image\" content=\"https:\/\/www.consultingcheck.com\/wp-content\/uploads\/2022\/09\/vorlage-fuer-eine-entsprechenserklaerung-nach-dem-deutschen-nachhaltigkeitskodex.jpg\" \/>\n\t<meta property=\"og:image:width\" content=\"1000\" \/>\n\t<meta property=\"og:image:height\" content=\"679\" \/>\n\t<meta property=\"og:image:type\" content=\"image\/jpeg\" \/>\n<meta name=\"twitter:card\" content=\"summary_large_image\" \/>\n<meta name=\"twitter:label1\" content=\"Gesch\u00e4tzte Lesezeit\" \/>\n\t<meta name=\"twitter:data1\" content=\"2\u00a0Minuten\" \/>\n<script type=\"application\/ld+json\" class=\"yoast-schema-graph\">{\"@context\":\"https:\\\/\\\/schema.org\",\"@graph\":[{\"@type\":\"WebPage\",\"@id\":\"https:\\\/\\\/www.consultingcheck.com\\\/de\\\/ressource\\\/vorlage-fuer-eine-entsprechenserklaerung-nach-dem-deutschen-nachhaltigkeitskodex\\\/\",\"url\":\"https:\\\/\\\/www.consultingcheck.com\\\/de\\\/ressource\\\/vorlage-fuer-eine-entsprechenserklaerung-nach-dem-deutschen-nachhaltigkeitskodex\\\/\",\"name\":\"Vorlage: Erkl\u00e4rung nach Deutschem Nachhaltigkeitskodex\",\"isPartOf\":{\"@id\":\"https:\\\/\\\/www.consultingcheck.com\\\/de\\\/#website\"},\"primaryImageOfPage\":{\"@id\":\"https:\\\/\\\/www.consultingcheck.com\\\/de\\\/ressource\\\/vorlage-fuer-eine-entsprechenserklaerung-nach-dem-deutschen-nachhaltigkeitskodex\\\/#primaryimage\"},\"image\":{\"@id\":\"https:\\\/\\\/www.consultingcheck.com\\\/de\\\/ressource\\\/vorlage-fuer-eine-entsprechenserklaerung-nach-dem-deutschen-nachhaltigkeitskodex\\\/#primaryimage\"},\"thumbnailUrl\":\"https:\\\/\\\/www.consultingcheck.com\\\/wp-content\\\/uploads\\\/2022\\\/09\\\/vorlage-fuer-eine-entsprechenserklaerung-nach-dem-deutschen-nachhaltigkeitskodex.jpg\",\"datePublished\":\"2022-09-23T20:18:21+00:00\",\"dateModified\":\"2024-06-18T10:30:14+00:00\",\"description\":\"Entsprechenserkl\u00e4rung nach dem Deutschen Nachhaltigkeitskodex (DNK) ganz einfach erstellen \u2013 mit unserer Word-Vorlage. Jetzt downloaden!\",\"breadcrumb\":{\"@id\":\"https:\\\/\\\/www.consultingcheck.com\\\/de\\\/ressource\\\/vorlage-fuer-eine-entsprechenserklaerung-nach-dem-deutschen-nachhaltigkeitskodex\\\/#breadcrumb\"},\"inLanguage\":\"de\",\"potentialAction\":[{\"@type\":\"ReadAction\",\"target\":[\"https:\\\/\\\/www.consultingcheck.com\\\/de\\\/ressource\\\/vorlage-fuer-eine-entsprechenserklaerung-nach-dem-deutschen-nachhaltigkeitskodex\\\/\"]}]},{\"@type\":\"ImageObject\",\"inLanguage\":\"de\",\"@id\":\"https:\\\/\\\/www.consultingcheck.com\\\/de\\\/ressource\\\/vorlage-fuer-eine-entsprechenserklaerung-nach-dem-deutschen-nachhaltigkeitskodex\\\/#primaryimage\",\"url\":\"https:\\\/\\\/www.consultingcheck.com\\\/wp-content\\\/uploads\\\/2022\\\/09\\\/vorlage-fuer-eine-entsprechenserklaerung-nach-dem-deutschen-nachhaltigkeitskodex.jpg\",\"contentUrl\":\"https:\\\/\\\/www.consultingcheck.com\\\/wp-content\\\/uploads\\\/2022\\\/09\\\/vorlage-fuer-eine-entsprechenserklaerung-nach-dem-deutschen-nachhaltigkeitskodex.jpg\",\"width\":1000,\"height\":679,\"caption\":\"Ein Screenshot der Vorlage f\u00fcr eine Entsprechenserkl\u00e4rung nach dem deutschen Nachhaltigkeitskodex.\"},{\"@type\":\"BreadcrumbList\",\"@id\":\"https:\\\/\\\/www.consultingcheck.com\\\/de\\\/ressource\\\/vorlage-fuer-eine-entsprechenserklaerung-nach-dem-deutschen-nachhaltigkeitskodex\\\/#breadcrumb\",\"itemListElement\":[{\"@type\":\"ListItem\",\"position\":1,\"name\":\"Startseite\",\"item\":\"https:\\\/\\\/www.consultingcheck.com\\\/de\\\/\"},{\"@type\":\"ListItem\",\"position\":2,\"name\":\"Downloads, Anwendungen und Produkte\",\"item\":\"https:\\\/\\\/www.consultingcheck.com\\\/de\\\/tools\\\/downloads-anwendungen-und-produkte\\\/\"},{\"@type\":\"ListItem\",\"position\":3,\"name\":\"Vorlage f\u00fcr eine Entsprechenserkl\u00e4rung nach dem Deutschen Nachhaltigkeitskodex\"}]},{\"@type\":\"WebSite\",\"@id\":\"https:\\\/\\\/www.consultingcheck.com\\\/de\\\/#website\",\"url\":\"https:\\\/\\\/www.consultingcheck.com\\\/de\\\/\",\"name\":\"consultingcheck\",\"description\":\"Vernetzt gedacht. Entzaubert. Hands-on.\",\"potentialAction\":[{\"@type\":\"SearchAction\",\"target\":{\"@type\":\"EntryPoint\",\"urlTemplate\":\"https:\\\/\\\/www.consultingcheck.com\\\/de\\\/?s={search_term_string}\"},\"query-input\":{\"@type\":\"PropertyValueSpecification\",\"valueRequired\":true,\"valueName\":\"search_term_string\"}}],\"inLanguage\":\"de\"}]}<\/script>\n<!-- \/ Yoast SEO plugin. -->","yoast_head_json":{"title":"Vorlage: Erkl\u00e4rung nach Deutschem Nachhaltigkeitskodex","description":"Entsprechenserkl\u00e4rung nach dem Deutschen Nachhaltigkeitskodex (DNK) ganz einfach erstellen \u2013 mit unserer Word-Vorlage. Jetzt downloaden!","robots":{"index":"index","follow":"follow","max-snippet":"max-snippet:-1","max-image-preview":"max-image-preview:large","max-video-preview":"max-video-preview:-1"},"canonical":"https:\/\/www.consultingcheck.com\/de\/ressource\/vorlage-fuer-eine-entsprechenserklaerung-nach-dem-deutschen-nachhaltigkeitskodex\/","og_locale":"de_DE","og_type":"article","og_title":"Vorlage: Erkl\u00e4rung nach Deutschem Nachhaltigkeitskodex","og_description":"Entsprechenserkl\u00e4rung nach dem Deutschen Nachhaltigkeitskodex (DNK) ganz einfach erstellen \u2013 mit unserer Word-Vorlage. Jetzt downloaden!","og_url":"https:\/\/www.consultingcheck.com\/de\/ressource\/vorlage-fuer-eine-entsprechenserklaerung-nach-dem-deutschen-nachhaltigkeitskodex\/","og_site_name":"consultingcheck","article_modified_time":"2024-06-18T10:30:14+00:00","og_image":[{"width":1000,"height":679,"url":"https:\/\/www.consultingcheck.com\/wp-content\/uploads\/2022\/09\/vorlage-fuer-eine-entsprechenserklaerung-nach-dem-deutschen-nachhaltigkeitskodex.jpg","type":"image\/jpeg"}],"twitter_card":"summary_large_image","twitter_misc":{"Gesch\u00e4tzte Lesezeit":"2\u00a0Minuten"},"schema":{"@context":"https:\/\/schema.org","@graph":[{"@type":"WebPage","@id":"https:\/\/www.consultingcheck.com\/de\/ressource\/vorlage-fuer-eine-entsprechenserklaerung-nach-dem-deutschen-nachhaltigkeitskodex\/","url":"https:\/\/www.consultingcheck.com\/de\/ressource\/vorlage-fuer-eine-entsprechenserklaerung-nach-dem-deutschen-nachhaltigkeitskodex\/","name":"Vorlage: Erkl\u00e4rung nach Deutschem Nachhaltigkeitskodex","isPartOf":{"@id":"https:\/\/www.consultingcheck.com\/de\/#website"},"primaryImageOfPage":{"@id":"https:\/\/www.consultingcheck.com\/de\/ressource\/vorlage-fuer-eine-entsprechenserklaerung-nach-dem-deutschen-nachhaltigkeitskodex\/#primaryimage"},"image":{"@id":"https:\/\/www.consultingcheck.com\/de\/ressource\/vorlage-fuer-eine-entsprechenserklaerung-nach-dem-deutschen-nachhaltigkeitskodex\/#primaryimage"},"thumbnailUrl":"https:\/\/www.consultingcheck.com\/wp-content\/uploads\/2022\/09\/vorlage-fuer-eine-entsprechenserklaerung-nach-dem-deutschen-nachhaltigkeitskodex.jpg","datePublished":"2022-09-23T20:18:21+00:00","dateModified":"2024-06-18T10:30:14+00:00","description":"Entsprechenserkl\u00e4rung nach dem Deutschen Nachhaltigkeitskodex (DNK) ganz einfach erstellen \u2013 mit unserer Word-Vorlage. Jetzt downloaden!","breadcrumb":{"@id":"https:\/\/www.consultingcheck.com\/de\/ressource\/vorlage-fuer-eine-entsprechenserklaerung-nach-dem-deutschen-nachhaltigkeitskodex\/#breadcrumb"},"inLanguage":"de","potentialAction":[{"@type":"ReadAction","target":["https:\/\/www.consultingcheck.com\/de\/ressource\/vorlage-fuer-eine-entsprechenserklaerung-nach-dem-deutschen-nachhaltigkeitskodex\/"]}]},{"@type":"ImageObject","inLanguage":"de","@id":"https:\/\/www.consultingcheck.com\/de\/ressource\/vorlage-fuer-eine-entsprechenserklaerung-nach-dem-deutschen-nachhaltigkeitskodex\/#primaryimage","url":"https:\/\/www.consultingcheck.com\/wp-content\/uploads\/2022\/09\/vorlage-fuer-eine-entsprechenserklaerung-nach-dem-deutschen-nachhaltigkeitskodex.jpg","contentUrl":"https:\/\/www.consultingcheck.com\/wp-content\/uploads\/2022\/09\/vorlage-fuer-eine-entsprechenserklaerung-nach-dem-deutschen-nachhaltigkeitskodex.jpg","width":1000,"height":679,"caption":"Ein Screenshot der Vorlage f\u00fcr eine Entsprechenserkl\u00e4rung nach dem deutschen Nachhaltigkeitskodex."},{"@type":"BreadcrumbList","@id":"https:\/\/www.consultingcheck.com\/de\/ressource\/vorlage-fuer-eine-entsprechenserklaerung-nach-dem-deutschen-nachhaltigkeitskodex\/#breadcrumb","itemListElement":[{"@type":"ListItem","position":1,"name":"Startseite","item":"https:\/\/www.consultingcheck.com\/de\/"},{"@type":"ListItem","position":2,"name":"Downloads, Anwendungen und Produkte","item":"https:\/\/www.consultingcheck.com\/de\/tools\/downloads-anwendungen-und-produkte\/"},{"@type":"ListItem","position":3,"name":"Vorlage f\u00fcr eine Entsprechenserkl\u00e4rung nach dem Deutschen Nachhaltigkeitskodex"}]},{"@type":"WebSite","@id":"https:\/\/www.consultingcheck.com\/de\/#website","url":"https:\/\/www.consultingcheck.com\/de\/","name":"consultingcheck","description":"Vernetzt gedacht. Entzaubert. Hands-on.","potentialAction":[{"@type":"SearchAction","target":{"@type":"EntryPoint","urlTemplate":"https:\/\/www.consultingcheck.com\/de\/?s={search_term_string}"},"query-input":{"@type":"PropertyValueSpecification","valueRequired":true,"valueName":"search_term_string"}}],"inLanguage":"de"}]}},"_links":{"self":[{"href":"https:\/\/www.consultingcheck.com\/de\/wp-json\/wp\/v2\/product\/8947","targetHints":{"allow":["GET"]}}],"collection":[{"href":"https:\/\/www.consultingcheck.com\/de\/wp-json\/wp\/v2\/product"}],"about":[{"href":"https:\/\/www.consultingcheck.com\/de\/wp-json\/wp\/v2\/types\/product"}],"wp:featuredmedia":[{"embeddable":true,"href":"https:\/\/www.consultingcheck.com\/de\/wp-json\/wp\/v2\/media\/20210"}],"wp:attachment":[{"href":"https:\/\/www.consultingcheck.com\/de\/wp-json\/wp\/v2\/media?parent=8947"}],"wp:term":[{"taxonomy":"product_brand","embeddable":true,"href":"https:\/\/www.consultingcheck.com\/de\/wp-json\/wp\/v2\/product_brand?post=8947"},{"taxonomy":"product_cat","embeddable":true,"href":"https:\/\/www.consultingcheck.com\/de\/wp-json\/wp\/v2\/product_cat?post=8947"},{"taxonomy":"product_tag","embeddable":true,"href":"https:\/\/www.consultingcheck.com\/de\/wp-json\/wp\/v2\/product_tag?post=8947"},{"taxonomy":"jask_topic_categories","embeddable":true,"href":"https:\/\/www.consultingcheck.com\/de\/wp-json\/wp\/v2\/jask_topic_categories?post=8947"}],"curies":[{"name":"wp","href":"https:\/\/api.w.org\/{rel}","templated":true}]}}