{"id":3115,"date":"2022-01-20T12:19:06","date_gmt":"2022-01-20T11:19:06","guid":{"rendered":"https:\/\/www.consultingcheck.com\/?post_type=product&#038;p=3115"},"modified":"2024-06-18T12:33:15","modified_gmt":"2024-06-18T10:33:15","slug":"einfacher-tagesbericht-ueber-das-laufende-geschaeft","status":"publish","type":"product","link":"https:\/\/www.consultingcheck.com\/de\/ressource\/einfacher-tagesbericht-ueber-das-laufende-geschaeft\/","title":{"rendered":"Einfacher Tagesbericht \u00fcber das laufende Gesch\u00e4ft"},"content":{"rendered":"<h3><strong>Inhalte<\/strong><\/h3>\n<p>Hier finden Sie ein Formblatt f\u00fcr einen genial einfachen, aber sehr wirksamen Tagesbericht \u00fcber das laufende Gesch\u00e4ft. In diesem einfachen Tagesbericht werden der Auftragseingang und die Umsatzerl\u00f6se des jeweiligen Vortags erfasst, und zwar jeweils mit ihren geplanten Deckungsbeitr\u00e4gen in [EUR] und in [%] laut Kalkulation. Des Weiteren werden der im laufenden Monat kumulierte Auftragsbestand und der kumulierte Deckungsbeitrag in [EUR] und in [%] erfasst. Mit dieser limitierten Erfassung k\u00f6nnen kleine Gesch\u00e4fte bereits recht gut gef\u00fchrt werden.<\/p>\n<p>Die Umsatzzahlen zeigen die bisherige Absatzst\u00e4rke und die bisherige Ertragskraft. Die Auftragseing\u00e4nge und Auftragsbest\u00e4nde lassen darauf schlie\u00dfen, zu welchem Grad sich die Organisation k\u00fcnftig finanzieren k\u00f6nnen wird und ob die Rentabilit\u00e4t k\u00fcnftig eher steigen oder eher sinken wird. Entsprechend fr\u00fchzeitig k\u00f6nnen Ma\u00dfnahmen ergriffen werden.<\/p>\n<p>Die Daten sollten m\u00f6glichst durch ein Query automatisch aus dem ERP-System in diesen Tagesbericht eingespeist werden.<\/p>\n<p>Der regelm\u00e4\u00dfige Einsatz dieses Formblatts und die t\u00e4gliche Diskussion der Leistungsdaten sind ein bew\u00e4hrtes Mittel, um die operative Leistungkraft des Betriebes hoch zu halten.<\/p>\n<p>&nbsp;<\/p>\n<h3><strong>Vorteile<\/strong><\/h3>\n<ul>\n<li>Sie erwerben ein einfaches und wirksames F\u00fchrungsinstrument.<\/li>\n<li>Sie werden tagesaktuell \u00fcber die wesentlichen operativen Kennzahlen informiert, ohne dass damit Mehraufwand verbunden ist.<\/li>\n<li>Ihre Mitarbeiter werden t\u00e4glich Leistung erbringen, weil sie wissen, dass diese Zahlen erfragt und besprochen werden.<\/li>\n<li>Sie geben Ihren Mitarbeitern operative Orientierung und binden sie in die Verantwortung ein.<\/li>\n<\/ul>\n<p>&nbsp;<\/p>\n<h3><strong>Digitaler Download<\/strong><\/h3>\n<p>Nach der Bestellung erhalten Sie einen Download-Link zum strukturierten Tagesbericht, den Sie sofort nutzen k\u00f6nnen.<\/p>\n<p>Bitte beachten Sie, dass dieser Tagesbericht, zu dem Sie den Zugang erwerben, ausschlie\u00dflich f\u00fcr Ihren pers\u00f6nlichen Gebrauch bestimmt sind. Es ist untersagt, diesn Tagesbericht in jeglicher Form und in jeglicher digitaler oder physischer Weise weiterzuverkaufen oder ihn ohne meine Erlaubnis in einer physischen oder Online-Ver\u00f6ffentlichung zu ver\u00f6ffentlichen. Ich bin der einzige Copyright-Inhaber dieser Datei.<\/p>\n<p>&nbsp;<\/p>\n","protected":false},"excerpt":{"rendered":"<h2>Fokussieren Sie sich auf das Wesentliche mit dem Tagesbericht \u00fcber das operative Gesch\u00e4ft!<\/h2>\n","protected":false},"featured_media":20075,"template":"","meta":{"_links_to":"","_links_to_target":""},"product_brand":[],"product_cat":[597,1230],"product_tag":[],"jask_topic_categories":[76,104,115,118,120,122,124,127,126,141,142,145,168,253,342,344,345,343,347,349,341,348,439,438,447,478,479,477,491,492,493,490],"class_list":{"0":"post-3115","1":"product","2":"type-product","3":"status-publish","4":"has-post-thumbnail","6":"product_cat-formblatt","7":"product_cat-vertrieb","8":"jask_topic_categories-marketing-und-vertrieb","9":"jask_topic_categories-vertrieb","10":"jask_topic_categories-vertriebsorganisation","11":"jask_topic_categories-vertriebsmanagement","12":"jask_topic_categories-operative-vertriebsfuehrung","13":"jask_topic_categories-personalfuehrung-im-vertrieb","14":"jask_topic_categories-personalfuehrung-im-vertrieb-personalfuehrung-im-vertrieb","15":"jask_topic_categories-prozessoptimierung","16":"jask_topic_categories-durchsatz","17":"jask_topic_categories-ertragssteigerung","18":"jask_topic_categories-einfluss-von-absatz-und-umsatzerloesen-auf-den-ertrag","19":"jask_topic_categories-kostenoptimierung-zur-ertragssteigerung","20":"jask_topic_categories-stabilisierung","21":"jask_topic_categories-leadership","22":"jask_topic_categories-ganzheitliches-controlling","23":"jask_topic_categories-agile-planung-mit-beyond-budgeting","24":"jask_topic_categories-risikomanagement","25":"jask_topic_categories-businessplan","26":"jask_topic_categories-operative-risk-self-assessment-orsa","27":"jask_topic_categories-erp-systeme","28":"jask_topic_categories-controlling-und-risikomanagement","29":"jask_topic_categories-it-transformation-und-digitalisierung","30":"jask_topic_categories-sofortmassnahmen","31":"jask_topic_categories-akute-krise","32":"jask_topic_categories-unternehmensbewertung","33":"jask_topic_categories-financial-due-diligence","34":"jask_topic_categories-commercial-due-diligence","35":"jask_topic_categories-due-diligence","36":"jask_topic_categories-basisfragen","37":"jask_topic_categories-businessplan-unternehmensgruendung","38":"jask_topic_categories-gruendungsfinanzierung","39":"jask_topic_categories-unternehmensgruendung","41":"first","42":"instock","43":"taxable","44":"shipping-taxable","45":"purchasable","46":"product-type-variable"},"yoast_head":"<!-- This site is optimized with the Yoast SEO plugin v27.4 - https:\/\/yoast.com\/product\/yoast-seo-wordpress\/ -->\n<title>Download: einfacher Tagesbericht \u00fcber das laufende Gesch\u00e4ft<\/title>\n<meta name=\"description\" content=\"Das genial einfache Formblatt zur Erstellung von einfachen Tagesberichten \u00fcber das laufende Gesch\u00e4ft. F\u00fcr mehr \u00dcbersicht. Jetzt downloaden!\" \/>\n<meta name=\"robots\" content=\"index, follow, max-snippet:-1, max-image-preview:large, max-video-preview:-1\" \/>\n<link rel=\"canonical\" href=\"https:\/\/www.consultingcheck.com\/de\/ressource\/einfacher-tagesbericht-ueber-das-laufende-geschaeft\/\" \/>\n<meta property=\"og:locale\" content=\"de_DE\" \/>\n<meta property=\"og:type\" content=\"article\" \/>\n<meta property=\"og:title\" content=\"Download: einfacher Tagesbericht \u00fcber das laufende Gesch\u00e4ft\" \/>\n<meta property=\"og:description\" content=\"Das genial einfache Formblatt zur Erstellung von einfachen Tagesberichten \u00fcber das laufende Gesch\u00e4ft. F\u00fcr mehr \u00dcbersicht. Jetzt downloaden!\" \/>\n<meta property=\"og:url\" content=\"https:\/\/www.consultingcheck.com\/de\/ressource\/einfacher-tagesbericht-ueber-das-laufende-geschaeft\/\" \/>\n<meta property=\"og:site_name\" content=\"consultingcheck\" \/>\n<meta property=\"article:modified_time\" content=\"2024-06-18T10:33:15+00:00\" \/>\n<meta property=\"og:image\" content=\"https:\/\/www.consultingcheck.com\/wp-content\/uploads\/2022\/01\/einfacher-tagesbericht-ueber-das-laufende-geschaeft.jpg\" \/>\n\t<meta property=\"og:image:width\" content=\"1000\" \/>\n\t<meta property=\"og:image:height\" content=\"679\" \/>\n\t<meta property=\"og:image:type\" content=\"image\/jpeg\" \/>\n<meta name=\"twitter:card\" content=\"summary_large_image\" \/>\n<meta name=\"twitter:label1\" content=\"Gesch\u00e4tzte Lesezeit\" \/>\n\t<meta name=\"twitter:data1\" content=\"2\u00a0Minuten\" \/>\n<script type=\"application\/ld+json\" class=\"yoast-schema-graph\">{\"@context\":\"https:\\\/\\\/schema.org\",\"@graph\":[{\"@type\":\"WebPage\",\"@id\":\"https:\\\/\\\/www.consultingcheck.com\\\/de\\\/ressource\\\/einfacher-tagesbericht-ueber-das-laufende-geschaeft\\\/\",\"url\":\"https:\\\/\\\/www.consultingcheck.com\\\/de\\\/ressource\\\/einfacher-tagesbericht-ueber-das-laufende-geschaeft\\\/\",\"name\":\"Download: einfacher Tagesbericht \u00fcber das laufende Gesch\u00e4ft\",\"isPartOf\":{\"@id\":\"https:\\\/\\\/www.consultingcheck.com\\\/de\\\/#website\"},\"primaryImageOfPage\":{\"@id\":\"https:\\\/\\\/www.consultingcheck.com\\\/de\\\/ressource\\\/einfacher-tagesbericht-ueber-das-laufende-geschaeft\\\/#primaryimage\"},\"image\":{\"@id\":\"https:\\\/\\\/www.consultingcheck.com\\\/de\\\/ressource\\\/einfacher-tagesbericht-ueber-das-laufende-geschaeft\\\/#primaryimage\"},\"thumbnailUrl\":\"https:\\\/\\\/www.consultingcheck.com\\\/wp-content\\\/uploads\\\/2022\\\/01\\\/einfacher-tagesbericht-ueber-das-laufende-geschaeft.jpg\",\"datePublished\":\"2022-01-20T11:19:06+00:00\",\"dateModified\":\"2024-06-18T10:33:15+00:00\",\"description\":\"Das genial einfache Formblatt zur Erstellung von einfachen Tagesberichten \u00fcber das laufende Gesch\u00e4ft. F\u00fcr mehr \u00dcbersicht. Jetzt downloaden!\",\"breadcrumb\":{\"@id\":\"https:\\\/\\\/www.consultingcheck.com\\\/de\\\/ressource\\\/einfacher-tagesbericht-ueber-das-laufende-geschaeft\\\/#breadcrumb\"},\"inLanguage\":\"de\",\"potentialAction\":[{\"@type\":\"ReadAction\",\"target\":[\"https:\\\/\\\/www.consultingcheck.com\\\/de\\\/ressource\\\/einfacher-tagesbericht-ueber-das-laufende-geschaeft\\\/\"]}]},{\"@type\":\"ImageObject\",\"inLanguage\":\"de\",\"@id\":\"https:\\\/\\\/www.consultingcheck.com\\\/de\\\/ressource\\\/einfacher-tagesbericht-ueber-das-laufende-geschaeft\\\/#primaryimage\",\"url\":\"https:\\\/\\\/www.consultingcheck.com\\\/wp-content\\\/uploads\\\/2022\\\/01\\\/einfacher-tagesbericht-ueber-das-laufende-geschaeft.jpg\",\"contentUrl\":\"https:\\\/\\\/www.consultingcheck.com\\\/wp-content\\\/uploads\\\/2022\\\/01\\\/einfacher-tagesbericht-ueber-das-laufende-geschaeft.jpg\",\"width\":1000,\"height\":679,\"caption\":\"Ein Screenshot des einfachen Tagesberichts \u00fcber das laufende Gesch\u00e4ft.\"},{\"@type\":\"BreadcrumbList\",\"@id\":\"https:\\\/\\\/www.consultingcheck.com\\\/de\\\/ressource\\\/einfacher-tagesbericht-ueber-das-laufende-geschaeft\\\/#breadcrumb\",\"itemListElement\":[{\"@type\":\"ListItem\",\"position\":1,\"name\":\"Startseite\",\"item\":\"https:\\\/\\\/www.consultingcheck.com\\\/de\\\/\"},{\"@type\":\"ListItem\",\"position\":2,\"name\":\"Downloads, Anwendungen und Produkte\",\"item\":\"https:\\\/\\\/www.consultingcheck.com\\\/de\\\/tools\\\/downloads-anwendungen-und-produkte\\\/\"},{\"@type\":\"ListItem\",\"position\":3,\"name\":\"Einfacher Tagesbericht \u00fcber das laufende Gesch\u00e4ft\"}]},{\"@type\":\"WebSite\",\"@id\":\"https:\\\/\\\/www.consultingcheck.com\\\/de\\\/#website\",\"url\":\"https:\\\/\\\/www.consultingcheck.com\\\/de\\\/\",\"name\":\"consultingcheck\",\"description\":\"Vernetzt gedacht. Entzaubert. Hands-on.\",\"potentialAction\":[{\"@type\":\"SearchAction\",\"target\":{\"@type\":\"EntryPoint\",\"urlTemplate\":\"https:\\\/\\\/www.consultingcheck.com\\\/de\\\/?s={search_term_string}\"},\"query-input\":{\"@type\":\"PropertyValueSpecification\",\"valueRequired\":true,\"valueName\":\"search_term_string\"}}],\"inLanguage\":\"de\"}]}<\/script>\n<!-- \/ Yoast SEO plugin. -->","yoast_head_json":{"title":"Download: einfacher Tagesbericht \u00fcber das laufende Gesch\u00e4ft","description":"Das genial einfache Formblatt zur Erstellung von einfachen Tagesberichten \u00fcber das laufende Gesch\u00e4ft. F\u00fcr mehr \u00dcbersicht. Jetzt downloaden!","robots":{"index":"index","follow":"follow","max-snippet":"max-snippet:-1","max-image-preview":"max-image-preview:large","max-video-preview":"max-video-preview:-1"},"canonical":"https:\/\/www.consultingcheck.com\/de\/ressource\/einfacher-tagesbericht-ueber-das-laufende-geschaeft\/","og_locale":"de_DE","og_type":"article","og_title":"Download: einfacher Tagesbericht \u00fcber das laufende Gesch\u00e4ft","og_description":"Das genial einfache Formblatt zur Erstellung von einfachen Tagesberichten \u00fcber das laufende Gesch\u00e4ft. F\u00fcr mehr \u00dcbersicht. Jetzt downloaden!","og_url":"https:\/\/www.consultingcheck.com\/de\/ressource\/einfacher-tagesbericht-ueber-das-laufende-geschaeft\/","og_site_name":"consultingcheck","article_modified_time":"2024-06-18T10:33:15+00:00","og_image":[{"width":1000,"height":679,"url":"https:\/\/www.consultingcheck.com\/wp-content\/uploads\/2022\/01\/einfacher-tagesbericht-ueber-das-laufende-geschaeft.jpg","type":"image\/jpeg"}],"twitter_card":"summary_large_image","twitter_misc":{"Gesch\u00e4tzte Lesezeit":"2\u00a0Minuten"},"schema":{"@context":"https:\/\/schema.org","@graph":[{"@type":"WebPage","@id":"https:\/\/www.consultingcheck.com\/de\/ressource\/einfacher-tagesbericht-ueber-das-laufende-geschaeft\/","url":"https:\/\/www.consultingcheck.com\/de\/ressource\/einfacher-tagesbericht-ueber-das-laufende-geschaeft\/","name":"Download: einfacher Tagesbericht \u00fcber das laufende Gesch\u00e4ft","isPartOf":{"@id":"https:\/\/www.consultingcheck.com\/de\/#website"},"primaryImageOfPage":{"@id":"https:\/\/www.consultingcheck.com\/de\/ressource\/einfacher-tagesbericht-ueber-das-laufende-geschaeft\/#primaryimage"},"image":{"@id":"https:\/\/www.consultingcheck.com\/de\/ressource\/einfacher-tagesbericht-ueber-das-laufende-geschaeft\/#primaryimage"},"thumbnailUrl":"https:\/\/www.consultingcheck.com\/wp-content\/uploads\/2022\/01\/einfacher-tagesbericht-ueber-das-laufende-geschaeft.jpg","datePublished":"2022-01-20T11:19:06+00:00","dateModified":"2024-06-18T10:33:15+00:00","description":"Das genial einfache Formblatt zur Erstellung von einfachen Tagesberichten \u00fcber das laufende Gesch\u00e4ft. F\u00fcr mehr \u00dcbersicht. Jetzt downloaden!","breadcrumb":{"@id":"https:\/\/www.consultingcheck.com\/de\/ressource\/einfacher-tagesbericht-ueber-das-laufende-geschaeft\/#breadcrumb"},"inLanguage":"de","potentialAction":[{"@type":"ReadAction","target":["https:\/\/www.consultingcheck.com\/de\/ressource\/einfacher-tagesbericht-ueber-das-laufende-geschaeft\/"]}]},{"@type":"ImageObject","inLanguage":"de","@id":"https:\/\/www.consultingcheck.com\/de\/ressource\/einfacher-tagesbericht-ueber-das-laufende-geschaeft\/#primaryimage","url":"https:\/\/www.consultingcheck.com\/wp-content\/uploads\/2022\/01\/einfacher-tagesbericht-ueber-das-laufende-geschaeft.jpg","contentUrl":"https:\/\/www.consultingcheck.com\/wp-content\/uploads\/2022\/01\/einfacher-tagesbericht-ueber-das-laufende-geschaeft.jpg","width":1000,"height":679,"caption":"Ein Screenshot des einfachen Tagesberichts \u00fcber das laufende Gesch\u00e4ft."},{"@type":"BreadcrumbList","@id":"https:\/\/www.consultingcheck.com\/de\/ressource\/einfacher-tagesbericht-ueber-das-laufende-geschaeft\/#breadcrumb","itemListElement":[{"@type":"ListItem","position":1,"name":"Startseite","item":"https:\/\/www.consultingcheck.com\/de\/"},{"@type":"ListItem","position":2,"name":"Downloads, Anwendungen und Produkte","item":"https:\/\/www.consultingcheck.com\/de\/tools\/downloads-anwendungen-und-produkte\/"},{"@type":"ListItem","position":3,"name":"Einfacher Tagesbericht \u00fcber das laufende Gesch\u00e4ft"}]},{"@type":"WebSite","@id":"https:\/\/www.consultingcheck.com\/de\/#website","url":"https:\/\/www.consultingcheck.com\/de\/","name":"consultingcheck","description":"Vernetzt gedacht. Entzaubert. Hands-on.","potentialAction":[{"@type":"SearchAction","target":{"@type":"EntryPoint","urlTemplate":"https:\/\/www.consultingcheck.com\/de\/?s={search_term_string}"},"query-input":{"@type":"PropertyValueSpecification","valueRequired":true,"valueName":"search_term_string"}}],"inLanguage":"de"}]}},"_links":{"self":[{"href":"https:\/\/www.consultingcheck.com\/de\/wp-json\/wp\/v2\/product\/3115","targetHints":{"allow":["GET"]}}],"collection":[{"href":"https:\/\/www.consultingcheck.com\/de\/wp-json\/wp\/v2\/product"}],"about":[{"href":"https:\/\/www.consultingcheck.com\/de\/wp-json\/wp\/v2\/types\/product"}],"wp:featuredmedia":[{"embeddable":true,"href":"https:\/\/www.consultingcheck.com\/de\/wp-json\/wp\/v2\/media\/20075"}],"wp:attachment":[{"href":"https:\/\/www.consultingcheck.com\/de\/wp-json\/wp\/v2\/media?parent=3115"}],"wp:term":[{"taxonomy":"product_brand","embeddable":true,"href":"https:\/\/www.consultingcheck.com\/de\/wp-json\/wp\/v2\/product_brand?post=3115"},{"taxonomy":"product_cat","embeddable":true,"href":"https:\/\/www.consultingcheck.com\/de\/wp-json\/wp\/v2\/product_cat?post=3115"},{"taxonomy":"product_tag","embeddable":true,"href":"https:\/\/www.consultingcheck.com\/de\/wp-json\/wp\/v2\/product_tag?post=3115"},{"taxonomy":"jask_topic_categories","embeddable":true,"href":"https:\/\/www.consultingcheck.com\/de\/wp-json\/wp\/v2\/jask_topic_categories?post=3115"}],"curies":[{"name":"wp","href":"https:\/\/api.w.org\/{rel}","templated":true}]}}