{"id":2491,"date":"2021-11-26T14:39:59","date_gmt":"2021-11-26T13:39:59","guid":{"rendered":"https:\/\/www.consultingcheck.com\/?post_type=product&#038;p=2491"},"modified":"2024-06-18T12:39:43","modified_gmt":"2024-06-18T10:39:43","slug":"premium-subscription","status":"publish","type":"product","link":"https:\/\/www.consultingcheck.com\/de\/ressource\/premium-subscription\/","title":{"rendered":"Premium Subscription"},"content":{"rendered":"<p>Mit einem Premium-Profil bei consultingcheck machen Sie am wirksamsten auf Ihre Leistungen aufmerksam. Sie stechen mit Ihrem farbigen Profil hervor und sind einem Link zu Ihrer Website genau da pr\u00e4sent, wo sich Nutzer informieren, die Ihre Leistung gerade brauchen. Ihr Profil erscheint mit ausf\u00fchrlicher Beschreibung Ihres Angebots, das Sie unterschiedlichen Themen zuordnen k\u00f6nnen. So werden Sie an bis zu 10 Stellen gefunden.<\/p>\n<ul>\n<li>\u00a0<strong>Premium-Profil<\/strong>\n<ul>\n<li>Ihr Name\/Ihr Unternehmen<\/li>\n<li>Farbiges Logo<\/li>\n<li>Ausf\u00fchrliche Beschreibung Ihrer Leistung (250 Zeichen)<\/li>\n<li>Telefonkontakt<\/li>\n<li>Email-Kontakt<\/li>\n<li>Link zu Ihrer Website<\/li>\n<\/ul>\n<\/li>\n<li>Erscheint zu bis zu 10 Themen<\/li>\n<\/ul>\n<p>49 EUR\/Monat<br \/>\nLaufzeit: 12 Monate, k\u00fcndbar bis 1 Monat vor Ende der aktuellen Laufzeit<\/p>\n<p>Erste drei Monate kostenfrei<\/p>\n","protected":false},"excerpt":{"rendered":"<h2>Pr\u00e4sentieren Sie Ihr Unternehmen auf consultingcheck mit einem Premium-Profil!<\/h2>\n","protected":false},"featured_media":0,"template":"","meta":{"_links_to":"","_links_to_target":""},"product_brand":[],"product_cat":[648],"product_tag":[],"jask_topic_categories":[77,111,113],"class_list":{"0":"post-2491","1":"product","2":"type-product","3":"status-publish","5":"product_cat-mitgliedschaften","6":"jask_topic_categories-marketing","7":"jask_topic_categories-internationale-expansion-mit-bestehenden-produkten","8":"jask_topic_categories-expansion-mit-neuen-produkten-in-neue-maerkte","10":"first","11":"instock","12":"downloadable","13":"virtual","14":"sold-individually","15":"taxable","16":"purchasable","17":"product-type-simple"},"yoast_head":"<!-- This site is optimized with the Yoast SEO plugin v27.3 - https:\/\/yoast.com\/product\/yoast-seo-wordpress\/ -->\n<title>Premium-Profil bei consultingcheck buchen<\/title>\n<meta name=\"description\" content=\"Mit einem Premium-Profil bei consultingcheck machen Sie am wirksamsten auf Ihre Leistungen aufmerksam. Jetzt Premium-Profil buchen!\" \/>\n<meta name=\"robots\" content=\"index, follow, max-snippet:-1, max-image-preview:large, max-video-preview:-1\" \/>\n<link rel=\"canonical\" href=\"https:\/\/www.consultingcheck.com\/de\/ressource\/premium-subscription\/\" \/>\n<meta property=\"og:locale\" content=\"de_DE\" \/>\n<meta property=\"og:type\" content=\"article\" \/>\n<meta property=\"og:title\" content=\"Premium-Profil bei consultingcheck buchen\" \/>\n<meta property=\"og:description\" content=\"Mit einem Premium-Profil bei consultingcheck machen Sie am wirksamsten auf Ihre Leistungen aufmerksam. Jetzt Premium-Profil buchen!\" \/>\n<meta property=\"og:url\" content=\"https:\/\/www.consultingcheck.com\/de\/ressource\/premium-subscription\/\" \/>\n<meta property=\"og:site_name\" content=\"consultingcheck\" \/>\n<meta property=\"article:modified_time\" content=\"2024-06-18T10:39:43+00:00\" \/>\n<meta name=\"twitter:card\" content=\"summary_large_image\" \/>\n<meta name=\"twitter:label1\" content=\"Gesch\u00e4tzte Lesezeit\" \/>\n\t<meta name=\"twitter:data1\" content=\"1\u00a0Minute\" \/>\n<script type=\"application\/ld+json\" class=\"yoast-schema-graph\">{\"@context\":\"https:\\\/\\\/schema.org\",\"@graph\":[{\"@type\":\"WebPage\",\"@id\":\"https:\\\/\\\/www.consultingcheck.com\\\/de\\\/ressource\\\/premium-subscription\\\/\",\"url\":\"https:\\\/\\\/www.consultingcheck.com\\\/de\\\/ressource\\\/premium-subscription\\\/\",\"name\":\"Premium-Profil bei consultingcheck buchen\",\"isPartOf\":{\"@id\":\"https:\\\/\\\/www.consultingcheck.com\\\/de\\\/#website\"},\"datePublished\":\"2021-11-26T13:39:59+00:00\",\"dateModified\":\"2024-06-18T10:39:43+00:00\",\"description\":\"Mit einem Premium-Profil bei consultingcheck machen Sie am wirksamsten auf Ihre Leistungen aufmerksam. Jetzt Premium-Profil buchen!\",\"breadcrumb\":{\"@id\":\"https:\\\/\\\/www.consultingcheck.com\\\/de\\\/ressource\\\/premium-subscription\\\/#breadcrumb\"},\"inLanguage\":\"de\",\"potentialAction\":[{\"@type\":\"ReadAction\",\"target\":[\"https:\\\/\\\/www.consultingcheck.com\\\/de\\\/ressource\\\/premium-subscription\\\/\"]}]},{\"@type\":\"BreadcrumbList\",\"@id\":\"https:\\\/\\\/www.consultingcheck.com\\\/de\\\/ressource\\\/premium-subscription\\\/#breadcrumb\",\"itemListElement\":[{\"@type\":\"ListItem\",\"position\":1,\"name\":\"Startseite\",\"item\":\"https:\\\/\\\/www.consultingcheck.com\\\/de\\\/\"},{\"@type\":\"ListItem\",\"position\":2,\"name\":\"Downloads, Anwendungen und Produkte\",\"item\":\"https:\\\/\\\/www.consultingcheck.com\\\/de\\\/tools\\\/downloads-anwendungen-und-produkte\\\/\"},{\"@type\":\"ListItem\",\"position\":3,\"name\":\"Premium Subscription\"}]},{\"@type\":\"WebSite\",\"@id\":\"https:\\\/\\\/www.consultingcheck.com\\\/de\\\/#website\",\"url\":\"https:\\\/\\\/www.consultingcheck.com\\\/de\\\/\",\"name\":\"consultingcheck\",\"description\":\"Vernetzt gedacht. Entzaubert. Hands-on.\",\"potentialAction\":[{\"@type\":\"SearchAction\",\"target\":{\"@type\":\"EntryPoint\",\"urlTemplate\":\"https:\\\/\\\/www.consultingcheck.com\\\/de\\\/?s={search_term_string}\"},\"query-input\":{\"@type\":\"PropertyValueSpecification\",\"valueRequired\":true,\"valueName\":\"search_term_string\"}}],\"inLanguage\":\"de\"}]}<\/script>\n<!-- \/ Yoast SEO plugin. -->","yoast_head_json":{"title":"Premium-Profil bei consultingcheck buchen","description":"Mit einem Premium-Profil bei consultingcheck machen Sie am wirksamsten auf Ihre Leistungen aufmerksam. Jetzt Premium-Profil buchen!","robots":{"index":"index","follow":"follow","max-snippet":"max-snippet:-1","max-image-preview":"max-image-preview:large","max-video-preview":"max-video-preview:-1"},"canonical":"https:\/\/www.consultingcheck.com\/de\/ressource\/premium-subscription\/","og_locale":"de_DE","og_type":"article","og_title":"Premium-Profil bei consultingcheck buchen","og_description":"Mit einem Premium-Profil bei consultingcheck machen Sie am wirksamsten auf Ihre Leistungen aufmerksam. Jetzt Premium-Profil buchen!","og_url":"https:\/\/www.consultingcheck.com\/de\/ressource\/premium-subscription\/","og_site_name":"consultingcheck","article_modified_time":"2024-06-18T10:39:43+00:00","twitter_card":"summary_large_image","twitter_misc":{"Gesch\u00e4tzte Lesezeit":"1\u00a0Minute"},"schema":{"@context":"https:\/\/schema.org","@graph":[{"@type":"WebPage","@id":"https:\/\/www.consultingcheck.com\/de\/ressource\/premium-subscription\/","url":"https:\/\/www.consultingcheck.com\/de\/ressource\/premium-subscription\/","name":"Premium-Profil bei consultingcheck buchen","isPartOf":{"@id":"https:\/\/www.consultingcheck.com\/de\/#website"},"datePublished":"2021-11-26T13:39:59+00:00","dateModified":"2024-06-18T10:39:43+00:00","description":"Mit einem Premium-Profil bei consultingcheck machen Sie am wirksamsten auf Ihre Leistungen aufmerksam. Jetzt Premium-Profil buchen!","breadcrumb":{"@id":"https:\/\/www.consultingcheck.com\/de\/ressource\/premium-subscription\/#breadcrumb"},"inLanguage":"de","potentialAction":[{"@type":"ReadAction","target":["https:\/\/www.consultingcheck.com\/de\/ressource\/premium-subscription\/"]}]},{"@type":"BreadcrumbList","@id":"https:\/\/www.consultingcheck.com\/de\/ressource\/premium-subscription\/#breadcrumb","itemListElement":[{"@type":"ListItem","position":1,"name":"Startseite","item":"https:\/\/www.consultingcheck.com\/de\/"},{"@type":"ListItem","position":2,"name":"Downloads, Anwendungen und Produkte","item":"https:\/\/www.consultingcheck.com\/de\/tools\/downloads-anwendungen-und-produkte\/"},{"@type":"ListItem","position":3,"name":"Premium Subscription"}]},{"@type":"WebSite","@id":"https:\/\/www.consultingcheck.com\/de\/#website","url":"https:\/\/www.consultingcheck.com\/de\/","name":"consultingcheck","description":"Vernetzt gedacht. Entzaubert. Hands-on.","potentialAction":[{"@type":"SearchAction","target":{"@type":"EntryPoint","urlTemplate":"https:\/\/www.consultingcheck.com\/de\/?s={search_term_string}"},"query-input":{"@type":"PropertyValueSpecification","valueRequired":true,"valueName":"search_term_string"}}],"inLanguage":"de"}]}},"_links":{"self":[{"href":"https:\/\/www.consultingcheck.com\/de\/wp-json\/wp\/v2\/product\/2491","targetHints":{"allow":["GET"]}}],"collection":[{"href":"https:\/\/www.consultingcheck.com\/de\/wp-json\/wp\/v2\/product"}],"about":[{"href":"https:\/\/www.consultingcheck.com\/de\/wp-json\/wp\/v2\/types\/product"}],"wp:attachment":[{"href":"https:\/\/www.consultingcheck.com\/de\/wp-json\/wp\/v2\/media?parent=2491"}],"wp:term":[{"taxonomy":"product_brand","embeddable":true,"href":"https:\/\/www.consultingcheck.com\/de\/wp-json\/wp\/v2\/product_brand?post=2491"},{"taxonomy":"product_cat","embeddable":true,"href":"https:\/\/www.consultingcheck.com\/de\/wp-json\/wp\/v2\/product_cat?post=2491"},{"taxonomy":"product_tag","embeddable":true,"href":"https:\/\/www.consultingcheck.com\/de\/wp-json\/wp\/v2\/product_tag?post=2491"},{"taxonomy":"jask_topic_categories","embeddable":true,"href":"https:\/\/www.consultingcheck.com\/de\/wp-json\/wp\/v2\/jask_topic_categories?post=2491"}],"curies":[{"name":"wp","href":"https:\/\/api.w.org\/{rel}","templated":true}]}}