{"id":18154,"date":"2023-08-10T11:14:40","date_gmt":"2023-08-10T09:14:40","guid":{"rendered":"https:\/\/www.consultingcheck.com\/?post_type=product&#038;p=18154"},"modified":"2024-06-18T11:11:48","modified_gmt":"2024-06-18T09:11:48","slug":"vorlage-sanierungskonzept","status":"publish","type":"product","link":"https:\/\/www.consultingcheck.com\/de\/ressource\/vorlage-sanierungskonzept\/","title":{"rendered":"Vorlage Sanierungskonzept"},"content":{"rendered":"<h3>Inhalte<\/h3>\n<p>Hier finden Sie eine offene MS Word-Datei mit einer inhaltlichen Struktur f\u00fcr ein Sanierungskonzept mit Fortf\u00fchrungsprognose. Sie k\u00f6nnen die Kapitel selbst mit Inhalten f\u00fcllen. So entsteht ein komplettes und schl\u00fcssiges Sanierungskonzept, das alle wesentlichen formalen Anforderungen institutioneller Investoren und Gesch\u00e4ftsbanken abdeckt. Die Struktur ist in zw\u00f6lf Kapitel eingeteilt, die wiederum auf bis zu vier Unterebenen heruntergebrochen ist. Sie k\u00f6nnen die Struktur gern an die spezifischen Anforderungen Ihrer Branche oder Ihres Unternehmens anpassen, sie erweitern, verk\u00fcrzen oder weiter detaillieren. Das Inhaltsverzeichnis aktualisiert sich bei konsequenter Formatierung automatisch.<\/p>\n<p>Zur Finanzplanung sei auf die Excel-Anwendung zur Finanzplanung verwiesen, die bei consultingcheck verf\u00fcgbar ist.<\/p>\n<p>&nbsp;<\/p>\n<h3>Vorteile<\/h3>\n<ul>\n<li>Mit dieser Vorlage gelangen Sie zu einem professionellen Sanierungskonzept mit Fortf\u00fchrungsprognose, das den formalen Erwartungen von Kapitalgebern und den Empfehlungen des Standards IDW S6 entspricht.<\/li>\n<li>Diese Vorlage enth\u00e4lt zu den formalen Aussagen, die im Sanierungskonzept getroffen werden m\u00fcssen, ausformulierte Textvorschl\u00e4ge. Empfehlung: Lassen Sie diese Textstellen in Ihrem fertigen Konzept juristisch pr\u00fcfen.<\/li>\n<li>Mit dieser Vorlage sparen sich die Zeit und den Aufwand, selbst eine Struktur zu bilden und zu formatieren.<\/li>\n<li>Sie k\u00f6nnen die vorgeschlagene Struktur individuell anpassen (offene MS Word-Datei).<\/li>\n<\/ul>\n<p>&nbsp;<\/p>\n<h3>Digitaler Download<\/h3>\n<p>Nach der Bestellung erhalten Sie einen Download-Link zur Vorlage, die Sie sofort nutzen k\u00f6nnen.<\/p>\n<p>Bitte beachten Sie, dass diese Vorlage, zu der Sie den Zugang erwerben, ausschlie\u00dflich f\u00fcr Ihren pers\u00f6nlichen Gebrauch bestimmt sind. Es ist untersagt, die Datei in jeglicher Form und in jeglicher digitaler oder physischer Weise weiterzuverkaufen oder sie ohne meine Erlaubnis in einer physischen oder Online-Ver\u00f6ffentlichung zu ver\u00f6ffentlichen. Ich bin der einzige Copyright-Inhaber dieser Datei.<\/p>\n<p>Link zum Download: MS Word-Dokument<\/p>\n<h3><\/h3>\n<p>&nbsp;<\/p>\n<h3>Was ist ein Sanierungskonzept mit Fortf\u00fchrungsprognose?<\/h3>\n<p>Wenn ein Unternehmen in akute wirtschaftliche Schwierigkeiten ger\u00e4t, m\u00fcssen einschneidende Sanierungsma\u00dfnahmen ergriffen werden, um das Unternehmen zu retten.<\/p>\n<p>Gesch\u00e4ftsbanken und weitere Kapitalgeber fordern in der Regel in solchen Situationen von der Gesch\u00e4ftsf\u00fchrung ein Sanierungskonzept mit Fortf\u00fchrungsprognose. Ein solches Sanierungsgutachten muss den gesetzlichen Anforderungen gerecht werden (relevante BGH-Urteile) und sollte den Empfehlungen des Standards IDW S6 entsprechen.<\/p>\n<p>Das Sanierungskonzept soll zun\u00e4chst Aufschluss dar\u00fcber geben, in welcher Krisenphase sich das Unternehmen befindet: Liquidit\u00e4tskrise mit Insolvenzgefahr oder Insolvenz, Ertragskrise, Absatzkrise, Strategie-\/Strukturkrise, Shareholder-Stakeholder-Krise. Aus diesem Abschnitt soll die Sanierungsbed\u00fcrftigkeit nachvollziehbar ersichtlich werden.<\/p>\n<p>Au\u00dferdem soll das Konzept die Ursachen f\u00fcr die Krise klar benennen. Des Weiteren soll das Papier konkrete konzeptionelle Ans\u00e4tze aufzeigen, mit denen das Unternehmen ggf. saniert werden kann, und eine eindeutige Aussage zur Sanierungsf\u00e4higkeit treffen (Fortf\u00fchrungsf\u00e4higkeit). Es empfiehlt sich ein handlungsorientierter Umsetzungsleitfaden.<\/p>\n<p>Schlie\u00dflich soll das Sanierungskonzept wesentliche Bedingungen f\u00fcr eine erfolgreiche Sanierung ausweisen. Hierzu z\u00e4hlen vor allem die Beitr\u00e4ge der Gesellschafter, der Gesch\u00e4ftsbanken, der Lieferanten, der Kunden und der Mitarbeiter.<\/p>\n<p>&nbsp;<\/p>\n<h3>Was ist IDW S6?<\/h3>\n<p>Das Institut der Wirtschaftspr\u00fcfer in Deutschland e. V. (IDW) mit Sitz in D\u00fcsseldorf\u00a0 f\u00f6rdert die Arbeit der Wirtschaftspr\u00fcfer. Zur Unterst\u00fctzung der Wirtschaftspr\u00fcfer publiziert das IDW sogenannte Verlautbarungen, zu denen unter anderem Standards (S) z\u00e4hlen.<\/p>\n<p>Einer dieser Standards des IDW ist der &#8222;S6&#8220; zur Erstellung von Sanierungskonzepten. Der IDW S6 ist zu einer allgemein anerkannten Empfehlung geworden, an der sich Sanierungskonzepte orientieren sollten.<\/p>\n","protected":false},"excerpt":{"rendered":"<h2>Strukturieren Sie Ihr Sanierungskonzept inhaltlich mit unserer Vorlage.<\/h2>\n","protected":false},"featured_media":20117,"template":"","meta":{"_links_to":"","_links_to_target":""},"product_brand":[],"product_cat":[1227,1231,593,603],"product_tag":[],"jask_topic_categories":[1216,1220,249,251,257,365,385,386,387,399,400,405,412,415,417,418,416,423,427,422,432,426,424,425,440,438,441],"class_list":{"0":"post-18154","1":"product","2":"type-product","3":"status-publish","4":"has-post-thumbnail","6":"product_cat-management","7":"product_cat-finanz","8":"product_cat-muster","9":"product_cat-formatvorlage","10":"jask_topic_categories-finanz","11":"jask_topic_categories-management","12":"jask_topic_categories-organisation-und-personal","13":"jask_topic_categories-prozesse","14":"jask_topic_categories-personalfuehrung","15":"jask_topic_categories-organisationsstruktur","16":"jask_topic_categories-finanzierung","17":"jask_topic_categories-innenfinanzierung","18":"jask_topic_categories-working-capital-optimierung","19":"jask_topic_categories-aussenfinanzierung","20":"jask_topic_categories-zwischenfinanzierung","21":"jask_topic_categories-langfristige-finanzierung","22":"jask_topic_categories-beeinflusser-und-auswirkungen-der-bonitaet","23":"jask_topic_categories-krise-und-sanierung","24":"jask_topic_categories-ganzheitliche-ertragssteigerung-in-der-krise","25":"jask_topic_categories-sinnvolle-kostensenkung-in-der-krise","26":"jask_topic_categories-ertragssteigerung-in-der-krise","27":"jask_topic_categories-sanierungskonzept-mit-fortfuehrungsprognose-nach-idw-s6","28":"jask_topic_categories-fortfuehrungsprognose-nach-idw-s9","29":"jask_topic_categories-massgeschneiderte-sanierungskonzepte","30":"jask_topic_categories-personalabbau","31":"jask_topic_categories-sanierungswuerdigkeit","32":"jask_topic_categories-sanierungsbeduerftigkeit","33":"jask_topic_categories-sanierungsfaehigkeit","34":"jask_topic_categories-insolvenz","35":"jask_topic_categories-akute-krise","36":"jask_topic_categories-insolvenztatbestand","38":"first","39":"instock","40":"taxable","41":"shipping-taxable","42":"purchasable","43":"product-type-variable"},"yoast_head":"<!-- This site is optimized with the Yoast SEO plugin v27.4 - https:\/\/yoast.com\/product\/yoast-seo-wordpress\/ -->\n<title>Word-Vorlage zur Erstellung Ihres Sanierungskonzeptes<\/title>\n<meta name=\"description\" content=\"Sanierungskonzept mit Fortf\u00fchrprognose nach IDW S6 erstellen: ganz einfach mit unserer Word-Vorlage. Jetzt herunterladen!\" \/>\n<meta name=\"robots\" content=\"index, follow, max-snippet:-1, max-image-preview:large, max-video-preview:-1\" \/>\n<link rel=\"canonical\" href=\"https:\/\/www.consultingcheck.com\/de\/ressource\/vorlage-sanierungskonzept\/\" \/>\n<meta property=\"og:locale\" content=\"de_DE\" \/>\n<meta property=\"og:type\" content=\"article\" \/>\n<meta property=\"og:title\" content=\"Word-Vorlage zur Erstellung Ihres Sanierungskonzeptes\" \/>\n<meta property=\"og:description\" content=\"Sanierungskonzept mit Fortf\u00fchrprognose nach IDW S6 erstellen: ganz einfach mit unserer Word-Vorlage. Jetzt herunterladen!\" \/>\n<meta property=\"og:url\" content=\"https:\/\/www.consultingcheck.com\/de\/ressource\/vorlage-sanierungskonzept\/\" \/>\n<meta property=\"og:site_name\" content=\"consultingcheck\" \/>\n<meta property=\"article:modified_time\" content=\"2024-06-18T09:11:48+00:00\" \/>\n<meta property=\"og:image\" content=\"https:\/\/www.consultingcheck.com\/wp-content\/uploads\/2023\/08\/vorlage-sanierungskonzept.jpg\" \/>\n\t<meta property=\"og:image:width\" content=\"1000\" \/>\n\t<meta property=\"og:image:height\" content=\"679\" \/>\n\t<meta property=\"og:image:type\" content=\"image\/jpeg\" \/>\n<meta name=\"twitter:card\" content=\"summary_large_image\" \/>\n<meta name=\"twitter:label1\" content=\"Gesch\u00e4tzte Lesezeit\" \/>\n\t<meta name=\"twitter:data1\" content=\"3\u00a0Minuten\" \/>\n<script type=\"application\/ld+json\" class=\"yoast-schema-graph\">{\"@context\":\"https:\\\/\\\/schema.org\",\"@graph\":[{\"@type\":\"WebPage\",\"@id\":\"https:\\\/\\\/www.consultingcheck.com\\\/de\\\/ressource\\\/vorlage-sanierungskonzept\\\/\",\"url\":\"https:\\\/\\\/www.consultingcheck.com\\\/de\\\/ressource\\\/vorlage-sanierungskonzept\\\/\",\"name\":\"Word-Vorlage zur Erstellung Ihres Sanierungskonzeptes\",\"isPartOf\":{\"@id\":\"https:\\\/\\\/www.consultingcheck.com\\\/de\\\/#website\"},\"primaryImageOfPage\":{\"@id\":\"https:\\\/\\\/www.consultingcheck.com\\\/de\\\/ressource\\\/vorlage-sanierungskonzept\\\/#primaryimage\"},\"image\":{\"@id\":\"https:\\\/\\\/www.consultingcheck.com\\\/de\\\/ressource\\\/vorlage-sanierungskonzept\\\/#primaryimage\"},\"thumbnailUrl\":\"https:\\\/\\\/www.consultingcheck.com\\\/wp-content\\\/uploads\\\/2023\\\/08\\\/vorlage-sanierungskonzept.jpg\",\"datePublished\":\"2023-08-10T09:14:40+00:00\",\"dateModified\":\"2024-06-18T09:11:48+00:00\",\"description\":\"Sanierungskonzept mit Fortf\u00fchrprognose nach IDW S6 erstellen: ganz einfach mit unserer Word-Vorlage. Jetzt herunterladen!\",\"breadcrumb\":{\"@id\":\"https:\\\/\\\/www.consultingcheck.com\\\/de\\\/ressource\\\/vorlage-sanierungskonzept\\\/#breadcrumb\"},\"inLanguage\":\"de\",\"potentialAction\":[{\"@type\":\"ReadAction\",\"target\":[\"https:\\\/\\\/www.consultingcheck.com\\\/de\\\/ressource\\\/vorlage-sanierungskonzept\\\/\"]}]},{\"@type\":\"ImageObject\",\"inLanguage\":\"de\",\"@id\":\"https:\\\/\\\/www.consultingcheck.com\\\/de\\\/ressource\\\/vorlage-sanierungskonzept\\\/#primaryimage\",\"url\":\"https:\\\/\\\/www.consultingcheck.com\\\/wp-content\\\/uploads\\\/2023\\\/08\\\/vorlage-sanierungskonzept.jpg\",\"contentUrl\":\"https:\\\/\\\/www.consultingcheck.com\\\/wp-content\\\/uploads\\\/2023\\\/08\\\/vorlage-sanierungskonzept.jpg\",\"width\":1000,\"height\":679,\"caption\":\"Ein Screenshot der Vorlage f\u00fcr Sanierungskonzepte.\"},{\"@type\":\"BreadcrumbList\",\"@id\":\"https:\\\/\\\/www.consultingcheck.com\\\/de\\\/ressource\\\/vorlage-sanierungskonzept\\\/#breadcrumb\",\"itemListElement\":[{\"@type\":\"ListItem\",\"position\":1,\"name\":\"Startseite\",\"item\":\"https:\\\/\\\/www.consultingcheck.com\\\/de\\\/\"},{\"@type\":\"ListItem\",\"position\":2,\"name\":\"Downloads, Anwendungen und Produkte\",\"item\":\"https:\\\/\\\/www.consultingcheck.com\\\/de\\\/tools\\\/downloads-anwendungen-und-produkte\\\/\"},{\"@type\":\"ListItem\",\"position\":3,\"name\":\"Vorlage Sanierungskonzept\"}]},{\"@type\":\"WebSite\",\"@id\":\"https:\\\/\\\/www.consultingcheck.com\\\/de\\\/#website\",\"url\":\"https:\\\/\\\/www.consultingcheck.com\\\/de\\\/\",\"name\":\"consultingcheck\",\"description\":\"Vernetzt gedacht. Entzaubert. Hands-on.\",\"potentialAction\":[{\"@type\":\"SearchAction\",\"target\":{\"@type\":\"EntryPoint\",\"urlTemplate\":\"https:\\\/\\\/www.consultingcheck.com\\\/de\\\/?s={search_term_string}\"},\"query-input\":{\"@type\":\"PropertyValueSpecification\",\"valueRequired\":true,\"valueName\":\"search_term_string\"}}],\"inLanguage\":\"de\"}]}<\/script>\n<!-- \/ Yoast SEO plugin. -->","yoast_head_json":{"title":"Word-Vorlage zur Erstellung Ihres Sanierungskonzeptes","description":"Sanierungskonzept mit Fortf\u00fchrprognose nach IDW S6 erstellen: ganz einfach mit unserer Word-Vorlage. Jetzt herunterladen!","robots":{"index":"index","follow":"follow","max-snippet":"max-snippet:-1","max-image-preview":"max-image-preview:large","max-video-preview":"max-video-preview:-1"},"canonical":"https:\/\/www.consultingcheck.com\/de\/ressource\/vorlage-sanierungskonzept\/","og_locale":"de_DE","og_type":"article","og_title":"Word-Vorlage zur Erstellung Ihres Sanierungskonzeptes","og_description":"Sanierungskonzept mit Fortf\u00fchrprognose nach IDW S6 erstellen: ganz einfach mit unserer Word-Vorlage. Jetzt herunterladen!","og_url":"https:\/\/www.consultingcheck.com\/de\/ressource\/vorlage-sanierungskonzept\/","og_site_name":"consultingcheck","article_modified_time":"2024-06-18T09:11:48+00:00","og_image":[{"width":1000,"height":679,"url":"https:\/\/www.consultingcheck.com\/wp-content\/uploads\/2023\/08\/vorlage-sanierungskonzept.jpg","type":"image\/jpeg"}],"twitter_card":"summary_large_image","twitter_misc":{"Gesch\u00e4tzte Lesezeit":"3\u00a0Minuten"},"schema":{"@context":"https:\/\/schema.org","@graph":[{"@type":"WebPage","@id":"https:\/\/www.consultingcheck.com\/de\/ressource\/vorlage-sanierungskonzept\/","url":"https:\/\/www.consultingcheck.com\/de\/ressource\/vorlage-sanierungskonzept\/","name":"Word-Vorlage zur Erstellung Ihres Sanierungskonzeptes","isPartOf":{"@id":"https:\/\/www.consultingcheck.com\/de\/#website"},"primaryImageOfPage":{"@id":"https:\/\/www.consultingcheck.com\/de\/ressource\/vorlage-sanierungskonzept\/#primaryimage"},"image":{"@id":"https:\/\/www.consultingcheck.com\/de\/ressource\/vorlage-sanierungskonzept\/#primaryimage"},"thumbnailUrl":"https:\/\/www.consultingcheck.com\/wp-content\/uploads\/2023\/08\/vorlage-sanierungskonzept.jpg","datePublished":"2023-08-10T09:14:40+00:00","dateModified":"2024-06-18T09:11:48+00:00","description":"Sanierungskonzept mit Fortf\u00fchrprognose nach IDW S6 erstellen: ganz einfach mit unserer Word-Vorlage. Jetzt herunterladen!","breadcrumb":{"@id":"https:\/\/www.consultingcheck.com\/de\/ressource\/vorlage-sanierungskonzept\/#breadcrumb"},"inLanguage":"de","potentialAction":[{"@type":"ReadAction","target":["https:\/\/www.consultingcheck.com\/de\/ressource\/vorlage-sanierungskonzept\/"]}]},{"@type":"ImageObject","inLanguage":"de","@id":"https:\/\/www.consultingcheck.com\/de\/ressource\/vorlage-sanierungskonzept\/#primaryimage","url":"https:\/\/www.consultingcheck.com\/wp-content\/uploads\/2023\/08\/vorlage-sanierungskonzept.jpg","contentUrl":"https:\/\/www.consultingcheck.com\/wp-content\/uploads\/2023\/08\/vorlage-sanierungskonzept.jpg","width":1000,"height":679,"caption":"Ein Screenshot der Vorlage f\u00fcr Sanierungskonzepte."},{"@type":"BreadcrumbList","@id":"https:\/\/www.consultingcheck.com\/de\/ressource\/vorlage-sanierungskonzept\/#breadcrumb","itemListElement":[{"@type":"ListItem","position":1,"name":"Startseite","item":"https:\/\/www.consultingcheck.com\/de\/"},{"@type":"ListItem","position":2,"name":"Downloads, Anwendungen und Produkte","item":"https:\/\/www.consultingcheck.com\/de\/tools\/downloads-anwendungen-und-produkte\/"},{"@type":"ListItem","position":3,"name":"Vorlage Sanierungskonzept"}]},{"@type":"WebSite","@id":"https:\/\/www.consultingcheck.com\/de\/#website","url":"https:\/\/www.consultingcheck.com\/de\/","name":"consultingcheck","description":"Vernetzt gedacht. Entzaubert. Hands-on.","potentialAction":[{"@type":"SearchAction","target":{"@type":"EntryPoint","urlTemplate":"https:\/\/www.consultingcheck.com\/de\/?s={search_term_string}"},"query-input":{"@type":"PropertyValueSpecification","valueRequired":true,"valueName":"search_term_string"}}],"inLanguage":"de"}]}},"_links":{"self":[{"href":"https:\/\/www.consultingcheck.com\/de\/wp-json\/wp\/v2\/product\/18154","targetHints":{"allow":["GET"]}}],"collection":[{"href":"https:\/\/www.consultingcheck.com\/de\/wp-json\/wp\/v2\/product"}],"about":[{"href":"https:\/\/www.consultingcheck.com\/de\/wp-json\/wp\/v2\/types\/product"}],"wp:featuredmedia":[{"embeddable":true,"href":"https:\/\/www.consultingcheck.com\/de\/wp-json\/wp\/v2\/media\/20117"}],"wp:attachment":[{"href":"https:\/\/www.consultingcheck.com\/de\/wp-json\/wp\/v2\/media?parent=18154"}],"wp:term":[{"taxonomy":"product_brand","embeddable":true,"href":"https:\/\/www.consultingcheck.com\/de\/wp-json\/wp\/v2\/product_brand?post=18154"},{"taxonomy":"product_cat","embeddable":true,"href":"https:\/\/www.consultingcheck.com\/de\/wp-json\/wp\/v2\/product_cat?post=18154"},{"taxonomy":"product_tag","embeddable":true,"href":"https:\/\/www.consultingcheck.com\/de\/wp-json\/wp\/v2\/product_tag?post=18154"},{"taxonomy":"jask_topic_categories","embeddable":true,"href":"https:\/\/www.consultingcheck.com\/de\/wp-json\/wp\/v2\/jask_topic_categories?post=18154"}],"curies":[{"name":"wp","href":"https:\/\/api.w.org\/{rel}","templated":true}]}}