{"id":1755,"date":"2021-11-09T00:49:57","date_gmt":"2021-11-08T23:49:57","guid":{"rendered":"https:\/\/www.consultingcheck.com\/?post_type=product&#038;p=1755"},"modified":"2024-06-18T12:41:34","modified_gmt":"2024-06-18T10:41:34","slug":"unternehmensgruendung","status":"publish","type":"product","link":"https:\/\/www.consultingcheck.com\/de\/ressource\/unternehmensgruendung\/","title":{"rendered":"Checkliste zur Unternehmensgr\u00fcndung"},"content":{"rendered":"<h2><strong>Als Gr\u00fcnder werden Sie von vielen ganz unterschiedlichen Anforderungen in Anspruch genommen. Hier finden Sie n\u00fctzliche Information und Anwendungen, die Sie unterst\u00fctzen und entlasten.<\/strong><\/h2>\n<h3>Inhalte<\/h3>\n<p>Diese Checkliste zur Unternehmensgr\u00fcndung bietet Ihnen als Gr\u00fcnder eine Orientierung. Sie orientiert sich an den Anforderungen der Gesch\u00e4ftsbanken und der KfW Bankengruppe und konfrontiert Sie mit wichtigen Fragen vor der Gr\u00fcndung (z. B. zum Gr\u00fcnderprofil,\u00a0 zur Wettbewerbssituation oder zum Standort).<\/p>\n<p>&nbsp;<\/p>\n<h3>Vorteile<\/h3>\n<ul>\n<li>Die aus der Praxis entstandene Checkliste gibt Ihnen Orientierung.<\/li>\n<li>Wenn Sie die Checkliste nutzen, wird sich Ihre Entscheidung \u00fcber eine Gr\u00fcndung festigen oder aufl\u00f6sen. Beide Ergebnisse w\u00e4ren ein Nutzen f\u00fcr Sie.<\/li>\n<li>Sie erhalten mit der Checkliste Hinweise auf alle f\u00fcr eine Unternehmensgr\u00fcndung relevanten Aspekte.<\/li>\n<\/ul>\n<p><strong>\u00a0<\/strong><\/p>\n<h3>Digitaler Download<\/h3>\n<p>Nach der Bestellung erhalten Sie einen Download-Link zur Checkliste, die Sie sofort ausf\u00fchren k\u00f6nnen. Sie k\u00f6nnen die Checkliste so oft herunterladen, wie Sie m\u00f6chten.<\/p>\n<p>Bitte beachten Sie, dass diese Checkliste, zu der Sie den Zugang erwerben, ausschlie\u00dflich f\u00fcr Ihren pers\u00f6nlichen Gebrauch bestimmt sind. Es ist untersagt, die Folien in jeglicher Form und in jeglicher digitaler oder physischer Weise weiterzuverkaufen oder sie ohne meine Erlaubnis in einer physischen oder Online-Ver\u00f6ffentlichung zu ver\u00f6ffentlichen. Ich bin der einzige Copyright-Inhaber dieser Datei.<\/p>\n<p>Link zum Download: MS Word<\/p>\n<p>&nbsp;<\/p>\n","protected":false},"excerpt":{"rendered":"<h2>Unsere Checkliste bietet wertvolle Orientierung f\u00fcr Unternehmensgr\u00fcnder!<\/h2>\n","protected":false},"featured_media":0,"template":"","meta":{"_links_to":"","_links_to_target":""},"product_brand":[],"product_cat":[592,1225],"product_tag":[],"jask_topic_categories":[1217,77,104,126,136,140,168,177,209,210,211,219,234,169,235,240,249,253,372,373,365,371,378,381,385,446,491,492,493,490,494,505,517,554,555,557,556,559],"class_list":{"0":"post-1755","1":"product","2":"type-product","3":"status-publish","5":"product_cat-checkliste","6":"product_cat-gruendung","7":"jask_topic_categories-gruendung","8":"jask_topic_categories-marketing","9":"jask_topic_categories-vertrieb","10":"jask_topic_categories-durchsatz","11":"jask_topic_categories-produkte-und-dienstleistungen","12":"jask_topic_categories-akquisition-von-geschaeft","13":"jask_topic_categories-stabilisierung","14":"jask_topic_categories-innovation","15":"jask_topic_categories-bedarfsermittlung","16":"jask_topic_categories-produktmanagement","17":"jask_topic_categories-produktentwicklung","18":"jask_topic_categories-flexibilisierung","19":"jask_topic_categories-entscheidungen","20":"jask_topic_categories-ganzheitlicher-vernetzter-ansatz","21":"jask_topic_categories-nachhaltigkeit","22":"jask_topic_categories-nachhaltig-wirtschaften","23":"jask_topic_categories-organisation-und-personal","24":"jask_topic_categories-leadership","25":"jask_topic_categories-suchprofil-fuer-kandidaten","26":"jask_topic_categories-suchkanaele-fuer-kandidaten","27":"jask_topic_categories-organisationsstruktur","28":"jask_topic_categories-personalbeschaffung","29":"jask_topic_categories-corporate-social-responsibility-csr-und-employer-branding","30":"jask_topic_categories-kooperation-und-vernetzung","31":"jask_topic_categories-finanzierung","32":"jask_topic_categories-unternehmensverkauf-kauf-unternehmensgruendung","33":"jask_topic_categories-basisfragen","34":"jask_topic_categories-businessplan-unternehmensgruendung","35":"jask_topic_categories-gruendungsfinanzierung","36":"jask_topic_categories-unternehmensgruendung","37":"jask_topic_categories-visionen-geschaeftsmodelle-und-strategien","38":"jask_topic_categories-strategien","39":"jask_topic_categories-strategiemodelle","40":"jask_topic_categories-gesellschaftsformen","41":"jask_topic_categories-einzelunternehmen","42":"jask_topic_categories-personenvereinigung","43":"jask_topic_categories-personengesellschaft","44":"jask_topic_categories-kapitalgesellschaft","46":"first","47":"instock","48":"sold-individually","49":"taxable","50":"shipping-taxable","51":"purchasable","52":"product-type-variable"},"yoast_head":"<!-- This site is optimized with the Yoast SEO plugin v27.5 - https:\/\/yoast.com\/product\/yoast-seo-wordpress\/ -->\n<title>Checkliste zur Unternehmensgr\u00fcndung: Word-Vorlage downloaden<\/title>\n<meta name=\"description\" content=\"Unsere Checkliste zur Unternehmensgr\u00fcndung bietet Ihnen als Gr\u00fcnder eine wertvolle Orientierung. Jetzt Word-Vorlage herunterladen!\" \/>\n<meta name=\"robots\" content=\"index, follow, max-snippet:-1, max-image-preview:large, max-video-preview:-1\" \/>\n<link rel=\"canonical\" href=\"https:\/\/www.consultingcheck.com\/de\/ressource\/unternehmensgruendung\/\" \/>\n<meta property=\"og:locale\" content=\"de_DE\" \/>\n<meta property=\"og:type\" content=\"article\" \/>\n<meta property=\"og:title\" content=\"Checkliste zur Unternehmensgr\u00fcndung: Word-Vorlage downloaden\" \/>\n<meta property=\"og:description\" content=\"Unsere Checkliste zur Unternehmensgr\u00fcndung bietet Ihnen als Gr\u00fcnder eine wertvolle Orientierung. Jetzt Word-Vorlage herunterladen!\" \/>\n<meta property=\"og:url\" content=\"https:\/\/www.consultingcheck.com\/de\/ressource\/unternehmensgruendung\/\" \/>\n<meta property=\"og:site_name\" content=\"consultingcheck\" \/>\n<meta property=\"article:modified_time\" content=\"2024-06-18T10:41:34+00:00\" \/>\n<meta name=\"twitter:card\" content=\"summary_large_image\" \/>\n<meta name=\"twitter:label1\" content=\"Gesch\u00e4tzte Lesezeit\" \/>\n\t<meta name=\"twitter:data1\" content=\"2\u00a0Minuten\" \/>\n<script type=\"application\/ld+json\" class=\"yoast-schema-graph\">{\"@context\":\"https:\\\/\\\/schema.org\",\"@graph\":[{\"@type\":\"WebPage\",\"@id\":\"https:\\\/\\\/www.consultingcheck.com\\\/de\\\/ressource\\\/unternehmensgruendung\\\/\",\"url\":\"https:\\\/\\\/www.consultingcheck.com\\\/de\\\/ressource\\\/unternehmensgruendung\\\/\",\"name\":\"Checkliste zur Unternehmensgr\u00fcndung: Word-Vorlage downloaden\",\"isPartOf\":{\"@id\":\"https:\\\/\\\/www.consultingcheck.com\\\/de\\\/#website\"},\"datePublished\":\"2021-11-08T23:49:57+00:00\",\"dateModified\":\"2024-06-18T10:41:34+00:00\",\"description\":\"Unsere Checkliste zur Unternehmensgr\u00fcndung bietet Ihnen als Gr\u00fcnder eine wertvolle Orientierung. Jetzt Word-Vorlage herunterladen!\",\"breadcrumb\":{\"@id\":\"https:\\\/\\\/www.consultingcheck.com\\\/de\\\/ressource\\\/unternehmensgruendung\\\/#breadcrumb\"},\"inLanguage\":\"de\",\"potentialAction\":[{\"@type\":\"ReadAction\",\"target\":[\"https:\\\/\\\/www.consultingcheck.com\\\/de\\\/ressource\\\/unternehmensgruendung\\\/\"]}]},{\"@type\":\"BreadcrumbList\",\"@id\":\"https:\\\/\\\/www.consultingcheck.com\\\/de\\\/ressource\\\/unternehmensgruendung\\\/#breadcrumb\",\"itemListElement\":[{\"@type\":\"ListItem\",\"position\":1,\"name\":\"Startseite\",\"item\":\"https:\\\/\\\/www.consultingcheck.com\\\/de\\\/\"},{\"@type\":\"ListItem\",\"position\":2,\"name\":\"Downloads, Anwendungen und Produkte\",\"item\":\"https:\\\/\\\/www.consultingcheck.com\\\/de\\\/tools\\\/downloads-anwendungen-und-produkte\\\/\"},{\"@type\":\"ListItem\",\"position\":3,\"name\":\"Checkliste zur Unternehmensgr\u00fcndung\"}]},{\"@type\":\"WebSite\",\"@id\":\"https:\\\/\\\/www.consultingcheck.com\\\/de\\\/#website\",\"url\":\"https:\\\/\\\/www.consultingcheck.com\\\/de\\\/\",\"name\":\"consultingcheck\",\"description\":\"Vernetzt gedacht. Entzaubert. Hands-on.\",\"potentialAction\":[{\"@type\":\"SearchAction\",\"target\":{\"@type\":\"EntryPoint\",\"urlTemplate\":\"https:\\\/\\\/www.consultingcheck.com\\\/de\\\/?s={search_term_string}\"},\"query-input\":{\"@type\":\"PropertyValueSpecification\",\"valueRequired\":true,\"valueName\":\"search_term_string\"}}],\"inLanguage\":\"de\"}]}<\/script>\n<!-- \/ Yoast SEO plugin. -->","yoast_head_json":{"title":"Checkliste zur Unternehmensgr\u00fcndung: Word-Vorlage downloaden","description":"Unsere Checkliste zur Unternehmensgr\u00fcndung bietet Ihnen als Gr\u00fcnder eine wertvolle Orientierung. Jetzt Word-Vorlage herunterladen!","robots":{"index":"index","follow":"follow","max-snippet":"max-snippet:-1","max-image-preview":"max-image-preview:large","max-video-preview":"max-video-preview:-1"},"canonical":"https:\/\/www.consultingcheck.com\/de\/ressource\/unternehmensgruendung\/","og_locale":"de_DE","og_type":"article","og_title":"Checkliste zur Unternehmensgr\u00fcndung: Word-Vorlage downloaden","og_description":"Unsere Checkliste zur Unternehmensgr\u00fcndung bietet Ihnen als Gr\u00fcnder eine wertvolle Orientierung. Jetzt Word-Vorlage herunterladen!","og_url":"https:\/\/www.consultingcheck.com\/de\/ressource\/unternehmensgruendung\/","og_site_name":"consultingcheck","article_modified_time":"2024-06-18T10:41:34+00:00","twitter_card":"summary_large_image","twitter_misc":{"Gesch\u00e4tzte Lesezeit":"2\u00a0Minuten"},"schema":{"@context":"https:\/\/schema.org","@graph":[{"@type":"WebPage","@id":"https:\/\/www.consultingcheck.com\/de\/ressource\/unternehmensgruendung\/","url":"https:\/\/www.consultingcheck.com\/de\/ressource\/unternehmensgruendung\/","name":"Checkliste zur Unternehmensgr\u00fcndung: Word-Vorlage downloaden","isPartOf":{"@id":"https:\/\/www.consultingcheck.com\/de\/#website"},"datePublished":"2021-11-08T23:49:57+00:00","dateModified":"2024-06-18T10:41:34+00:00","description":"Unsere Checkliste zur Unternehmensgr\u00fcndung bietet Ihnen als Gr\u00fcnder eine wertvolle Orientierung. Jetzt Word-Vorlage herunterladen!","breadcrumb":{"@id":"https:\/\/www.consultingcheck.com\/de\/ressource\/unternehmensgruendung\/#breadcrumb"},"inLanguage":"de","potentialAction":[{"@type":"ReadAction","target":["https:\/\/www.consultingcheck.com\/de\/ressource\/unternehmensgruendung\/"]}]},{"@type":"BreadcrumbList","@id":"https:\/\/www.consultingcheck.com\/de\/ressource\/unternehmensgruendung\/#breadcrumb","itemListElement":[{"@type":"ListItem","position":1,"name":"Startseite","item":"https:\/\/www.consultingcheck.com\/de\/"},{"@type":"ListItem","position":2,"name":"Downloads, Anwendungen und Produkte","item":"https:\/\/www.consultingcheck.com\/de\/tools\/downloads-anwendungen-und-produkte\/"},{"@type":"ListItem","position":3,"name":"Checkliste zur Unternehmensgr\u00fcndung"}]},{"@type":"WebSite","@id":"https:\/\/www.consultingcheck.com\/de\/#website","url":"https:\/\/www.consultingcheck.com\/de\/","name":"consultingcheck","description":"Vernetzt gedacht. Entzaubert. Hands-on.","potentialAction":[{"@type":"SearchAction","target":{"@type":"EntryPoint","urlTemplate":"https:\/\/www.consultingcheck.com\/de\/?s={search_term_string}"},"query-input":{"@type":"PropertyValueSpecification","valueRequired":true,"valueName":"search_term_string"}}],"inLanguage":"de"}]}},"_links":{"self":[{"href":"https:\/\/www.consultingcheck.com\/de\/wp-json\/wp\/v2\/product\/1755","targetHints":{"allow":["GET"]}}],"collection":[{"href":"https:\/\/www.consultingcheck.com\/de\/wp-json\/wp\/v2\/product"}],"about":[{"href":"https:\/\/www.consultingcheck.com\/de\/wp-json\/wp\/v2\/types\/product"}],"wp:attachment":[{"href":"https:\/\/www.consultingcheck.com\/de\/wp-json\/wp\/v2\/media?parent=1755"}],"wp:term":[{"taxonomy":"product_brand","embeddable":true,"href":"https:\/\/www.consultingcheck.com\/de\/wp-json\/wp\/v2\/product_brand?post=1755"},{"taxonomy":"product_cat","embeddable":true,"href":"https:\/\/www.consultingcheck.com\/de\/wp-json\/wp\/v2\/product_cat?post=1755"},{"taxonomy":"product_tag","embeddable":true,"href":"https:\/\/www.consultingcheck.com\/de\/wp-json\/wp\/v2\/product_tag?post=1755"},{"taxonomy":"jask_topic_categories","embeddable":true,"href":"https:\/\/www.consultingcheck.com\/de\/wp-json\/wp\/v2\/jask_topic_categories?post=1755"}],"curies":[{"name":"wp","href":"https:\/\/api.w.org\/{rel}","templated":true}]}}