{"id":1746,"date":"2021-11-09T00:49:55","date_gmt":"2021-11-08T23:49:55","guid":{"rendered":"https:\/\/www.consultingcheck.com\/?post_type=product&#038;p=1746"},"modified":"2024-06-18T13:40:47","modified_gmt":"2024-06-18T11:40:47","slug":"finanzplanung-ms-excel","status":"publish","type":"product","link":"https:\/\/www.consultingcheck.com\/de\/ressource\/finanzplanung-ms-excel\/","title":{"rendered":"Anwendung zur Finanzplanung"},"content":{"rendered":"<h3>Inhalt<\/h3>\n<p>Hier erhalten Sie Zugang zu einer komplett vorverformelten Excel-Datei f\u00fcr eine integrierte Finanzplanung Ihres Unternehmens.\u00a0 Die Datei enth\u00e4lt mehrere miteinander verkn\u00fcpfte Arbeitsbl\u00e4tter. Tragen Sie einfach die Werte Ihrer Planung in die Arbeitsbl\u00e4tter ein. Achten Sie aber bitte darauf, dass Sie die in einigen Zellen hinterlegten Formeln nicht \u00fcberschreiben.<\/p>\n<p>Mit dieser durchdachten Grundlage k\u00f6nnen Sie auf schl\u00fcssige Weise Ihre eigene Plan-Gewinn- und Verlustrechnung, Ihre Planbilanz und Ihre Liquidit\u00e4tsplanung erstellen.<\/p>\n<p>Die Tabellen sind so aufbereitet, dass Sie sie in einen erl\u00e4uternden Businessplan einf\u00fcgen k\u00f6nnen.<\/p>\n<p>&nbsp;<\/p>\n<h3>Vorteile<\/h3>\n<ul>\n<li>Sie k\u00f6nnen eine integrierte Finanzplanung erstellen, ohne sich mit den Hintergr\u00fcnden und Abh\u00e4ngigkeiten von Werten besch\u00e4ftigen zu m\u00fcssen.<\/li>\n<li>Sie sparen viel viel Zeit in der Vorbereitung, weil Sie auf eine bereits vorverformelte Basis aufbauen k\u00f6nnen.<\/li>\n<li>Ihre Finanzplanung wird in Form und Aussagekraft den Erwartung von Gesch\u00e4ftsbanken entsprechen.<\/li>\n<li>Sie erhalten eine offene Excel-Datei, die Sie selbstverst\u00e4ndlich auch an die Besonderheiten Ihres Unternehmens anpassen k\u00f6nnen.<\/li>\n<li>Sie k\u00f6nnen die Anwendung beliebig oft nutzen. Sollte etwas verloren gehen, laden Sie sich die Anwendung einfach noch einmal herunter.<\/li>\n<\/ul>\n<p>&nbsp;<\/p>\n<h3><strong>Digitaler Download<\/strong><\/h3>\n<p>Nach der Bestellung erhalten Sie einen Download-Link zur Anwendung, die Sie sofort nutzen k\u00f6nnen.<\/p>\n<p>Sie k\u00f6nnen die Anwendung so oft nutzen, wie Sie m\u00f6gen.<\/p>\n<p>Bitte beachten Sie, dass die Anwendung, zu der Sie den Zugang erwerben, ausschlie\u00dflich f\u00fcr Ihren pers\u00f6nlichen Gebrauch bestimmt sind. Es ist untersagt, sie in jeglicher Form und in jeglicher digitaler oder physischer Weise weiterzuverkaufen oder sie ohne meine Erlaubnis in einer physischen oder Online-Ver\u00f6ffentlichung zu ver\u00f6ffentlichen. Ich bin der einzige Copyright-Inhaber dieser Datei.<\/p>\n<p>Link zur Anwendung: Excel-Datei<\/p>\n","protected":false},"excerpt":{"rendered":"<h2><strong>Excel-Anwendung zur integrierten Finanzplanung f\u00fcr Unternehmen herunterladen!<\/strong><\/h2>\n","protected":false},"featured_media":20096,"template":"","meta":{"_links_to":"","_links_to_target":""},"product_brand":[],"product_cat":[1231,597,1225,1229],"product_tag":[],"jask_topic_categories":[1216,1217,1220,104,107,105,141,145,146,147,150,165,166,167,168,234,169,235,345,343,346,347,341,385,409,410,386,387,388,392,393,394,395,396,397,398,389,390,391,401,402,403,404,406,407,408,413,415,418,416,421,422,432,446,447,463,473,478,477,492,493,490],"class_list":{"0":"post-1746","1":"product","2":"type-product","3":"status-publish","4":"has-post-thumbnail","6":"product_cat-finanz","7":"product_cat-formblatt","8":"product_cat-gruendung","9":"product_cat-unternehmenstransaktionen","10":"jask_topic_categories-finanz","11":"jask_topic_categories-gruendung","12":"jask_topic_categories-management","13":"jask_topic_categories-vertrieb","14":"jask_topic_categories-preisgestaltung-pricing","15":"jask_topic_categories-vertriebsstrategie","16":"jask_topic_categories-ertragssteigerung","17":"jask_topic_categories-kostenoptimierung-zur-ertragssteigerung","18":"jask_topic_categories-kostensenkung-durch-abgestimmte-zusammenarbeit","19":"jask_topic_categories-kostensenkung-in-der-beschaffung","20":"jask_topic_categories-kostensenkung-in-der-fertigung","21":"jask_topic_categories-strukturkosten","22":"jask_topic_categories-personalkosten-im-overhead-einer-organisation","23":"jask_topic_categories-sachliche-strukturkosten","24":"jask_topic_categories-stabilisierung","25":"jask_topic_categories-entscheidungen","26":"jask_topic_categories-ganzheitlicher-vernetzter-ansatz","27":"jask_topic_categories-nachhaltigkeit","28":"jask_topic_categories-risikomanagement","29":"jask_topic_categories-businessplan","30":"jask_topic_categories-strategic-risk-self-assessment-srsa","31":"jask_topic_categories-operative-risk-self-assessment-orsa","32":"jask_topic_categories-controlling-und-risikomanagement","33":"jask_topic_categories-finanzierung","34":"jask_topic_categories-finanzinvestment-durch-private-equity-gesellschaften","35":"jask_topic_categories-strategische-unternehmensbeteiligung","36":"jask_topic_categories-innenfinanzierung","37":"jask_topic_categories-working-capital-optimierung","38":"jask_topic_categories-lagerbestandsoptimierung","39":"jask_topic_categories-straffes-forderungsmanagement","40":"jask_topic_categories-kuerzere-zahlungsziele-fuer-kunden","41":"jask_topic_categories-abbau-nicht-betriebsnotwendiger-vermoegenswerte","42":"jask_topic_categories-finanzierung-ueber-kreditoren","43":"jask_topic_categories-sale-and-lease-back","44":"jask_topic_categories-mietkauf","45":"jask_topic_categories-asset-based-kredite","46":"jask_topic_categories-abbau-von-fertigwarenbestaenden","47":"jask_topic_categories-abbau-von-halbfertigwarenbestaenden","48":"jask_topic_categories-abbau-von-vormaterialbestaenden","49":"jask_topic_categories-kontokorrentlinie","50":"jask_topic_categories-stundung-von-verbindlichkeiten-aus-ll","51":"jask_topic_categories-restrukturierungs-sanierungsdarlehen","52":"jask_topic_categories-klassische-zwischenfinanzierung","53":"jask_topic_categories-langfristiger-bankkredit","54":"jask_topic_categories-mezzanine-finanzierung","55":"jask_topic_categories-beteiligung","56":"jask_topic_categories-ermittlung-der-bonitaet","57":"jask_topic_categories-krise-und-sanierung","58":"jask_topic_categories-sinnvolle-kostensenkung-in-der-krise","59":"jask_topic_categories-ertragssteigerung-in-der-krise","60":"jask_topic_categories-turnaround-management","61":"jask_topic_categories-massgeschneiderte-sanierungskonzepte","62":"jask_topic_categories-personalabbau","63":"jask_topic_categories-unternehmensverkauf-kauf-unternehmensgruendung","64":"jask_topic_categories-unternehmensbewertung","65":"jask_topic_categories-unternehmensverkauf","66":"jask_topic_categories-unternehmenskauf","67":"jask_topic_categories-financial-due-diligence","68":"jask_topic_categories-due-diligence","69":"jask_topic_categories-businessplan-unternehmensgruendung","70":"jask_topic_categories-gruendungsfinanzierung","71":"jask_topic_categories-unternehmensgruendung","73":"first","74":"instock","75":"downloadable","76":"virtual","77":"sold-individually","78":"taxable","79":"purchasable","80":"product-type-simple"},"yoast_head":"<!-- This site is optimized with the Yoast SEO plugin v27.3 - https:\/\/yoast.com\/product\/yoast-seo-wordpress\/ -->\n<title>Anwendung zur Finanzplanung: Excel-Vorlage kaufen!<\/title>\n<meta name=\"description\" content=\"Komplett vorverformelte Excel-Datei f\u00fcr eine integrierte Finanzplanung Ihres Unternehmens. Jetzt bei consultingcheck herunterladen!\" \/>\n<meta name=\"robots\" content=\"index, follow, max-snippet:-1, max-image-preview:large, max-video-preview:-1\" \/>\n<link rel=\"canonical\" href=\"https:\/\/www.consultingcheck.com\/de\/ressource\/finanzplanung-ms-excel\/\" \/>\n<meta property=\"og:locale\" content=\"de_DE\" \/>\n<meta property=\"og:type\" content=\"article\" \/>\n<meta property=\"og:title\" content=\"Anwendung zur Finanzplanung: Excel-Vorlage kaufen!\" \/>\n<meta property=\"og:description\" content=\"Komplett vorverformelte Excel-Datei f\u00fcr eine integrierte Finanzplanung Ihres Unternehmens. Jetzt bei consultingcheck herunterladen!\" \/>\n<meta property=\"og:url\" content=\"https:\/\/www.consultingcheck.com\/de\/ressource\/finanzplanung-ms-excel\/\" \/>\n<meta property=\"og:site_name\" content=\"consultingcheck\" \/>\n<meta property=\"article:modified_time\" content=\"2024-06-18T11:40:47+00:00\" \/>\n<meta property=\"og:image\" content=\"https:\/\/www.consultingcheck.com\/wp-content\/uploads\/2021\/11\/finanzplanung-ms-excel.jpg\" \/>\n\t<meta property=\"og:image:width\" content=\"1000\" \/>\n\t<meta property=\"og:image:height\" content=\"679\" \/>\n\t<meta property=\"og:image:type\" content=\"image\/jpeg\" \/>\n<meta name=\"twitter:card\" content=\"summary_large_image\" \/>\n<meta name=\"twitter:label1\" content=\"Gesch\u00e4tzte Lesezeit\" \/>\n\t<meta name=\"twitter:data1\" content=\"2\u00a0Minuten\" \/>\n<script type=\"application\/ld+json\" class=\"yoast-schema-graph\">{\"@context\":\"https:\\\/\\\/schema.org\",\"@graph\":[{\"@type\":\"WebPage\",\"@id\":\"https:\\\/\\\/www.consultingcheck.com\\\/de\\\/ressource\\\/finanzplanung-ms-excel\\\/\",\"url\":\"https:\\\/\\\/www.consultingcheck.com\\\/de\\\/ressource\\\/finanzplanung-ms-excel\\\/\",\"name\":\"Anwendung zur Finanzplanung: Excel-Vorlage kaufen!\",\"isPartOf\":{\"@id\":\"https:\\\/\\\/www.consultingcheck.com\\\/de\\\/#website\"},\"primaryImageOfPage\":{\"@id\":\"https:\\\/\\\/www.consultingcheck.com\\\/de\\\/ressource\\\/finanzplanung-ms-excel\\\/#primaryimage\"},\"image\":{\"@id\":\"https:\\\/\\\/www.consultingcheck.com\\\/de\\\/ressource\\\/finanzplanung-ms-excel\\\/#primaryimage\"},\"thumbnailUrl\":\"https:\\\/\\\/www.consultingcheck.com\\\/wp-content\\\/uploads\\\/2021\\\/11\\\/finanzplanung-ms-excel.jpg\",\"datePublished\":\"2021-11-08T23:49:55+00:00\",\"dateModified\":\"2024-06-18T11:40:47+00:00\",\"description\":\"Komplett vorverformelte Excel-Datei f\u00fcr eine integrierte Finanzplanung Ihres Unternehmens. Jetzt bei consultingcheck herunterladen!\",\"breadcrumb\":{\"@id\":\"https:\\\/\\\/www.consultingcheck.com\\\/de\\\/ressource\\\/finanzplanung-ms-excel\\\/#breadcrumb\"},\"inLanguage\":\"de\",\"potentialAction\":[{\"@type\":\"ReadAction\",\"target\":[\"https:\\\/\\\/www.consultingcheck.com\\\/de\\\/ressource\\\/finanzplanung-ms-excel\\\/\"]}]},{\"@type\":\"ImageObject\",\"inLanguage\":\"de\",\"@id\":\"https:\\\/\\\/www.consultingcheck.com\\\/de\\\/ressource\\\/finanzplanung-ms-excel\\\/#primaryimage\",\"url\":\"https:\\\/\\\/www.consultingcheck.com\\\/wp-content\\\/uploads\\\/2021\\\/11\\\/finanzplanung-ms-excel.jpg\",\"contentUrl\":\"https:\\\/\\\/www.consultingcheck.com\\\/wp-content\\\/uploads\\\/2021\\\/11\\\/finanzplanung-ms-excel.jpg\",\"width\":1000,\"height\":679,\"caption\":\"Ein Screenshot der Excel-Anwendung zur Finanzplanung.\"},{\"@type\":\"BreadcrumbList\",\"@id\":\"https:\\\/\\\/www.consultingcheck.com\\\/de\\\/ressource\\\/finanzplanung-ms-excel\\\/#breadcrumb\",\"itemListElement\":[{\"@type\":\"ListItem\",\"position\":1,\"name\":\"Startseite\",\"item\":\"https:\\\/\\\/www.consultingcheck.com\\\/de\\\/\"},{\"@type\":\"ListItem\",\"position\":2,\"name\":\"Downloads, Anwendungen und Produkte\",\"item\":\"https:\\\/\\\/www.consultingcheck.com\\\/de\\\/tools\\\/downloads-anwendungen-und-produkte\\\/\"},{\"@type\":\"ListItem\",\"position\":3,\"name\":\"Anwendung zur Finanzplanung\"}]},{\"@type\":\"WebSite\",\"@id\":\"https:\\\/\\\/www.consultingcheck.com\\\/de\\\/#website\",\"url\":\"https:\\\/\\\/www.consultingcheck.com\\\/de\\\/\",\"name\":\"consultingcheck\",\"description\":\"Vernetzt gedacht. Entzaubert. Hands-on.\",\"potentialAction\":[{\"@type\":\"SearchAction\",\"target\":{\"@type\":\"EntryPoint\",\"urlTemplate\":\"https:\\\/\\\/www.consultingcheck.com\\\/de\\\/?s={search_term_string}\"},\"query-input\":{\"@type\":\"PropertyValueSpecification\",\"valueRequired\":true,\"valueName\":\"search_term_string\"}}],\"inLanguage\":\"de\"}]}<\/script>\n<!-- \/ Yoast SEO plugin. -->","yoast_head_json":{"title":"Anwendung zur Finanzplanung: Excel-Vorlage kaufen!","description":"Komplett vorverformelte Excel-Datei f\u00fcr eine integrierte Finanzplanung Ihres Unternehmens. Jetzt bei consultingcheck herunterladen!","robots":{"index":"index","follow":"follow","max-snippet":"max-snippet:-1","max-image-preview":"max-image-preview:large","max-video-preview":"max-video-preview:-1"},"canonical":"https:\/\/www.consultingcheck.com\/de\/ressource\/finanzplanung-ms-excel\/","og_locale":"de_DE","og_type":"article","og_title":"Anwendung zur Finanzplanung: Excel-Vorlage kaufen!","og_description":"Komplett vorverformelte Excel-Datei f\u00fcr eine integrierte Finanzplanung Ihres Unternehmens. Jetzt bei consultingcheck herunterladen!","og_url":"https:\/\/www.consultingcheck.com\/de\/ressource\/finanzplanung-ms-excel\/","og_site_name":"consultingcheck","article_modified_time":"2024-06-18T11:40:47+00:00","og_image":[{"width":1000,"height":679,"url":"https:\/\/www.consultingcheck.com\/wp-content\/uploads\/2021\/11\/finanzplanung-ms-excel.jpg","type":"image\/jpeg"}],"twitter_card":"summary_large_image","twitter_misc":{"Gesch\u00e4tzte Lesezeit":"2\u00a0Minuten"},"schema":{"@context":"https:\/\/schema.org","@graph":[{"@type":"WebPage","@id":"https:\/\/www.consultingcheck.com\/de\/ressource\/finanzplanung-ms-excel\/","url":"https:\/\/www.consultingcheck.com\/de\/ressource\/finanzplanung-ms-excel\/","name":"Anwendung zur Finanzplanung: Excel-Vorlage kaufen!","isPartOf":{"@id":"https:\/\/www.consultingcheck.com\/de\/#website"},"primaryImageOfPage":{"@id":"https:\/\/www.consultingcheck.com\/de\/ressource\/finanzplanung-ms-excel\/#primaryimage"},"image":{"@id":"https:\/\/www.consultingcheck.com\/de\/ressource\/finanzplanung-ms-excel\/#primaryimage"},"thumbnailUrl":"https:\/\/www.consultingcheck.com\/wp-content\/uploads\/2021\/11\/finanzplanung-ms-excel.jpg","datePublished":"2021-11-08T23:49:55+00:00","dateModified":"2024-06-18T11:40:47+00:00","description":"Komplett vorverformelte Excel-Datei f\u00fcr eine integrierte Finanzplanung Ihres Unternehmens. Jetzt bei consultingcheck herunterladen!","breadcrumb":{"@id":"https:\/\/www.consultingcheck.com\/de\/ressource\/finanzplanung-ms-excel\/#breadcrumb"},"inLanguage":"de","potentialAction":[{"@type":"ReadAction","target":["https:\/\/www.consultingcheck.com\/de\/ressource\/finanzplanung-ms-excel\/"]}]},{"@type":"ImageObject","inLanguage":"de","@id":"https:\/\/www.consultingcheck.com\/de\/ressource\/finanzplanung-ms-excel\/#primaryimage","url":"https:\/\/www.consultingcheck.com\/wp-content\/uploads\/2021\/11\/finanzplanung-ms-excel.jpg","contentUrl":"https:\/\/www.consultingcheck.com\/wp-content\/uploads\/2021\/11\/finanzplanung-ms-excel.jpg","width":1000,"height":679,"caption":"Ein Screenshot der Excel-Anwendung zur Finanzplanung."},{"@type":"BreadcrumbList","@id":"https:\/\/www.consultingcheck.com\/de\/ressource\/finanzplanung-ms-excel\/#breadcrumb","itemListElement":[{"@type":"ListItem","position":1,"name":"Startseite","item":"https:\/\/www.consultingcheck.com\/de\/"},{"@type":"ListItem","position":2,"name":"Downloads, Anwendungen und Produkte","item":"https:\/\/www.consultingcheck.com\/de\/tools\/downloads-anwendungen-und-produkte\/"},{"@type":"ListItem","position":3,"name":"Anwendung zur Finanzplanung"}]},{"@type":"WebSite","@id":"https:\/\/www.consultingcheck.com\/de\/#website","url":"https:\/\/www.consultingcheck.com\/de\/","name":"consultingcheck","description":"Vernetzt gedacht. Entzaubert. Hands-on.","potentialAction":[{"@type":"SearchAction","target":{"@type":"EntryPoint","urlTemplate":"https:\/\/www.consultingcheck.com\/de\/?s={search_term_string}"},"query-input":{"@type":"PropertyValueSpecification","valueRequired":true,"valueName":"search_term_string"}}],"inLanguage":"de"}]}},"_links":{"self":[{"href":"https:\/\/www.consultingcheck.com\/de\/wp-json\/wp\/v2\/product\/1746","targetHints":{"allow":["GET"]}}],"collection":[{"href":"https:\/\/www.consultingcheck.com\/de\/wp-json\/wp\/v2\/product"}],"about":[{"href":"https:\/\/www.consultingcheck.com\/de\/wp-json\/wp\/v2\/types\/product"}],"wp:featuredmedia":[{"embeddable":true,"href":"https:\/\/www.consultingcheck.com\/de\/wp-json\/wp\/v2\/media\/20096"}],"wp:attachment":[{"href":"https:\/\/www.consultingcheck.com\/de\/wp-json\/wp\/v2\/media?parent=1746"}],"wp:term":[{"taxonomy":"product_brand","embeddable":true,"href":"https:\/\/www.consultingcheck.com\/de\/wp-json\/wp\/v2\/product_brand?post=1746"},{"taxonomy":"product_cat","embeddable":true,"href":"https:\/\/www.consultingcheck.com\/de\/wp-json\/wp\/v2\/product_cat?post=1746"},{"taxonomy":"product_tag","embeddable":true,"href":"https:\/\/www.consultingcheck.com\/de\/wp-json\/wp\/v2\/product_tag?post=1746"},{"taxonomy":"jask_topic_categories","embeddable":true,"href":"https:\/\/www.consultingcheck.com\/de\/wp-json\/wp\/v2\/jask_topic_categories?post=1746"}],"curies":[{"name":"wp","href":"https:\/\/api.w.org\/{rel}","templated":true}]}}