{"id":1741,"date":"2021-11-09T00:49:55","date_gmt":"2021-11-08T23:49:55","guid":{"rendered":"https:\/\/www.consultingcheck.com\/ressource\/ddim-readiness-for-project-management\/"},"modified":"2024-06-18T13:39:39","modified_gmt":"2024-06-18T11:39:39","slug":"ddim-readiness-for-project-management","status":"publish","type":"product","link":"https:\/\/www.consultingcheck.com\/de\/ressource\/ddim-readiness-for-project-management\/","title":{"rendered":"Quick-Check: DDIM &#8222;Readiness for Project Management&#8220;"},"content":{"rendered":"<h3>Inhalte<\/h3>\n<p>In unserer dynamischen Wirtschaft wird Projektarbeit immer wichtiger. In vielen Unternehmen nimmt die Projektarbeit schon einen erheblichen Anteil der Gesamtt\u00e4tigkeiten ein. Projektarbeit ist etwas ganz anderes als Arbeiten in der Linie. Projektarbeit stellt Anforderungen an die F\u00fchrung, an die Organisation und an die IT. Um zu erfahren, wie gut Ihre Organisation auf die Herausforderungen vorbereitet ist, die Projektarbeit mit sich bringt, machen Sie diesen Quick-Check \u201eReadiness for Project-Management\u201c, den die DDIM-Fachgruppe \u201eProjekt- und Programm-Management\u201c entwickelt hat. Hier gelangen Sie zu dem pragmatisch angelegten Quick-Check. Nach Ihrer Teilnahme am Quick-Check erhalten Sie unmittelbar ein qualifiziertes Feedback von einem Mitglied der Fachgruppe.<\/p>\n<p>&nbsp;<\/p>\n<h3>Vorteile<\/h3>\n<ul>\n<li>Sie erfahren unmittelbar, ob Ihre Organisation ihren Anforderungen an Projektmanagement gerecht wird.<\/li>\n<li>Sie erhalten qualifiziertes Feedback, ob m\u00f6gliche Schwachstellen gezielt ausr\u00e4umen zu k\u00f6nnen.<\/li>\n<\/ul>\n<p>&nbsp;<\/p>\n<h3>Digitaler Download<\/h3>\n<p>Nach der Bestellung erhalten Sie einen Download-Link zum Quick-Check, den Sie sofort ausf\u00fchren k\u00f6nnen.<\/p>\n<p>Bitte beachten Sie, dass dieser Quick-Check, zu dem Sie den Zugang erwerben, ausschlie\u00dflich f\u00fcr Ihren pers\u00f6nlichen Gebrauch bestimmt sind. Es ist untersagt, die Folien in jeglicher Form und in jeglicher digitaler oder physischer Weise weiterzuverkaufen oder ihn ohne meine Erlaubnis in einer physischen oder Online-Ver\u00f6ffentlichung zu ver\u00f6ffentlichen. Ich bin der einzige Copyright-Inhaber dieser Datei.<\/p>\n<p>Link zum Download: Zugang zum Quick-Check<\/p>\n","protected":false},"excerpt":{"rendered":"<h2>Ist Ihre Organisation f\u00fcr die Anforderungen an das Projektmanagement ger\u00fcstet? Machen Sie jetzt den Quick-Check!<\/h2>\n","protected":false},"featured_media":0,"template":"","meta":{"_links_to":"","_links_to_target":""},"product_brand":[],"product_cat":[598,1227],"product_tag":[],"jask_topic_categories":[1220,127,133,126,1644,150,159,168,210,211,234,170,169,327,332,333,256,253,280,334,338,335,336,337,351,341,415,418,416],"class_list":{"0":"post-1741","1":"product","2":"type-product","3":"status-publish","5":"product_cat-web-basierte-anwendung","6":"product_cat-management","7":"jask_topic_categories-management","8":"jask_topic_categories-prozessoptimierung","9":"jask_topic_categories-fertigungsplanung","10":"jask_topic_categories-durchsatz","11":"jask_topic_categories-logistik-als-service-und-kostentreiber","12":"jask_topic_categories-kostensenkung-in-der-fertigung","13":"jask_topic_categories-standortstrategie","14":"jask_topic_categories-stabilisierung","15":"jask_topic_categories-produktmanagement","16":"jask_topic_categories-produktentwicklung","17":"jask_topic_categories-entscheidungen","18":"jask_topic_categories-umgang-mit-komplexitaet","19":"jask_topic_categories-ganzheitlicher-vernetzter-ansatz","20":"jask_topic_categories-agiles-arbeiten","21":"jask_topic_categories-change-management","22":"jask_topic_categories-projektmanagement","23":"jask_topic_categories-fuehren-von-geschaeften","24":"jask_topic_categories-leadership","25":"jask_topic_categories-umgang-mit-zielen","26":"jask_topic_categories-methoden-des-projektmanagements","27":"jask_topic_categories-qualifikationen-fuer-projektmanagement","28":"jask_topic_categories-klassisches-projektmanagement","29":"jask_topic_categories-agiles-projektmanagement-mit-scrum","30":"jask_topic_categories-hybrides-projektmanagement","31":"jask_topic_categories-erp-systemwechsel","32":"jask_topic_categories-controlling-und-risikomanagement","33":"jask_topic_categories-krise-und-sanierung","34":"jask_topic_categories-sinnvolle-kostensenkung-in-der-krise","35":"jask_topic_categories-ertragssteigerung-in-der-krise","37":"first","38":"instock","39":"virtual","40":"sold-individually","41":"taxable","42":"purchasable","43":"product-type-simple"},"yoast_head":"<!-- This site is optimized with the Yoast SEO plugin v27.3 - https:\/\/yoast.com\/product\/yoast-seo-wordpress\/ -->\n<title>Quick-Check \u201eReadiness for Project Management\u201c: Zugang kaufen!<\/title>\n<meta name=\"description\" content=\"Ist Ihr Unternehmen bereit f\u00fcr richtiges Projektmanagement? Machen Sie jetzt den Quick-Check der DDIM \u201eReadiness for Project Management\u201c!\" \/>\n<meta name=\"robots\" content=\"index, follow, max-snippet:-1, max-image-preview:large, max-video-preview:-1\" \/>\n<link rel=\"canonical\" href=\"https:\/\/www.consultingcheck.com\/de\/ressource\/ddim-readiness-for-project-management\/\" \/>\n<meta property=\"og:locale\" content=\"de_DE\" \/>\n<meta property=\"og:type\" content=\"article\" \/>\n<meta property=\"og:title\" content=\"Quick-Check \u201eReadiness for Project Management\u201c: Zugang kaufen!\" \/>\n<meta property=\"og:description\" content=\"Ist Ihr Unternehmen bereit f\u00fcr richtiges Projektmanagement? Machen Sie jetzt den Quick-Check der DDIM \u201eReadiness for Project Management\u201c!\" \/>\n<meta property=\"og:url\" content=\"https:\/\/www.consultingcheck.com\/de\/ressource\/ddim-readiness-for-project-management\/\" \/>\n<meta property=\"og:site_name\" content=\"consultingcheck\" \/>\n<meta property=\"article:modified_time\" content=\"2024-06-18T11:39:39+00:00\" \/>\n<meta name=\"twitter:card\" content=\"summary_large_image\" \/>\n<meta name=\"twitter:label1\" content=\"Gesch\u00e4tzte Lesezeit\" \/>\n\t<meta name=\"twitter:data1\" content=\"2\u00a0Minuten\" \/>\n<script type=\"application\/ld+json\" class=\"yoast-schema-graph\">{\"@context\":\"https:\\\/\\\/schema.org\",\"@graph\":[{\"@type\":\"WebPage\",\"@id\":\"https:\\\/\\\/www.consultingcheck.com\\\/de\\\/ressource\\\/ddim-readiness-for-project-management\\\/\",\"url\":\"https:\\\/\\\/www.consultingcheck.com\\\/de\\\/ressource\\\/ddim-readiness-for-project-management\\\/\",\"name\":\"Quick-Check \u201eReadiness for Project Management\u201c: Zugang kaufen!\",\"isPartOf\":{\"@id\":\"https:\\\/\\\/www.consultingcheck.com\\\/de\\\/#website\"},\"datePublished\":\"2021-11-08T23:49:55+00:00\",\"dateModified\":\"2024-06-18T11:39:39+00:00\",\"description\":\"Ist Ihr Unternehmen bereit f\u00fcr richtiges Projektmanagement? Machen Sie jetzt den Quick-Check der DDIM \u201eReadiness for Project Management\u201c!\",\"breadcrumb\":{\"@id\":\"https:\\\/\\\/www.consultingcheck.com\\\/de\\\/ressource\\\/ddim-readiness-for-project-management\\\/#breadcrumb\"},\"inLanguage\":\"de\",\"potentialAction\":[{\"@type\":\"ReadAction\",\"target\":[\"https:\\\/\\\/www.consultingcheck.com\\\/de\\\/ressource\\\/ddim-readiness-for-project-management\\\/\"]}]},{\"@type\":\"BreadcrumbList\",\"@id\":\"https:\\\/\\\/www.consultingcheck.com\\\/de\\\/ressource\\\/ddim-readiness-for-project-management\\\/#breadcrumb\",\"itemListElement\":[{\"@type\":\"ListItem\",\"position\":1,\"name\":\"Startseite\",\"item\":\"https:\\\/\\\/www.consultingcheck.com\\\/de\\\/\"},{\"@type\":\"ListItem\",\"position\":2,\"name\":\"Downloads, Anwendungen und Produkte\",\"item\":\"https:\\\/\\\/www.consultingcheck.com\\\/de\\\/tools\\\/downloads-anwendungen-und-produkte\\\/\"},{\"@type\":\"ListItem\",\"position\":3,\"name\":\"Quick-Check: DDIM &#8222;Readiness for Project Management&#8220;\"}]},{\"@type\":\"WebSite\",\"@id\":\"https:\\\/\\\/www.consultingcheck.com\\\/de\\\/#website\",\"url\":\"https:\\\/\\\/www.consultingcheck.com\\\/de\\\/\",\"name\":\"consultingcheck\",\"description\":\"Vernetzt gedacht. Entzaubert. Hands-on.\",\"potentialAction\":[{\"@type\":\"SearchAction\",\"target\":{\"@type\":\"EntryPoint\",\"urlTemplate\":\"https:\\\/\\\/www.consultingcheck.com\\\/de\\\/?s={search_term_string}\"},\"query-input\":{\"@type\":\"PropertyValueSpecification\",\"valueRequired\":true,\"valueName\":\"search_term_string\"}}],\"inLanguage\":\"de\"}]}<\/script>\n<!-- \/ Yoast SEO plugin. -->","yoast_head_json":{"title":"Quick-Check \u201eReadiness for Project Management\u201c: Zugang kaufen!","description":"Ist Ihr Unternehmen bereit f\u00fcr richtiges Projektmanagement? Machen Sie jetzt den Quick-Check der DDIM \u201eReadiness for Project Management\u201c!","robots":{"index":"index","follow":"follow","max-snippet":"max-snippet:-1","max-image-preview":"max-image-preview:large","max-video-preview":"max-video-preview:-1"},"canonical":"https:\/\/www.consultingcheck.com\/de\/ressource\/ddim-readiness-for-project-management\/","og_locale":"de_DE","og_type":"article","og_title":"Quick-Check \u201eReadiness for Project Management\u201c: Zugang kaufen!","og_description":"Ist Ihr Unternehmen bereit f\u00fcr richtiges Projektmanagement? Machen Sie jetzt den Quick-Check der DDIM \u201eReadiness for Project Management\u201c!","og_url":"https:\/\/www.consultingcheck.com\/de\/ressource\/ddim-readiness-for-project-management\/","og_site_name":"consultingcheck","article_modified_time":"2024-06-18T11:39:39+00:00","twitter_card":"summary_large_image","twitter_misc":{"Gesch\u00e4tzte Lesezeit":"2\u00a0Minuten"},"schema":{"@context":"https:\/\/schema.org","@graph":[{"@type":"WebPage","@id":"https:\/\/www.consultingcheck.com\/de\/ressource\/ddim-readiness-for-project-management\/","url":"https:\/\/www.consultingcheck.com\/de\/ressource\/ddim-readiness-for-project-management\/","name":"Quick-Check \u201eReadiness for Project Management\u201c: Zugang kaufen!","isPartOf":{"@id":"https:\/\/www.consultingcheck.com\/de\/#website"},"datePublished":"2021-11-08T23:49:55+00:00","dateModified":"2024-06-18T11:39:39+00:00","description":"Ist Ihr Unternehmen bereit f\u00fcr richtiges Projektmanagement? Machen Sie jetzt den Quick-Check der DDIM \u201eReadiness for Project Management\u201c!","breadcrumb":{"@id":"https:\/\/www.consultingcheck.com\/de\/ressource\/ddim-readiness-for-project-management\/#breadcrumb"},"inLanguage":"de","potentialAction":[{"@type":"ReadAction","target":["https:\/\/www.consultingcheck.com\/de\/ressource\/ddim-readiness-for-project-management\/"]}]},{"@type":"BreadcrumbList","@id":"https:\/\/www.consultingcheck.com\/de\/ressource\/ddim-readiness-for-project-management\/#breadcrumb","itemListElement":[{"@type":"ListItem","position":1,"name":"Startseite","item":"https:\/\/www.consultingcheck.com\/de\/"},{"@type":"ListItem","position":2,"name":"Downloads, Anwendungen und Produkte","item":"https:\/\/www.consultingcheck.com\/de\/tools\/downloads-anwendungen-und-produkte\/"},{"@type":"ListItem","position":3,"name":"Quick-Check: DDIM &#8222;Readiness for Project Management&#8220;"}]},{"@type":"WebSite","@id":"https:\/\/www.consultingcheck.com\/de\/#website","url":"https:\/\/www.consultingcheck.com\/de\/","name":"consultingcheck","description":"Vernetzt gedacht. Entzaubert. Hands-on.","potentialAction":[{"@type":"SearchAction","target":{"@type":"EntryPoint","urlTemplate":"https:\/\/www.consultingcheck.com\/de\/?s={search_term_string}"},"query-input":{"@type":"PropertyValueSpecification","valueRequired":true,"valueName":"search_term_string"}}],"inLanguage":"de"}]}},"_links":{"self":[{"href":"https:\/\/www.consultingcheck.com\/de\/wp-json\/wp\/v2\/product\/1741","targetHints":{"allow":["GET"]}}],"collection":[{"href":"https:\/\/www.consultingcheck.com\/de\/wp-json\/wp\/v2\/product"}],"about":[{"href":"https:\/\/www.consultingcheck.com\/de\/wp-json\/wp\/v2\/types\/product"}],"wp:attachment":[{"href":"https:\/\/www.consultingcheck.com\/de\/wp-json\/wp\/v2\/media?parent=1741"}],"wp:term":[{"taxonomy":"product_brand","embeddable":true,"href":"https:\/\/www.consultingcheck.com\/de\/wp-json\/wp\/v2\/product_brand?post=1741"},{"taxonomy":"product_cat","embeddable":true,"href":"https:\/\/www.consultingcheck.com\/de\/wp-json\/wp\/v2\/product_cat?post=1741"},{"taxonomy":"product_tag","embeddable":true,"href":"https:\/\/www.consultingcheck.com\/de\/wp-json\/wp\/v2\/product_tag?post=1741"},{"taxonomy":"jask_topic_categories","embeddable":true,"href":"https:\/\/www.consultingcheck.com\/de\/wp-json\/wp\/v2\/jask_topic_categories?post=1741"}],"curies":[{"name":"wp","href":"https:\/\/api.w.org\/{rel}","templated":true}]}}