{"id":1740,"date":"2021-11-09T00:49:55","date_gmt":"2021-11-08T23:49:55","guid":{"rendered":"https:\/\/www.consultingcheck.com\/ressource\/systemscan\/"},"modified":"2024-06-18T13:37:51","modified_gmt":"2024-06-18T11:37:51","slug":"systemscan","status":"publish","type":"product","link":"https:\/\/www.consultingcheck.com\/de\/ressource\/systemscan\/","title":{"rendered":"Web-basierte Self-Assessment-Anwendung &#8222;SystemScan&#8220;"},"content":{"rendered":"<h3>Inhalte<\/h3>\n<p>Die meisten Unternehmen werden anhand betriebswirtschaftlicher Kennzahlen gef\u00fchrt, die Ergebnisse aus einzelnen betrieblichen Bereichen erfassen und konsolidieren. Unternehmen funktionieren aber anders. Als soziale Systeme sind Unternehmen das Ergebnis ihrer Kommunikation. Das Management an Schnittstellen sowohl im Unternehmen als auch zu seinem Umfeld entscheidet \u00fcber die (emergenten) F\u00e4higkeiten von Unternehmen, insbesondere \u00fcber seine Anschlussf\u00e4higkeit und damit seine Resilienz.<\/p>\n<p>W\u00e4hrend erreichte Finanzzahlen die Vergangenheit abbilden, lohnt sich deshalb ein erg\u00e4nzender Blick aus systemischer Perspektive auf Unternehmen.<\/p>\n<p>Hier erhalten Sie Zugang zu \u201eSystemScan\u201c, einer innovativen Self-Assessment-Anwendung, mit der Sie und Ihre Mitarbeiter auf unerschlossenes Potenzial zur Stabilisierung Ihres Unternehmens hingewiesen werden. Sie erhalten unmittelbar Empfehlungen, wie Sie Ihr Unternehmen (noch) zukunftsf\u00e4higer aufstellen k\u00f6nnen.<\/p>\n<p>Die Ergebnisse und Handlungsempfehlungen werden in einem etwa 50-60 Seiten umfassenden Bericht anschaulich zusammengestellt.<\/p>\n<p>Diese Brosch\u00fcre beschreibt den Sinn, den Nutzen und die Vorgehensweise von SystemScan: <a href=\"https:\/\/www.consultingcheck.com\/wp-content\/uploads\/2021\/11\/bc-Systemscan-Broschuere_2021.pdf\">bc-Systemscan-Broschuere_2021<\/a>.<\/p>\n<p>Setzen Sie sich bitte mit Dr. Werner Boysen in Verbindung, um mehr \u00fcber SystemScan zu erfahren und um SystemScan zu starten.<\/p>\n<p>Eine Veranschaulichung der Hintergr\u00fcnde zu SystemScan k\u00f6nnen Sie <a href=\"https:\/\/www.youtube.com\/watch?v=PhQFKvbUbMg\" target=\"_blank\" rel=\"noopener\">diesem<\/a> Video entnehmen.<\/p>\n<h3>Vorteile<\/h3>\n<ul>\n<li>Mit SystemScan erhalten Sie eine Aussage dar\u00fcber, wie gut Ihr Unternehmen in sein wirtschaftliches Umfeld eingebettet ist.<\/li>\n<li>Sie erfahren, wie flexibel Ihre Organisation reagieren kann und wie effektiv sie sich an ver\u00e4nderliche Rahmenbedingungen anpassen kann und wie agil sie handeln kann.<\/li>\n<li>Sie lernen \u00fcber die Auspr\u00e4gung der Innovationsf\u00e4higkeit Ihres Unternehmens.<\/li>\n<li>Sie erfahren, wie gut die Prozesse in Ihrem Unternehmen abgestimmt sind und wie sinnvoll Ressourcen aus systemischer Sicht eingesetzt werden.<\/li>\n<li>Sie erhalten einen Nutzen, der \u00e4quivalent zu 10 Beratertagen ist.<\/li>\n<\/ul>\n<p>&nbsp;<\/p>\n<h3>Einladung zur Teilnahme<\/h3>\n<p>Nach der Bestellung erhalten Sie eine Einladung zur Teilnahme an der Self-Assessment-Anwendung, die Sie sofort ausf\u00fchren k\u00f6nnen. Sie k\u00f6nnen die Anwendung einmal nutzen.<\/p>\n<p>Bitte beachten Sie, dass diese Anwendung, zu der Sie den Zugang erwerben, ausschlie\u00dflich f\u00fcr Ihren pers\u00f6nlichen Gebrauch bestimmt sind. Es ist untersagt, die Anwendung in jeglicher Form und in jeglicher digitaler oder physischer Weise weiterzuverkaufen oder sie ohne meine Erlaubnis in einer physischen oder Online-Ver\u00f6ffentlichung zu ver\u00f6ffentlichen. Ich bin der einzige Copyright-Inhaber dieser Datei.<\/p>\n<p>Link zur Anwendung: Einladung zur Teilnahme<\/p>\n","protected":false},"excerpt":{"rendered":"<h2>Wie gut ist Ihr Unternehmen aus systemischer Sicht aufgestellt? Gewinnen Sie wertvolle Erkenntnisse mit dem SystemScan!<\/h2>\n","protected":false},"featured_media":0,"template":"","meta":{"_links_to":"","_links_to_target":""},"product_brand":[],"product_cat":[594,598,1227],"product_tag":[],"jask_topic_categories":[108,127,126,128,129,130,131,168,219,229,231,176,169,173,241,246,251,327,256,253,288,342,345,365,381,384,417,421,423,447,463,473,477],"class_list":{"0":"post-1740","1":"product","2":"type-product","3":"status-publish","5":"product_cat-leadership","6":"product_cat-web-basierte-anwendung","7":"product_cat-management","8":"jask_topic_categories-wachstum","9":"jask_topic_categories-prozessoptimierung","10":"jask_topic_categories-durchsatz","11":"jask_topic_categories-schnittstellen-in-prozessen","12":"jask_topic_categories-feedback-schleifen-in-prozessen","13":"jask_topic_categories-verknuepfung-von-prozessen-miteinander","14":"jask_topic_categories-koordination-und-entwicklungsfaehigkeit-in-die-prozesse-legen","15":"jask_topic_categories-stabilisierung","16":"jask_topic_categories-flexibilisierung","17":"jask_topic_categories-wie-funktionieren-regelsysteme","18":"jask_topic_categories-regelkreise-mit-stabilisierender-wirkung","19":"jask_topic_categories-systemgerechtes-management-als-schluessel-zu-nachhaltigem-erfolg","20":"jask_topic_categories-ganzheitlicher-vernetzter-ansatz","21":"jask_topic_categories-komplexe-sachverhalte","22":"jask_topic_categories-grenzen-des-wachstums","23":"jask_topic_categories-umsetzung-nachhaltigen-wirtschaftens","24":"jask_topic_categories-prozesse","25":"jask_topic_categories-agiles-arbeiten","26":"jask_topic_categories-fuehren-von-geschaeften","27":"jask_topic_categories-leadership","28":"jask_topic_categories-verstaendnis-fuer-das-zusammenspiel-der-kraefte","29":"jask_topic_categories-ganzheitliches-controlling","30":"jask_topic_categories-risikomanagement","31":"jask_topic_categories-organisationsstruktur","32":"jask_topic_categories-kooperation-und-vernetzung","33":"jask_topic_categories-zusammenarbeit-mit-betriebsraeten","34":"jask_topic_categories-ganzheitliche-ertragssteigerung-in-der-krise","35":"jask_topic_categories-turnaround-management","36":"jask_topic_categories-sanierungskonzept-mit-fortfuehrungsprognose-nach-idw-s6","37":"jask_topic_categories-unternehmensbewertung","38":"jask_topic_categories-unternehmensverkauf","39":"jask_topic_categories-unternehmenskauf","40":"jask_topic_categories-due-diligence","42":"first","43":"instock","44":"virtual","45":"taxable","46":"purchasable","47":"product-type-simple"},"yoast_head":"<!-- This site is optimized with the Yoast SEO plugin v27.3 - https:\/\/yoast.com\/product\/yoast-seo-wordpress\/ -->\n<title>Web-basierte Self-Assessment-Anwendung \u201eSystemScan\u201c<\/title>\n<meta name=\"description\" content=\"Unerschlossenes Potenzial zur Stabilisierung Ihres Unternehmens entdecken: Das gelingt Ihnen mit der Web-Anwendung \u201eSystemScan\u201c. Jetzt Zugang kaufen!\" \/>\n<meta name=\"robots\" content=\"index, follow, max-snippet:-1, max-image-preview:large, max-video-preview:-1\" \/>\n<link rel=\"canonical\" href=\"https:\/\/www.consultingcheck.com\/de\/ressource\/systemscan\/\" \/>\n<meta property=\"og:locale\" content=\"de_DE\" \/>\n<meta property=\"og:type\" content=\"article\" \/>\n<meta property=\"og:title\" content=\"Web-basierte Self-Assessment-Anwendung \u201eSystemScan\u201c\" \/>\n<meta property=\"og:description\" content=\"Unerschlossenes Potenzial zur Stabilisierung Ihres Unternehmens entdecken: Das gelingt Ihnen mit der Web-Anwendung \u201eSystemScan\u201c. Jetzt Zugang kaufen!\" \/>\n<meta property=\"og:url\" content=\"https:\/\/www.consultingcheck.com\/de\/ressource\/systemscan\/\" \/>\n<meta property=\"og:site_name\" content=\"consultingcheck\" \/>\n<meta property=\"article:modified_time\" content=\"2024-06-18T11:37:51+00:00\" \/>\n<meta name=\"twitter:card\" content=\"summary_large_image\" \/>\n<meta name=\"twitter:label1\" content=\"Gesch\u00e4tzte Lesezeit\" \/>\n\t<meta name=\"twitter:data1\" content=\"2\u00a0Minuten\" \/>\n<script type=\"application\/ld+json\" class=\"yoast-schema-graph\">{\"@context\":\"https:\\\/\\\/schema.org\",\"@graph\":[{\"@type\":\"WebPage\",\"@id\":\"https:\\\/\\\/www.consultingcheck.com\\\/de\\\/ressource\\\/systemscan\\\/\",\"url\":\"https:\\\/\\\/www.consultingcheck.com\\\/de\\\/ressource\\\/systemscan\\\/\",\"name\":\"Web-basierte Self-Assessment-Anwendung \u201eSystemScan\u201c\",\"isPartOf\":{\"@id\":\"https:\\\/\\\/www.consultingcheck.com\\\/de\\\/#website\"},\"datePublished\":\"2021-11-08T23:49:55+00:00\",\"dateModified\":\"2024-06-18T11:37:51+00:00\",\"description\":\"Unerschlossenes Potenzial zur Stabilisierung Ihres Unternehmens entdecken: Das gelingt Ihnen mit der Web-Anwendung \u201eSystemScan\u201c. Jetzt Zugang kaufen!\",\"breadcrumb\":{\"@id\":\"https:\\\/\\\/www.consultingcheck.com\\\/de\\\/ressource\\\/systemscan\\\/#breadcrumb\"},\"inLanguage\":\"de\",\"potentialAction\":[{\"@type\":\"ReadAction\",\"target\":[\"https:\\\/\\\/www.consultingcheck.com\\\/de\\\/ressource\\\/systemscan\\\/\"]}]},{\"@type\":\"BreadcrumbList\",\"@id\":\"https:\\\/\\\/www.consultingcheck.com\\\/de\\\/ressource\\\/systemscan\\\/#breadcrumb\",\"itemListElement\":[{\"@type\":\"ListItem\",\"position\":1,\"name\":\"Startseite\",\"item\":\"https:\\\/\\\/www.consultingcheck.com\\\/de\\\/\"},{\"@type\":\"ListItem\",\"position\":2,\"name\":\"Downloads, Anwendungen und Produkte\",\"item\":\"https:\\\/\\\/www.consultingcheck.com\\\/de\\\/tools\\\/downloads-anwendungen-und-produkte\\\/\"},{\"@type\":\"ListItem\",\"position\":3,\"name\":\"Web-basierte Self-Assessment-Anwendung &#8222;SystemScan&#8220;\"}]},{\"@type\":\"WebSite\",\"@id\":\"https:\\\/\\\/www.consultingcheck.com\\\/de\\\/#website\",\"url\":\"https:\\\/\\\/www.consultingcheck.com\\\/de\\\/\",\"name\":\"consultingcheck\",\"description\":\"Vernetzt gedacht. Entzaubert. Hands-on.\",\"potentialAction\":[{\"@type\":\"SearchAction\",\"target\":{\"@type\":\"EntryPoint\",\"urlTemplate\":\"https:\\\/\\\/www.consultingcheck.com\\\/de\\\/?s={search_term_string}\"},\"query-input\":{\"@type\":\"PropertyValueSpecification\",\"valueRequired\":true,\"valueName\":\"search_term_string\"}}],\"inLanguage\":\"de\"}]}<\/script>\n<!-- \/ Yoast SEO plugin. -->","yoast_head_json":{"title":"Web-basierte Self-Assessment-Anwendung \u201eSystemScan\u201c","description":"Unerschlossenes Potenzial zur Stabilisierung Ihres Unternehmens entdecken: Das gelingt Ihnen mit der Web-Anwendung \u201eSystemScan\u201c. Jetzt Zugang kaufen!","robots":{"index":"index","follow":"follow","max-snippet":"max-snippet:-1","max-image-preview":"max-image-preview:large","max-video-preview":"max-video-preview:-1"},"canonical":"https:\/\/www.consultingcheck.com\/de\/ressource\/systemscan\/","og_locale":"de_DE","og_type":"article","og_title":"Web-basierte Self-Assessment-Anwendung \u201eSystemScan\u201c","og_description":"Unerschlossenes Potenzial zur Stabilisierung Ihres Unternehmens entdecken: Das gelingt Ihnen mit der Web-Anwendung \u201eSystemScan\u201c. Jetzt Zugang kaufen!","og_url":"https:\/\/www.consultingcheck.com\/de\/ressource\/systemscan\/","og_site_name":"consultingcheck","article_modified_time":"2024-06-18T11:37:51+00:00","twitter_card":"summary_large_image","twitter_misc":{"Gesch\u00e4tzte Lesezeit":"2\u00a0Minuten"},"schema":{"@context":"https:\/\/schema.org","@graph":[{"@type":"WebPage","@id":"https:\/\/www.consultingcheck.com\/de\/ressource\/systemscan\/","url":"https:\/\/www.consultingcheck.com\/de\/ressource\/systemscan\/","name":"Web-basierte Self-Assessment-Anwendung \u201eSystemScan\u201c","isPartOf":{"@id":"https:\/\/www.consultingcheck.com\/de\/#website"},"datePublished":"2021-11-08T23:49:55+00:00","dateModified":"2024-06-18T11:37:51+00:00","description":"Unerschlossenes Potenzial zur Stabilisierung Ihres Unternehmens entdecken: Das gelingt Ihnen mit der Web-Anwendung \u201eSystemScan\u201c. Jetzt Zugang kaufen!","breadcrumb":{"@id":"https:\/\/www.consultingcheck.com\/de\/ressource\/systemscan\/#breadcrumb"},"inLanguage":"de","potentialAction":[{"@type":"ReadAction","target":["https:\/\/www.consultingcheck.com\/de\/ressource\/systemscan\/"]}]},{"@type":"BreadcrumbList","@id":"https:\/\/www.consultingcheck.com\/de\/ressource\/systemscan\/#breadcrumb","itemListElement":[{"@type":"ListItem","position":1,"name":"Startseite","item":"https:\/\/www.consultingcheck.com\/de\/"},{"@type":"ListItem","position":2,"name":"Downloads, Anwendungen und Produkte","item":"https:\/\/www.consultingcheck.com\/de\/tools\/downloads-anwendungen-und-produkte\/"},{"@type":"ListItem","position":3,"name":"Web-basierte Self-Assessment-Anwendung &#8222;SystemScan&#8220;"}]},{"@type":"WebSite","@id":"https:\/\/www.consultingcheck.com\/de\/#website","url":"https:\/\/www.consultingcheck.com\/de\/","name":"consultingcheck","description":"Vernetzt gedacht. Entzaubert. Hands-on.","potentialAction":[{"@type":"SearchAction","target":{"@type":"EntryPoint","urlTemplate":"https:\/\/www.consultingcheck.com\/de\/?s={search_term_string}"},"query-input":{"@type":"PropertyValueSpecification","valueRequired":true,"valueName":"search_term_string"}}],"inLanguage":"de"}]}},"_links":{"self":[{"href":"https:\/\/www.consultingcheck.com\/de\/wp-json\/wp\/v2\/product\/1740","targetHints":{"allow":["GET"]}}],"collection":[{"href":"https:\/\/www.consultingcheck.com\/de\/wp-json\/wp\/v2\/product"}],"about":[{"href":"https:\/\/www.consultingcheck.com\/de\/wp-json\/wp\/v2\/types\/product"}],"wp:attachment":[{"href":"https:\/\/www.consultingcheck.com\/de\/wp-json\/wp\/v2\/media?parent=1740"}],"wp:term":[{"taxonomy":"product_brand","embeddable":true,"href":"https:\/\/www.consultingcheck.com\/de\/wp-json\/wp\/v2\/product_brand?post=1740"},{"taxonomy":"product_cat","embeddable":true,"href":"https:\/\/www.consultingcheck.com\/de\/wp-json\/wp\/v2\/product_cat?post=1740"},{"taxonomy":"product_tag","embeddable":true,"href":"https:\/\/www.consultingcheck.com\/de\/wp-json\/wp\/v2\/product_tag?post=1740"},{"taxonomy":"jask_topic_categories","embeddable":true,"href":"https:\/\/www.consultingcheck.com\/de\/wp-json\/wp\/v2\/jask_topic_categories?post=1740"}],"curies":[{"name":"wp","href":"https:\/\/api.w.org\/{rel}","templated":true}]}}