{"id":1739,"date":"2021-11-09T00:49:55","date_gmt":"2021-11-08T23:49:55","guid":{"rendered":"https:\/\/www.consultingcheck.com\/ressource\/managementkybernetik\/"},"modified":"2024-06-18T13:36:26","modified_gmt":"2024-06-18T11:36:26","slug":"managementkybernetik","status":"publish","type":"product","link":"https:\/\/www.consultingcheck.com\/de\/ressource\/managementkybernetik\/","title":{"rendered":"Whitepaper &#8222;Management-Kybernetik&#8220;"},"content":{"rendered":"<h3>Inhalte<\/h3>\n<p>Unternehmen sind soziale Systeme, die wiederum in gr\u00f6\u00dfere soziale Systeme, die M\u00e4rkte und die Gesellschaft, eingebettet sind. Und jede Abteilung und jeder Mitarbeiter ist ebenfalls ein soziales System f\u00fcr sich. Statt vorrangig auf Abteilungsgrenzen zu sehen, empfiehlt es sich, den Fokus auf die Prozesse in und zwischen diesen sozialen Systemen zu zu richten.<\/p>\n<p>Dieses 9-seitige Whitepaper \u00fcber Management-Kybernetik zeigt konkrete Ma\u00dfnahmen auf, mit denen Unternehmen systemgerechter wirken k\u00f6nnen.<\/p>\n<p>&nbsp;<\/p>\n<h3>Vorteile<\/h3>\n<ul>\n<li>Sie erhalten eine Einf\u00fchrung in das Verhalten von Systemen und die M\u00f6glichkeiten, dieses Verhalten zu beeinflussen.<\/li>\n<li>Sie erhalten konkrete Handlungsempfehlungen f\u00fcr ein systemgerechtes Management, die Sie unmittelbar in Ihrem Unternehmen einf\u00fchren k\u00f6nnen.<\/li>\n<li>Dadurch senken Sie Reibungen und machen Ihr Unternehmen erfolgreicher und resilienter.<\/li>\n<\/ul>\n<p>&nbsp;<\/p>\n<h3>Digitaler Download<\/h3>\n<p>Nach der Bestellung erhalten Sie einen Download-Link zum Whitepaper, das Sie sofort nutzen k\u00f6nnen.<\/p>\n<p>Bitte beachten Sie, dass dieses Whitepaper, zu dem Sie den Zugang erwerben, ausschlie\u00dflich f\u00fcr Ihren pers\u00f6nlichen Gebrauch bestimmt sind. Es ist untersagt, das Whitepaper in jeglicher Form und in jeglicher digitaler oder physischer Weise weiterzuverkaufen oder es ohne meine Erlaubnis in einer physischen oder Online-Ver\u00f6ffentlichung zu ver\u00f6ffentlichen. Ich bin der einzige Copyright-Inhaber dieser Datei.<\/p>\n<p>Link zum Download: pdf-Dokument<\/p>\n","protected":false},"excerpt":{"rendered":"<h2>Lernen Sie die Prinzipien der Systemtheorie kennen und nutzen Sie sie f\u00fcr Ihr Management!<\/h2>\n","protected":false},"featured_media":20204,"template":"","meta":{"_links_to":"","_links_to_target":""},"product_brand":[],"product_cat":[594,602,1227],"product_tag":[],"jask_topic_categories":[1220,115,127,126,146,150,148,149,1669,154,155,156,226,176,170,169,171,172,173,174,235,240,1664,1666,251,266,333,250,284,354,341,348,365,452,491,490,494],"class_list":{"0":"post-1739","1":"product","2":"type-product","3":"status-publish","4":"has-post-thumbnail","6":"product_cat-leadership","7":"product_cat-whitepaper","8":"product_cat-management","9":"jask_topic_categories-management","10":"jask_topic_categories-vertriebsorganisation","11":"jask_topic_categories-prozessoptimierung","12":"jask_topic_categories-durchsatz","13":"jask_topic_categories-kostensenkung-durch-abgestimmte-zusammenarbeit","14":"jask_topic_categories-kostensenkung-in-der-fertigung","15":"jask_topic_categories-organisation-der-beschaffung","16":"jask_topic_categories-methoden-fuer-die-beschaffung","17":"jask_topic_categories-digitale-technologien-zur-prozessoptimierung","18":"jask_topic_categories-optimierung-des-fertigungsprozesses","19":"jask_topic_categories-lean-management","20":"jask_topic_categories-wertstromanalyse-und-kanban","21":"jask_topic_categories-agilisierung-zur-laufenden-anpassung","22":"jask_topic_categories-systemgerechtes-management-als-schluessel-zu-nachhaltigem-erfolg","23":"jask_topic_categories-umgang-mit-komplexitaet","24":"jask_topic_categories-ganzheitlicher-vernetzter-ansatz","25":"jask_topic_categories-einfache-sachverhalte","26":"jask_topic_categories-komplizierte-sachverhalte","27":"jask_topic_categories-komplexe-sachverhalte","28":"jask_topic_categories-chaotische-sachverhalte","29":"jask_topic_categories-nachhaltigkeit","30":"jask_topic_categories-nachhaltig-wirtschaften","31":"jask_topic_categories-kreislaufwirtschaft","32":"jask_topic_categories-nachhaltigkeit-und-wirtschaften","33":"jask_topic_categories-prozesse","34":"jask_topic_categories-aussenfuehrung","35":"jask_topic_categories-projektmanagement","36":"jask_topic_categories-zusammenarbeit","37":"jask_topic_categories-entscheidungen-aussenfuehrung","38":"jask_topic_categories-anwendung-kuenstlicher-intelligenz","39":"jask_topic_categories-controlling-und-risikomanagement","40":"jask_topic_categories-it-transformation-und-digitalisierung","41":"jask_topic_categories-organisationsstruktur","42":"jask_topic_categories-unternehmensrisiko","43":"jask_topic_categories-basisfragen","44":"jask_topic_categories-unternehmensgruendung","45":"jask_topic_categories-visionen-geschaeftsmodelle-und-strategien","47":"first","48":"instock","49":"sold-individually","50":"taxable","51":"shipping-taxable","52":"purchasable","53":"product-type-variable"},"yoast_head":"<!-- This site is optimized with the Yoast SEO plugin v27.5 - https:\/\/yoast.com\/product\/yoast-seo-wordpress\/ -->\n<title>Management-Kybernetik: jetzt Whitepaper downloaden!<\/title>\n<meta name=\"description\" content=\"Das 9-seitige Whitepaper \u00fcber Management-Kybernetik zeigt Ihnen Ma\u00dfnahmen auf, mit denen Unternehmen systemgerechter wirken k\u00f6nnen.\" \/>\n<meta name=\"robots\" content=\"index, follow, max-snippet:-1, max-image-preview:large, max-video-preview:-1\" \/>\n<link rel=\"canonical\" href=\"https:\/\/www.consultingcheck.com\/de\/ressource\/managementkybernetik\/\" \/>\n<meta property=\"og:locale\" content=\"de_DE\" \/>\n<meta property=\"og:type\" content=\"article\" \/>\n<meta property=\"og:title\" content=\"Management-Kybernetik: jetzt Whitepaper downloaden!\" \/>\n<meta property=\"og:description\" content=\"Das 9-seitige Whitepaper \u00fcber Management-Kybernetik zeigt Ihnen Ma\u00dfnahmen auf, mit denen Unternehmen systemgerechter wirken k\u00f6nnen.\" \/>\n<meta property=\"og:url\" content=\"https:\/\/www.consultingcheck.com\/de\/ressource\/managementkybernetik\/\" \/>\n<meta property=\"og:site_name\" content=\"consultingcheck\" \/>\n<meta property=\"article:modified_time\" content=\"2024-06-18T11:36:26+00:00\" \/>\n<meta property=\"og:image\" content=\"https:\/\/www.consultingcheck.com\/wp-content\/uploads\/2021\/11\/managementkybernetik.jpg\" \/>\n\t<meta property=\"og:image:width\" content=\"1000\" \/>\n\t<meta property=\"og:image:height\" content=\"679\" \/>\n\t<meta property=\"og:image:type\" content=\"image\/jpeg\" \/>\n<meta name=\"twitter:card\" content=\"summary_large_image\" \/>\n<meta name=\"twitter:label1\" content=\"Gesch\u00e4tzte Lesezeit\" \/>\n\t<meta name=\"twitter:data1\" content=\"2\u00a0Minuten\" \/>\n<script type=\"application\/ld+json\" class=\"yoast-schema-graph\">{\"@context\":\"https:\\\/\\\/schema.org\",\"@graph\":[{\"@type\":\"WebPage\",\"@id\":\"https:\\\/\\\/www.consultingcheck.com\\\/de\\\/ressource\\\/managementkybernetik\\\/\",\"url\":\"https:\\\/\\\/www.consultingcheck.com\\\/de\\\/ressource\\\/managementkybernetik\\\/\",\"name\":\"Management-Kybernetik: jetzt Whitepaper downloaden!\",\"isPartOf\":{\"@id\":\"https:\\\/\\\/www.consultingcheck.com\\\/de\\\/#website\"},\"primaryImageOfPage\":{\"@id\":\"https:\\\/\\\/www.consultingcheck.com\\\/de\\\/ressource\\\/managementkybernetik\\\/#primaryimage\"},\"image\":{\"@id\":\"https:\\\/\\\/www.consultingcheck.com\\\/de\\\/ressource\\\/managementkybernetik\\\/#primaryimage\"},\"thumbnailUrl\":\"https:\\\/\\\/www.consultingcheck.com\\\/wp-content\\\/uploads\\\/2021\\\/11\\\/managementkybernetik.jpg\",\"datePublished\":\"2021-11-08T23:49:55+00:00\",\"dateModified\":\"2024-06-18T11:36:26+00:00\",\"description\":\"Das 9-seitige Whitepaper \u00fcber Management-Kybernetik zeigt Ihnen Ma\u00dfnahmen auf, mit denen Unternehmen systemgerechter wirken k\u00f6nnen.\",\"breadcrumb\":{\"@id\":\"https:\\\/\\\/www.consultingcheck.com\\\/de\\\/ressource\\\/managementkybernetik\\\/#breadcrumb\"},\"inLanguage\":\"de\",\"potentialAction\":[{\"@type\":\"ReadAction\",\"target\":[\"https:\\\/\\\/www.consultingcheck.com\\\/de\\\/ressource\\\/managementkybernetik\\\/\"]}]},{\"@type\":\"ImageObject\",\"inLanguage\":\"de\",\"@id\":\"https:\\\/\\\/www.consultingcheck.com\\\/de\\\/ressource\\\/managementkybernetik\\\/#primaryimage\",\"url\":\"https:\\\/\\\/www.consultingcheck.com\\\/wp-content\\\/uploads\\\/2021\\\/11\\\/managementkybernetik.jpg\",\"contentUrl\":\"https:\\\/\\\/www.consultingcheck.com\\\/wp-content\\\/uploads\\\/2021\\\/11\\\/managementkybernetik.jpg\",\"width\":1000,\"height\":679,\"caption\":\"Ein Screenshot des Whitepapers Management-Kybernetik.\"},{\"@type\":\"BreadcrumbList\",\"@id\":\"https:\\\/\\\/www.consultingcheck.com\\\/de\\\/ressource\\\/managementkybernetik\\\/#breadcrumb\",\"itemListElement\":[{\"@type\":\"ListItem\",\"position\":1,\"name\":\"Startseite\",\"item\":\"https:\\\/\\\/www.consultingcheck.com\\\/de\\\/\"},{\"@type\":\"ListItem\",\"position\":2,\"name\":\"Downloads, Anwendungen und Produkte\",\"item\":\"https:\\\/\\\/www.consultingcheck.com\\\/de\\\/tools\\\/downloads-anwendungen-und-produkte\\\/\"},{\"@type\":\"ListItem\",\"position\":3,\"name\":\"Whitepaper &#8222;Management-Kybernetik&#8220;\"}]},{\"@type\":\"WebSite\",\"@id\":\"https:\\\/\\\/www.consultingcheck.com\\\/de\\\/#website\",\"url\":\"https:\\\/\\\/www.consultingcheck.com\\\/de\\\/\",\"name\":\"consultingcheck\",\"description\":\"Vernetzt gedacht. Entzaubert. Hands-on.\",\"potentialAction\":[{\"@type\":\"SearchAction\",\"target\":{\"@type\":\"EntryPoint\",\"urlTemplate\":\"https:\\\/\\\/www.consultingcheck.com\\\/de\\\/?s={search_term_string}\"},\"query-input\":{\"@type\":\"PropertyValueSpecification\",\"valueRequired\":true,\"valueName\":\"search_term_string\"}}],\"inLanguage\":\"de\"}]}<\/script>\n<!-- \/ Yoast SEO plugin. -->","yoast_head_json":{"title":"Management-Kybernetik: jetzt Whitepaper downloaden!","description":"Das 9-seitige Whitepaper \u00fcber Management-Kybernetik zeigt Ihnen Ma\u00dfnahmen auf, mit denen Unternehmen systemgerechter wirken k\u00f6nnen.","robots":{"index":"index","follow":"follow","max-snippet":"max-snippet:-1","max-image-preview":"max-image-preview:large","max-video-preview":"max-video-preview:-1"},"canonical":"https:\/\/www.consultingcheck.com\/de\/ressource\/managementkybernetik\/","og_locale":"de_DE","og_type":"article","og_title":"Management-Kybernetik: jetzt Whitepaper downloaden!","og_description":"Das 9-seitige Whitepaper \u00fcber Management-Kybernetik zeigt Ihnen Ma\u00dfnahmen auf, mit denen Unternehmen systemgerechter wirken k\u00f6nnen.","og_url":"https:\/\/www.consultingcheck.com\/de\/ressource\/managementkybernetik\/","og_site_name":"consultingcheck","article_modified_time":"2024-06-18T11:36:26+00:00","og_image":[{"width":1000,"height":679,"url":"https:\/\/www.consultingcheck.com\/wp-content\/uploads\/2021\/11\/managementkybernetik.jpg","type":"image\/jpeg"}],"twitter_card":"summary_large_image","twitter_misc":{"Gesch\u00e4tzte Lesezeit":"2\u00a0Minuten"},"schema":{"@context":"https:\/\/schema.org","@graph":[{"@type":"WebPage","@id":"https:\/\/www.consultingcheck.com\/de\/ressource\/managementkybernetik\/","url":"https:\/\/www.consultingcheck.com\/de\/ressource\/managementkybernetik\/","name":"Management-Kybernetik: jetzt Whitepaper downloaden!","isPartOf":{"@id":"https:\/\/www.consultingcheck.com\/de\/#website"},"primaryImageOfPage":{"@id":"https:\/\/www.consultingcheck.com\/de\/ressource\/managementkybernetik\/#primaryimage"},"image":{"@id":"https:\/\/www.consultingcheck.com\/de\/ressource\/managementkybernetik\/#primaryimage"},"thumbnailUrl":"https:\/\/www.consultingcheck.com\/wp-content\/uploads\/2021\/11\/managementkybernetik.jpg","datePublished":"2021-11-08T23:49:55+00:00","dateModified":"2024-06-18T11:36:26+00:00","description":"Das 9-seitige Whitepaper \u00fcber Management-Kybernetik zeigt Ihnen Ma\u00dfnahmen auf, mit denen Unternehmen systemgerechter wirken k\u00f6nnen.","breadcrumb":{"@id":"https:\/\/www.consultingcheck.com\/de\/ressource\/managementkybernetik\/#breadcrumb"},"inLanguage":"de","potentialAction":[{"@type":"ReadAction","target":["https:\/\/www.consultingcheck.com\/de\/ressource\/managementkybernetik\/"]}]},{"@type":"ImageObject","inLanguage":"de","@id":"https:\/\/www.consultingcheck.com\/de\/ressource\/managementkybernetik\/#primaryimage","url":"https:\/\/www.consultingcheck.com\/wp-content\/uploads\/2021\/11\/managementkybernetik.jpg","contentUrl":"https:\/\/www.consultingcheck.com\/wp-content\/uploads\/2021\/11\/managementkybernetik.jpg","width":1000,"height":679,"caption":"Ein Screenshot des Whitepapers Management-Kybernetik."},{"@type":"BreadcrumbList","@id":"https:\/\/www.consultingcheck.com\/de\/ressource\/managementkybernetik\/#breadcrumb","itemListElement":[{"@type":"ListItem","position":1,"name":"Startseite","item":"https:\/\/www.consultingcheck.com\/de\/"},{"@type":"ListItem","position":2,"name":"Downloads, Anwendungen und Produkte","item":"https:\/\/www.consultingcheck.com\/de\/tools\/downloads-anwendungen-und-produkte\/"},{"@type":"ListItem","position":3,"name":"Whitepaper &#8222;Management-Kybernetik&#8220;"}]},{"@type":"WebSite","@id":"https:\/\/www.consultingcheck.com\/de\/#website","url":"https:\/\/www.consultingcheck.com\/de\/","name":"consultingcheck","description":"Vernetzt gedacht. Entzaubert. Hands-on.","potentialAction":[{"@type":"SearchAction","target":{"@type":"EntryPoint","urlTemplate":"https:\/\/www.consultingcheck.com\/de\/?s={search_term_string}"},"query-input":{"@type":"PropertyValueSpecification","valueRequired":true,"valueName":"search_term_string"}}],"inLanguage":"de"}]}},"_links":{"self":[{"href":"https:\/\/www.consultingcheck.com\/de\/wp-json\/wp\/v2\/product\/1739","targetHints":{"allow":["GET"]}}],"collection":[{"href":"https:\/\/www.consultingcheck.com\/de\/wp-json\/wp\/v2\/product"}],"about":[{"href":"https:\/\/www.consultingcheck.com\/de\/wp-json\/wp\/v2\/types\/product"}],"wp:featuredmedia":[{"embeddable":true,"href":"https:\/\/www.consultingcheck.com\/de\/wp-json\/wp\/v2\/media\/20204"}],"wp:attachment":[{"href":"https:\/\/www.consultingcheck.com\/de\/wp-json\/wp\/v2\/media?parent=1739"}],"wp:term":[{"taxonomy":"product_brand","embeddable":true,"href":"https:\/\/www.consultingcheck.com\/de\/wp-json\/wp\/v2\/product_brand?post=1739"},{"taxonomy":"product_cat","embeddable":true,"href":"https:\/\/www.consultingcheck.com\/de\/wp-json\/wp\/v2\/product_cat?post=1739"},{"taxonomy":"product_tag","embeddable":true,"href":"https:\/\/www.consultingcheck.com\/de\/wp-json\/wp\/v2\/product_tag?post=1739"},{"taxonomy":"jask_topic_categories","embeddable":true,"href":"https:\/\/www.consultingcheck.com\/de\/wp-json\/wp\/v2\/jask_topic_categories?post=1739"}],"curies":[{"name":"wp","href":"https:\/\/api.w.org\/{rel}","templated":true}]}}